{"id":4119,"date":"2025-04-01T11:57:07","date_gmt":"2025-04-01T11:57:07","guid":{"rendered":"https:\/\/lindy.com\/fr\/?page_id=4119"},"modified":"2025-04-08T09:03:22","modified_gmt":"2025-04-08T09:03:22","slug":"csr-ma","status":"publish","type":"page","link":"https:\/\/lindy.com\/fr\/csr-ma\/","title":{"rendered":"CSR-MA"},"content":{"rendered":"\n<section id=\"inhalt\" class=\"wp-block-lindy-anchor-section section section--anchor\"><\/section>\n\n\n\n<section class=\"wp-block-lindy-image-text-module section section--full-width-image full-width-image--with-text theme--light section--animation-none align--left  font--size-medium width--half\" style=\"background-image:url()\"><img decoding=\"async\" class=\"full-width-image__image\" src=\"\"\/><div class=\"contained\"><div class=\"full-width-image__content\"><h2 class=\"section__heading\"><span>technologie de construction<\/span><\/h2><h2 class=\"section__subheading section__subheading__title\">durable<\/h2><p class=\"section__paragraph\"><br\/><br\/>\u00c0 notre si\u00e8ge de Mannheim, Lindy mise sur des solutions respectueuses de l&rsquo;environnement et de la soci\u00e9t\u00e9. Notre immeuble de bureaux moderne est \u00e9quip\u00e9 d&rsquo;une centrale de production combin\u00e9e de chaleur et d&rsquo;\u00e9lectricit\u00e9 (PCCE) et d&rsquo;un syst\u00e8me photovolta\u00efque (PV).<br\/><br\/><strong>\u2022 <a href=\"#bhkw\">CHP (Chaleur et \u00e9lectricit\u00e9 combin\u00e9es)<\/a><br\/>\u2022 <a href=\"#pv\">Photovolta\u00efque<\/a>          <br\/>\u2022 <a href=\"#e-mobil\">Stations de recharge<\/a><br\/>\u2022 <a href=\"#lebensraum\">Biodiversit\u00e9<\/a><\/strong><\/p><a href=\".\/CSR-FOA#environment\" class=\"button button--dark\" target=\"_self\" rel=\"noopener noreferrer\">retour<\/a><\/div><\/div><\/section>\n\n\n\n<section class=\"wp-block-lindy-image-text-module section section--full-width-image full-width-image--with-text theme--light section--animation-none align--left  font--size-medium width--half\" style=\"background-image:url(https:\/\/lindy.com\/de\/wp-content\/uploads\/sites\/3\/2024\/12\/Solar-Panels.png)\"><img decoding=\"async\" class=\"full-width-image__image\" src=\"https:\/\/lindy.com\/de\/wp-content\/uploads\/sites\/3\/2024\/12\/Solar-Panels.png\"\/><div class=\"contained\"><div class=\"full-width-image__content\"><\/div><\/div><\/section>\n\n\n\n<section id=\"bhkw\" class=\"wp-block-lindy-anchor-section section section--anchor\"><\/section>\n\n\n\n<section class=\"wp-block-lindy-image-text-module section section--full-width-image full-width-image--with-text theme--dark section--animation-none align--left  font--size-large width--half\" style=\"background-image:url(https:\/\/lindy.com\/de\/wp-content\/uploads\/sites\/3\/2024\/12\/BHKW-1.png)\"><img decoding=\"async\" class=\"full-width-image__image\" src=\"https:\/\/lindy.com\/de\/wp-content\/uploads\/sites\/3\/2024\/12\/BHKW-1.png\"\/><div class=\"contained\"><div class=\"full-width-image__content\"><\/div><\/div><\/section>\n\n\n\n<section class=\"wp-block-lindy-image-text-module section section--full-width-image full-width-image--with-text theme--light section--animation-none align--left  font--size-medium width--half\" style=\"background-image:url()\"><img decoding=\"async\" class=\"full-width-image__image\" src=\"\"\/><div class=\"contained\"><div class=\"full-width-image__content\"><h2 class=\"section__subheading section__subheading__title\">Connect\u00c9<\/h2><p class=\"section__paragraph\"><br\/><br\/>La centrale de production combin\u00e9e de chaleur et d&rsquo;\u00e9lectricit\u00e9 (PCCE) fonctionne selon le principe de la cog\u00e9n\u00e9ration, utilisant efficacement le gaz naturel pour produire de l&rsquo;\u00e9lectricit\u00e9 tout en r\u00e9utilisant la chaleur r\u00e9siduelle produite pour le chauffage des b\u00e2timents. Cela permet de r\u00e9duire les \u00e9missions de CO\u2082 d&rsquo;environ 30 % par rapport aux m\u00e9thodes conventionnelles de chauffage et de production d&rsquo;\u00e9lectricit\u00e9. \u00c0 elle seule, la cog\u00e9n\u00e9ration g\u00e9n\u00e8re d\u00e9j\u00e0 pr\u00e8s de 10 % d&rsquo;\u00e9nergie en plus de notre consommation annuelle moyenne. Avec notre syst\u00e8me photovolta\u00efque (voir section suivante), nous produisons un surplus d&rsquo;\u00e9nergie significatif.<br\/><br\/><br\/><\/p><a href=\"#inhalt\" class=\"button button--dark\" target=\"_self\" rel=\"noopener noreferrer\">Retour en haut de page<\/a><\/div><\/div><\/section>\n\n\n\n<section id=\"pv\" class=\"wp-block-lindy-anchor-section section section--anchor\"><\/section>\n\n\n\n<section class=\"wp-block-lindy-image-text-module section section--full-width-image full-width-image--with-text theme--light section--animation-none align--left  font--size-medium width--half\" style=\"background-image:url()\"><img decoding=\"async\" class=\"full-width-image__image\" src=\"\"\/><div class=\"contained\"><div class=\"full-width-image__content\"><h2 class=\"section__subheading section__subheading__title\">alimentation<\/h2><p class=\"section__paragraph\"><br\/><br\/><br\/><br\/>Le syst\u00e8me photovolta\u00efque install\u00e9 sur le toit en verre convertit l&rsquo;\u00e9nergie solaire en \u00e9lectricit\u00e9 \u00e9cologique. En moyenne, environ 55 % de nos besoins \u00e9nerg\u00e9tiques annuels sont couverts par le syst\u00e8me photovolta\u00efque. Combin\u00e9 \u00e0 la cog\u00e9n\u00e9ration, le syst\u00e8me photovolta\u00efque g\u00e9n\u00e8re un surplus \u00e9quivalant \u00e0 environ 63 % de notre consommation annuelle d&rsquo;\u00e9nergie, qui est inject\u00e9 dans le r\u00e9seau \u00e9lectrique. L&rsquo;installation couvre un peu moins de 22 % de la surface du toit de notre b\u00e2timent principal et g\u00e9n\u00e8re 55,3 kW<sub>c<\/sub>.<br\/><br\/><br\/><br\/><br\/><br\/><br\/><\/p><a href=\"#inhalt\" class=\"button button--dark\" target=\"_self\" rel=\"noopener noreferrer\">Retour en haut de page<\/a><\/div><\/div><\/section>\n\n\n\n<section class=\"wp-block-lindy-image-text-module section section--full-width-image full-width-image--with-text theme--light section--animation-none align--left  font--size-medium width--half\" style=\"background-image:url(https:\/\/lindy.com\/de\/wp-content\/uploads\/sites\/3\/2024\/12\/PV-MA.png)\"><img decoding=\"async\" class=\"full-width-image__image\" src=\"https:\/\/lindy.com\/de\/wp-content\/uploads\/sites\/3\/2024\/12\/PV-MA.png\"\/><div class=\"contained\"><div class=\"full-width-image__content\"><\/div><\/div><\/section>\n\n\n\n<section id=\"e-mobil\" class=\"wp-block-lindy-anchor-section section section--anchor\"><\/section>\n\n\n\n<section class=\"wp-block-lindy-image-text-module section section--full-width-image full-width-image--with-text theme--light section--animation-none align--left  font--size-medium width--half\" style=\"background-image:url(https:\/\/lindy.com\/de\/wp-content\/uploads\/sites\/3\/2024\/12\/E-Mobilitaet.png)\"><img decoding=\"async\" class=\"full-width-image__image\" src=\"https:\/\/lindy.com\/de\/wp-content\/uploads\/sites\/3\/2024\/12\/E-Mobilitaet.png\"\/><div class=\"contained\"><div class=\"full-width-image__content\"><\/div><\/div><\/section>\n\n\n\n<section class=\"wp-block-lindy-image-text-module section section--full-width-image full-width-image--with-text theme--dark section--animation-none align--left  font--size-medium width--half\" style=\"background-image:url()\"><img decoding=\"async\" class=\"full-width-image__image\" src=\"\"\/><div class=\"contained\"><div class=\"full-width-image__content\"><h2 class=\"section__subheading section__subheading__title\">MOBILIT\u00c9 \u00c9LECTRIQUE<\/h2><p class=\"section__paragraph\"><br\/><br\/><br\/>Nous encourageons l&rsquo;e-mobilit\u00e9 en installant des bornes de recharge pour les v\u00e9hicules \u00e9lectriques dans les locaux de notre entreprise.<br\/><br\/>Les employ\u00e9s de Lindy peuvent ainsi recharger leur v\u00e9hicule \u00e9lectrique sur place \u00e0 peu de frais. Une partie du parc automobile de Lindy a d\u00e9j\u00e0 \u00e9t\u00e9 convertie \u00e0 l&rsquo;e-mobilit\u00e9.<br\/><br\/><br\/><br\/><\/p><a href=\"#inhalt\" class=\"button button--white-transparent\" target=\"_self\" rel=\"noopener noreferrer\">Retour en haut de page<\/a><\/div><\/div><\/section>\n\n\n\n<section id=\"lebensraum\" class=\"wp-block-lindy-anchor-section section section--anchor\"><\/section>\n\n\n\n<section class=\"wp-block-lindy-image-text-module section section--full-width-image full-width-image--with-text theme--light section--animation-none align--left  font--size-medium width--half\" style=\"background-image:url()\"><img decoding=\"async\" class=\"full-width-image__image\" src=\"\"\/><div class=\"contained\"><div class=\"full-width-image__content\"><h2 class=\"section__subheading section__subheading__title\">Habitats<\/h2><p class=\"section__paragraph\"><br\/><br\/><br\/>Nos espaces verts contribuent \u00e0 la biodiversit\u00e9 gr\u00e2ce \u00e0 des prairies fleuries favorables aux insectes et \u00e0 des haies de lavande. Ils constituent un habitat pour la faune et la flore et favorisent la diversit\u00e9 des esp\u00e8ces.<br\/><br\/><br\/><br\/><\/p><a href=\"#inhalt\" class=\"button button--dark\" target=\"_self\" rel=\"noopener noreferrer\">retour en haut de page<\/a><\/div><\/div><\/section>\n\n\n\n<section class=\"wp-block-lindy-image-text-module section section--full-width-image full-width-image--with-text theme--light section--animation-none align--left  font--size-medium width--half\" style=\"background-image:url(https:\/\/lindy.com\/de\/wp-content\/uploads\/sites\/3\/2024\/12\/Insektenwiese.png)\"><img decoding=\"async\" class=\"full-width-image__image\" src=\"https:\/\/lindy.com\/de\/wp-content\/uploads\/sites\/3\/2024\/12\/Insektenwiese.png\"\/><div class=\"contained\"><div class=\"full-width-image__content\"><\/div><\/div><\/section>\n","protected":false},"excerpt":{"rendered":"","protected":false},"author":21,"featured_media":0,"parent":0,"menu_order":0,"comment_status":"closed","ping_status":"closed","template":"page-templates\/template-landing.php","meta":{"_acf_changed":false,"footnotes":""},"class_list":["post-4119","page","type-page","status-publish","hentry"],"acf":[],"yoast_head":"<!-- This site is optimized with the Yoast SEO plugin v26.6 - https:\/\/yoast.com\/wordpress\/plugins\/seo\/ -->\n<title>CSR-MA - Lindy - French<\/title>\n<meta name=\"robots\" content=\"index, follow, max-snippet:-1, max-image-preview:large, max-video-preview:-1\" \/>\n<link rel=\"canonical\" href=\"https:\/\/lindy.com\/fr\/csr-ma\/\" \/>\n<meta property=\"og:locale\" content=\"fr_FR\" \/>\n<meta property=\"og:type\" content=\"article\" \/>\n<meta property=\"og:title\" content=\"CSR-MA - Lindy - French\" \/>\n<meta property=\"og:url\" content=\"https:\/\/lindy.com\/fr\/csr-ma\/\" \/>\n<meta property=\"og:site_name\" content=\"Lindy - French\" \/>\n<meta property=\"article:modified_time\" content=\"2025-04-08T09:03:22+00:00\" \/>\n<meta property=\"og:image\" content=\"https:\/\/lindy.com\/de\/wp-content\/uploads\/sites\/3\/2024\/12\/Solar-Panels.png\" \/>\n<meta name=\"twitter:card\" content=\"summary_large_image\" \/>\n<meta name=\"twitter:label1\" content=\"Dur\u00e9e de lecture estim\u00e9e\" \/>\n\t<meta name=\"twitter:data1\" content=\"4 minutes\" \/>\n<script type=\"application\/ld+json\" class=\"yoast-schema-graph\">{\"@context\":\"https:\/\/schema.org\",\"@graph\":[{\"@type\":\"WebPage\",\"@id\":\"https:\/\/lindy.com\/fr\/csr-ma\/\",\"url\":\"https:\/\/lindy.com\/fr\/csr-ma\/\",\"name\":\"CSR-MA - Lindy - French\",\"isPartOf\":{\"@id\":\"https:\/\/lindy.com\/fr\/#website\"},\"primaryImageOfPage\":{\"@id\":\"https:\/\/lindy.com\/fr\/csr-ma\/#primaryimage\"},\"image\":{\"@id\":\"https:\/\/lindy.com\/fr\/csr-ma\/#primaryimage\"},\"thumbnailUrl\":\"https:\/\/lindy.com\/de\/wp-content\/uploads\/sites\/3\/2024\/12\/Solar-Panels.png\",\"datePublished\":\"2025-04-01T11:57:07+00:00\",\"dateModified\":\"2025-04-08T09:03:22+00:00\",\"breadcrumb\":{\"@id\":\"https:\/\/lindy.com\/fr\/csr-ma\/#breadcrumb\"},\"inLanguage\":\"fr-FR\",\"potentialAction\":[{\"@type\":\"ReadAction\",\"target\":[\"https:\/\/lindy.com\/fr\/csr-ma\/\"]}]},{\"@type\":\"ImageObject\",\"inLanguage\":\"fr-FR\",\"@id\":\"https:\/\/lindy.com\/fr\/csr-ma\/#primaryimage\",\"url\":\"https:\/\/lindy.com\/de\/wp-content\/uploads\/sites\/3\/2024\/12\/Solar-Panels.png\",\"contentUrl\":\"https:\/\/lindy.com\/de\/wp-content\/uploads\/sites\/3\/2024\/12\/Solar-Panels.png\"},{\"@type\":\"BreadcrumbList\",\"@id\":\"https:\/\/lindy.com\/fr\/csr-ma\/#breadcrumb\",\"itemListElement\":[{\"@type\":\"ListItem\",\"position\":1,\"name\":\"Home\",\"item\":\"https:\/\/lindy.com\/fr\/\"},{\"@type\":\"ListItem\",\"position\":2,\"name\":\"CSR-MA\"}]},{\"@type\":\"WebSite\",\"@id\":\"https:\/\/lindy.com\/fr\/#website\",\"url\":\"https:\/\/lindy.com\/fr\/\",\"name\":\"Lindy - French\",\"description\":\"Connection Perfection\",\"potentialAction\":[{\"@type\":\"SearchAction\",\"target\":{\"@type\":\"EntryPoint\",\"urlTemplate\":\"https:\/\/lindy.com\/fr\/?s={search_term_string}\"},\"query-input\":{\"@type\":\"PropertyValueSpecification\",\"valueRequired\":true,\"valueName\":\"search_term_string\"}}],\"inLanguage\":\"fr-FR\"}]}<\/script>\n<!-- \/ Yoast SEO plugin. -->","yoast_head_json":{"title":"CSR-MA - Lindy - French","robots":{"index":"index","follow":"follow","max-snippet":"max-snippet:-1","max-image-preview":"max-image-preview:large","max-video-preview":"max-video-preview:-1"},"canonical":"https:\/\/lindy.com\/fr\/csr-ma\/","og_locale":"fr_FR","og_type":"article","og_title":"CSR-MA - Lindy - French","og_url":"https:\/\/lindy.com\/fr\/csr-ma\/","og_site_name":"Lindy - French","article_modified_time":"2025-04-08T09:03:22+00:00","og_image":[{"url":"https:\/\/lindy.com\/de\/wp-content\/uploads\/sites\/3\/2024\/12\/Solar-Panels.png","type":"","width":"","height":""}],"twitter_card":"summary_large_image","twitter_misc":{"Dur\u00e9e de lecture estim\u00e9e":"4 minutes"},"schema":{"@context":"https:\/\/schema.org","@graph":[{"@type":"WebPage","@id":"https:\/\/lindy.com\/fr\/csr-ma\/","url":"https:\/\/lindy.com\/fr\/csr-ma\/","name":"CSR-MA - Lindy - French","isPartOf":{"@id":"https:\/\/lindy.com\/fr\/#website"},"primaryImageOfPage":{"@id":"https:\/\/lindy.com\/fr\/csr-ma\/#primaryimage"},"image":{"@id":"https:\/\/lindy.com\/fr\/csr-ma\/#primaryimage"},"thumbnailUrl":"https:\/\/lindy.com\/de\/wp-content\/uploads\/sites\/3\/2024\/12\/Solar-Panels.png","datePublished":"2025-04-01T11:57:07+00:00","dateModified":"2025-04-08T09:03:22+00:00","breadcrumb":{"@id":"https:\/\/lindy.com\/fr\/csr-ma\/#breadcrumb"},"inLanguage":"fr-FR","potentialAction":[{"@type":"ReadAction","target":["https:\/\/lindy.com\/fr\/csr-ma\/"]}]},{"@type":"ImageObject","inLanguage":"fr-FR","@id":"https:\/\/lindy.com\/fr\/csr-ma\/#primaryimage","url":"https:\/\/lindy.com\/de\/wp-content\/uploads\/sites\/3\/2024\/12\/Solar-Panels.png","contentUrl":"https:\/\/lindy.com\/de\/wp-content\/uploads\/sites\/3\/2024\/12\/Solar-Panels.png"},{"@type":"BreadcrumbList","@id":"https:\/\/lindy.com\/fr\/csr-ma\/#breadcrumb","itemListElement":[{"@type":"ListItem","position":1,"name":"Home","item":"https:\/\/lindy.com\/fr\/"},{"@type":"ListItem","position":2,"name":"CSR-MA"}]},{"@type":"WebSite","@id":"https:\/\/lindy.com\/fr\/#website","url":"https:\/\/lindy.com\/fr\/","name":"Lindy - French","description":"Connection Perfection","potentialAction":[{"@type":"SearchAction","target":{"@type":"EntryPoint","urlTemplate":"https:\/\/lindy.com\/fr\/?s={search_term_string}"},"query-input":{"@type":"PropertyValueSpecification","valueRequired":true,"valueName":"search_term_string"}}],"inLanguage":"fr-FR"}]}},"_links":{"self":[{"href":"https:\/\/lindy.com\/fr\/wp-json\/wp\/v2\/pages\/4119","targetHints":{"allow":["GET"]}}],"collection":[{"href":"https:\/\/lindy.com\/fr\/wp-json\/wp\/v2\/pages"}],"about":[{"href":"https:\/\/lindy.com\/fr\/wp-json\/wp\/v2\/types\/page"}],"author":[{"embeddable":true,"href":"https:\/\/lindy.com\/fr\/wp-json\/wp\/v2\/users\/21"}],"replies":[{"embeddable":true,"href":"https:\/\/lindy.com\/fr\/wp-json\/wp\/v2\/comments?post=4119"}],"version-history":[{"count":3,"href":"https:\/\/lindy.com\/fr\/wp-json\/wp\/v2\/pages\/4119\/revisions"}],"predecessor-version":[{"id":4341,"href":"https:\/\/lindy.com\/fr\/wp-json\/wp\/v2\/pages\/4119\/revisions\/4341"}],"wp:attachment":[{"href":"https:\/\/lindy.com\/fr\/wp-json\/wp\/v2\/media?parent=4119"}],"curies":[{"name":"wp","href":"https:\/\/api.w.org\/{rel}","templated":true}]}}