{"id":42,"date":"2018-11-09T11:55:05","date_gmt":"2018-11-09T11:55:05","guid":{"rendered":"https:\/\/lindy.com\/fr\/?page_id=42"},"modified":"2019-05-23T12:05:26","modified_gmt":"2019-05-23T12:05:26","slug":"entreprises","status":"publish","type":"page","link":"https:\/\/lindy.com\/fr\/entreprises\/","title":{"rendered":"Solutions entreprises"},"content":{"rendered":"\n<section class=\"wp-block-lindy-parallax-hero section parallax-hero theme--light align--center  font--size-large\" style=\"background-image:url(https:\/\/lindy.com\/fr\/wp-content\/uploads\/sites\/4\/2018\/12\/Amended_Corporate_2.jpg)\"><div class=\"contained contained--full-width\"><div class=\"parallax-hero__content\"><div class=\"parallax-hero__content-wrapper align--center\"><h2 class=\"section__heading\"><span><br\/>Applications pour<br\/><\/span><\/h2><h2 class=\"section__subheading section__subheading__title\">entreprises<\/h2><p class=\"section__paragraph\"><br\/>\u25bc<\/p><\/div><\/div><\/div><\/section>\n\n\n\n<section class=\"wp-block-lindy-parallax-hero section parallax-hero theme--dark align--center  font--size-medium\" style=\"background-image:url(https:\/\/lindy.com\/fr\/wp-content\/uploads\/sites\/4\/2018\/12\/Amended_Corporate_1.jpg)\"><div class=\"contained contained--full-width\"><div class=\"parallax-hero__content\"><div class=\"parallax-hero__content-wrapper align--center\"><h2 class=\"section__heading\"><span><br\/><br\/><br\/><br\/><br\/><br\/><br\/><br\/><br\/><\/span><\/h2><\/div><\/div><\/div><\/section>\n\n\n\n<section class=\"wp-block-lindy-parallax-hero section parallax-hero theme--light align--center font--camber font--size-medium\" style=\"background-image:url(https:\/\/lindy.com\/fr\/wp-content\/uploads\/sites\/4\/2018\/12\/Amended_Corporate_2.jpg)\"><div class=\"contained contained--full-width\"><div class=\"parallax-hero__content\"><div class=\"parallax-hero__content-wrapper align--center\"><h2 class=\"section__heading\"><span>LES PROJETS D&rsquo;ENTREPRISES<\/span><\/h2><h2 class=\"section__subheading section__subheading__title\">PRENNENT VIE<\/h2><p class=\"section__paragraph\"><br\/>Les appareils AV sont de puissants outils lorsqu&rsquo;il faut cr\u00e9er et pr\u00e9senter une image de marque. Les projets d&rsquo;entreprises peuvent prendre vie avec des afficheurs haute r\u00e9solution et de puissants processeurs vid\u00e9o fonctionnant en t\u00e2che de fond.<br\/><\/p><\/div><\/div><\/div><\/section>\n\n\n\n<section class=\"wp-block-lindy-heading-text section section--heading-text theme--light align--center  font--size-large section--animation-none\"><div class=\"contained\"><h2 class=\"section__heading\"><span><br\/>AFFICHAGE TOTAL EN 4K<br\/><\/span><\/h2><h2 class=\"section__subheading section__subheading__title\">FLEXIBLE VIDEO WALL SCALER<\/h2><\/div><\/section>\n\n\n\n<section class=\"wp-block-lindy-image-text-module section section--full-width-image full-width-image--with-text theme--light section--animation-none align--left  font--size-medium width--half\" style=\"background-image:url(https:\/\/lindy.com\/en\/wp-content\/uploads\/sites\/2\/2018\/10\/VideoWallScaler_HalfWidthAP.jpg)\"><img decoding=\"async\" class=\"full-width-image__image\" src=\"https:\/\/lindy.com\/en\/wp-content\/uploads\/sites\/2\/2018\/10\/VideoWallScaler_HalfWidthAP.jpg\"\/><div class=\"contained\"><div class=\"full-width-image__content\"><\/div><\/div><\/section>\n\n\n\n<section class=\"wp-block-lindy-image-text-module section section--full-width-image full-width-image--with-text theme--light section--animation-none align--right  font--size-medium width--half\" style=\"background-image:url()\"><img decoding=\"async\" class=\"full-width-image__image\" src=\"\"\/><div class=\"contained\"><div class=\"full-width-image__content\"><p class=\"section__paragraph\"><br\/>Le flexible Video Wall Scaler s\u2018utilise pour un affichage sur mur d\u2018\u00e9crans (Video Walls). Les param\u00e9trages pr\u00e9-enregistr\u00e9s pour la disposition des \u00e9crans, leur cascade et le menu OSD (On Screen Displays) permettent des configurations illimit\u00e9es de murs d\u2018\u00e9crans. Sp\u00e9cialement con\u00e7u pour les installations commerciales, publicitaires et m\u00e9dicales, le scaler prend en charge une multitude de param\u00e9trages pr\u00e9-enregistr\u00e9s pour la disposition et l\u2018orientation des \u00e9crans. Combin\u00e9es avec d\u2018autres produits AV, des possibilit\u00e9s d\u2018installations avec plusieurs sources et \u00e9crans restent r\u00e9alisables. (par exemple des extenders optiques et des switchs HDMI)<br\/><\/p><a href=\"https:\/\/lindy.com\/fr\/technologie\/flexible-video-wall-scaler\" class=\"button button--dark\" target=\"_self\" rel=\"noopener noreferrer\">EN SAVOIR PLUS<\/a><\/div><\/div><\/section>\n\n\n\n<section class=\"wp-block-lindy-image-text-module section section--full-width-image full-width-image--with-text theme--light section--animation-none align--center font--camber font--size-small\" style=\"background-image:url()\"><img decoding=\"async\" class=\"full-width-image__image\" src=\"\"\/><div class=\"contained\"><div class=\"full-width-image__content\"><h2 class=\"section__heading\"><span>Quantit\u00e9<\/span><\/h2><h2 class=\"section__subheading section__subheading__title\">qualit\u00e9<\/h2><p class=\"section__paragraph\"><br\/>La pr\u00e9sentation et l\u2018affichage sur mur d\u2018\u00e9crans sont de plus en plus utilis\u00e9s de nos jours. Les produits innovants les plus importants sont ceux qui donnent de la cr\u00e9ativit\u00e9 \u00e0 l\u2018utilisateur et des r\u00e9ponses aux questions. Pourquoi par exemple les \u00e9crans d\u2018un mur d\u2018\u00e9crans devraient \u00eatre dispos\u00e9s en format carr\u00e9 2&#215;2 alors qu\u2018une autre disposition pourrait attirer davantage l\u2018oeil de l\u2018observateur. Disposition horizontale, verticale, en diagonale et surtout en corr\u00e9lation avec le contenu vid\u00e9o, les \u00e9crans offrent alors un vrai pouvoir d\u2018attraction pour le public et les clients.<br\/><\/p><\/div><\/div><\/section>\n\n\n\n<section class=\"wp-block-lindy-zoom-image section section--zoom-image zoom-image align--center theme--light\"><div class=\"contained\"><div class=\"zoom-image-wrapper\"><img decoding=\"async\" class=\"zoomable\" src=\"https:\/\/lindy.com\/fr\/wp-content\/uploads\/sites\/4\/2019\/05\/38161-1170x1002.jpg\" data-zoom-img=\"https:\/\/lindy.com\/fr\/wp-content\/uploads\/sites\/4\/2019\/05\/38161.jpg\"\/><\/div><span class=\"zoom-image__description\">Click to zoom<\/span><\/div><\/section>\n","protected":false},"excerpt":{"rendered":"","protected":false},"author":11,"featured_media":0,"parent":0,"menu_order":0,"comment_status":"closed","ping_status":"closed","template":"page-templates\/template-landing.php","meta":{"_acf_changed":false,"footnotes":""},"class_list":["post-42","page","type-page","status-publish","hentry"],"acf":[],"yoast_head":"<!-- This site is optimized with the Yoast SEO plugin v26.6 - https:\/\/yoast.com\/wordpress\/plugins\/seo\/ -->\n<title>Solutions entreprises - Lindy - French<\/title>\n<meta name=\"robots\" content=\"index, follow, max-snippet:-1, max-image-preview:large, max-video-preview:-1\" \/>\n<link rel=\"canonical\" href=\"https:\/\/lindy.com\/fr\/entreprises\/\" \/>\n<meta property=\"og:locale\" content=\"fr_FR\" \/>\n<meta property=\"og:type\" content=\"article\" \/>\n<meta property=\"og:title\" content=\"Solutions entreprises - Lindy - French\" \/>\n<meta property=\"og:url\" content=\"https:\/\/lindy.com\/fr\/entreprises\/\" \/>\n<meta property=\"og:site_name\" content=\"Lindy - French\" \/>\n<meta property=\"article:modified_time\" content=\"2019-05-23T12:05:26+00:00\" \/>\n<meta property=\"og:image\" content=\"https:\/\/lindy.com\/en\/wp-content\/uploads\/sites\/2\/2018\/10\/VideoWallScaler_HalfWidthAP.jpg\" \/>\n<meta name=\"twitter:card\" content=\"summary_large_image\" \/>\n<meta name=\"twitter:label1\" content=\"Dur\u00e9e de lecture estim\u00e9e\" \/>\n\t<meta name=\"twitter:data1\" content=\"1 minute\" \/>\n<script type=\"application\/ld+json\" class=\"yoast-schema-graph\">{\"@context\":\"https:\/\/schema.org\",\"@graph\":[{\"@type\":\"WebPage\",\"@id\":\"https:\/\/lindy.com\/fr\/entreprises\/\",\"url\":\"https:\/\/lindy.com\/fr\/entreprises\/\",\"name\":\"Solutions entreprises - Lindy - French\",\"isPartOf\":{\"@id\":\"https:\/\/lindy.com\/fr\/#website\"},\"primaryImageOfPage\":{\"@id\":\"https:\/\/lindy.com\/fr\/entreprises\/#primaryimage\"},\"image\":{\"@id\":\"https:\/\/lindy.com\/fr\/entreprises\/#primaryimage\"},\"thumbnailUrl\":\"https:\/\/lindy.com\/en\/wp-content\/uploads\/sites\/2\/2018\/10\/VideoWallScaler_HalfWidthAP.jpg\",\"datePublished\":\"2018-11-09T11:55:05+00:00\",\"dateModified\":\"2019-05-23T12:05:26+00:00\",\"breadcrumb\":{\"@id\":\"https:\/\/lindy.com\/fr\/entreprises\/#breadcrumb\"},\"inLanguage\":\"fr-FR\",\"potentialAction\":[{\"@type\":\"ReadAction\",\"target\":[\"https:\/\/lindy.com\/fr\/entreprises\/\"]}]},{\"@type\":\"ImageObject\",\"inLanguage\":\"fr-FR\",\"@id\":\"https:\/\/lindy.com\/fr\/entreprises\/#primaryimage\",\"url\":\"https:\/\/lindy.com\/en\/wp-content\/uploads\/sites\/2\/2018\/10\/VideoWallScaler_HalfWidthAP.jpg\",\"contentUrl\":\"https:\/\/lindy.com\/en\/wp-content\/uploads\/sites\/2\/2018\/10\/VideoWallScaler_HalfWidthAP.jpg\"},{\"@type\":\"BreadcrumbList\",\"@id\":\"https:\/\/lindy.com\/fr\/entreprises\/#breadcrumb\",\"itemListElement\":[{\"@type\":\"ListItem\",\"position\":1,\"name\":\"Home\",\"item\":\"https:\/\/lindy.com\/fr\/\"},{\"@type\":\"ListItem\",\"position\":2,\"name\":\"Solutions entreprises\"}]},{\"@type\":\"WebSite\",\"@id\":\"https:\/\/lindy.com\/fr\/#website\",\"url\":\"https:\/\/lindy.com\/fr\/\",\"name\":\"Lindy - French\",\"description\":\"Connection Perfection\",\"potentialAction\":[{\"@type\":\"SearchAction\",\"target\":{\"@type\":\"EntryPoint\",\"urlTemplate\":\"https:\/\/lindy.com\/fr\/?s={search_term_string}\"},\"query-input\":{\"@type\":\"PropertyValueSpecification\",\"valueRequired\":true,\"valueName\":\"search_term_string\"}}],\"inLanguage\":\"fr-FR\"}]}<\/script>\n<!-- \/ Yoast SEO plugin. -->","yoast_head_json":{"title":"Solutions entreprises - Lindy - French","robots":{"index":"index","follow":"follow","max-snippet":"max-snippet:-1","max-image-preview":"max-image-preview:large","max-video-preview":"max-video-preview:-1"},"canonical":"https:\/\/lindy.com\/fr\/entreprises\/","og_locale":"fr_FR","og_type":"article","og_title":"Solutions entreprises - Lindy - French","og_url":"https:\/\/lindy.com\/fr\/entreprises\/","og_site_name":"Lindy - French","article_modified_time":"2019-05-23T12:05:26+00:00","og_image":[{"url":"https:\/\/lindy.com\/en\/wp-content\/uploads\/sites\/2\/2018\/10\/VideoWallScaler_HalfWidthAP.jpg","type":"","width":"","height":""}],"twitter_card":"summary_large_image","twitter_misc":{"Dur\u00e9e de lecture estim\u00e9e":"1 minute"},"schema":{"@context":"https:\/\/schema.org","@graph":[{"@type":"WebPage","@id":"https:\/\/lindy.com\/fr\/entreprises\/","url":"https:\/\/lindy.com\/fr\/entreprises\/","name":"Solutions entreprises - Lindy - French","isPartOf":{"@id":"https:\/\/lindy.com\/fr\/#website"},"primaryImageOfPage":{"@id":"https:\/\/lindy.com\/fr\/entreprises\/#primaryimage"},"image":{"@id":"https:\/\/lindy.com\/fr\/entreprises\/#primaryimage"},"thumbnailUrl":"https:\/\/lindy.com\/en\/wp-content\/uploads\/sites\/2\/2018\/10\/VideoWallScaler_HalfWidthAP.jpg","datePublished":"2018-11-09T11:55:05+00:00","dateModified":"2019-05-23T12:05:26+00:00","breadcrumb":{"@id":"https:\/\/lindy.com\/fr\/entreprises\/#breadcrumb"},"inLanguage":"fr-FR","potentialAction":[{"@type":"ReadAction","target":["https:\/\/lindy.com\/fr\/entreprises\/"]}]},{"@type":"ImageObject","inLanguage":"fr-FR","@id":"https:\/\/lindy.com\/fr\/entreprises\/#primaryimage","url":"https:\/\/lindy.com\/en\/wp-content\/uploads\/sites\/2\/2018\/10\/VideoWallScaler_HalfWidthAP.jpg","contentUrl":"https:\/\/lindy.com\/en\/wp-content\/uploads\/sites\/2\/2018\/10\/VideoWallScaler_HalfWidthAP.jpg"},{"@type":"BreadcrumbList","@id":"https:\/\/lindy.com\/fr\/entreprises\/#breadcrumb","itemListElement":[{"@type":"ListItem","position":1,"name":"Home","item":"https:\/\/lindy.com\/fr\/"},{"@type":"ListItem","position":2,"name":"Solutions entreprises"}]},{"@type":"WebSite","@id":"https:\/\/lindy.com\/fr\/#website","url":"https:\/\/lindy.com\/fr\/","name":"Lindy - French","description":"Connection Perfection","potentialAction":[{"@type":"SearchAction","target":{"@type":"EntryPoint","urlTemplate":"https:\/\/lindy.com\/fr\/?s={search_term_string}"},"query-input":{"@type":"PropertyValueSpecification","valueRequired":true,"valueName":"search_term_string"}}],"inLanguage":"fr-FR"}]}},"_links":{"self":[{"href":"https:\/\/lindy.com\/fr\/wp-json\/wp\/v2\/pages\/42","targetHints":{"allow":["GET"]}}],"collection":[{"href":"https:\/\/lindy.com\/fr\/wp-json\/wp\/v2\/pages"}],"about":[{"href":"https:\/\/lindy.com\/fr\/wp-json\/wp\/v2\/types\/page"}],"author":[{"embeddable":true,"href":"https:\/\/lindy.com\/fr\/wp-json\/wp\/v2\/users\/11"}],"replies":[{"embeddable":true,"href":"https:\/\/lindy.com\/fr\/wp-json\/wp\/v2\/comments?post=42"}],"version-history":[{"count":0,"href":"https:\/\/lindy.com\/fr\/wp-json\/wp\/v2\/pages\/42\/revisions"}],"wp:attachment":[{"href":"https:\/\/lindy.com\/fr\/wp-json\/wp\/v2\/media?parent=42"}],"curies":[{"name":"wp","href":"https:\/\/api.w.org\/{rel}","templated":true}]}}