{"id":4408,"date":"2025-06-05T12:11:50","date_gmt":"2025-06-05T12:11:50","guid":{"rendered":"https:\/\/lindy.com\/fr\/?page_id=4408"},"modified":"2025-06-05T12:11:50","modified_gmt":"2025-06-05T12:11:50","slug":"etude-de-cas-sovcomm","status":"publish","type":"page","link":"https:\/\/lindy.com\/fr\/etude-de-cas-sovcomm\/","title":{"rendered":"\u00c9TUDE DE CAS SOVCOMM"},"content":{"rendered":"\n<section class=\"wp-block-lindy-image-text-module section section--full-width-image full-width-image--with-text theme--dark section--animation-none align--center  font--size-large\" style=\"background-image:url(https:\/\/lindy.com\/fr\/wp-content\/uploads\/sites\/4\/2025\/04\/Header-1.png)\"><img decoding=\"async\" class=\"full-width-image__image\" src=\"https:\/\/lindy.com\/fr\/wp-content\/uploads\/sites\/4\/2025\/04\/Header-1.png\"\/><div class=\"contained\"><div class=\"full-width-image__content\"><h2 class=\"section__heading\"><span>Int\u00e9gration transparente<\/span><\/h2><h2 class=\"section__subheading section__subheading__title\">\u00e9ducation plus intelligente<\/h2><p class=\"section__paragraph\"><br\/>DE L&rsquo;AM\u00c9NAGEMENT AUX SALLES DE CLASSE PR\u00caTE POUR L&rsquo;AVENIR<\/p><\/div><\/div><\/section>\n\n\n\n<section class=\"wp-block-lindy-image-text-module section section--full-width-image full-width-image--with-text theme--light section--animation-none align--center font--camber font--size-medium\" style=\"background-image:url()\"><img decoding=\"async\" class=\"full-width-image__image\" src=\"\"\/><div class=\"contained\"><div class=\"full-width-image__content\"><h2 class=\"section__subheading section__subheading__title\">SALLES DE CLASSES INNOVANTES, PENS\u00c9E CONNECT\u00c9E<\/h2><p class=\"section__paragraph\"><br\/>SovComm, un entrepreneur commercial bien \u00e9tabli sp\u00e9cialis\u00e9 dans les cloisons, les plafonds et les projets d&rsquo;am\u00e9nagement, op\u00e9rait traditionnellement dans des secteurs tels que la pharmacie, la d\u00e9fense et la<br\/>construction g\u00e9n\u00e9rale. Cependant, la demande croissante de solutions AV int\u00e9gr\u00e9es dans le secteur de<br\/>l&rsquo;\u00e9ducation a pr\u00e9sent\u00e9 une nouvelle opportunit\u00e9. En s&rsquo;associant avec Lindy, Sovereign Commercial s&rsquo;est<br\/>r\u00e9ussi \u00e0 se d\u00e9velopper dans le secteur AV, en offrant des environnements d&rsquo;apprentissage \u00e0 distance<br\/>avanc\u00e9s pour les institutions \u00e9ducatives.<\/p><\/div><\/div><\/section>\n\n\n\n<section class=\"wp-block-lindy-image-text-module section section--full-width-image full-width-image--with-text theme--dark section--animation-none align--left  font--size-medium width--half\" style=\"background-image:url(https:\/\/lindy.com\/fr\/wp-content\/uploads\/sites\/4\/2025\/05\/Schulung-FW.jpg)\"><img decoding=\"async\" class=\"full-width-image__image\" src=\"https:\/\/lindy.com\/fr\/wp-content\/uploads\/sites\/4\/2025\/05\/Schulung-FW.jpg\"\/><div class=\"contained\"><div class=\"full-width-image__content\"><\/div><\/div><\/section>\n\n\n\n<section class=\"wp-block-lindy-image-text-module section section--full-width-image full-width-image--with-text theme--dark section--animation-none align--left  font--size-medium width--half\" style=\"background-image:url()\"><img decoding=\"async\" class=\"full-width-image__image\" src=\"\"\/><div class=\"contained\"><div class=\"full-width-image__content\"><h2 class=\"section__heading\"><span>LE D\u00c9FI<\/span><\/h2><p class=\"section__paragraph\"><br\/>Un coll\u00e8ge technique \u00e0 Hastings rencontrait des difficult\u00e9s pour recruter des enseignants sp\u00e9cialis\u00e9s pour diverses mati\u00e8res sur  plusieurs campus. Sans une solution AV fiable, ils peinaient \u00e0 offrir des opportunit\u00e9s d&rsquo;apprentissage \u00e9gales \u00e0 tous les \u00e9tudiants, limitant ainsi l&rsquo;acc\u00e8s \u00e0 un enseignement d&rsquo;experts.<\/p><\/div><\/div><\/section>\n\n\n\n<section class=\"wp-block-lindy-image-text-module section section--full-width-image full-width-image--with-text theme--light section--animation-none align--left  font--size-medium width--half\" style=\"background-image:url()\"><img decoding=\"async\" class=\"full-width-image__image\" src=\"\"\/><div class=\"contained\"><div class=\"full-width-image__content\"><h2 class=\"section__heading\"><span>LA SOLUTION DE LINDY<\/span><\/h2><p class=\"section__paragraph\"><br\/>La technologie AV de Lindy a permis \u00e0 SovComm de se d\u00e9velopper au-del\u00e0 des services de construction traditionnels en offrant une int\u00e9gration AV compl\u00e8te dans 12 salles de classe. En appliquant leur expertise en construction, SovComm a transform\u00e9 les espaces &lsquo;apprentissage avec des murs vid\u00e9o grand format (3,5 m x 2,1 m) con\u00e7us pour un enseignement \u00e0 distance percutant et des \u00e9crans interactifs de 98 pouces pour augmenter l&rsquo;engagement des \u00e9tudiants et<br\/>l&rsquo;interaction en temps r\u00e9el. Les solutions de connectivit\u00e9 standardis\u00e9es de Lindy ont garanti un fonctionnement fiable et facile \u00e0 utiliser, tandis que l&rsquo;int\u00e9gration fluide avec Microsoft Teams a permis aux enseignants de s&rsquo;adapter rapidement au syst\u00e8me, cr\u00e9ant ainsi des environnements d&rsquo;apprentissage dynamiques et connect\u00e9s sur<br\/>plusieurs campus.<\/p><\/div><\/div><\/section>\n\n\n\n<section class=\"wp-block-lindy-image-text-module section section--full-width-image full-width-image--with-text theme--light section--animation-none align--left  font--size-medium width--half\" style=\"background-image:url(https:\/\/lindy.com\/fr\/wp-content\/uploads\/sites\/4\/2025\/04\/AV-Extender-Range_without-backrgound.png)\"><img decoding=\"async\" class=\"full-width-image__image\" src=\"https:\/\/lindy.com\/fr\/wp-content\/uploads\/sites\/4\/2025\/04\/AV-Extender-Range_without-backrgound.png\"\/><div class=\"contained\"><div class=\"full-width-image__content\"><\/div><\/div><\/section>\n\n\n\n<section class=\"wp-block-lindy-heading-text section section--heading-text theme--dark align--center  font--size-medium section--animation-none\"><div class=\"contained\"><h2 class=\"section__heading\"><span><br\/>PRODUITS FR\u00c9QUEMMENT UTILIS\u00c9S<br\/><\/span><\/h2><h2 class=\"section__subheading section__subheading__title\"><br\/><\/h2><\/div><\/section>\n\n\n\n<section class=\"wp-block-lindy-image-text-module section section--full-width-image full-width-image--with-text theme--dark section--animation-none align--left  font--size-medium width--half\" style=\"background-image:url()\"><img decoding=\"async\" class=\"full-width-image__image\" src=\"\"\/><div class=\"contained\"><div class=\"full-width-image__content\"><p class=\"section__paragraph\"><strong>No. 36967 &#8211; C\u00e2ble HDMI\u00ae Anthra Line, 10m<\/strong><br\/><br\/>Fournit une transmission de signal 4K fiable pour les configurations AV professionnelles et les installations longue distance.<\/p><a href=\"https:\/\/www.lindy.fr\/Cable-HDMI-Standard-Anthra-Line-10m.htm?websale8=ld0101.ld031103&amp;pi=36967&amp;ci=80\" class=\"button button--white-transparent\" target=\"_blank\" rel=\"noopener noreferrer\">D\u00c9COUVRIR<\/a><\/div><\/div><\/section>\n\n\n\n<section class=\"wp-block-lindy-image-text-module section section--full-width-image full-width-image--with-text theme--dark section--animation-none align--left  font--size-medium width--half\" style=\"background-image:url(https:\/\/lindy.com\/fr\/wp-content\/uploads\/sites\/4\/2025\/05\/36966_HW.jpg)\"><img decoding=\"async\" class=\"full-width-image__image\" src=\"https:\/\/lindy.com\/fr\/wp-content\/uploads\/sites\/4\/2025\/05\/36966_HW.jpg\"\/><div class=\"contained\"><div class=\"full-width-image__content\"><\/div><\/div><\/section>\n\n\n\n<section class=\"wp-block-lindy-image-text-module section section--full-width-image full-width-image--with-text theme--light section--animation-none align--left  font--size-medium width--half\" style=\"background-image:url(https:\/\/lindy.com\/fr\/wp-content\/uploads\/sites\/4\/2025\/05\/43322_HW.jpg)\"><img decoding=\"async\" class=\"full-width-image__image\" src=\"https:\/\/lindy.com\/fr\/wp-content\/uploads\/sites\/4\/2025\/05\/43322_HW.jpg\"\/><div class=\"contained\"><div class=\"full-width-image__content\"><\/div><\/div><\/section>\n\n\n\n<section class=\"wp-block-lindy-image-text-module section section--full-width-image full-width-image--with-text theme--light section--animation-none align--left  font--size-medium width--half\" style=\"background-image:url()\"><img decoding=\"async\" class=\"full-width-image__image\" src=\"\"\/><div class=\"contained\"><div class=\"full-width-image__content\"><p class=\"section__paragraph\"><strong>No. 43322 &#8211; Rallonge active USB 3.0, Slim, 15m<\/strong><br\/><br\/>\u00c9tend votre connexion USB 3.0 jusqu\u2019\u00e0 15<br\/>m\u00e8tres avec des performances \u00e0 haute vitesse.<\/p><a href=\"https:\/\/www.lindy.fr\/Rallonge-active-USB-3-0-Slim-15m.htm?websale8=ld0101.ld031103&amp;pi=43322&amp;ci=50\" class=\"button button--dark\" target=\"_blank\" rel=\"noopener noreferrer\">D\u00c9COUVRIR<\/a><\/div><\/div><\/section>\n\n\n\n<section class=\"wp-block-lindy-image-text-module section section--full-width-image full-width-image--with-text theme--dark section--animation-none align--left  font--size-medium width--half\" style=\"background-image:url()\"><img decoding=\"async\" class=\"full-width-image__image\" src=\"\"\/><div class=\"contained\"><div class=\"full-width-image__content\"><p class=\"section__paragraph\"><br\/><strong>No. 38385 &#8211; Splitter Extender Cat.6 HDMI\u00ae, 70m<\/strong><br\/><br\/>\u00c9tend le HDMI\u00ae 4K60 et l\u2019infrarouge jusqu\u2019\u00e0 70 m via un c\u00e2ble Cat.6 avec sorties doubles.<br\/><br\/><\/p><a href=\"https:\/\/www.lindy.fr\/Splitter-Extender-Cat-6-2-ports-HDMI-4K60-IR-70m.htm?websale8=ld0101.ld031103&amp;pi=38385&amp;ci=10\" class=\"button button--white-transparent\" target=\"_blank\" rel=\"noopener noreferrer\">D\u00c9COUVRIR<\/a><\/div><\/div><\/section>\n\n\n\n<section class=\"wp-block-lindy-image-text-module section section--full-width-image full-width-image--with-text theme--dark section--animation-none align--left  font--size-medium width--half\" style=\"background-image:url(https:\/\/lindy.com\/fr\/wp-content\/uploads\/sites\/4\/2025\/05\/38385_HW.jpg)\"><img decoding=\"async\" class=\"full-width-image__image\" src=\"https:\/\/lindy.com\/fr\/wp-content\/uploads\/sites\/4\/2025\/05\/38385_HW.jpg\"\/><div class=\"contained\"><div class=\"full-width-image__content\"><\/div><\/div><\/section>\n\n\n\n<section class=\"wp-block-lindy-image-text-module section section--full-width-image full-width-image--with-text theme--light section--animation-none align--left  font--size-medium width--half\" style=\"background-image:url(https:\/\/lindy.com\/fr\/wp-content\/uploads\/sites\/4\/2025\/05\/38261_HW.jpg)\"><img decoding=\"async\" class=\"full-width-image__image\" src=\"https:\/\/lindy.com\/fr\/wp-content\/uploads\/sites\/4\/2025\/05\/38261_HW.jpg\"\/><div class=\"contained\"><div class=\"full-width-image__content\"><\/div><\/div><\/section>\n\n\n\n<section class=\"wp-block-lindy-image-text-module section section--full-width-image full-width-image--with-text theme--light section--animation-none align--left  font--size-medium width--half\" style=\"background-image:url()\"><img decoding=\"async\" class=\"full-width-image__image\" src=\"\"\/><div class=\"contained\"><div class=\"full-width-image__content\"><p class=\"section__paragraph\"><strong>No. 38261 &#8211; Scaler pour mur d&rsquo;\u00e9crans HDMI\u00ae<\/strong><br\/><br\/>Cr\u00e9e des murs d\u2019images gr\u00e2ce \u00e0 un scaler HDMI\u00ae \u00e0 9 ports pour affichages multi-\u00e9crans.<\/p><a href=\"https:\/\/www.lindy.fr\/Scaler-pour-mur-decrans-HDMI-9-ports.htm?websale8=ld0101.ld031103&amp;pi=38261&amp;ci=20\" class=\"button button--dark\" target=\"_blank\" rel=\"noopener noreferrer\">D\u00c9COUVRIR<\/a><\/div><\/div><\/section>\n\n\n\n<section class=\"wp-block-lindy-parallax-hero section parallax-hero theme--dark align--left font--camber font--size-medium\" style=\"background-image:url(https:\/\/lindy.com\/fr\/wp-content\/uploads\/sites\/4\/2025\/04\/Backgroung-quote.png)\"><div class=\"contained contained--full-width\"><div class=\"parallax-hero__content\"><div class=\"parallax-hero__content-wrapper align--left\"><h2 class=\"section__subheading section__subheading__title\">\u201cLes solutions AV de Lindy ont permis \u00e0 Sovcomm de se d\u00e9velopper au-del\u00e0 de la construction, en cr\u00e9ant des espaces d&rsquo;apprentissage pr\u00eats pour l&rsquo;avenir et en d\u00e9bloquant de nouveaux potentiels commerciaux.\u201d<\/h2><p class=\"section__paragraph\"><br\/>Matthew Roberts, SovComm, directeur commercial<\/p><\/div><\/div><\/div><\/section>\n\n\n\n<section class=\"wp-block-lindy-heading-text section section--heading-text theme--light align--center  font--size-medium section--animation-none\"><div class=\"contained\"><h2 class=\"section__heading\"><span>R\u00c9SULTATS &amp; AVANTAGES<\/span><\/h2><\/div><\/section>\n\n\n\n<section class=\"wp-block-lindy-key-info section section--key-info theme--light section--animation-none\"><div class=\"contained\"><div class=\"grid-2_sm-1-center\"><div class=\"col left_item\"><div class=\"box\"><h3 class=\"section__heading\">R\u00e9sultats Quantitatifs<\/h3><div class=\"section__content\"><p class=\"section__content\">Environ 40 % d\u2019augmentation de l\u2019engagement des \u00e9tudiants gr\u00e2ce \u00e0 l\u2019am\u00e9lioration des capacit\u00e9s d\u2019apprentissage \u00e0 distance<br\/><br\/>Jusqu\u2019\u00e0 100 \u00e9tudiants connect\u00e9s simultan\u00e9ment sur plusieurs campus<br\/><br\/>12 salles de classe enti\u00e8rement \u00e9quip\u00e9es en AV, ouvrant la voie \u00e0 de futures expansions<\/p><\/div><\/div><\/div><div class=\"col right_item\"><div class=\"box\"><h3 class=\"section__heading\">R\u00e9sultats Qualitatifs<\/h3><div class=\"section__content\"><p class=\"section__content\">Un acc\u00e8s \u00e9quitable \u00e0 des enseignants sp\u00e9cialis\u00e9s sur diff\u00e9rents campus<br\/><br\/>Un syst\u00e8me AV fiable et \u00e9volutif n\u00e9cessitant peu de maintenance technique<br\/><br\/>Une offre de services \u00e9largie pour SovComm, permettant de futurs projets AV dans le domaine de l&rsquo;\u00e9ducation et au-del\u00e0<\/p><\/div><\/div><\/div><\/div><\/div><\/section>\n\n\n\n<section class=\"wp-block-lindy-parallax-hero section parallax-hero theme--light align--left  font--size-medium\" style=\"background-image:url(https:\/\/lindy.com\/fr\/wp-content\/uploads\/sites\/4\/2025\/04\/Icon-sovcomm-FR.png)\"><div class=\"contained contained--full-width\"><div class=\"parallax-hero__content\"><div class=\"parallax-hero__content-wrapper align--left\"><\/div><\/div><\/div><\/section>\n\n\n\n<section class=\"wp-block-lindy-heading-text section section--heading-text theme--light align--center  font--size-medium section--animation-none\"><div class=\"contained\"><h2 class=\"section__heading\"><span>CONCLUSION &amp; POINTS \u00c0 RETENIR<\/span><\/h2><\/div><\/section>\n\n\n\n<section class=\"wp-block-lindy-key-info section section--key-info theme--light section--animation-none\"><div class=\"contained\"><div class=\"grid-2_sm-1-center\"><div class=\"col left_item\"><div class=\"box\"><h3 class=\"section__heading\">R\u00e9ussite du projet<\/h3><div class=\"section__content\"><p class=\"section__content\">Les solutions AV de Lindy ont r\u00e9pondu aux besoins d&rsquo;apprentissage \u00e0 distance du coll\u00e8ge et ont permis \u00e0 SovComm d&rsquo;explorer de nouvelles opportunit\u00e9s au-del\u00e0 de son activit\u00e9 principale de construction. Ce succ\u00e8s met en \u00e9vidence comment les entrepreneurs peuvent \u00e9largir leur offre avec des solutions AV de haute qualit\u00e9.<\/p><\/div><\/div><\/div><div class=\"col right_item\"><div class=\"box\"><h3 class=\"section__heading\">Aper\u00e7u de l&rsquo;industrie<\/h3><div class=\"section__content\"><p class=\"section__content\">L&rsquo;expansion de SovComm dans le secteur AV d\u00e9montre comment la technologie fiable et facile \u00e0 int\u00e9grer de Lindy peut ouvrir de nouvelles opportunit\u00e9s commerciales. En adoptant des solutions AV, SovComm propose d\u00e9sormais des services complets de r\u00e9novation de salles, se positionnant comme un fournisseur de solutions tout-en-un pour les \u00e9tablissements \u00e9ducatifs.<\/p><\/div><\/div><\/div><\/div><\/div><\/section>\n\n\n\n<section class=\"wp-block-lindy-image-text-module section section--full-width-image full-width-image--with-text theme--dark section--animation-none align--left  font--size-medium width--half\" style=\"background-image:url(https:\/\/lindy.com\/fr\/wp-content\/uploads\/sites\/4\/2025\/05\/Mock-up-case-sudy-SovComm.jpg)\"><img decoding=\"async\" class=\"full-width-image__image\" src=\"https:\/\/lindy.com\/fr\/wp-content\/uploads\/sites\/4\/2025\/05\/Mock-up-case-sudy-SovComm.jpg\"\/><div class=\"contained\"><div class=\"full-width-image__content\"><\/div><\/div><\/section>\n\n\n\n<section class=\"wp-block-lindy-image-text-module section section--full-width-image full-width-image--with-text theme--dark section--animation-none align--center  font--size-small width--half\" style=\"background-image:url()\"><img decoding=\"async\" class=\"full-width-image__image\" src=\"\"\/><div class=\"contained\"><div class=\"full-width-image__content\"><h2 class=\"section__subheading section__subheading__title\">Vous avez trouv\u00e9 cette \u00e9tude de cas instructive ? <\/h2><p class=\"section__paragraph\"><br\/><strong>Conservez-la en un clic <\/strong><\/p><a href=\"https:\/\/lindy.com\/fr\/wp-content\/uploads\/sites\/4\/2025\/05\/Lindy-x-SovComm-Case-Study-FR.pdf\" class=\"button button--white-transparent\" target=\"_blank\" rel=\"noopener noreferrer\">\ud83d\udce5 T\u00e9l\u00e9charger la version pdf<\/a><\/div><\/div><\/section>\n","protected":false},"excerpt":{"rendered":"","protected":false},"author":28,"featured_media":0,"parent":0,"menu_order":0,"comment_status":"closed","ping_status":"closed","template":"page-templates\/template-landing.php","meta":{"_acf_changed":false,"footnotes":""},"class_list":["post-4408","page","type-page","status-publish","hentry"],"acf":[],"yoast_head":"<!-- This site is optimized with the Yoast SEO plugin v26.6 - https:\/\/yoast.com\/wordpress\/plugins\/seo\/ -->\n<title>\u00c9TUDE DE CAS SOVCOMM - Lindy - French - apprentissage connect\u00e9s<\/title>\n<meta name=\"description\" content=\"En collaboration avec Lindy, Sovcomm a pu cr\u00e9er des espaces d\u2019apprentissage connect\u00e9s et durables et se positionner avec succ\u00e8s.\" \/>\n<meta name=\"robots\" content=\"index, follow, max-snippet:-1, max-image-preview:large, max-video-preview:-1\" \/>\n<link rel=\"canonical\" href=\"https:\/\/lindy.com\/fr\/etude-de-cas-sovcomm\/\" \/>\n<meta property=\"og:locale\" content=\"fr_FR\" \/>\n<meta property=\"og:type\" content=\"article\" \/>\n<meta property=\"og:title\" content=\"\u00c9TUDE DE CAS SOVCOMM - Lindy - French - apprentissage connect\u00e9s\" \/>\n<meta property=\"og:description\" content=\"En collaboration avec Lindy, Sovcomm a pu cr\u00e9er des espaces d\u2019apprentissage connect\u00e9s et durables et se positionner avec succ\u00e8s.\" \/>\n<meta property=\"og:url\" content=\"https:\/\/lindy.com\/fr\/etude-de-cas-sovcomm\/\" \/>\n<meta property=\"og:site_name\" content=\"Lindy - French\" \/>\n<meta property=\"og:image\" content=\"https:\/\/lindy.com\/fr\/wp-content\/uploads\/sites\/4\/2025\/04\/Header-1.png\" \/>\n<meta name=\"twitter:card\" content=\"summary_large_image\" \/>\n<meta name=\"twitter:label1\" content=\"Dur\u00e9e de lecture estim\u00e9e\" \/>\n\t<meta name=\"twitter:data1\" content=\"7 minutes\" \/>\n<script type=\"application\/ld+json\" class=\"yoast-schema-graph\">{\"@context\":\"https:\/\/schema.org\",\"@graph\":[{\"@type\":\"WebPage\",\"@id\":\"https:\/\/lindy.com\/fr\/etude-de-cas-sovcomm\/\",\"url\":\"https:\/\/lindy.com\/fr\/etude-de-cas-sovcomm\/\",\"name\":\"\u00c9TUDE DE CAS SOVCOMM - Lindy - French - apprentissage connect\u00e9s\",\"isPartOf\":{\"@id\":\"https:\/\/lindy.com\/fr\/#website\"},\"primaryImageOfPage\":{\"@id\":\"https:\/\/lindy.com\/fr\/etude-de-cas-sovcomm\/#primaryimage\"},\"image\":{\"@id\":\"https:\/\/lindy.com\/fr\/etude-de-cas-sovcomm\/#primaryimage\"},\"thumbnailUrl\":\"https:\/\/lindy.com\/fr\/wp-content\/uploads\/sites\/4\/2025\/04\/Header-1.png\",\"datePublished\":\"2025-06-05T12:11:50+00:00\",\"description\":\"En collaboration avec Lindy, Sovcomm a pu cr\u00e9er des espaces d\u2019apprentissage connect\u00e9s et durables et se positionner avec succ\u00e8s.\",\"breadcrumb\":{\"@id\":\"https:\/\/lindy.com\/fr\/etude-de-cas-sovcomm\/#breadcrumb\"},\"inLanguage\":\"fr-FR\",\"potentialAction\":[{\"@type\":\"ReadAction\",\"target\":[\"https:\/\/lindy.com\/fr\/etude-de-cas-sovcomm\/\"]}]},{\"@type\":\"ImageObject\",\"inLanguage\":\"fr-FR\",\"@id\":\"https:\/\/lindy.com\/fr\/etude-de-cas-sovcomm\/#primaryimage\",\"url\":\"https:\/\/lindy.com\/fr\/wp-content\/uploads\/sites\/4\/2025\/04\/Header-1.png\",\"contentUrl\":\"https:\/\/lindy.com\/fr\/wp-content\/uploads\/sites\/4\/2025\/04\/Header-1.png\",\"width\":1376,\"height\":768},{\"@type\":\"BreadcrumbList\",\"@id\":\"https:\/\/lindy.com\/fr\/etude-de-cas-sovcomm\/#breadcrumb\",\"itemListElement\":[{\"@type\":\"ListItem\",\"position\":1,\"name\":\"Home\",\"item\":\"https:\/\/lindy.com\/fr\/\"},{\"@type\":\"ListItem\",\"position\":2,\"name\":\"\u00c9TUDE DE CAS SOVCOMM\"}]},{\"@type\":\"WebSite\",\"@id\":\"https:\/\/lindy.com\/fr\/#website\",\"url\":\"https:\/\/lindy.com\/fr\/\",\"name\":\"Lindy - French\",\"description\":\"Connection Perfection\",\"potentialAction\":[{\"@type\":\"SearchAction\",\"target\":{\"@type\":\"EntryPoint\",\"urlTemplate\":\"https:\/\/lindy.com\/fr\/?s={search_term_string}\"},\"query-input\":{\"@type\":\"PropertyValueSpecification\",\"valueRequired\":true,\"valueName\":\"search_term_string\"}}],\"inLanguage\":\"fr-FR\"}]}<\/script>\n<!-- \/ Yoast SEO plugin. -->","yoast_head_json":{"title":"\u00c9TUDE DE CAS SOVCOMM - Lindy - French - apprentissage connect\u00e9s","description":"En collaboration avec Lindy, Sovcomm a pu cr\u00e9er des espaces d\u2019apprentissage connect\u00e9s et durables et se positionner avec succ\u00e8s.","robots":{"index":"index","follow":"follow","max-snippet":"max-snippet:-1","max-image-preview":"max-image-preview:large","max-video-preview":"max-video-preview:-1"},"canonical":"https:\/\/lindy.com\/fr\/etude-de-cas-sovcomm\/","og_locale":"fr_FR","og_type":"article","og_title":"\u00c9TUDE DE CAS SOVCOMM - Lindy - French - apprentissage connect\u00e9s","og_description":"En collaboration avec Lindy, Sovcomm a pu cr\u00e9er des espaces d\u2019apprentissage connect\u00e9s et durables et se positionner avec succ\u00e8s.","og_url":"https:\/\/lindy.com\/fr\/etude-de-cas-sovcomm\/","og_site_name":"Lindy - French","og_image":[{"url":"https:\/\/lindy.com\/fr\/wp-content\/uploads\/sites\/4\/2025\/04\/Header-1.png","type":"","width":"","height":""}],"twitter_card":"summary_large_image","twitter_misc":{"Dur\u00e9e de lecture estim\u00e9e":"7 minutes"},"schema":{"@context":"https:\/\/schema.org","@graph":[{"@type":"WebPage","@id":"https:\/\/lindy.com\/fr\/etude-de-cas-sovcomm\/","url":"https:\/\/lindy.com\/fr\/etude-de-cas-sovcomm\/","name":"\u00c9TUDE DE CAS SOVCOMM - Lindy - French - apprentissage connect\u00e9s","isPartOf":{"@id":"https:\/\/lindy.com\/fr\/#website"},"primaryImageOfPage":{"@id":"https:\/\/lindy.com\/fr\/etude-de-cas-sovcomm\/#primaryimage"},"image":{"@id":"https:\/\/lindy.com\/fr\/etude-de-cas-sovcomm\/#primaryimage"},"thumbnailUrl":"https:\/\/lindy.com\/fr\/wp-content\/uploads\/sites\/4\/2025\/04\/Header-1.png","datePublished":"2025-06-05T12:11:50+00:00","description":"En collaboration avec Lindy, Sovcomm a pu cr\u00e9er des espaces d\u2019apprentissage connect\u00e9s et durables et se positionner avec succ\u00e8s.","breadcrumb":{"@id":"https:\/\/lindy.com\/fr\/etude-de-cas-sovcomm\/#breadcrumb"},"inLanguage":"fr-FR","potentialAction":[{"@type":"ReadAction","target":["https:\/\/lindy.com\/fr\/etude-de-cas-sovcomm\/"]}]},{"@type":"ImageObject","inLanguage":"fr-FR","@id":"https:\/\/lindy.com\/fr\/etude-de-cas-sovcomm\/#primaryimage","url":"https:\/\/lindy.com\/fr\/wp-content\/uploads\/sites\/4\/2025\/04\/Header-1.png","contentUrl":"https:\/\/lindy.com\/fr\/wp-content\/uploads\/sites\/4\/2025\/04\/Header-1.png","width":1376,"height":768},{"@type":"BreadcrumbList","@id":"https:\/\/lindy.com\/fr\/etude-de-cas-sovcomm\/#breadcrumb","itemListElement":[{"@type":"ListItem","position":1,"name":"Home","item":"https:\/\/lindy.com\/fr\/"},{"@type":"ListItem","position":2,"name":"\u00c9TUDE DE CAS SOVCOMM"}]},{"@type":"WebSite","@id":"https:\/\/lindy.com\/fr\/#website","url":"https:\/\/lindy.com\/fr\/","name":"Lindy - French","description":"Connection Perfection","potentialAction":[{"@type":"SearchAction","target":{"@type":"EntryPoint","urlTemplate":"https:\/\/lindy.com\/fr\/?s={search_term_string}"},"query-input":{"@type":"PropertyValueSpecification","valueRequired":true,"valueName":"search_term_string"}}],"inLanguage":"fr-FR"}]}},"_links":{"self":[{"href":"https:\/\/lindy.com\/fr\/wp-json\/wp\/v2\/pages\/4408","targetHints":{"allow":["GET"]}}],"collection":[{"href":"https:\/\/lindy.com\/fr\/wp-json\/wp\/v2\/pages"}],"about":[{"href":"https:\/\/lindy.com\/fr\/wp-json\/wp\/v2\/types\/page"}],"author":[{"embeddable":true,"href":"https:\/\/lindy.com\/fr\/wp-json\/wp\/v2\/users\/28"}],"replies":[{"embeddable":true,"href":"https:\/\/lindy.com\/fr\/wp-json\/wp\/v2\/comments?post=4408"}],"version-history":[{"count":129,"href":"https:\/\/lindy.com\/fr\/wp-json\/wp\/v2\/pages\/4408\/revisions"}],"predecessor-version":[{"id":5508,"href":"https:\/\/lindy.com\/fr\/wp-json\/wp\/v2\/pages\/4408\/revisions\/5508"}],"wp:attachment":[{"href":"https:\/\/lindy.com\/fr\/wp-json\/wp\/v2\/media?parent=4408"}],"curies":[{"name":"wp","href":"https:\/\/api.w.org\/{rel}","templated":true}]}}