{"id":45,"date":"2018-11-09T12:10:23","date_gmt":"2018-11-09T12:10:23","guid":{"rendered":"https:\/\/lindy.com\/fr\/?page_id=45"},"modified":"2019-05-23T12:06:50","modified_gmt":"2019-05-23T12:06:50","slug":"sante-et-salons-commerciaux","status":"publish","type":"page","link":"https:\/\/lindy.com\/fr\/sante-et-salons-commerciaux\/","title":{"rendered":"Solutions sant\u00e9 et salons commerciaux"},"content":{"rendered":"\n<section class=\"wp-block-lindy-parallax-hero section parallax-hero theme--light align--center  font--size-large\" style=\"background-image:url(https:\/\/lindy.com\/fr\/wp-content\/uploads\/sites\/4\/2018\/12\/Amended_TradeShows_2.jpg)\"><div class=\"contained contained--full-width\"><div class=\"parallax-hero__content\"><div class=\"parallax-hero__content-wrapper align--center\"><h2 class=\"section__heading\"><span><br\/><br\/>Applications <br\/>de salons<br\/><\/span><\/h2><h2 class=\"section__subheading section__subheading__title\">commerciaux <br\/>et accueil du public<\/h2><p class=\"section__paragraph\"><br\/>\u25bc<\/p><\/div><\/div><\/div><\/section>\n\n\n\n<section class=\"wp-block-lindy-parallax-hero section parallax-hero theme--dark align--center  font--size-medium\" style=\"background-image:url(https:\/\/lindy.com\/fr\/wp-content\/uploads\/sites\/4\/2018\/12\/Amended_TradeShows_1.jpg)\"><div class=\"contained contained--full-width\"><div class=\"parallax-hero__content\"><div class=\"parallax-hero__content-wrapper align--center\"><h2 class=\"section__heading\"><span><br\/><br\/><br\/><br\/><br\/><br\/><br\/><br\/><br\/><\/span><\/h2><\/div><\/div><\/div><\/section>\n\n\n\n<section class=\"wp-block-lindy-parallax-hero section parallax-hero theme--light align--center font--camber font--size-medium\" style=\"background-image:url(https:\/\/lindy.com\/fr\/wp-content\/uploads\/sites\/4\/2018\/12\/Amended_TradeShows_2.jpg)\"><div class=\"contained contained--full-width\"><div class=\"parallax-hero__content\"><div class=\"parallax-hero__content-wrapper align--center\"><h2 class=\"section__heading\"><span>LE COEUR DES<\/span><\/h2><h2 class=\"section__subheading section__subheading__title\">OF AV INSTALLATIONS<\/h2><p class=\"section__paragraph\"><br\/>Les solutions simples, puissante et extensibles sont au coeur de n&rsquo;importe quelle installation en sant\u00e9 et lors de salons commerciaux. Ces installations AV se basent sur de puissants commutateurs matrix qui contr\u00f4lent de fa\u00e7on centralis\u00e9e la distribution des contenus.<br\/><\/p><\/div><\/div><\/div><\/section>\n\n\n\n<section class=\"wp-block-lindy-heading-text section section--heading-text theme--light align--center  font--size-large section--animation-none\"><div class=\"contained\"><h2 class=\"section__heading\"><span><br\/>CENTRALE MODULAIRE DE COMMUTATION<br\/><\/span><\/h2><h2 class=\"section__subheading section__subheading__title\">SWITCH MATRIX 32&#215;32 MODULAIRE<\/h2><\/div><\/section>\n\n\n\n<section class=\"wp-block-lindy-image-text-module section section--full-width-image full-width-image--with-text theme--light section--animation-none align--left  font--size-medium width--half\" style=\"background-image:url(https:\/\/lindy.com\/en\/wp-content\/uploads\/sites\/2\/2018\/10\/Matrix_Halfwidth_2.jpg)\"><img decoding=\"async\" class=\"full-width-image__image\" src=\"https:\/\/lindy.com\/en\/wp-content\/uploads\/sites\/2\/2018\/10\/Matrix_Halfwidth_2.jpg\"\/><div class=\"contained\"><div class=\"full-width-image__content\"><\/div><\/div><\/section>\n\n\n\n<section class=\"wp-block-lindy-image-text-module section section--full-width-image full-width-image--with-text theme--light section--animation-right align--left font--camber font--size-small width--half\" style=\"background-image:url()\"><img decoding=\"async\" class=\"full-width-image__image\" src=\"\"\/><div class=\"contained\"><div class=\"full-width-image__content\"><p class=\"section__paragraph\"><br\/>Les diff\u00e9rents types de signaux AV ne sont malheureusement pas tous compatibles entre eux. Les signaux HDMI, DVI, HDBaseT et m\u00eame VGA peuvent \u00eatre utilis\u00e9s sur une m\u00eame installation. Ils doivent donc pouvoir \u00eatre combin\u00e9s, commut\u00e9s, distribu\u00e9s et convertis ensemble. Toutes ces fonctions sont r\u00e9alisables par le switch Matrix modulaire. Il est \u00e9quip\u00e9 de 32 ports en entr\u00e9e et en sortie et compos\u00e9 de cartes modulaires de 8 ports chacune. Le Switch est utilisable de mani\u00e8re flexible et sur mesure dans une installation AV en panachant les signaux. Qu\u2018il soit utilis\u00e9 dans une salle de contr\u00f4le, un datacenter, un syst\u00e8me d\u2018information (par exemple dans un a\u00e9roport ou une gare), dans un syst\u00e8me Digital Signage: son concept modulaire fait de ce Switch Matrix un vrai produit polyvalent.<br\/><\/p><a href=\"https:\/\/lindy.com\/fr\/technologie\/switch-matrix-av-modulaire\" class=\"button button--dark\" target=\"_self\" rel=\"noopener noreferrer\">EN SAVOIR PLUS<\/a><\/div><\/div><\/section>\n\n\n\n<section class=\"wp-block-lindy-paragraph-one-col section section--horizontal-content section--horizontal-content--one-column font--size-small theme--light align--center font--camber section--animation-none\"><div class=\"contained\"><h2 class=\"section__heading\"><span>CONTR\u00d4LE AV POUR <\/span><\/h2><h2 class=\"section__subheading section__subheading__title\">LES \u00c9V\u00c8NEMENTS ET LES SALONS<\/h2><p class=\"section__paragraph\"><br\/>Si des contenus multim\u00e9dias doivent \u00eatre affich\u00e9s lors de salons ou d\u2018\u00e9v\u00e8nements, une solution \u00e0 configuration sophistiqu\u00e9e est n\u00e9cessaire pour le contr\u00f4le de ces contenus AV. Gr\u00e2ce \u00e0 sa modularit\u00e9 et ses fonctions de conversion, le Switch Matrix est la centrale de contr\u00f4le id\u00e9ale pour les flux AV 4K dans une grande installation.<\/p><\/div><\/section>\n\n\n\n<section class=\"wp-block-lindy-zoom-image section section--zoom-image zoom-image align--center theme--light\"><div class=\"contained\"><div class=\"zoom-image-wrapper\"><img decoding=\"async\" class=\"zoomable\" src=\"https:\/\/lindy.com\/fr\/wp-content\/uploads\/sites\/4\/2019\/05\/38250_Diagram-1170x1170.jpg\" data-zoom-img=\"https:\/\/lindy.com\/fr\/wp-content\/uploads\/sites\/4\/2019\/05\/38250_Diagram.jpg\"\/><\/div><span class=\"zoom-image__description\">Click to zoom<\/span><\/div><\/section>\n","protected":false},"excerpt":{"rendered":"","protected":false},"author":11,"featured_media":0,"parent":0,"menu_order":0,"comment_status":"closed","ping_status":"closed","template":"page-templates\/template-landing.php","meta":{"_acf_changed":false,"footnotes":""},"class_list":["post-45","page","type-page","status-publish","hentry"],"acf":[],"yoast_head":"<!-- This site is optimized with the Yoast SEO plugin v26.6 - https:\/\/yoast.com\/wordpress\/plugins\/seo\/ -->\n<title>Solutions sant\u00e9 et salons commerciaux - Lindy - French<\/title>\n<meta name=\"robots\" content=\"index, follow, max-snippet:-1, max-image-preview:large, max-video-preview:-1\" \/>\n<link rel=\"canonical\" href=\"https:\/\/lindy.com\/fr\/sante-et-salons-commerciaux\/\" \/>\n<meta property=\"og:locale\" content=\"fr_FR\" \/>\n<meta property=\"og:type\" content=\"article\" \/>\n<meta property=\"og:title\" content=\"Solutions sant\u00e9 et salons commerciaux - Lindy - French\" \/>\n<meta property=\"og:url\" content=\"https:\/\/lindy.com\/fr\/sante-et-salons-commerciaux\/\" \/>\n<meta property=\"og:site_name\" content=\"Lindy - French\" \/>\n<meta property=\"article:modified_time\" content=\"2019-05-23T12:06:50+00:00\" \/>\n<meta property=\"og:image\" content=\"https:\/\/lindy.com\/en\/wp-content\/uploads\/sites\/2\/2018\/10\/Matrix_Halfwidth_2.jpg\" \/>\n<meta name=\"twitter:card\" content=\"summary_large_image\" \/>\n<meta name=\"twitter:label1\" content=\"Dur\u00e9e de lecture estim\u00e9e\" \/>\n\t<meta name=\"twitter:data1\" content=\"1 minute\" \/>\n<script type=\"application\/ld+json\" class=\"yoast-schema-graph\">{\"@context\":\"https:\/\/schema.org\",\"@graph\":[{\"@type\":\"WebPage\",\"@id\":\"https:\/\/lindy.com\/fr\/sante-et-salons-commerciaux\/\",\"url\":\"https:\/\/lindy.com\/fr\/sante-et-salons-commerciaux\/\",\"name\":\"Solutions sant\u00e9 et salons commerciaux - Lindy - French\",\"isPartOf\":{\"@id\":\"https:\/\/lindy.com\/fr\/#website\"},\"primaryImageOfPage\":{\"@id\":\"https:\/\/lindy.com\/fr\/sante-et-salons-commerciaux\/#primaryimage\"},\"image\":{\"@id\":\"https:\/\/lindy.com\/fr\/sante-et-salons-commerciaux\/#primaryimage\"},\"thumbnailUrl\":\"https:\/\/lindy.com\/en\/wp-content\/uploads\/sites\/2\/2018\/10\/Matrix_Halfwidth_2.jpg\",\"datePublished\":\"2018-11-09T12:10:23+00:00\",\"dateModified\":\"2019-05-23T12:06:50+00:00\",\"breadcrumb\":{\"@id\":\"https:\/\/lindy.com\/fr\/sante-et-salons-commerciaux\/#breadcrumb\"},\"inLanguage\":\"fr-FR\",\"potentialAction\":[{\"@type\":\"ReadAction\",\"target\":[\"https:\/\/lindy.com\/fr\/sante-et-salons-commerciaux\/\"]}]},{\"@type\":\"ImageObject\",\"inLanguage\":\"fr-FR\",\"@id\":\"https:\/\/lindy.com\/fr\/sante-et-salons-commerciaux\/#primaryimage\",\"url\":\"https:\/\/lindy.com\/en\/wp-content\/uploads\/sites\/2\/2018\/10\/Matrix_Halfwidth_2.jpg\",\"contentUrl\":\"https:\/\/lindy.com\/en\/wp-content\/uploads\/sites\/2\/2018\/10\/Matrix_Halfwidth_2.jpg\"},{\"@type\":\"BreadcrumbList\",\"@id\":\"https:\/\/lindy.com\/fr\/sante-et-salons-commerciaux\/#breadcrumb\",\"itemListElement\":[{\"@type\":\"ListItem\",\"position\":1,\"name\":\"Home\",\"item\":\"https:\/\/lindy.com\/fr\/\"},{\"@type\":\"ListItem\",\"position\":2,\"name\":\"Solutions sant\u00e9 et salons commerciaux\"}]},{\"@type\":\"WebSite\",\"@id\":\"https:\/\/lindy.com\/fr\/#website\",\"url\":\"https:\/\/lindy.com\/fr\/\",\"name\":\"Lindy - French\",\"description\":\"Connection Perfection\",\"potentialAction\":[{\"@type\":\"SearchAction\",\"target\":{\"@type\":\"EntryPoint\",\"urlTemplate\":\"https:\/\/lindy.com\/fr\/?s={search_term_string}\"},\"query-input\":{\"@type\":\"PropertyValueSpecification\",\"valueRequired\":true,\"valueName\":\"search_term_string\"}}],\"inLanguage\":\"fr-FR\"}]}<\/script>\n<!-- \/ Yoast SEO plugin. -->","yoast_head_json":{"title":"Solutions sant\u00e9 et salons commerciaux - Lindy - French","robots":{"index":"index","follow":"follow","max-snippet":"max-snippet:-1","max-image-preview":"max-image-preview:large","max-video-preview":"max-video-preview:-1"},"canonical":"https:\/\/lindy.com\/fr\/sante-et-salons-commerciaux\/","og_locale":"fr_FR","og_type":"article","og_title":"Solutions sant\u00e9 et salons commerciaux - Lindy - French","og_url":"https:\/\/lindy.com\/fr\/sante-et-salons-commerciaux\/","og_site_name":"Lindy - French","article_modified_time":"2019-05-23T12:06:50+00:00","og_image":[{"url":"https:\/\/lindy.com\/en\/wp-content\/uploads\/sites\/2\/2018\/10\/Matrix_Halfwidth_2.jpg","type":"","width":"","height":""}],"twitter_card":"summary_large_image","twitter_misc":{"Dur\u00e9e de lecture estim\u00e9e":"1 minute"},"schema":{"@context":"https:\/\/schema.org","@graph":[{"@type":"WebPage","@id":"https:\/\/lindy.com\/fr\/sante-et-salons-commerciaux\/","url":"https:\/\/lindy.com\/fr\/sante-et-salons-commerciaux\/","name":"Solutions sant\u00e9 et salons commerciaux - Lindy - French","isPartOf":{"@id":"https:\/\/lindy.com\/fr\/#website"},"primaryImageOfPage":{"@id":"https:\/\/lindy.com\/fr\/sante-et-salons-commerciaux\/#primaryimage"},"image":{"@id":"https:\/\/lindy.com\/fr\/sante-et-salons-commerciaux\/#primaryimage"},"thumbnailUrl":"https:\/\/lindy.com\/en\/wp-content\/uploads\/sites\/2\/2018\/10\/Matrix_Halfwidth_2.jpg","datePublished":"2018-11-09T12:10:23+00:00","dateModified":"2019-05-23T12:06:50+00:00","breadcrumb":{"@id":"https:\/\/lindy.com\/fr\/sante-et-salons-commerciaux\/#breadcrumb"},"inLanguage":"fr-FR","potentialAction":[{"@type":"ReadAction","target":["https:\/\/lindy.com\/fr\/sante-et-salons-commerciaux\/"]}]},{"@type":"ImageObject","inLanguage":"fr-FR","@id":"https:\/\/lindy.com\/fr\/sante-et-salons-commerciaux\/#primaryimage","url":"https:\/\/lindy.com\/en\/wp-content\/uploads\/sites\/2\/2018\/10\/Matrix_Halfwidth_2.jpg","contentUrl":"https:\/\/lindy.com\/en\/wp-content\/uploads\/sites\/2\/2018\/10\/Matrix_Halfwidth_2.jpg"},{"@type":"BreadcrumbList","@id":"https:\/\/lindy.com\/fr\/sante-et-salons-commerciaux\/#breadcrumb","itemListElement":[{"@type":"ListItem","position":1,"name":"Home","item":"https:\/\/lindy.com\/fr\/"},{"@type":"ListItem","position":2,"name":"Solutions sant\u00e9 et salons commerciaux"}]},{"@type":"WebSite","@id":"https:\/\/lindy.com\/fr\/#website","url":"https:\/\/lindy.com\/fr\/","name":"Lindy - French","description":"Connection Perfection","potentialAction":[{"@type":"SearchAction","target":{"@type":"EntryPoint","urlTemplate":"https:\/\/lindy.com\/fr\/?s={search_term_string}"},"query-input":{"@type":"PropertyValueSpecification","valueRequired":true,"valueName":"search_term_string"}}],"inLanguage":"fr-FR"}]}},"_links":{"self":[{"href":"https:\/\/lindy.com\/fr\/wp-json\/wp\/v2\/pages\/45","targetHints":{"allow":["GET"]}}],"collection":[{"href":"https:\/\/lindy.com\/fr\/wp-json\/wp\/v2\/pages"}],"about":[{"href":"https:\/\/lindy.com\/fr\/wp-json\/wp\/v2\/types\/page"}],"author":[{"embeddable":true,"href":"https:\/\/lindy.com\/fr\/wp-json\/wp\/v2\/users\/11"}],"replies":[{"embeddable":true,"href":"https:\/\/lindy.com\/fr\/wp-json\/wp\/v2\/comments?post=45"}],"version-history":[{"count":0,"href":"https:\/\/lindy.com\/fr\/wp-json\/wp\/v2\/pages\/45\/revisions"}],"wp:attachment":[{"href":"https:\/\/lindy.com\/fr\/wp-json\/wp\/v2\/media?parent=45"}],"curies":[{"name":"wp","href":"https:\/\/api.w.org\/{rel}","templated":true}]}}