{"id":46,"date":"2018-11-09T12:53:50","date_gmt":"2018-11-09T12:53:50","guid":{"rendered":"https:\/\/lindy.com\/fr\/?page_id=46"},"modified":"2019-05-23T12:08:08","modified_gmt":"2019-05-23T12:08:08","slug":"industrie-et-controle-de-processus","status":"publish","type":"page","link":"https:\/\/lindy.com\/fr\/industrie-et-controle-de-processus\/","title":{"rendered":"Solutions industrie et contr\u00f4le de processus"},"content":{"rendered":"\n<section class=\"wp-block-lindy-parallax-hero section parallax-hero theme--light align--center  font--size-large\" style=\"background-image:url(https:\/\/lindy.com\/fr\/wp-content\/uploads\/sites\/4\/2018\/12\/Amended_Industry_2.jpg)\"><div class=\"contained contained--full-width\"><div class=\"parallax-hero__content\"><div class=\"parallax-hero__content-wrapper align--center\"><h2 class=\"section__heading\"><span><br\/>Applications <br\/>pour l&rsquo;industrie <br\/><\/span><\/h2><h2 class=\"section__subheading section__subheading__title\">et le contr\u00f4le <br\/>de process<\/h2><p class=\"section__paragraph\"><br\/>\u25bc<\/p><\/div><\/div><\/div><\/section>\n\n\n\n<section class=\"wp-block-lindy-parallax-hero section parallax-hero theme--dark align--center  font--size-medium\" style=\"background-image:url(https:\/\/lindy.com\/fr\/wp-content\/uploads\/sites\/4\/2018\/12\/Amended_Industry_1.jpg)\"><div class=\"contained contained--full-width\"><div class=\"parallax-hero__content\"><div class=\"parallax-hero__content-wrapper align--center\"><h2 class=\"section__heading\"><span><br\/><br\/><br\/><br\/><br\/><br\/><br\/><br\/><br\/><\/span><\/h2><\/div><\/div><\/div><\/section>\n\n\n\n<section class=\"wp-block-lindy-parallax-hero section parallax-hero theme--light align--center font--camber font--size-medium\" style=\"background-image:url(https:\/\/lindy.com\/fr\/wp-content\/uploads\/sites\/4\/2018\/12\/Amended_Industry_2.jpg)\"><div class=\"contained contained--full-width\"><div class=\"parallax-hero__content\"><div class=\"parallax-hero__content-wrapper align--center\"><h2 class=\"section__heading\"><span>PRENDRE LE CONTR\u00d4LE TOTAL<\/span><\/h2><p class=\"section__paragraph\"><br\/>Les Extenders KVM et les c\u00e2bles hybrides fibre optique peuvent \u00eatre combin\u00e9s dans des applicatifs industriels et de contr\u00f4le de processus pour cr\u00e9er des solutions polyvalentes, puissantes, sur de longues distances.<br\/><\/p><\/div><\/div><\/div><\/section>\n\n\n\n<section class=\"wp-block-lindy-heading-text section section--heading-text theme--light align--center  font--size-large section--animation-none\"><div class=\"contained\"><h2 class=\"section__heading\"><span><br\/>Extendeurs KVM<br\/><\/span><\/h2><h2 class=\"section__subheading section__subheading__title\">Robuste. Fiable. \u00c9volutif.<\/h2><\/div><\/section>\n\n\n\n<section class=\"wp-block-lindy-image-text-module section section--full-width-image full-width-image--with-text theme--light section--animation-none align--left  font--size-medium width--half\" style=\"background-image:url(https:\/\/lindy.com\/en\/wp-content\/uploads\/sites\/2\/2018\/10\/39211.jpg)\"><img decoding=\"async\" class=\"full-width-image__image\" src=\"https:\/\/lindy.com\/en\/wp-content\/uploads\/sites\/2\/2018\/10\/39211.jpg\"\/><div class=\"contained\"><div class=\"full-width-image__content\"><\/div><\/div><\/section>\n\n\n\n<section class=\"wp-block-lindy-image-text-module section section--full-width-image full-width-image--with-text theme--light section--animation-right align--left font--camber font--size-small width--half undefined\" style=\"background-image:url()\"><img decoding=\"async\" class=\"full-width-image__image\" src=\"\"\/><div class=\"contained\"><div class=\"full-width-image__content\"><h2 class=\"section__heading\"><span><br\/><br\/><\/span><\/h2><p class=\"section__paragraph\">Les syst\u00e8mes d\u2018Extendeurs KVM professionnels doivent r\u00e9pondre \u00e0 trois crit\u00e8res indispensables: \u00eatre robuste, fiable et souple d\u2018utilisation. Les KVM Extendeur Series offrent d\u00e9j\u00e0 une souplesse gr\u00e2ce \u00e0 l\u2018utilisation de liaisons cuivre\/fibre optique et aux nombreuses options pr\u00e9install\u00e9es. Chaque utilisation, chaque installation et chacun de vos besoins sont diff\u00e9rents. <\/p><a href=\"https:\/\/www.lindy.fr\/?websale8=ld0101.ld030103&amp;ci=197\" class=\"button button--dark\" target=\"_blank\" rel=\"noopener noreferrer\">ACHETER EN LIGNE<\/a><\/div><\/div><\/section>\n\n\n\n<section class=\"wp-block-lindy-paragraph-one-col section section--horizontal-content section--horizontal-content--one-column font--size-small theme--light align--center font--camber section--animation-none\"><div class=\"contained\"><h2 class=\"section__heading\"><span>Contr\u00f4le dans tous les environnements<\/span><\/h2><p class=\"section__paragraph\"><br\/>Dans le cadre de la surveillance et du contr\u00f4le de processus robotis\u00e9s dans la production industrielle, il est important de tout centraliser dans une salle de contr\u00f4le. Ici, les dispositifs KVM Extendeur Series fournissent des services utiles dans le transfert des images de la cam\u00e9ra et dun contr\u00f4le distant de l\u2018ordinateur \u00e0 partir de la console utilisateur. Pour que les signaux tranmis restent intacts, l\u2018utilisation de fibre optique est possible. Un \u00e9l\u00e9ment id\u00e9al pour l\u2018industrie 4.0. <br\/><\/p><\/div><\/section>\n\n\n\n<section class=\"wp-block-lindy-zoom-image section section--zoom-image zoom-image align--center theme--light\"><div class=\"contained\"><div class=\"zoom-image-wrapper\"><img decoding=\"async\" class=\"zoomable\" src=\"https:\/\/lindy.com\/fr\/wp-content\/uploads\/sites\/4\/2019\/05\/Industry_39241-1-1170x770.jpg\" data-zoom-img=\"https:\/\/lindy.com\/fr\/wp-content\/uploads\/sites\/4\/2019\/05\/Industry_39241-1.jpg\"\/><\/div><span class=\"zoom-image__description\">Click to zoom<\/span><\/div><\/section>\n\n\n\n<section class=\"wp-block-lindy-paragraph-one-col section section--horizontal-content section--horizontal-content--one-column font--size-small theme--light align--center font--camber section--animation-none\"><div class=\"contained\"><h2 class=\"section__heading\"><span>KVM en contr\u00f4le de processus<\/span><\/h2><p class=\"section__paragraph\"><br\/>Pour le contr\u00f4le distant, par exemple des grues d\u2018un chantier ou du chargement d\u2018un container, des consoles KVM d\u00e9port\u00e9es de 80-120m sont n\u00e9cessaires. Pour pouvoir r\u00e9aliser un tel contr\u00f4le de grues depuis une salle de contr\u00f4le, un clavier et une souris associ\u00e9s \u00e0 un p\u00e9riph\u00e9rique USB (une cam\u00e9ra d\u00e9port\u00e9e) sont n\u00e9cessaires. La solution est apport\u00e9e avec les KVM Extendeur Series, qui peuvent d\u00e9porter un signal vid\u00e9o DVI et USB 2.0 clavier, souris et contr\u00f4le distant USB jusqu\u2018\u00e0 130m en c\u00e2ble Cat.6. <br\/><\/p><\/div><\/section>\n\n\n\n<section class=\"wp-block-lindy-heading-text section section--heading-text theme--light align--center  font--size-large section--animation-none\"><div class=\"contained\"><h2 class=\"section__heading\"><span><br\/> <br\/>C\u00c2BLES HYBRIDES HDMI <br\/>4K FIBRE OPTIQUE <br\/><\/span><\/h2><h2 class=\"section__subheading section__subheading__title\">LE MEILLEUR DES MONDES<br\/><br\/><\/h2><\/div><\/section>\n\n\n\n<section class=\"wp-block-lindy-image-text-module section section--full-width-image full-width-image--with-text theme--light section--animation-none align--left  font--size-medium width--half\" style=\"background-image:url(https:\/\/lindy.com\/en\/wp-content\/uploads\/sites\/2\/2018\/10\/38274_2_AP.jpg)\"><img decoding=\"async\" class=\"full-width-image__image\" src=\"https:\/\/lindy.com\/en\/wp-content\/uploads\/sites\/2\/2018\/10\/38274_2_AP.jpg\"\/><div class=\"contained\"><div class=\"full-width-image__content\"><\/div><\/div><\/section>\n\n\n\n<section class=\"wp-block-lindy-image-text-module section section--full-width-image full-width-image--with-text theme--light section--animation-right align--left  font--size-medium width--half\" style=\"background-image:url()\"><img decoding=\"async\" class=\"full-width-image__image\" src=\"\"\/><div class=\"contained\"><div class=\"full-width-image__content\"><p class=\"section__paragraph\">Il faut un temps d&rsquo;analyse pour fabriquer une ligne de transmission pour contenu 4K avec espace colorim\u00e9trique 4:4:4 \u00e0 60Hz. Les c\u00e2bles hybrides r\u00e9partissent le signal HDMI en deux parties: le contenu AV lui-m\u00eame qui est \u00e9mis avec une bande passante de 18Gbit\/s et les signaux de contr\u00f4le transmis via les conducteurs cuivre.<\/p><a href=\"lindy.com\/fr\/technologie\/fibres-optiques\" class=\"button button--dark\" target=\"_self\" rel=\"noopener noreferrer\">EN SAVOIR PLUS<\/a><\/div><\/div><\/section>\n\n\n\n<section class=\"wp-block-lindy-paragraph-one-col section section--horizontal-content section--horizontal-content--one-column font--size-small theme--light align--center font--camber section--animation-none\"><div class=\"contained\"><h2 class=\"section__heading\"><span>Technologie de la fibre optique dans <\/span><\/h2><h2 class=\"section__subheading section__subheading__title\">l&rsquo;industrie et le contr\u00f4le de processus<\/h2><p class=\"section__paragraph\"><br\/>Gr\u00e2ce \u00e0 l\u2018utilisation de mat\u00e9riaux de qualit\u00e9 et r\u00e9sistants \u00e0 la corrosion, par exemple des alliages de zync pour les connecteurs, les c\u00e2bles hybrides restent insensibles et fiables dans des installations industrielles, telles que dans une chaine de production et un centre de contr\u00f4le (CNC).<br\/><br\/>Gr\u00e2ce \u00e0 la technologie fibre optique, les c\u00e2bles hybrides sont insensibles aux perturbations \u00e9lectromagn\u00e9tiques EMI. Ils s\u2018installent id\u00e9alement dans des environnements critiques, tels que les milieux m\u00e9dicaux et industriels.<br\/><\/p><\/div><\/section>\n\n\n\n<section class=\"wp-block-lindy-zoom-image section section--zoom-image zoom-image align--center theme--light\"><div class=\"contained\"><div class=\"zoom-image-wrapper\"><img decoding=\"async\" class=\"zoomable\" src=\"https:\/\/lindy.com\/fr\/wp-content\/uploads\/sites\/4\/2019\/05\/38280-1170x1002.jpg\" data-zoom-img=\"https:\/\/lindy.com\/fr\/wp-content\/uploads\/sites\/4\/2019\/05\/38280.jpg\"\/><\/div><span class=\"zoom-image__description\">Click to zoom<\/span><\/div><\/section>\n","protected":false},"excerpt":{"rendered":"","protected":false},"author":11,"featured_media":0,"parent":0,"menu_order":0,"comment_status":"closed","ping_status":"closed","template":"page-templates\/template-landing.php","meta":{"_acf_changed":false,"footnotes":""},"class_list":["post-46","page","type-page","status-publish","hentry"],"acf":[],"yoast_head":"<!-- This site is optimized with the Yoast SEO plugin v26.6 - https:\/\/yoast.com\/wordpress\/plugins\/seo\/ -->\n<title>Solutions industrie et contr\u00f4le de processus - Lindy - French<\/title>\n<meta name=\"robots\" content=\"index, follow, max-snippet:-1, max-image-preview:large, max-video-preview:-1\" \/>\n<link rel=\"canonical\" href=\"https:\/\/lindy.com\/fr\/industrie-et-controle-de-processus\/\" \/>\n<meta property=\"og:locale\" content=\"fr_FR\" \/>\n<meta property=\"og:type\" content=\"article\" \/>\n<meta property=\"og:title\" content=\"Solutions industrie et contr\u00f4le de processus - Lindy - French\" \/>\n<meta property=\"og:url\" content=\"https:\/\/lindy.com\/fr\/industrie-et-controle-de-processus\/\" \/>\n<meta property=\"og:site_name\" content=\"Lindy - French\" \/>\n<meta property=\"article:modified_time\" content=\"2019-05-23T12:08:08+00:00\" \/>\n<meta property=\"og:image\" content=\"https:\/\/lindy.com\/en\/wp-content\/uploads\/sites\/2\/2018\/10\/39211.jpg\" \/>\n<meta name=\"twitter:card\" content=\"summary_large_image\" \/>\n<meta name=\"twitter:label1\" content=\"Dur\u00e9e de lecture estim\u00e9e\" \/>\n\t<meta name=\"twitter:data1\" content=\"2 minutes\" \/>\n<script type=\"application\/ld+json\" class=\"yoast-schema-graph\">{\"@context\":\"https:\/\/schema.org\",\"@graph\":[{\"@type\":\"WebPage\",\"@id\":\"https:\/\/lindy.com\/fr\/industrie-et-controle-de-processus\/\",\"url\":\"https:\/\/lindy.com\/fr\/industrie-et-controle-de-processus\/\",\"name\":\"Solutions industrie et contr\u00f4le de processus - Lindy - French\",\"isPartOf\":{\"@id\":\"https:\/\/lindy.com\/fr\/#website\"},\"primaryImageOfPage\":{\"@id\":\"https:\/\/lindy.com\/fr\/industrie-et-controle-de-processus\/#primaryimage\"},\"image\":{\"@id\":\"https:\/\/lindy.com\/fr\/industrie-et-controle-de-processus\/#primaryimage\"},\"thumbnailUrl\":\"https:\/\/lindy.com\/en\/wp-content\/uploads\/sites\/2\/2018\/10\/39211.jpg\",\"datePublished\":\"2018-11-09T12:53:50+00:00\",\"dateModified\":\"2019-05-23T12:08:08+00:00\",\"breadcrumb\":{\"@id\":\"https:\/\/lindy.com\/fr\/industrie-et-controle-de-processus\/#breadcrumb\"},\"inLanguage\":\"fr-FR\",\"potentialAction\":[{\"@type\":\"ReadAction\",\"target\":[\"https:\/\/lindy.com\/fr\/industrie-et-controle-de-processus\/\"]}]},{\"@type\":\"ImageObject\",\"inLanguage\":\"fr-FR\",\"@id\":\"https:\/\/lindy.com\/fr\/industrie-et-controle-de-processus\/#primaryimage\",\"url\":\"https:\/\/lindy.com\/en\/wp-content\/uploads\/sites\/2\/2018\/10\/39211.jpg\",\"contentUrl\":\"https:\/\/lindy.com\/en\/wp-content\/uploads\/sites\/2\/2018\/10\/39211.jpg\"},{\"@type\":\"BreadcrumbList\",\"@id\":\"https:\/\/lindy.com\/fr\/industrie-et-controle-de-processus\/#breadcrumb\",\"itemListElement\":[{\"@type\":\"ListItem\",\"position\":1,\"name\":\"Home\",\"item\":\"https:\/\/lindy.com\/fr\/\"},{\"@type\":\"ListItem\",\"position\":2,\"name\":\"Solutions industrie et contr\u00f4le de processus\"}]},{\"@type\":\"WebSite\",\"@id\":\"https:\/\/lindy.com\/fr\/#website\",\"url\":\"https:\/\/lindy.com\/fr\/\",\"name\":\"Lindy - French\",\"description\":\"Connection Perfection\",\"potentialAction\":[{\"@type\":\"SearchAction\",\"target\":{\"@type\":\"EntryPoint\",\"urlTemplate\":\"https:\/\/lindy.com\/fr\/?s={search_term_string}\"},\"query-input\":{\"@type\":\"PropertyValueSpecification\",\"valueRequired\":true,\"valueName\":\"search_term_string\"}}],\"inLanguage\":\"fr-FR\"}]}<\/script>\n<!-- \/ Yoast SEO plugin. -->","yoast_head_json":{"title":"Solutions industrie et contr\u00f4le de processus - Lindy - French","robots":{"index":"index","follow":"follow","max-snippet":"max-snippet:-1","max-image-preview":"max-image-preview:large","max-video-preview":"max-video-preview:-1"},"canonical":"https:\/\/lindy.com\/fr\/industrie-et-controle-de-processus\/","og_locale":"fr_FR","og_type":"article","og_title":"Solutions industrie et contr\u00f4le de processus - Lindy - French","og_url":"https:\/\/lindy.com\/fr\/industrie-et-controle-de-processus\/","og_site_name":"Lindy - French","article_modified_time":"2019-05-23T12:08:08+00:00","og_image":[{"url":"https:\/\/lindy.com\/en\/wp-content\/uploads\/sites\/2\/2018\/10\/39211.jpg","type":"","width":"","height":""}],"twitter_card":"summary_large_image","twitter_misc":{"Dur\u00e9e de lecture estim\u00e9e":"2 minutes"},"schema":{"@context":"https:\/\/schema.org","@graph":[{"@type":"WebPage","@id":"https:\/\/lindy.com\/fr\/industrie-et-controle-de-processus\/","url":"https:\/\/lindy.com\/fr\/industrie-et-controle-de-processus\/","name":"Solutions industrie et contr\u00f4le de processus - Lindy - French","isPartOf":{"@id":"https:\/\/lindy.com\/fr\/#website"},"primaryImageOfPage":{"@id":"https:\/\/lindy.com\/fr\/industrie-et-controle-de-processus\/#primaryimage"},"image":{"@id":"https:\/\/lindy.com\/fr\/industrie-et-controle-de-processus\/#primaryimage"},"thumbnailUrl":"https:\/\/lindy.com\/en\/wp-content\/uploads\/sites\/2\/2018\/10\/39211.jpg","datePublished":"2018-11-09T12:53:50+00:00","dateModified":"2019-05-23T12:08:08+00:00","breadcrumb":{"@id":"https:\/\/lindy.com\/fr\/industrie-et-controle-de-processus\/#breadcrumb"},"inLanguage":"fr-FR","potentialAction":[{"@type":"ReadAction","target":["https:\/\/lindy.com\/fr\/industrie-et-controle-de-processus\/"]}]},{"@type":"ImageObject","inLanguage":"fr-FR","@id":"https:\/\/lindy.com\/fr\/industrie-et-controle-de-processus\/#primaryimage","url":"https:\/\/lindy.com\/en\/wp-content\/uploads\/sites\/2\/2018\/10\/39211.jpg","contentUrl":"https:\/\/lindy.com\/en\/wp-content\/uploads\/sites\/2\/2018\/10\/39211.jpg"},{"@type":"BreadcrumbList","@id":"https:\/\/lindy.com\/fr\/industrie-et-controle-de-processus\/#breadcrumb","itemListElement":[{"@type":"ListItem","position":1,"name":"Home","item":"https:\/\/lindy.com\/fr\/"},{"@type":"ListItem","position":2,"name":"Solutions industrie et contr\u00f4le de processus"}]},{"@type":"WebSite","@id":"https:\/\/lindy.com\/fr\/#website","url":"https:\/\/lindy.com\/fr\/","name":"Lindy - French","description":"Connection Perfection","potentialAction":[{"@type":"SearchAction","target":{"@type":"EntryPoint","urlTemplate":"https:\/\/lindy.com\/fr\/?s={search_term_string}"},"query-input":{"@type":"PropertyValueSpecification","valueRequired":true,"valueName":"search_term_string"}}],"inLanguage":"fr-FR"}]}},"_links":{"self":[{"href":"https:\/\/lindy.com\/fr\/wp-json\/wp\/v2\/pages\/46","targetHints":{"allow":["GET"]}}],"collection":[{"href":"https:\/\/lindy.com\/fr\/wp-json\/wp\/v2\/pages"}],"about":[{"href":"https:\/\/lindy.com\/fr\/wp-json\/wp\/v2\/types\/page"}],"author":[{"embeddable":true,"href":"https:\/\/lindy.com\/fr\/wp-json\/wp\/v2\/users\/11"}],"replies":[{"embeddable":true,"href":"https:\/\/lindy.com\/fr\/wp-json\/wp\/v2\/comments?post=46"}],"version-history":[{"count":0,"href":"https:\/\/lindy.com\/fr\/wp-json\/wp\/v2\/pages\/46\/revisions"}],"wp:attachment":[{"href":"https:\/\/lindy.com\/fr\/wp-json\/wp\/v2\/media?parent=46"}],"curies":[{"name":"wp","href":"https:\/\/api.w.org\/{rel}","templated":true}]}}