{"id":4710,"date":"2025-06-05T14:16:43","date_gmt":"2025-06-05T14:16:43","guid":{"rendered":"https:\/\/lindy.com\/fr\/?page_id=4710"},"modified":"2025-07-03T07:03:25","modified_gmt":"2025-07-03T07:03:25","slug":"etude-de-cas-inogeni","status":"publish","type":"page","link":"https:\/\/lindy.com\/fr\/etude-de-cas-inogeni\/","title":{"rendered":"\u00c9TUDE DE CAS INOGENI"},"content":{"rendered":"\n<section class=\"wp-block-lindy-image-text-module section section--full-width-image full-width-image--with-text theme--dark section--animation-none align--center  font--size-large\" style=\"background-image:url(https:\/\/lindy.com\/fr\/wp-content\/uploads\/sites\/4\/2025\/05\/Inogeni_header.png)\"><img decoding=\"async\" class=\"full-width-image__image\" src=\"https:\/\/lindy.com\/fr\/wp-content\/uploads\/sites\/4\/2025\/05\/Inogeni_header.png\"\/><div class=\"contained\"><div class=\"full-width-image__content\"><h2 class=\"section__heading\"><span><mark style=\"background-color:rgba(0, 0, 0, 0)\" class=\"has-inline-color has-white-color\">R\u00e9volutionnez votre installation AV<\/mark><\/span><\/h2><h2 class=\"section__subheading section__subheading__title\"><mark style=\"background-color:rgba(0, 0, 0, 0)\" class=\"has-inline-color has-white-color\">D\u00e8s aujourd&rsquo;hui<\/mark><\/h2><\/div><\/div><\/section>\n\n\n\n<section class=\"wp-block-lindy-image-text-module section section--full-width-image full-width-image--with-text theme--dark section--animation-none align--center font--camber font--size-medium\" style=\"background-image:url()\"><img decoding=\"async\" class=\"full-width-image__image\" src=\"\"\/><div class=\"contained\"><div class=\"full-width-image__content\"><h2 class=\"section__subheading section__subheading__title\">\u00c9LARGISSEZ VOTRE CHAMP D\u2019ACTION : CONNECTER, COLLABORER, CR\u00c9ER<\/h2><p class=\"section__paragraph\"><br\/>Dans les espaces de r\u00e9union modernes et les installations AV \u00e0 grande \u00e9chelle, il est essentiel de disposer d&rsquo;une connectivit\u00e9 transparente et d&rsquo;une commutation sans probl\u00e8me. Sans la bonne technologie, les r\u00e9unions peuvent \u00eatre perturb\u00e9es par des connexions USB peu fiables, des retards de commutation manuelle et la d\u00e9gradation du signal. Les c\u00e2bles hybrides <br\/>USB-C de Lindy et le Toggle Rooms\/XT d&rsquo;Inogeni fonctionnent ensemble pour offrir une solution transparente et performante permettant de surmonter ces d\u00e9fis.<\/p><\/div><\/div><\/section>\n\n\n\n<section class=\"wp-block-lindy-image-text-module section section--full-width-image full-width-image--with-text theme--dark section--animation-none align--left  font--size-medium width--half\" style=\"background-image:url(https:\/\/lindy.com\/fr\/wp-content\/uploads\/sites\/4\/2025\/05\/Challenge.png)\"><img decoding=\"async\" class=\"full-width-image__image\" src=\"https:\/\/lindy.com\/fr\/wp-content\/uploads\/sites\/4\/2025\/05\/Challenge.png\"\/><div class=\"contained\"><div class=\"full-width-image__content\"><\/div><\/div><\/section>\n\n\n\n<section class=\"wp-block-lindy-image-text-module section section--full-width-image full-width-image--with-text theme--light section--animation-none align--left  font--size-medium width--half\" style=\"background-image:url()\"><img decoding=\"async\" class=\"full-width-image__image\" src=\"\"\/><div class=\"contained\"><div class=\"full-width-image__content\"><h2 class=\"section__heading\"><span>LE D\u00c9FI<\/span><\/h2><p class=\"section__paragraph\"><br\/><strong>Surmontez les d\u00e9fis de la connectivit\u00e9 et de la<br\/>commutation AV<\/strong><br\/><br\/>Passer du PC de la salle \u00e0 l&rsquo;ordinateur portable<br\/>d&rsquo;un invit\u00e9 devrait se faire sans effort. Pourtant,<br\/>de nombreuses configurations se heurtent aux<br\/>limites des c\u00e2bles USB, aux chutes de signal et \u00e0 des reconfigurations manuelles frustrantes. Ces obstacles techniques entra\u00eenent des pertes de temps en r\u00e9union, une baisse de la productivit\u00e9 et une mauvaise exp\u00e9rience pour l&rsquo;utilisateur.<\/p><\/div><\/div><\/section>\n\n\n\n<section class=\"wp-block-lindy-image-text-module section section--full-width-image full-width-image--with-text theme--dark section--animation-none align--left  font--size-medium width--half\" style=\"background-image:url()\"><img decoding=\"async\" class=\"full-width-image__image\" src=\"\"\/><div class=\"contained\"><div class=\"full-width-image__content\"><h2 class=\"section__heading\"><span>LA SOLUTION<\/span><\/h2><p class=\"section__paragraph\"><br\/><strong>Commuter en toute simplicit\u00e9, se connecter<br\/>sans limites<\/strong><br\/><br\/>La combinaison du Toggle Rooms\/XT d&rsquo;Inogeni<br\/>et du c\u00e2ble hybride Lindy USB-C constitue une<br\/>solution pratique et \u00e9volutive pour les salles de<br\/>r\u00e9union de toutes tailles. En \u00e9liminant les<br\/>probl\u00e8mes de commutation manuelle et les<br\/>limites de la connectivit\u00e9 USB, cette<br\/>configuration am\u00e9liore la productivit\u00e9 et<br\/>rationalise les exp\u00e9riences de r\u00e9union.<\/p><\/div><\/div><\/section>\n\n\n\n<section class=\"wp-block-lindy-image-text-module section section--full-width-image full-width-image--with-text theme--light section--animation-none align--left  font--size-medium width--half\" style=\"background-image:url(https:\/\/lindy.com\/fr\/wp-content\/uploads\/sites\/4\/2025\/05\/Inogeni-2_HW-1.jpg)\"><img decoding=\"async\" class=\"full-width-image__image\" src=\"https:\/\/lindy.com\/fr\/wp-content\/uploads\/sites\/4\/2025\/05\/Inogeni-2_HW-1.jpg\"\/><div class=\"contained\"><div class=\"full-width-image__content\"><\/div><\/div><\/section>\n\n\n\n\n\n<section class=\"wp-block-lindy-heading-text section section--heading-text theme--light align--center  font--size-medium section--animation-none\"><div class=\"contained\"><h2 class=\"section__heading\"><span><br\/>PRODUITS UTILIS\u00c9S<\/span><\/h2><h2 class=\"section__subheading section__subheading__title\"><br\/><\/h2><\/div><\/section>\n\n\n\n<section class=\"wp-block-lindy-image-text-module section section--full-width-image full-width-image--with-text theme--light section--animation-none align--left  font--size-medium width--half\" style=\"background-image:url(https:\/\/lindy.com\/fr\/wp-content\/uploads\/sites\/4\/2025\/05\/Toogle-2_HW.jpg)\"><img decoding=\"async\" class=\"full-width-image__image\" src=\"https:\/\/lindy.com\/fr\/wp-content\/uploads\/sites\/4\/2025\/05\/Toogle-2_HW.jpg\"\/><div class=\"contained\"><div class=\"full-width-image__content\"><\/div><\/div><\/section>\n\n\n\n<section class=\"wp-block-lindy-image-text-module section section--full-width-image full-width-image--with-text theme--light section--animation-none align--left font--camber font--size-medium width--half\" style=\"background-image:url()\"><img decoding=\"async\" class=\"full-width-image__image\" src=\"\"\/><div class=\"contained\"><div class=\"full-width-image__content\"><h2 class=\"section__subheading section__subheading__title\">Inogeni Toggle Rooms\/XT<\/h2><p class=\"section__paragraph\"><br\/>Un seul c\u00e2ble, un contr\u00f4le total : Simplifiez-vous<br\/>la vie avec une connexion USB-C de 100 W.<br\/><br\/>Commutation transparente : basculez<br\/>facilement entre plusieurs h\u00f4tes et<br\/>p\u00e9riph\u00e9riques.<br\/><br\/>Vid\u00e9o sans compromis : La technologie<br\/>HDBaseT d\u00e9livre 4k60 jusqu&rsquo;\u00e0 40m ou 1080p<br\/>jusqu&rsquo;\u00e0 70m pour le Toggle Rooms XT.<br\/><br\/>Fonctionne avec : Teams, Zoom, Logitech,<br\/>Crestron et plus encore.<\/p><\/div><\/div><\/section>\n\n\n\n<section class=\"wp-block-lindy-image-text-module section section--full-width-image full-width-image--with-text theme--dark section--animation-none align--left font--camber font--size-medium width--half\" style=\"background-image:url()\"><img decoding=\"async\" class=\"full-width-image__image\" src=\"\"\/><div class=\"contained\"><div class=\"full-width-image__content\"><h2 class=\"section__subheading section__subheading__title\">C\u00e2ble Hybride Type C USB 3.2 Gen 2 &amp; DP 1.4<\/h2><p class=\"section__paragraph\"><br\/>Des vitesses fulgurantes : Transfert de donn\u00e9es<br\/>\u00e0 10 Gbit\/s et vid\u00e9o 4K \u00e0 144 Hz<br\/><br\/>Conception multifonctionnelle : USB 3.2 +<br\/>DisplayPort\u2122 1.4 avec alimentation 60W<br\/><br\/>Connexion longue distance fiable : Parfait pour<br\/>les salles de conf\u00e9rence \u00e0 grande \u00e9chelle<br\/><br\/>Port\u00e9e \u00e9tendue : Disponible en longueurs de 10<br\/>m et 15 m, id\u00e9al pour les grandes tables de<br\/>conf\u00e9rence et les installations audiovisuelles.<\/p><a href=\"https:\/\/www.lindy.fr\/?websale8=ld0101.ld031103&amp;ci=264\" class=\"button button--white-transparent\" target=\"_self\" rel=\"noopener noreferrer\">D\u00c9COUVRIR<\/a><\/div><\/div><\/section>\n\n\n\n<section class=\"wp-block-lindy-image-text-module section section--full-width-image full-width-image--with-text theme--dark section--animation-none align--left  font--size-medium width--half\" style=\"background-image:url(https:\/\/lindy.com\/fr\/wp-content\/uploads\/sites\/4\/2025\/05\/43398_99_HW-1.jpg)\"><img decoding=\"async\" class=\"full-width-image__image\" src=\"https:\/\/lindy.com\/fr\/wp-content\/uploads\/sites\/4\/2025\/05\/43398_99_HW-1.jpg\"\/><div class=\"contained\"><div class=\"full-width-image__content\"><\/div><\/div><\/section>\n\n\n\n<section class=\"wp-block-lindy-image-text-module section section--full-width-image full-width-image--with-text theme--dark section--animation-none align--left  font--size-medium width--half\" style=\"background-image:url(https:\/\/lindy.com\/fr\/wp-content\/uploads\/sites\/4\/2025\/05\/Peopke-with-cable-HW.jpg)\"><img decoding=\"async\" class=\"full-width-image__image\" src=\"https:\/\/lindy.com\/fr\/wp-content\/uploads\/sites\/4\/2025\/05\/Peopke-with-cable-HW.jpg\"\/><div class=\"contained\"><div class=\"full-width-image__content\"><\/div><\/div><\/section>\n\n\n\n<section class=\"wp-block-lindy-image-text-module section section--full-width-image full-width-image--with-text theme--dark section--animation-none align--left  font--size-large width--half\" style=\"background-image:url()\"><img decoding=\"async\" class=\"full-width-image__image\" src=\"\"\/><div class=\"contained\"><div class=\"full-width-image__content\"><p class=\"section__paragraph\"><br\/><br\/>\u00ab\u00a0AVEC LE C\u00c2BLE HYBRIDE USB-C DE LINDY QUI S&rsquo;\u00c9TEND JUSQU&rsquo;\u00c0 15 M\u00c8TRES, LES SOLUTIONS TOGGLE TOOMS D&rsquo;INOGENI OFFRENT UNE CONNECTIVIT\u00c9 IN\u00c9GAL\u00c9E ET DES PERFORMANCES SUP\u00c9RIEURES, M\u00caME DANS LES ENVIRONNEMENTS LES PLUS EXIGEANTS\u00a0\u00bb<br\/><br\/>Jean-Pierre Simard, INOGENI Inc. CMO<\/p><\/div><\/div><\/section>\n\n\n\n<section class=\"wp-block-lindy-heading-text section section--heading-text theme--light align--center  font--size-medium section--animation-none\"><div class=\"contained\"><h2 class=\"section__heading\"><span><br\/>R\u00c9SULTATS &amp; AVANTAGES<\/span><\/h2><\/div><\/section>\n\n\n\n<section class=\"wp-block-lindy-key-info section section--key-info theme--light section--animation-none\"><div class=\"contained\"><div class=\"grid-2_sm-1-center\"><div class=\"col left_item\"><div class=\"box\"><h3 class=\"section__heading\"><\/h3><div class=\"section__content\"><p class=\"section__content\">Les solutions USB-C haute performance de Lindy, associ\u00e9es \u00e0 la technologie Toggle Room d&rsquo;Inogeni, offrent un moyen innovant d&rsquo;\u00e9tendre la connectivit\u00e9 et d&rsquo;am\u00e9liorer l&rsquo;efficacit\u00e9 des r\u00e9unions. Cette int\u00e9gration puissante permet aux utilisateurs de basculer sans effort entre plusieurs syst\u00e8mes de conf\u00e9rence, assurant une compatibilit\u00e9 des appareils sans tracas et sans reconfiguration constante. Gr\u00e2ce \u00e0 la port\u00e9e \u00e9tendue de l&rsquo;USB-C, les \u00e9quipes peuvent connecter des p\u00e9riph\u00e9riques tels que des cam\u00e9ras, des microphones et des \u00e9crans \u00e0 partir de n&rsquo;importe quel point de la table, \u00e9liminant ainsi la frustration li\u00e9e aux c\u00e2bles courts et aux configurations maladroites.<\/p><\/div><\/div><\/div><div class=\"col right_item\"><div class=\"box\"><h3 class=\"section__heading\"><\/h3><div class=\"section__content\"><p class=\"section__content\">En outre, cette solution am\u00e9liore la flexibilit\u00e9 et la productivit\u00e9, permettant aux entreprises de cr\u00e9er un espace de r\u00e9union r\u00e9ellement adaptable qui accueille \u00e0 la fois des participants \u00e0 distance et en personne. En r\u00e9duisant la complexit\u00e9 de l&rsquo;installation et en optimisant les flux de travail de la vid\u00e9o conf\u00e9rence, Lindy et Inogeni offrent une exp\u00e9rience de collaboration transparente, professionnelle et pr\u00eate pour l&rsquo;avenir.<\/p><\/div><\/div><\/div><\/div><\/div><\/section>\n\n\n\n<section class=\"wp-block-lindy-parallax-hero section parallax-hero theme--light align--center  font--size-medium\" style=\"background-image:url(https:\/\/lindy.com\/fr\/wp-content\/uploads\/sites\/4\/2025\/05\/FR.png)\"><div class=\"contained contained--full-width\"><div class=\"parallax-hero__content\"><div class=\"parallax-hero__content-wrapper align--center\"><\/div><\/div><\/div><\/section>\n\n\n\n<section class=\"wp-block-lindy-image-text-module section section--full-width-image full-width-image--with-text theme--light section--animation-none align--center  font--size-medium\" style=\"background-image:url()\"><img decoding=\"async\" class=\"full-width-image__image\" src=\"\"\/><div class=\"contained\"><div class=\"full-width-image__content\"><h2 class=\"section__heading\"><span>CONCLUSION &amp; POINTS \u00c0 RETENIR<\/span><\/h2><p class=\"section__paragraph\"><br\/>Les r\u00e9unions hybrides sont l&rsquo;avenir de la collaboration, mais les installations audiovisuelles d\u00e9pass\u00e9es cr\u00e9ent des obstacles inutiles. En int\u00e9grant les solutions USB-C de pointe de Lindy aux Toggle Rooms d&rsquo;Inogeni, les entreprises peuvent garantir des conf\u00e9rences fluides, professionnelles et sans stress, quelle que soit la taille ou la configuration de la salle.<\/p><\/div><\/div><\/section>\n\n\n\n<section class=\"wp-block-lindy-image-text-module section section--full-width-image full-width-image--with-text theme--dark section--animation-none align--left  font--size-medium width--half\" style=\"background-image:url(https:\/\/lindy.com\/fr\/wp-content\/uploads\/sites\/4\/2025\/05\/Mock-up-case-sudy-Inogeni.jpg)\"><img decoding=\"async\" class=\"full-width-image__image\" src=\"https:\/\/lindy.com\/fr\/wp-content\/uploads\/sites\/4\/2025\/05\/Mock-up-case-sudy-Inogeni.jpg\"\/><div class=\"contained\"><div class=\"full-width-image__content\"><\/div><\/div><\/section>\n\n\n\n<section class=\"wp-block-lindy-image-text-module section section--full-width-image full-width-image--with-text theme--dark section--animation-none align--center  font--size-small width--half\" style=\"background-image:url()\"><img decoding=\"async\" class=\"full-width-image__image\" src=\"\"\/><div class=\"contained\"><div class=\"full-width-image__content\"><h2 class=\"section__subheading section__subheading__title\">Vous avez trouv\u00e9 cette \u00e9tude de cas instructive ? <\/h2><p class=\"section__paragraph\"><br\/><strong>Conservez-la en un clic <\/strong><\/p><a href=\"https:\/\/lindy.com\/fr\/wp-content\/uploads\/sites\/4\/2025\/05\/Lindy-x-Inogeni-Application-Case-Study-FR.pdf\" class=\"button button--white-transparent\" target=\"_blank\" rel=\"noopener noreferrer\">\ud83d\udce5 T\u00e9l\u00e9charger la version pdf<\/a><\/div><\/div><\/section>\n","protected":false},"excerpt":{"rendered":"","protected":false},"author":28,"featured_media":0,"parent":0,"menu_order":0,"comment_status":"closed","ping_status":"closed","template":"page-templates\/template-landing.php","meta":{"_acf_changed":false,"footnotes":""},"class_list":["post-4710","page","type-page","status-publish","hentry"],"acf":[],"yoast_head":"<!-- This site is optimized with the Yoast SEO plugin v26.6 - https:\/\/yoast.com\/wordpress\/plugins\/seo\/ -->\n<title>\u00c9TUDE DE CAS INOGENI - Lindy - French - collaboration fluide<\/title>\n<meta name=\"description\" content=\"Les c\u00e2bles hybrides USB-C de Lindy et les solutions Toggle Rooms\/XT d\u2019Inogeni assurent une collaboration fluide.\" \/>\n<meta name=\"robots\" content=\"index, follow, max-snippet:-1, max-image-preview:large, max-video-preview:-1\" \/>\n<link rel=\"canonical\" href=\"https:\/\/lindy.com\/fr\/etude-de-cas-inogeni\/\" \/>\n<meta property=\"og:locale\" content=\"fr_FR\" \/>\n<meta property=\"og:type\" content=\"article\" \/>\n<meta property=\"og:title\" content=\"\u00c9TUDE DE CAS INOGENI - Lindy - French - collaboration fluide\" \/>\n<meta property=\"og:description\" content=\"Les c\u00e2bles hybrides USB-C de Lindy et les solutions Toggle Rooms\/XT d\u2019Inogeni assurent une collaboration fluide.\" \/>\n<meta property=\"og:url\" content=\"https:\/\/lindy.com\/fr\/etude-de-cas-inogeni\/\" \/>\n<meta property=\"og:site_name\" content=\"Lindy - French\" \/>\n<meta property=\"article:modified_time\" content=\"2025-07-03T07:03:25+00:00\" \/>\n<meta property=\"og:image\" content=\"https:\/\/lindy.com\/fr\/wp-content\/uploads\/sites\/4\/2025\/05\/Inogeni_header.png\" \/>\n<meta name=\"twitter:card\" content=\"summary_large_image\" \/>\n<meta name=\"twitter:label1\" content=\"Dur\u00e9e de lecture estim\u00e9e\" \/>\n\t<meta name=\"twitter:data1\" content=\"7 minutes\" \/>\n<script type=\"application\/ld+json\" class=\"yoast-schema-graph\">{\"@context\":\"https:\/\/schema.org\",\"@graph\":[{\"@type\":\"WebPage\",\"@id\":\"https:\/\/lindy.com\/fr\/etude-de-cas-inogeni\/\",\"url\":\"https:\/\/lindy.com\/fr\/etude-de-cas-inogeni\/\",\"name\":\"\u00c9TUDE DE CAS INOGENI - Lindy - French - collaboration fluide\",\"isPartOf\":{\"@id\":\"https:\/\/lindy.com\/fr\/#website\"},\"primaryImageOfPage\":{\"@id\":\"https:\/\/lindy.com\/fr\/etude-de-cas-inogeni\/#primaryimage\"},\"image\":{\"@id\":\"https:\/\/lindy.com\/fr\/etude-de-cas-inogeni\/#primaryimage\"},\"thumbnailUrl\":\"https:\/\/lindy.com\/fr\/wp-content\/uploads\/sites\/4\/2025\/05\/Inogeni_header.png\",\"datePublished\":\"2025-06-05T14:16:43+00:00\",\"dateModified\":\"2025-07-03T07:03:25+00:00\",\"description\":\"Les c\u00e2bles hybrides USB-C de Lindy et les solutions Toggle Rooms\/XT d\u2019Inogeni assurent une collaboration fluide.\",\"breadcrumb\":{\"@id\":\"https:\/\/lindy.com\/fr\/etude-de-cas-inogeni\/#breadcrumb\"},\"inLanguage\":\"fr-FR\",\"potentialAction\":[{\"@type\":\"ReadAction\",\"target\":[\"https:\/\/lindy.com\/fr\/etude-de-cas-inogeni\/\"]}]},{\"@type\":\"ImageObject\",\"inLanguage\":\"fr-FR\",\"@id\":\"https:\/\/lindy.com\/fr\/etude-de-cas-inogeni\/#primaryimage\",\"url\":\"https:\/\/lindy.com\/fr\/wp-content\/uploads\/sites\/4\/2025\/05\/Inogeni_header.png\",\"contentUrl\":\"https:\/\/lindy.com\/fr\/wp-content\/uploads\/sites\/4\/2025\/05\/Inogeni_header.png\",\"width\":1800,\"height\":1046},{\"@type\":\"BreadcrumbList\",\"@id\":\"https:\/\/lindy.com\/fr\/etude-de-cas-inogeni\/#breadcrumb\",\"itemListElement\":[{\"@type\":\"ListItem\",\"position\":1,\"name\":\"Home\",\"item\":\"https:\/\/lindy.com\/fr\/\"},{\"@type\":\"ListItem\",\"position\":2,\"name\":\"\u00c9TUDE DE CAS INOGENI\"}]},{\"@type\":\"WebSite\",\"@id\":\"https:\/\/lindy.com\/fr\/#website\",\"url\":\"https:\/\/lindy.com\/fr\/\",\"name\":\"Lindy - French\",\"description\":\"Connection Perfection\",\"potentialAction\":[{\"@type\":\"SearchAction\",\"target\":{\"@type\":\"EntryPoint\",\"urlTemplate\":\"https:\/\/lindy.com\/fr\/?s={search_term_string}\"},\"query-input\":{\"@type\":\"PropertyValueSpecification\",\"valueRequired\":true,\"valueName\":\"search_term_string\"}}],\"inLanguage\":\"fr-FR\"}]}<\/script>\n<!-- \/ Yoast SEO plugin. -->","yoast_head_json":{"title":"\u00c9TUDE DE CAS INOGENI - Lindy - French - collaboration fluide","description":"Les c\u00e2bles hybrides USB-C de Lindy et les solutions Toggle Rooms\/XT d\u2019Inogeni assurent une collaboration fluide.","robots":{"index":"index","follow":"follow","max-snippet":"max-snippet:-1","max-image-preview":"max-image-preview:large","max-video-preview":"max-video-preview:-1"},"canonical":"https:\/\/lindy.com\/fr\/etude-de-cas-inogeni\/","og_locale":"fr_FR","og_type":"article","og_title":"\u00c9TUDE DE CAS INOGENI - Lindy - French - collaboration fluide","og_description":"Les c\u00e2bles hybrides USB-C de Lindy et les solutions Toggle Rooms\/XT d\u2019Inogeni assurent une collaboration fluide.","og_url":"https:\/\/lindy.com\/fr\/etude-de-cas-inogeni\/","og_site_name":"Lindy - French","article_modified_time":"2025-07-03T07:03:25+00:00","og_image":[{"url":"https:\/\/lindy.com\/fr\/wp-content\/uploads\/sites\/4\/2025\/05\/Inogeni_header.png","type":"","width":"","height":""}],"twitter_card":"summary_large_image","twitter_misc":{"Dur\u00e9e de lecture estim\u00e9e":"7 minutes"},"schema":{"@context":"https:\/\/schema.org","@graph":[{"@type":"WebPage","@id":"https:\/\/lindy.com\/fr\/etude-de-cas-inogeni\/","url":"https:\/\/lindy.com\/fr\/etude-de-cas-inogeni\/","name":"\u00c9TUDE DE CAS INOGENI - Lindy - French - collaboration fluide","isPartOf":{"@id":"https:\/\/lindy.com\/fr\/#website"},"primaryImageOfPage":{"@id":"https:\/\/lindy.com\/fr\/etude-de-cas-inogeni\/#primaryimage"},"image":{"@id":"https:\/\/lindy.com\/fr\/etude-de-cas-inogeni\/#primaryimage"},"thumbnailUrl":"https:\/\/lindy.com\/fr\/wp-content\/uploads\/sites\/4\/2025\/05\/Inogeni_header.png","datePublished":"2025-06-05T14:16:43+00:00","dateModified":"2025-07-03T07:03:25+00:00","description":"Les c\u00e2bles hybrides USB-C de Lindy et les solutions Toggle Rooms\/XT d\u2019Inogeni assurent une collaboration fluide.","breadcrumb":{"@id":"https:\/\/lindy.com\/fr\/etude-de-cas-inogeni\/#breadcrumb"},"inLanguage":"fr-FR","potentialAction":[{"@type":"ReadAction","target":["https:\/\/lindy.com\/fr\/etude-de-cas-inogeni\/"]}]},{"@type":"ImageObject","inLanguage":"fr-FR","@id":"https:\/\/lindy.com\/fr\/etude-de-cas-inogeni\/#primaryimage","url":"https:\/\/lindy.com\/fr\/wp-content\/uploads\/sites\/4\/2025\/05\/Inogeni_header.png","contentUrl":"https:\/\/lindy.com\/fr\/wp-content\/uploads\/sites\/4\/2025\/05\/Inogeni_header.png","width":1800,"height":1046},{"@type":"BreadcrumbList","@id":"https:\/\/lindy.com\/fr\/etude-de-cas-inogeni\/#breadcrumb","itemListElement":[{"@type":"ListItem","position":1,"name":"Home","item":"https:\/\/lindy.com\/fr\/"},{"@type":"ListItem","position":2,"name":"\u00c9TUDE DE CAS INOGENI"}]},{"@type":"WebSite","@id":"https:\/\/lindy.com\/fr\/#website","url":"https:\/\/lindy.com\/fr\/","name":"Lindy - French","description":"Connection Perfection","potentialAction":[{"@type":"SearchAction","target":{"@type":"EntryPoint","urlTemplate":"https:\/\/lindy.com\/fr\/?s={search_term_string}"},"query-input":{"@type":"PropertyValueSpecification","valueRequired":true,"valueName":"search_term_string"}}],"inLanguage":"fr-FR"}]}},"_links":{"self":[{"href":"https:\/\/lindy.com\/fr\/wp-json\/wp\/v2\/pages\/4710","targetHints":{"allow":["GET"]}}],"collection":[{"href":"https:\/\/lindy.com\/fr\/wp-json\/wp\/v2\/pages"}],"about":[{"href":"https:\/\/lindy.com\/fr\/wp-json\/wp\/v2\/types\/page"}],"author":[{"embeddable":true,"href":"https:\/\/lindy.com\/fr\/wp-json\/wp\/v2\/users\/28"}],"replies":[{"embeddable":true,"href":"https:\/\/lindy.com\/fr\/wp-json\/wp\/v2\/comments?post=4710"}],"version-history":[{"count":107,"href":"https:\/\/lindy.com\/fr\/wp-json\/wp\/v2\/pages\/4710\/revisions"}],"predecessor-version":[{"id":5837,"href":"https:\/\/lindy.com\/fr\/wp-json\/wp\/v2\/pages\/4710\/revisions\/5837"}],"wp:attachment":[{"href":"https:\/\/lindy.com\/fr\/wp-json\/wp\/v2\/media?parent=4710"}],"curies":[{"name":"wp","href":"https:\/\/api.w.org\/{rel}","templated":true}]}}