{"id":4817,"date":"2025-06-05T14:00:12","date_gmt":"2025-06-05T14:00:12","guid":{"rendered":"https:\/\/lindy.com\/fr\/?page_id=4817"},"modified":"2025-06-05T14:00:13","modified_gmt":"2025-06-05T14:00:13","slug":"etude-de-cas-golf-tech-systems-installation-av","status":"publish","type":"page","link":"https:\/\/lindy.com\/fr\/etude-de-cas-golf-tech-systems-installation-av\/","title":{"rendered":"\u00c9TUDE DE CAS GOLF TECH SYSTEMS"},"content":{"rendered":"\n<section class=\"wp-block-lindy-image-text-module section section--full-width-image full-width-image--with-text theme--dark section--animation-none align--center  font--size-large\" style=\"background-image:url(https:\/\/lindy.com\/fr\/wp-content\/uploads\/sites\/4\/2025\/05\/Golf-Tech-Systems_header.jpg)\"><img decoding=\"async\" class=\"full-width-image__image\" src=\"https:\/\/lindy.com\/fr\/wp-content\/uploads\/sites\/4\/2025\/05\/Golf-Tech-Systems_header.jpg\"\/><div class=\"contained\"><div class=\"full-width-image__content\"><h2 class=\"section__heading\"><span>DU TEE AU GREEN<\/span><\/h2><h2 class=\"section__subheading section__subheading__title\">LINDY RELIE LE TOUT<\/h2><\/div><\/div><\/section>\n\n\n\n<section class=\"wp-block-lindy-image-text-module section section--full-width-image full-width-image--with-text theme--dark section--animation-none align--center font--camber font--size-medium\" style=\"background-image:url()\"><img decoding=\"async\" class=\"full-width-image__image\" src=\"\"\/><div class=\"contained\"><div class=\"full-width-image__content\"><h2 class=\"section__subheading section__subheading__title\">LA MEILLEURE EXP\u00c9RIENCE DE JEU, UNE INSTALLATION SANS FAILLE<\/h2><p class=\"section__paragraph\"><br\/>Golf Tech Systems, l&rsquo;un des principaux fournisseurs de simulateurs de golf haut de gamme pour les professionnels et les particuliers, avait besoin d&rsquo;une solution de c\u00e2blage coh\u00e9rente pour optimiser ses installations. Lindy a fourni des c\u00e2bles et des adaptateurs de qualit\u00e9 sup\u00e9rieure, garantissant une connectivit\u00e9 transparente, des performances fiables et une exp\u00e9rience utilisateur am\u00e9lior\u00e9e.<\/p><\/div><\/div><\/section>\n\n\n\n<section class=\"wp-block-lindy-image-text-module section section--full-width-image full-width-image--with-text theme--dark section--animation-none align--left  font--size-medium width--half\" style=\"background-image:url(https:\/\/lindy.com\/fr\/wp-content\/uploads\/sites\/4\/2025\/05\/Challenge_1.jpg)\"><img decoding=\"async\" class=\"full-width-image__image\" src=\"https:\/\/lindy.com\/fr\/wp-content\/uploads\/sites\/4\/2025\/05\/Challenge_1.jpg\"\/><div class=\"contained\"><div class=\"full-width-image__content\"><\/div><\/div><\/section>\n\n\n\n<section class=\"wp-block-lindy-image-text-module section section--full-width-image full-width-image--with-text theme--light section--animation-none align--left  font--size-medium width--half\" style=\"background-image:url()\"><img decoding=\"async\" class=\"full-width-image__image\" src=\"\"\/><div class=\"contained\"><div class=\"full-width-image__content\"><h2 class=\"section__heading\"><span>LE D\u00c9FI<\/span><\/h2><p class=\"section__paragraph\"><br\/><strong>Le manque de c\u00e2bles standardis\u00e9s a compliqu\u00e9 l&rsquo;installation et le d\u00e9pannage. <\/strong><br\/><br\/>Avec des configurations d&rsquo;installation variant de petits syst\u00e8mes r\u00e9sidentiels \u00e0 de grands environnements commerciaux, le besoin de c\u00e2bles HDMI\u00ae et USB haute performance et longue distance \u00e9tait essentiel.<\/p><\/div><\/div><\/section>\n\n\n\n<section class=\"wp-block-lindy-image-text-module section section--full-width-image full-width-image--with-text theme--light section--animation-none align--left  font--size-medium width--half\" style=\"background-image:url()\"><img decoding=\"async\" class=\"full-width-image__image\" src=\"\"\/><div class=\"contained\"><div class=\"full-width-image__content\"><h2 class=\"section__heading\"><span>LA SOLUTION DE LINDY<\/span><\/h2><p class=\"section__paragraph\"><br\/>Lindy a fourni une gamme de c\u00e2bles, d&rsquo;extenders, de produits matriciels, de commutateurs et d&rsquo;adaptateurs de haute qualit\u00e9 qui ont assur\u00e9 une connectivit\u00e9 sans faille entre les moniteurs, les projecteurs et d&rsquo;autres composants dans les installations de Golf Tech Systems. En cons\u00e9quence, Golf Tech Systems a int\u00e9gr\u00e9 les c\u00e2bles Lindy dans sa configuration standard et les utilise d\u00e9sormais fr\u00e9quemment pour maintenir une connectivit\u00e9 fiable dans diverses configurations.<\/p><\/div><\/div><\/section>\n\n\n\n<section class=\"wp-block-lindy-image-text-module section section--full-width-image full-width-image--with-text theme--light section--animation-none align--left  font--size-medium width--half\" style=\"background-image:url(https:\/\/lindy.com\/fr\/wp-content\/uploads\/sites\/4\/2025\/05\/Golf-Tech-SystemsxLindy.png)\"><img decoding=\"async\" class=\"full-width-image__image\" src=\"https:\/\/lindy.com\/fr\/wp-content\/uploads\/sites\/4\/2025\/05\/Golf-Tech-SystemsxLindy.png\"\/><div class=\"contained\"><div class=\"full-width-image__content\"><\/div><\/div><\/section>\n\n\n\n<section class=\"wp-block-lindy-heading-text section section--heading-text theme--dark align--center  font--size-medium section--animation-none\"><div class=\"contained\"><h2 class=\"section__heading\"><span><br\/>PRODUITS FR\u00c9QUEMMENT UTILIS\u00c9S<\/span><\/h2><h2 class=\"section__subheading section__subheading__title\"><br\/><\/h2><\/div><\/section>\n\n\n\n<section class=\"wp-block-lindy-image-text-module section section--full-width-image full-width-image--with-text theme--dark section--animation-none align--left  font--size-medium width--half\" style=\"background-image:url()\"><img decoding=\"async\" class=\"full-width-image__image\" src=\"\"\/><div class=\"contained\"><div class=\"full-width-image__content\"><p class=\"section__paragraph\"><strong>No. 41072 &#8211; C\u00e2ble HDMI\u00ae 4K60 actif, 15m<\/strong><br\/><br\/>Le c\u00e2ble HDMI\u00ae actif offre une connectivit\u00e9 4K longue distance avec une installation flexible.<\/p><a href=\"https:\/\/www.lindy.fr\/Cable-HDMI-4K60-actif-15m.htm?websale8=ld0101.ld031103&amp;pi=41072&amp;ci=80\" class=\"button button--white-transparent\" target=\"_blank\" rel=\"noopener noreferrer\">D\u00c9COUVRIR<\/a><\/div><\/div><\/section>\n\n\n\n<section class=\"wp-block-lindy-image-text-module section section--full-width-image full-width-image--with-text theme--dark section--animation-none align--left  font--size-medium width--half\" style=\"background-image:url(https:\/\/lindy.com\/fr\/wp-content\/uploads\/sites\/4\/2025\/05\/41072_HW.jpg)\"><img decoding=\"async\" class=\"full-width-image__image\" src=\"https:\/\/lindy.com\/fr\/wp-content\/uploads\/sites\/4\/2025\/05\/41072_HW.jpg\"\/><div class=\"contained\"><div class=\"full-width-image__content\"><\/div><\/div><\/section>\n\n\n\n<section class=\"wp-block-lindy-image-text-module section section--full-width-image full-width-image--with-text theme--dark section--animation-none align--left  font--size-medium width--half\" style=\"background-image:url(https:\/\/lindy.com\/fr\/wp-content\/uploads\/sites\/4\/2025\/05\/36965_HW.jpg)\"><img decoding=\"async\" class=\"full-width-image__image\" src=\"https:\/\/lindy.com\/fr\/wp-content\/uploads\/sites\/4\/2025\/05\/36965_HW.jpg\"\/><div class=\"contained\"><div class=\"full-width-image__content\"><\/div><\/div><\/section>\n\n\n\n<section class=\"wp-block-lindy-image-text-module section section--full-width-image full-width-image--with-text theme--light section--animation-none align--left  font--size-medium width--half\" style=\"background-image:url()\"><img decoding=\"async\" class=\"full-width-image__image\" src=\"\"\/><div class=\"contained\"><div class=\"full-width-image__content\"><p class=\"section__paragraph\"><strong>No. 36965 &#8211; C\u00e2ble HDMI\u00ae High Speed, Anthra Line, 5m<\/strong><br\/><br\/>Connexion d&rsquo;\u00e9crans haute r\u00e9solution avec une d\u00e9gradation minimale du signal.<\/p><a href=\"https:\/\/www.lindy.fr\/Cable-HDMI-High-Speed-Anthra-Line-5m.htm?websale8=ld0101.ld031103&amp;pi=36965&amp;ci=80\" class=\"button button--dark\" target=\"_blank\" rel=\"noopener noreferrer\">D\u00c9COUVRIR<\/a><\/div><\/div><\/section>\n\n\n\n<section class=\"wp-block-lindy-image-text-module section section--full-width-image full-width-image--with-text theme--dark section--animation-none align--left  font--size-medium width--half\" style=\"background-image:url()\"><img decoding=\"async\" class=\"full-width-image__image\" src=\"\"\/><div class=\"contained\"><div class=\"full-width-image__content\"><p class=\"section__paragraph\"><strong>No. 43157 &#8211; Rallonge active Pro USB 3.0, 10m<\/strong><br\/><br\/>Un c\u00e2ble actif haute performance, pouvant \u00eatre cha\u00een\u00e9 en s\u00e9rie, avec une vitesse de 5 Gbit\/s.<\/p><a href=\"https:\/\/www.lindy.fr\/Rallonge-active-Pro-USB-3-0-10m.htm?websale8=ld0101.ld031103&amp;pi=43157&amp;ci=50\" class=\"button button--white-transparent\" target=\"_blank\" rel=\"noopener noreferrer\">D\u00c9COUVRIR<\/a><\/div><\/div><\/section>\n\n\n\n<section class=\"wp-block-lindy-image-text-module section section--full-width-image full-width-image--with-text theme--dark section--animation-none align--left  font--size-medium width--half\" style=\"background-image:url(https:\/\/lindy.com\/fr\/wp-content\/uploads\/sites\/4\/2025\/05\/43157_HW2.jpg)\"><img decoding=\"async\" class=\"full-width-image__image\" src=\"https:\/\/lindy.com\/fr\/wp-content\/uploads\/sites\/4\/2025\/05\/43157_HW2.jpg\"\/><div class=\"contained\"><div class=\"full-width-image__content\"><\/div><\/div><\/section>\n\n\n\n<section class=\"wp-block-lindy-image-text-module section section--full-width-image full-width-image--with-text theme--dark section--animation-none align--left  font--size-medium width--half\" style=\"background-image:url(https:\/\/lindy.com\/fr\/wp-content\/uploads\/sites\/4\/2025\/05\/38084_HW.jpg)\"><img decoding=\"async\" class=\"full-width-image__image\" src=\"https:\/\/lindy.com\/fr\/wp-content\/uploads\/sites\/4\/2025\/05\/38084_HW.jpg\"\/><div class=\"contained\"><div class=\"full-width-image__content\"><\/div><\/div><\/section>\n\n\n\n<section class=\"wp-block-lindy-image-text-module section section--full-width-image full-width-image--with-text theme--light section--animation-none align--left  font--size-medium width--half\" style=\"background-image:url()\"><img decoding=\"async\" class=\"full-width-image__image\" src=\"\"\/><div class=\"contained\"><div class=\"full-width-image__content\"><p class=\"section__paragraph\"><strong>No. 38084 &#8211; Matrice HDMI\u00ae 4&#215;2 4K60<\/strong><br\/><br\/>Commutation entre 4 sources HDMI\u00ae et 2 \u00e9crans avec 4K60Hz et extraction audio.<\/p><a href=\"https:\/\/www.lindy.fr\/Matrice-HDMI-4x2-4K60.htm?websale8=ld0101.ld031103&amp;pi=38084&amp;ci=20\" class=\"button button--dark\" target=\"_blank\" rel=\"noopener noreferrer\">D\u00c9COUVRIR<\/a><\/div><\/div><\/section>\n\n\n\n<section class=\"wp-block-lindy-parallax-hero section parallax-hero theme--dark align--left font--camber font--size-medium\" style=\"background-image:url(https:\/\/lindy.com\/fr\/wp-content\/uploads\/sites\/4\/2025\/05\/1906021.jpg)\"><div class=\"contained contained--full-width\"><div class=\"parallax-hero__content\"><div class=\"parallax-hero__content-wrapper align--left\"><h2 class=\"section__subheading section__subheading__title\">\u201cL&rsquo;int\u00e9gration des c\u00e2bles de haute qualit\u00e9 Lindy dans notre installation nous donne, ainsi qu&rsquo;\u00e0 nos clients, confiance dans la connectivit\u00e9 de tous les \u00e9quipements haut de gamme d&rsquo;un simulateur de golf.\u201d<\/h2><p class=\"section__paragraph\"><br\/>Neil Millin, Golf Tech Systems, chef de projet<\/p><\/div><\/div><\/div><\/section>\n\n\n\n<section class=\"wp-block-lindy-heading-text section section--heading-text theme--light align--center  font--size-medium section--animation-none\"><div class=\"contained\"><h2 class=\"section__heading\"><span>R\u00c9SULTATS &amp; AVANTAGES<\/span><\/h2><\/div><\/section>\n\n\n\n<section class=\"wp-block-lindy-key-info section section--key-info theme--light section--animation-none\"><div class=\"contained\"><div class=\"grid-2_sm-1-center\"><div class=\"col left_item\"><div class=\"box\"><h3 class=\"section__heading\"><\/h3><div class=\"section__content\"><p class=\"section__content\">L\u2019utilisation de c\u00e2bles Lindy a assur\u00e9 une transmission optimale des signaux sur de longues distances sans d\u00e9gradation, permettant une vid\u00e9o haute r\u00e9solution et une communication transparente entre les moniteurs, les projecteurs et les autres composants. Cette fiabilit\u00e9 a permis d&rsquo;\u00e9liminer les probl\u00e8mes de connectivit\u00e9 et d&rsquo;offrir aux clients une exp\u00e9rience de simulation de golf fluide et immersive.<\/p><\/div><\/div><\/div><div class=\"col right_item\"><div class=\"box\"><h3 class=\"section__heading\"><\/h3><div class=\"section__content\"><p class=\"section__content\">En outre, la flexibilit\u00e9 de la gamme de c\u00e2bles Lindy a permis d&rsquo;\u00e9laborer des solutions personnalisables en fonction de la taille de la salle et des besoins du client, ce qui s&rsquo;est traduit par des installations professionnelles, propres et \u00e9volutives qui ont renforc\u00e9 la satisfaction et la confiance du client, tout en rationalisant le processus d&rsquo;installation.<\/p><\/div><\/div><\/div><\/div><\/div><\/section>\n\n\n\n<section class=\"wp-block-lindy-parallax-hero section parallax-hero theme--light align--left  font--size-medium\" style=\"background-image:url(https:\/\/lindy.com\/fr\/wp-content\/uploads\/sites\/4\/2025\/05\/FR_Golf.png)\"><div class=\"contained contained--full-width\"><div class=\"parallax-hero__content\"><div class=\"parallax-hero__content-wrapper align--left\"><\/div><\/div><\/div><\/section>\n\n\n\n<section class=\"wp-block-lindy-heading-text section section--heading-text theme--light align--center  font--size-medium section--animation-none\"><div class=\"contained\"><h2 class=\"section__heading\"><span>CONCLUSION &amp; POINTS \u00c0 RETENIR<\/span><\/h2><\/div><\/section>\n\n\n\n<section class=\"wp-block-lindy-key-info section section--key-info theme--light section--animation-none\"><div class=\"contained\"><div class=\"grid-2_sm-1-center\"><div class=\"col left_item\"><div class=\"box\"><h3 class=\"section__heading\">R\u00e9ussite du projet<\/h3><div class=\"section__content\"><p class=\"section__content\">Les c\u00e2bles Lindy de haute qualit\u00e9 ont permis \u00e0 Golf Tech Systems de rationaliser leurs installations, en assurant la coh\u00e9rence et la fiabilit\u00e9 des diverses installations de simulateurs.<\/p><\/div><\/div><\/div><div class=\"col right_item\"><div class=\"box\"><h3 class=\"section__heading\">Aper\u00e7u de l&rsquo;industrie<\/h3><div class=\"section__content\"><p class=\"section__content\">Ce cas met en \u00e9vidence la fa\u00e7on dont les solutions Lindy peuvent r\u00e9pondre \u00e0 des besoins sp\u00e9cialis\u00e9s en mati\u00e8re d&rsquo;audiovisuel et de connectivit\u00e9, ce qui les rend id\u00e9ales pour toute entreprise ayant besoin d&rsquo;une infrastructure de c\u00e2blage robuste et fiable.<\/p><\/div><\/div><\/div><\/div><\/div><\/section>\n\n\n\n<section class=\"wp-block-lindy-image-text-module section section--full-width-image full-width-image--with-text theme--dark section--animation-none align--left  font--size-medium width--half\" style=\"background-image:url(https:\/\/lindy.com\/fr\/wp-content\/uploads\/sites\/4\/2025\/05\/Mock-up-case-sudy-Golftech.jpg)\"><img decoding=\"async\" class=\"full-width-image__image\" src=\"https:\/\/lindy.com\/fr\/wp-content\/uploads\/sites\/4\/2025\/05\/Mock-up-case-sudy-Golftech.jpg\"\/><div class=\"contained\"><div class=\"full-width-image__content\"><\/div><\/div><\/section>\n\n\n\n<section class=\"wp-block-lindy-image-text-module section section--full-width-image full-width-image--with-text theme--dark section--animation-none align--center  font--size-small width--half\" style=\"background-image:url()\"><img decoding=\"async\" class=\"full-width-image__image\" src=\"\"\/><div class=\"contained\"><div class=\"full-width-image__content\"><h2 class=\"section__subheading section__subheading__title\">Vous avez trouv\u00e9 cette \u00e9tude de cas instructive ?<\/h2><p class=\"section__paragraph\"><br\/><strong>Conservez-la en un clic <\/strong><\/p><a href=\"https:\/\/lindy.com\/fr\/wp-content\/uploads\/sites\/4\/2025\/05\/Lindy-x-Golf-Tech-Systems-Case-Study-FR.pdf\" class=\"button button--white-transparent\" target=\"_blank\" rel=\"noopener noreferrer\">\ud83d\udce5 T\u00e9l\u00e9charger la version pdf<\/a><\/div><\/div><\/section>\n","protected":false},"excerpt":{"rendered":"","protected":false},"author":28,"featured_media":0,"parent":0,"menu_order":0,"comment_status":"closed","ping_status":"closed","template":"page-templates\/template-landing.php","meta":{"_acf_changed":false,"footnotes":""},"class_list":["post-4817","page","type-page","status-publish","hentry"],"acf":[],"yoast_head":"<!-- This site is optimized with the Yoast SEO plugin v26.6 - https:\/\/yoast.com\/wordpress\/plugins\/seo\/ -->\n<title>\u00c9TUDE DE CAS GOLF TECH SYSTEMS - Lindy - French<\/title>\n<meta name=\"description\" content=\"Lindy propose des c\u00e2bles et adaptateurs performants pour une transmission AV stable et une bien meilleure exp\u00e9rience utilisateur.\" \/>\n<meta name=\"robots\" content=\"index, follow, max-snippet:-1, max-image-preview:large, max-video-preview:-1\" \/>\n<link rel=\"canonical\" href=\"https:\/\/lindy.com\/fr\/etude-de-cas-golf-tech-systems-installation-av\/\" \/>\n<meta property=\"og:locale\" content=\"fr_FR\" \/>\n<meta property=\"og:type\" content=\"article\" \/>\n<meta property=\"og:title\" content=\"\u00c9TUDE DE CAS GOLF TECH SYSTEMS - Lindy - French\" \/>\n<meta property=\"og:description\" content=\"Lindy propose des c\u00e2bles et adaptateurs performants pour une transmission AV stable et une bien meilleure exp\u00e9rience utilisateur.\" \/>\n<meta property=\"og:url\" content=\"https:\/\/lindy.com\/fr\/etude-de-cas-golf-tech-systems-installation-av\/\" \/>\n<meta property=\"og:site_name\" content=\"Lindy - French\" \/>\n<meta property=\"article:modified_time\" content=\"2025-06-05T14:00:13+00:00\" \/>\n<meta property=\"og:image\" content=\"https:\/\/lindy.com\/fr\/wp-content\/uploads\/sites\/4\/2025\/05\/Golf-Tech-Systems_header.jpg\" \/>\n<meta name=\"twitter:card\" content=\"summary_large_image\" \/>\n<meta name=\"twitter:label1\" content=\"Dur\u00e9e de lecture estim\u00e9e\" \/>\n\t<meta name=\"twitter:data1\" content=\"6 minutes\" \/>\n<script type=\"application\/ld+json\" class=\"yoast-schema-graph\">{\"@context\":\"https:\/\/schema.org\",\"@graph\":[{\"@type\":\"WebPage\",\"@id\":\"https:\/\/lindy.com\/fr\/etude-de-cas-golf-tech-systems-installation-av\/\",\"url\":\"https:\/\/lindy.com\/fr\/etude-de-cas-golf-tech-systems-installation-av\/\",\"name\":\"\u00c9TUDE DE CAS GOLF TECH SYSTEMS - Lindy - French\",\"isPartOf\":{\"@id\":\"https:\/\/lindy.com\/fr\/#website\"},\"primaryImageOfPage\":{\"@id\":\"https:\/\/lindy.com\/fr\/etude-de-cas-golf-tech-systems-installation-av\/#primaryimage\"},\"image\":{\"@id\":\"https:\/\/lindy.com\/fr\/etude-de-cas-golf-tech-systems-installation-av\/#primaryimage\"},\"thumbnailUrl\":\"https:\/\/lindy.com\/fr\/wp-content\/uploads\/sites\/4\/2025\/05\/Golf-Tech-Systems_header.jpg\",\"datePublished\":\"2025-06-05T14:00:12+00:00\",\"dateModified\":\"2025-06-05T14:00:13+00:00\",\"description\":\"Lindy propose des c\u00e2bles et adaptateurs performants pour une transmission AV stable et une bien meilleure exp\u00e9rience utilisateur.\",\"breadcrumb\":{\"@id\":\"https:\/\/lindy.com\/fr\/etude-de-cas-golf-tech-systems-installation-av\/#breadcrumb\"},\"inLanguage\":\"fr-FR\",\"potentialAction\":[{\"@type\":\"ReadAction\",\"target\":[\"https:\/\/lindy.com\/fr\/etude-de-cas-golf-tech-systems-installation-av\/\"]}]},{\"@type\":\"ImageObject\",\"inLanguage\":\"fr-FR\",\"@id\":\"https:\/\/lindy.com\/fr\/etude-de-cas-golf-tech-systems-installation-av\/#primaryimage\",\"url\":\"https:\/\/lindy.com\/fr\/wp-content\/uploads\/sites\/4\/2025\/05\/Golf-Tech-Systems_header.jpg\",\"contentUrl\":\"https:\/\/lindy.com\/fr\/wp-content\/uploads\/sites\/4\/2025\/05\/Golf-Tech-Systems_header.jpg\",\"width\":1920,\"height\":1080},{\"@type\":\"BreadcrumbList\",\"@id\":\"https:\/\/lindy.com\/fr\/etude-de-cas-golf-tech-systems-installation-av\/#breadcrumb\",\"itemListElement\":[{\"@type\":\"ListItem\",\"position\":1,\"name\":\"Home\",\"item\":\"https:\/\/lindy.com\/fr\/\"},{\"@type\":\"ListItem\",\"position\":2,\"name\":\"\u00c9TUDE DE CAS GOLF TECH SYSTEMS\"}]},{\"@type\":\"WebSite\",\"@id\":\"https:\/\/lindy.com\/fr\/#website\",\"url\":\"https:\/\/lindy.com\/fr\/\",\"name\":\"Lindy - French\",\"description\":\"Connection Perfection\",\"potentialAction\":[{\"@type\":\"SearchAction\",\"target\":{\"@type\":\"EntryPoint\",\"urlTemplate\":\"https:\/\/lindy.com\/fr\/?s={search_term_string}\"},\"query-input\":{\"@type\":\"PropertyValueSpecification\",\"valueRequired\":true,\"valueName\":\"search_term_string\"}}],\"inLanguage\":\"fr-FR\"}]}<\/script>\n<!-- \/ Yoast SEO plugin. -->","yoast_head_json":{"title":"\u00c9TUDE DE CAS GOLF TECH SYSTEMS - Lindy - French","description":"Lindy propose des c\u00e2bles et adaptateurs performants pour une transmission AV stable et une bien meilleure exp\u00e9rience utilisateur.","robots":{"index":"index","follow":"follow","max-snippet":"max-snippet:-1","max-image-preview":"max-image-preview:large","max-video-preview":"max-video-preview:-1"},"canonical":"https:\/\/lindy.com\/fr\/etude-de-cas-golf-tech-systems-installation-av\/","og_locale":"fr_FR","og_type":"article","og_title":"\u00c9TUDE DE CAS GOLF TECH SYSTEMS - Lindy - French","og_description":"Lindy propose des c\u00e2bles et adaptateurs performants pour une transmission AV stable et une bien meilleure exp\u00e9rience utilisateur.","og_url":"https:\/\/lindy.com\/fr\/etude-de-cas-golf-tech-systems-installation-av\/","og_site_name":"Lindy - French","article_modified_time":"2025-06-05T14:00:13+00:00","og_image":[{"url":"https:\/\/lindy.com\/fr\/wp-content\/uploads\/sites\/4\/2025\/05\/Golf-Tech-Systems_header.jpg","type":"","width":"","height":""}],"twitter_card":"summary_large_image","twitter_misc":{"Dur\u00e9e de lecture estim\u00e9e":"6 minutes"},"schema":{"@context":"https:\/\/schema.org","@graph":[{"@type":"WebPage","@id":"https:\/\/lindy.com\/fr\/etude-de-cas-golf-tech-systems-installation-av\/","url":"https:\/\/lindy.com\/fr\/etude-de-cas-golf-tech-systems-installation-av\/","name":"\u00c9TUDE DE CAS GOLF TECH SYSTEMS - Lindy - French","isPartOf":{"@id":"https:\/\/lindy.com\/fr\/#website"},"primaryImageOfPage":{"@id":"https:\/\/lindy.com\/fr\/etude-de-cas-golf-tech-systems-installation-av\/#primaryimage"},"image":{"@id":"https:\/\/lindy.com\/fr\/etude-de-cas-golf-tech-systems-installation-av\/#primaryimage"},"thumbnailUrl":"https:\/\/lindy.com\/fr\/wp-content\/uploads\/sites\/4\/2025\/05\/Golf-Tech-Systems_header.jpg","datePublished":"2025-06-05T14:00:12+00:00","dateModified":"2025-06-05T14:00:13+00:00","description":"Lindy propose des c\u00e2bles et adaptateurs performants pour une transmission AV stable et une bien meilleure exp\u00e9rience utilisateur.","breadcrumb":{"@id":"https:\/\/lindy.com\/fr\/etude-de-cas-golf-tech-systems-installation-av\/#breadcrumb"},"inLanguage":"fr-FR","potentialAction":[{"@type":"ReadAction","target":["https:\/\/lindy.com\/fr\/etude-de-cas-golf-tech-systems-installation-av\/"]}]},{"@type":"ImageObject","inLanguage":"fr-FR","@id":"https:\/\/lindy.com\/fr\/etude-de-cas-golf-tech-systems-installation-av\/#primaryimage","url":"https:\/\/lindy.com\/fr\/wp-content\/uploads\/sites\/4\/2025\/05\/Golf-Tech-Systems_header.jpg","contentUrl":"https:\/\/lindy.com\/fr\/wp-content\/uploads\/sites\/4\/2025\/05\/Golf-Tech-Systems_header.jpg","width":1920,"height":1080},{"@type":"BreadcrumbList","@id":"https:\/\/lindy.com\/fr\/etude-de-cas-golf-tech-systems-installation-av\/#breadcrumb","itemListElement":[{"@type":"ListItem","position":1,"name":"Home","item":"https:\/\/lindy.com\/fr\/"},{"@type":"ListItem","position":2,"name":"\u00c9TUDE DE CAS GOLF TECH SYSTEMS"}]},{"@type":"WebSite","@id":"https:\/\/lindy.com\/fr\/#website","url":"https:\/\/lindy.com\/fr\/","name":"Lindy - French","description":"Connection Perfection","potentialAction":[{"@type":"SearchAction","target":{"@type":"EntryPoint","urlTemplate":"https:\/\/lindy.com\/fr\/?s={search_term_string}"},"query-input":{"@type":"PropertyValueSpecification","valueRequired":true,"valueName":"search_term_string"}}],"inLanguage":"fr-FR"}]}},"_links":{"self":[{"href":"https:\/\/lindy.com\/fr\/wp-json\/wp\/v2\/pages\/4817","targetHints":{"allow":["GET"]}}],"collection":[{"href":"https:\/\/lindy.com\/fr\/wp-json\/wp\/v2\/pages"}],"about":[{"href":"https:\/\/lindy.com\/fr\/wp-json\/wp\/v2\/types\/page"}],"author":[{"embeddable":true,"href":"https:\/\/lindy.com\/fr\/wp-json\/wp\/v2\/users\/28"}],"replies":[{"embeddable":true,"href":"https:\/\/lindy.com\/fr\/wp-json\/wp\/v2\/comments?post=4817"}],"version-history":[{"count":41,"href":"https:\/\/lindy.com\/fr\/wp-json\/wp\/v2\/pages\/4817\/revisions"}],"predecessor-version":[{"id":5502,"href":"https:\/\/lindy.com\/fr\/wp-json\/wp\/v2\/pages\/4817\/revisions\/5502"}],"wp:attachment":[{"href":"https:\/\/lindy.com\/fr\/wp-json\/wp\/v2\/media?parent=4817"}],"curies":[{"name":"wp","href":"https:\/\/api.w.org\/{rel}","templated":true}]}}