{"id":4881,"date":"2025-06-05T12:18:10","date_gmt":"2025-06-05T12:18:10","guid":{"rendered":"https:\/\/lindy.com\/fr\/?page_id=4881"},"modified":"2025-06-05T12:18:10","modified_gmt":"2025-06-05T12:18:10","slug":"etude-de-cas-dagri","status":"publish","type":"page","link":"https:\/\/lindy.com\/fr\/etude-de-cas-dagri\/","title":{"rendered":"\u00c9TUDE DE CAS DAGRI"},"content":{"rendered":"\n<section class=\"wp-block-lindy-image-text-module section section--full-width-image full-width-image--with-text theme--dark section--animation-none align--center  font--size-large\" style=\"background-image:url(https:\/\/lindy.com\/fr\/wp-content\/uploads\/sites\/4\/2025\/05\/Header.png)\"><img decoding=\"async\" class=\"full-width-image__image\" src=\"https:\/\/lindy.com\/fr\/wp-content\/uploads\/sites\/4\/2025\/05\/Header.png\"\/><div class=\"contained\"><div class=\"full-width-image__content\"><h2 class=\"section__heading\"><span>FIABLE ET ABORDABLE<\/span><\/h2><h2 class=\"section__subheading section__subheading__title\">O\u00d9 CELA COMPTE LE PLUS<\/h2><\/div><\/div><\/section>\n\n\n\n<section class=\"wp-block-lindy-image-text-module section section--full-width-image full-width-image--with-text theme--light section--animation-none align--center font--camber font--size-medium\" style=\"background-image:url()\"><img decoding=\"async\" class=\"full-width-image__image\" src=\"\"\/><div class=\"contained\"><div class=\"full-width-image__content\"><h2 class=\"section__subheading section__subheading__title\">LES BATTEMENTS DE COEUR DE LA CHIRURGIE AV, PROPULS\u00c9S PAR LINDY<\/h2><p class=\"section__paragraph\"><br\/>Fournir des performances exceptionnelles tout en respectant des exigences strictes en mati\u00e8re de co\u00fbts<br\/>\u00e9tait essentiel lorsque Dagri Engineering s&rsquo;est associ\u00e9 \u00e0 Lindy pour des solutions de routage AV \u00e0 travers le Moyen-Orient, l&rsquo;Asie et l&rsquo;Afrique du Sud. Les matrices, les extenders et les c\u00e2bles Lindy ont permis au client de b\u00e9n\u00e9ficier d&rsquo;une capacit\u00e9, d&rsquo;une fiabilit\u00e9 et d&rsquo;une efficacit\u00e9 optimales, prouvant ainsi que la rentabilit\u00e9 n&rsquo;est pas forc\u00e9ment synonyme de compromis.<\/p><\/div><\/div><\/section>\n\n\n\n<section class=\"wp-block-lindy-image-text-module section section--full-width-image full-width-image--with-text theme--dark section--animation-none align--left  font--size-medium width--half\" style=\"background-image:url(https:\/\/lindy.com\/fr\/wp-content\/uploads\/sites\/4\/2025\/05\/Challence-720x360-1.png)\"><img decoding=\"async\" class=\"full-width-image__image\" src=\"https:\/\/lindy.com\/fr\/wp-content\/uploads\/sites\/4\/2025\/05\/Challence-720x360-1.png\"\/><div class=\"contained\"><div class=\"full-width-image__content\"><\/div><\/div><\/section>\n\n\n\n<section class=\"wp-block-lindy-image-text-module section section--full-width-image full-width-image--with-text theme--dark section--animation-none align--left  font--size-medium width--half\" style=\"background-image:url()\"><img decoding=\"async\" class=\"full-width-image__image\" src=\"\"\/><div class=\"contained\"><div class=\"full-width-image__content\"><h2 class=\"section__heading\"><span>LE D\u00c9FI<\/span><\/h2><p class=\"section__paragraph\"><br\/>En l&rsquo;absence d&rsquo;une solution plus abordable et<br\/>plus flexible, de nombreux petits h\u00f4pitaux et<br\/>cliniques n&rsquo;\u00e9taient pas en mesure de mettre en<br\/>oeuvre des syst\u00e8mes de routage AV modernes en raison de contraintes budg\u00e9taires. Les syst\u00e8mes haut de gamme \u00e9taient hors de prix pour de nombreux \u00e9tablissements, ce qui nuisait \u00e0 l&rsquo;efficacit\u00e9 op\u00e9rationnelle et limitait les capacit\u00e9s des flux de travail chirurgicaux modernes.<\/p><\/div><\/div><\/section>\n\n\n\n<section class=\"wp-block-lindy-key-info section section--key-info theme--light section--animation-none\"><div class=\"contained\"><div class=\"grid-2_sm-1-center\"><div class=\"col left_item\"><div class=\"box\"><h3 class=\"section__heading\">LA SOLUTION DE LINDY<\/h3><div class=\"section__content\"><p class=\"section__content\">Lindy a fourni ses matrices de commutation AV<br\/>haute performance, en particulier les mod\u00e8les 8&#215;8<br\/>et 4&#215;4 4K, ainsi que des extenders compatibles et<br\/>des solutions de c\u00e2blage \u00e0 grande vitesse. Ces<br\/>produits ont fourni un syst\u00e8me de routage simple<br\/>mais robuste pour g\u00e9rer les signaux vid\u00e9o \u00e0<br\/>l&rsquo;int\u00e9rieur et \u00e0 l&rsquo;ext\u00e9rieur des salles d&rsquo;op\u00e9ration. Il<br\/>s&rsquo;agit d&rsquo;une solution fiable et rentable qui permet<br\/>aux h\u00f4pitaux d&rsquo;acc\u00e9der aux technologies les plus<br\/>r\u00e9centes sans compromettre la qualit\u00e9 ou les<br\/>performances.<\/p><\/div><\/div><\/div><div class=\"col right_item\"><div class=\"box\"><h3 class=\"section__heading\"><\/h3><div class=\"section__content\"><p class=\"section__content\">Dagri a proc\u00e9d\u00e9 \u00e0 des tests internes et \u00e0 des<br\/>d\u00e9monstrations en direct dans sa salle<br\/>d&rsquo;exposition avant de proc\u00e9der \u00e0 des installations<br\/>r\u00e9elles. Les solutions Lindy ont \u00e9t\u00e9 d\u00e9ploy\u00e9es<br\/>avec succ\u00e8s dans des environnements<br\/>m\u00e9dicaux, prenant en charge l&rsquo;acheminement<br\/>des signaux audiovisuels dans les salles<br\/>d&rsquo;op\u00e9ration, l&rsquo;enregistrement des s\u00e9quences<br\/>op\u00e9ratoires critiques et la diffusion vid\u00e9o en<br\/>continu au-del\u00e0 de la salle d&rsquo;op\u00e9ration. La mise<br\/>en oeuvre s&rsquo;est av\u00e9r\u00e9e \u00e0 la fois fiable et efficace<br\/>sur plusieurs sites.<\/p><\/div><\/div><\/div><\/div><\/div><\/section>\n\n\n\n<section class=\"wp-block-lindy-heading-text section section--heading-text theme--dark align--center  font--size-medium section--animation-none\"><div class=\"contained\"><h2 class=\"section__heading\"><span>PRODUITS FR\u00c9QUEMMENT UTILIS\u00c9S<\/span><\/h2><\/div><\/section>\n\n\n\n<section class=\"wp-block-lindy-image-text-module section section--full-width-image full-width-image--with-text theme--dark section--animation-none align--left  font--size-medium width--half\" style=\"background-image:url()\"><img decoding=\"async\" class=\"full-width-image__image\" src=\"\"\/><div class=\"contained\"><div class=\"full-width-image__content\"><p class=\"section__paragraph\"><strong>No. 38512 &#8211; C\u00e2ble HDMI\u00ae 8K60 hybride fibre optique, 20m<\/strong><br\/><br\/>Transmet la vid\u00e9o 8K60 non compress\u00e9e sur de longues distances sans perte de signal.<\/p><a href=\"https:\/\/www.lindy.fr\/Cable-HDMI-8K60-Hybride-Fibre-Optique-20m.htm?websale8=ld0101.ld031103&amp;pi=38512&amp;ci=80\" class=\"button button--white-transparent\" target=\"_blank\" rel=\"noopener noreferrer\">D\u00c9COUVRIR<\/a><\/div><\/div><\/section>\n\n\n\n<section class=\"wp-block-lindy-image-text-module section section--full-width-image full-width-image--with-text theme--dark section--animation-none align--left  font--size-medium width--half\" style=\"background-image:url(https:\/\/lindy.com\/fr\/wp-content\/uploads\/sites\/4\/2025\/05\/38512_HW.jpg)\"><img decoding=\"async\" class=\"full-width-image__image\" src=\"https:\/\/lindy.com\/fr\/wp-content\/uploads\/sites\/4\/2025\/05\/38512_HW.jpg\"\/><div class=\"contained\"><div class=\"full-width-image__content\"><\/div><\/div><\/section>\n\n\n\n<section class=\"wp-block-lindy-image-text-module section section--full-width-image full-width-image--with-text theme--dark section--animation-none align--left  font--size-medium width--half\" style=\"background-image:url(https:\/\/lindy.com\/fr\/wp-content\/uploads\/sites\/4\/2025\/05\/36474_HW.jpg)\"><img decoding=\"async\" class=\"full-width-image__image\" src=\"https:\/\/lindy.com\/fr\/wp-content\/uploads\/sites\/4\/2025\/05\/36474_HW.jpg\"\/><div class=\"contained\"><div class=\"full-width-image__content\"><\/div><\/div><\/section>\n\n\n\n<section class=\"wp-block-lindy-image-text-module section section--full-width-image full-width-image--with-text theme--light section--animation-none align--left  font--size-medium width--half\" style=\"background-image:url()\"><img decoding=\"async\" class=\"full-width-image__image\" src=\"\"\/><div class=\"contained\"><div class=\"full-width-image__content\"><p class=\"section__paragraph\"><strong>No. 36474 &#8211; C\u00e2ble HDMI\u00ae High Speed, Black Line, 5m<\/strong><br\/><br\/>C\u00e2ble 4K@60Hz triplement blind\u00e9 avec contacts dor\u00e9s.<\/p><a href=\"https:\/\/www.lindy.fr\/Cable-HDMI-High-Speed-Black-Line-5m.htm?websale8=ld0101.ld031103&amp;pi=36474&amp;ci=80\" class=\"button button--dark\" target=\"_blank\" rel=\"noopener noreferrer\">D\u00c9COUVRIR<\/a><\/div><\/div><\/section>\n\n\n\n<section class=\"wp-block-lindy-image-text-module section section--full-width-image full-width-image--with-text theme--dark section--animation-none align--left  font--size-medium width--half\" style=\"background-image:url()\"><img decoding=\"async\" class=\"full-width-image__image\" src=\"\"\/><div class=\"contained\"><div class=\"full-width-image__content\"><p class=\"section__paragraph\"><strong>No. 38334 &#8211; Matrice HDMI\u00ae 8&#215;8 4K60<\/strong><br\/><br\/>Commutez et acheminez facilement 8 sources<br\/>HDMI\u00ae vers 8 \u00e9crans en 4K60 HDR.<\/p><a href=\"https:\/\/www.lindy.fr\/Matrice-HDMI-8x8-4K60.htm?websale8=ld0101.ld031103&amp;pi=38334&amp;ci=20\" class=\"button button--white-transparent\" target=\"_blank\" rel=\"noopener noreferrer\">D\u00c9COUVRIR<\/a><\/div><\/div><\/section>\n\n\n\n<section class=\"wp-block-lindy-image-text-module section section--full-width-image full-width-image--with-text theme--dark section--animation-none align--left  font--size-medium width--half\" style=\"background-image:url(https:\/\/lindy.com\/fr\/wp-content\/uploads\/sites\/4\/2025\/05\/38334_HW.jpg)\"><img decoding=\"async\" class=\"full-width-image__image\" src=\"https:\/\/lindy.com\/fr\/wp-content\/uploads\/sites\/4\/2025\/05\/38334_HW.jpg\"\/><div class=\"contained\"><div class=\"full-width-image__content\"><\/div><\/div><\/section>\n\n\n\n<section class=\"wp-block-lindy-image-text-module section section--full-width-image full-width-image--with-text theme--dark section--animation-none align--left  font--size-medium width--half\" style=\"background-image:url(https:\/\/lindy.com\/fr\/wp-content\/uploads\/sites\/4\/2025\/05\/38170_HW.jpg)\"><img decoding=\"async\" class=\"full-width-image__image\" src=\"https:\/\/lindy.com\/fr\/wp-content\/uploads\/sites\/4\/2025\/05\/38170_HW.jpg\"\/><div class=\"contained\"><div class=\"full-width-image__content\"><\/div><\/div><\/section>\n\n\n\n<section class=\"wp-block-lindy-image-text-module section section--full-width-image full-width-image--with-text theme--light section--animation-none align--left  font--size-medium width--half\" style=\"background-image:url()\"><img decoding=\"async\" class=\"full-width-image__image\" src=\"\"\/><div class=\"contained\"><div class=\"full-width-image__content\"><p class=\"section__paragraph\"><strong>No. 38170 &#8211; Extender HDMI\u00ae 4K30 sur fibre optique, 300m<\/strong><br\/><br\/>Transmet l&rsquo;audio et la vid\u00e9o 4K \u00e0 l&rsquo;aide d&rsquo;un seul c\u00e2ble en fibre multimode LC.<\/p><a href=\"https:\/\/www.lindy.fr\/Extender-HDMI-4K30-sur-fibre-optique-300m.htm?websale8=ld0101.ld031103&amp;pi=38170&amp;ci=20\" class=\"button button--dark\" target=\"_blank\" rel=\"noopener noreferrer\">D\u00c9COUVRIR<\/a><\/div><\/div><\/section>\n\n\n\n<section class=\"wp-block-lindy-parallax-hero section parallax-hero theme--dark align--right font--camber font--size-medium\" style=\"background-image:url(https:\/\/lindy.com\/fr\/wp-content\/uploads\/sites\/4\/2025\/05\/Banner-without-text.png)\"><div class=\"contained contained--full-width\"><div class=\"parallax-hero__content\"><div class=\"parallax-hero__content-wrapper align--right\"><h2 class=\"section__subheading section__subheading__title\">\u201cLes r\u00e9sultats parlent d&rsquo;eux-m\u00eames, nous avons d\u00e9ploy\u00e9 les syst\u00e8mes Lindy dans des dizaines de centres de soins et les r\u00e9actions des \u00e9quipes m\u00e9dicales ont \u00e9t\u00e9 extr\u00eamement positives.\u201d<\/h2><p class=\"section__paragraph\"><br\/>Damjan Grill, Dagri Engineering, MD<\/p><\/div><\/div><\/div><\/section>\n\n\n\n<section class=\"wp-block-lindy-heading-text section section--heading-text theme--light align--center  font--size-medium section--animation-none\"><div class=\"contained\"><h2 class=\"section__heading\"><span>R\u00c9SULTATS &amp; AVANTAGES<\/span><\/h2><\/div><\/section>\n\n\n\n<section class=\"wp-block-lindy-key-info section section--key-info theme--light section--animation-none\"><div class=\"contained\"><div class=\"grid-2_sm-1-center\"><div class=\"col left_item\"><div class=\"box\"><h3 class=\"section__heading\">R\u00e9sultats Quantitatifs<\/h3><div class=\"section__content\"><p class=\"section__content\">Plus de 100 unit\u00e9s de matrices d\u00e9ploy\u00e9es<br\/>dans le monde, avec des installations dans<br\/>56 pays<br\/><br\/>Dagri installe chaque ann\u00e9e entre 150 et 200<br\/>unit\u00e9s d&rsquo;int\u00e9gration AV, dont beaucoup sont<br\/>associ\u00e9es aux solutions de matrices Lindy.<br\/><br\/>En 2024, 20 installations compl\u00e8tes de salles<br\/>d&rsquo;op\u00e9ration comprenaient le c\u00e2blage Lindy,<br\/>ce qui repr\u00e9sente plus de 200 c\u00e2bles HDMI\u00ae \u00e0<br\/>fibre optique hybride.<\/p><\/div><\/div><\/div><div class=\"col right_item\"><div class=\"box\"><h3 class=\"section__heading\">R\u00e9sultats Qualitatifs<\/h3><div class=\"section__content\"><p class=\"section__content\">Acheminement fiable et facile \u00e0 utiliser de l&rsquo;AVdans les espaces chirurgicaux critiques<br\/><br\/>Solution plus rentable pour les cliniques priv\u00e9eset les petits h\u00f4pitaux que les solutions haut degamme.<br\/><br\/>Flexibilit\u00e9 d&rsquo;int\u00e9gration, prise en charge defonctions suppl\u00e9mentaires telles que la diffusionen continu et l&rsquo;enregistrement via des appareilstiers.<\/p><\/div><\/div><\/div><\/div><\/div><\/section>\n\n\n\n<section class=\"wp-block-lindy-parallax-hero section parallax-hero theme--light align--left  font--size-medium\" style=\"background-image:url(https:\/\/lindy.com\/fr\/wp-content\/uploads\/sites\/4\/2025\/05\/Icon-Dagri-FR.png)\"><div class=\"contained contained--full-width\"><div class=\"parallax-hero__content\"><div class=\"parallax-hero__content-wrapper align--left\"><\/div><\/div><\/div><\/section>\n\n\n\n<section class=\"wp-block-lindy-heading-text section section--heading-text theme--light align--center  font--size-medium section--animation-none\"><div class=\"contained\"><h2 class=\"section__heading\"><span>CONCLUSION &amp; POINTS \u00c0 RETENIR<\/span><\/h2><\/div><\/section>\n\n\n\n<section class=\"wp-block-lindy-key-info section section--key-info theme--light section--animation-none\"><div class=\"contained\"><div class=\"grid-2_sm-1-center\"><div class=\"col left_item\"><div class=\"box\"><h3 class=\"section__heading\">R\u00e9ussite du projet<\/h3><div class=\"section__content\"><p class=\"section__content\">Le partenariat de Lindy a permis au client d&rsquo;accro\u00eetre l&rsquo;acc\u00e8s \u00e0 la technologie AV avanc\u00e9e dans des domaines financi\u00e8rement limit\u00e9s, contribuant ainsi \u00e0 moderniser les pratiques chirurgicales et \u00e0 am\u00e9liorer les soins prodigu\u00e9s aux patients. La nature \u00e9volutive et fiable des solutions Lindy a fait de l&rsquo;entreprise un partenaire appr\u00e9ci\u00e9 et \u00e0 long terme dans le domaine de l&rsquo;int\u00e9gration m\u00e9dicale.<\/p><\/div><\/div><\/div><div class=\"col right_item\"><div class=\"box\"><h3 class=\"section__heading\">Aper\u00e7u de l&rsquo;industrie<\/h3><div class=\"section__content\"><p class=\"section__content\">Cette \u00e9tude de cas, \u00e9tay\u00e9e par une s\u00e9rie de mises en \u0153uvre r\u00e9ussies et de commentaires positifs de la part des clients, met en \u00e9vidence la capacit\u00e9 de Lindy \u00e0 fournir des produits AV avanc\u00e9s, fiables et performants pour des secteurs hautement sp\u00e9cialis\u00e9s tels que les soins de sant\u00e9, o\u00f9 la fiabilit\u00e9 et l&rsquo;accessibilit\u00e9 financi\u00e8re sont primordiales.<\/p><\/div><\/div><\/div><\/div><\/div><\/section>\n\n\n\n<section class=\"wp-block-lindy-image-text-module section section--full-width-image full-width-image--with-text theme--dark section--animation-none align--left  font--size-medium width--half\" style=\"background-image:url(https:\/\/lindy.com\/fr\/wp-content\/uploads\/sites\/4\/2025\/05\/Mock-up-case-sudy-2-1.jpg)\"><img decoding=\"async\" class=\"full-width-image__image\" src=\"https:\/\/lindy.com\/fr\/wp-content\/uploads\/sites\/4\/2025\/05\/Mock-up-case-sudy-2-1.jpg\"\/><div class=\"contained\"><div class=\"full-width-image__content\"><\/div><\/div><\/section>\n\n\n\n<section class=\"wp-block-lindy-image-text-module section section--full-width-image full-width-image--with-text theme--dark section--animation-none align--center  font--size-small width--half\" style=\"background-image:url()\"><img decoding=\"async\" class=\"full-width-image__image\" src=\"\"\/><div class=\"contained\"><div class=\"full-width-image__content\"><h2 class=\"section__subheading section__subheading__title\">Vous avez trouv\u00e9 cette \u00e9tude de cas instructive ? <\/h2><p class=\"section__paragraph\"><br\/><strong>Conservez-la en un clic <\/strong><\/p><a href=\"https:\/\/lindy.com\/fr\/wp-content\/uploads\/sites\/4\/2025\/05\/Lindy-x-Dagri-Case-Study-FR-1.pdf\" class=\"button button--white-transparent\" target=\"_blank\" rel=\"noopener noreferrer\">\ud83d\udce5 T\u00e9l\u00e9charger la version pdf<\/a><\/div><\/div><\/section>\n","protected":false},"excerpt":{"rendered":"","protected":false},"author":28,"featured_media":0,"parent":0,"menu_order":0,"comment_status":"closed","ping_status":"closed","template":"page-templates\/template-landing.php","meta":{"_acf_changed":false,"footnotes":""},"class_list":["post-4881","page","type-page","status-publish","hentry"],"acf":[],"yoast_head":"<!-- This site is optimized with the Yoast SEO plugin v26.6 - https:\/\/yoast.com\/wordpress\/plugins\/seo\/ -->\n<title>\u00c9TUDE DE CAS DAGRI - Lindy - French - Technologie AV<\/title>\n<meta name=\"description\" content=\"Chez Lindy, nous concevons avec nos clients des solutions AV sur mesure pour des infrastructures IT et AV exigeantes.\" \/>\n<meta name=\"robots\" content=\"index, follow, max-snippet:-1, max-image-preview:large, max-video-preview:-1\" \/>\n<link rel=\"canonical\" href=\"https:\/\/lindy.com\/fr\/etude-de-cas-dagri\/\" \/>\n<meta property=\"og:locale\" content=\"fr_FR\" \/>\n<meta property=\"og:type\" content=\"article\" \/>\n<meta property=\"og:title\" content=\"\u00c9TUDE DE CAS DAGRI - Lindy - French - Technologie AV\" \/>\n<meta property=\"og:description\" content=\"Chez Lindy, nous concevons avec nos clients des solutions AV sur mesure pour des infrastructures IT et AV exigeantes.\" \/>\n<meta property=\"og:url\" content=\"https:\/\/lindy.com\/fr\/etude-de-cas-dagri\/\" \/>\n<meta property=\"og:site_name\" content=\"Lindy - French\" \/>\n<meta property=\"og:image\" content=\"https:\/\/lindy.com\/fr\/wp-content\/uploads\/sites\/4\/2025\/05\/Header.png\" \/>\n<meta name=\"twitter:card\" content=\"summary_large_image\" \/>\n<meta name=\"twitter:label1\" content=\"Dur\u00e9e de lecture estim\u00e9e\" \/>\n\t<meta name=\"twitter:data1\" content=\"7 minutes\" \/>\n<script type=\"application\/ld+json\" class=\"yoast-schema-graph\">{\"@context\":\"https:\/\/schema.org\",\"@graph\":[{\"@type\":\"WebPage\",\"@id\":\"https:\/\/lindy.com\/fr\/etude-de-cas-dagri\/\",\"url\":\"https:\/\/lindy.com\/fr\/etude-de-cas-dagri\/\",\"name\":\"\u00c9TUDE DE CAS DAGRI - Lindy - French - Technologie AV\",\"isPartOf\":{\"@id\":\"https:\/\/lindy.com\/fr\/#website\"},\"primaryImageOfPage\":{\"@id\":\"https:\/\/lindy.com\/fr\/etude-de-cas-dagri\/#primaryimage\"},\"image\":{\"@id\":\"https:\/\/lindy.com\/fr\/etude-de-cas-dagri\/#primaryimage\"},\"thumbnailUrl\":\"https:\/\/lindy.com\/fr\/wp-content\/uploads\/sites\/4\/2025\/05\/Header.png\",\"datePublished\":\"2025-06-05T12:18:10+00:00\",\"description\":\"Chez Lindy, nous concevons avec nos clients des solutions AV sur mesure pour des infrastructures IT et AV exigeantes.\",\"breadcrumb\":{\"@id\":\"https:\/\/lindy.com\/fr\/etude-de-cas-dagri\/#breadcrumb\"},\"inLanguage\":\"fr-FR\",\"potentialAction\":[{\"@type\":\"ReadAction\",\"target\":[\"https:\/\/lindy.com\/fr\/etude-de-cas-dagri\/\"]}]},{\"@type\":\"ImageObject\",\"inLanguage\":\"fr-FR\",\"@id\":\"https:\/\/lindy.com\/fr\/etude-de-cas-dagri\/#primaryimage\",\"url\":\"https:\/\/lindy.com\/fr\/wp-content\/uploads\/sites\/4\/2025\/05\/Header.png\",\"contentUrl\":\"https:\/\/lindy.com\/fr\/wp-content\/uploads\/sites\/4\/2025\/05\/Header.png\",\"width\":1536,\"height\":1024},{\"@type\":\"BreadcrumbList\",\"@id\":\"https:\/\/lindy.com\/fr\/etude-de-cas-dagri\/#breadcrumb\",\"itemListElement\":[{\"@type\":\"ListItem\",\"position\":1,\"name\":\"Home\",\"item\":\"https:\/\/lindy.com\/fr\/\"},{\"@type\":\"ListItem\",\"position\":2,\"name\":\"\u00c9TUDE DE CAS DAGRI\"}]},{\"@type\":\"WebSite\",\"@id\":\"https:\/\/lindy.com\/fr\/#website\",\"url\":\"https:\/\/lindy.com\/fr\/\",\"name\":\"Lindy - French\",\"description\":\"Connection Perfection\",\"potentialAction\":[{\"@type\":\"SearchAction\",\"target\":{\"@type\":\"EntryPoint\",\"urlTemplate\":\"https:\/\/lindy.com\/fr\/?s={search_term_string}\"},\"query-input\":{\"@type\":\"PropertyValueSpecification\",\"valueRequired\":true,\"valueName\":\"search_term_string\"}}],\"inLanguage\":\"fr-FR\"}]}<\/script>\n<!-- \/ Yoast SEO plugin. -->","yoast_head_json":{"title":"\u00c9TUDE DE CAS DAGRI - Lindy - French - Technologie AV","description":"Chez Lindy, nous concevons avec nos clients des solutions AV sur mesure pour des infrastructures IT et AV exigeantes.","robots":{"index":"index","follow":"follow","max-snippet":"max-snippet:-1","max-image-preview":"max-image-preview:large","max-video-preview":"max-video-preview:-1"},"canonical":"https:\/\/lindy.com\/fr\/etude-de-cas-dagri\/","og_locale":"fr_FR","og_type":"article","og_title":"\u00c9TUDE DE CAS DAGRI - Lindy - French - Technologie AV","og_description":"Chez Lindy, nous concevons avec nos clients des solutions AV sur mesure pour des infrastructures IT et AV exigeantes.","og_url":"https:\/\/lindy.com\/fr\/etude-de-cas-dagri\/","og_site_name":"Lindy - French","og_image":[{"url":"https:\/\/lindy.com\/fr\/wp-content\/uploads\/sites\/4\/2025\/05\/Header.png","type":"","width":"","height":""}],"twitter_card":"summary_large_image","twitter_misc":{"Dur\u00e9e de lecture estim\u00e9e":"7 minutes"},"schema":{"@context":"https:\/\/schema.org","@graph":[{"@type":"WebPage","@id":"https:\/\/lindy.com\/fr\/etude-de-cas-dagri\/","url":"https:\/\/lindy.com\/fr\/etude-de-cas-dagri\/","name":"\u00c9TUDE DE CAS DAGRI - Lindy - French - Technologie AV","isPartOf":{"@id":"https:\/\/lindy.com\/fr\/#website"},"primaryImageOfPage":{"@id":"https:\/\/lindy.com\/fr\/etude-de-cas-dagri\/#primaryimage"},"image":{"@id":"https:\/\/lindy.com\/fr\/etude-de-cas-dagri\/#primaryimage"},"thumbnailUrl":"https:\/\/lindy.com\/fr\/wp-content\/uploads\/sites\/4\/2025\/05\/Header.png","datePublished":"2025-06-05T12:18:10+00:00","description":"Chez Lindy, nous concevons avec nos clients des solutions AV sur mesure pour des infrastructures IT et AV exigeantes.","breadcrumb":{"@id":"https:\/\/lindy.com\/fr\/etude-de-cas-dagri\/#breadcrumb"},"inLanguage":"fr-FR","potentialAction":[{"@type":"ReadAction","target":["https:\/\/lindy.com\/fr\/etude-de-cas-dagri\/"]}]},{"@type":"ImageObject","inLanguage":"fr-FR","@id":"https:\/\/lindy.com\/fr\/etude-de-cas-dagri\/#primaryimage","url":"https:\/\/lindy.com\/fr\/wp-content\/uploads\/sites\/4\/2025\/05\/Header.png","contentUrl":"https:\/\/lindy.com\/fr\/wp-content\/uploads\/sites\/4\/2025\/05\/Header.png","width":1536,"height":1024},{"@type":"BreadcrumbList","@id":"https:\/\/lindy.com\/fr\/etude-de-cas-dagri\/#breadcrumb","itemListElement":[{"@type":"ListItem","position":1,"name":"Home","item":"https:\/\/lindy.com\/fr\/"},{"@type":"ListItem","position":2,"name":"\u00c9TUDE DE CAS DAGRI"}]},{"@type":"WebSite","@id":"https:\/\/lindy.com\/fr\/#website","url":"https:\/\/lindy.com\/fr\/","name":"Lindy - French","description":"Connection Perfection","potentialAction":[{"@type":"SearchAction","target":{"@type":"EntryPoint","urlTemplate":"https:\/\/lindy.com\/fr\/?s={search_term_string}"},"query-input":{"@type":"PropertyValueSpecification","valueRequired":true,"valueName":"search_term_string"}}],"inLanguage":"fr-FR"}]}},"_links":{"self":[{"href":"https:\/\/lindy.com\/fr\/wp-json\/wp\/v2\/pages\/4881","targetHints":{"allow":["GET"]}}],"collection":[{"href":"https:\/\/lindy.com\/fr\/wp-json\/wp\/v2\/pages"}],"about":[{"href":"https:\/\/lindy.com\/fr\/wp-json\/wp\/v2\/types\/page"}],"author":[{"embeddable":true,"href":"https:\/\/lindy.com\/fr\/wp-json\/wp\/v2\/users\/28"}],"replies":[{"embeddable":true,"href":"https:\/\/lindy.com\/fr\/wp-json\/wp\/v2\/comments?post=4881"}],"version-history":[{"count":22,"href":"https:\/\/lindy.com\/fr\/wp-json\/wp\/v2\/pages\/4881\/revisions"}],"predecessor-version":[{"id":5499,"href":"https:\/\/lindy.com\/fr\/wp-json\/wp\/v2\/pages\/4881\/revisions\/5499"}],"wp:attachment":[{"href":"https:\/\/lindy.com\/fr\/wp-json\/wp\/v2\/media?parent=4881"}],"curies":[{"name":"wp","href":"https:\/\/api.w.org\/{rel}","templated":true}]}}