{"id":49,"date":"2018-11-09T13:08:04","date_gmt":"2018-11-09T13:08:04","guid":{"rendered":"https:\/\/lindy.com\/fr\/?page_id=49"},"modified":"2020-01-29T15:12:57","modified_gmt":"2020-01-29T15:12:57","slug":"visualisation-et-affichage","status":"publish","type":"page","link":"https:\/\/lindy.com\/fr\/visualisation-et-affichage\/","title":{"rendered":"Solutions visualisation et affichage"},"content":{"rendered":"\n<section class=\"wp-block-lindy-parallax-hero section parallax-hero theme--light align--center  font--size-large\" style=\"background-image:url(https:\/\/lindy.com\/fr\/wp-content\/uploads\/sites\/4\/2018\/12\/Amended_Presentation_2.jpg)\"><div class=\"contained contained--full-width\"><div class=\"parallax-hero__content\"><div class=\"parallax-hero__content-wrapper align--center\"><h2 class=\"section__heading\"><span><br\/>PR\u00c9SENTATION <br\/>ET SOLUTIONS <br\/><\/span><\/h2><h2 class=\"section__subheading section__subheading__title\">D&rsquo;INFORMATION<\/h2><p class=\"section__paragraph\"><br\/><br\/>\u25bc<\/p><\/div><\/div><\/div><\/section>\n\n\n\n<section class=\"wp-block-lindy-parallax-hero section parallax-hero theme--light align--center  font--size-medium\" style=\"background-image:url(https:\/\/lindy.com\/fr\/wp-content\/uploads\/sites\/4\/2018\/12\/Amended_Presentation_1.jpg)\"><div class=\"contained contained--full-width\"><div class=\"parallax-hero__content\"><div class=\"parallax-hero__content-wrapper align--center\"><h2 class=\"section__heading\"><span><br\/><br\/><br\/><br\/><br\/><br\/><br\/><br\/><br\/><\/span><\/h2><\/div><\/div><\/div><\/section>\n\n\n\n<section class=\"wp-block-lindy-parallax-hero section parallax-hero theme--light align--center font--camber font--size-medium\" style=\"background-image:url(https:\/\/lindy.com\/fr\/wp-content\/uploads\/sites\/4\/2018\/12\/Amended_Presentation_2.jpg)\"><div class=\"contained contained--full-width\"><div class=\"parallax-hero__content\"><div class=\"parallax-hero__content-wrapper align--center\"><h2 class=\"section__heading\"><span>Solutions durables,<\/span><\/h2><h2 class=\"section__subheading section__subheading__title\">technologie efficace.<\/h2><p class=\"section__paragraph\"><br\/>Les applications digital signage sont utilis\u00e9es pour transmettre rapidement en toute s\u00e9curit\u00e9 et visualiser de mani\u00e8re attrayante le contenu des sources vid\u00e9os. Les solutions d&rsquo;information et de pr\u00e9sentation entrent dans cette cat\u00e9gorie. Le secteur du commerce de d\u00e9tail devient rapidement l&rsquo;un des march\u00e9s verticaux les plus importants pour ce type d&rsquo;applications. Ils aident \u00e0 cr\u00e9er des pr\u00e9sentations multim\u00e9dias qui communiquent de mani\u00e8re puissante et attrayante des messages publicitaires. Ce qui est crucial ici, c&rsquo;est que les clients potentiels sont cibl\u00e9s sur site, de telle sorte qu&rsquo;il existe un lien \u00e9troit entre les d\u00e9cisions d&rsquo;achat et l&rsquo;exp\u00e9rience d&rsquo;achat. Les applications d&rsquo;affichage num\u00e9rique jouent donc un r\u00f4le cl\u00e9 et ont le potentiel de dynamiser les ventes de mani\u00e8re significative. Nos solutions combin\u00e9es permettent de lire de mani\u00e8re simultan\u00e9e et optimale des messages publicitaires sur un ou plusieurs \u00e9crans dans des environnements multiples.<br\/><\/p><\/div><\/div><\/div><\/section>\n\n\n\n<section class=\"wp-block-lindy-paragraph-and-images full-width-image--with-text section section--paragraph-image  theme--light font--camber font--size-small\"><div class=\"grid-noBottom-middle-reverse\"><div class=\"col-6_sm-12 full-width-image__content section section--animation-none align--left \"><div class=\"content--animate\"><div class=\"contained\"><h2 class=\"section__heading\"><span>fixer<\/span><\/h2><h2 class=\"section__subheading section__subheading__title\">la norme<\/h2><p class=\"section__paragraph\"><br\/>Chez Lindy, nous \u00e9tablissons des normes avec la qualit\u00e9 exceptionnelle, la connectivit\u00e9, la fiabilit\u00e9 et la disponibilit\u00e9 de nos produits. Ils permettent aux entreprises de r\u00e9aliser d&rsquo;importantes \u00e9conomies de temps et d&rsquo;argent en termes d&rsquo;ex\u00e9cution et de maintenance des applications. Nous offrons \u00e9galement des solutions compl\u00e8tes de bout en bout. Ceux-ci permettent aux clients de transmettre du contenu haute r\u00e9solution, \u00e9galement sur de grandes distances, et de le pr\u00e9senter sur des \u00e9crans individuels ou multiples ou sur des murs vid\u00e9o personnalis\u00e9s. En cons\u00e9quence, les applications d&rsquo;affichage num\u00e9rique sont maintenant pionnier d&rsquo;une nouvelle fronti\u00e8re dans la publicit\u00e9 et le marketing de la marque.<br\/><\/p><\/div><\/div><\/div><div class=\"col-6_sm-12 full-width-image--with-text align--left\" style=\"background-image:url(https:\/\/lindy.com\/en\/wp-content\/uploads\/sites\/2\/2018\/09\/SettingtheStandard.jpg)\"><img decoding=\"async\" src=\"https:\/\/lindy.com\/en\/wp-content\/uploads\/sites\/2\/2018\/09\/SettingtheStandard.jpg\"\/><\/div><\/div><\/section>\n\n\n\n<section class=\"wp-block-lindy-paragraph-and-images full-width-image--with-text section section--paragraph-image  theme--light font--camber font--size-small\"><div class=\"grid-noBottom-middle\"><div class=\"col-6_sm-12 full-width-image__content section section--animation-none align--right \"><div class=\"content--animate\"><div class=\"contained\"><h2 class=\"section__heading\"><span>Polyvalence<\/span><\/h2><h2 class=\"section__subheading section__subheading__title\">DANS LA CONCEPTION <\/h2><p class=\"section__paragraph\"><br\/>Les solutions de pr\u00e9sentation et d&rsquo;information de Lindy sont sp\u00e9cialement con\u00e7ues pour une utilisation dans les espaces publics et r\u00e9pondent \u00e0 toutes les exigences pertinentes. Les clients profitent particuli\u00e8rement de la communication d&rsquo;entreprise (halls d&rsquo;entr\u00e9e et showrooms), de l&rsquo;affichage num\u00e9rique et de la publicit\u00e9 ext\u00e9rieure (a\u00e9roports, gares, etc.), de la distribution, de l&rsquo;h\u00f4tellerie (h\u00f4tels, \u00e9v\u00e9nements publics, salles de concerts, etc.), le secteur de la sant\u00e9, de l&rsquo;\u00e9ducation etc.<br\/><\/p><\/div><\/div><\/div><div class=\"col-6_sm-12 full-width-image--with-text align--right\" style=\"background-image:url(https:\/\/lindy.com\/en\/wp-content\/uploads\/sites\/2\/2018\/09\/Versatility.jpg)\"><img decoding=\"async\" src=\"https:\/\/lindy.com\/en\/wp-content\/uploads\/sites\/2\/2018\/09\/Versatility.jpg\"\/><\/div><\/div><\/section>\n\n\n\n<section class=\"wp-block-lindy-paragraph-and-images full-width-image--with-text section section--paragraph-image  theme--light font--camber font--size-small\"><div class=\"grid-noBottom-middle-reverse\"><div class=\"col-6_sm-12 full-width-image__content section section--animation-none align--left \"><div class=\"content--animate\"><div class=\"contained\"><h2 class=\"section__heading\"><span>VISUALISATION<\/span><\/h2><h2 class=\"section__subheading section__subheading__title\">&amp; AFFICHAGE<\/h2><p class=\"section__paragraph\"><br\/>Les contr\u00f4leurs Lindy vid\u00e9o pour mur d&rsquo;\u00e9crans ajoutent de la puissance graphique pour les salles de contr\u00f4le. Diff\u00e9rentes solutions prennent en charge des murs d&rsquo;\u00e9crans Ultra HD 2\u00d72, 4\u00d74, 8\u00d78 et m\u00eame des dispositions irr\u00e9guli\u00e8res d&rsquo;\u00e9crans. Les outils d&rsquo;affichage prennent en charge le multifen\u00eatrage, le mode PiP (Picture-in-Picture), PaP (Picture-and-Picture) et Matrix. Une interface web GUI, des contr\u00f4les IR, RS232 et Telnet permettent un contr\u00f4le \u00e0 distance.<br\/><\/p><\/div><\/div><\/div><div class=\"col-6_sm-12 full-width-image--with-text align--left\" style=\"background-image:url(https:\/\/lindy.com\/en\/wp-content\/uploads\/sites\/2\/2018\/09\/VideoWallScaler_2.jpg)\"><img decoding=\"async\" src=\"https:\/\/lindy.com\/en\/wp-content\/uploads\/sites\/2\/2018\/09\/VideoWallScaler_2.jpg\"\/><\/div><\/div><\/section>\n\n\n\n<section class=\"wp-block-lindy-paragraph-and-images full-width-image--with-text section section--paragraph-image  theme--light font--camber font--size-small\"><div class=\"grid-noBottom-middle\"><div class=\"col-6_sm-12 full-width-image__content section section--animation-none align--right \"><div class=\"content--animate\"><div class=\"contained\"><h2 class=\"section__heading\"><span>extending<\/span><\/h2><p class=\"section__paragraph\"><br\/>Les solutions Lindy de distribution en Cat.5\/6, fibre optique, HDBaseT, IP et Matrix forment une suite de produits qui prennent en charge d&rsquo;incroyables distances de transmission. Les extenders Cat.5\/6 proposent un syst\u00e8me efficace, fiable, facile et rapide \u00e0 d\u00e9ployer. Les extenders Fibre optiques transmettent des signaux haute r\u00e9solution sur de longues distances en connexion point-\u00e0-point sans compression du signal et avec une totale immunit\u00e9 aux interf\u00e9rences \u00e9lectriques.<br\/><\/p><\/div><\/div><\/div><div class=\"col-6_sm-12 full-width-image--with-text align--right\" style=\"background-image:url(https:\/\/lindy.com\/en\/wp-content\/uploads\/sites\/2\/2018\/08\/HDBASET_Link.jpg)\"><img decoding=\"async\" src=\"https:\/\/lindy.com\/en\/wp-content\/uploads\/sites\/2\/2018\/08\/HDBASET_Link.jpg\"\/><\/div><\/div><\/section>\n\n\n\n<section class=\"wp-block-lindy-paragraph-and-images full-width-image--with-text section section--paragraph-image  theme--light font--camber font--size-small\"><div class=\"grid-noBottom-middle-reverse\"><div class=\"col-6_sm-12 full-width-image__content section section--animation-none align--left \"><div class=\"content--animate\"><div class=\"contained\"><h2 class=\"section__heading\"><span> <br\/><strong>DISTRIBUER<\/strong> <\/span><\/h2><p class=\"section__paragraph\"><br\/>Ma gamme Lindy HDBaseT peut utiliser un c\u00e2ble Cat.5\/6 pour distribuer diff\u00e9rents signaux tels que: la video num\u00e9rique, l&rsquo;audio, 100Base-T Ethernet, l&rsquo;alimentation, RS232 et USB. Les solutions IP de Lindy peuvent utiliser le c\u00e2blage r\u00e9seau d\u00e9j\u00e0 existant d&rsquo;une entreprise pour transmettre des signaux AV vers diff\u00e9rents afficheurs.<br\/><\/p><\/div><\/div><\/div><div class=\"col-6_sm-12 full-width-image--with-text align--left\" style=\"background-image:url(https:\/\/lindy.com\/en\/wp-content\/uploads\/sites\/2\/2018\/08\/HDBaseT_10-1.jpg)\"><img decoding=\"async\" src=\"https:\/\/lindy.com\/en\/wp-content\/uploads\/sites\/2\/2018\/08\/HDBaseT_10-1.jpg\"\/><\/div><\/div><\/section>\n\n\n\n<section class=\"wp-block-lindy-paragraph-and-images full-width-image--with-text section section--paragraph-image  theme--light font--camber font--size-small\"><div class=\"grid-noBottom-middle\"><div class=\"col-6_sm-12 full-width-image__content section section--animation-none align--right \"><div class=\"content--animate\"><div class=\"contained\"><h2 class=\"section__heading\"><span>COMMUTATION DU SIGNAL<\/span><\/h2><p class=\"section__paragraph\"><br\/>Notre large gamme de switchs AV et KVM permet de contr\u00f4ler plusieurs sources depuis une seule console. Les donn\u00e9es avec bande passante \u00e9lev\u00e9e et les vid\u00e9o haute r\u00e9solution sont pris en charge. Des fonctions avanc\u00e9es permettent le contr\u00f4le distant de serveurs via des connexions Cat.5\/6 ou IP. Les switchs Matrix vid\u00e9o permettent des options avanc\u00e9es pour commuter plusieurs sources vers plusieurs \u00e9crans. <br\/><\/p><\/div><\/div><\/div><div class=\"col-6_sm-12 full-width-image--with-text align--right\" style=\"background-image:url(https:\/\/lindy.com\/en\/wp-content\/uploads\/sites\/2\/2018\/10\/Presentation_1.jpg)\"><img decoding=\"async\" src=\"https:\/\/lindy.com\/en\/wp-content\/uploads\/sites\/2\/2018\/10\/Presentation_1.jpg\"\/><\/div><\/div><\/section>\n\n\n\n<section class=\"wp-block-lindy-paragraph-and-images full-width-image--with-text section section--paragraph-image  theme--light font--camber font--size-small\"><div class=\"grid-noBottom-middle-reverse\"><div class=\"col-6_sm-12 full-width-image__content section section--animation-none align--left \"><div class=\"content--animate\"><div class=\"contained\"><h2 class=\"section__heading\"><span>TECHNOLOGIE DE CONVERSION<\/span><\/h2><p class=\"section__paragraph\"><br\/>La gamme de convertisseurs Lindy permet aux int\u00e9grateurs syst\u00e8mes, administrateurs IT de g\u00e9rer des installations \u00e9quip\u00e9s d&rsquo;appareils utilisant les derni\u00e8res technologies num\u00e9riques. Lindy fournit des solutions permettant de facilement convertir des signaux AV analogiques vers num\u00e9riques et inversement.<br\/><\/p><\/div><\/div><\/div><div class=\"col-6_sm-12 full-width-image--with-text align--left\" style=\"background-image:url(https:\/\/lindy.com\/en\/wp-content\/uploads\/sites\/2\/2018\/08\/41048_LINK.jpg)\"><img decoding=\"async\" src=\"https:\/\/lindy.com\/en\/wp-content\/uploads\/sites\/2\/2018\/08\/41048_LINK.jpg\"\/><\/div><\/div><\/section>\n\n\n\n<section class=\"wp-block-lindy-heading-text section section--heading-text theme--dark align--center  font--size-medium section--animation-none\"><div class=\"contained\"><h2 class=\"section__heading\"><span><br\/><strong>DOMAINES D&rsquo;UTILISATION<\/strong> <br\/><\/span><\/h2><\/div><\/section>\n\n\n\n<section class=\"wp-block-lindy-image-text-module section section--full-width-image full-width-image--with-text theme--dark section--animation-none align--left font--camber font--size-small width--half\" style=\"background-image:url(https:\/\/lindy.com\/en\/wp-content\/uploads\/sites\/2\/2018\/09\/Link_Corporate_2.jpg)\"><img decoding=\"async\" class=\"full-width-image__image\" src=\"https:\/\/lindy.com\/en\/wp-content\/uploads\/sites\/2\/2018\/09\/Link_Corporate_2.jpg\"\/><div class=\"contained\"><div class=\"full-width-image__content\"><h2 class=\"section__heading\"><span>Applications<\/span><\/h2><h2 class=\"section__subheading section__subheading__title\">pour entreprises<\/h2><p class=\"section__paragraph\"><br\/><\/p><a href=\"https:\/\/lindy.com\/fr\/entreprises\" class=\"button button--white-transparent\" target=\"_self\" rel=\"noopener noreferrer\">EN SAVOIR PLUS<\/a><\/div><\/div><\/section>\n\n\n\n<section class=\"wp-block-lindy-image-text-module section section--full-width-image full-width-image--with-text theme--dark section--animation-none align--left font--camber font--size-small width--half\" style=\"background-image:url(https:\/\/lindy.com\/en\/wp-content\/uploads\/sites\/2\/2018\/09\/Link_TradeFair-1.jpg)\"><img decoding=\"async\" class=\"full-width-image__image\" src=\"https:\/\/lindy.com\/en\/wp-content\/uploads\/sites\/2\/2018\/09\/Link_TradeFair-1.jpg\"\/><div class=\"contained\"><div class=\"full-width-image__content\"><h2 class=\"section__heading\"><span>Applications de salons<\/span><\/h2><h2 class=\"section__subheading section__subheading__title\">commerciaux et accueil du public<\/h2><p class=\"section__paragraph\"><br\/><\/p><a href=\"https:\/\/lindy.com\/fr\/sante-et-salons-commerciaux\" class=\"button button--white-transparent\" target=\"_self\" rel=\"noopener noreferrer\">EN SAVOIR PLUS<\/a><\/div><\/div><\/section>\n\n\n\n<section class=\"wp-block-lindy-image-text-module section section--full-width-image full-width-image--with-text theme--dark section--animation-none align--center font--camber font--size-small\" style=\"background-image:url(https:\/\/lindy.com\/fr\/wp-content\/uploads\/sites\/4\/2020\/01\/presentation_FW.jpg)\"><img decoding=\"async\" class=\"full-width-image__image\" src=\"https:\/\/lindy.com\/fr\/wp-content\/uploads\/sites\/4\/2020\/01\/presentation_FW.jpg\"\/><div class=\"contained\"><div class=\"full-width-image__content\"><h2 class=\"section__heading\"><span>APPLICATIONS AV<\/span><\/h2><h2 class=\"section__subheading section__subheading__title\">POUR L\u2019\u00c9V\u00c8NEMENTIEL<br\/><br\/><br\/><\/h2><a href=\"https:\/\/lindy.com\/fr\/evenementiel-solutions-av\/\" class=\"button button--white-transparent\" target=\"_self\" rel=\"noopener noreferrer\">EN SAVOIR PLUS<\/a><\/div><\/div><\/section>\n","protected":false},"excerpt":{"rendered":"","protected":false},"author":11,"featured_media":0,"parent":0,"menu_order":0,"comment_status":"closed","ping_status":"closed","template":"page-templates\/template-landing.php","meta":{"_acf_changed":false,"footnotes":""},"class_list":["post-49","page","type-page","status-publish","hentry"],"acf":[],"yoast_head":"<!-- This site is optimized with the Yoast SEO plugin v26.6 - https:\/\/yoast.com\/wordpress\/plugins\/seo\/ -->\n<title>Solutions visualisation et affichage - Lindy - French<\/title>\n<meta name=\"robots\" content=\"index, follow, max-snippet:-1, max-image-preview:large, max-video-preview:-1\" \/>\n<link rel=\"canonical\" href=\"https:\/\/lindy.com\/fr\/visualisation-et-affichage\/\" \/>\n<meta property=\"og:locale\" content=\"fr_FR\" \/>\n<meta property=\"og:type\" content=\"article\" \/>\n<meta property=\"og:title\" content=\"Solutions visualisation et affichage - Lindy - French\" \/>\n<meta property=\"og:url\" content=\"https:\/\/lindy.com\/fr\/visualisation-et-affichage\/\" \/>\n<meta property=\"og:site_name\" content=\"Lindy - French\" \/>\n<meta property=\"article:modified_time\" content=\"2020-01-29T15:12:57+00:00\" \/>\n<meta property=\"og:image\" content=\"https:\/\/lindy.com\/en\/wp-content\/uploads\/sites\/2\/2018\/09\/SettingtheStandard.jpg\" \/>\n<meta name=\"twitter:card\" content=\"summary_large_image\" \/>\n<meta name=\"twitter:label1\" content=\"Dur\u00e9e de lecture estim\u00e9e\" \/>\n\t<meta name=\"twitter:data1\" content=\"4 minutes\" \/>\n<script type=\"application\/ld+json\" class=\"yoast-schema-graph\">{\"@context\":\"https:\/\/schema.org\",\"@graph\":[{\"@type\":\"WebPage\",\"@id\":\"https:\/\/lindy.com\/fr\/visualisation-et-affichage\/\",\"url\":\"https:\/\/lindy.com\/fr\/visualisation-et-affichage\/\",\"name\":\"Solutions visualisation et affichage - Lindy - French\",\"isPartOf\":{\"@id\":\"https:\/\/lindy.com\/fr\/#website\"},\"primaryImageOfPage\":{\"@id\":\"https:\/\/lindy.com\/fr\/visualisation-et-affichage\/#primaryimage\"},\"image\":{\"@id\":\"https:\/\/lindy.com\/fr\/visualisation-et-affichage\/#primaryimage\"},\"thumbnailUrl\":\"https:\/\/lindy.com\/en\/wp-content\/uploads\/sites\/2\/2018\/09\/SettingtheStandard.jpg\",\"datePublished\":\"2018-11-09T13:08:04+00:00\",\"dateModified\":\"2020-01-29T15:12:57+00:00\",\"breadcrumb\":{\"@id\":\"https:\/\/lindy.com\/fr\/visualisation-et-affichage\/#breadcrumb\"},\"inLanguage\":\"fr-FR\",\"potentialAction\":[{\"@type\":\"ReadAction\",\"target\":[\"https:\/\/lindy.com\/fr\/visualisation-et-affichage\/\"]}]},{\"@type\":\"ImageObject\",\"inLanguage\":\"fr-FR\",\"@id\":\"https:\/\/lindy.com\/fr\/visualisation-et-affichage\/#primaryimage\",\"url\":\"https:\/\/lindy.com\/en\/wp-content\/uploads\/sites\/2\/2018\/09\/SettingtheStandard.jpg\",\"contentUrl\":\"https:\/\/lindy.com\/en\/wp-content\/uploads\/sites\/2\/2018\/09\/SettingtheStandard.jpg\"},{\"@type\":\"BreadcrumbList\",\"@id\":\"https:\/\/lindy.com\/fr\/visualisation-et-affichage\/#breadcrumb\",\"itemListElement\":[{\"@type\":\"ListItem\",\"position\":1,\"name\":\"Home\",\"item\":\"https:\/\/lindy.com\/fr\/\"},{\"@type\":\"ListItem\",\"position\":2,\"name\":\"Solutions visualisation et affichage\"}]},{\"@type\":\"WebSite\",\"@id\":\"https:\/\/lindy.com\/fr\/#website\",\"url\":\"https:\/\/lindy.com\/fr\/\",\"name\":\"Lindy - French\",\"description\":\"Connection Perfection\",\"potentialAction\":[{\"@type\":\"SearchAction\",\"target\":{\"@type\":\"EntryPoint\",\"urlTemplate\":\"https:\/\/lindy.com\/fr\/?s={search_term_string}\"},\"query-input\":{\"@type\":\"PropertyValueSpecification\",\"valueRequired\":true,\"valueName\":\"search_term_string\"}}],\"inLanguage\":\"fr-FR\"}]}<\/script>\n<!-- \/ Yoast SEO plugin. -->","yoast_head_json":{"title":"Solutions visualisation et affichage - Lindy - French","robots":{"index":"index","follow":"follow","max-snippet":"max-snippet:-1","max-image-preview":"max-image-preview:large","max-video-preview":"max-video-preview:-1"},"canonical":"https:\/\/lindy.com\/fr\/visualisation-et-affichage\/","og_locale":"fr_FR","og_type":"article","og_title":"Solutions visualisation et affichage - Lindy - French","og_url":"https:\/\/lindy.com\/fr\/visualisation-et-affichage\/","og_site_name":"Lindy - French","article_modified_time":"2020-01-29T15:12:57+00:00","og_image":[{"url":"https:\/\/lindy.com\/en\/wp-content\/uploads\/sites\/2\/2018\/09\/SettingtheStandard.jpg","type":"","width":"","height":""}],"twitter_card":"summary_large_image","twitter_misc":{"Dur\u00e9e de lecture estim\u00e9e":"4 minutes"},"schema":{"@context":"https:\/\/schema.org","@graph":[{"@type":"WebPage","@id":"https:\/\/lindy.com\/fr\/visualisation-et-affichage\/","url":"https:\/\/lindy.com\/fr\/visualisation-et-affichage\/","name":"Solutions visualisation et affichage - Lindy - French","isPartOf":{"@id":"https:\/\/lindy.com\/fr\/#website"},"primaryImageOfPage":{"@id":"https:\/\/lindy.com\/fr\/visualisation-et-affichage\/#primaryimage"},"image":{"@id":"https:\/\/lindy.com\/fr\/visualisation-et-affichage\/#primaryimage"},"thumbnailUrl":"https:\/\/lindy.com\/en\/wp-content\/uploads\/sites\/2\/2018\/09\/SettingtheStandard.jpg","datePublished":"2018-11-09T13:08:04+00:00","dateModified":"2020-01-29T15:12:57+00:00","breadcrumb":{"@id":"https:\/\/lindy.com\/fr\/visualisation-et-affichage\/#breadcrumb"},"inLanguage":"fr-FR","potentialAction":[{"@type":"ReadAction","target":["https:\/\/lindy.com\/fr\/visualisation-et-affichage\/"]}]},{"@type":"ImageObject","inLanguage":"fr-FR","@id":"https:\/\/lindy.com\/fr\/visualisation-et-affichage\/#primaryimage","url":"https:\/\/lindy.com\/en\/wp-content\/uploads\/sites\/2\/2018\/09\/SettingtheStandard.jpg","contentUrl":"https:\/\/lindy.com\/en\/wp-content\/uploads\/sites\/2\/2018\/09\/SettingtheStandard.jpg"},{"@type":"BreadcrumbList","@id":"https:\/\/lindy.com\/fr\/visualisation-et-affichage\/#breadcrumb","itemListElement":[{"@type":"ListItem","position":1,"name":"Home","item":"https:\/\/lindy.com\/fr\/"},{"@type":"ListItem","position":2,"name":"Solutions visualisation et affichage"}]},{"@type":"WebSite","@id":"https:\/\/lindy.com\/fr\/#website","url":"https:\/\/lindy.com\/fr\/","name":"Lindy - French","description":"Connection Perfection","potentialAction":[{"@type":"SearchAction","target":{"@type":"EntryPoint","urlTemplate":"https:\/\/lindy.com\/fr\/?s={search_term_string}"},"query-input":{"@type":"PropertyValueSpecification","valueRequired":true,"valueName":"search_term_string"}}],"inLanguage":"fr-FR"}]}},"_links":{"self":[{"href":"https:\/\/lindy.com\/fr\/wp-json\/wp\/v2\/pages\/49","targetHints":{"allow":["GET"]}}],"collection":[{"href":"https:\/\/lindy.com\/fr\/wp-json\/wp\/v2\/pages"}],"about":[{"href":"https:\/\/lindy.com\/fr\/wp-json\/wp\/v2\/types\/page"}],"author":[{"embeddable":true,"href":"https:\/\/lindy.com\/fr\/wp-json\/wp\/v2\/users\/11"}],"replies":[{"embeddable":true,"href":"https:\/\/lindy.com\/fr\/wp-json\/wp\/v2\/comments?post=49"}],"version-history":[{"count":0,"href":"https:\/\/lindy.com\/fr\/wp-json\/wp\/v2\/pages\/49\/revisions"}],"wp:attachment":[{"href":"https:\/\/lindy.com\/fr\/wp-json\/wp\/v2\/media?parent=49"}],"curies":[{"name":"wp","href":"https:\/\/api.w.org\/{rel}","templated":true}]}}