{"id":52,"date":"2018-11-09T13:18:35","date_gmt":"2018-11-09T13:18:35","guid":{"rendered":"https:\/\/lindy.com\/fr\/?page_id=52"},"modified":"2019-05-23T12:13:10","modified_gmt":"2019-05-23T12:13:10","slug":"a-domicile","status":"publish","type":"page","link":"https:\/\/lindy.com\/fr\/a-domicile\/","title":{"rendered":"Solutions \u00e0 domicile"},"content":{"rendered":"\n<section class=\"wp-block-lindy-parallax-hero section parallax-hero theme--light align--center  font--size-large\" style=\"background-image:url(https:\/\/lindy.com\/fr\/wp-content\/uploads\/sites\/4\/2018\/12\/Amended_Residential_2.jpg)\"><div class=\"contained contained--full-width\"><div class=\"parallax-hero__content\"><div class=\"parallax-hero__content-wrapper align--center\"><h2 class=\"section__heading\"><span><br\/>Applications<br\/><\/span><\/h2><h2 class=\"section__subheading section__subheading__title\">r\u00e9sidentielles<\/h2><p class=\"section__paragraph\"><br\/><br\/>\u25bc<\/p><\/div><\/div><\/div><\/section>\n\n\n\n<section class=\"wp-block-lindy-parallax-hero section parallax-hero theme--light align--center  font--size-medium\" style=\"background-image:url(https:\/\/lindy.com\/fr\/wp-content\/uploads\/sites\/4\/2018\/12\/Amended_Residential_1.jpg)\"><div class=\"contained contained--full-width\"><div class=\"parallax-hero__content\"><div class=\"parallax-hero__content-wrapper align--center\"><h2 class=\"section__heading\"><span><br\/><br\/><br\/><br\/><br\/><\/span><\/h2><h2 class=\"section__subheading section__subheading__title\"><br\/><br\/><br\/><br\/><\/h2><\/div><\/div><\/div><\/section>\n\n\n\n<section class=\"wp-block-lindy-parallax-hero section parallax-hero theme--light align--center font--camber font--size-medium\" style=\"background-image:url(https:\/\/lindy.com\/fr\/wp-content\/uploads\/sites\/4\/2018\/12\/Amended_Residential_2.jpg)\"><div class=\"contained contained--full-width\"><div class=\"parallax-hero__content\"><div class=\"parallax-hero__content-wrapper align--center\"><h2 class=\"section__heading\"><span>LE POTENTIEL<\/span><\/h2><h2 class=\"section__subheading section__subheading__title\">\u00c0 DOMICILE <\/h2><p class=\"section__paragraph\"><br\/>Les contenus haute r\u00e9solution deviennent de plus en plus essentiels dans les maisons actuelles, ainsi une large bande passante doit \u00eatre distribu\u00e9e entre plusieurs sources vers plusieurs afficheurs. Les solutions dernier cri de Lindy permettent aux utilisateurs de maximiser le potentiel d&rsquo;une maison AV. <br\/><\/p><\/div><\/div><\/div><\/section>\n\n\n\n<section class=\"wp-block-lindy-heading-text section section--heading-text theme--light align--center  font--size-large section--animation-none\"><div class=\"contained\"><h2 class=\"section__heading\"><span><br\/>COMMUTATEUR 18G<br\/><\/span><\/h2><h2 class=\"section__subheading section__subheading__title\">SWITCH HDMI 2.0, 5 PORTS<\/h2><\/div><\/section>\n\n\n\n<section class=\"wp-block-lindy-image-text-module section section--full-width-image full-width-image--with-text theme--light section--animation-none align--left  font--size-small width--half\" style=\"background-image:url(https:\/\/lindy.com\/en\/wp-content\/uploads\/sites\/2\/2018\/10\/38244.jpg)\"><img decoding=\"async\" class=\"full-width-image__image\" src=\"https:\/\/lindy.com\/en\/wp-content\/uploads\/sites\/2\/2018\/10\/38244.jpg\"\/><div class=\"contained\"><div class=\"full-width-image__content\"><\/div><\/div><\/section>\n\n\n\n<section class=\"wp-block-lindy-image-text-module section section--full-width-image full-width-image--with-text theme--light section--animation-right align--left font--camber font--size-small width--half\" style=\"background-image:url()\"><img decoding=\"async\" class=\"full-width-image__image\" src=\"\"\/><div class=\"contained\"><div class=\"full-width-image__content\"><p class=\"section__paragraph\">Le transfert de donn\u00e9es HDMI 2.0 et AV sur une bande passante allant jusqu\u2018\u00e0 18Gbit\/s est le fer de lance pour que les contenus 4K puissent \u00eatre transmis de la source \u00e0 l\u2018\u00e9cran. Il est important de s\u2018assurer que tous les maillons de la chaine de distribution puissent g\u00e9rer cette \u00e9norme bande passante afin que l\u2018\u00e9cran final ne reste pas noir. Le point crucial est la puissance des commutateurs utilis\u00e9s car ils forment le coeur du syst\u00e8me de transmission. Le switch HDMI 2.0 5 ports commute les signaux AV de 5 sources HDMI avec une r\u00e9solution allant jusqu\u2018\u00e0 4096&#215;2160 \u00e0 60Hz 4:4:4 avec 8Bit vers un \u00e9cran HDMI 4K. Les contenus vid\u00e9o prot\u00e9g\u00e9s HDCP 2.2 et 1.4 sont \u00e9galement pris en charge, parfait pour une installation Home Cin\u00e9ma 4K.<\/p><a href=\"https:\/\/www.lindy.fr\/?websale8=ld0101.ld030103&amp;ci=194\" class=\"button button--dark\" target=\"_blank\" rel=\"noopener noreferrer\">ACHETER EN LIGNE<\/a><\/div><\/div><\/section>\n\n\n\n<section class=\"wp-block-lindy-key-info section section--key-info theme--light section--animation-none\"><div class=\"contained\"><div class=\"grid-2_sm-1-center\"><div class=\"col left_item\"><div class=\"box\"><h3 class=\"section__heading\">CINQ SOURCES<\/h3><div class=\"section__content\"><p class=\"section__content\">Les sources modernes, telles que lecteur BD, console de jeux, serveur de Streaming, r\u00e9cepteur satellite saturent les quelques ports d\u2018entr\u00e9e HDMI des \u00e9crans 4K actuels. Le switch HDMI 2.0 se charge d\u2018une compatibilit\u00e9 totale.<\/p><\/div><\/div><\/div><div class=\"col right_item\"><div class=\"box\"><h3 class=\"section__heading\">UN \u00c9CRAN<\/h3><div class=\"section__content\"><p class=\"section__content\">La commutation s\u2018effectue confortablement depuis une t\u00e9l\u00e9commande ou via des boutons sur la fa\u00e7ade du switch ou via RS232. Id\u00e9al pour une commutation efficace dans un milieu professionnel. En combinant les extenders optiques 4K, la commutation de sources peut alors se faire sur de longues distances.<\/p><\/div><\/div><\/div><\/div><\/div><\/section>\n\n\n\n<section class=\"wp-block-lindy-zoom-image section section--zoom-image zoom-image align--center theme--light\"><div class=\"contained\"><div class=\"zoom-image-wrapper\"><img decoding=\"async\" class=\"zoomable\" src=\"https:\/\/lindy.com\/fr\/wp-content\/uploads\/sites\/4\/2019\/05\/38244-1170x963.jpg\" data-zoom-img=\"https:\/\/lindy.com\/fr\/wp-content\/uploads\/sites\/4\/2019\/05\/38244.jpg\"\/><\/div><span class=\"zoom-image__description\">Click to zoom<\/span><\/div><\/section>\n","protected":false},"excerpt":{"rendered":"","protected":false},"author":11,"featured_media":0,"parent":0,"menu_order":0,"comment_status":"closed","ping_status":"closed","template":"page-templates\/template-landing.php","meta":{"_acf_changed":false,"footnotes":""},"class_list":["post-52","page","type-page","status-publish","hentry"],"acf":[],"yoast_head":"<!-- This site is optimized with the Yoast SEO plugin v26.6 - https:\/\/yoast.com\/wordpress\/plugins\/seo\/ -->\n<title>Solutions \u00e0 domicile - Lindy - French<\/title>\n<meta name=\"robots\" content=\"index, follow, max-snippet:-1, max-image-preview:large, max-video-preview:-1\" \/>\n<link rel=\"canonical\" href=\"https:\/\/lindy.com\/fr\/a-domicile\/\" \/>\n<meta property=\"og:locale\" content=\"fr_FR\" \/>\n<meta property=\"og:type\" content=\"article\" \/>\n<meta property=\"og:title\" content=\"Solutions \u00e0 domicile - Lindy - French\" \/>\n<meta property=\"og:url\" content=\"https:\/\/lindy.com\/fr\/a-domicile\/\" \/>\n<meta property=\"og:site_name\" content=\"Lindy - French\" \/>\n<meta property=\"article:modified_time\" content=\"2019-05-23T12:13:10+00:00\" \/>\n<meta property=\"og:image\" content=\"https:\/\/lindy.com\/en\/wp-content\/uploads\/sites\/2\/2018\/10\/38244.jpg\" \/>\n<meta name=\"twitter:card\" content=\"summary_large_image\" \/>\n<meta name=\"twitter:label1\" content=\"Dur\u00e9e de lecture estim\u00e9e\" \/>\n\t<meta name=\"twitter:data1\" content=\"1 minute\" \/>\n<script type=\"application\/ld+json\" class=\"yoast-schema-graph\">{\"@context\":\"https:\/\/schema.org\",\"@graph\":[{\"@type\":\"WebPage\",\"@id\":\"https:\/\/lindy.com\/fr\/a-domicile\/\",\"url\":\"https:\/\/lindy.com\/fr\/a-domicile\/\",\"name\":\"Solutions \u00e0 domicile - Lindy - French\",\"isPartOf\":{\"@id\":\"https:\/\/lindy.com\/fr\/#website\"},\"primaryImageOfPage\":{\"@id\":\"https:\/\/lindy.com\/fr\/a-domicile\/#primaryimage\"},\"image\":{\"@id\":\"https:\/\/lindy.com\/fr\/a-domicile\/#primaryimage\"},\"thumbnailUrl\":\"https:\/\/lindy.com\/en\/wp-content\/uploads\/sites\/2\/2018\/10\/38244.jpg\",\"datePublished\":\"2018-11-09T13:18:35+00:00\",\"dateModified\":\"2019-05-23T12:13:10+00:00\",\"breadcrumb\":{\"@id\":\"https:\/\/lindy.com\/fr\/a-domicile\/#breadcrumb\"},\"inLanguage\":\"fr-FR\",\"potentialAction\":[{\"@type\":\"ReadAction\",\"target\":[\"https:\/\/lindy.com\/fr\/a-domicile\/\"]}]},{\"@type\":\"ImageObject\",\"inLanguage\":\"fr-FR\",\"@id\":\"https:\/\/lindy.com\/fr\/a-domicile\/#primaryimage\",\"url\":\"https:\/\/lindy.com\/en\/wp-content\/uploads\/sites\/2\/2018\/10\/38244.jpg\",\"contentUrl\":\"https:\/\/lindy.com\/en\/wp-content\/uploads\/sites\/2\/2018\/10\/38244.jpg\"},{\"@type\":\"BreadcrumbList\",\"@id\":\"https:\/\/lindy.com\/fr\/a-domicile\/#breadcrumb\",\"itemListElement\":[{\"@type\":\"ListItem\",\"position\":1,\"name\":\"Home\",\"item\":\"https:\/\/lindy.com\/fr\/\"},{\"@type\":\"ListItem\",\"position\":2,\"name\":\"Solutions \u00e0 domicile\"}]},{\"@type\":\"WebSite\",\"@id\":\"https:\/\/lindy.com\/fr\/#website\",\"url\":\"https:\/\/lindy.com\/fr\/\",\"name\":\"Lindy - French\",\"description\":\"Connection Perfection\",\"potentialAction\":[{\"@type\":\"SearchAction\",\"target\":{\"@type\":\"EntryPoint\",\"urlTemplate\":\"https:\/\/lindy.com\/fr\/?s={search_term_string}\"},\"query-input\":{\"@type\":\"PropertyValueSpecification\",\"valueRequired\":true,\"valueName\":\"search_term_string\"}}],\"inLanguage\":\"fr-FR\"}]}<\/script>\n<!-- \/ Yoast SEO plugin. -->","yoast_head_json":{"title":"Solutions \u00e0 domicile - Lindy - French","robots":{"index":"index","follow":"follow","max-snippet":"max-snippet:-1","max-image-preview":"max-image-preview:large","max-video-preview":"max-video-preview:-1"},"canonical":"https:\/\/lindy.com\/fr\/a-domicile\/","og_locale":"fr_FR","og_type":"article","og_title":"Solutions \u00e0 domicile - Lindy - French","og_url":"https:\/\/lindy.com\/fr\/a-domicile\/","og_site_name":"Lindy - French","article_modified_time":"2019-05-23T12:13:10+00:00","og_image":[{"url":"https:\/\/lindy.com\/en\/wp-content\/uploads\/sites\/2\/2018\/10\/38244.jpg","type":"","width":"","height":""}],"twitter_card":"summary_large_image","twitter_misc":{"Dur\u00e9e de lecture estim\u00e9e":"1 minute"},"schema":{"@context":"https:\/\/schema.org","@graph":[{"@type":"WebPage","@id":"https:\/\/lindy.com\/fr\/a-domicile\/","url":"https:\/\/lindy.com\/fr\/a-domicile\/","name":"Solutions \u00e0 domicile - Lindy - French","isPartOf":{"@id":"https:\/\/lindy.com\/fr\/#website"},"primaryImageOfPage":{"@id":"https:\/\/lindy.com\/fr\/a-domicile\/#primaryimage"},"image":{"@id":"https:\/\/lindy.com\/fr\/a-domicile\/#primaryimage"},"thumbnailUrl":"https:\/\/lindy.com\/en\/wp-content\/uploads\/sites\/2\/2018\/10\/38244.jpg","datePublished":"2018-11-09T13:18:35+00:00","dateModified":"2019-05-23T12:13:10+00:00","breadcrumb":{"@id":"https:\/\/lindy.com\/fr\/a-domicile\/#breadcrumb"},"inLanguage":"fr-FR","potentialAction":[{"@type":"ReadAction","target":["https:\/\/lindy.com\/fr\/a-domicile\/"]}]},{"@type":"ImageObject","inLanguage":"fr-FR","@id":"https:\/\/lindy.com\/fr\/a-domicile\/#primaryimage","url":"https:\/\/lindy.com\/en\/wp-content\/uploads\/sites\/2\/2018\/10\/38244.jpg","contentUrl":"https:\/\/lindy.com\/en\/wp-content\/uploads\/sites\/2\/2018\/10\/38244.jpg"},{"@type":"BreadcrumbList","@id":"https:\/\/lindy.com\/fr\/a-domicile\/#breadcrumb","itemListElement":[{"@type":"ListItem","position":1,"name":"Home","item":"https:\/\/lindy.com\/fr\/"},{"@type":"ListItem","position":2,"name":"Solutions \u00e0 domicile"}]},{"@type":"WebSite","@id":"https:\/\/lindy.com\/fr\/#website","url":"https:\/\/lindy.com\/fr\/","name":"Lindy - French","description":"Connection Perfection","potentialAction":[{"@type":"SearchAction","target":{"@type":"EntryPoint","urlTemplate":"https:\/\/lindy.com\/fr\/?s={search_term_string}"},"query-input":{"@type":"PropertyValueSpecification","valueRequired":true,"valueName":"search_term_string"}}],"inLanguage":"fr-FR"}]}},"_links":{"self":[{"href":"https:\/\/lindy.com\/fr\/wp-json\/wp\/v2\/pages\/52","targetHints":{"allow":["GET"]}}],"collection":[{"href":"https:\/\/lindy.com\/fr\/wp-json\/wp\/v2\/pages"}],"about":[{"href":"https:\/\/lindy.com\/fr\/wp-json\/wp\/v2\/types\/page"}],"author":[{"embeddable":true,"href":"https:\/\/lindy.com\/fr\/wp-json\/wp\/v2\/users\/11"}],"replies":[{"embeddable":true,"href":"https:\/\/lindy.com\/fr\/wp-json\/wp\/v2\/comments?post=52"}],"version-history":[{"count":0,"href":"https:\/\/lindy.com\/fr\/wp-json\/wp\/v2\/pages\/52\/revisions"}],"wp:attachment":[{"href":"https:\/\/lindy.com\/fr\/wp-json\/wp\/v2\/media?parent=52"}],"curies":[{"name":"wp","href":"https:\/\/api.w.org\/{rel}","templated":true}]}}