{"id":53,"date":"2018-11-09T13:22:48","date_gmt":"2018-11-09T13:22:48","guid":{"rendered":"https:\/\/lindy.com\/fr\/?page_id=53"},"modified":"2019-05-23T12:13:47","modified_gmt":"2019-05-23T12:13:47","slug":"petites-entreprises","status":"publish","type":"page","link":"https:\/\/lindy.com\/fr\/petites-entreprises\/","title":{"rendered":"Solutions petites entreprises"},"content":{"rendered":"\n<section class=\"wp-block-lindy-parallax-hero section parallax-hero theme--light align--center  font--size-large\" style=\"background-image:url(https:\/\/lindy.com\/fr\/wp-content\/uploads\/sites\/4\/2018\/12\/Amended_SmallOffice_2.jpg)\"><div class=\"contained contained--full-width\"><div class=\"parallax-hero__content\"><div class=\"parallax-hero__content-wrapper align--center\"><h2 class=\"section__heading\"><span><br\/>Applications pour<br\/><\/span><\/h2><h2 class=\"section__subheading section__subheading__title\">Petites Entreprises<\/h2><p class=\"section__paragraph\"><br\/><br\/>\u25bc<\/p><\/div><\/div><\/div><\/section>\n\n\n\n<section class=\"wp-block-lindy-parallax-hero section parallax-hero theme--light align--center  font--size-medium\" style=\"background-image:url(https:\/\/lindy.com\/fr\/wp-content\/uploads\/sites\/4\/2018\/12\/Amended_SmallOffice_1.jpg)\"><div class=\"contained contained--full-width\"><div class=\"parallax-hero__content\"><div class=\"parallax-hero__content-wrapper align--center\"><h2 class=\"section__heading\"><span><br\/><br\/><br\/><br\/><br\/><\/span><\/h2><h2 class=\"section__subheading section__subheading__title\"><br\/><br\/><br\/><br\/><\/h2><\/div><\/div><\/div><\/section>\n\n\n\n<section class=\"wp-block-lindy-parallax-hero section parallax-hero theme--light align--center font--camber font--size-medium\" style=\"background-image:url(https:\/\/lindy.com\/fr\/wp-content\/uploads\/sites\/4\/2018\/12\/Amended_SmallOffice_2.jpg)\"><div class=\"contained contained--full-width\"><div class=\"parallax-hero__content\"><div class=\"parallax-hero__content-wrapper align--center\"><h2 class=\"section__heading\"><span>INNOVATION DANS\u00a0<\/span><\/h2><h2 class=\"section__subheading section__subheading__title\">LE BUSINESS<\/h2><p class=\"section__paragraph\"><br\/>Les petites entreprises sont souvent le d\u00e9part de l&rsquo;innovation AV. Le besoin de se d\u00e9velopper signifie que les petites entreprises ont besoin des derni\u00e8res technologies. Et ainsi gagner en fiabilit\u00e9, puissance.<br\/><\/p><\/div><\/div><\/div><\/section>\n\n\n\n<section class=\"wp-block-lindy-heading-text section section--heading-text theme--light align--center  font--size-large section--animation-none\"><div class=\"contained\"><h2 class=\"section__heading\"><span><br\/>ACC\u00c8S RAPIDE<br\/><\/span><\/h2><h2 class=\"section__subheading section__subheading__title\">SWITCH KVM DVI PRO USB &amp; AUDIO<\/h2><\/div><\/section>\n\n\n\n<section class=\"wp-block-lindy-image-text-module section section--full-width-image full-width-image--with-text theme--light section--animation-none align--left  font--size-small width--half\" style=\"background-image:url(https:\/\/lindy.com\/en\/wp-content\/uploads\/sites\/2\/2018\/10\/29217_AP.jpg)\"><img decoding=\"async\" class=\"full-width-image__image\" src=\"https:\/\/lindy.com\/en\/wp-content\/uploads\/sites\/2\/2018\/10\/29217_AP.jpg\"\/><div class=\"contained\"><div class=\"full-width-image__content\"><\/div><\/div><\/section>\n\n\n\n<section class=\"wp-block-lindy-image-text-module section section--full-width-image full-width-image--with-text theme--light section--animation-right align--left font--camber font--size-small width--half\" style=\"background-image:url()\"><img decoding=\"async\" class=\"full-width-image__image\" src=\"\"\/><div class=\"contained\"><div class=\"full-width-image__content\"><p class=\"section__paragraph\">Celui qui travaille dans un environnement AV avec plusieurs ordinateurs, serveurs web, de fichier, streaming, mails, a besoin sur toutes ces machines d\u2018un acc\u00e8s rapide et en temps r\u00e9el pour imm\u00e9diatement r\u00e9agir et intervenir face aux situations critiques. Le switch KVM DVI Pro met \u00e0 disposition une seule console (clavier, souris, \u00e9cran) qui permet une commutation rapide des ports. Le processus de commutation peut se faire encore plus rapidement via les boutons en fa\u00e7ade. Le signal vid\u00e9o commut\u00e9 est en DVI-I (prenant en charge le VGA) jusqu\u2018\u00e0 1920&#215;1200@60 Hz, clavier et souris en USB, Audio analogique (haut-parleurs et micro). Id\u00e9al pour le Multim\u00e9dia, avec son hub USB 2.0 int\u00e9gr\u00e9.<\/p><a href=\"https:\/\/www.lindy.fr\/?websale8=ld0101.ld030103&amp;pi=39317\n\" class=\"button button--dark\" target=\"_blank\" rel=\"noopener noreferrer\">ACHETER EN LIGNE<\/a><\/div><\/div><\/section>\n\n\n\n<section class=\"wp-block-lindy-key-info section section--key-info theme--light section--animation-none\"><div class=\"contained\"><div class=\"grid-2_sm-1-center\"><div class=\"col left_item\"><div class=\"box\"><h3 class=\"section__heading\">Haute performance<\/h3><div class=\"section__content\"><p class=\"section__content\">Dans le milieu de l\u2018AV et du multim\u00e9dia, l\u2018 am\u00e9lioration constante des performances permet d\u2018all\u00e9ger la charge de travail. \u00c0 l\u2018aide d\u2018\u00e9querres de montage rack 19\u201c qui permettent d\u2018installer le switch au plus proche des serveurs Streaming et ordinateurs de traitement d\u2018images.<\/p><\/div><\/div><\/div><div class=\"col right_item\"><div class=\"box\"><h3 class=\"section__heading\">Contr\u00f4le simple<\/h3><div class=\"section__content\"><p class=\"section__content\">De telles installations impliquent un acc\u00e8s rapide \u00e0 tous les syst\u00e8mes mis en oeuvre, id\u00e9alement au moyen d\u2018une s\u00e9quence clavier Hotkey garantissant un contr\u00f4le total sur tous les syst\u00e8mes.<\/p><\/div><\/div><\/div><\/div><\/div><\/section>\n\n\n\n<section class=\"wp-block-lindy-zoom-image section section--zoom-image zoom-image align--center theme--light\"><div class=\"contained\"><div class=\"zoom-image-wrapper\"><img decoding=\"async\" class=\"zoomable\" src=\"https:\/\/lindy.com\/fr\/wp-content\/uploads\/sites\/4\/2019\/05\/39317-1170x1087.jpg\" data-zoom-img=\"https:\/\/lindy.com\/fr\/wp-content\/uploads\/sites\/4\/2019\/05\/39317.jpg\"\/><\/div><span class=\"zoom-image__description\">Click to zoom<\/span><\/div><\/section>\n","protected":false},"excerpt":{"rendered":"","protected":false},"author":11,"featured_media":0,"parent":0,"menu_order":0,"comment_status":"closed","ping_status":"closed","template":"page-templates\/template-landing.php","meta":{"_acf_changed":false,"footnotes":""},"class_list":["post-53","page","type-page","status-publish","hentry"],"acf":[],"yoast_head":"<!-- This site is optimized with the Yoast SEO plugin v26.6 - https:\/\/yoast.com\/wordpress\/plugins\/seo\/ -->\n<title>Solutions petites entreprises - Lindy - French<\/title>\n<meta name=\"robots\" content=\"index, follow, max-snippet:-1, max-image-preview:large, max-video-preview:-1\" \/>\n<link rel=\"canonical\" href=\"https:\/\/lindy.com\/fr\/petites-entreprises\/\" \/>\n<meta property=\"og:locale\" content=\"fr_FR\" \/>\n<meta property=\"og:type\" content=\"article\" \/>\n<meta property=\"og:title\" content=\"Solutions petites entreprises - Lindy - French\" \/>\n<meta property=\"og:url\" content=\"https:\/\/lindy.com\/fr\/petites-entreprises\/\" \/>\n<meta property=\"og:site_name\" content=\"Lindy - French\" \/>\n<meta property=\"article:modified_time\" content=\"2019-05-23T12:13:47+00:00\" \/>\n<meta property=\"og:image\" content=\"https:\/\/lindy.com\/en\/wp-content\/uploads\/sites\/2\/2018\/10\/29217_AP.jpg\" \/>\n<meta name=\"twitter:card\" content=\"summary_large_image\" \/>\n<meta name=\"twitter:label1\" content=\"Dur\u00e9e de lecture estim\u00e9e\" \/>\n\t<meta name=\"twitter:data1\" content=\"1 minute\" \/>\n<script type=\"application\/ld+json\" class=\"yoast-schema-graph\">{\"@context\":\"https:\/\/schema.org\",\"@graph\":[{\"@type\":\"WebPage\",\"@id\":\"https:\/\/lindy.com\/fr\/petites-entreprises\/\",\"url\":\"https:\/\/lindy.com\/fr\/petites-entreprises\/\",\"name\":\"Solutions petites entreprises - Lindy - French\",\"isPartOf\":{\"@id\":\"https:\/\/lindy.com\/fr\/#website\"},\"primaryImageOfPage\":{\"@id\":\"https:\/\/lindy.com\/fr\/petites-entreprises\/#primaryimage\"},\"image\":{\"@id\":\"https:\/\/lindy.com\/fr\/petites-entreprises\/#primaryimage\"},\"thumbnailUrl\":\"https:\/\/lindy.com\/en\/wp-content\/uploads\/sites\/2\/2018\/10\/29217_AP.jpg\",\"datePublished\":\"2018-11-09T13:22:48+00:00\",\"dateModified\":\"2019-05-23T12:13:47+00:00\",\"breadcrumb\":{\"@id\":\"https:\/\/lindy.com\/fr\/petites-entreprises\/#breadcrumb\"},\"inLanguage\":\"fr-FR\",\"potentialAction\":[{\"@type\":\"ReadAction\",\"target\":[\"https:\/\/lindy.com\/fr\/petites-entreprises\/\"]}]},{\"@type\":\"ImageObject\",\"inLanguage\":\"fr-FR\",\"@id\":\"https:\/\/lindy.com\/fr\/petites-entreprises\/#primaryimage\",\"url\":\"https:\/\/lindy.com\/en\/wp-content\/uploads\/sites\/2\/2018\/10\/29217_AP.jpg\",\"contentUrl\":\"https:\/\/lindy.com\/en\/wp-content\/uploads\/sites\/2\/2018\/10\/29217_AP.jpg\"},{\"@type\":\"BreadcrumbList\",\"@id\":\"https:\/\/lindy.com\/fr\/petites-entreprises\/#breadcrumb\",\"itemListElement\":[{\"@type\":\"ListItem\",\"position\":1,\"name\":\"Home\",\"item\":\"https:\/\/lindy.com\/fr\/\"},{\"@type\":\"ListItem\",\"position\":2,\"name\":\"Solutions petites entreprises\"}]},{\"@type\":\"WebSite\",\"@id\":\"https:\/\/lindy.com\/fr\/#website\",\"url\":\"https:\/\/lindy.com\/fr\/\",\"name\":\"Lindy - French\",\"description\":\"Connection Perfection\",\"potentialAction\":[{\"@type\":\"SearchAction\",\"target\":{\"@type\":\"EntryPoint\",\"urlTemplate\":\"https:\/\/lindy.com\/fr\/?s={search_term_string}\"},\"query-input\":{\"@type\":\"PropertyValueSpecification\",\"valueRequired\":true,\"valueName\":\"search_term_string\"}}],\"inLanguage\":\"fr-FR\"}]}<\/script>\n<!-- \/ Yoast SEO plugin. -->","yoast_head_json":{"title":"Solutions petites entreprises - Lindy - French","robots":{"index":"index","follow":"follow","max-snippet":"max-snippet:-1","max-image-preview":"max-image-preview:large","max-video-preview":"max-video-preview:-1"},"canonical":"https:\/\/lindy.com\/fr\/petites-entreprises\/","og_locale":"fr_FR","og_type":"article","og_title":"Solutions petites entreprises - Lindy - French","og_url":"https:\/\/lindy.com\/fr\/petites-entreprises\/","og_site_name":"Lindy - French","article_modified_time":"2019-05-23T12:13:47+00:00","og_image":[{"url":"https:\/\/lindy.com\/en\/wp-content\/uploads\/sites\/2\/2018\/10\/29217_AP.jpg","type":"","width":"","height":""}],"twitter_card":"summary_large_image","twitter_misc":{"Dur\u00e9e de lecture estim\u00e9e":"1 minute"},"schema":{"@context":"https:\/\/schema.org","@graph":[{"@type":"WebPage","@id":"https:\/\/lindy.com\/fr\/petites-entreprises\/","url":"https:\/\/lindy.com\/fr\/petites-entreprises\/","name":"Solutions petites entreprises - Lindy - French","isPartOf":{"@id":"https:\/\/lindy.com\/fr\/#website"},"primaryImageOfPage":{"@id":"https:\/\/lindy.com\/fr\/petites-entreprises\/#primaryimage"},"image":{"@id":"https:\/\/lindy.com\/fr\/petites-entreprises\/#primaryimage"},"thumbnailUrl":"https:\/\/lindy.com\/en\/wp-content\/uploads\/sites\/2\/2018\/10\/29217_AP.jpg","datePublished":"2018-11-09T13:22:48+00:00","dateModified":"2019-05-23T12:13:47+00:00","breadcrumb":{"@id":"https:\/\/lindy.com\/fr\/petites-entreprises\/#breadcrumb"},"inLanguage":"fr-FR","potentialAction":[{"@type":"ReadAction","target":["https:\/\/lindy.com\/fr\/petites-entreprises\/"]}]},{"@type":"ImageObject","inLanguage":"fr-FR","@id":"https:\/\/lindy.com\/fr\/petites-entreprises\/#primaryimage","url":"https:\/\/lindy.com\/en\/wp-content\/uploads\/sites\/2\/2018\/10\/29217_AP.jpg","contentUrl":"https:\/\/lindy.com\/en\/wp-content\/uploads\/sites\/2\/2018\/10\/29217_AP.jpg"},{"@type":"BreadcrumbList","@id":"https:\/\/lindy.com\/fr\/petites-entreprises\/#breadcrumb","itemListElement":[{"@type":"ListItem","position":1,"name":"Home","item":"https:\/\/lindy.com\/fr\/"},{"@type":"ListItem","position":2,"name":"Solutions petites entreprises"}]},{"@type":"WebSite","@id":"https:\/\/lindy.com\/fr\/#website","url":"https:\/\/lindy.com\/fr\/","name":"Lindy - French","description":"Connection Perfection","potentialAction":[{"@type":"SearchAction","target":{"@type":"EntryPoint","urlTemplate":"https:\/\/lindy.com\/fr\/?s={search_term_string}"},"query-input":{"@type":"PropertyValueSpecification","valueRequired":true,"valueName":"search_term_string"}}],"inLanguage":"fr-FR"}]}},"_links":{"self":[{"href":"https:\/\/lindy.com\/fr\/wp-json\/wp\/v2\/pages\/53","targetHints":{"allow":["GET"]}}],"collection":[{"href":"https:\/\/lindy.com\/fr\/wp-json\/wp\/v2\/pages"}],"about":[{"href":"https:\/\/lindy.com\/fr\/wp-json\/wp\/v2\/types\/page"}],"author":[{"embeddable":true,"href":"https:\/\/lindy.com\/fr\/wp-json\/wp\/v2\/users\/11"}],"replies":[{"embeddable":true,"href":"https:\/\/lindy.com\/fr\/wp-json\/wp\/v2\/comments?post=53"}],"version-history":[{"count":0,"href":"https:\/\/lindy.com\/fr\/wp-json\/wp\/v2\/pages\/53\/revisions"}],"wp:attachment":[{"href":"https:\/\/lindy.com\/fr\/wp-json\/wp\/v2\/media?parent=53"}],"curies":[{"name":"wp","href":"https:\/\/api.w.org\/{rel}","templated":true}]}}