{"id":55,"date":"2018-11-20T01:27:00","date_gmt":"2018-11-20T01:27:00","guid":{"rendered":"https:\/\/lindy.com\/fr\/?page_id=55"},"modified":"2019-05-23T12:12:12","modified_gmt":"2019-05-23T12:12:12","slug":"education-et-information","status":"publish","type":"page","link":"https:\/\/lindy.com\/fr\/solutions\/education-et-information\/","title":{"rendered":"Solutions \u00e9ducation et information"},"content":{"rendered":"\n<section class=\"wp-block-lindy-parallax-hero section parallax-hero theme--light align--center  font--size-large\" style=\"background-image:url(https:\/\/lindy.com\/fr\/wp-content\/uploads\/sites\/4\/2018\/12\/Amended_Education_2.jpg)\"><div class=\"contained contained--full-width\"><div class=\"parallax-hero__content\"><div class=\"parallax-hero__content-wrapper align--center\"><h2 class=\"section__heading\"><span><br\/>Applications pour<br\/><\/span><\/h2><h2 class=\"section__subheading section__subheading__title\">la formation <br\/>et l&rsquo;\u00e9ducation <\/h2><p class=\"section__paragraph\"><br\/><br\/>\u25bc<\/p><\/div><\/div><\/div><\/section>\n\n\n\n<section class=\"wp-block-lindy-parallax-hero section parallax-hero theme--light align--center  font--size-medium\" style=\"background-image:url(https:\/\/lindy.com\/fr\/wp-content\/uploads\/sites\/4\/2018\/12\/Amended_Education_1.jpg)\"><div class=\"contained contained--full-width\"><div class=\"parallax-hero__content\"><div class=\"parallax-hero__content-wrapper align--center\"><h2 class=\"section__heading\"><span><br\/><br\/><br\/><br\/><br\/><\/span><\/h2><h2 class=\"section__subheading section__subheading__title\"><br\/><br\/><br\/><br\/><\/h2><\/div><\/div><\/div><\/section>\n\n\n\n<section class=\"wp-block-lindy-parallax-hero section parallax-hero theme--light align--center font--camber font--size-medium\" style=\"background-image:url(https:\/\/lindy.com\/fr\/wp-content\/uploads\/sites\/4\/2018\/12\/Amended_Education_2.jpg)\"><div class=\"contained contained--full-width\"><div class=\"parallax-hero__content\"><div class=\"parallax-hero__content-wrapper align--center\"><h2 class=\"section__heading\"><span>\u00c9DUQUER ET INFORMER<\/span><\/h2><p class=\"section__paragraph\"><br\/>Les salles de formations et d&rsquo;\u00e9ducation n\u00e9cessitent souvent les derni\u00e8res technologies pour afficher et interagir de fa\u00e7on intelligente avec les contenus. La derni\u00e8re technologie de Lindy vous permet de cr\u00e9er un syst\u00e8me pour salles de formations.<br\/><\/p><\/div><\/div><\/div><\/section>\n\n\n\n<section class=\"wp-block-lindy-heading-text section section--heading-text theme--light align--center  font--size-large section--animation-none\"><div class=\"contained\"><h2 class=\"section__heading\"><span><br\/>FLEXIBILIT\u00c9 4K<br\/><\/span><\/h2><h2 class=\"section__subheading section__subheading__title\">SWITCH DE PR\u00c9SENTATION MULTI AV<\/h2><\/div><\/section>\n\n\n\n<section class=\"wp-block-lindy-image-text-module section section--full-width-image full-width-image--with-text theme--light section--animation-none align--left font--camber font--size-small width--half\" style=\"background-image:url(https:\/\/lindy.com\/en\/wp-content\/uploads\/sites\/2\/2018\/10\/38156_AP.jpg)\"><img decoding=\"async\" class=\"full-width-image__image\" src=\"https:\/\/lindy.com\/en\/wp-content\/uploads\/sites\/2\/2018\/10\/38156_AP.jpg\"\/><div class=\"contained\"><div class=\"full-width-image__content\"><\/div><\/div><\/section>\n\n\n\n<section class=\"wp-block-lindy-image-text-module section section--full-width-image full-width-image--with-text theme--light section--animation-right align--left font--camber font--size-small width--half\" style=\"background-image:url()\"><img decoding=\"async\" class=\"full-width-image__image\" src=\"\"\/><div class=\"contained\"><div class=\"full-width-image__content\"><p class=\"section__paragraph\">Le Switch de Pr\u00e9sentation Multi AV met en place de nouvelles fonctionnalit\u00e9s lors de pr\u00e9sentation de contenus 4K. Six diff\u00e9rents signaux d\u2018entr\u00e9e (4x HDMI 2.0, 1x DP 1.2, 1x VGA) peuvent \u00eatre mis \u00e0 l\u2018\u00e9chelle suivant diff\u00e9rents modes d\u2018affichage, au choix: mode plein \u00e9cran ou en diff\u00e9rents modes fen\u00eatr\u00e9s. 6 modes d\u2018affichage pr\u00e9-enregistr\u00e9s et 6 param\u00e9trables sont accessibles via des touches en fa\u00e7ade ou via la t\u00e9l\u00e9commande IR. Des fonctions sp\u00e9ciales existent, telles que: la rotation du contenu sur 90\u00b0 ou 180\u00b0. Le produit id\u00e9al pour jongler entre diff\u00e9rents contenus AV lors de pr\u00e9sentations, conf\u00e9rences, ou formations. 2 connecteurs de sortie sont disponibles, HDMI &amp; DP: pour transmettre les contenus vers un \u00e9cran de contr\u00f4le ou un projecteur 4K. Les r\u00e9solutions 4K en 60Hz et profondeur de couleurs de 8Bit sont \u00e9galement pris en charge par le Switch, tout comme le codage HDCP 2.2.<\/p><a href=\"https:\/\/lindy.com\/fr\/technologie\/switch-processeur-multi-av\" class=\"button button--dark\" target=\"_self\" rel=\"noopener noreferrer\">EN SAVOIR PLUS<\/a><\/div><\/div><\/section>\n\n\n\n<section class=\"wp-block-lindy-paragraph-one-col section section--horizontal-content section--horizontal-content--one-column font--size-small theme--light align--center font--camber section--animation-none\"><div class=\"contained\"><h2 class=\"section__heading\"><span>cooperation<\/span><\/h2><p class=\"section__paragraph\"><br\/>Les contenus audiovisuels sont un des moments cl\u00e9s des pr\u00e9sentations multim\u00e9dia \u2013 sp\u00e9cialement en conf\u00e9rence et salle de r\u00e9unions o\u00f9 chaque \u00e9l\u00e9ment pr\u00e9sent\u00e9 doit \u00eatre parfaitement affich\u00e9. Les contenus d\u00e9taill\u00e9s et en haute r\u00e9solution jusqu\u2018\u00e0 3840&#215;2160 \u00e0 60Hz sont pris en charge. Les diff\u00e9rents contenus vid\u00e9o qui doivent \u00eatre rapidement accessibles parmi les sources disponibles pendant une pr\u00e9sentation, permettent d\u2018assurer une clart\u00e9 et transparence des informations pr\u00e9sent\u00e9es. <br\/><\/p><\/div><\/section>\n\n\n\n<section class=\"wp-block-lindy-paragraph-and-images full-width-image--with-text section section--paragraph-image  theme--light font--camber font--size-small\"><div class=\"grid-noBottom-middle-reverse\"><div class=\"col-6_sm-12 full-width-image__content section section--animation-none align--left \"><div class=\"content--animate\"><div class=\"contained\"><h2 class=\"section__heading\"><span>Contr\u00f4le cr\u00e9atif<\/span><\/h2><p class=\"section__paragraph\"> <br\/>To ensure fast access to AV content and layouts during a live performance, the most important switching functions can be conveniently and flexibly controlled on the fly using a remote. <\/p><\/div><\/div><\/div><div class=\"col-6_sm-12 full-width-image--with-text align--left\" style=\"background-image:url(https:\/\/lindy.com\/en\/wp-content\/uploads\/sites\/2\/2018\/10\/38156_Remote_AP.jpg)\"><img decoding=\"async\" src=\"https:\/\/lindy.com\/en\/wp-content\/uploads\/sites\/2\/2018\/10\/38156_Remote_AP.jpg\"\/><\/div><\/div><\/section>\n\n\n\n<section class=\"wp-block-lindy-paragraph-one-col section section--horizontal-content section--horizontal-content--one-column font--size-small theme--light align--center font--camber section--animation-none\"><div class=\"contained\"><h2 class=\"section__heading\"><span>Routage audio<\/span><\/h2><p class=\"section__paragraph\"><br\/>Le signal Audio est coupl\u00e9 au signal d\u2018entr\u00e9e VGA analogique via une prise Jack 3,5mm st\u00e9r\u00e9o, puis converti dans un format num\u00e9rique AV pour ensuite \u00eatre r\u00e9utilis\u00e9 vers un \u00e9cran et vers d\u2018autres p\u00e9riph\u00e9riques. Il peut \u00e9galement \u00eatre extrait depuis le bornier du switch et alimenter un syst\u00e8me sonore. <br\/>Lors d\u2018un affichage avec plusieurs contenus\/sources vid\u00e9o \u00e0 l\u2018\u00e9cran, il est possible de s\u00e9lectionner quelle source diffusera le son.<br\/><\/p><\/div><\/section>\n\n\n\n<section class=\"wp-block-lindy-zoom-image section section--zoom-image zoom-image align--center theme--light\"><div class=\"contained\"><div class=\"zoom-image-wrapper\"><img decoding=\"async\" class=\"zoomable\" src=\"https:\/\/lindy.com\/fr\/wp-content\/uploads\/sites\/4\/2019\/05\/38156-1170x937.jpg\" data-zoom-img=\"https:\/\/lindy.com\/fr\/wp-content\/uploads\/sites\/4\/2019\/05\/38156.jpg\"\/><\/div><span class=\"zoom-image__description\">Click to zoom<\/span><\/div><\/section>\n","protected":false},"excerpt":{"rendered":"","protected":false},"author":11,"featured_media":0,"parent":54,"menu_order":0,"comment_status":"closed","ping_status":"closed","template":"page-templates\/template-landing.php","meta":{"_acf_changed":false,"footnotes":""},"class_list":["post-55","page","type-page","status-publish","hentry"],"acf":[],"yoast_head":"<!-- This site is optimized with the Yoast SEO plugin v26.6 - https:\/\/yoast.com\/wordpress\/plugins\/seo\/ -->\n<title>Solutions \u00e9ducation et information - Lindy - French<\/title>\n<meta name=\"robots\" content=\"index, follow, max-snippet:-1, max-image-preview:large, max-video-preview:-1\" \/>\n<link rel=\"canonical\" href=\"https:\/\/lindy.com\/fr\/solutions\/education-et-information\/\" \/>\n<meta property=\"og:locale\" content=\"fr_FR\" \/>\n<meta property=\"og:type\" content=\"article\" \/>\n<meta property=\"og:title\" content=\"Solutions \u00e9ducation et information - Lindy - French\" \/>\n<meta property=\"og:url\" content=\"https:\/\/lindy.com\/fr\/solutions\/education-et-information\/\" \/>\n<meta property=\"og:site_name\" content=\"Lindy - French\" \/>\n<meta property=\"article:modified_time\" content=\"2019-05-23T12:12:12+00:00\" \/>\n<meta property=\"og:image\" content=\"https:\/\/lindy.com\/en\/wp-content\/uploads\/sites\/2\/2018\/10\/38156_AP.jpg\" \/>\n<meta name=\"twitter:card\" content=\"summary_large_image\" \/>\n<meta name=\"twitter:label1\" content=\"Dur\u00e9e de lecture estim\u00e9e\" \/>\n\t<meta name=\"twitter:data1\" content=\"2 minutes\" \/>\n<script type=\"application\/ld+json\" class=\"yoast-schema-graph\">{\"@context\":\"https:\/\/schema.org\",\"@graph\":[{\"@type\":\"WebPage\",\"@id\":\"https:\/\/lindy.com\/fr\/solutions\/education-et-information\/\",\"url\":\"https:\/\/lindy.com\/fr\/solutions\/education-et-information\/\",\"name\":\"Solutions \u00e9ducation et information - Lindy - French\",\"isPartOf\":{\"@id\":\"https:\/\/lindy.com\/fr\/#website\"},\"primaryImageOfPage\":{\"@id\":\"https:\/\/lindy.com\/fr\/solutions\/education-et-information\/#primaryimage\"},\"image\":{\"@id\":\"https:\/\/lindy.com\/fr\/solutions\/education-et-information\/#primaryimage\"},\"thumbnailUrl\":\"https:\/\/lindy.com\/en\/wp-content\/uploads\/sites\/2\/2018\/10\/38156_AP.jpg\",\"datePublished\":\"2018-11-20T01:27:00+00:00\",\"dateModified\":\"2019-05-23T12:12:12+00:00\",\"breadcrumb\":{\"@id\":\"https:\/\/lindy.com\/fr\/solutions\/education-et-information\/#breadcrumb\"},\"inLanguage\":\"fr-FR\",\"potentialAction\":[{\"@type\":\"ReadAction\",\"target\":[\"https:\/\/lindy.com\/fr\/solutions\/education-et-information\/\"]}]},{\"@type\":\"ImageObject\",\"inLanguage\":\"fr-FR\",\"@id\":\"https:\/\/lindy.com\/fr\/solutions\/education-et-information\/#primaryimage\",\"url\":\"https:\/\/lindy.com\/en\/wp-content\/uploads\/sites\/2\/2018\/10\/38156_AP.jpg\",\"contentUrl\":\"https:\/\/lindy.com\/en\/wp-content\/uploads\/sites\/2\/2018\/10\/38156_AP.jpg\"},{\"@type\":\"BreadcrumbList\",\"@id\":\"https:\/\/lindy.com\/fr\/solutions\/education-et-information\/#breadcrumb\",\"itemListElement\":[{\"@type\":\"ListItem\",\"position\":1,\"name\":\"Home\",\"item\":\"https:\/\/lindy.com\/fr\/\"},{\"@type\":\"ListItem\",\"position\":2,\"name\":\"Solutions\",\"item\":\"https:\/\/lindy.com\/fr\/solutions\/\"},{\"@type\":\"ListItem\",\"position\":3,\"name\":\"Solutions \u00e9ducation et information\"}]},{\"@type\":\"WebSite\",\"@id\":\"https:\/\/lindy.com\/fr\/#website\",\"url\":\"https:\/\/lindy.com\/fr\/\",\"name\":\"Lindy - French\",\"description\":\"Connection Perfection\",\"potentialAction\":[{\"@type\":\"SearchAction\",\"target\":{\"@type\":\"EntryPoint\",\"urlTemplate\":\"https:\/\/lindy.com\/fr\/?s={search_term_string}\"},\"query-input\":{\"@type\":\"PropertyValueSpecification\",\"valueRequired\":true,\"valueName\":\"search_term_string\"}}],\"inLanguage\":\"fr-FR\"}]}<\/script>\n<!-- \/ Yoast SEO plugin. -->","yoast_head_json":{"title":"Solutions \u00e9ducation et information - Lindy - French","robots":{"index":"index","follow":"follow","max-snippet":"max-snippet:-1","max-image-preview":"max-image-preview:large","max-video-preview":"max-video-preview:-1"},"canonical":"https:\/\/lindy.com\/fr\/solutions\/education-et-information\/","og_locale":"fr_FR","og_type":"article","og_title":"Solutions \u00e9ducation et information - Lindy - French","og_url":"https:\/\/lindy.com\/fr\/solutions\/education-et-information\/","og_site_name":"Lindy - French","article_modified_time":"2019-05-23T12:12:12+00:00","og_image":[{"url":"https:\/\/lindy.com\/en\/wp-content\/uploads\/sites\/2\/2018\/10\/38156_AP.jpg","type":"","width":"","height":""}],"twitter_card":"summary_large_image","twitter_misc":{"Dur\u00e9e de lecture estim\u00e9e":"2 minutes"},"schema":{"@context":"https:\/\/schema.org","@graph":[{"@type":"WebPage","@id":"https:\/\/lindy.com\/fr\/solutions\/education-et-information\/","url":"https:\/\/lindy.com\/fr\/solutions\/education-et-information\/","name":"Solutions \u00e9ducation et information - Lindy - French","isPartOf":{"@id":"https:\/\/lindy.com\/fr\/#website"},"primaryImageOfPage":{"@id":"https:\/\/lindy.com\/fr\/solutions\/education-et-information\/#primaryimage"},"image":{"@id":"https:\/\/lindy.com\/fr\/solutions\/education-et-information\/#primaryimage"},"thumbnailUrl":"https:\/\/lindy.com\/en\/wp-content\/uploads\/sites\/2\/2018\/10\/38156_AP.jpg","datePublished":"2018-11-20T01:27:00+00:00","dateModified":"2019-05-23T12:12:12+00:00","breadcrumb":{"@id":"https:\/\/lindy.com\/fr\/solutions\/education-et-information\/#breadcrumb"},"inLanguage":"fr-FR","potentialAction":[{"@type":"ReadAction","target":["https:\/\/lindy.com\/fr\/solutions\/education-et-information\/"]}]},{"@type":"ImageObject","inLanguage":"fr-FR","@id":"https:\/\/lindy.com\/fr\/solutions\/education-et-information\/#primaryimage","url":"https:\/\/lindy.com\/en\/wp-content\/uploads\/sites\/2\/2018\/10\/38156_AP.jpg","contentUrl":"https:\/\/lindy.com\/en\/wp-content\/uploads\/sites\/2\/2018\/10\/38156_AP.jpg"},{"@type":"BreadcrumbList","@id":"https:\/\/lindy.com\/fr\/solutions\/education-et-information\/#breadcrumb","itemListElement":[{"@type":"ListItem","position":1,"name":"Home","item":"https:\/\/lindy.com\/fr\/"},{"@type":"ListItem","position":2,"name":"Solutions","item":"https:\/\/lindy.com\/fr\/solutions\/"},{"@type":"ListItem","position":3,"name":"Solutions \u00e9ducation et information"}]},{"@type":"WebSite","@id":"https:\/\/lindy.com\/fr\/#website","url":"https:\/\/lindy.com\/fr\/","name":"Lindy - French","description":"Connection Perfection","potentialAction":[{"@type":"SearchAction","target":{"@type":"EntryPoint","urlTemplate":"https:\/\/lindy.com\/fr\/?s={search_term_string}"},"query-input":{"@type":"PropertyValueSpecification","valueRequired":true,"valueName":"search_term_string"}}],"inLanguage":"fr-FR"}]}},"_links":{"self":[{"href":"https:\/\/lindy.com\/fr\/wp-json\/wp\/v2\/pages\/55","targetHints":{"allow":["GET"]}}],"collection":[{"href":"https:\/\/lindy.com\/fr\/wp-json\/wp\/v2\/pages"}],"about":[{"href":"https:\/\/lindy.com\/fr\/wp-json\/wp\/v2\/types\/page"}],"author":[{"embeddable":true,"href":"https:\/\/lindy.com\/fr\/wp-json\/wp\/v2\/users\/11"}],"replies":[{"embeddable":true,"href":"https:\/\/lindy.com\/fr\/wp-json\/wp\/v2\/comments?post=55"}],"version-history":[{"count":0,"href":"https:\/\/lindy.com\/fr\/wp-json\/wp\/v2\/pages\/55\/revisions"}],"up":[{"embeddable":true,"href":"https:\/\/lindy.com\/fr\/wp-json\/wp\/v2\/pages\/54"}],"wp:attachment":[{"href":"https:\/\/lindy.com\/fr\/wp-json\/wp\/v2\/media?parent=55"}],"curies":[{"name":"wp","href":"https:\/\/api.w.org\/{rel}","templated":true}]}}