{"id":5617,"date":"2025-06-05T14:51:21","date_gmt":"2025-06-05T14:51:21","guid":{"rendered":"https:\/\/lindy.com\/fr\/?page_id=5617"},"modified":"2026-04-01T11:50:26","modified_gmt":"2026-04-01T11:50:26","slug":"technologie","status":"publish","type":"page","link":"https:\/\/lindy.com\/fr\/technologie\/","title":{"rendered":"Technologie"},"content":{"rendered":"\n<section class=\"wp-block-lindy-parallax-hero section parallax-hero theme--dark align--center  font--size-large\" style=\"background-image:url(https:\/\/lindy.com\/de\/wp-content\/uploads\/sites\/3\/2025\/05\/universal_upscale_0_5f62fa1e-823a-49d7-8e3f-a102406c62c1_0.jpg)\"><div class=\"contained contained--full-width\"><div class=\"parallax-hero__content\"><div class=\"parallax-hero__content-wrapper align--center\"><h2 class=\"section__heading\"><span>Technologie<\/span><\/h2><p class=\"section__paragraph\"><br\/>Dans notre rubrique \u00ab Savoir-faire \u00bb, vous trouverez des informations compl\u00e8tes sur les technologies, les normes et les \u00e9volutions qui fa\u00e7onnent nos solutions \u2013 de la transmission de signaux AV \u00e0 la technologie USB, en passant par les solutions r\u00e9seau. Des explications claires, une pr\u00e9sentation ax\u00e9e sur la pratique et toujours centr\u00e9e sur l\u2019essentiel.<br\/><br\/><br\/><\/p><\/div><\/div><\/div><\/section>\n\n\n\n<section class=\"wp-block-lindy-paragraph-one-col section section--horizontal-content section--horizontal-content--one-column font--size-small theme--light align--center  section--animation-none\"><div class=\"contained\"><h2 class=\"section__subheading section__subheading__title\">Plus de 90 ans de savoir-faire<\/h2><p class=\"section__paragraph\"><br\/>Le monde de la connectivit\u00e9 est complexe et en constante \u00e9volution. Chez Lindy, nous combinons des d\u00e9cennies d&rsquo;exp\u00e9rience et d&rsquo;innovation technique pour vous fournir non seulement des produits de qualit\u00e9, des solutions concr\u00e8tes, mais aussi une expertise approfondie.<\/p><\/div><\/section>\n\n\n\n<section class=\"wp-block-lindy-paragraph-split section section--horizontal-content section--horizontal-content--split font--size-small theme--dark  section--animation-none\"><div class=\"contained\"><div class=\"grid-spaceBetween-noBottom\"><div class=\"col-5_sm-12 align--left\"><h2 class=\"section__heading\"><span>TH\u00c9meS:<\/span><\/h2><\/div><div class=\"col-5_sm-12 align--right\"><p class=\"section__paragraph\"><strong>\u2022 <a href=\"#hdmi\">HDMI\u00ae 2.1<\/a><br\/>\u2022 <a href=\"#dp\">Displayport\u2122 2.1<\/a><br\/>\u2022 <a href=\"#usb\">USB<\/a><br\/>\u2022 <a href=\"#usb4\">USB4<\/a><\/strong><\/p><\/div><\/div><\/div><\/section>\n\n\n\n<section id=\"hdmi\" class=\"wp-block-lindy-anchor-section section section--anchor\"><\/section>\n\n\n\n<section class=\"wp-block-lindy-image-text-module section section--full-width-image full-width-image--with-text theme--light section--animation-none align--center  font--size-medium width--half\" style=\"background-image:url(https:\/\/lindy.com\/de\/wp-content\/uploads\/sites\/3\/2025\/06\/HDMI-HW.jpg)\"><img decoding=\"async\" class=\"full-width-image__image\" src=\"https:\/\/lindy.com\/de\/wp-content\/uploads\/sites\/3\/2025\/06\/HDMI-HW.jpg\"\/><div class=\"contained\"><div class=\"full-width-image__content\"><\/div><\/div><\/section>\n\n\n\n<section class=\"wp-block-lindy-image-text-module section section--full-width-image full-width-image--with-text theme--light section--animation-none align--left  font--size-medium width--half\" style=\"background-image:url()\"><img decoding=\"async\" class=\"full-width-image__image\" src=\"\"\/><div class=\"contained\"><div class=\"full-width-image__content\"><h2 class=\"section__heading\"><span>HDMI<strong>\u00ae<\/strong> 2.1<\/span><\/h2><h2 class=\"section__subheading section__subheading__title\">Performance maximale pour les transmissions AV<\/h2><p class=\"section__paragraph\"><br\/>HDMI\u00ae 2.1 porte la connectivit\u00e9 AV \u00e0 un nouveau niveau : avec des d\u00e9bits plus \u00e9lev\u00e9s, des r\u00e9solutions 8K et 10K, ainsi que des fonctionnalit\u00e9s innovantes comme le VRR et l\u2019eARC, cette norme est id\u00e9ale pour les applications exigeantes \u2013 du home cin\u00e9ma aux solutions audiovisuelles professionnelles.<\/p><a href=\"https:\/\/lindy.com\/fr\/hdmi-2-1\/\" class=\"button button--dark\" target=\"_self\" rel=\"noopener noreferrer\">D\u00c9COUVRIR<\/a><\/div><\/div><\/section>\n\n\n\n<section id=\"dp\" class=\"wp-block-lindy-anchor-section section section--anchor\"><\/section>\n\n\n\n<section class=\"wp-block-lindy-image-text-module section section--full-width-image full-width-image--with-text theme--dark section--animation-none align--right  font--size-medium width--half\" style=\"background-image:url()\"><img decoding=\"async\" class=\"full-width-image__image\" src=\"\"\/><div class=\"contained\"><div class=\"full-width-image__content\"><h2 class=\"section__heading\"><span>Displayport<strong>\u2122<\/strong> 2.1<\/span><\/h2><h2 class=\"section__subheading section__subheading__title\">Flexibilit\u00e9 maximale pour les \u00e9crans modernes<\/h2><p class=\"section__paragraph\"><br\/>Le DisplayPort\u2122 2.1 s\u00e9duit par sa bande passante impressionnante, sa prise en charge des r\u00e9solutions 8K+ et son efficacit\u00e9 optimale m\u00eame lors des transmissions via USB-C.<br\/>Une norme p\u00e9renne pour les solutions graphiques haut de gamme, les configurations multi-\u00e9crans et les applications professionnelles.<\/p><a href=\"https:\/\/lindy.com\/fr\/dp-2-1\/\" class=\"button button--white-transparent\" target=\"_self\" rel=\"noopener noreferrer\">D\u00c9COUVRIR<\/a><\/div><\/div><\/section>\n\n\n\n<section class=\"wp-block-lindy-image-text-module section section--full-width-image full-width-image--with-text theme--dark section--animation-none align--center  font--size-medium width--half\" style=\"background-image:url(https:\/\/lindy.com\/de\/wp-content\/uploads\/sites\/3\/2025\/06\/DP-HW.jpg)\"><img decoding=\"async\" class=\"full-width-image__image\" src=\"https:\/\/lindy.com\/de\/wp-content\/uploads\/sites\/3\/2025\/06\/DP-HW.jpg\"\/><div class=\"contained\"><div class=\"full-width-image__content\"><\/div><\/div><\/section>\n\n\n\n<section id=\"usb\" class=\"wp-block-lindy-anchor-section section section--anchor\"><\/section>\n\n\n\n<section class=\"wp-block-lindy-image-text-module section section--full-width-image full-width-image--with-text theme--dark section--animation-none align--left  font--size-medium width--half\" style=\"background-image:url(https:\/\/lindy.com\/de\/wp-content\/uploads\/sites\/3\/2025\/06\/USB-HW-1.jpg)\"><img decoding=\"async\" class=\"full-width-image__image\" src=\"https:\/\/lindy.com\/de\/wp-content\/uploads\/sites\/3\/2025\/06\/USB-HW-1.jpg\"\/><div class=\"contained\"><div class=\"full-width-image__content\"><\/div><\/div><\/section>\n\n\n\n<section class=\"wp-block-lindy-image-text-module section section--full-width-image full-width-image--with-text theme--light section--animation-none align--left  font--size-medium width--half\" style=\"background-image:url()\"><img decoding=\"async\" class=\"full-width-image__image\" src=\"\"\/><div class=\"contained\"><div class=\"full-width-image__content\"><h2 class=\"section__heading\"><span>USB<\/span><\/h2><h2 class=\"section__subheading section__subheading__title\">Norme universelle pour les donn\u00e9es, la vid\u00e9o et l\u2019alimentation<\/h2><p class=\"section__paragraph\"><br\/>Qu\u2019il s\u2019agisse de USB-A, USB-C ou USB4, la technologie USB est incontournable dans la connectivit\u00e9 moderne. Elle permet un transfert de donn\u00e9es rapide, une alimentation \u00e9lectrique polyvalente, et prend en charge les connexions vid\u00e9o ainsi que r\u00e9seau \u2013 une solution flexible, fiable et largement r\u00e9pandue dans le monde entier.<\/p><a href=\"https:\/\/lindy.com\/fr\/technologie\/usb\/\" class=\"button button--dark\" target=\"_self\" rel=\"noopener noreferrer\">D\u00c9COUVRIR<\/a><\/div><\/div><\/section>\n\n\n\n<section id=\"usb4\" class=\"wp-block-lindy-anchor-section section section--anchor\"><\/section>\n\n\n\n<section class=\"wp-block-lindy-image-text-module section section--full-width-image full-width-image--with-text theme--dark section--animation-none align--left  font--size-medium width--half\" style=\"background-image:url()\"><img decoding=\"async\" class=\"full-width-image__image\" src=\"\"\/><div class=\"contained\"><div class=\"full-width-image__content\"><h2 class=\"section__heading\"><span>USB4<\/span><\/h2><h2 class=\"section__subheading section__subheading__title\">Une nouvelle \u00e8re de connectivit\u00e9<\/h2><p class=\"section__paragraph\"><br\/>USB4 combine des vitesses de transfert maximales, la Power Delivery et une connectivit\u00e9 polyvalente \u2014 le tout dans une norme unique. Pens\u00e9 pour les environnements exigeants, il assure une prise en charge fluide des p\u00e9riph\u00e9riques haute performance et une compatibilit\u00e9 totale. Plus de vitesse, moins de c\u00e2bles.<\/p><a href=\"https:\/\/lindy.com\/fr\/usb4\/\" class=\"button button--white-transparent\" target=\"_self\" rel=\"noopener noreferrer\">D\u00c9COUVRIR<\/a><\/div><\/div><\/section>\n\n\n\n<section class=\"wp-block-lindy-image-text-module section section--full-width-image full-width-image--with-text theme--light section--animation-none align--left  font--size-medium width--half\" style=\"background-image:url(https:\/\/lindy.com\/de\/wp-content\/uploads\/sites\/3\/2025\/06\/USB-4_dynamic_cutout-1.jpg)\"><img decoding=\"async\" class=\"full-width-image__image\" src=\"https:\/\/lindy.com\/de\/wp-content\/uploads\/sites\/3\/2025\/06\/USB-4_dynamic_cutout-1.jpg\"\/><div class=\"contained\"><div class=\"full-width-image__content\"><\/div><\/div><\/section>\n","protected":false},"excerpt":{"rendered":"","protected":false},"author":21,"featured_media":0,"parent":0,"menu_order":0,"comment_status":"closed","ping_status":"closed","template":"page-templates\/template-landing.php","meta":{"_acf_changed":false,"footnotes":""},"class_list":["post-5617","page","type-page","status-publish","hentry"],"acf":[],"yoast_head":"<!-- This site is optimized with the Yoast SEO plugin v26.6 - https:\/\/yoast.com\/wordpress\/plugins\/seo\/ -->\n<title>Technologie - Lindy - French<\/title>\n<meta name=\"description\" content=\"Chez Lindy, nous allions des d\u00e9cennies d\u2019exp\u00e9rience \u00e0 l\u2019innovation technique pour vous offrir expertise et savoir-faire concret.\" \/>\n<meta name=\"robots\" content=\"index, follow, max-snippet:-1, max-image-preview:large, max-video-preview:-1\" \/>\n<link rel=\"canonical\" href=\"https:\/\/lindy.com\/fr\/technologie\/\" \/>\n<meta property=\"og:locale\" content=\"fr_FR\" \/>\n<meta property=\"og:type\" content=\"article\" \/>\n<meta property=\"og:title\" content=\"Technologie - Lindy - French\" \/>\n<meta property=\"og:description\" content=\"Chez Lindy, nous allions des d\u00e9cennies d\u2019exp\u00e9rience \u00e0 l\u2019innovation technique pour vous offrir expertise et savoir-faire concret.\" \/>\n<meta property=\"og:url\" content=\"https:\/\/lindy.com\/fr\/technologie\/\" \/>\n<meta property=\"og:site_name\" content=\"Lindy - French\" \/>\n<meta property=\"article:modified_time\" content=\"2026-04-01T11:50:26+00:00\" \/>\n<meta property=\"og:image\" content=\"https:\/\/lindy.com\/de\/wp-content\/uploads\/sites\/3\/2025\/06\/HDMI-HW.jpg\" \/>\n<meta name=\"twitter:card\" content=\"summary_large_image\" \/>\n<meta name=\"twitter:label1\" content=\"Dur\u00e9e de lecture estim\u00e9e\" \/>\n\t<meta name=\"twitter:data1\" content=\"4 minutes\" \/>\n<script type=\"application\/ld+json\" class=\"yoast-schema-graph\">{\"@context\":\"https:\/\/schema.org\",\"@graph\":[{\"@type\":\"WebPage\",\"@id\":\"https:\/\/lindy.com\/fr\/technologie\/\",\"url\":\"https:\/\/lindy.com\/fr\/technologie\/\",\"name\":\"Technologie - Lindy - French\",\"isPartOf\":{\"@id\":\"https:\/\/lindy.com\/fr\/#website\"},\"primaryImageOfPage\":{\"@id\":\"https:\/\/lindy.com\/fr\/technologie\/#primaryimage\"},\"image\":{\"@id\":\"https:\/\/lindy.com\/fr\/technologie\/#primaryimage\"},\"thumbnailUrl\":\"https:\/\/lindy.com\/de\/wp-content\/uploads\/sites\/3\/2025\/06\/HDMI-HW.jpg\",\"datePublished\":\"2025-06-05T14:51:21+00:00\",\"dateModified\":\"2026-04-01T11:50:26+00:00\",\"description\":\"Chez Lindy, nous allions des d\u00e9cennies d\u2019exp\u00e9rience \u00e0 l\u2019innovation technique pour vous offrir expertise et savoir-faire concret.\",\"breadcrumb\":{\"@id\":\"https:\/\/lindy.com\/fr\/technologie\/#breadcrumb\"},\"inLanguage\":\"fr-FR\",\"potentialAction\":[{\"@type\":\"ReadAction\",\"target\":[\"https:\/\/lindy.com\/fr\/technologie\/\"]}]},{\"@type\":\"ImageObject\",\"inLanguage\":\"fr-FR\",\"@id\":\"https:\/\/lindy.com\/fr\/technologie\/#primaryimage\",\"url\":\"https:\/\/lindy.com\/de\/wp-content\/uploads\/sites\/3\/2025\/06\/HDMI-HW.jpg\",\"contentUrl\":\"https:\/\/lindy.com\/de\/wp-content\/uploads\/sites\/3\/2025\/06\/HDMI-HW.jpg\"},{\"@type\":\"BreadcrumbList\",\"@id\":\"https:\/\/lindy.com\/fr\/technologie\/#breadcrumb\",\"itemListElement\":[{\"@type\":\"ListItem\",\"position\":1,\"name\":\"Home\",\"item\":\"https:\/\/lindy.com\/fr\/\"},{\"@type\":\"ListItem\",\"position\":2,\"name\":\"Technologie\"}]},{\"@type\":\"WebSite\",\"@id\":\"https:\/\/lindy.com\/fr\/#website\",\"url\":\"https:\/\/lindy.com\/fr\/\",\"name\":\"Lindy - French\",\"description\":\"Connection Perfection\",\"potentialAction\":[{\"@type\":\"SearchAction\",\"target\":{\"@type\":\"EntryPoint\",\"urlTemplate\":\"https:\/\/lindy.com\/fr\/?s={search_term_string}\"},\"query-input\":{\"@type\":\"PropertyValueSpecification\",\"valueRequired\":true,\"valueName\":\"search_term_string\"}}],\"inLanguage\":\"fr-FR\"}]}<\/script>\n<!-- \/ Yoast SEO plugin. -->","yoast_head_json":{"title":"Technologie - Lindy - French","description":"Chez Lindy, nous allions des d\u00e9cennies d\u2019exp\u00e9rience \u00e0 l\u2019innovation technique pour vous offrir expertise et savoir-faire concret.","robots":{"index":"index","follow":"follow","max-snippet":"max-snippet:-1","max-image-preview":"max-image-preview:large","max-video-preview":"max-video-preview:-1"},"canonical":"https:\/\/lindy.com\/fr\/technologie\/","og_locale":"fr_FR","og_type":"article","og_title":"Technologie - Lindy - French","og_description":"Chez Lindy, nous allions des d\u00e9cennies d\u2019exp\u00e9rience \u00e0 l\u2019innovation technique pour vous offrir expertise et savoir-faire concret.","og_url":"https:\/\/lindy.com\/fr\/technologie\/","og_site_name":"Lindy - French","article_modified_time":"2026-04-01T11:50:26+00:00","og_image":[{"url":"https:\/\/lindy.com\/de\/wp-content\/uploads\/sites\/3\/2025\/06\/HDMI-HW.jpg","type":"","width":"","height":""}],"twitter_card":"summary_large_image","twitter_misc":{"Dur\u00e9e de lecture estim\u00e9e":"4 minutes"},"schema":{"@context":"https:\/\/schema.org","@graph":[{"@type":"WebPage","@id":"https:\/\/lindy.com\/fr\/technologie\/","url":"https:\/\/lindy.com\/fr\/technologie\/","name":"Technologie - Lindy - French","isPartOf":{"@id":"https:\/\/lindy.com\/fr\/#website"},"primaryImageOfPage":{"@id":"https:\/\/lindy.com\/fr\/technologie\/#primaryimage"},"image":{"@id":"https:\/\/lindy.com\/fr\/technologie\/#primaryimage"},"thumbnailUrl":"https:\/\/lindy.com\/de\/wp-content\/uploads\/sites\/3\/2025\/06\/HDMI-HW.jpg","datePublished":"2025-06-05T14:51:21+00:00","dateModified":"2026-04-01T11:50:26+00:00","description":"Chez Lindy, nous allions des d\u00e9cennies d\u2019exp\u00e9rience \u00e0 l\u2019innovation technique pour vous offrir expertise et savoir-faire concret.","breadcrumb":{"@id":"https:\/\/lindy.com\/fr\/technologie\/#breadcrumb"},"inLanguage":"fr-FR","potentialAction":[{"@type":"ReadAction","target":["https:\/\/lindy.com\/fr\/technologie\/"]}]},{"@type":"ImageObject","inLanguage":"fr-FR","@id":"https:\/\/lindy.com\/fr\/technologie\/#primaryimage","url":"https:\/\/lindy.com\/de\/wp-content\/uploads\/sites\/3\/2025\/06\/HDMI-HW.jpg","contentUrl":"https:\/\/lindy.com\/de\/wp-content\/uploads\/sites\/3\/2025\/06\/HDMI-HW.jpg"},{"@type":"BreadcrumbList","@id":"https:\/\/lindy.com\/fr\/technologie\/#breadcrumb","itemListElement":[{"@type":"ListItem","position":1,"name":"Home","item":"https:\/\/lindy.com\/fr\/"},{"@type":"ListItem","position":2,"name":"Technologie"}]},{"@type":"WebSite","@id":"https:\/\/lindy.com\/fr\/#website","url":"https:\/\/lindy.com\/fr\/","name":"Lindy - French","description":"Connection Perfection","potentialAction":[{"@type":"SearchAction","target":{"@type":"EntryPoint","urlTemplate":"https:\/\/lindy.com\/fr\/?s={search_term_string}"},"query-input":{"@type":"PropertyValueSpecification","valueRequired":true,"valueName":"search_term_string"}}],"inLanguage":"fr-FR"}]}},"_links":{"self":[{"href":"https:\/\/lindy.com\/fr\/wp-json\/wp\/v2\/pages\/5617","targetHints":{"allow":["GET"]}}],"collection":[{"href":"https:\/\/lindy.com\/fr\/wp-json\/wp\/v2\/pages"}],"about":[{"href":"https:\/\/lindy.com\/fr\/wp-json\/wp\/v2\/types\/page"}],"author":[{"embeddable":true,"href":"https:\/\/lindy.com\/fr\/wp-json\/wp\/v2\/users\/21"}],"replies":[{"embeddable":true,"href":"https:\/\/lindy.com\/fr\/wp-json\/wp\/v2\/comments?post=5617"}],"version-history":[{"count":12,"href":"https:\/\/lindy.com\/fr\/wp-json\/wp\/v2\/pages\/5617\/revisions"}],"predecessor-version":[{"id":7538,"href":"https:\/\/lindy.com\/fr\/wp-json\/wp\/v2\/pages\/5617\/revisions\/7538"}],"wp:attachment":[{"href":"https:\/\/lindy.com\/fr\/wp-json\/wp\/v2\/media?parent=5617"}],"curies":[{"name":"wp","href":"https:\/\/api.w.org\/{rel}","templated":true}]}}