{"id":5668,"date":"2025-06-12T13:22:09","date_gmt":"2025-06-12T13:22:09","guid":{"rendered":"https:\/\/lindy.com\/fr\/?page_id=5668"},"modified":"2026-04-02T07:44:11","modified_gmt":"2026-04-02T07:44:11","slug":"usb4","status":"publish","type":"page","link":"https:\/\/lindy.com\/fr\/usb4\/","title":{"rendered":"USB4"},"content":{"rendered":"\n<section class=\"wp-block-lindy-image-text-module section section--full-width-image full-width-image--with-text theme--dark section--animation-none align--center  font--size-large\" style=\"background-image:url(https:\/\/lindy.com\/fr\/wp-content\/uploads\/sites\/4\/2025\/01\/Landing-page-USB-4-2.jpg)\"><img decoding=\"async\" class=\"full-width-image__image\" src=\"https:\/\/lindy.com\/fr\/wp-content\/uploads\/sites\/4\/2025\/01\/Landing-page-USB-4-2.jpg\"\/><div class=\"contained\"><div class=\"full-width-image__content\"><h2 class=\"section__heading\"><span>USB4<\/span><\/h2><h2 class=\"section__subheading section__subheading__title\">PASSE \u00c0 LA VITESSE SUP\u00c9RIEURE<\/h2><\/div><\/div><\/section>\n\n\n\n<section class=\"wp-block-lindy-image-text-module section section--full-width-image full-width-image--with-text theme--dark section--animation-up align--center  font--size-medium\" style=\"background-image:url()\"><img decoding=\"async\" class=\"full-width-image__image\" src=\"\"\/><div class=\"contained\"><div class=\"full-width-image__content\"><h2 class=\"section__heading\"><span>LA NOUVELLE NORME <\/span><\/h2><h2 class=\"section__subheading section__subheading__title\">POUR DES PERFORMANCES MAXIMALES<\/h2><p class=\"section__paragraph\"><br\/>Depuis 1996, l\u2019USB (<strong>U<\/strong>niversal <strong>S<\/strong>erial <strong>B<\/strong>us) est en effet l\u2019interface universelle pour les p\u00e9riph\u00e9riques informatiques. Des concurrents ant\u00e9rieurs comme Firewire ou Thunderbolt n\u2019ont pas r\u00e9ussi \u00e0 s\u2019imposer en raison de l\u2019acceptation massive de l\u2019USB, et la plupart ont aujourd\u2019hui disparu (par exemple ADB, PS\/2, SCSI, LVD, IEEE 1284, etc.). D\u2019autres, comme le RS-232, ne subsistent plus que dans des niches industrielles. Avec l\u2019USB4, Thunderbolt 3 est d\u00e9sormais officiellement int\u00e9gr\u00e9, donnant ainsi naissance \u00e0 une nouvelle norme encore plus performante.<br\/><\/p><a href=\"https:\/\/www.lindy.fr\/USB-4.htm?websale8=ld0101.ld031103&amp;ci=800510\" class=\"button button--white-transparent\" target=\"_blank\" rel=\"noopener noreferrer\">D\u00e9couvrez la gamme de produits<\/a><\/div><\/div><\/section>\n\n\n\n<section class=\"wp-block-lindy-heading-text section section--heading-text theme--dark align--center  font--size-medium section--animation-none\"><div class=\"contained\"><\/div><\/section>\n\n\n\n<section class=\"wp-block-lindy-image-text-module section section--full-width-image full-width-image--with-text theme--dark section--animation-none align--left  font--size-medium width--half\" style=\"background-image:url()\"><img decoding=\"async\" class=\"full-width-image__image\" src=\"\"\/><div class=\"contained\"><div class=\"full-width-image__content\"><h2 class=\"section__heading\"><span>une success<\/span><\/h2><h2 class=\"section__subheading section__subheading__title\">story<\/h2><p class=\"section__paragraph\"><br\/>Avec l\u2019USB 1.0, est n\u00e9e pour la premi\u00e8re fois l\u2019id\u00e9e de connecter tous les p\u00e9riph\u00e9riques via un port standard unique \u2014 une vision r\u00e9volutionnaire \u00e0 l\u2019\u00e9poque. Gr\u00e2ce au Plug &amp; Play, au Hot-Plugging et \u00e0 des d\u00e9bits alors \u00e9lev\u00e9s (12 Mbit\/s), l\u2019USB s\u2019est rapidement impos\u00e9.<br\/>Les versions ult\u00e9rieures ont consid\u00e9rablement augment\u00e9 la vitesse de transfert : USB 2.0 jusqu\u2019\u00e0 480 Mbit\/s, USB 3.0 jusqu\u2019\u00e0 5 Gbit\/s, USB 3.1 jusqu\u2019\u00e0 10 Gbit\/s, et USB 3.2 jusqu\u2019\u00e0 20 Gbit\/s. Cela a permis de remplacer en grande partie les autres interfaces, seules les applications en temps r\u00e9el demeurant des cas particuliers.<\/p><\/div><\/div><\/section>\n\n\n\n<section class=\"wp-block-lindy-image-text-module section section--full-width-image full-width-image--with-text theme--light section--animation-none align--left  font--size-medium width--half\" style=\"background-image:url(https:\/\/lindy.com\/de\/wp-content\/uploads\/sites\/3\/2025\/03\/USB4-success-story.jpg)\"><img decoding=\"async\" class=\"full-width-image__image\" src=\"https:\/\/lindy.com\/de\/wp-content\/uploads\/sites\/3\/2025\/03\/USB4-success-story.jpg\"\/><div class=\"contained\"><div class=\"full-width-image__content\"><\/div><\/div><\/section>\n\n\n\n<section class=\"wp-block-lindy-image-text-module section section--full-width-image full-width-image--with-text theme--light section--animation-none align--left  font--size-medium width--half\" style=\"background-image:url(https:\/\/lindy.com\/de\/wp-content\/uploads\/sites\/3\/2025\/06\/USB4-Thunderbolt-2.jpg)\"><img decoding=\"async\" class=\"full-width-image__image\" src=\"https:\/\/lindy.com\/de\/wp-content\/uploads\/sites\/3\/2025\/06\/USB4-Thunderbolt-2.jpg\"\/><div class=\"contained\"><div class=\"full-width-image__content\"><\/div><\/div><\/section>\n\n\n\n<section class=\"wp-block-lindy-image-text-module section section--full-width-image full-width-image--with-text theme--light section--animation-none align--left  font--size-medium width--half\" style=\"background-image:url()\"><img decoding=\"async\" class=\"full-width-image__image\" src=\"\"\/><div class=\"contained\"><div class=\"full-width-image__content\"><h2 class=\"section__heading\"><span><strong>\u00c9CLAIR ET<\/strong><\/span><\/h2><h2 class=\"section__subheading section__subheading__title\">FOUDRE<\/h2><p class=\"section__paragraph\"><br\/>En 2011, Thunderbolt a \u00e9t\u00e9 pr\u00e9sent\u00e9 par Intel et Apple. Bas\u00e9 sur DisplayPort\u2122, il utilise un canal de donn\u00e9es PCIe bidirectionnel, ce qui a permis d\u2019atteindre des vitesses plus \u00e9lev\u00e9es. Thunderbolt 3 a introduit le connecteur USB-C. Au d\u00e9part, Thunderbolt, avec une vitesse double par rapport \u00e0 l\u2019USB 3.0, \u00e9tait un concurrent s\u00e9rieux et important. Cependant, il n\u2019a pas r\u00e9ussi \u00e0 s\u2019imposer en raison de la large adoption de l\u2019USB et des co\u00fbts de production plus faibles du mat\u00e9riel USB, m\u00eame avec l\u2019introduction de la compatibilit\u00e9 descendante avec l\u2019USB 3.1.<\/p><\/div><\/div><\/section>\n\n\n\n<section class=\"wp-block-lindy-image-text-module section section--full-width-image full-width-image--with-text theme--dark section--animation-none align--left  font--size-medium width--half\" style=\"background-image:url()\"><img decoding=\"async\" class=\"full-width-image__image\" src=\"\"\/><div class=\"contained\"><div class=\"full-width-image__content\"><h2 class=\"section__heading\"><span><strong>de deux<\/strong><\/span><\/h2><h2 class=\"section__subheading section__subheading__title\">VERS un<\/h2><p class=\"section__paragraph\"><br\/>Avec l\u2019USB4, les atouts de l\u2019USB et de Thunderbolt ont \u00e9t\u00e9 r\u00e9unis pour la premi\u00e8re fois. Cette nouvelle norme offre des d\u00e9bits allant jusqu\u2019\u00e0 40 Gbit\/s \u2014 soit deux fois plus rapide que l\u2019USB 3.2 \u2014 et combine la flexibilit\u00e9 des hubss USB avec les performances de Thunderbolt. Gr\u00e2ce \u00e0 l\u2019int\u00e9gration de PCIe, DisplayPort\u2122 (mode alternatif) et USB 2.0, l\u2019USB4 est particuli\u00e8rement polyvalent \u2014 id\u00e9al pour les transferts rapides de donn\u00e9es, les signaux audio-vid\u00e9o et la connexion de divers appareils.<\/p><\/div><\/div><\/section>\n\n\n\n<section class=\"wp-block-lindy-image-text-module section section--full-width-image full-width-image--with-text theme--dark section--animation-none align--left  font--size-medium width--half\" style=\"background-image:url(https:\/\/lindy.com\/fr\/wp-content\/uploads\/sites\/4\/2026\/04\/USB4_Landing-Page_Speed-USB_FR.png)\"><img decoding=\"async\" class=\"full-width-image__image\" src=\"https:\/\/lindy.com\/fr\/wp-content\/uploads\/sites\/4\/2026\/04\/USB4_Landing-Page_Speed-USB_FR.png\"\/><div class=\"contained\"><div class=\"full-width-image__content\"><\/div><\/div><\/section>\n\n\n\n<section class=\"wp-block-lindy-image-text-module section section--full-width-image full-width-image--with-text theme--dark section--animation-none align--center  font--size-medium\" style=\"background-image:url()\"><img decoding=\"async\" class=\"full-width-image__image\" src=\"\"\/><div class=\"contained\"><div class=\"full-width-image__content\"><h2 class=\"section__heading\"><span>L&rsquo;ENSEMBLE<\/span><\/h2><h2 class=\"section__subheading section__subheading__title\">ET LA SOMME DE SES PARTIES<\/h2><p class=\"section__paragraph\"><br\/>L\u2019USB4 int\u00e8gre plusieurs protocoles tels que l\u2019USB 2.0, Enhanced Superspeed, PCIe et DisplayPort\u2122. Cela est rendu possible gr\u00e2ce \u00e0 une architecture interne ing\u00e9nieuse compos\u00e9e de contr\u00f4leurs, de switchs et d\u2019un \u00ab routeur \u00bb qui coordonne la communication. Le connecteur USB-C reste au centre de ce syst\u00e8me \u2014 il permet, via le mode alternatif DisplayPort\u2122, non seulement la transmission de donn\u00e9es, mais aussi de signaux audio-vid\u00e9o, par exemple vers des moniteurs ou des projecteurs. Lors de la connexion de nouveaux appareils, une n\u00e9gociation automatique d\u00e9termine d\u2019abord les protocoles et les vitesses \u00e0 utiliser. Bien que des d\u00e9bits allant jusqu\u2019\u00e0 40 Gbit\/s soient possibles, la sp\u00e9cification USB4 ne garantit cependant que 20 Gbit\/s \u2014 selon l\u2019h\u00f4te, les appareils Thunderbolt 3 peuvent donc fonctionner \u00e0 des vitesses inf\u00e9rieures. Il est donc utile de consulter les sp\u00e9cifications mat\u00e9rielles.<\/p><\/div><\/div><\/section>\n\n\n\n<section class=\"wp-block-lindy-parallax-hero section parallax-hero theme--dark align--right  font--size-medium\" style=\"background-image:url(https:\/\/lindy.com\/fr\/wp-content\/uploads\/sites\/4\/2025\/01\/USB-4-Parallex.jpg)\"><div class=\"contained contained--full-width\"><div class=\"parallax-hero__content\"><div class=\"parallax-hero__content-wrapper align--right\"><h2 class=\"section__heading\"><span><br\/><br\/><br\/><\/span><\/h2><\/div><\/div><\/div><\/section>\n\n\n\n<section class=\"wp-block-lindy-image-text-module section section--full-width-image full-width-image--with-text theme--dark section--animation-none align--left  font--size-medium width--half\" style=\"background-image:url()\"><img decoding=\"async\" class=\"full-width-image__image\" src=\"\"\/><div class=\"contained\"><div class=\"full-width-image__content\"><h2 class=\"section__heading\"><span><strong>Babylon<\/strong><\/span><\/h2><h2 class=\"section__subheading section__subheading__title\">passe le bonjour<\/h2><p class=\"section__paragraph\"><br\/>Depuis l\u2019USB 3.1, la nomenclature pr\u00eate \u00e0 confusion : l\u2019USB 3.0 (5 Gbit\/s) est devenu USB 3.1 Gen 1, et l\u2019USB 3.1 (10 Gbit\/s) est devenu USB 3.1 Gen 2. Avec l\u2019USB 3.2, de nouvelles variantes ont \u00e9t\u00e9 introduites :<br\/><strong>USB 3.2 Gen 1<\/strong> = 5 Gbit\/s<br\/><strong>USB 3.2 Gen 2<\/strong> = 10 Gbit\/s<br\/><strong>USB 3.2 Gen 2\u00d72<\/strong> = 20 Gbit\/s<br\/><br\/>L\u2019USB4 poursuit cette logique :<br\/><strong>USB4 Gen 2\u00d72<\/strong> = 20 Gbit\/s<br\/><strong>USB4 Gen 3\u00d72 <\/strong>= 40 Gbit\/s<br\/><br\/>Il reste incertain si les anciennes versions de l\u2019USB seront \u00e0 nouveau renomm\u00e9es \u00e0 l\u2019avenir \u2014 ce qui est certain, c\u2019est que les acheteurs doivent pr\u00eater une attention particuli\u00e8re aux d\u00e9signations.<\/p><\/div><\/div><\/section>\n\n\n\n<section class=\"wp-block-lindy-image-text-module section section--full-width-image full-width-image--with-text theme--light section--animation-none align--left  font--size-medium width--half\" style=\"background-image:url(https:\/\/lindy.com\/de\/wp-content\/uploads\/sites\/3\/2025\/06\/USB-4-Symbole-EN-HW-1.png)\"><img decoding=\"async\" class=\"full-width-image__image\" src=\"https:\/\/lindy.com\/de\/wp-content\/uploads\/sites\/3\/2025\/06\/USB-4-Symbole-EN-HW-1.png\"\/><div class=\"contained\"><div class=\"full-width-image__content\"><\/div><\/div><\/section>\n\n\n\n<section class=\"wp-block-lindy-image-text-module section section--full-width-image full-width-image--with-text theme--dark section--animation-none align--center  font--size-medium width--half\" style=\"background-image:url(https:\/\/lindy.com\/de\/wp-content\/uploads\/sites\/3\/2025\/03\/e-without-icon-1.jpg)\"><img decoding=\"async\" class=\"full-width-image__image\" src=\"https:\/\/lindy.com\/de\/wp-content\/uploads\/sites\/3\/2025\/03\/e-without-icon-1.jpg\"\/><div class=\"contained\"><div class=\"full-width-image__content\"><h2 class=\"section__subheading section__subheading__title\"><br\/><br\/><\/h2><p class=\"section__paragraph\"><br\/><br\/><br\/><\/p><\/div><\/div><\/section>\n\n\n\n<section class=\"wp-block-lindy-image-text-module section section--full-width-image full-width-image--with-text theme--dark section--animation-none align--left  font--size-medium width--half\" style=\"background-image:url()\"><img decoding=\"async\" class=\"full-width-image__image\" src=\"\"\/><div class=\"contained\"><div class=\"full-width-image__content\"><h2 class=\"section__heading\"><span>PRISE EN CHARGE<\/span><\/h2><h2 class=\"section__subheading section__subheading__title\">DE Power Delivery<\/h2><p class=\"section__paragraph\"><br\/>L\u2019USB4 prend en charge int\u00e9gralement la norme Power Delivery, qui r\u00e9gule l\u2019alimentation \u00e9lectrique entre l\u2019h\u00f4te, les concentrateurs et les p\u00e9riph\u00e9riques \u2014 y compris l\u2019inversion de sens et diff\u00e9rents profils de puissance. Avec Power Delivery 3.0, cela peut atteindre jusqu\u2019\u00e0 <strong>20V \/ 5A (100 W)<\/strong>, et selon la derni\u00e8re norme Power Delivery (PD 3.1), jusqu\u2019\u00e0 <strong>240 W<\/strong> avec <strong>48V \/ 5A.<\/strong><br\/> <br\/>Gr\u00e2ce \u00e0 la puce E-Marker, les c\u00e2bles d\u00e9tectent automatiquement l\u2019intensit\u00e9 \u00e9lectrique qu\u2019ils peuvent prendre en charge. Par exemple, un ordinateur portable peut ainsi \u00eatre \u00e0 la fois charg\u00e9 et aliment\u00e9 en donn\u00e9es via un seul c\u00e2ble USB-C \u2014 id\u00e9al pour les stations d\u2019accueil et un espace de travail \u00e9pur\u00e9.<\/p><\/div><\/div><\/section>\n\n\n\n<section class=\"wp-block-lindy-image-text-module section section--full-width-image full-width-image--with-text theme--light section--animation-none align--left  font--size-medium width--half\" style=\"background-image:url()\"><img decoding=\"async\" class=\"full-width-image__image\" src=\"\"\/><div class=\"contained\"><div class=\"full-width-image__content\"><h2 class=\"section__heading\"><span><strong>QU&rsquo;EST-CE QUE CELA SIGNIFIE<\/strong><\/span><\/h2><h2 class=\"section__subheading section__subheading__title\">POUR L&rsquo;UTILISATEUR ?<\/h2><p class=\"section__paragraph\"><br\/>L\u2019USB4 simplifie de nombreux aspects : des d\u00e9bits plus \u00e9lev\u00e9s, des standards unifi\u00e9s et un seul type de connecteur \u2014 l\u2019USB-C. Les utilisateurs poss\u00e9dant des appareils compatibles avec la pleine fonctionnalit\u00e9 <strong>USB4<\/strong>, offrant<strong> 40 Gbit\/s<\/strong> et <strong>Power Delivery<\/strong>, b\u00e9n\u00e9ficient d\u2019une performance maximale tout en r\u00e9duisant l\u2019encombrement des c\u00e2bles. Autrefois, il fallait scruter attentivement logos et sp\u00e9cifications \u2014 aujourd\u2019hui, l\u2019USB4 garantit une meilleure compatibilit\u00e9.<br\/><br\/>Cependant, il reste important de rester vigilant :<br\/>Tous les ports USB-C ne proposent pas automatiquement la pleine performance USB4. Lors de l\u2019achat, il convient donc de v\u00e9rifier la <strong>vitesse (d\u00e9signation Gen)<\/strong> ainsi que la prise en charge de<strong> Power Delivery<\/strong>.<br\/><br\/>La nouvelle version <strong>USB4 2.0<\/strong> marque d\u00e9j\u00e0 une \u00e9tape suppl\u00e9mentaire dans l\u2019\u00e9volution : avec des d\u00e9bits allant <strong>jusqu\u2019\u00e0 80 Gbit\/s<\/strong> et une compatibilit\u00e9 possible avec DisplayPort\u2122 2.1 en mode alternatif DisplayPort\u2122, la vitesse de transfert double \u00e0 nouveau \u2014 id\u00e9ale pour les p\u00e9riph\u00e9riques haut de gamme comme les \u00e9crans 8K ou les SSD particuli\u00e8rement rapides. Gr\u00e2ce \u00e0 la r\u00e9trocompatibilit\u00e9, le connecteur reste identique, mais l\u00e0 encore, seuls les c\u00e2bles et appareils compatibles peuvent exploiter pleinement ce potentiel.<\/p><\/div><\/div><\/section>\n\n\n\n<section class=\"wp-block-lindy-image-text-module section section--full-width-image full-width-image--with-text theme--light section--animation-none align--left  font--size-medium width--half\" style=\"background-image:url(https:\/\/lindy.com\/de\/wp-content\/uploads\/sites\/3\/2025\/03\/USB4-power-delivery.jpg)\"><img decoding=\"async\" class=\"full-width-image__image\" src=\"https:\/\/lindy.com\/de\/wp-content\/uploads\/sites\/3\/2025\/03\/USB4-power-delivery.jpg\"\/><div class=\"contained\"><div class=\"full-width-image__content\"><\/div><\/div><\/section>\n\n\n\n<section class=\"wp-block-lindy-heading-text section section--heading-text theme--dark align--center  font--size-medium section--animation-none\"><div class=\"contained\"><h2 class=\"section__heading\"><span><br\/>AVEZ-VOUS DES QUESTIONS OU SOUHAITEZ-VOUS UN CONSEIL PERSONNALIS\u00c9 ? <\/span><\/h2><h2 class=\"section__subheading section__subheading__title\">PARLEZ AVEC NOS EXPERTS<br\/><br\/><br\/><\/h2><\/div><\/section>\n\n\n\n<section class=\"wp-block-lindy-image-text-module section section--full-width-image full-width-image--with-text theme--dark section--animation-none align--center  font--size-medium\" style=\"background-image:url(https:\/\/lindy.com\/fr\/wp-content\/uploads\/sites\/4\/2025\/03\/Supportteam-FR.jpg)\"><img decoding=\"async\" class=\"full-width-image__image\" src=\"https:\/\/lindy.com\/fr\/wp-content\/uploads\/sites\/4\/2025\/03\/Supportteam-FR.jpg\"\/><div class=\"contained\"><div class=\"full-width-image__content\"><h2 class=\"section__heading\"><span><br\/><br\/><\/span><\/h2><h2 class=\"section__subheading section__subheading__title\"><br\/><br\/><\/h2><p class=\"section__paragraph\"><br\/><br\/><br\/><\/p><a href=\"https:\/\/lindy.com\/fr\/contact\/\" class=\"button button--white-transparent\" target=\"_blank\" rel=\"noopener noreferrer\">PRENDRE CONTACT<\/a><\/div><\/div><\/section>\n","protected":false},"excerpt":{"rendered":"","protected":false},"author":21,"featured_media":0,"parent":0,"menu_order":0,"comment_status":"closed","ping_status":"closed","template":"page-templates\/template-landing.php","meta":{"_acf_changed":false,"footnotes":""},"class_list":["post-5668","page","type-page","status-publish","hentry"],"acf":[],"yoast_head":"<!-- This site is optimized with the Yoast SEO plugin v26.6 - https:\/\/yoast.com\/wordpress\/plugins\/seo\/ -->\n<title>USB4 - Lindy - French<\/title>\n<meta name=\"robots\" content=\"index, follow, max-snippet:-1, max-image-preview:large, max-video-preview:-1\" \/>\n<link rel=\"canonical\" href=\"https:\/\/lindy.com\/fr\/usb4\/\" \/>\n<meta property=\"og:locale\" content=\"fr_FR\" \/>\n<meta property=\"og:type\" content=\"article\" \/>\n<meta property=\"og:title\" content=\"USB4 - Lindy - French\" \/>\n<meta property=\"og:url\" content=\"https:\/\/lindy.com\/fr\/usb4\/\" \/>\n<meta property=\"og:site_name\" content=\"Lindy - French\" \/>\n<meta property=\"article:modified_time\" content=\"2026-04-02T07:44:11+00:00\" \/>\n<meta property=\"og:image\" content=\"https:\/\/lindy.com\/fr\/wp-content\/uploads\/sites\/4\/2025\/01\/Landing-page-USB-4-2.jpg\" \/>\n<meta name=\"twitter:card\" content=\"summary_large_image\" \/>\n<meta name=\"twitter:label1\" content=\"Dur\u00e9e de lecture estim\u00e9e\" \/>\n\t<meta name=\"twitter:data1\" content=\"8 minutes\" \/>\n<script type=\"application\/ld+json\" class=\"yoast-schema-graph\">{\"@context\":\"https:\/\/schema.org\",\"@graph\":[{\"@type\":\"WebPage\",\"@id\":\"https:\/\/lindy.com\/fr\/usb4\/\",\"url\":\"https:\/\/lindy.com\/fr\/usb4\/\",\"name\":\"USB4 - Lindy - French\",\"isPartOf\":{\"@id\":\"https:\/\/lindy.com\/fr\/#website\"},\"primaryImageOfPage\":{\"@id\":\"https:\/\/lindy.com\/fr\/usb4\/#primaryimage\"},\"image\":{\"@id\":\"https:\/\/lindy.com\/fr\/usb4\/#primaryimage\"},\"thumbnailUrl\":\"https:\/\/lindy.com\/fr\/wp-content\/uploads\/sites\/4\/2025\/01\/Landing-page-USB-4-2.jpg\",\"datePublished\":\"2025-06-12T13:22:09+00:00\",\"dateModified\":\"2026-04-02T07:44:11+00:00\",\"breadcrumb\":{\"@id\":\"https:\/\/lindy.com\/fr\/usb4\/#breadcrumb\"},\"inLanguage\":\"fr-FR\",\"potentialAction\":[{\"@type\":\"ReadAction\",\"target\":[\"https:\/\/lindy.com\/fr\/usb4\/\"]}]},{\"@type\":\"ImageObject\",\"inLanguage\":\"fr-FR\",\"@id\":\"https:\/\/lindy.com\/fr\/usb4\/#primaryimage\",\"url\":\"https:\/\/lindy.com\/fr\/wp-content\/uploads\/sites\/4\/2025\/01\/Landing-page-USB-4-2.jpg\",\"contentUrl\":\"https:\/\/lindy.com\/fr\/wp-content\/uploads\/sites\/4\/2025\/01\/Landing-page-USB-4-2.jpg\",\"width\":1920,\"height\":1080},{\"@type\":\"BreadcrumbList\",\"@id\":\"https:\/\/lindy.com\/fr\/usb4\/#breadcrumb\",\"itemListElement\":[{\"@type\":\"ListItem\",\"position\":1,\"name\":\"Home\",\"item\":\"https:\/\/lindy.com\/fr\/\"},{\"@type\":\"ListItem\",\"position\":2,\"name\":\"USB4\"}]},{\"@type\":\"WebSite\",\"@id\":\"https:\/\/lindy.com\/fr\/#website\",\"url\":\"https:\/\/lindy.com\/fr\/\",\"name\":\"Lindy - French\",\"description\":\"Connection Perfection\",\"potentialAction\":[{\"@type\":\"SearchAction\",\"target\":{\"@type\":\"EntryPoint\",\"urlTemplate\":\"https:\/\/lindy.com\/fr\/?s={search_term_string}\"},\"query-input\":{\"@type\":\"PropertyValueSpecification\",\"valueRequired\":true,\"valueName\":\"search_term_string\"}}],\"inLanguage\":\"fr-FR\"}]}<\/script>\n<!-- \/ Yoast SEO plugin. -->","yoast_head_json":{"title":"USB4 - Lindy - French","robots":{"index":"index","follow":"follow","max-snippet":"max-snippet:-1","max-image-preview":"max-image-preview:large","max-video-preview":"max-video-preview:-1"},"canonical":"https:\/\/lindy.com\/fr\/usb4\/","og_locale":"fr_FR","og_type":"article","og_title":"USB4 - Lindy - French","og_url":"https:\/\/lindy.com\/fr\/usb4\/","og_site_name":"Lindy - French","article_modified_time":"2026-04-02T07:44:11+00:00","og_image":[{"url":"https:\/\/lindy.com\/fr\/wp-content\/uploads\/sites\/4\/2025\/01\/Landing-page-USB-4-2.jpg","type":"","width":"","height":""}],"twitter_card":"summary_large_image","twitter_misc":{"Dur\u00e9e de lecture estim\u00e9e":"8 minutes"},"schema":{"@context":"https:\/\/schema.org","@graph":[{"@type":"WebPage","@id":"https:\/\/lindy.com\/fr\/usb4\/","url":"https:\/\/lindy.com\/fr\/usb4\/","name":"USB4 - Lindy - French","isPartOf":{"@id":"https:\/\/lindy.com\/fr\/#website"},"primaryImageOfPage":{"@id":"https:\/\/lindy.com\/fr\/usb4\/#primaryimage"},"image":{"@id":"https:\/\/lindy.com\/fr\/usb4\/#primaryimage"},"thumbnailUrl":"https:\/\/lindy.com\/fr\/wp-content\/uploads\/sites\/4\/2025\/01\/Landing-page-USB-4-2.jpg","datePublished":"2025-06-12T13:22:09+00:00","dateModified":"2026-04-02T07:44:11+00:00","breadcrumb":{"@id":"https:\/\/lindy.com\/fr\/usb4\/#breadcrumb"},"inLanguage":"fr-FR","potentialAction":[{"@type":"ReadAction","target":["https:\/\/lindy.com\/fr\/usb4\/"]}]},{"@type":"ImageObject","inLanguage":"fr-FR","@id":"https:\/\/lindy.com\/fr\/usb4\/#primaryimage","url":"https:\/\/lindy.com\/fr\/wp-content\/uploads\/sites\/4\/2025\/01\/Landing-page-USB-4-2.jpg","contentUrl":"https:\/\/lindy.com\/fr\/wp-content\/uploads\/sites\/4\/2025\/01\/Landing-page-USB-4-2.jpg","width":1920,"height":1080},{"@type":"BreadcrumbList","@id":"https:\/\/lindy.com\/fr\/usb4\/#breadcrumb","itemListElement":[{"@type":"ListItem","position":1,"name":"Home","item":"https:\/\/lindy.com\/fr\/"},{"@type":"ListItem","position":2,"name":"USB4"}]},{"@type":"WebSite","@id":"https:\/\/lindy.com\/fr\/#website","url":"https:\/\/lindy.com\/fr\/","name":"Lindy - French","description":"Connection Perfection","potentialAction":[{"@type":"SearchAction","target":{"@type":"EntryPoint","urlTemplate":"https:\/\/lindy.com\/fr\/?s={search_term_string}"},"query-input":{"@type":"PropertyValueSpecification","valueRequired":true,"valueName":"search_term_string"}}],"inLanguage":"fr-FR"}]}},"_links":{"self":[{"href":"https:\/\/lindy.com\/fr\/wp-json\/wp\/v2\/pages\/5668","targetHints":{"allow":["GET"]}}],"collection":[{"href":"https:\/\/lindy.com\/fr\/wp-json\/wp\/v2\/pages"}],"about":[{"href":"https:\/\/lindy.com\/fr\/wp-json\/wp\/v2\/types\/page"}],"author":[{"embeddable":true,"href":"https:\/\/lindy.com\/fr\/wp-json\/wp\/v2\/users\/21"}],"replies":[{"embeddable":true,"href":"https:\/\/lindy.com\/fr\/wp-json\/wp\/v2\/comments?post=5668"}],"version-history":[{"count":13,"href":"https:\/\/lindy.com\/fr\/wp-json\/wp\/v2\/pages\/5668\/revisions"}],"predecessor-version":[{"id":7544,"href":"https:\/\/lindy.com\/fr\/wp-json\/wp\/v2\/pages\/5668\/revisions\/7544"}],"wp:attachment":[{"href":"https:\/\/lindy.com\/fr\/wp-json\/wp\/v2\/media?parent=5668"}],"curies":[{"name":"wp","href":"https:\/\/api.w.org\/{rel}","templated":true}]}}