{"id":5727,"date":"2025-06-24T12:17:33","date_gmt":"2025-06-24T12:17:33","guid":{"rendered":"https:\/\/lindy.com\/fr\/?page_id=5727"},"modified":"2026-04-07T14:08:37","modified_gmt":"2026-04-07T14:08:37","slug":"outlet","status":"publish","type":"page","link":"https:\/\/lindy.com\/fr\/outlet\/","title":{"rendered":"Outlet"},"content":{"rendered":"\n<section class=\"wp-block-lindy-image-text-module section section--full-width-image full-width-image--with-text theme--dark section--animation-none align--center  font--size-medium\" style=\"background-image:url(https:\/\/lindy.com\/fr\/wp-content\/uploads\/sites\/4\/2026\/01\/Header_Lindy-Outlet.png)\"><img decoding=\"async\" class=\"full-width-image__image\" src=\"https:\/\/lindy.com\/fr\/wp-content\/uploads\/sites\/4\/2026\/01\/Header_Lindy-Outlet.png\"\/><div class=\"contained\"><div class=\"full-width-image__content\"><h2 class=\"section__heading\"><span>DESTOCKAGE LINDY<\/span><\/h2><h2 class=\"section__subheading section__subheading__title\">Technologie audiovisuelle et informatique \u00e9prouv\u00e9e,<br\/>\u00e0 des conditions sp\u00e9ciales<br\/><br\/>  <\/h2><p class=\"section__paragraph\">Approvisionnement efficace, budget garanti<br\/><\/p><a href=\"https:\/\/lindy.com\/fr\/wp-content\/uploads\/sites\/4\/2026\/04\/2026CW15-FR-Lindy-Outlet-Products.pdf\" class=\"button button--white-transparent\" target=\"_blank\" rel=\"noopener noreferrer\">Ouvrir LA LISTE<\/a><\/div><\/div><\/section>\n\n\n\n<section class=\"wp-block-lindy-image-text-module section section--full-width-image full-width-image--with-text theme--light section--animation-none align--left font--camber font--size-small width--half\" style=\"background-image:url()\"><img decoding=\"async\" class=\"full-width-image__image\" src=\"\"\/><div class=\"contained\"><div class=\"full-width-image__content\"><h2 class=\"section__subheading section__subheading__title\">B\u00e9n\u00e9ficiez de remises exclusives<\/h2><p class=\"section__paragraph\"><br\/>Dans le d\u00e9stockage Lindy, vous trouverez une s\u00e9lection de produits de connectivit\u00e9 AV et informatique \u00e0 des prix fortement r\u00e9duits.<br\/><br\/><strong>VOS AVANTAGES EN UN COUP D&rsquo;\u0152IL :<\/strong><br\/>\u2013 Conditions d&rsquo;achat attractives pour les <strong>projets \u00e0 budget serr\u00e9<\/strong><br\/>\u2013<strong> Fiabilit\u00e9 \u00e9prouv\u00e9e<\/strong> pour les syst\u00e8mes existants de vos clients<br\/>\u2013 <strong>R\u00e9approvisionnement efficace <\/strong>des stocks pour garantir le bon d\u00e9roulement des contrats de service<br\/><br\/>T\u00e9l\u00e9chargez la derni\u00e8re liste de produits<br\/>au format PDF et \u00e9conomisez ! \ud83d\udce5<\/p><a href=\"https:\/\/lindy.com\/fr\/wp-content\/uploads\/sites\/4\/2026\/04\/2026CW15-FR-Lindy-Outlet-Products.pdf\" class=\"button button--dark\" target=\"_blank\" rel=\"noopener noreferrer\">T\u00c9L\u00c9CHARGER LA LISTE<\/a><\/div><\/div><\/section>\n\n\n\n<section class=\"wp-block-lindy-image-text-module section section--full-width-image full-width-image--with-text theme--light section--animation-none align--left font--camber font--size-small width--half\" style=\"background-image:url()\"><img decoding=\"async\" class=\"full-width-image__image\" src=\"\"\/><div class=\"contained\"><div class=\"full-width-image__content\"><h2 class=\"section__subheading section__subheading__title\">Comment passer une commande<\/h2><p class=\"section__paragraph\"><br\/>Cette offre s&rsquo;adresse exclusivement aux<strong> clients professionnels<\/strong>. Les commandes ne peuvent \u00eatre pass\u00e9es que par <strong>e-mail <\/strong>\u00e0 l&rsquo;adresse <strong><a href=\"mailto:france@lindy.fr\">france@lindy.fr<\/a><\/strong><br\/><br\/>N&rsquo;h\u00e9sitez pas \u00e0 <strong><a href=\"https:\/\/lindy.com\/fr\/contact\/\" target=\"_blank\" rel=\"noreferrer noopener\">nous contacter<\/a><\/strong> si vous avez des questions.<br\/><br\/><br\/><br\/><br\/><br\/><br\/><br\/><br\/><br\/><br\/><br\/><br\/><\/p><\/div><\/div><\/section>\n","protected":false},"excerpt":{"rendered":"","protected":false},"author":11,"featured_media":0,"parent":0,"menu_order":0,"comment_status":"closed","ping_status":"closed","template":"page-templates\/template-landing.php","meta":{"_acf_changed":false,"footnotes":""},"class_list":["post-5727","page","type-page","status-publish","hentry"],"acf":[],"yoast_head":"<!-- This site is optimized with the Yoast SEO plugin v26.6 - https:\/\/yoast.com\/wordpress\/plugins\/seo\/ -->\n<title>Outlet - Lindy - French<\/title>\n<meta name=\"description\" content=\"Le Lindy Outlet vous permet de faire des bonnes affairesen profitant de prix tr\u00e8s r\u00e9duits. TECHNOLOGIES DE POINTE \u00c0 DES PRIX IMBATTABLES.\" \/>\n<meta name=\"robots\" content=\"index, follow, max-snippet:-1, max-image-preview:large, max-video-preview:-1\" \/>\n<link rel=\"canonical\" href=\"https:\/\/lindy.com\/fr\/outlet\/\" \/>\n<meta property=\"og:locale\" content=\"fr_FR\" \/>\n<meta property=\"og:type\" content=\"article\" \/>\n<meta property=\"og:title\" content=\"Outlet - Lindy - French\" \/>\n<meta property=\"og:description\" content=\"Le Lindy Outlet vous permet de faire des bonnes affairesen profitant de prix tr\u00e8s r\u00e9duits. TECHNOLOGIES DE POINTE \u00c0 DES PRIX IMBATTABLES.\" \/>\n<meta property=\"og:url\" content=\"https:\/\/lindy.com\/fr\/outlet\/\" \/>\n<meta property=\"og:site_name\" content=\"Lindy - French\" \/>\n<meta property=\"article:modified_time\" content=\"2026-04-07T14:08:37+00:00\" \/>\n<meta property=\"og:image\" content=\"https:\/\/lindy.com\/fr\/wp-content\/uploads\/sites\/4\/2026\/01\/Header_Lindy-Outlet.png\" \/>\n<meta name=\"twitter:card\" content=\"summary_large_image\" \/>\n<meta name=\"twitter:label1\" content=\"Dur\u00e9e de lecture estim\u00e9e\" \/>\n\t<meta name=\"twitter:data1\" content=\"2 minutes\" \/>\n<script type=\"application\/ld+json\" class=\"yoast-schema-graph\">{\"@context\":\"https:\/\/schema.org\",\"@graph\":[{\"@type\":\"WebPage\",\"@id\":\"https:\/\/lindy.com\/fr\/outlet\/\",\"url\":\"https:\/\/lindy.com\/fr\/outlet\/\",\"name\":\"Outlet - Lindy - French\",\"isPartOf\":{\"@id\":\"https:\/\/lindy.com\/fr\/#website\"},\"primaryImageOfPage\":{\"@id\":\"https:\/\/lindy.com\/fr\/outlet\/#primaryimage\"},\"image\":{\"@id\":\"https:\/\/lindy.com\/fr\/outlet\/#primaryimage\"},\"thumbnailUrl\":\"https:\/\/lindy.com\/fr\/wp-content\/uploads\/sites\/4\/2026\/01\/Header_Lindy-Outlet.png\",\"datePublished\":\"2025-06-24T12:17:33+00:00\",\"dateModified\":\"2026-04-07T14:08:37+00:00\",\"description\":\"Le Lindy Outlet vous permet de faire des bonnes affairesen profitant de prix tr\u00e8s r\u00e9duits. TECHNOLOGIES DE POINTE \u00c0 DES PRIX IMBATTABLES.\",\"breadcrumb\":{\"@id\":\"https:\/\/lindy.com\/fr\/outlet\/#breadcrumb\"},\"inLanguage\":\"fr-FR\",\"potentialAction\":[{\"@type\":\"ReadAction\",\"target\":[\"https:\/\/lindy.com\/fr\/outlet\/\"]}]},{\"@type\":\"ImageObject\",\"inLanguage\":\"fr-FR\",\"@id\":\"https:\/\/lindy.com\/fr\/outlet\/#primaryimage\",\"url\":\"https:\/\/lindy.com\/fr\/wp-content\/uploads\/sites\/4\/2026\/01\/Header_Lindy-Outlet.png\",\"contentUrl\":\"https:\/\/lindy.com\/fr\/wp-content\/uploads\/sites\/4\/2026\/01\/Header_Lindy-Outlet.png\",\"width\":1920,\"height\":1080},{\"@type\":\"BreadcrumbList\",\"@id\":\"https:\/\/lindy.com\/fr\/outlet\/#breadcrumb\",\"itemListElement\":[{\"@type\":\"ListItem\",\"position\":1,\"name\":\"Home\",\"item\":\"https:\/\/lindy.com\/fr\/\"},{\"@type\":\"ListItem\",\"position\":2,\"name\":\"Outlet\"}]},{\"@type\":\"WebSite\",\"@id\":\"https:\/\/lindy.com\/fr\/#website\",\"url\":\"https:\/\/lindy.com\/fr\/\",\"name\":\"Lindy - French\",\"description\":\"Connection Perfection\",\"potentialAction\":[{\"@type\":\"SearchAction\",\"target\":{\"@type\":\"EntryPoint\",\"urlTemplate\":\"https:\/\/lindy.com\/fr\/?s={search_term_string}\"},\"query-input\":{\"@type\":\"PropertyValueSpecification\",\"valueRequired\":true,\"valueName\":\"search_term_string\"}}],\"inLanguage\":\"fr-FR\"}]}<\/script>\n<!-- \/ Yoast SEO plugin. -->","yoast_head_json":{"title":"Outlet - Lindy - French","description":"Le Lindy Outlet vous permet de faire des bonnes affairesen profitant de prix tr\u00e8s r\u00e9duits. TECHNOLOGIES DE POINTE \u00c0 DES PRIX IMBATTABLES.","robots":{"index":"index","follow":"follow","max-snippet":"max-snippet:-1","max-image-preview":"max-image-preview:large","max-video-preview":"max-video-preview:-1"},"canonical":"https:\/\/lindy.com\/fr\/outlet\/","og_locale":"fr_FR","og_type":"article","og_title":"Outlet - Lindy - French","og_description":"Le Lindy Outlet vous permet de faire des bonnes affairesen profitant de prix tr\u00e8s r\u00e9duits. TECHNOLOGIES DE POINTE \u00c0 DES PRIX IMBATTABLES.","og_url":"https:\/\/lindy.com\/fr\/outlet\/","og_site_name":"Lindy - French","article_modified_time":"2026-04-07T14:08:37+00:00","og_image":[{"url":"https:\/\/lindy.com\/fr\/wp-content\/uploads\/sites\/4\/2026\/01\/Header_Lindy-Outlet.png","type":"","width":"","height":""}],"twitter_card":"summary_large_image","twitter_misc":{"Dur\u00e9e de lecture estim\u00e9e":"2 minutes"},"schema":{"@context":"https:\/\/schema.org","@graph":[{"@type":"WebPage","@id":"https:\/\/lindy.com\/fr\/outlet\/","url":"https:\/\/lindy.com\/fr\/outlet\/","name":"Outlet - Lindy - French","isPartOf":{"@id":"https:\/\/lindy.com\/fr\/#website"},"primaryImageOfPage":{"@id":"https:\/\/lindy.com\/fr\/outlet\/#primaryimage"},"image":{"@id":"https:\/\/lindy.com\/fr\/outlet\/#primaryimage"},"thumbnailUrl":"https:\/\/lindy.com\/fr\/wp-content\/uploads\/sites\/4\/2026\/01\/Header_Lindy-Outlet.png","datePublished":"2025-06-24T12:17:33+00:00","dateModified":"2026-04-07T14:08:37+00:00","description":"Le Lindy Outlet vous permet de faire des bonnes affairesen profitant de prix tr\u00e8s r\u00e9duits. TECHNOLOGIES DE POINTE \u00c0 DES PRIX IMBATTABLES.","breadcrumb":{"@id":"https:\/\/lindy.com\/fr\/outlet\/#breadcrumb"},"inLanguage":"fr-FR","potentialAction":[{"@type":"ReadAction","target":["https:\/\/lindy.com\/fr\/outlet\/"]}]},{"@type":"ImageObject","inLanguage":"fr-FR","@id":"https:\/\/lindy.com\/fr\/outlet\/#primaryimage","url":"https:\/\/lindy.com\/fr\/wp-content\/uploads\/sites\/4\/2026\/01\/Header_Lindy-Outlet.png","contentUrl":"https:\/\/lindy.com\/fr\/wp-content\/uploads\/sites\/4\/2026\/01\/Header_Lindy-Outlet.png","width":1920,"height":1080},{"@type":"BreadcrumbList","@id":"https:\/\/lindy.com\/fr\/outlet\/#breadcrumb","itemListElement":[{"@type":"ListItem","position":1,"name":"Home","item":"https:\/\/lindy.com\/fr\/"},{"@type":"ListItem","position":2,"name":"Outlet"}]},{"@type":"WebSite","@id":"https:\/\/lindy.com\/fr\/#website","url":"https:\/\/lindy.com\/fr\/","name":"Lindy - French","description":"Connection Perfection","potentialAction":[{"@type":"SearchAction","target":{"@type":"EntryPoint","urlTemplate":"https:\/\/lindy.com\/fr\/?s={search_term_string}"},"query-input":{"@type":"PropertyValueSpecification","valueRequired":true,"valueName":"search_term_string"}}],"inLanguage":"fr-FR"}]}},"_links":{"self":[{"href":"https:\/\/lindy.com\/fr\/wp-json\/wp\/v2\/pages\/5727","targetHints":{"allow":["GET"]}}],"collection":[{"href":"https:\/\/lindy.com\/fr\/wp-json\/wp\/v2\/pages"}],"about":[{"href":"https:\/\/lindy.com\/fr\/wp-json\/wp\/v2\/types\/page"}],"author":[{"embeddable":true,"href":"https:\/\/lindy.com\/fr\/wp-json\/wp\/v2\/users\/11"}],"replies":[{"embeddable":true,"href":"https:\/\/lindy.com\/fr\/wp-json\/wp\/v2\/comments?post=5727"}],"version-history":[{"count":58,"href":"https:\/\/lindy.com\/fr\/wp-json\/wp\/v2\/pages\/5727\/revisions"}],"predecessor-version":[{"id":7553,"href":"https:\/\/lindy.com\/fr\/wp-json\/wp\/v2\/pages\/5727\/revisions\/7553"}],"wp:attachment":[{"href":"https:\/\/lindy.com\/fr\/wp-json\/wp\/v2\/media?parent=5727"}],"curies":[{"name":"wp","href":"https:\/\/api.w.org\/{rel}","templated":true}]}}