{"id":5932,"date":"2025-07-21T07:03:45","date_gmt":"2025-07-21T07:03:45","guid":{"rendered":"https:\/\/lindy.com\/fr\/?page_id=5932"},"modified":"2025-09-23T07:04:48","modified_gmt":"2025-09-23T07:04:48","slug":"etude-de-cas-neat-application","status":"publish","type":"page","link":"https:\/\/lindy.com\/fr\/etude-de-cas-neat-application\/","title":{"rendered":"\u00c9TUDE DE CAS NEAT APPLICATION"},"content":{"rendered":"\n<section class=\"wp-block-lindy-image-text-module section section--full-width-image full-width-image--with-text theme--dark section--animation-none align--center  font--size-large\" style=\"background-image:url(https:\/\/lindy.com\/eu\/wp-content\/uploads\/sites\/10\/2025\/07\/Header-Neat-Landing-page.jpg)\"><img decoding=\"async\" class=\"full-width-image__image\" src=\"https:\/\/lindy.com\/eu\/wp-content\/uploads\/sites\/10\/2025\/07\/Header-Neat-Landing-page.jpg\"\/><div class=\"contained\"><div class=\"full-width-image__content\"><h2 class=\"section__heading\"><span>CONSTRUIT POUR TRAVAILLER ENSEMBLE<\/span><\/h2><h2 class=\"section__subheading section__subheading__title\">INTELLIGENCE NEAT <br\/>CONNEXION LINDY<\/h2><\/div><\/div><\/section>\n\n\n\n<section class=\"wp-block-lindy-image-text-module section section--full-width-image full-width-image--with-text theme--light section--animation-none align--center font--camber font--size-medium\" style=\"background-image:url()\"><img decoding=\"async\" class=\"full-width-image__image\" src=\"\"\/><div class=\"contained\"><div class=\"full-width-image__content\"><h2 class=\"section__subheading section__subheading__title\">DEUX MARQUES, UNE EXP\u00c9RIENCE TRANSPARENTE<\/h2><p class=\"section__paragraph\"><br\/>Le partenariat entre Lindy, leader mondial des solutions de connectivit\u00e9, et Neat, pionnier de la technologie innovante de collaboration vid\u00e9o, r\u00e9unit deux forces compl\u00e9mentaires. La mission commune de ce partenariat est de simplifier et d&rsquo;am\u00e9liorer l&rsquo;exp\u00e9rience des r\u00e9unions gr\u00e2ce \u00e0 une int\u00e9gration puissante, \u00e9l\u00e9gante et fiable.<\/p><\/div><\/div><\/section>\n\n\n\n<section class=\"wp-block-lindy-image-text-module section section--full-width-image full-width-image--with-text theme--dark section--animation-none align--left  font--size-medium width--half\" style=\"background-image:url(https:\/\/lindy.com\/eu\/wp-content\/uploads\/sites\/10\/2025\/07\/universal_upscale_0_308aa43e-81e5-4eca-9b51-6460fb3243fe_0.jpg)\"><img decoding=\"async\" class=\"full-width-image__image\" src=\"https:\/\/lindy.com\/eu\/wp-content\/uploads\/sites\/10\/2025\/07\/universal_upscale_0_308aa43e-81e5-4eca-9b51-6460fb3243fe_0.jpg\"\/><div class=\"contained\"><div class=\"full-width-image__content\"><\/div><\/div><\/section>\n\n\n\n<section class=\"wp-block-lindy-image-text-module section section--full-width-image full-width-image--with-text theme--dark section--animation-none align--left  font--size-medium width--half\" style=\"background-image:url()\"><img decoding=\"async\" class=\"full-width-image__image\" src=\"\"\/><div class=\"contained\"><div class=\"full-width-image__content\"><h2 class=\"section__heading\"><span>LE D\u00c9FI<\/span><\/h2><p class=\"section__paragraph\"><br\/>Les espaces de r\u00e9union d&rsquo;aujourd&rsquo;hui exigent plus qu&rsquo;une simple connectivit\u00e9 standard. L&rsquo;int\u00e9gration de solutions de collaboration vid\u00e9o avanc\u00e9es propos\u00e9es par des soci\u00e9t\u00e9s comme Neat implique souvent de relever des d\u00e9fis tels que la transmission de signaux sur de longues distances, le maintien d&rsquo;une installation sans encombrement et la garantie d&rsquo;une compatibilit\u00e9 entre diverses configurations de salles &#8211; des domaines dans lesquels les solutions de c\u00e2blage traditionnelles \u00e9chouent souvent.<\/p><\/div><\/div><\/section>\n\n\n\n<section class=\"wp-block-lindy-image-text-module section section--full-width-image full-width-image--with-text theme--light section--animation-none align--left  font--size-medium width--half\" style=\"background-image:url()\"><img decoding=\"async\" class=\"full-width-image__image\" src=\"\"\/><div class=\"contained\"><div class=\"full-width-image__content\"><h2 class=\"section__heading\"><span>LA SOLUTION<\/span><\/h2><p class=\"section__paragraph\"><br\/>Lindy et Neat partagent un engagement envers la simplicit\u00e9, la performance et la fiabilit\u00e9, ce qui rend leurs produits naturellement compatibles. Les appareils intuitifs de Neat s&rsquo;associent de mani\u00e8re transparente aux solutions USB-C et HDMI haute performance de Lindy, garantissant une fonctionnalit\u00e9 compl\u00e8te quelle que soit la taille de la pi\u00e8ce. Ensemble, ils offrent une exp\u00e9rience AV simplifi\u00e9e et fiable, id\u00e9ale pour les espaces de r\u00e9union modernes et pr\u00eats pour l&rsquo;avenir.<\/p><\/div><\/div><\/section>\n\n\n\n<section class=\"wp-block-lindy-image-text-module section section--full-width-image full-width-image--with-text theme--light section--animation-none align--left  font--size-medium width--half\" style=\"background-image:url()\"><img decoding=\"async\" class=\"full-width-image__image\" src=\"\"\/><div class=\"contained\"><div class=\"full-width-image__content\"><p class=\"section__paragraph\"><iframe loading=\"lazy\" title=\"LINDY 70m Cat.6 BYOD EXTENDER Test\" width=\"500\" height=\"281\" src=\"https:\/\/www.youtube.com\/embed\/4L9pQ0L_Xn0?feature=oembed\" frameborder=\"0\" allow=\"accelerometer; autoplay; clipboard-write; encrypted-media; gyroscope; picture-in-picture; web-share\" referrerpolicy=\"strict-origin-when-cross-origin\" allowfullscreen><\/iframe><\/p><\/div><\/div><\/section>\n\n\n\n<section class=\"wp-block-lindy-heading-text section section--heading-text theme--dark align--center  font--size-medium section--animation-none\"><div class=\"contained\"><h2 class=\"section__heading\"><span>PRODUITS CON\u00c7US POUR INT\u00c9GRER<\/span><\/h2><\/div><\/section>\n\n\n\n<section class=\"wp-block-lindy-image-text-module section section--full-width-image full-width-image--with-text theme--dark section--animation-none align--left  font--size-medium width--half\" style=\"background-image:url(https:\/\/lindy.com\/de\/wp-content\/uploads\/sites\/3\/2025\/07\/Neat-bar-gen2.jpg)\"><img decoding=\"async\" class=\"full-width-image__image\" src=\"https:\/\/lindy.com\/de\/wp-content\/uploads\/sites\/3\/2025\/07\/Neat-bar-gen2.jpg\"\/><div class=\"contained\"><div class=\"full-width-image__content\"><\/div><\/div><\/section>\n\n\n\n<section class=\"wp-block-lindy-image-text-module section section--full-width-image full-width-image--with-text theme--light section--animation-none align--left  font--size-medium width--half\" style=\"background-image:url()\"><img decoding=\"async\" class=\"full-width-image__image\" src=\"\"\/><div class=\"contained\"><div class=\"full-width-image__content\"><h2 class=\"section__heading\"><span>Neat Bar Generation 2<\/span><\/h2><h2 class=\"section__subheading section__subheading__title\"><br\/><\/h2><p class=\"section__paragraph\">Id\u00e9al pour Zoom et Teams, parfait pour les petits et moyens espaces.<br\/>Avec cam\u00e9ra grand angle 50 m\u00e9gapixels, cadrage intelligent et r\u00e9duction du bruit.<br\/>Double 4K et USB-C BYOD pour un partage flexible<\/p><\/div><\/div><\/section>\n\n\n\n<section class=\"wp-block-lindy-image-text-module section section--full-width-image full-width-image--with-text theme--dark section--animation-none align--left  font--size-medium width--half\" style=\"background-image:url()\"><img decoding=\"async\" class=\"full-width-image__image\" src=\"\"\/><div class=\"contained\"><div class=\"full-width-image__content\"><h2 class=\"section__heading\"><span>Neat Board 50<\/span><\/h2><h2 class=\"section__subheading section__subheading__title\"><br\/><\/h2><p class=\"section__paragraph\">\u00c9cran tactile 4K de 50 pouces avec rev\u00eatement antireflet et anti-salissures.<br\/>Support de table inclus, supports muraux et flexibles disponibles en option<\/p><\/div><\/div><\/section>\n\n\n\n<section class=\"wp-block-lindy-image-text-module section section--full-width-image full-width-image--with-text theme--light section--animation-none align--left  font--size-medium width--half\" style=\"background-image:url(https:\/\/lindy.com\/de\/wp-content\/uploads\/sites\/3\/2025\/07\/Neat-Board-50-HW.jpg)\"><img decoding=\"async\" class=\"full-width-image__image\" src=\"https:\/\/lindy.com\/de\/wp-content\/uploads\/sites\/3\/2025\/07\/Neat-Board-50-HW.jpg\"\/><div class=\"contained\"><div class=\"full-width-image__content\"><\/div><\/div><\/section>\n\n\n\n<section class=\"wp-block-lindy-image-text-module section section--full-width-image full-width-image--with-text theme--light section--animation-none align--left  font--size-medium width--half\" style=\"background-image:url(https:\/\/lindy.com\/de\/wp-content\/uploads\/sites\/3\/2025\/07\/Neat-Board-Pro-W.jpg)\"><img decoding=\"async\" class=\"full-width-image__image\" src=\"https:\/\/lindy.com\/de\/wp-content\/uploads\/sites\/3\/2025\/07\/Neat-Board-Pro-W.jpg\"\/><div class=\"contained\"><div class=\"full-width-image__content\"><\/div><\/div><\/section>\n\n\n\n<section class=\"wp-block-lindy-image-text-module section section--full-width-image full-width-image--with-text theme--light section--animation-none align--left  font--size-medium width--half\" style=\"background-image:url()\"><img decoding=\"async\" class=\"full-width-image__image\" src=\"\"\/><div class=\"contained\"><div class=\"full-width-image__content\"><h2 class=\"section__heading\"><span>Neat Board Pro<\/span><\/h2><h2 class=\"section__subheading section__subheading__title\"><br\/><\/h2><p class=\"section__paragraph\">Deux cam\u00e9ras de 50 m\u00e9gapixels avec zoom 16x qui cadrent automatiquement et suivent les participants.<br\/>\u00c9cran tactile 4K de 65 pouces avec surface antireflet et r\u00e9sistante aux salissures<\/p><\/div><\/div><\/section>\n\n\n\n<section class=\"wp-block-lindy-image-text-module section section--full-width-image full-width-image--with-text theme--dark section--animation-none align--left  font--size-medium width--half\" style=\"background-image:url()\"><img decoding=\"async\" class=\"full-width-image__image\" src=\"\"\/><div class=\"contained\"><div class=\"full-width-image__content\"><h2 class=\"section__heading\"><span>DST-Pro Universal Docking Stations pour PC portable<\/span><\/h2><h2 class=\"section__subheading section__subheading__title\"><br\/><\/h2><p class=\"section__paragraph\">Alimentez votre ordinateur portable avec jusqu&rsquo;\u00e0 100 W tout en connectant trois \u00e9crans 4K et des p\u00e9riph\u00e9riques via un seul c\u00e2ble.<br\/><br\/>No. 43366<\/p><a href=\"https:\/\/www.lindy.fr\/.htm?websale8=ld0101.ld031103&amp;pi=43366&amp;ci=50\" class=\"button button--white-transparent\" target=\"_blank\" rel=\"noopener noreferrer\">d\u00c9couvrir<\/a><\/div><\/div><\/section>\n\n\n\n<section class=\"wp-block-lindy-image-text-module section section--full-width-image full-width-image--with-text theme--dark section--animation-none align--left  font--size-medium width--half\" style=\"background-image:url(https:\/\/lindy.com\/fr\/wp-content\/uploads\/sites\/4\/2025\/09\/43366-Cable-HW.jpg)\"><img decoding=\"async\" class=\"full-width-image__image\" src=\"https:\/\/lindy.com\/fr\/wp-content\/uploads\/sites\/4\/2025\/09\/43366-Cable-HW.jpg\"\/><div class=\"contained\"><div class=\"full-width-image__content\"><\/div><\/div><\/section>\n\n\n\n<section class=\"wp-block-lindy-image-text-module section section--full-width-image full-width-image--with-text theme--light section--animation-none align--left  font--size-medium width--half\" style=\"background-image:url(https:\/\/lindy.com\/de\/wp-content\/uploads\/sites\/3\/2025\/07\/38346-HW.jpg)\"><img decoding=\"async\" class=\"full-width-image__image\" src=\"https:\/\/lindy.com\/de\/wp-content\/uploads\/sites\/3\/2025\/07\/38346-HW.jpg\"\/><div class=\"contained\"><div class=\"full-width-image__content\"><\/div><\/div><\/section>\n\n\n\n<section class=\"wp-block-lindy-image-text-module section section--full-width-image full-width-image--with-text theme--light section--animation-none align--left  font--size-medium width--half\" style=\"background-image:url()\"><img decoding=\"async\" class=\"full-width-image__image\" src=\"\"\/><div class=\"contained\"><div class=\"full-width-image__content\"><h2 class=\"section__heading\"><span>Extender KVM Cat.6A HDMI 4K60 &amp; Type C HDBaseT 3.0, 70m de Lindy<\/span><\/h2><h2 class=\"section__subheading section__subheading__title\"><br\/><\/h2><p class=\"section__paragraph\">Fournit 4K@60Hz, USB et 60W Type C sur 70m Cat.6A avec IR, RS-232, sortie audio et alimentation par c\u00e2ble<br\/><br\/>No. 38346<\/p><a href=\"https:\/\/www.lindy.fr\/?websale8=ld0101.ld031103&amp;pi=38346\" class=\"button button--dark\" target=\"_blank\" rel=\"noopener noreferrer\">D\u00c9COUVRIR\n<\/a><\/div><\/div><\/section>\n\n\n\n<section class=\"wp-block-lindy-image-text-module section section--full-width-image full-width-image--with-text theme--dark section--animation-none align--left  font--size-medium width--half\" style=\"background-image:url()\"><img decoding=\"async\" class=\"full-width-image__image\" src=\"\"\/><div class=\"contained\"><div class=\"full-width-image__content\"><h2 class=\"section__heading\"><span>C\u00e2ble hybride fibre optique USB 3.2 5\/ 10 Gbits\/s et DP\u00ae 1.4 Type C<\/span><\/h2><h2 class=\"section__subheading section__subheading__title\"><br\/><\/h2><p class=\"section__paragraph\">Transmet donn\u00e9es (5\/10 Gbit\/s), vid\u00e9o 4K DP\u00ae 1.4 et 60 W jusqu&rsquo;\u00e0 15 m avec perte de signal minimale.<br\/><br\/>No. 43393 &amp; 43333\/ 43398 &amp; 43399<\/p><a href=\"https:\/\/www.lindy.fr\/?websale8=ld0101.ld031103&amp;ci=262\" class=\"button button--white-transparent\" target=\"_blank\" rel=\"noopener noreferrer\">D\u00c9COUVRIR<\/a><\/div><\/div><\/section>\n\n\n\n<section class=\"wp-block-lindy-image-text-module section section--full-width-image full-width-image--with-text theme--dark section--animation-none align--left  font--size-medium width--half\" style=\"background-image:url(https:\/\/lindy.com\/de\/wp-content\/uploads\/sites\/3\/2025\/07\/43393-HW.jpg)\"><img decoding=\"async\" class=\"full-width-image__image\" src=\"https:\/\/lindy.com\/de\/wp-content\/uploads\/sites\/3\/2025\/07\/43393-HW.jpg\"\/><div class=\"contained\"><div class=\"full-width-image__content\"><\/div><\/div><\/section>\n\n\n\n<section class=\"wp-block-lindy-parallax-hero section parallax-hero theme--dark align--left font--camber font--size-medium\" style=\"background-image:url(https:\/\/lindy.com\/eu\/wp-content\/uploads\/sites\/10\/2025\/07\/Neat_background_quote.png)\"><div class=\"contained contained--full-width\"><div class=\"parallax-hero__content\"><div class=\"parallax-hero__content-wrapper align--left\"><h2 class=\"section__subheading section__subheading__title\">\u201cLes solutions de connectivit\u00e9 de haute qualit\u00e9 de Lindy compl\u00e8tent parfaitement les appareils Neat, assurant une performance fiable dans les environnements AV professionnels.\u201d<br\/><\/h2><p class=\"section__paragraph\"><br\/>Sherri Pipala, Vice Pr\u00e9sidente Global Alliances, Neat<\/p><\/div><\/div><\/div><\/section>\n\n\n\n<section class=\"wp-block-lindy-image-text-module section section--full-width-image full-width-image--with-text theme--light section--animation-none align--center  font--size-medium\" style=\"background-image:url()\"><img decoding=\"async\" class=\"full-width-image__image\" src=\"\"\/><div class=\"contained\"><div class=\"full-width-image__content\"><h2 class=\"section__heading\"><span>R\u00c9SULTATS ET AVANTAGES<\/span><\/h2><p class=\"section__paragraph\"><br\/>L&rsquo;association des dispositifs de collaboration intuitifs de Neat avec les solutions de connectivit\u00e9 USB-C et HDMI\u00ae hautes performances de Lindy a entra\u00een\u00e9 des am\u00e9liorations fonctionnelles et esth\u00e9tiques significatives. Cette int\u00e9gration a permis des configurations AV \u00e9pur\u00e9es et efficaces, garantissant une performance fluide des appareils, quelle que soit la taille ou la configuration de la pi\u00e8ce. Les installations ont \u00e9t\u00e9 simplifi\u00e9es gr\u00e2ce \u00e0 l&rsquo;infrastructure plug-and-play de Lindy, r\u00e9duisant ainsi le besoin de c\u00e2blage complexe ou de d\u00e9pannage technique. Le r\u00e9sultat ? Une exp\u00e9rience utilisateur rationalis\u00e9e et des espaces de r\u00e9union visuellement impeccables, exempts d&rsquo;un d\u00e9sordre excessif de c\u00e2bles.<br\/>Ensemble, cette solution a offert un environnement de collaboration stable et \u00e9volutif, prenant en charge \u00e0 la fois les mod\u00e8les de travail en pr\u00e9sentiel et hybrides.<\/p><\/div><\/div><\/section>\n\n\n\n<section class=\"wp-block-lindy-parallax-hero section parallax-hero theme--light align--left  font--size-medium\" style=\"background-image:url(https:\/\/lindy.com\/fr\/wp-content\/uploads\/sites\/4\/2025\/07\/FR_Neat_Icon.png)\"><div class=\"contained contained--full-width\"><div class=\"parallax-hero__content\"><div class=\"parallax-hero__content-wrapper align--left\"><\/div><\/div><\/div><\/section>\n\n\n\n<section class=\"wp-block-lindy-image-text-module section section--full-width-image full-width-image--with-text theme--light section--animation-none align--center  font--size-medium\" style=\"background-image:url()\"><img decoding=\"async\" class=\"full-width-image__image\" src=\"\"\/><div class=\"contained\"><div class=\"full-width-image__content\"><h2 class=\"section__heading\"><span>CONCLUSION &amp; POINTS \u00c0 RETENIR<\/span><\/h2><p class=\"section__paragraph\"><br\/>Ce projet illustre parfaitement comment les forces combin\u00e9es de Neat et Lindy peuvent r\u00e9soudre des d\u00e9fis complexes d&rsquo;int\u00e9gration AV gr\u00e2ce \u00e0 des solutions \u00e9l\u00e9gantes et fiables. Ce partenariat met en lumi\u00e8re une philosophie de conception partag\u00e9e, ax\u00e9e sur la performance, la simplicit\u00e9 et la facilit\u00e9 d&rsquo;utilisation \u2013 des qualit\u00e9s qui se traduisent par un impact concret dans les environnements de travail modernes.<\/p><\/div><\/div><\/section>\n\n\n\n<section class=\"wp-block-lindy-image-text-module section section--full-width-image full-width-image--with-text theme--dark section--animation-none align--left  font--size-medium width--half\" style=\"background-image:url(https:\/\/lindy.com\/eu\/wp-content\/uploads\/sites\/10\/2025\/07\/Mock-up-case-sudy-Neat.jpg)\"><img decoding=\"async\" class=\"full-width-image__image\" src=\"https:\/\/lindy.com\/eu\/wp-content\/uploads\/sites\/10\/2025\/07\/Mock-up-case-sudy-Neat.jpg\"\/><div class=\"contained\"><div class=\"full-width-image__content\"><\/div><\/div><\/section>\n\n\n\n<section class=\"wp-block-lindy-image-text-module section section--full-width-image full-width-image--with-text theme--dark section--animation-none align--center  font--size-small width--half\" style=\"background-image:url()\"><img decoding=\"async\" class=\"full-width-image__image\" src=\"\"\/><div class=\"contained\"><div class=\"full-width-image__content\"><h2 class=\"section__subheading section__subheading__title\"><br\/>Vous avez trouv\u00e9 cette \u00e9tude de cas instructive ?<\/h2><p class=\"section__paragraph\"><br\/><strong><strong>Conservez-la en un clic<\/strong><\/strong><\/p><a href=\"https:\/\/lindy.com\/fr\/wp-content\/uploads\/sites\/4\/2025\/09\/Lindy-x-Neat-Application-Case-Study-FR.pdf\" class=\"button button--white-transparent\" target=\"_blank\" rel=\"noopener noreferrer\">\ud83d\udce5 T\u00c9L\u00c9CHARGER LA VERSION PDF<\/a><\/div><\/div><\/section>\n","protected":false},"excerpt":{"rendered":"","protected":false},"author":28,"featured_media":0,"parent":0,"menu_order":0,"comment_status":"closed","ping_status":"closed","template":"page-templates\/template-landing.php","meta":{"_acf_changed":false,"footnotes":""},"class_list":["post-5932","page","type-page","status-publish","hentry"],"acf":[],"yoast_head":"<!-- This site is optimized with the Yoast SEO plugin v26.6 - https:\/\/yoast.com\/wordpress\/plugins\/seo\/ -->\n<title>\u00c9TUDE DE CAS NEAT APPLICATION - Lindy - French<\/title>\n<meta name=\"robots\" content=\"index, follow, max-snippet:-1, max-image-preview:large, max-video-preview:-1\" \/>\n<link rel=\"canonical\" href=\"https:\/\/lindy.com\/fr\/etude-de-cas-neat-application\/\" \/>\n<meta property=\"og:locale\" content=\"fr_FR\" \/>\n<meta property=\"og:type\" content=\"article\" \/>\n<meta property=\"og:title\" content=\"\u00c9TUDE DE CAS NEAT APPLICATION - Lindy - French\" \/>\n<meta property=\"og:url\" content=\"https:\/\/lindy.com\/fr\/etude-de-cas-neat-application\/\" \/>\n<meta property=\"og:site_name\" content=\"Lindy - French\" \/>\n<meta property=\"article:modified_time\" content=\"2025-09-23T07:04:48+00:00\" \/>\n<meta property=\"og:image\" content=\"https:\/\/lindy.com\/eu\/wp-content\/uploads\/sites\/10\/2025\/07\/Header-Neat-Landing-page.jpg\" \/>\n<meta name=\"twitter:card\" content=\"summary_large_image\" \/>\n<meta name=\"twitter:label1\" content=\"Dur\u00e9e de lecture estim\u00e9e\" \/>\n\t<meta name=\"twitter:data1\" content=\"8 minutes\" \/>\n<script type=\"application\/ld+json\" class=\"yoast-schema-graph\">{\"@context\":\"https:\/\/schema.org\",\"@graph\":[{\"@type\":\"WebPage\",\"@id\":\"https:\/\/lindy.com\/fr\/etude-de-cas-neat-application\/\",\"url\":\"https:\/\/lindy.com\/fr\/etude-de-cas-neat-application\/\",\"name\":\"\u00c9TUDE DE CAS NEAT APPLICATION - Lindy - French\",\"isPartOf\":{\"@id\":\"https:\/\/lindy.com\/fr\/#website\"},\"primaryImageOfPage\":{\"@id\":\"https:\/\/lindy.com\/fr\/etude-de-cas-neat-application\/#primaryimage\"},\"image\":{\"@id\":\"https:\/\/lindy.com\/fr\/etude-de-cas-neat-application\/#primaryimage\"},\"thumbnailUrl\":\"https:\/\/lindy.com\/eu\/wp-content\/uploads\/sites\/10\/2025\/07\/Header-Neat-Landing-page.jpg\",\"datePublished\":\"2025-07-21T07:03:45+00:00\",\"dateModified\":\"2025-09-23T07:04:48+00:00\",\"breadcrumb\":{\"@id\":\"https:\/\/lindy.com\/fr\/etude-de-cas-neat-application\/#breadcrumb\"},\"inLanguage\":\"fr-FR\",\"potentialAction\":[{\"@type\":\"ReadAction\",\"target\":[\"https:\/\/lindy.com\/fr\/etude-de-cas-neat-application\/\"]}]},{\"@type\":\"ImageObject\",\"inLanguage\":\"fr-FR\",\"@id\":\"https:\/\/lindy.com\/fr\/etude-de-cas-neat-application\/#primaryimage\",\"url\":\"https:\/\/lindy.com\/eu\/wp-content\/uploads\/sites\/10\/2025\/07\/Header-Neat-Landing-page.jpg\",\"contentUrl\":\"https:\/\/lindy.com\/eu\/wp-content\/uploads\/sites\/10\/2025\/07\/Header-Neat-Landing-page.jpg\"},{\"@type\":\"BreadcrumbList\",\"@id\":\"https:\/\/lindy.com\/fr\/etude-de-cas-neat-application\/#breadcrumb\",\"itemListElement\":[{\"@type\":\"ListItem\",\"position\":1,\"name\":\"Home\",\"item\":\"https:\/\/lindy.com\/fr\/\"},{\"@type\":\"ListItem\",\"position\":2,\"name\":\"\u00c9TUDE DE CAS NEAT APPLICATION\"}]},{\"@type\":\"WebSite\",\"@id\":\"https:\/\/lindy.com\/fr\/#website\",\"url\":\"https:\/\/lindy.com\/fr\/\",\"name\":\"Lindy - French\",\"description\":\"Connection Perfection\",\"potentialAction\":[{\"@type\":\"SearchAction\",\"target\":{\"@type\":\"EntryPoint\",\"urlTemplate\":\"https:\/\/lindy.com\/fr\/?s={search_term_string}\"},\"query-input\":{\"@type\":\"PropertyValueSpecification\",\"valueRequired\":true,\"valueName\":\"search_term_string\"}}],\"inLanguage\":\"fr-FR\"}]}<\/script>\n<!-- \/ Yoast SEO plugin. -->","yoast_head_json":{"title":"\u00c9TUDE DE CAS NEAT APPLICATION - Lindy - French","robots":{"index":"index","follow":"follow","max-snippet":"max-snippet:-1","max-image-preview":"max-image-preview:large","max-video-preview":"max-video-preview:-1"},"canonical":"https:\/\/lindy.com\/fr\/etude-de-cas-neat-application\/","og_locale":"fr_FR","og_type":"article","og_title":"\u00c9TUDE DE CAS NEAT APPLICATION - Lindy - French","og_url":"https:\/\/lindy.com\/fr\/etude-de-cas-neat-application\/","og_site_name":"Lindy - French","article_modified_time":"2025-09-23T07:04:48+00:00","og_image":[{"url":"https:\/\/lindy.com\/eu\/wp-content\/uploads\/sites\/10\/2025\/07\/Header-Neat-Landing-page.jpg","type":"","width":"","height":""}],"twitter_card":"summary_large_image","twitter_misc":{"Dur\u00e9e de lecture estim\u00e9e":"8 minutes"},"schema":{"@context":"https:\/\/schema.org","@graph":[{"@type":"WebPage","@id":"https:\/\/lindy.com\/fr\/etude-de-cas-neat-application\/","url":"https:\/\/lindy.com\/fr\/etude-de-cas-neat-application\/","name":"\u00c9TUDE DE CAS NEAT APPLICATION - Lindy - French","isPartOf":{"@id":"https:\/\/lindy.com\/fr\/#website"},"primaryImageOfPage":{"@id":"https:\/\/lindy.com\/fr\/etude-de-cas-neat-application\/#primaryimage"},"image":{"@id":"https:\/\/lindy.com\/fr\/etude-de-cas-neat-application\/#primaryimage"},"thumbnailUrl":"https:\/\/lindy.com\/eu\/wp-content\/uploads\/sites\/10\/2025\/07\/Header-Neat-Landing-page.jpg","datePublished":"2025-07-21T07:03:45+00:00","dateModified":"2025-09-23T07:04:48+00:00","breadcrumb":{"@id":"https:\/\/lindy.com\/fr\/etude-de-cas-neat-application\/#breadcrumb"},"inLanguage":"fr-FR","potentialAction":[{"@type":"ReadAction","target":["https:\/\/lindy.com\/fr\/etude-de-cas-neat-application\/"]}]},{"@type":"ImageObject","inLanguage":"fr-FR","@id":"https:\/\/lindy.com\/fr\/etude-de-cas-neat-application\/#primaryimage","url":"https:\/\/lindy.com\/eu\/wp-content\/uploads\/sites\/10\/2025\/07\/Header-Neat-Landing-page.jpg","contentUrl":"https:\/\/lindy.com\/eu\/wp-content\/uploads\/sites\/10\/2025\/07\/Header-Neat-Landing-page.jpg"},{"@type":"BreadcrumbList","@id":"https:\/\/lindy.com\/fr\/etude-de-cas-neat-application\/#breadcrumb","itemListElement":[{"@type":"ListItem","position":1,"name":"Home","item":"https:\/\/lindy.com\/fr\/"},{"@type":"ListItem","position":2,"name":"\u00c9TUDE DE CAS NEAT APPLICATION"}]},{"@type":"WebSite","@id":"https:\/\/lindy.com\/fr\/#website","url":"https:\/\/lindy.com\/fr\/","name":"Lindy - French","description":"Connection Perfection","potentialAction":[{"@type":"SearchAction","target":{"@type":"EntryPoint","urlTemplate":"https:\/\/lindy.com\/fr\/?s={search_term_string}"},"query-input":{"@type":"PropertyValueSpecification","valueRequired":true,"valueName":"search_term_string"}}],"inLanguage":"fr-FR"}]}},"_links":{"self":[{"href":"https:\/\/lindy.com\/fr\/wp-json\/wp\/v2\/pages\/5932","targetHints":{"allow":["GET"]}}],"collection":[{"href":"https:\/\/lindy.com\/fr\/wp-json\/wp\/v2\/pages"}],"about":[{"href":"https:\/\/lindy.com\/fr\/wp-json\/wp\/v2\/types\/page"}],"author":[{"embeddable":true,"href":"https:\/\/lindy.com\/fr\/wp-json\/wp\/v2\/users\/28"}],"replies":[{"embeddable":true,"href":"https:\/\/lindy.com\/fr\/wp-json\/wp\/v2\/comments?post=5932"}],"version-history":[{"count":9,"href":"https:\/\/lindy.com\/fr\/wp-json\/wp\/v2\/pages\/5932\/revisions"}],"predecessor-version":[{"id":6102,"href":"https:\/\/lindy.com\/fr\/wp-json\/wp\/v2\/pages\/5932\/revisions\/6102"}],"wp:attachment":[{"href":"https:\/\/lindy.com\/fr\/wp-json\/wp\/v2\/media?parent=5932"}],"curies":[{"name":"wp","href":"https:\/\/api.w.org\/{rel}","templated":true}]}}