{"id":6115,"date":"2025-09-30T13:16:30","date_gmt":"2025-09-30T13:16:30","guid":{"rendered":"https:\/\/lindy.com\/fr\/?page_id=6115"},"modified":"2025-09-30T13:16:31","modified_gmt":"2025-09-30T13:16:31","slug":"etude-de-cas-foro-italico","status":"publish","type":"page","link":"https:\/\/lindy.com\/fr\/etude-de-cas-foro-italico\/","title":{"rendered":"\u00c9TUDE DE CAS FORO ITALICO"},"content":{"rendered":"\n<section class=\"wp-block-lindy-image-text-module section section--full-width-image full-width-image--with-text theme--dark section--animation-none align--center  font--size-large\" style=\"background-image:url(https:\/\/lindy.com\/eu\/wp-content\/uploads\/sites\/10\/2025\/09\/Main-image.jpg)\"><img decoding=\"async\" class=\"full-width-image__image\" src=\"https:\/\/lindy.com\/eu\/wp-content\/uploads\/sites\/10\/2025\/09\/Main-image.jpg\"\/><div class=\"contained\"><div class=\"full-width-image__content\"><h2 class=\"section__heading\"><span>GRANDe AR\u00c8NE GRANDE VUE<\/span><\/h2><h2 class=\"section__subheading section__subheading__title\">PROPULS\u00c9 PAR LINDY<\/h2><\/div><\/div><\/section>\n\n\n\n<section class=\"wp-block-lindy-heading-text section section--heading-text theme--light align--center font--camber font--size-medium section--animation-none\"><div class=\"contained\"><h2 class=\"section__subheading section__subheading__title\"><br\/>DE LA SALLE DE CONTR\u00d4LE AU TERRAIN \u2013 TOUJOURS SYNCHRONIS\u00c9S<\/h2><\/div><\/section>\n\n\n\n<section class=\"wp-block-lindy-key-info section section--key-info theme--light section--animation-none\"><div class=\"contained\"><div class=\"grid-2_sm-1-center\"><div class=\"col left_item\"><div class=\"box\"><h3 class=\"section__heading\"><\/h3><div class=\"section__content\"><p class=\"section__content\">Stage Sound &amp; Light, sp\u00e9cialiste des technologies \u00e9v\u00e9nementielles, a modernis\u00e9 l\u2019infrastructure visuelle de la Grand Stand Arena, au coeur du Foro Italico de Rome. Avec une capacit\u00e9 de 10 500 spectateurs, cette ar\u00e8ne est le deuxi\u00e8me court le plus important du complexe et un lieu cl\u00e9 du prestigieux tournoi de tennis Internazionali BNL d\u2019Italia, qui se d\u00e9roule chaque mois de mai \u00e0 Rome.<\/p><\/div><\/div><\/div><div class=\"col right_item\"><div class=\"box\"><h3 class=\"section__heading\"><\/h3><div class=\"section__content\"><p class=\"section__content\">Pour offrir une exp\u00e9rience optimale aux spectateurs, l\u2019ar\u00e8ne n\u00e9cessitait une solution performante pour piloter deux grands murs LED et garantir une immersion totale. Gr\u00e2ce \u00e0 l\u2019expertise de Lindy en connectivit\u00e9 professionnelle, Stage Sound &amp; Light a d\u00e9ploy\u00e9 un syst\u00e8me assurant une image nette, une lecture synchronis\u00e9e et une fiabilit\u00e9 \u00e0 longue distance \u2014 indispensables dans un lieu sportif aussi prestigieux.<\/p><\/div><\/div><\/div><\/div><\/div><\/section>\n\n\n\n<section class=\"wp-block-lindy-image-text-module section section--full-width-image full-width-image--with-text theme--dark section--animation-none align--left  font--size-medium width--half\" style=\"background-image:url(https:\/\/lindy.com\/eu\/wp-content\/uploads\/sites\/10\/2025\/09\/Challenge-with-led.jpg)\"><img decoding=\"async\" class=\"full-width-image__image\" src=\"https:\/\/lindy.com\/eu\/wp-content\/uploads\/sites\/10\/2025\/09\/Challenge-with-led.jpg\"\/><div class=\"contained\"><div class=\"full-width-image__content\"><\/div><\/div><\/section>\n\n\n\n<section class=\"wp-block-lindy-image-text-module section section--full-width-image full-width-image--with-text theme--dark section--animation-none align--left  font--size-medium width--half\" style=\"background-image:url()\"><img decoding=\"async\" class=\"full-width-image__image\" src=\"\"\/><div class=\"contained\"><div class=\"full-width-image__content\"><h2 class=\"section__heading\"><span>LE D\u00c9FI<\/span><\/h2><p class=\"section__paragraph\"><br\/>Le projet n\u00e9cessitait un syst\u00e8me capable de g\u00e9rer un signal de diffusion sur de longues distances, reliant une r\u00e9gie externe \u00e0 l\u2019infrastructure AV interne de la Grand Stand Arena. Il devait aussi prendre en charge deux murs LED plac\u00e9s de chaque c\u00f4t\u00e9 du court, afin d\u2019offrir aux spectateurs une exp\u00e9rience synchronis\u00e9e et homog\u00e8ne sous tous les angles.<br\/>Accueillant des tournois internationaux sous l\u2019attention du monde entier, l\u2019ar\u00e8ne avait besoin d\u2019une installation d\u2019une fiabilit\u00e9 irr\u00e9prochable, sans interruption ni perte de signal. Elle devait \u00e9galement \u00eatre \u00e9volutive et p\u00e9renne pour r\u00e9pondre aux nombreux \u00e9v\u00e9nements organis\u00e9s au Foro Italico.<\/p><\/div><\/div><\/section>\n\n\n\n<section class=\"wp-block-lindy-image-text-module section section--full-width-image full-width-image--with-text theme--light section--animation-none align--left  font--size-medium width--half\" style=\"background-image:url()\"><img decoding=\"async\" class=\"full-width-image__image\" src=\"\"\/><div class=\"contained\"><div class=\"full-width-image__content\"><h2 class=\"section__heading\"><span>la solution de lindy<\/span><\/h2><p class=\"section__paragraph\"><br\/>Pour r\u00e9pondre \u00e0 ces besoins, Stage Sound &amp; Light a d\u00e9ploy\u00e9 un extender HDMI\u00ae 4K60 professionnel Lindy (n\u00b0 38174) avec IR, RS232 et audio sur fibre optique. Un lien en fibre optique de 250 m a transport\u00e9 le signal depuis la r\u00e9gie externe jusqu\u2019au stade, o\u00f9 il a \u00e9t\u00e9 distribu\u00e9 au premier mur LED. L\u2019extender a ensuite cr\u00e9\u00e9 une boucle continue vers le second mur, assurant une synchronisation parfaite entre les deux \u00e9crans. En maintenant des performances 4K stables sans perte de qualit\u00e9, la solution Lindy a offert la robustesse et la fiabilit\u00e9 indispensables pour des \u00e9v\u00e9nements sportifs internationaux en direct.<\/p><\/div><\/div><\/section>\n\n\n\n<section class=\"wp-block-lindy-image-text-module section section--full-width-image full-width-image--with-text theme--light section--animation-none align--left  font--size-medium width--half\" style=\"background-image:url(https:\/\/lindy.com\/eu\/wp-content\/uploads\/sites\/10\/2025\/09\/AV-Extender-Range_without-backrgound-2.png)\"><img decoding=\"async\" class=\"full-width-image__image\" src=\"https:\/\/lindy.com\/eu\/wp-content\/uploads\/sites\/10\/2025\/09\/AV-Extender-Range_without-backrgound-2.png\"\/><div class=\"contained\"><div class=\"full-width-image__content\"><\/div><\/div><\/section>\n\n\n\n<section class=\"wp-block-lindy-image-text-module section section--full-width-image full-width-image--with-text theme--dark section--animation-none align--left  font--size-medium width--half\" style=\"background-image:url(https:\/\/lindy.com\/eu\/wp-content\/uploads\/sites\/10\/2025\/09\/PHOTO-2025-04-28-11-23-42_3.jpg)\"><img decoding=\"async\" class=\"full-width-image__image\" src=\"https:\/\/lindy.com\/eu\/wp-content\/uploads\/sites\/10\/2025\/09\/PHOTO-2025-04-28-11-23-42_3.jpg\"\/><div class=\"contained\"><div class=\"full-width-image__content\"><\/div><\/div><\/section>\n\n\n\n<section class=\"wp-block-lindy-image-text-module section section--full-width-image full-width-image--with-text theme--dark section--animation-none align--left  font--size-medium width--half\" style=\"background-image:url()\"><img decoding=\"async\" class=\"full-width-image__image\" src=\"\"\/><div class=\"contained\"><div class=\"full-width-image__content\"><h2 class=\"section__heading\"><span>RAPPROCHER CHAQUE SI\u00c8GE DE L\u2019ACTION\u2026<\/span><\/h2><p class=\"section__paragraph\"><br\/><strong>KIT EXTENDER FIBRE OPTIQUE HDMI\u00ae 4K60,<br\/>IR, RS232 &amp; AUDIO &#8211; No. 38174<\/strong><br\/><br\/>&#8211; Qualit\u00e9 vid\u00e9o 4K60 UHD (4:4:4) pour des images d\u2019une clart\u00e9 exceptionnelle<br\/>&#8211; Extension HDMI\u00ae jusqu\u2019\u00e0 300 m (multimode) ou 1000 m (monomode) sur fibre LC<br\/>&#8211; IR et RS-232 bidirectionnels pour un contr\u00f4le \u00e0 distance complet<br\/>&#8211; Int\u00e9gration et extraction audio avec prise en charge multicanal<br\/>&#8211; Gestion EDID et boucle de sortie du transmetteur pour une surveillance locale<br\/>&#8211; Compatible HDCP 2.2\/1.4 pour le contenu prot\u00e9g\u00e9<br\/>&#8211; Construction robuste avec connexions s\u00e9curis\u00e9es pour des installations fiables<\/p><a href=\"https:\/\/www.lindy.fr\/.htm?websale8=ld0101.ld031103&amp;pi=38174&amp;ci=20\" class=\"button button--white-transparent\" target=\"_blank\" rel=\"noopener noreferrer\">d\u00c9couvrir<\/a><\/div><\/div><\/section>\n\n\n\n<section class=\"wp-block-lindy-parallax-hero section parallax-hero theme--dark align--left font--camber font--size-medium\" style=\"background-image:url(https:\/\/lindy.com\/eu\/wp-content\/uploads\/sites\/10\/2025\/09\/Foro-Italico-Testimonial.jpg)\"><div class=\"contained contained--full-width\"><div class=\"parallax-hero__content\"><div class=\"parallax-hero__content-wrapper align--left\"><h2 class=\"section__subheading section__subheading__title\">\u00ab\u00a0Lindy nous a offert la fiabilit\u00e9 et les performances n\u00e9cessaires pour offrir une exp\u00e9rience irr\u00e9prochable \u00e0 plus de 10 000 spectateurs.\u201d<\/h2><p class=\"section__paragraph\"><br\/>Michele Innocenzi, Fondateur de STAGE Sound &amp; Light SNC<\/p><\/div><\/div><\/div><\/section>\n\n\n\n<p><\/p>\n\n\n\n<section class=\"wp-block-lindy-image-text-module section section--full-width-image full-width-image--with-text theme--dark section--animation-none align--center  font--size-medium\" style=\"background-image:url()\"><img decoding=\"async\" class=\"full-width-image__image\" src=\"\"\/><div class=\"contained\"><div class=\"full-width-image__content\"><h2 class=\"section__heading\"><span>R\u00c9SULTATS ET AVANTAGES<\/span><\/h2><p class=\"section__paragraph\"><br\/>La solution extender de Lindy a permis une transmission stable du signal 4K sur 250 m de fibre, reliant la r\u00e9gie externe \u00e0 deux murs LED synchronis\u00e9s de 6 m \u00d7 3,5 m. Pendant les Internazionali BNL d\u2019Italia, le syst\u00e8me a offert des images impeccables et ininterrompues \u00e0 plus de 10 500 spectateurs dans la Grand Stand Arena. Malgr\u00e9 les exigences \u00e9lev\u00e9es d\u2019un tournoi international en direct, l\u2019installation temporaire a fonctionn\u00e9 avec une fiabilit\u00e9 totale, garantissant \u00e0 chaque fan une exp\u00e9rience visuelle fluide.<\/p><\/div><\/div><\/section>\n\n\n\n<section class=\"wp-block-lindy-key-info section section--key-info theme--light section--animation-none\"><div class=\"contained\"><div class=\"grid-2_sm-1-center\"><div class=\"col left_item\"><div class=\"box\"><h3 class=\"section__heading\">R\u00e9sultats quantitatifs<\/h3><div class=\"section__content\"><p class=\"section__content\">Stabilit\u00e9 du signal : Z\u00e9ro erreur de transmission sur les 250 m de liaison.<br\/><br\/>Lecture synchronis\u00e9e : Images parfaitement reproduites sur les deux murs LED.<br\/><br\/>Port\u00e9e pour le public : Visibilit\u00e9 claire pour plus de 10 000 spectateurs dans l\u2019ar\u00e8ne.<\/p><\/div><\/div><\/div><div class=\"col right_item\"><div class=\"box\"><h3 class=\"section__heading\">R\u00e9sultats qualitatifs<\/h3><div class=\"section__content\"><p class=\"section__content\">Fiabilit\u00e9 sous pression : Performance sans faille lors des grands \u00e9v\u00e9nements.<br\/><br\/>Exp\u00e9rience am\u00e9lior\u00e9e : Visibilit\u00e9 optimale depuis chaque si\u00e8ge.<br\/><br\/>Partenariat de confiance : Fiabilit\u00e9 \u00e9prouv\u00e9e de Lindy en AV live.<\/p><\/div><\/div><\/div><\/div><\/div><\/section>\n\n\n\n<section class=\"wp-block-lindy-parallax-hero section parallax-hero theme--light align--left  font--size-medium\" style=\"background-image:url(https:\/\/lindy.com\/fr\/wp-content\/uploads\/sites\/4\/2025\/09\/FR_Foro-Italico_Icon.png)\"><div class=\"contained contained--full-width\"><div class=\"parallax-hero__content\"><div class=\"parallax-hero__content-wrapper align--left\"><\/div><\/div><\/div><\/section>\n\n\n\n<section class=\"wp-block-lindy-heading-text section section--heading-text theme--light align--center  font--size-medium section--animation-none\"><div class=\"contained\"><h2 class=\"section__heading\"><span>CONCLUSIONS ET POINTS \u00c0 RETENIR<\/span><\/h2><\/div><\/section>\n\n\n\n<section class=\"wp-block-lindy-key-info section section--key-info theme--light section--animation-none\"><div class=\"contained\"><div class=\"grid-2_sm-1-center\"><div class=\"col left_item\"><div class=\"box\"><h3 class=\"section__heading\">r\u00c9ussite du projet<\/h3><div class=\"section__content\"><p class=\"section__content\">La collaboration entre Stage Sound &amp; Light et Lindy a permis de r\u00e9aliser une installation AV de classe mondiale \u00e0 la Grand Stand Arena. Cette solution illustre comment une connectivit\u00e9 fiable peut transformer l\u2019exp\u00e9rience des spectateurs dans des sites sportifs embl\u00e9matiques.<\/p><\/div><\/div><\/div><div class=\"col right_item\"><div class=\"box\"><h3 class=\"section__heading\">aper\u00c7u de l&rsquo;industrie<\/h3><div class=\"section__content\"><p class=\"section__content\">\u00c0 mesure que les stades et ar\u00e8nes \u00e9voluent pour accueillir des \u00e9v\u00e9nements de plus en plus internationaux, une connectivit\u00e9 AV durable et performante devient essentielle pour garantir une exp\u00e9rience fluide et de haute qualit\u00e9 \u00e0 chaque spectateur.<\/p><\/div><\/div><\/div><\/div><\/div><\/section>\n\n\n\n<section class=\"wp-block-lindy-image-text-module section section--full-width-image full-width-image--with-text theme--dark section--animation-none align--left  font--size-medium width--half\" style=\"background-image:url(https:\/\/lindy.com\/eu\/wp-content\/uploads\/sites\/10\/2025\/09\/Mock-up-case-sudy-Foro-italico.jpg)\"><img decoding=\"async\" class=\"full-width-image__image\" src=\"https:\/\/lindy.com\/eu\/wp-content\/uploads\/sites\/10\/2025\/09\/Mock-up-case-sudy-Foro-italico.jpg\"\/><div class=\"contained\"><div class=\"full-width-image__content\"><\/div><\/div><\/section>\n\n\n\n<section class=\"wp-block-lindy-image-text-module section section--full-width-image full-width-image--with-text theme--dark section--animation-none align--center  font--size-small width--half\" style=\"background-image:url()\"><img decoding=\"async\" class=\"full-width-image__image\" src=\"\"\/><div class=\"contained\"><div class=\"full-width-image__content\"><h2 class=\"section__subheading section__subheading__title\">Vous avez trouv\u00e9 cette \u00e9tude de cas instructive ?<\/h2><p class=\"section__paragraph\"><br\/><strong><strong><strong>Conservez-la en un clic<\/strong><\/strong><\/strong><\/p><a href=\"https:\/\/lindy.com\/fr\/wp-content\/uploads\/sites\/4\/2025\/09\/Lindy-x-Foro-Italico-Case-Study-FR.pdf\" class=\"button button--white-transparent\" target=\"_blank\" rel=\"noopener noreferrer\">\ud83d\udce5 !t\u00e9l\u00e9charger la version pdf<\/a><\/div><\/div><\/section>\n\n\n","protected":false},"excerpt":{"rendered":"","protected":false},"author":28,"featured_media":0,"parent":0,"menu_order":0,"comment_status":"closed","ping_status":"closed","template":"page-templates\/template-landing.php","meta":{"_acf_changed":false,"footnotes":""},"class_list":["post-6115","page","type-page","status-publish","hentry"],"acf":[],"yoast_head":"<!-- This site is optimized with the Yoast SEO plugin v26.6 - https:\/\/yoast.com\/wordpress\/plugins\/seo\/ -->\n<title>\u00c9TUDE DE CAS FORO ITALICO - Lindy - French<\/title>\n<meta name=\"robots\" content=\"index, follow, max-snippet:-1, max-image-preview:large, max-video-preview:-1\" \/>\n<link rel=\"canonical\" href=\"https:\/\/lindy.com\/fr\/etude-de-cas-foro-italico\/\" \/>\n<meta property=\"og:locale\" content=\"fr_FR\" \/>\n<meta property=\"og:type\" content=\"article\" \/>\n<meta property=\"og:title\" content=\"\u00c9TUDE DE CAS FORO ITALICO - Lindy - French\" \/>\n<meta property=\"og:url\" content=\"https:\/\/lindy.com\/fr\/etude-de-cas-foro-italico\/\" \/>\n<meta property=\"og:site_name\" content=\"Lindy - French\" \/>\n<meta property=\"article:modified_time\" content=\"2025-09-30T13:16:31+00:00\" \/>\n<meta property=\"og:image\" content=\"https:\/\/lindy.com\/eu\/wp-content\/uploads\/sites\/10\/2025\/09\/Main-image.jpg\" \/>\n<meta name=\"twitter:card\" content=\"summary_large_image\" \/>\n<script type=\"application\/ld+json\" class=\"yoast-schema-graph\">{\"@context\":\"https:\/\/schema.org\",\"@graph\":[{\"@type\":\"WebPage\",\"@id\":\"https:\/\/lindy.com\/fr\/etude-de-cas-foro-italico\/\",\"url\":\"https:\/\/lindy.com\/fr\/etude-de-cas-foro-italico\/\",\"name\":\"\u00c9TUDE DE CAS FORO ITALICO - Lindy - French\",\"isPartOf\":{\"@id\":\"https:\/\/lindy.com\/fr\/#website\"},\"primaryImageOfPage\":{\"@id\":\"https:\/\/lindy.com\/fr\/etude-de-cas-foro-italico\/#primaryimage\"},\"image\":{\"@id\":\"https:\/\/lindy.com\/fr\/etude-de-cas-foro-italico\/#primaryimage\"},\"thumbnailUrl\":\"https:\/\/lindy.com\/eu\/wp-content\/uploads\/sites\/10\/2025\/09\/Main-image.jpg\",\"datePublished\":\"2025-09-30T13:16:30+00:00\",\"dateModified\":\"2025-09-30T13:16:31+00:00\",\"breadcrumb\":{\"@id\":\"https:\/\/lindy.com\/fr\/etude-de-cas-foro-italico\/#breadcrumb\"},\"inLanguage\":\"fr-FR\",\"potentialAction\":[{\"@type\":\"ReadAction\",\"target\":[\"https:\/\/lindy.com\/fr\/etude-de-cas-foro-italico\/\"]}]},{\"@type\":\"ImageObject\",\"inLanguage\":\"fr-FR\",\"@id\":\"https:\/\/lindy.com\/fr\/etude-de-cas-foro-italico\/#primaryimage\",\"url\":\"https:\/\/lindy.com\/eu\/wp-content\/uploads\/sites\/10\/2025\/09\/Main-image.jpg\",\"contentUrl\":\"https:\/\/lindy.com\/eu\/wp-content\/uploads\/sites\/10\/2025\/09\/Main-image.jpg\"},{\"@type\":\"BreadcrumbList\",\"@id\":\"https:\/\/lindy.com\/fr\/etude-de-cas-foro-italico\/#breadcrumb\",\"itemListElement\":[{\"@type\":\"ListItem\",\"position\":1,\"name\":\"Home\",\"item\":\"https:\/\/lindy.com\/fr\/\"},{\"@type\":\"ListItem\",\"position\":2,\"name\":\"\u00c9TUDE DE CAS FORO ITALICO\"}]},{\"@type\":\"WebSite\",\"@id\":\"https:\/\/lindy.com\/fr\/#website\",\"url\":\"https:\/\/lindy.com\/fr\/\",\"name\":\"Lindy - French\",\"description\":\"Connection Perfection\",\"potentialAction\":[{\"@type\":\"SearchAction\",\"target\":{\"@type\":\"EntryPoint\",\"urlTemplate\":\"https:\/\/lindy.com\/fr\/?s={search_term_string}\"},\"query-input\":{\"@type\":\"PropertyValueSpecification\",\"valueRequired\":true,\"valueName\":\"search_term_string\"}}],\"inLanguage\":\"fr-FR\"}]}<\/script>\n<!-- \/ Yoast SEO plugin. -->","yoast_head_json":{"title":"\u00c9TUDE DE CAS FORO ITALICO - Lindy - French","robots":{"index":"index","follow":"follow","max-snippet":"max-snippet:-1","max-image-preview":"max-image-preview:large","max-video-preview":"max-video-preview:-1"},"canonical":"https:\/\/lindy.com\/fr\/etude-de-cas-foro-italico\/","og_locale":"fr_FR","og_type":"article","og_title":"\u00c9TUDE DE CAS FORO ITALICO - Lindy - French","og_url":"https:\/\/lindy.com\/fr\/etude-de-cas-foro-italico\/","og_site_name":"Lindy - French","article_modified_time":"2025-09-30T13:16:31+00:00","og_image":[{"url":"https:\/\/lindy.com\/eu\/wp-content\/uploads\/sites\/10\/2025\/09\/Main-image.jpg","type":"","width":"","height":""}],"twitter_card":"summary_large_image","schema":{"@context":"https:\/\/schema.org","@graph":[{"@type":"WebPage","@id":"https:\/\/lindy.com\/fr\/etude-de-cas-foro-italico\/","url":"https:\/\/lindy.com\/fr\/etude-de-cas-foro-italico\/","name":"\u00c9TUDE DE CAS FORO ITALICO - Lindy - French","isPartOf":{"@id":"https:\/\/lindy.com\/fr\/#website"},"primaryImageOfPage":{"@id":"https:\/\/lindy.com\/fr\/etude-de-cas-foro-italico\/#primaryimage"},"image":{"@id":"https:\/\/lindy.com\/fr\/etude-de-cas-foro-italico\/#primaryimage"},"thumbnailUrl":"https:\/\/lindy.com\/eu\/wp-content\/uploads\/sites\/10\/2025\/09\/Main-image.jpg","datePublished":"2025-09-30T13:16:30+00:00","dateModified":"2025-09-30T13:16:31+00:00","breadcrumb":{"@id":"https:\/\/lindy.com\/fr\/etude-de-cas-foro-italico\/#breadcrumb"},"inLanguage":"fr-FR","potentialAction":[{"@type":"ReadAction","target":["https:\/\/lindy.com\/fr\/etude-de-cas-foro-italico\/"]}]},{"@type":"ImageObject","inLanguage":"fr-FR","@id":"https:\/\/lindy.com\/fr\/etude-de-cas-foro-italico\/#primaryimage","url":"https:\/\/lindy.com\/eu\/wp-content\/uploads\/sites\/10\/2025\/09\/Main-image.jpg","contentUrl":"https:\/\/lindy.com\/eu\/wp-content\/uploads\/sites\/10\/2025\/09\/Main-image.jpg"},{"@type":"BreadcrumbList","@id":"https:\/\/lindy.com\/fr\/etude-de-cas-foro-italico\/#breadcrumb","itemListElement":[{"@type":"ListItem","position":1,"name":"Home","item":"https:\/\/lindy.com\/fr\/"},{"@type":"ListItem","position":2,"name":"\u00c9TUDE DE CAS FORO ITALICO"}]},{"@type":"WebSite","@id":"https:\/\/lindy.com\/fr\/#website","url":"https:\/\/lindy.com\/fr\/","name":"Lindy - French","description":"Connection Perfection","potentialAction":[{"@type":"SearchAction","target":{"@type":"EntryPoint","urlTemplate":"https:\/\/lindy.com\/fr\/?s={search_term_string}"},"query-input":{"@type":"PropertyValueSpecification","valueRequired":true,"valueName":"search_term_string"}}],"inLanguage":"fr-FR"}]}},"_links":{"self":[{"href":"https:\/\/lindy.com\/fr\/wp-json\/wp\/v2\/pages\/6115","targetHints":{"allow":["GET"]}}],"collection":[{"href":"https:\/\/lindy.com\/fr\/wp-json\/wp\/v2\/pages"}],"about":[{"href":"https:\/\/lindy.com\/fr\/wp-json\/wp\/v2\/types\/page"}],"author":[{"embeddable":true,"href":"https:\/\/lindy.com\/fr\/wp-json\/wp\/v2\/users\/28"}],"replies":[{"embeddable":true,"href":"https:\/\/lindy.com\/fr\/wp-json\/wp\/v2\/comments?post=6115"}],"version-history":[{"count":6,"href":"https:\/\/lindy.com\/fr\/wp-json\/wp\/v2\/pages\/6115\/revisions"}],"predecessor-version":[{"id":6131,"href":"https:\/\/lindy.com\/fr\/wp-json\/wp\/v2\/pages\/6115\/revisions\/6131"}],"wp:attachment":[{"href":"https:\/\/lindy.com\/fr\/wp-json\/wp\/v2\/media?parent=6115"}],"curies":[{"name":"wp","href":"https:\/\/api.w.org\/{rel}","templated":true}]}}