{"id":6148,"date":"2025-10-06T08:56:13","date_gmt":"2025-10-06T08:56:13","guid":{"rendered":"https:\/\/lindy.com\/fr\/?page_id=6148"},"modified":"2025-10-08T07:52:35","modified_gmt":"2025-10-08T07:52:35","slug":"csr-packaging","status":"publish","type":"page","link":"https:\/\/lindy.com\/fr\/csr-packaging\/","title":{"rendered":"CSR &#8211; Packaging"},"content":{"rendered":"\n<section class=\"wp-block-lindy-full-width-image section section--full-width-image full-width-image theme--dark align--right font--size-large\" style=\"background-image:url(https:\/\/lindy.com\/en\/wp-content\/uploads\/sites\/2\/2024\/07\/AdobeStock_276327214-scaled.jpeg)\"><img decoding=\"async\" class=\"full-width-image__image\" src=\"https:\/\/lindy.com\/en\/wp-content\/uploads\/sites\/2\/2024\/07\/AdobeStock_276327214-scaled.jpeg\"\/><div class=\"contained\"><div class=\"full-width-image__content\"><h2 class=\"section__heading\"><span>Notre engagement en faveur du d\u00e9veloppement durable<\/span><\/h2><h2 class=\"section__subheading section__subheading__title\">Certifi\u00e9 GRS <br\/><em>Emballage recycl\u00e9<\/em><br\/><\/h2><p class=\"section__strapline\"><br\/>Ensemble pour un avenir plus durable<\/p><\/div><\/div><\/section>\n\n\n\n<section class=\"wp-block-lindy-image-text-module section section--full-width-image full-width-image--with-text theme--dark section--animation-none align--left  font--size-medium\" style=\"background-image:url()\"><img decoding=\"async\" class=\"full-width-image__image\" src=\"\"\/><div class=\"contained\"><div class=\"full-width-image__content\"><p class=\"section__paragraph\"><strong>Cette page dans d&rsquo;autres langues<\/strong><br\/><br\/>EU &#8211; <a href=\"https:\/\/lindy.com\/eu\/csr-packaging\/\" target=\"_blank\" rel=\"noreferrer noopener\">Discover our sustainable packaging<\/a><br\/><mark style=\"background-color:rgba(0, 0, 0, 0);color:#FFFFFF\" class=\"has-inline-color\">D<\/mark>E <mark style=\"background-color:rgba(0, 0, 0, 0);color:#FFFFFF\" class=\"has-inline-color\">&#8211; <a href=\"https:\/\/lindy.com\/de\/csr-packaging\/\" target=\"_blank\" rel=\"noreferrer noopener\">Entdecken Sie unsere nachhaltige Verpackung<\/a><\/mark><br\/>ES &#8211; <a href=\"https:\/\/lindy.com\/es\/csr-packaging\/\" target=\"_blank\" rel=\"noreferrer noopener\">Descubre nuestro embalaje sostenible<\/a><br\/>UK &#8211; <a href=\"https:\/\/lindy.com\/en\/packaging-info\/\">Discover our sustainable packaging<\/a><\/p><a href=\"https:\/\/lindy.com\/fr\/csr-foa\/#environment\" class=\"button button--white-transparent\" target=\"_self\" rel=\"noopener noreferrer\">Retour<\/a><\/div><\/div><\/section>\n\n\n\n<section class=\"wp-block-lindy-parallax-hero section parallax-hero theme--light align--center  font--size-medium\" style=\"background-image:url(https:\/\/lindy.com\/de\/wp-content\/uploads\/sites\/3\/2025\/08\/greenscreen_layer-1.png)\"><div class=\"contained contained--full-width\"><div class=\"parallax-hero__content\"><div class=\"parallax-hero__content-wrapper align--center\"><h2 class=\"section__heading\"><span><strong>POURQUOI UN EMBALLAGE RECYCL\u00c9<\/strong><\/span><\/h2><h2 class=\"section__subheading section__subheading__title\"><span style=\"color: inherit; font-size: 2.8125rem;\">CERTIFI\u00c9 GRS?<\/span><\/h2><p class=\"section__paragraph\"><br\/>Chez Lindy, nous nous engageons pour la durabilit\u00e9 et des pratiques d\u2019emballage responsables. Nos mat\u00e9riaux \u00e9cologiques sont con\u00e7us pour r\u00e9duire l\u2019impact environnemental, gr\u00e2ce \u00e0 l\u2019utilisation de mati\u00e8res recycl\u00e9es certifi\u00e9es, \u00e0 leur recyclabilit\u00e9 garantie et \u00e0 la promotion d\u2019une \u00e9conomie circulaire.<\/p><\/div><\/div><\/div><\/section>\n\n\n\n<hr class=\"wp-block-separator aligncenter has-alpha-channel-opacity is-style-default\"\/>\n\n\n\n<section class=\"wp-block-lindy-parallax-hero section parallax-hero theme--light align--left  font--size-medium\" style=\"background-image:url(https:\/\/lindy.com\/de\/wp-content\/uploads\/sites\/3\/2025\/08\/greenscreen.jpg)\"><div class=\"contained contained--full-width\"><div class=\"parallax-hero__content\"><div class=\"parallax-hero__content-wrapper align--left\"><\/div><\/div><\/div><\/section>\n\n\n\n<section class=\"wp-block-lindy-parallax-hero section parallax-hero theme--light align--center  font--size-small\" style=\"background-image:url(https:\/\/lindy.com\/de\/wp-content\/uploads\/sites\/3\/2025\/08\/greenscreen_layer-1.png)\"><div class=\"contained contained--full-width\"><div class=\"parallax-hero__content\"><div class=\"parallax-hero__content-wrapper align--center\"><h2 class=\"section__heading\"><span>certification<\/span><\/h2><h2 class=\"section__subheading section__subheading__title\"><strong><strong>Global Recycled Standard <\/strong><\/strong><\/h2><p class=\"section__paragraph\"><br\/><br\/>Nos sacs en poly\u00e9thyl\u00e8ne recycl\u00e9s sont certifi\u00e9s GRS et r\u00e9pondent \u00e0 des normes strictes sur les plans environnemental, social et chimique. Cette certification garantit que nos sacs sont fabriqu\u00e9s \u00e0 partir de mat\u00e9riaux recycl\u00e9s et respectent des pratiques de production responsables.<br\/><br\/><br\/><\/p><\/div><\/div><\/div><\/section>\n\n\n\n<section class=\"wp-block-lindy-image-text-module section section--full-width-image full-width-image--with-text theme--light section--animation-none align--left  font--size-small width--half\" style=\"background-image:url()\"><img decoding=\"async\" class=\"full-width-image__image\" src=\"\"\/><div class=\"contained\"><div class=\"full-width-image__content\"><h2 class=\"section__heading\"><span><br\/><br\/>MAT\u00c9RIAUX<\/span><\/h2><h2 class=\"section__subheading section__subheading__title\">\u00c9COLOGIQUE<\/h2><p class=\"section__paragraph\"><br\/>Nos sacs en poly\u00e9thyl\u00e8ne sont fabriqu\u00e9s \u00e0 partir de plastiques recycl\u00e9s collect\u00e9s apr\u00e8s usage par les consommateurs. Cela permet de r\u00e9duire les d\u00e9chets et de diminuer la demande en nouvelles mati\u00e8res. En choisissant des mat\u00e9riaux recycl\u00e9s, nous contribuons \u00e0 une \u00e9conomie circulaire, o\u00f9 les produits sont r\u00e9utilis\u00e9s et revaloris\u00e9s pour minimiser leur impact environnemental.<br\/><br\/><strong><mark style=\"background-color:rgba(0, 0, 0, 0)\" class=\"has-inline-color has-black-color\">Production durable<\/mark><\/strong><br\/>Le processus de production de nos sacs en poly\u00e9thyl\u00e8ne recycl\u00e9s est con\u00e7u pour r\u00e9duire la consommation d\u2019\u00e9nergie et les \u00e9missions de gaz \u00e0 effet de serre. Nous collaborons avec des fournisseurs partageant notre engagement en faveur de pratiques durables, garantissant que nos produits sont respectueux de l\u2019environnement de la fabrication \u00e0 l\u2019usage.<br\/><br\/><strong>Qualit\u00e9 et durabilit\u00e9<\/strong><br\/>Nos sacs en poly\u00e9thyl\u00e8ne sont fabriqu\u00e9s \u00e0 partir de plastiques recycl\u00e9s collect\u00e9s apr\u00e8s usage par les consommateurs. Cela permet de r\u00e9duire les d\u00e9chets et de diminuer la demande en nouvelles mati\u00e8res. En choisissant des mat\u00e9riaux recycl\u00e9s, nous contribuons \u00e0 une \u00e9conomie circulaire, o\u00f9 les produits sont r\u00e9utilis\u00e9s et revaloris\u00e9s pour minimiser leur impact environnemental.<\/p><\/div><\/div><\/section>\n\n\n\n<section class=\"wp-block-lindy-image-text-module section section--full-width-image full-width-image--with-text theme--light section--animation-none align--left  font--size-medium width--half\" style=\"background-image:url(https:\/\/lindy.com\/de\/wp-content\/uploads\/sites\/3\/2025\/09\/Polybags-Sustainability-scaled.jpg)\"><img decoding=\"async\" class=\"full-width-image__image\" src=\"https:\/\/lindy.com\/de\/wp-content\/uploads\/sites\/3\/2025\/09\/Polybags-Sustainability-scaled.jpg\"\/><div class=\"contained\"><div class=\"full-width-image__content\"><\/div><\/div><\/section>\n\n\n\n<section class=\"wp-block-lindy-parallax-hero section parallax-hero theme--dark align--left  font--size-medium\" style=\"background-image:url(https:\/\/lindy.com\/de\/wp-content\/uploads\/sites\/3\/2025\/09\/2025-05_Lindy-Sustainability-Strategy_Middle-East_China.pptx-2.png)\"><div class=\"contained contained--full-width\"><div class=\"parallax-hero__content\"><div class=\"parallax-hero__content-wrapper align--left\"><h2 class=\"section__heading\"><span><strong><h2><strong>Comment vous pouvez aider<\/strong><\/h2><\/strong><\/span><\/h2><p class=\"section__paragraph\"><strong>R\u00e9utiliser et recycler<\/strong><br\/>Nous vous encourageons \u00e0 r\u00e9utiliser nos sacs en poly\u00e9thyl\u00e8ne autant que possible. Lorsqu\u2019ils arrivent en fin de vie, merci de les recycler correctement afin qu\u2019ils continuent \u00e0 contribuer \u00e0 un avenir durable.<br\/><br\/><strong><strong><strong><strong>Partager l&rsquo;id\u00e9e<\/strong><\/strong><\/strong><\/strong><br\/>Partagez notre engagement en faveur du d\u00e9veloppement durable avec vos amis et votre famille. En choisissant des produits fabriqu\u00e9s \u00e0 partir de mat\u00e9riaux recycl\u00e9s, vous contribuez \u00e0 un monde plus vert et plus durable.<\/p><\/div><\/div><\/div><\/section>\n\n\n\n<section class=\"wp-block-lindy-image-text-module section section--full-width-image full-width-image--with-text theme--light section--animation-none align--center  font--size-medium\" style=\"background-image:url()\"><img decoding=\"async\" class=\"full-width-image__image\" src=\"\"\/><div class=\"contained\"><div class=\"full-width-image__content\"><h2 class=\"section__heading\"><span><strong><h2>Ensemble pour un avenir<span style=\"color: revert; font-size: 2.8125rem; font-weight: revert;\"> <br\/> plus durable !<\/span><\/h2><\/strong><\/span><\/h2><a href=\"https:\/\/lindy.com\/fr\/csr-foa\/#environment\" class=\"button button--dark\" target=\"_self\" rel=\"noopener noreferrer\">Retour<\/a><\/div><\/div><\/section>\n","protected":false},"excerpt":{"rendered":"","protected":false},"author":21,"featured_media":0,"parent":0,"menu_order":0,"comment_status":"closed","ping_status":"closed","template":"page-templates\/template-landing.php","meta":{"_acf_changed":false,"footnotes":""},"class_list":["post-6148","page","type-page","status-publish","hentry"],"acf":[],"yoast_head":"<!-- This site is optimized with the Yoast SEO plugin v26.6 - https:\/\/yoast.com\/wordpress\/plugins\/seo\/ -->\n<title>CSR - Packaging - Lindy - French<\/title>\n<meta name=\"description\" content=\"D\u00e9couvrez nos Certifi\u00e9 GRS Emballage recycl\u00e9. Durables, de haute qualit\u00e9 et respectueux de l\u2019environnement \u2013 pour un avenir plus vert.\" \/>\n<meta name=\"robots\" content=\"index, follow, max-snippet:-1, max-image-preview:large, max-video-preview:-1\" \/>\n<link rel=\"canonical\" href=\"https:\/\/lindy.com\/fr\/csr-packaging\/\" \/>\n<meta property=\"og:locale\" content=\"fr_FR\" \/>\n<meta property=\"og:type\" content=\"article\" \/>\n<meta property=\"og:title\" content=\"CSR - Packaging - Lindy - French\" \/>\n<meta property=\"og:description\" content=\"D\u00e9couvrez nos Certifi\u00e9 GRS Emballage recycl\u00e9. Durables, de haute qualit\u00e9 et respectueux de l\u2019environnement \u2013 pour un avenir plus vert.\" \/>\n<meta property=\"og:url\" content=\"https:\/\/lindy.com\/fr\/csr-packaging\/\" \/>\n<meta property=\"og:site_name\" content=\"Lindy - French\" \/>\n<meta property=\"article:modified_time\" content=\"2025-10-08T07:52:35+00:00\" \/>\n<meta property=\"og:image\" content=\"https:\/\/lindy.com\/en\/wp-content\/uploads\/sites\/2\/2024\/07\/AdobeStock_276327214-scaled.jpeg\" \/>\n<meta name=\"twitter:card\" content=\"summary_large_image\" \/>\n<meta name=\"twitter:label1\" content=\"Dur\u00e9e de lecture estim\u00e9e\" \/>\n\t<meta name=\"twitter:data1\" content=\"3 minutes\" \/>\n<script type=\"application\/ld+json\" class=\"yoast-schema-graph\">{\"@context\":\"https:\/\/schema.org\",\"@graph\":[{\"@type\":\"WebPage\",\"@id\":\"https:\/\/lindy.com\/fr\/csr-packaging\/\",\"url\":\"https:\/\/lindy.com\/fr\/csr-packaging\/\",\"name\":\"CSR - Packaging - Lindy - French\",\"isPartOf\":{\"@id\":\"https:\/\/lindy.com\/fr\/#website\"},\"primaryImageOfPage\":{\"@id\":\"https:\/\/lindy.com\/fr\/csr-packaging\/#primaryimage\"},\"image\":{\"@id\":\"https:\/\/lindy.com\/fr\/csr-packaging\/#primaryimage\"},\"thumbnailUrl\":\"https:\/\/lindy.com\/en\/wp-content\/uploads\/sites\/2\/2024\/07\/AdobeStock_276327214-scaled.jpeg\",\"datePublished\":\"2025-10-06T08:56:13+00:00\",\"dateModified\":\"2025-10-08T07:52:35+00:00\",\"description\":\"D\u00e9couvrez nos Certifi\u00e9 GRS Emballage recycl\u00e9. Durables, de haute qualit\u00e9 et respectueux de l\u2019environnement \u2013 pour un avenir plus vert.\",\"breadcrumb\":{\"@id\":\"https:\/\/lindy.com\/fr\/csr-packaging\/#breadcrumb\"},\"inLanguage\":\"fr-FR\",\"potentialAction\":[{\"@type\":\"ReadAction\",\"target\":[\"https:\/\/lindy.com\/fr\/csr-packaging\/\"]}]},{\"@type\":\"ImageObject\",\"inLanguage\":\"fr-FR\",\"@id\":\"https:\/\/lindy.com\/fr\/csr-packaging\/#primaryimage\",\"url\":\"https:\/\/lindy.com\/en\/wp-content\/uploads\/sites\/2\/2024\/07\/AdobeStock_276327214-scaled.jpeg\",\"contentUrl\":\"https:\/\/lindy.com\/en\/wp-content\/uploads\/sites\/2\/2024\/07\/AdobeStock_276327214-scaled.jpeg\"},{\"@type\":\"BreadcrumbList\",\"@id\":\"https:\/\/lindy.com\/fr\/csr-packaging\/#breadcrumb\",\"itemListElement\":[{\"@type\":\"ListItem\",\"position\":1,\"name\":\"Home\",\"item\":\"https:\/\/lindy.com\/fr\/\"},{\"@type\":\"ListItem\",\"position\":2,\"name\":\"CSR &#8211; Packaging\"}]},{\"@type\":\"WebSite\",\"@id\":\"https:\/\/lindy.com\/fr\/#website\",\"url\":\"https:\/\/lindy.com\/fr\/\",\"name\":\"Lindy - French\",\"description\":\"Connection Perfection\",\"potentialAction\":[{\"@type\":\"SearchAction\",\"target\":{\"@type\":\"EntryPoint\",\"urlTemplate\":\"https:\/\/lindy.com\/fr\/?s={search_term_string}\"},\"query-input\":{\"@type\":\"PropertyValueSpecification\",\"valueRequired\":true,\"valueName\":\"search_term_string\"}}],\"inLanguage\":\"fr-FR\"}]}<\/script>\n<!-- \/ Yoast SEO plugin. -->","yoast_head_json":{"title":"CSR - Packaging - Lindy - French","description":"D\u00e9couvrez nos Certifi\u00e9 GRS Emballage recycl\u00e9. Durables, de haute qualit\u00e9 et respectueux de l\u2019environnement \u2013 pour un avenir plus vert.","robots":{"index":"index","follow":"follow","max-snippet":"max-snippet:-1","max-image-preview":"max-image-preview:large","max-video-preview":"max-video-preview:-1"},"canonical":"https:\/\/lindy.com\/fr\/csr-packaging\/","og_locale":"fr_FR","og_type":"article","og_title":"CSR - Packaging - Lindy - French","og_description":"D\u00e9couvrez nos Certifi\u00e9 GRS Emballage recycl\u00e9. Durables, de haute qualit\u00e9 et respectueux de l\u2019environnement \u2013 pour un avenir plus vert.","og_url":"https:\/\/lindy.com\/fr\/csr-packaging\/","og_site_name":"Lindy - French","article_modified_time":"2025-10-08T07:52:35+00:00","og_image":[{"url":"https:\/\/lindy.com\/en\/wp-content\/uploads\/sites\/2\/2024\/07\/AdobeStock_276327214-scaled.jpeg","type":"","width":"","height":""}],"twitter_card":"summary_large_image","twitter_misc":{"Dur\u00e9e de lecture estim\u00e9e":"3 minutes"},"schema":{"@context":"https:\/\/schema.org","@graph":[{"@type":"WebPage","@id":"https:\/\/lindy.com\/fr\/csr-packaging\/","url":"https:\/\/lindy.com\/fr\/csr-packaging\/","name":"CSR - Packaging - Lindy - French","isPartOf":{"@id":"https:\/\/lindy.com\/fr\/#website"},"primaryImageOfPage":{"@id":"https:\/\/lindy.com\/fr\/csr-packaging\/#primaryimage"},"image":{"@id":"https:\/\/lindy.com\/fr\/csr-packaging\/#primaryimage"},"thumbnailUrl":"https:\/\/lindy.com\/en\/wp-content\/uploads\/sites\/2\/2024\/07\/AdobeStock_276327214-scaled.jpeg","datePublished":"2025-10-06T08:56:13+00:00","dateModified":"2025-10-08T07:52:35+00:00","description":"D\u00e9couvrez nos Certifi\u00e9 GRS Emballage recycl\u00e9. Durables, de haute qualit\u00e9 et respectueux de l\u2019environnement \u2013 pour un avenir plus vert.","breadcrumb":{"@id":"https:\/\/lindy.com\/fr\/csr-packaging\/#breadcrumb"},"inLanguage":"fr-FR","potentialAction":[{"@type":"ReadAction","target":["https:\/\/lindy.com\/fr\/csr-packaging\/"]}]},{"@type":"ImageObject","inLanguage":"fr-FR","@id":"https:\/\/lindy.com\/fr\/csr-packaging\/#primaryimage","url":"https:\/\/lindy.com\/en\/wp-content\/uploads\/sites\/2\/2024\/07\/AdobeStock_276327214-scaled.jpeg","contentUrl":"https:\/\/lindy.com\/en\/wp-content\/uploads\/sites\/2\/2024\/07\/AdobeStock_276327214-scaled.jpeg"},{"@type":"BreadcrumbList","@id":"https:\/\/lindy.com\/fr\/csr-packaging\/#breadcrumb","itemListElement":[{"@type":"ListItem","position":1,"name":"Home","item":"https:\/\/lindy.com\/fr\/"},{"@type":"ListItem","position":2,"name":"CSR &#8211; Packaging"}]},{"@type":"WebSite","@id":"https:\/\/lindy.com\/fr\/#website","url":"https:\/\/lindy.com\/fr\/","name":"Lindy - French","description":"Connection Perfection","potentialAction":[{"@type":"SearchAction","target":{"@type":"EntryPoint","urlTemplate":"https:\/\/lindy.com\/fr\/?s={search_term_string}"},"query-input":{"@type":"PropertyValueSpecification","valueRequired":true,"valueName":"search_term_string"}}],"inLanguage":"fr-FR"}]}},"_links":{"self":[{"href":"https:\/\/lindy.com\/fr\/wp-json\/wp\/v2\/pages\/6148","targetHints":{"allow":["GET"]}}],"collection":[{"href":"https:\/\/lindy.com\/fr\/wp-json\/wp\/v2\/pages"}],"about":[{"href":"https:\/\/lindy.com\/fr\/wp-json\/wp\/v2\/types\/page"}],"author":[{"embeddable":true,"href":"https:\/\/lindy.com\/fr\/wp-json\/wp\/v2\/users\/21"}],"replies":[{"embeddable":true,"href":"https:\/\/lindy.com\/fr\/wp-json\/wp\/v2\/comments?post=6148"}],"version-history":[{"count":18,"href":"https:\/\/lindy.com\/fr\/wp-json\/wp\/v2\/pages\/6148\/revisions"}],"predecessor-version":[{"id":6244,"href":"https:\/\/lindy.com\/fr\/wp-json\/wp\/v2\/pages\/6148\/revisions\/6244"}],"wp:attachment":[{"href":"https:\/\/lindy.com\/fr\/wp-json\/wp\/v2\/media?parent=6148"}],"curies":[{"name":"wp","href":"https:\/\/api.w.org\/{rel}","templated":true}]}}