{"id":6382,"date":"2025-11-04T13:16:26","date_gmt":"2025-11-04T13:16:26","guid":{"rendered":"https:\/\/lindy.com\/fr\/?page_id=6382"},"modified":"2026-03-26T09:47:47","modified_gmt":"2026-03-26T09:47:47","slug":"etude-de-cas-poga","status":"publish","type":"page","link":"https:\/\/lindy.com\/fr\/etude-de-cas-poga\/","title":{"rendered":"\u00c9TUDE DE CAS POGA"},"content":{"rendered":"\n<section class=\"wp-block-lindy-image-text-module section section--full-width-image full-width-image--with-text theme--dark section--animation-none align--center  font--size-large\" style=\"background-image:url(https:\/\/lindy.com\/fr\/wp-content\/uploads\/sites\/4\/2026\/03\/Header_Poga_Case-Study.png)\"><img decoding=\"async\" class=\"full-width-image__image\" src=\"https:\/\/lindy.com\/fr\/wp-content\/uploads\/sites\/4\/2026\/03\/Header_Poga_Case-Study.png\"\/><div class=\"contained\"><div class=\"full-width-image__content\"><h2 class=\"section__heading\"><span>JOUER EN D\u00c9PLACEMENT<\/span><\/h2><h2 class=\"section__subheading section__subheading__title\">GR\u00c2CE \u00c0 LINDY<\/h2><p class=\"section__paragraph\"><br\/>DES CONNEXIONS QUI VOYAGENT AUSSI LOIN <br\/>QUE LES JOUEURS<\/p><\/div><\/div><\/section>\n\n\n\n<section class=\"wp-block-lindy-heading-text section section--heading-text theme--light align--center font--camber font--size-medium section--animation-none\"><div class=\"contained\"><h2 class=\"section__heading\"><span><br\/><\/span><\/h2><h2 class=\"section__subheading section__subheading__title\">DU SALON AU VESTIAIRE &#8211; <br\/>TOUJOURS CONNECT\u00c9<\/h2><\/div><\/section>\n\n\n\n<section class=\"wp-block-lindy-key-info section section--key-info theme--light section--animation-none\"><div class=\"contained\"><div class=\"grid-2_sm-1-center\"><div class=\"col left_item\"><div class=\"box\"><h3 class=\"section__heading\"><\/h3><div class=\"section__content\"><p class=\"section__content\">POGA, un innovateur allemand sp\u00e9cialis\u00e9 dans les stations de jeu portables haut de gamme pour PS5, Xbox et PC, red\u00e9finit le jeu en d\u00e9placement. Pl\u00e9biscit\u00e9 par les athl\u00e8tes, influenceurs et joueurs du monde entier, POGA allie design premium et performances de niveau professionnel. <br\/><\/p><\/div><\/div><\/div><div class=\"col right_item\"><div class=\"box\"><h3 class=\"section__heading\"><\/h3><div class=\"section__content\"><p class=\"section__content\">Pour r\u00e9pondre aux exigences des d\u00e9placements fr\u00e9quents et d\u2019un gameplay parfait, POGA s\u2019associe \u00e0 Lindy, un leader mondial de la connectivit\u00e9 fiable.<br\/><br\/>Les c\u00e2bles durables et certifi\u00e9s de Lindy offrent des visuels fluides, une alimentation stable et une int\u00e9gration \u00e9l\u00e9gante \u2014 garantissant une exp\u00e9rience de jeu de classe mondiale, partout et \u00e0 tout moment<\/p><\/div><\/div><\/div><\/div><\/div><\/section>\n\n\n\n<section class=\"wp-block-lindy-image-text-module section section--full-width-image full-width-image--with-text theme--dark section--animation-none align--left  font--size-medium width--half\" style=\"background-image:url()\"><img decoding=\"async\" class=\"full-width-image__image\" src=\"\"\/><div class=\"contained\"><div class=\"full-width-image__content\"><h2 class=\"section__heading\"><span>LE D\u00c9FI<\/span><\/h2><p class=\"section__paragraph\"><br\/>Les c\u00e2bles devaient supporter les transports et installations fr\u00e9quents, tout en maintenant des performances constantes avec une perte de signal minimale et une alimentation stable.<br\/><br\/>Ils devaient \u00e9galement s\u2019int\u00e9grer parfaitement aux bo\u00eetiers compacts et \u00e9l\u00e9gants de POGA, alliant flexibilit\u00e9 et esth\u00e9tique soign\u00e9e et haut de gamme.<br\/><br\/>Enfin, les c\u00e2bles devaient r\u00e9pondre \u00e0 des normes de s\u00e9curit\u00e9 certifi\u00e9es, garantir durabilit\u00e9 et fiabilit\u00e9 sur le long terme, afin de satisfaire les attentes des utilisateurs professionnels dans des environnements exigeants.<\/p><\/div><\/div><\/section>\n\n\n\n<section class=\"wp-block-lindy-image-text-module section section--full-width-image full-width-image--with-text theme--dark section--animation-none align--left  font--size-medium width--half\" style=\"background-image:url(https:\/\/lindy.com\/fr\/wp-content\/uploads\/sites\/4\/2025\/11\/Challenge-Image-2_PS.jpg)\"><img decoding=\"async\" class=\"full-width-image__image\" src=\"https:\/\/lindy.com\/fr\/wp-content\/uploads\/sites\/4\/2025\/11\/Challenge-Image-2_PS.jpg\"\/><div class=\"contained\"><div class=\"full-width-image__content\"><\/div><\/div><\/section>\n\n\n\n<section class=\"wp-block-lindy-key-info section section--key-info theme--light section--animation-none\"><div class=\"contained\"><div class=\"grid-2_sm-1-center\"><div class=\"col left_item\"><div class=\"box\"><h3 class=\"section__heading\">LA SOLUTION<\/h3><div class=\"section__content\"><p class=\"section__content\">Lindy a fourni des c\u00e2bles HDMI\u00ae <br\/>et d\u2019alimentation\/donn\u00e9es de haute qualit\u00e9, <br\/>blind\u00e9s et adapt\u00e9s aux besoins de POGA : compacts, robustes et certifi\u00e9s <br\/>pour leur fiabilit\u00e9.<\/p><\/div><\/div><\/div><div class=\"col right_item\"><div class=\"box\"><h3 class=\"section__heading\"><\/h3><div class=\"section__content\"><p class=\"section__content\"><br\/>Les connecteurs HDMI\u00ae plaqu\u00e9s or garantissaient des signaux HD stables, tandis que les c\u00e2bles d\u2019alimentation fins et renforc\u00e9s r\u00e9duisaient <br\/>l\u2019usure et s\u2019int\u00e9graient parfaitement <br\/>aux bo\u00eetiers \u00e9l\u00e9gants de POGA.<\/p><\/div><\/div><\/div><\/div><\/div><\/section>\n\n\n\n<section class=\"wp-block-lindy-heading-text section section--heading-text theme--dark align--center  font--size-medium section--animation-none\"><div class=\"contained\"><h2 class=\"section__heading\"><span>PRODUITS LINDY UTILIS\u00c9S<\/span><\/h2><\/div><\/section>\n\n\n\n<section class=\"wp-block-lindy-image-text-module section section--full-width-image full-width-image--with-text theme--dark section--animation-none align--left font--camber font--size-small width--half\" style=\"background-image:url(https:\/\/lindy.com\/de\/wp-content\/uploads\/sites\/3\/2026\/01\/41670_3.png)\"><img decoding=\"async\" class=\"full-width-image__image\" src=\"https:\/\/lindy.com\/de\/wp-content\/uploads\/sites\/3\/2026\/01\/41670_3.png\"\/><div class=\"contained\"><div class=\"full-width-image__content\"><h2 class=\"section__heading\"><span>C\u00e2ble HDMI\u00ae High Speed CROMO Slim 0.5m<\/span><\/h2><h2 class=\"section__subheading section__subheading__title\">No. 41670<\/h2><p class=\"section__paragraph\"><br\/>C\u00e2ble HDMI\u00ae 2.0 ultra-flexible et plaqu\u00e9 or prenant en charge la norme 4K60Hz, id\u00e9al pour les espaces restreints.<br\/><\/p><a href=\"https:\/\/www.lindy.fr\/Cable-HDMI-Slim-compatible-HDMI-2-0-Ultra-HD-Ethernet-CROMO-type-A-A-0-5m.htm?websale8=ld0101.ld031103&amp;pi=41670&amp;ci=80\" class=\"button button--white-transparent\" target=\"_blank\" rel=\"noopener noreferrer\">d\u00e9couvrir<\/a><\/div><\/div><\/section>\n\n\n\n<section class=\"wp-block-lindy-image-text-module section section--full-width-image full-width-image--with-text theme--dark section--animation-none align--left font--camber font--size-small width--half\" style=\"background-image:url(https:\/\/lindy.com\/de\/wp-content\/uploads\/sites\/3\/2026\/01\/36462_2.png)\"><img decoding=\"async\" class=\"full-width-image__image\" src=\"https:\/\/lindy.com\/de\/wp-content\/uploads\/sites\/3\/2026\/01\/36462_2.png\"\/><div class=\"contained\"><div class=\"full-width-image__content\"><h2 class=\"section__heading\"><span>Cable Slim<br\/>DisplayPort\u2122 1.4, 2m<\/span><\/h2><h2 class=\"section__subheading section__subheading__title\">No. 36462<\/h2><p class=\"section__paragraph\"><br\/>Prend en charge jusqu\u2019\u00e0 8K \u00e0 60 Hz et 4K \u00e0 144 Hz, avec un design fin \u00e0 triple blindage adapt\u00e9 aux espaces restreints.<br\/><\/p><a href=\"https:\/\/www.lindy.fr\/Cable-Slim-DisplayPort-1-4-1m.htm?websale8=ld0101.ld031103&amp;pi=36462&amp;ci=80\" class=\"button button--white-transparent\" target=\"_blank\" rel=\"noopener noreferrer\">d\u00e9couvrir<\/a><\/div><\/div><\/section>\n\n\n\n<section class=\"wp-block-lindy-image-text-module section section--full-width-image full-width-image--with-text theme--dark section--animation-none align--left font--camber font--size-small width--half\" style=\"background-image:url(https:\/\/lindy.com\/de\/wp-content\/uploads\/sites\/3\/2026\/01\/30433_black.png)\"><img decoding=\"async\" class=\"full-width-image__image\" src=\"https:\/\/lindy.com\/de\/wp-content\/uploads\/sites\/3\/2026\/01\/30433_black.png\"\/><div class=\"contained\"><div class=\"full-width-image__content\"><h2 class=\"section__heading\"><span>C\u00e2ble secteur UK <br\/>3 broches vers C13, 2m<\/span><\/h2><h2 class=\"section__subheading section__subheading__title\">No. 30433<\/h2><p class=\"section__paragraph\"><br\/>Construction enti\u00e8rement moul\u00e9e pour une meilleure durabilit\u00e9 et une puissance nominale de 7 A\/250 V.<br\/><\/p><a href=\"https:\/\/www.lindy.fr\/Cable-secteur-UK-3-broches-vers-C13-2m.htm?websale8=ld0101.ld031103&amp;pi=30433&amp;ci=80\" class=\"button button--white-transparent\" target=\"_blank\" rel=\"noopener noreferrer\">d\u00e9couvrir<\/a><\/div><\/div><\/section>\n\n\n\n<section class=\"wp-block-lindy-image-text-module section section--full-width-image full-width-image--with-text theme--dark section--animation-none align--left font--camber font--size-small width--half\" style=\"background-image:url(https:\/\/lindy.com\/de\/wp-content\/uploads\/sites\/3\/2026\/01\/30338_2.png)\"><img decoding=\"async\" class=\"full-width-image__image\" src=\"https:\/\/lindy.com\/de\/wp-content\/uploads\/sites\/3\/2026\/01\/30338_2.png\"\/><div class=\"contained\"><div class=\"full-width-image__content\"><h2 class=\"section__heading\"><span>C\u00e2ble secteur US <br\/>3 broches vers C13, 2m<\/span><\/h2><h2 class=\"section__subheading section__subheading__title\">No. 30338<\/h2><p class=\"section__paragraph\"><br\/>Construction robuste en PVC 18 AWG de<br\/>couleur noire.<br\/><\/p><a href=\"https:\/\/www.lindy.fr\/Cable-secteur-US-3-broches-vers-C13-2m.htm?websale8=ld0101.ld031103&amp;pi=30338&amp;ci=80\" class=\"button button--white-transparent\" target=\"_blank\" rel=\"noopener noreferrer\">d\u00e9couvrir<\/a><\/div><\/div><\/section>\n\n\n\n<section class=\"wp-block-lindy-heading-text section section--heading-text theme--dark align--left  font--size-medium section--animation-none\"><div class=\"contained\"><\/div><\/section>\n\n\n\n<section class=\"wp-block-lindy-contained-image section section--contained-image contained-image theme--light align--left font--size-medium\"><div class=\"contained\"><img decoding=\"async\" src=\"https:\/\/lindy.com\/eu\/wp-content\/uploads\/sites\/10\/2025\/11\/Poga-Testimonial-corrected.jpg\"\/><div class=\"contained-image__content\"><\/div><\/div><\/section>\n\n\n\n<section class=\"wp-block-lindy-heading-text section section--heading-text theme--dark align--center  font--size-medium section--animation-none\"><div class=\"contained\"><h2 class=\"section__heading\"><span>R\u00c9SULTATS ET AVANTAGES<\/span><\/h2><\/div><\/section>\n\n\n\n<section class=\"wp-block-lindy-key-info section section--key-info theme--dark section--animation-none\"><div class=\"contained\"><div class=\"grid-2_sm-1-center\"><div class=\"col left_item\"><div class=\"box box--border\"><h3 class=\"section__heading\">R\u00e9sultats quantitatifs<\/h3><div class=\"section__content\"><p class=\"section__content\"><strong>DURABILIT\u00c9<\/strong> : A r\u00e9sist\u00e9 \u00e0 plus de 10 000 cycles <br\/>de branchement\/d\u00e9branchement, r\u00e9duisant les taux de d\u00e9faillance de 30 %.<br\/><br\/><strong>PERFORMANCE<\/strong> : A maintenu une int\u00e9grit\u00e9 parfaite du signal sans perte de donn\u00e9es.<br\/><br\/><strong>EFFICACIT\u00c9<\/strong> : Les c\u00e2bles standardis\u00e9s ont r\u00e9duit <br\/>le temps d\u2019assemblage de 15 %.<br\/><br\/><strong>SATISFACTION<\/strong> : Les utilisateurs ont constat\u00e9 <br\/>une fiabilit\u00e9 et une qualit\u00e9 de fabrication accrues.<\/p><\/div><\/div><\/div><div class=\"col right_item\"><div class=\"box box--border\"><h3 class=\"section__heading\">R\u00e9sultats qualitatifs<\/h3><div class=\"section__content\"><p class=\"section__content\"><strong>FIABILIT\u00c9<\/strong> : Visuels fluides et alimentation stable dans tous les environnements.<br\/><br\/><strong>ADAPTATION \u00c0 LA MARQUE<\/strong> : Le design premium <br\/>a renforc\u00e9 l\u2019image professionnelle de POGA.<br\/><br\/><strong>INT\u00c9GRATION<\/strong> : Des c\u00e2bles compacts et flexibles <br\/>ont am\u00e9lior\u00e9 l\u2019esth\u00e9tique et l\u2019ergonomie.<br\/><br\/><strong>PARTENARIAT<\/strong> : Une collaboration \u00e9troite a permis \u00e9volutivit\u00e9 et innovation.<\/p><\/div><\/div><\/div><\/div><\/div><\/section>\n\n\n\n<section class=\"wp-block-lindy-icon-section section section--icon font--size-small align--center theme--dark\"><div class=\"contained\"><div class=\"grid-4_md-2_xs-1-spaceAround icons\"><div class=\"col\"><div class=\"icon-block icon-block--0\"><img decoding=\"async\" class=\"icon-block__image\" src=\"https:\/\/lindy.com\/de\/wp-content\/uploads\/sites\/3\/2025\/11\/Streamlined-Installation.png\"\/><div class=\"icon-block__content\"><h3 class=\"icon-title\">PROCESSUS D&rsquo;INSTALLATION SIMPLIFI\u00c9<\/h3><p class=\"icon-text\"><\/p><\/div><\/div><\/div><div class=\"col\"><div class=\"icon-block icon-block--1\"><img decoding=\"async\" class=\"icon-block__image\" src=\"https:\/\/lindy.com\/de\/wp-content\/uploads\/sites\/3\/2025\/11\/Scalability-Flexibility.png\"\/><div class=\"icon-block__content\"><h3 class=\"icon-title\">\u00c9VOLUTIVIT\u00c9 ET FLEXIBILIT\u00c9<\/h3><p class=\"icon-text\"><\/p><\/div><\/div><\/div><div class=\"col\"><div class=\"icon-block icon-block--2\"><img decoding=\"async\" class=\"icon-block__image\" src=\"https:\/\/lindy.com\/de\/wp-content\/uploads\/sites\/3\/2025\/11\/Reliability-Durability.png\"\/><div class=\"icon-block__content\"><h3 class=\"icon-title\">FIABILIT\u00c9 ET DISTANCE<\/h3><p class=\"icon-text\"><\/p><\/div><\/div><\/div><div class=\"col\"><div class=\"icon-block icon-block--3\"><img decoding=\"async\" class=\"icon-block__image\" src=\"https:\/\/lindy.com\/de\/wp-content\/uploads\/sites\/3\/2025\/11\/Customer-Satisfaction.png\"\/><div class=\"icon-block__content\"><h3 class=\"icon-title\">SATISFACTION CLIENT<\/h3><p class=\"icon-text\"><\/p><\/div><\/div><\/div><\/div><\/div><\/section>\n\n\n\n<section class=\"wp-block-lindy-heading-text section section--heading-text theme--light align--center  font--size-medium section--animation-none\"><div class=\"contained\"><h2 class=\"section__heading\"><span>CONCLUSIONS ET POINTS \u00c0 RETENIR<\/span><\/h2><\/div><\/section>\n\n\n\n<section class=\"wp-block-lindy-key-info section section--key-info theme--light section--animation-none\"><div class=\"contained\"><div class=\"grid-2_sm-1-center\"><div class=\"col left_item\"><div class=\"box\"><h3 class=\"section__heading\">r\u00c9ussite du projet<\/h3><div class=\"section__content\"><p class=\"section__content\">Le partenariat entre POGA et Lindy s&rsquo;est av\u00e9r\u00e9 tr\u00e8s fructueux, offrant des solutions de c\u00e2blage fiables, durables et parfaitement int\u00e9gr\u00e9es qui ont am\u00e9lior\u00e9 les stations de jeu portables de POGA.<\/p><\/div><\/div><\/div><div class=\"col right_item\"><div class=\"box\"><h3 class=\"section__heading\">aper\u00c7u de l&rsquo;industrie<\/h3><div class=\"section__content\"><p class=\"section__content\">Cette collaboration souligne une tendance plus large dans le secteur : \u00e0 mesure que les jeux portables se d\u00e9veloppent, la demande en solutions de connectivit\u00e9 durables et certifi\u00e9es, alliant fiabilit\u00e9, performances et int\u00e9gration au design, devient essentielle.<\/p><\/div><\/div><\/div><\/div><\/div><\/section>\n\n\n\n<section class=\"wp-block-lindy-image-text-module section section--full-width-image full-width-image--with-text theme--dark section--animation-none align--left  font--size-medium width--half\" style=\"background-image:url(https:\/\/lindy.com\/fr\/wp-content\/uploads\/sites\/4\/2025\/11\/Mock-up-case-sudy-POGA_PS.jpg)\"><img decoding=\"async\" class=\"full-width-image__image\" src=\"https:\/\/lindy.com\/fr\/wp-content\/uploads\/sites\/4\/2025\/11\/Mock-up-case-sudy-POGA_PS.jpg\"\/><div class=\"contained\"><div class=\"full-width-image__content\"><\/div><\/div><\/section>\n\n\n\n<section class=\"wp-block-lindy-image-text-module section section--full-width-image full-width-image--with-text theme--dark section--animation-none align--center  font--size-small width--half\" style=\"background-image:url()\"><img decoding=\"async\" class=\"full-width-image__image\" src=\"\"\/><div class=\"contained\"><div class=\"full-width-image__content\"><h2 class=\"section__subheading section__subheading__title\">Vous avez trouv\u00e9 cette <br\/>\u00e9tude de cas instructive ?<\/h2><p class=\"section__paragraph\"><br\/><strong><strong><strong>Conservez-la en un clic<\/strong><\/strong><\/strong><\/p><a href=\"https:\/\/lindy.com\/fr\/wp-content\/uploads\/sites\/4\/2025\/11\/Lindy-x-POGA-Case-Study-FR_PS.pdf\" class=\"button button--white-transparent\" target=\"_blank\" rel=\"noopener noreferrer\">\ud83d\udce5 t\u00e9l\u00e9charger la version pdf<\/a><\/div><\/div><\/section>\n","protected":false},"excerpt":{"rendered":"","protected":false},"author":28,"featured_media":0,"parent":0,"menu_order":0,"comment_status":"closed","ping_status":"closed","template":"page-templates\/template-landing.php","meta":{"_acf_changed":false,"footnotes":""},"class_list":["post-6382","page","type-page","status-publish","hentry"],"acf":[],"yoast_head":"<!-- This site is optimized with the Yoast SEO plugin v26.6 - https:\/\/yoast.com\/wordpress\/plugins\/seo\/ -->\n<title>\u00c9TUDE DE CAS POGA - Lindy - French<\/title>\n<meta name=\"robots\" content=\"index, follow, max-snippet:-1, max-image-preview:large, max-video-preview:-1\" \/>\n<link rel=\"canonical\" href=\"https:\/\/lindy.com\/fr\/etude-de-cas-poga\/\" \/>\n<meta property=\"og:locale\" content=\"fr_FR\" \/>\n<meta property=\"og:type\" content=\"article\" \/>\n<meta property=\"og:title\" content=\"\u00c9TUDE DE CAS POGA - Lindy - French\" \/>\n<meta property=\"og:url\" content=\"https:\/\/lindy.com\/fr\/etude-de-cas-poga\/\" \/>\n<meta property=\"og:site_name\" content=\"Lindy - French\" \/>\n<meta property=\"article:modified_time\" content=\"2026-03-26T09:47:47+00:00\" \/>\n<meta property=\"og:image\" content=\"https:\/\/lindy.com\/fr\/wp-content\/uploads\/sites\/4\/2026\/03\/Header_Poga_Case-Study.png\" \/>\n<meta name=\"twitter:card\" content=\"summary_large_image\" \/>\n<meta name=\"twitter:label1\" content=\"Dur\u00e9e de lecture estim\u00e9e\" \/>\n\t<meta name=\"twitter:data1\" content=\"6 minutes\" \/>\n<script type=\"application\/ld+json\" class=\"yoast-schema-graph\">{\"@context\":\"https:\/\/schema.org\",\"@graph\":[{\"@type\":\"WebPage\",\"@id\":\"https:\/\/lindy.com\/fr\/etude-de-cas-poga\/\",\"url\":\"https:\/\/lindy.com\/fr\/etude-de-cas-poga\/\",\"name\":\"\u00c9TUDE DE CAS POGA - Lindy - French\",\"isPartOf\":{\"@id\":\"https:\/\/lindy.com\/fr\/#website\"},\"primaryImageOfPage\":{\"@id\":\"https:\/\/lindy.com\/fr\/etude-de-cas-poga\/#primaryimage\"},\"image\":{\"@id\":\"https:\/\/lindy.com\/fr\/etude-de-cas-poga\/#primaryimage\"},\"thumbnailUrl\":\"https:\/\/lindy.com\/fr\/wp-content\/uploads\/sites\/4\/2026\/03\/Header_Poga_Case-Study.png\",\"datePublished\":\"2025-11-04T13:16:26+00:00\",\"dateModified\":\"2026-03-26T09:47:47+00:00\",\"breadcrumb\":{\"@id\":\"https:\/\/lindy.com\/fr\/etude-de-cas-poga\/#breadcrumb\"},\"inLanguage\":\"fr-FR\",\"potentialAction\":[{\"@type\":\"ReadAction\",\"target\":[\"https:\/\/lindy.com\/fr\/etude-de-cas-poga\/\"]}]},{\"@type\":\"ImageObject\",\"inLanguage\":\"fr-FR\",\"@id\":\"https:\/\/lindy.com\/fr\/etude-de-cas-poga\/#primaryimage\",\"url\":\"https:\/\/lindy.com\/fr\/wp-content\/uploads\/sites\/4\/2026\/03\/Header_Poga_Case-Study.png\",\"contentUrl\":\"https:\/\/lindy.com\/fr\/wp-content\/uploads\/sites\/4\/2026\/03\/Header_Poga_Case-Study.png\",\"width\":1920,\"height\":1080},{\"@type\":\"BreadcrumbList\",\"@id\":\"https:\/\/lindy.com\/fr\/etude-de-cas-poga\/#breadcrumb\",\"itemListElement\":[{\"@type\":\"ListItem\",\"position\":1,\"name\":\"Home\",\"item\":\"https:\/\/lindy.com\/fr\/\"},{\"@type\":\"ListItem\",\"position\":2,\"name\":\"\u00c9TUDE DE CAS POGA\"}]},{\"@type\":\"WebSite\",\"@id\":\"https:\/\/lindy.com\/fr\/#website\",\"url\":\"https:\/\/lindy.com\/fr\/\",\"name\":\"Lindy - French\",\"description\":\"Connection Perfection\",\"potentialAction\":[{\"@type\":\"SearchAction\",\"target\":{\"@type\":\"EntryPoint\",\"urlTemplate\":\"https:\/\/lindy.com\/fr\/?s={search_term_string}\"},\"query-input\":{\"@type\":\"PropertyValueSpecification\",\"valueRequired\":true,\"valueName\":\"search_term_string\"}}],\"inLanguage\":\"fr-FR\"}]}<\/script>\n<!-- \/ Yoast SEO plugin. -->","yoast_head_json":{"title":"\u00c9TUDE DE CAS POGA - Lindy - French","robots":{"index":"index","follow":"follow","max-snippet":"max-snippet:-1","max-image-preview":"max-image-preview:large","max-video-preview":"max-video-preview:-1"},"canonical":"https:\/\/lindy.com\/fr\/etude-de-cas-poga\/","og_locale":"fr_FR","og_type":"article","og_title":"\u00c9TUDE DE CAS POGA - Lindy - French","og_url":"https:\/\/lindy.com\/fr\/etude-de-cas-poga\/","og_site_name":"Lindy - French","article_modified_time":"2026-03-26T09:47:47+00:00","og_image":[{"url":"https:\/\/lindy.com\/fr\/wp-content\/uploads\/sites\/4\/2026\/03\/Header_Poga_Case-Study.png","type":"","width":"","height":""}],"twitter_card":"summary_large_image","twitter_misc":{"Dur\u00e9e de lecture estim\u00e9e":"6 minutes"},"schema":{"@context":"https:\/\/schema.org","@graph":[{"@type":"WebPage","@id":"https:\/\/lindy.com\/fr\/etude-de-cas-poga\/","url":"https:\/\/lindy.com\/fr\/etude-de-cas-poga\/","name":"\u00c9TUDE DE CAS POGA - Lindy - French","isPartOf":{"@id":"https:\/\/lindy.com\/fr\/#website"},"primaryImageOfPage":{"@id":"https:\/\/lindy.com\/fr\/etude-de-cas-poga\/#primaryimage"},"image":{"@id":"https:\/\/lindy.com\/fr\/etude-de-cas-poga\/#primaryimage"},"thumbnailUrl":"https:\/\/lindy.com\/fr\/wp-content\/uploads\/sites\/4\/2026\/03\/Header_Poga_Case-Study.png","datePublished":"2025-11-04T13:16:26+00:00","dateModified":"2026-03-26T09:47:47+00:00","breadcrumb":{"@id":"https:\/\/lindy.com\/fr\/etude-de-cas-poga\/#breadcrumb"},"inLanguage":"fr-FR","potentialAction":[{"@type":"ReadAction","target":["https:\/\/lindy.com\/fr\/etude-de-cas-poga\/"]}]},{"@type":"ImageObject","inLanguage":"fr-FR","@id":"https:\/\/lindy.com\/fr\/etude-de-cas-poga\/#primaryimage","url":"https:\/\/lindy.com\/fr\/wp-content\/uploads\/sites\/4\/2026\/03\/Header_Poga_Case-Study.png","contentUrl":"https:\/\/lindy.com\/fr\/wp-content\/uploads\/sites\/4\/2026\/03\/Header_Poga_Case-Study.png","width":1920,"height":1080},{"@type":"BreadcrumbList","@id":"https:\/\/lindy.com\/fr\/etude-de-cas-poga\/#breadcrumb","itemListElement":[{"@type":"ListItem","position":1,"name":"Home","item":"https:\/\/lindy.com\/fr\/"},{"@type":"ListItem","position":2,"name":"\u00c9TUDE DE CAS POGA"}]},{"@type":"WebSite","@id":"https:\/\/lindy.com\/fr\/#website","url":"https:\/\/lindy.com\/fr\/","name":"Lindy - French","description":"Connection Perfection","potentialAction":[{"@type":"SearchAction","target":{"@type":"EntryPoint","urlTemplate":"https:\/\/lindy.com\/fr\/?s={search_term_string}"},"query-input":{"@type":"PropertyValueSpecification","valueRequired":true,"valueName":"search_term_string"}}],"inLanguage":"fr-FR"}]}},"_links":{"self":[{"href":"https:\/\/lindy.com\/fr\/wp-json\/wp\/v2\/pages\/6382","targetHints":{"allow":["GET"]}}],"collection":[{"href":"https:\/\/lindy.com\/fr\/wp-json\/wp\/v2\/pages"}],"about":[{"href":"https:\/\/lindy.com\/fr\/wp-json\/wp\/v2\/types\/page"}],"author":[{"embeddable":true,"href":"https:\/\/lindy.com\/fr\/wp-json\/wp\/v2\/users\/28"}],"replies":[{"embeddable":true,"href":"https:\/\/lindy.com\/fr\/wp-json\/wp\/v2\/comments?post=6382"}],"version-history":[{"count":107,"href":"https:\/\/lindy.com\/fr\/wp-json\/wp\/v2\/pages\/6382\/revisions"}],"predecessor-version":[{"id":7448,"href":"https:\/\/lindy.com\/fr\/wp-json\/wp\/v2\/pages\/6382\/revisions\/7448"}],"wp:attachment":[{"href":"https:\/\/lindy.com\/fr\/wp-json\/wp\/v2\/media?parent=6382"}],"curies":[{"name":"wp","href":"https:\/\/api.w.org\/{rel}","templated":true}]}}