{"id":69,"date":"2019-02-14T08:59:36","date_gmt":"2019-02-14T08:59:36","guid":{"rendered":"https:\/\/lindy.com\/fr\/?page_id=69"},"modified":"2024-04-24T11:41:59","modified_gmt":"2024-04-24T11:41:59","slug":"espace-presse","status":"publish","type":"page","link":"https:\/\/lindy.com\/fr\/espace-presse\/","title":{"rendered":"Espace presse"},"content":{"rendered":"<p style=\"text-align: center;\">\u00a0<\/p>\n<p style=\"text-align: center;\">\u00a0<\/p>\n<p>\u00a0<\/p>\n<p style=\"text-align: center;\">Pour les demandes concernant l&rsquo;Allemagne,l&rsquo;Italie et la France, merci de contacter<\/p>\n<h3 style=\"text-align: center;\"><a href=\"https:\/\/www.corpnewsmedia.de\/\" target=\"_blank\" rel=\"noopener\"><span style=\"text-decoration: underline;\"><strong>corpNEWSmedia<\/strong><\/span><\/a><\/h3>\n\n<p style=\"text-align: center;\"><strong>corpNEWSmedia<\/strong><\/p>\n<p style=\"text-align: center;\">Claudia Th\u00f6ring<\/p>\n<p style=\"text-align: center;\">T\u00e9l\u00e9phone: +49 40 207 6969 82<br \/>E-Mail: claudia.thoering@corpnewsmedia.de<\/p>\n<p style=\"text-align: center;\">Th\u00f6ring &amp; Stuhr\/Claudia Th\u00f6rin<\/p>\n<p style=\"text-align: left;\">\u00a0<\/p>\n\n<p>\u00a0<\/p>\n<p style=\"text-align: center;\">Pour toute demande de presse au Royaume-Uni et en Irlande, merci de contacter notre agence de presse<\/p>\n<h3 style=\"text-align: center;\"><span style=\"text-decoration: underline;\"><strong><a href=\"mailto:marketing_GB@lindy.co.uk\">marketing_GB@lindy.co.uk<\/a><\/strong><\/span><\/h3>\n\n\n<p><\/p>\n","protected":false},"excerpt":{"rendered":"<p>\u00a0 \u00a0 \u00a0 Pour les demandes concernant l&rsquo;Allemagne,l&rsquo;Italie et la France, merci de contacter corpNEWSmedia corpNEWSmedia Claudia Th\u00f6ring T\u00e9l\u00e9phone: +49 40 207 6969 82E-Mail: claudia.thoering@corpnewsmedia.de Th\u00f6ring &amp; Stuhr\/Claudia Th\u00f6rin \u00a0 \u00a0 Pour toute demande de presse au Royaume-Uni et en Irlande, merci de contacter notre agence de presse marketing_GB@lindy.co.uk<\/p>\n","protected":false},"author":11,"featured_media":68,"parent":0,"menu_order":0,"comment_status":"closed","ping_status":"closed","template":"","meta":{"_acf_changed":false,"footnotes":""},"class_list":["post-69","page","type-page","status-publish","has-post-thumbnail","hentry"],"acf":[],"yoast_head":"<!-- This site is optimized with the Yoast SEO plugin v26.6 - https:\/\/yoast.com\/wordpress\/plugins\/seo\/ -->\n<title>Espace presse - Lindy - French<\/title>\n<meta name=\"robots\" content=\"index, follow, max-snippet:-1, max-image-preview:large, max-video-preview:-1\" \/>\n<link rel=\"canonical\" href=\"https:\/\/lindy.com\/fr\/espace-presse\/\" \/>\n<meta property=\"og:locale\" content=\"fr_FR\" \/>\n<meta property=\"og:type\" content=\"article\" \/>\n<meta property=\"og:title\" content=\"Espace presse - Lindy - French\" \/>\n<meta property=\"og:description\" content=\"\u00a0 \u00a0 \u00a0 Pour les demandes concernant l&rsquo;Allemagne,l&rsquo;Italie et la France, merci de contacter corpNEWSmedia corpNEWSmedia Claudia Th\u00f6ring T\u00e9l\u00e9phone: +49 40 207 6969 82E-Mail: claudia.thoering@corpnewsmedia.de Th\u00f6ring &amp; Stuhr\/Claudia Th\u00f6rin \u00a0 \u00a0 Pour toute demande de presse au Royaume-Uni et en Irlande, merci de contacter notre agence de presse marketing_GB@lindy.co.uk\" \/>\n<meta property=\"og:url\" content=\"https:\/\/lindy.com\/fr\/espace-presse\/\" \/>\n<meta property=\"og:site_name\" content=\"Lindy - French\" \/>\n<meta property=\"article:modified_time\" content=\"2024-04-24T11:41:59+00:00\" \/>\n<meta property=\"og:image\" content=\"https:\/\/lindy.com\/fr\/wp-content\/uploads\/sites\/4\/2018\/11\/Ad_2.jpg\" \/>\n\t<meta property=\"og:image:width\" content=\"1920\" \/>\n\t<meta property=\"og:image:height\" content=\"1080\" \/>\n\t<meta property=\"og:image:type\" content=\"image\/jpeg\" \/>\n<meta name=\"twitter:card\" content=\"summary_large_image\" \/>\n<meta name=\"twitter:label1\" content=\"Dur\u00e9e de lecture estim\u00e9e\" \/>\n\t<meta name=\"twitter:data1\" content=\"1 minute\" \/>\n<script type=\"application\/ld+json\" class=\"yoast-schema-graph\">{\"@context\":\"https:\/\/schema.org\",\"@graph\":[{\"@type\":\"WebPage\",\"@id\":\"https:\/\/lindy.com\/fr\/espace-presse\/\",\"url\":\"https:\/\/lindy.com\/fr\/espace-presse\/\",\"name\":\"Espace presse - Lindy - French\",\"isPartOf\":{\"@id\":\"https:\/\/lindy.com\/fr\/#website\"},\"primaryImageOfPage\":{\"@id\":\"https:\/\/lindy.com\/fr\/espace-presse\/#primaryimage\"},\"image\":{\"@id\":\"https:\/\/lindy.com\/fr\/espace-presse\/#primaryimage\"},\"thumbnailUrl\":\"https:\/\/lindy.com\/fr\/wp-content\/uploads\/sites\/4\/2018\/11\/Ad_2.jpg\",\"datePublished\":\"2019-02-14T08:59:36+00:00\",\"dateModified\":\"2024-04-24T11:41:59+00:00\",\"breadcrumb\":{\"@id\":\"https:\/\/lindy.com\/fr\/espace-presse\/#breadcrumb\"},\"inLanguage\":\"fr-FR\",\"potentialAction\":[{\"@type\":\"ReadAction\",\"target\":[\"https:\/\/lindy.com\/fr\/espace-presse\/\"]}]},{\"@type\":\"ImageObject\",\"inLanguage\":\"fr-FR\",\"@id\":\"https:\/\/lindy.com\/fr\/espace-presse\/#primaryimage\",\"url\":\"https:\/\/lindy.com\/fr\/wp-content\/uploads\/sites\/4\/2018\/11\/Ad_2.jpg\",\"contentUrl\":\"https:\/\/lindy.com\/fr\/wp-content\/uploads\/sites\/4\/2018\/11\/Ad_2.jpg\",\"width\":1920,\"height\":1080},{\"@type\":\"BreadcrumbList\",\"@id\":\"https:\/\/lindy.com\/fr\/espace-presse\/#breadcrumb\",\"itemListElement\":[{\"@type\":\"ListItem\",\"position\":1,\"name\":\"Home\",\"item\":\"https:\/\/lindy.com\/fr\/\"},{\"@type\":\"ListItem\",\"position\":2,\"name\":\"Espace presse\"}]},{\"@type\":\"WebSite\",\"@id\":\"https:\/\/lindy.com\/fr\/#website\",\"url\":\"https:\/\/lindy.com\/fr\/\",\"name\":\"Lindy - French\",\"description\":\"Connection Perfection\",\"potentialAction\":[{\"@type\":\"SearchAction\",\"target\":{\"@type\":\"EntryPoint\",\"urlTemplate\":\"https:\/\/lindy.com\/fr\/?s={search_term_string}\"},\"query-input\":{\"@type\":\"PropertyValueSpecification\",\"valueRequired\":true,\"valueName\":\"search_term_string\"}}],\"inLanguage\":\"fr-FR\"}]}<\/script>\n<!-- \/ Yoast SEO plugin. -->","yoast_head_json":{"title":"Espace presse - Lindy - French","robots":{"index":"index","follow":"follow","max-snippet":"max-snippet:-1","max-image-preview":"max-image-preview:large","max-video-preview":"max-video-preview:-1"},"canonical":"https:\/\/lindy.com\/fr\/espace-presse\/","og_locale":"fr_FR","og_type":"article","og_title":"Espace presse - Lindy - French","og_description":"\u00a0 \u00a0 \u00a0 Pour les demandes concernant l&rsquo;Allemagne,l&rsquo;Italie et la France, merci de contacter corpNEWSmedia corpNEWSmedia Claudia Th\u00f6ring T\u00e9l\u00e9phone: +49 40 207 6969 82E-Mail: claudia.thoering@corpnewsmedia.de Th\u00f6ring &amp; Stuhr\/Claudia Th\u00f6rin \u00a0 \u00a0 Pour toute demande de presse au Royaume-Uni et en Irlande, merci de contacter notre agence de presse marketing_GB@lindy.co.uk","og_url":"https:\/\/lindy.com\/fr\/espace-presse\/","og_site_name":"Lindy - French","article_modified_time":"2024-04-24T11:41:59+00:00","og_image":[{"width":1920,"height":1080,"url":"https:\/\/lindy.com\/fr\/wp-content\/uploads\/sites\/4\/2018\/11\/Ad_2.jpg","type":"image\/jpeg"}],"twitter_card":"summary_large_image","twitter_misc":{"Dur\u00e9e de lecture estim\u00e9e":"1 minute"},"schema":{"@context":"https:\/\/schema.org","@graph":[{"@type":"WebPage","@id":"https:\/\/lindy.com\/fr\/espace-presse\/","url":"https:\/\/lindy.com\/fr\/espace-presse\/","name":"Espace presse - Lindy - French","isPartOf":{"@id":"https:\/\/lindy.com\/fr\/#website"},"primaryImageOfPage":{"@id":"https:\/\/lindy.com\/fr\/espace-presse\/#primaryimage"},"image":{"@id":"https:\/\/lindy.com\/fr\/espace-presse\/#primaryimage"},"thumbnailUrl":"https:\/\/lindy.com\/fr\/wp-content\/uploads\/sites\/4\/2018\/11\/Ad_2.jpg","datePublished":"2019-02-14T08:59:36+00:00","dateModified":"2024-04-24T11:41:59+00:00","breadcrumb":{"@id":"https:\/\/lindy.com\/fr\/espace-presse\/#breadcrumb"},"inLanguage":"fr-FR","potentialAction":[{"@type":"ReadAction","target":["https:\/\/lindy.com\/fr\/espace-presse\/"]}]},{"@type":"ImageObject","inLanguage":"fr-FR","@id":"https:\/\/lindy.com\/fr\/espace-presse\/#primaryimage","url":"https:\/\/lindy.com\/fr\/wp-content\/uploads\/sites\/4\/2018\/11\/Ad_2.jpg","contentUrl":"https:\/\/lindy.com\/fr\/wp-content\/uploads\/sites\/4\/2018\/11\/Ad_2.jpg","width":1920,"height":1080},{"@type":"BreadcrumbList","@id":"https:\/\/lindy.com\/fr\/espace-presse\/#breadcrumb","itemListElement":[{"@type":"ListItem","position":1,"name":"Home","item":"https:\/\/lindy.com\/fr\/"},{"@type":"ListItem","position":2,"name":"Espace presse"}]},{"@type":"WebSite","@id":"https:\/\/lindy.com\/fr\/#website","url":"https:\/\/lindy.com\/fr\/","name":"Lindy - French","description":"Connection Perfection","potentialAction":[{"@type":"SearchAction","target":{"@type":"EntryPoint","urlTemplate":"https:\/\/lindy.com\/fr\/?s={search_term_string}"},"query-input":{"@type":"PropertyValueSpecification","valueRequired":true,"valueName":"search_term_string"}}],"inLanguage":"fr-FR"}]}},"_links":{"self":[{"href":"https:\/\/lindy.com\/fr\/wp-json\/wp\/v2\/pages\/69","targetHints":{"allow":["GET"]}}],"collection":[{"href":"https:\/\/lindy.com\/fr\/wp-json\/wp\/v2\/pages"}],"about":[{"href":"https:\/\/lindy.com\/fr\/wp-json\/wp\/v2\/types\/page"}],"author":[{"embeddable":true,"href":"https:\/\/lindy.com\/fr\/wp-json\/wp\/v2\/users\/11"}],"replies":[{"embeddable":true,"href":"https:\/\/lindy.com\/fr\/wp-json\/wp\/v2\/comments?post=69"}],"version-history":[{"count":4,"href":"https:\/\/lindy.com\/fr\/wp-json\/wp\/v2\/pages\/69\/revisions"}],"predecessor-version":[{"id":2486,"href":"https:\/\/lindy.com\/fr\/wp-json\/wp\/v2\/pages\/69\/revisions\/2486"}],"wp:featuredmedia":[{"embeddable":true,"href":"https:\/\/lindy.com\/fr\/wp-json\/wp\/v2\/media\/68"}],"wp:attachment":[{"href":"https:\/\/lindy.com\/fr\/wp-json\/wp\/v2\/media?parent=69"}],"curies":[{"name":"wp","href":"https:\/\/api.w.org\/{rel}","templated":true}]}}