{"id":7214,"date":"2026-02-23T13:40:18","date_gmt":"2026-02-23T13:40:18","guid":{"rendered":"https:\/\/lindy.com\/fr\/?page_id=7214"},"modified":"2026-02-23T13:41:30","modified_gmt":"2026-02-23T13:41:30","slug":"etude-de-cas-aver","status":"publish","type":"page","link":"https:\/\/lindy.com\/fr\/etude-de-cas-aver\/","title":{"rendered":"\u00c9TUDE DE CAS AVER"},"content":{"rendered":"\n<section class=\"wp-block-lindy-image-text-module section section--full-width-image full-width-image--with-text theme--light section--animation-none align--center  font--size-large\" style=\"background-image:url(https:\/\/lindy.com\/eu\/wp-content\/uploads\/sites\/10\/2026\/01\/Main-Image-2-1.jpg)\"><img decoding=\"async\" class=\"full-width-image__image\" src=\"https:\/\/lindy.com\/eu\/wp-content\/uploads\/sites\/10\/2026\/01\/Main-Image-2-1.jpg\"\/><div class=\"contained\"><div class=\"full-width-image__content\"><h2 class=\"section__heading\"><span>CONNEXIONS <br\/>AVEC LA VISION<\/span><\/h2><\/div><\/div><\/section>\n\n\n\n<section class=\"wp-block-lindy-heading-text section section--heading-text theme--light align--center font--camber font--size-medium section--animation-none\"><div class=\"contained\"><h2 class=\"section__heading\"><span><br\/><\/span><\/h2><h2 class=\"section__subheading section__subheading__title\">LORSQUE LA PERFORMANCE EST EXIG\u00c9E, AVer CHOISIT LINDY<\/h2><\/div><\/section>\n\n\n\n<section class=\"wp-block-lindy-key-info section section--key-info theme--light section--animation-none\"><div class=\"contained\"><div class=\"grid-2_sm-1-center\"><div class=\"col left_item\"><div class=\"box\"><h3 class=\"section__heading\"><\/h3><div class=\"section__content\"><p class=\"section__content\">AVer, r\u00e9put\u00e9e pour ses normes \u00e9lev\u00e9es en mati\u00e8re d\u2019imagerie professionnelle, avait besoin d\u2019une connectivit\u00e9 USB longue distance totalement fiable. Apr\u00e8s de nombreux tests de diverses solutions d\u2019extension USB 3.0, seule Lindy a r\u00e9pondu \u00e0 leurs exigences.<br\/><\/p><\/div><\/div><\/div><div class=\"col right_item\"><div class=\"box\"><h3 class=\"section__heading\"><\/h3><div class=\"section__content\"><p class=\"section__content\">Sur toute la gamme de cam\u00e9ras AVer \u2014 des unit\u00e9s de visioconf\u00e9rence compactes aux mod\u00e8les PTZ avanc\u00e9s et aux cam\u00e9ras de grade m\u00e9dical \u2014 les c\u00e2bles Lindy ont offert des r\u00e9sultats impeccables : vid\u00e9o claire, PTZ et suivi automatique r\u00e9actifs, et connexions stables m\u00eame \u00e0 20\u201325 m\u00e8tres.<\/p><\/div><\/div><\/div><\/div><\/div><\/section>\n\n\n\n<section class=\"wp-block-lindy-image-text-module section section--full-width-image full-width-image--with-text theme--dark section--animation-none align--left  font--size-medium width--half\" style=\"background-image:url()\"><img decoding=\"async\" class=\"full-width-image__image\" src=\"\"\/><div class=\"contained\"><div class=\"full-width-image__content\"><h2 class=\"section__heading\"><span>LE D\u00c9FI<\/span><\/h2><p class=\"section__paragraph\"><br\/>Les configurations modernes de visioconf\u00e9rence, de streaming, de capture de cours, d\u2019imagerie m\u00e9dicale et de suivi automatique exigent souvent des placements de cam\u00e9ras bien au-del\u00e0 des limites des c\u00e2bles USB standards. Pour AVer, le d\u00e9fi consistait \u00e0 garantir que leurs cam\u00e9ras fonctionnent de mani\u00e8re fiable \u00e0 ces longues distances du PC h\u00f4te \u2014 sans compromettre la qualit\u00e9 vid\u00e9o, sans ajouter de latence ou de probl\u00e8mes d\u2019alimentation, et sans r\u00e9duire la r\u00e9activit\u00e9 du PTZ et du suivi automatique.<\/p><\/div><\/div><\/section>\n\n\n\n<section class=\"wp-block-lindy-image-text-module section section--full-width-image full-width-image--with-text theme--dark section--animation-none align--left  font--size-medium width--half\" style=\"background-image:url(https:\/\/lindy.com\/eu\/wp-content\/uploads\/sites\/10\/2026\/01\/Resized-challenge-colour.jpg)\"><img decoding=\"async\" class=\"full-width-image__image\" src=\"https:\/\/lindy.com\/eu\/wp-content\/uploads\/sites\/10\/2026\/01\/Resized-challenge-colour.jpg\"\/><div class=\"contained\"><div class=\"full-width-image__content\"><p class=\"section__paragraph\"><br\/><\/p><\/div><\/div><\/section>\n\n\n\n<section class=\"wp-block-lindy-image-text-module section section--full-width-image full-width-image--with-text theme--light section--animation-none align--left  font--size-medium width--half\" style=\"background-image:url(https:\/\/lindy.com\/eu\/wp-content\/uploads\/sites\/10\/2026\/01\/Solution-1.jpg)\"><img decoding=\"async\" class=\"full-width-image__image\" src=\"https:\/\/lindy.com\/eu\/wp-content\/uploads\/sites\/10\/2026\/01\/Solution-1.jpg\"\/><div class=\"contained\"><div class=\"full-width-image__content\"><\/div><\/div><\/section>\n\n\n\n<section class=\"wp-block-lindy-image-text-module section section--full-width-image full-width-image--with-text theme--light section--animation-none align--left  font--size-medium width--half\" style=\"background-image:url()\"><img decoding=\"async\" class=\"full-width-image__image\" src=\"\"\/><div class=\"contained\"><div class=\"full-width-image__content\"><h2 class=\"section__heading\"><span>APPROCHE ET SOLUTION DE TEST<\/span><\/h2><p class=\"section__paragraph\"><br\/>Pour relever ce d\u00e9fi, AVer s\u2019est associ\u00e9 \u00e0 Lindy pour tester plusieurs de ses cam\u00e9ras avec des rallonges actives USB 3.0 de diff\u00e9rentes longueurs (3 m, 10 m, plus de 20 m). Les essais, men\u00e9s dans des salles de r\u00e9union et des laboratoires m\u00e9dicaux, ont \u00e9valu\u00e9 la qualit\u00e9 vid\u00e9o, la latence, l\u2019alimentation, les fonctions PTZ \/ suivi automatique et la robustesse globale de la connexion, afin de garantir des performances fiables m\u00eame \u00e0 grande distance.<\/p><\/div><\/div><\/section>\n\n\n\n<section class=\"wp-block-lindy-heading-text section section--heading-text theme--dark align--center  font--size-medium section--animation-none\"><div class=\"contained\"><h2 class=\"section__heading\"><span><br\/>TEST\u00c9S ENSEMBLE, APPROUV\u00c9S ENSEMBLE<\/span><\/h2><\/div><\/section>\n\n\n\n<section class=\"wp-block-lindy-key-info section section--key-info theme--dark section--animation-none\"><div class=\"contained\"><div class=\"grid-2_sm-1-center\"><div class=\"col left_item\"><div class=\"box box--border\"><h3 class=\"section__heading\">Les produits et cam\u00e9ras AVer pour un duo parfait<\/h3><div class=\"section__content\"><p class=\"section__content\"><strong>Cam\u00e9ras USB s\u00e9rie<\/strong> <strong>CAM<\/strong> :\u00a0connectivit\u00e9 plug-and-play simple pour des vid\u00e9oconf\u00e9rences sans effort.<br\/><br\/><strong>MT300\/100 Matrix Tracking Box<\/strong> : suivi intelligent du pr\u00e9sentateur avec commutation fluide entre les cam\u00e9ras.<br\/><br\/><strong>Cam\u00e9ras autosuiveuse s\u00e9rie TR<\/strong> :\u00a0 Suivi IA avanc\u00e9 qui suit automatiquement les orateurs.<br\/><br\/><strong>Cam\u00e9ras<\/strong> <strong>PTZ200\/300 Series PTZ PRO AV<\/strong> : Commande fluide du panoramique, de l&rsquo;inclinaison et du zoom pour une couverture dynamique dans les grands espaces.<br\/><br\/><strong>Cam\u00e9ras m\u00e9dical MD Grade PTZ<\/strong> : Imagerie ultra-pr\u00e9cise con\u00e7ue pour r\u00e9pondre aux normes m\u00e9dicales.<\/p><\/div><\/div><\/div><div class=\"col right_item\"><div class=\"box box--border\"><h3 class=\"section__heading\">RALLONGE ACTIVE PRO USB 3.0 Lindy <\/h3><div class=\"section__content\"><p class=\"section__content\"><strong>Rallonge USB active jusqu&rsquo;\u00e0 20 m <\/strong>:<strong>\u00a0<\/strong>Performances USB fiables bien au-del\u00e0 des longueurs de c\u00e2ble standard.<br\/><br\/><strong>Prise en charge du syst\u00e8me modulaire<\/strong> :<strong>\u00a0<\/strong>combinez facilement avec d&rsquo;autres rallonges Pro pour une plus grande flexibilit\u00e9.<br\/><br\/><strong>USB 3.2 Gen 1 (SuperSpeed)<\/strong>:<strong>\u00a0<\/strong>Bande passante compl\u00e8te de 5Gbit\/s pour une communication rapide entre les appareils.<br\/><br\/><strong>Connecteurs ver<\/strong>r<strong>ouillables<\/strong> :<strong>\u00a0<\/strong>fixation s\u00e9curis\u00e9e pour les applications professionnelles et industrielles.<br\/><br\/><strong>Plug &amp; Play<\/strong>:\u00a0Installation facile, sans pilote ni configuration n\u00e9cessaire.<\/p><\/div><\/div><\/div><\/div><\/div><\/section>\n\n\n\n<section class=\"wp-block-lindy-image-text-module section section--full-width-image full-width-image--with-text theme--light section--animation-none align--left  font--size-medium\" style=\"background-image:url(https:\/\/lindy.com\/eu\/wp-content\/uploads\/sites\/10\/2025\/12\/Lindy-product.png)\"><img decoding=\"async\" class=\"full-width-image__image\" src=\"https:\/\/lindy.com\/eu\/wp-content\/uploads\/sites\/10\/2025\/12\/Lindy-product.png\"\/><div class=\"contained\"><div class=\"full-width-image__content\"><\/div><\/div><\/section>\n\n\n\n<section class=\"wp-block-lindy-heading-text section section--heading-text theme--dark align--center font--camber font--size-small section--animation-none\"><div class=\"contained\"><h2 class=\"section__heading\"><span>Test\u00e9 par AVer. Approuv\u00e9 par AVer. Utilisez les rallonges USB Lindy pour des performances optimales avec les cam\u00e9ras AVer suivantes\u2026<\/span><\/h2><\/div><\/section>\n\n\n\n<section class=\"wp-block-lindy-image-text-module section section--full-width-image full-width-image--with-text theme--light section--animation-none align--left  font--size-medium\" style=\"background-image:url(https:\/\/lindy.com\/eu\/wp-content\/uploads\/sites\/10\/2025\/12\/Aver-product.png)\"><img decoding=\"async\" class=\"full-width-image__image\" src=\"https:\/\/lindy.com\/eu\/wp-content\/uploads\/sites\/10\/2025\/12\/Aver-product.png\"\/><div class=\"contained\"><div class=\"full-width-image__content\"><\/div><\/div><\/section>\n\n\n\n<section class=\"wp-block-lindy-parallax-hero section parallax-hero theme--dark align--left font--camber font--size-medium\" style=\"background-image:url(https:\/\/lindy.com\/eu\/wp-content\/uploads\/sites\/10\/2025\/12\/tr615.jpg)\"><div class=\"contained contained--full-width\"><div class=\"parallax-hero__content\"><div class=\"parallax-hero__content-wrapper align--left\"><h2 class=\"section__subheading section__subheading__title\">\u00ab La collaboration entre aver et lindy a simplifi\u00e9 le d\u00e9ploiement, r\u00e9duit les co\u00fbts d&rsquo;infrastructure et garanti \u00e0 nos clients des performances fiables \u00e0 chaque fois. \u00bb<\/h2><p class=\"section__paragraph\"><br\/>Rene Buhay, Vice Pr\u00e9sident, ventes et marketing chez AVer Europe<\/p><\/div><\/div><\/div><\/section>\n\n\n\n<section class=\"wp-block-lindy-image-text-module section section--full-width-image full-width-image--with-text theme--light section--animation-none align--center  font--size-medium\" style=\"background-image:url()\"><img decoding=\"async\" class=\"full-width-image__image\" src=\"\"\/><div class=\"contained\"><div class=\"full-width-image__content\"><h2 class=\"section__heading\"><span>R\u00c9SULTATS &amp; AVANTAGES<\/span><\/h2><p class=\"section__paragraph\"><br\/>L\u2019utilisation des rallonges actives USB 3.0 Lindy avec les cam\u00e9ras AVer offre plus de flexibilit\u00e9 d\u2019installation, permettant de placer les cam\u00e9ras au-del\u00e0 des limites USB standard. Cette solution simplifie l\u2019infrastructure, conserve toutes les fonctionnalit\u00e9s PTZ, suivi et imagerie, et assure une connectivit\u00e9 vid\u00e9o USB fiable et \u00e9conomique sur de longues distances.<\/p><\/div><\/div><\/section>\n\n\n\n<section class=\"wp-block-lindy-icon-section section section--icon font--size-small align--center theme--light\"><div class=\"contained\"><div class=\"grid-4_md-2_xs-1-spaceAround icons\"><div class=\"col\"><div class=\"icon-block icon-block--0\"><img decoding=\"async\" class=\"icon-block__image\" src=\"https:\/\/lindy.com\/eu\/wp-content\/uploads\/sites\/10\/2026\/01\/Efficiency.png\"\/><div class=\"icon-block__content\"><h3 class=\"icon-title\">EFFICACIT\u00c9 DES R\u00c9UNIONS AM\u00c9LIOR\u00c9E<\/h3><p class=\"icon-text\"><\/p><\/div><\/div><\/div><div class=\"col\"><div class=\"icon-block icon-block--1\"><img decoding=\"async\" class=\"icon-block__image\" src=\"https:\/\/lindy.com\/eu\/wp-content\/uploads\/sites\/10\/2026\/01\/10.png\"\/><div class=\"icon-block__content\"><h3 class=\"icon-title\">RENTABILIT\u00c9<\/h3><p class=\"icon-text\"><\/p><\/div><\/div><\/div><div class=\"col\"><div class=\"icon-block icon-block--2\"><img decoding=\"async\" class=\"icon-block__image\" src=\"https:\/\/lindy.com\/eu\/wp-content\/uploads\/sites\/10\/2026\/01\/Zuverlassigkeit-Langlebigkeit_white.png\"\/><div class=\"icon-block__content\"><h3 class=\"icon-title\">Fiabilit\u00e9 \n&amp; DURABILIT\u00c9<\/h3><p class=\"icon-text\"><\/p><\/div><\/div><\/div><div class=\"col\"><div class=\"icon-block icon-block--3\"><img decoding=\"async\" class=\"icon-block__image\" src=\"https:\/\/lindy.com\/eu\/wp-content\/uploads\/sites\/10\/2026\/01\/Kunden-Zufriedenheit_white.png\"\/><div class=\"icon-block__content\"><h3 class=\"icon-title\">SATISFACTION CLIENT<\/h3><p class=\"icon-text\"><\/p><\/div><\/div><\/div><\/div><\/div><\/section>\n\n\n\n<section class=\"wp-block-lindy-parallax-hero section parallax-hero theme--dark align--center  font--size-medium\" style=\"background-image:url(https:\/\/lindy.com\/eu\/wp-content\/uploads\/sites\/10\/2026\/01\/tr615_3.jpg)\"><div class=\"contained contained--full-width\"><div class=\"parallax-hero__content\"><div class=\"parallax-hero__content-wrapper align--center\"><h2 class=\"section__heading\"><span>CONCLUSION<\/span><\/h2><p class=\"section__paragraph\"><br\/>La conclusion \u00e9tait sans appel : AVer a choisi et recommande d\u00e9sormais les rallonges actives USB Lindy comme solution fiable. \u00c9conomiques, flexibles et surtout fiables, les c\u00e2bles Lindy constituent la r\u00e9f\u00e9rence pour toute installation o\u00f9 la performance est incontournable et o\u00f9 la distance n&rsquo;est pas un obstacle.<\/p><\/div><\/div><\/div><\/section>\n\n\n\n<section class=\"wp-block-lindy-image-text-module section section--full-width-image full-width-image--with-text theme--dark section--animation-none align--left  font--size-medium width--half\" style=\"background-image:url(https:\/\/lindy.com\/eu\/wp-content\/uploads\/sites\/10\/2026\/02\/Mock-up-case-sudy-Aver.jpg)\"><img decoding=\"async\" class=\"full-width-image__image\" src=\"https:\/\/lindy.com\/eu\/wp-content\/uploads\/sites\/10\/2026\/02\/Mock-up-case-sudy-Aver.jpg\"\/><div class=\"contained\"><div class=\"full-width-image__content\"><\/div><\/div><\/section>\n\n\n\n<section class=\"wp-block-lindy-image-text-module section section--full-width-image full-width-image--with-text theme--dark section--animation-none align--center  font--size-small width--half\" style=\"background-image:url()\"><img decoding=\"async\" class=\"full-width-image__image\" src=\"\"\/><div class=\"contained\"><div class=\"full-width-image__content\"><h2 class=\"section__subheading section__subheading__title\">Vous avez trouv\u00e9 cette<br\/>\u00e9tude de cas instructive ?\u00a0<\/h2><p class=\"section__paragraph\"><br\/><strong><strong><strong><strong><strong><strong>Conservez-la en un clic<\/strong><\/strong><\/strong><\/strong><\/strong><\/strong><\/p><a href=\"https:\/\/lindy.com\/fr\/wp-content\/uploads\/sites\/4\/2026\/02\/Lindy-x-AVer-Case-Study-FR.pdf\" class=\"button button--white-transparent\" target=\"_blank\" rel=\"noopener noreferrer\">\ud83d\udce5 t\u00e9l\u00e9charger la version pdf<\/a><\/div><\/div><\/section>\n","protected":false},"excerpt":{"rendered":"","protected":false},"author":28,"featured_media":0,"parent":0,"menu_order":0,"comment_status":"closed","ping_status":"closed","template":"page-templates\/template-landing.php","meta":{"_acf_changed":false,"footnotes":""},"class_list":["post-7214","page","type-page","status-publish","hentry"],"acf":[],"yoast_head":"<!-- This site is optimized with the Yoast SEO plugin v26.6 - https:\/\/yoast.com\/wordpress\/plugins\/seo\/ -->\n<title>\u00c9TUDE DE CAS AVER - Lindy - French<\/title>\n<meta name=\"robots\" content=\"index, follow, max-snippet:-1, max-image-preview:large, max-video-preview:-1\" \/>\n<link rel=\"canonical\" href=\"https:\/\/lindy.com\/fr\/etude-de-cas-aver\/\" \/>\n<meta property=\"og:locale\" content=\"fr_FR\" \/>\n<meta property=\"og:type\" content=\"article\" \/>\n<meta property=\"og:title\" content=\"\u00c9TUDE DE CAS AVER - Lindy - French\" \/>\n<meta property=\"og:url\" content=\"https:\/\/lindy.com\/fr\/etude-de-cas-aver\/\" \/>\n<meta property=\"og:site_name\" content=\"Lindy - French\" \/>\n<meta property=\"article:modified_time\" content=\"2026-02-23T13:41:30+00:00\" \/>\n<meta property=\"og:image\" content=\"https:\/\/lindy.com\/eu\/wp-content\/uploads\/sites\/10\/2026\/01\/Main-Image-2-1.jpg\" \/>\n<meta name=\"twitter:card\" content=\"summary_large_image\" \/>\n<meta name=\"twitter:label1\" content=\"Dur\u00e9e de lecture estim\u00e9e\" \/>\n\t<meta name=\"twitter:data1\" content=\"6 minutes\" \/>\n<script type=\"application\/ld+json\" class=\"yoast-schema-graph\">{\"@context\":\"https:\/\/schema.org\",\"@graph\":[{\"@type\":\"WebPage\",\"@id\":\"https:\/\/lindy.com\/fr\/etude-de-cas-aver\/\",\"url\":\"https:\/\/lindy.com\/fr\/etude-de-cas-aver\/\",\"name\":\"\u00c9TUDE DE CAS AVER - Lindy - French\",\"isPartOf\":{\"@id\":\"https:\/\/lindy.com\/fr\/#website\"},\"primaryImageOfPage\":{\"@id\":\"https:\/\/lindy.com\/fr\/etude-de-cas-aver\/#primaryimage\"},\"image\":{\"@id\":\"https:\/\/lindy.com\/fr\/etude-de-cas-aver\/#primaryimage\"},\"thumbnailUrl\":\"https:\/\/lindy.com\/eu\/wp-content\/uploads\/sites\/10\/2026\/01\/Main-Image-2-1.jpg\",\"datePublished\":\"2026-02-23T13:40:18+00:00\",\"dateModified\":\"2026-02-23T13:41:30+00:00\",\"breadcrumb\":{\"@id\":\"https:\/\/lindy.com\/fr\/etude-de-cas-aver\/#breadcrumb\"},\"inLanguage\":\"fr-FR\",\"potentialAction\":[{\"@type\":\"ReadAction\",\"target\":[\"https:\/\/lindy.com\/fr\/etude-de-cas-aver\/\"]}]},{\"@type\":\"ImageObject\",\"inLanguage\":\"fr-FR\",\"@id\":\"https:\/\/lindy.com\/fr\/etude-de-cas-aver\/#primaryimage\",\"url\":\"https:\/\/lindy.com\/eu\/wp-content\/uploads\/sites\/10\/2026\/01\/Main-Image-2-1.jpg\",\"contentUrl\":\"https:\/\/lindy.com\/eu\/wp-content\/uploads\/sites\/10\/2026\/01\/Main-Image-2-1.jpg\"},{\"@type\":\"BreadcrumbList\",\"@id\":\"https:\/\/lindy.com\/fr\/etude-de-cas-aver\/#breadcrumb\",\"itemListElement\":[{\"@type\":\"ListItem\",\"position\":1,\"name\":\"Home\",\"item\":\"https:\/\/lindy.com\/fr\/\"},{\"@type\":\"ListItem\",\"position\":2,\"name\":\"\u00c9TUDE DE CAS AVER\"}]},{\"@type\":\"WebSite\",\"@id\":\"https:\/\/lindy.com\/fr\/#website\",\"url\":\"https:\/\/lindy.com\/fr\/\",\"name\":\"Lindy - French\",\"description\":\"Connection Perfection\",\"potentialAction\":[{\"@type\":\"SearchAction\",\"target\":{\"@type\":\"EntryPoint\",\"urlTemplate\":\"https:\/\/lindy.com\/fr\/?s={search_term_string}\"},\"query-input\":{\"@type\":\"PropertyValueSpecification\",\"valueRequired\":true,\"valueName\":\"search_term_string\"}}],\"inLanguage\":\"fr-FR\"}]}<\/script>\n<!-- \/ Yoast SEO plugin. -->","yoast_head_json":{"title":"\u00c9TUDE DE CAS AVER - Lindy - French","robots":{"index":"index","follow":"follow","max-snippet":"max-snippet:-1","max-image-preview":"max-image-preview:large","max-video-preview":"max-video-preview:-1"},"canonical":"https:\/\/lindy.com\/fr\/etude-de-cas-aver\/","og_locale":"fr_FR","og_type":"article","og_title":"\u00c9TUDE DE CAS AVER - Lindy - French","og_url":"https:\/\/lindy.com\/fr\/etude-de-cas-aver\/","og_site_name":"Lindy - French","article_modified_time":"2026-02-23T13:41:30+00:00","og_image":[{"url":"https:\/\/lindy.com\/eu\/wp-content\/uploads\/sites\/10\/2026\/01\/Main-Image-2-1.jpg","type":"","width":"","height":""}],"twitter_card":"summary_large_image","twitter_misc":{"Dur\u00e9e de lecture estim\u00e9e":"6 minutes"},"schema":{"@context":"https:\/\/schema.org","@graph":[{"@type":"WebPage","@id":"https:\/\/lindy.com\/fr\/etude-de-cas-aver\/","url":"https:\/\/lindy.com\/fr\/etude-de-cas-aver\/","name":"\u00c9TUDE DE CAS AVER - Lindy - French","isPartOf":{"@id":"https:\/\/lindy.com\/fr\/#website"},"primaryImageOfPage":{"@id":"https:\/\/lindy.com\/fr\/etude-de-cas-aver\/#primaryimage"},"image":{"@id":"https:\/\/lindy.com\/fr\/etude-de-cas-aver\/#primaryimage"},"thumbnailUrl":"https:\/\/lindy.com\/eu\/wp-content\/uploads\/sites\/10\/2026\/01\/Main-Image-2-1.jpg","datePublished":"2026-02-23T13:40:18+00:00","dateModified":"2026-02-23T13:41:30+00:00","breadcrumb":{"@id":"https:\/\/lindy.com\/fr\/etude-de-cas-aver\/#breadcrumb"},"inLanguage":"fr-FR","potentialAction":[{"@type":"ReadAction","target":["https:\/\/lindy.com\/fr\/etude-de-cas-aver\/"]}]},{"@type":"ImageObject","inLanguage":"fr-FR","@id":"https:\/\/lindy.com\/fr\/etude-de-cas-aver\/#primaryimage","url":"https:\/\/lindy.com\/eu\/wp-content\/uploads\/sites\/10\/2026\/01\/Main-Image-2-1.jpg","contentUrl":"https:\/\/lindy.com\/eu\/wp-content\/uploads\/sites\/10\/2026\/01\/Main-Image-2-1.jpg"},{"@type":"BreadcrumbList","@id":"https:\/\/lindy.com\/fr\/etude-de-cas-aver\/#breadcrumb","itemListElement":[{"@type":"ListItem","position":1,"name":"Home","item":"https:\/\/lindy.com\/fr\/"},{"@type":"ListItem","position":2,"name":"\u00c9TUDE DE CAS AVER"}]},{"@type":"WebSite","@id":"https:\/\/lindy.com\/fr\/#website","url":"https:\/\/lindy.com\/fr\/","name":"Lindy - French","description":"Connection Perfection","potentialAction":[{"@type":"SearchAction","target":{"@type":"EntryPoint","urlTemplate":"https:\/\/lindy.com\/fr\/?s={search_term_string}"},"query-input":{"@type":"PropertyValueSpecification","valueRequired":true,"valueName":"search_term_string"}}],"inLanguage":"fr-FR"}]}},"_links":{"self":[{"href":"https:\/\/lindy.com\/fr\/wp-json\/wp\/v2\/pages\/7214","targetHints":{"allow":["GET"]}}],"collection":[{"href":"https:\/\/lindy.com\/fr\/wp-json\/wp\/v2\/pages"}],"about":[{"href":"https:\/\/lindy.com\/fr\/wp-json\/wp\/v2\/types\/page"}],"author":[{"embeddable":true,"href":"https:\/\/lindy.com\/fr\/wp-json\/wp\/v2\/users\/28"}],"replies":[{"embeddable":true,"href":"https:\/\/lindy.com\/fr\/wp-json\/wp\/v2\/comments?post=7214"}],"version-history":[{"count":3,"href":"https:\/\/lindy.com\/fr\/wp-json\/wp\/v2\/pages\/7214\/revisions"}],"predecessor-version":[{"id":7229,"href":"https:\/\/lindy.com\/fr\/wp-json\/wp\/v2\/pages\/7214\/revisions\/7229"}],"wp:attachment":[{"href":"https:\/\/lindy.com\/fr\/wp-json\/wp\/v2\/media?parent=7214"}],"curies":[{"name":"wp","href":"https:\/\/api.w.org\/{rel}","templated":true}]}}