{"id":7313,"date":"2026-03-09T13:07:03","date_gmt":"2026-03-09T13:07:03","guid":{"rendered":"https:\/\/lindy.com\/fr\/?page_id=7313"},"modified":"2026-04-15T11:44:33","modified_gmt":"2026-04-15T11:44:33","slug":"etude-de-cas-avem","status":"publish","type":"page","link":"https:\/\/lindy.com\/fr\/etude-de-cas-avem\/","title":{"rendered":"\u00c9TUDE DE CAS AVEM"},"content":{"rendered":"\n<section class=\"wp-block-lindy-image-text-module section section--full-width-image full-width-image--with-text theme--dark section--animation-none align--center  font--size-large\" style=\"background-image:url(https:\/\/lindy.com\/eu\/wp-content\/uploads\/sites\/10\/2026\/02\/Avem-header-1.jpg)\"><img decoding=\"async\" class=\"full-width-image__image\" src=\"https:\/\/lindy.com\/eu\/wp-content\/uploads\/sites\/10\/2026\/02\/Avem-header-1.jpg\"\/><div class=\"contained\"><div class=\"full-width-image__content\"><h2 class=\"section__heading\"><span>LINDY x GROUPE AVEM<\/span><\/h2><h2 class=\"section__subheading section__subheading__title\">FA\u00c7ONNER L\u2019AVENIR DE LA BANQUE CONNECT\u00c9E<\/h2><\/div><\/div><\/section>\n\n\n\n<section class=\"wp-block-lindy-heading-text section section--heading-text theme--light align--center  font--size-medium section--animation-none\"><div class=\"contained\"><h2 class=\"section__heading\"><span><br\/>Priv\u00e9e, fiable, connect\u00e9e \u2014 l\u2019avenir de la banque<\/span><\/h2><\/div><\/section>\n\n\n\n<section class=\"wp-block-lindy-key-info section section--key-info theme--light section--animation-none\"><div class=\"contained\"><div class=\"grid-2_sm-1-center\"><div class=\"col left_item\"><div class=\"box\"><h3 class=\"section__heading\"><\/h3><div class=\"section__content\"><p class=\"section__content\">Groupe AVEM, acteur majeur des solutions digitales et de paiement pour les \u00e9tablissements financiers en France, avait besoin d\u2019une solution de connectivit\u00e9 fiable, discr\u00e8te et performante pour sa nouvelle g\u00e9n\u00e9ration de bornes interactives en libre-service.<br\/>Ces bornes permettent aux clients d\u2019effectuer des transactions s\u00e9curis\u00e9es et de communiquer en toute confidentialit\u00e9 avec des conseillers \u00e0 distance.<\/p><\/div><\/div><\/div><div class=\"col right_item\"><div class=\"box\"><h3 class=\"section__heading\"><\/h3><div class=\"section__content\"><p class=\"section__content\">Pour r\u00e9pondre \u00e0 ces exigences, AVEM a collabor\u00e9 avec Lindy afin de d\u00e9ployer un syst\u00e8me robuste de c\u00e2blage et d\u2019extension de signal, int\u00e9grant le transfert de donn\u00e9es sur longue distance, l\u2019extraction audio ainsi qu\u2019une diffusion sonore directionnelle.<\/p><\/div><\/div><\/div><\/div><\/div><\/section>\n\n\n\n<section class=\"wp-block-lindy-image-text-module section section--full-width-image full-width-image--with-text theme--dark section--animation-none align--left  font--size-medium width--half\" style=\"background-image:url()\"><img decoding=\"async\" class=\"full-width-image__image\" src=\"\"\/><div class=\"contained\"><div class=\"full-width-image__content\"><h2 class=\"section__heading\"><span>LE D\u00c9FI<\/span><\/h2><p class=\"section__paragraph\"><br\/>Les banques doivent aujourd\u2019hui trouver l\u2019\u00e9quilibre entre autonomie des clients et service personnalis\u00e9. Le client d\u2019AVEM, une grande banque fran\u00e7aise, souhaitait d\u00e9ployer des bornes intelligentes permettant un acc\u00e8s s\u00e9curis\u00e9 aux comptes, une identification NFC et une assistance vid\u00e9o priv\u00e9e via webcam et audio directionnel. Le principal d\u00e9fi consistait \u00e0 assurer une transmission fiable des signaux USB, HDMI et audio sur 70 m\u00e8tres, tout en garantissant une confidentialit\u00e9 totale et une installation propre et discr\u00e8te dans chaque agence.<\/p><\/div><\/div><\/section>\n\n\n\n<section class=\"wp-block-lindy-image-text-module section section--full-width-image full-width-image--with-text theme--dark section--animation-none align--left  font--size-medium width--half\" style=\"background-image:url(https:\/\/lindy.com\/eu\/wp-content\/uploads\/sites\/10\/2026\/02\/DX8000_bakery_contactless_card_HD-980x654-1.png)\"><img decoding=\"async\" class=\"full-width-image__image\" src=\"https:\/\/lindy.com\/eu\/wp-content\/uploads\/sites\/10\/2026\/02\/DX8000_bakery_contactless_card_HD-980x654-1.png\"\/><div class=\"contained\"><div class=\"full-width-image__content\"><\/div><\/div><\/section>\n\n\n\n<section class=\"wp-block-lindy-heading-text section section--heading-text theme--light align--center  font--size-medium section--animation-none\"><div class=\"contained\"><h2 class=\"section__heading\"><span><br\/>LA SOLUTION lindy<\/span><\/h2><\/div><\/section>\n\n\n\n<section class=\"wp-block-lindy-key-info section section--key-info theme--light section--animation-none\"><div class=\"contained\"><div class=\"grid-2_sm-1-center\"><div class=\"col left_item\"><div class=\"box\"><h3 class=\"section__heading\"><\/h3><div class=\"section__content\"><p class=\"section__content\">AVEM a mis en place une solution de connectivit\u00e9 int\u00e9gr\u00e9e utilisant la technologie Lindy pour relier<br\/>les terminaux clients aux syst\u00e8mes s\u00e9curis\u00e9s du back-office de la banque. Ce dispositif permet la transmission sur longue distance des signaux vid\u00e9o, donn\u00e9es et audio avec une fiabilit\u00e9 exceptionnelle et sans perte de qualit\u00e9. L\u2019audio est extrait directement<\/p><\/div><\/div><\/div><div class=\"col right_item\"><div class=\"box\"><h3 class=\"section__heading\"><\/h3><div class=\"section__content\"><p class=\"section__content\">au sein de la borne et dirig\u00e9 vers un haut-parleur directionnel, garantissant une communication confidentielle entre les clients et les conseillers<br\/>\u00e0 distance. Le r\u00e9sultat est un syst\u00e8me \u00e0 la fois discret<br\/>et optimis\u00e9, qui simplifie l\u2019installation, r\u00e9duit<br\/>la complexit\u00e9 du c\u00e2blage et offre une exp\u00e9rience s\u00e9curis\u00e9e et performante pour les clients comme<br\/>pour le personnel de la banque.<\/p><\/div><\/div><\/div><\/div><\/div><\/section>\n\n\n\n<section class=\"wp-block-lindy-heading-text section section--heading-text theme--dark align--center  font--size-medium section--animation-none\"><div class=\"contained\"><h2 class=\"section__heading\"><span><br\/>PRODUITS UTILIS\u00c9S<\/span><\/h2><\/div><\/section>\n\n\n\n<section class=\"wp-block-lindy-image-text-module section section--full-width-image full-width-image--with-text theme--dark section--animation-none align--left font--camber font--size-small width--half\" style=\"background-image:url(https:\/\/lindy.com\/eu\/wp-content\/uploads\/sites\/10\/2026\/02\/38208_black_half-width.png)\"><img decoding=\"async\" class=\"full-width-image__image\" src=\"https:\/\/lindy.com\/eu\/wp-content\/uploads\/sites\/10\/2026\/02\/38208_black_half-width.png\"\/><div class=\"contained\"><div class=\"full-width-image__content\"><h2 class=\"section__heading\"><span>Extender HDMI\u00ae 4K30 &amp; IR Cat.6 70m<\/span><\/h2><h2 class=\"section__subheading section__subheading__title\">No. 38208<\/h2><p class=\"section__paragraph\"><br\/>\u00c9tend les signaux HDMI\u00ae et IR jusqu\u2019\u00e0 70 m <br\/>\u00e0 l\u2019aide d\u2019un seul c\u00e2ble Cat.6.<\/p><a href=\"https:\/\/www.lindy.fr\/Extender-HDMI-4K30-IR-Cat-6-70m-avec-PoC-Loop-Out.htm?websale8=ld0101.ld031103&amp;pi=38208&amp;ci=20\" class=\"button button--white-transparent\" target=\"_blank\" rel=\"noopener noreferrer\">d\u00e9couvrir<\/a><\/div><\/div><\/section>\n\n\n\n<section class=\"wp-block-lindy-image-text-module section section--full-width-image full-width-image--with-text theme--dark section--animation-none align--left font--camber font--size-small width--half\" style=\"background-image:url(https:\/\/lindy.com\/eu\/wp-content\/uploads\/sites\/10\/2026\/02\/38167-Products_avem_Half_width.png)\"><img decoding=\"async\" class=\"full-width-image__image\" src=\"https:\/\/lindy.com\/eu\/wp-content\/uploads\/sites\/10\/2026\/02\/38167-Products_avem_Half_width.png\"\/><div class=\"contained\"><div class=\"full-width-image__content\"><h2 class=\"section__heading\"><span>Extracteur audio HDMI\u00ae 4K30<\/span><\/h2><h2 class=\"section__subheading section__subheading__title\">no. 38167<\/h2><p class=\"section__paragraph\"><br\/>Diffuse l\u2019audio 4K de mani\u00e8re s\u00e9par\u00e9e <br\/>tout en conservant la qualit\u00e9 de la vid\u00e9o.<\/p><a href=\"https:\/\/www.lindy.fr\/Extracteur-audio-HDMI-4K.htm?websale8=ld0101.ld031103&amp;pi=38167&amp;ci=20\" class=\"button button--white-transparent\" target=\"_blank\" rel=\"noopener noreferrer\">d\u00e9couvrir<\/a><\/div><\/div><\/section>\n\n\n\n<section class=\"wp-block-lindy-image-text-module section section--full-width-image full-width-image--with-text theme--dark section--animation-none align--left font--camber font--size-small width--half\" style=\"background-image:url(https:\/\/lindy.com\/eu\/wp-content\/uploads\/sites\/10\/2026\/02\/35214_black_half-width.png)\"><img decoding=\"async\" class=\"full-width-image__image\" src=\"https:\/\/lindy.com\/eu\/wp-content\/uploads\/sites\/10\/2026\/02\/35214_black_half-width.png\"\/><div class=\"contained\"><div class=\"full-width-image__content\"><h2 class=\"section__heading\"><span>C\u00e2ble TosLink \/ SPDIF, 5m<\/span><\/h2><h2 class=\"section__subheading section__subheading__title\">no. 35214<\/h2><p class=\"section__paragraph\"><br\/>Offre un son num\u00e9rique clair avec <br\/>une qualit\u00e9 optique et sans interf\u00e9rence.<\/p><a href=\"https:\/\/www.lindy.fr\/Cable-TosLink-SPDIF-5m.htm?websale8=ld0101.ld031103&amp;pi=35214&amp;ci=80\" class=\"button button--white-transparent\" target=\"_blank\" rel=\"noopener noreferrer\">d\u00e9couvrir<\/a><\/div><\/div><\/section>\n\n\n\n<section class=\"wp-block-lindy-image-text-module section section--full-width-image full-width-image--with-text theme--dark section--animation-none align--left font--camber font--size-small width--half\" style=\"background-image:url(https:\/\/lindy.com\/eu\/wp-content\/uploads\/sites\/10\/2026\/02\/47739_black_half-width.png)\"><img decoding=\"async\" class=\"full-width-image__image\" src=\"https:\/\/lindy.com\/eu\/wp-content\/uploads\/sites\/10\/2026\/02\/47739_black_half-width.png\"\/><div class=\"contained\"><div class=\"full-width-image__content\"><h2 class=\"section__heading\"><span>C\u00e2ble r\u00e9seau Rouge Cat.6 S\/FTP, 15m<\/span><\/h2><h2 class=\"section__subheading section__subheading__title\">no. 47739<\/h2><p class=\"section__paragraph\"><br\/>Fournit des connexions rapides et stables <br\/>gr\u00e2ce \u00e0 un c\u00e2ble Cat6 blind\u00e9.<\/p><a href=\"https:\/\/www.lindy.fr\/Cable-reseau-Rouge-Cat-6-S-FTP-15m.htm?websale8=ld0101.ld031103&amp;pi=47739&amp;ci=80\" class=\"button button--white-transparent\" target=\"_blank\" rel=\"noopener noreferrer\">d\u00e9couvrir<\/a><\/div><\/div><\/section>\n\n\n\n<section class=\"wp-block-lindy-image-text-module section section--full-width-image full-width-image--with-text theme--dark section--animation-none align--left font--camber font--size-small\" style=\"background-image:url(https:\/\/lindy.com\/eu\/wp-content\/uploads\/sites\/10\/2026\/02\/43410_black_full_width.png)\"><img decoding=\"async\" class=\"full-width-image__image\" src=\"https:\/\/lindy.com\/eu\/wp-content\/uploads\/sites\/10\/2026\/02\/43410_black_full_width.png\"\/><div class=\"contained\"><div class=\"full-width-image__content\"><h2 class=\"section__heading\"><span>Extender USB 3.2 Gen 1 Cat.6A HDBaseT<\/span><\/h2><h2 class=\"section__subheading section__subheading__title\">no. 43410<\/h2><p class=\"section__paragraph\"><br\/>Extension USB 3.2 haute performance sur 100 m, <br\/>offrant une vitesse de 5 Gbit\/s.<\/p><a href=\"https:\/\/www.lindy.fr\/Extender-USB-3-2-Gen-1-Cat-6A-HDBaseT-100m.htm?websale8=ld0101.ld031103&amp;pi=43410&amp;ci=2002\" class=\"button button--white-transparent\" target=\"_blank\" rel=\"noopener noreferrer\">d\u00e9couvrir<\/a><\/div><\/div><\/section>\n\n\n\n<section class=\"wp-block-lindy-parallax-hero section parallax-hero theme--dark align--left font--camber font--size-medium\" style=\"background-image:url(https:\/\/lindy.com\/eu\/wp-content\/uploads\/sites\/10\/2026\/02\/Testimonial.png)\"><div class=\"contained contained--full-width\"><div class=\"parallax-hero__content\"><div class=\"parallax-hero__content-wrapper align--left\"><h2 class=\"section__subheading section__subheading__title\">\u201cUne connectivit\u00e9 fiable est la cl\u00e9 d\u2019une exp\u00e9rience client fluide. Dans le secteur bancaire, allier performance, s\u00e9curit\u00e9 et simplicit\u00e9 est essentiel pour concevoir des solutions permettant \u00e0 la technologie de servir les utilisateurs en toute confiance et efficacit\u00e9.\u201d<\/h2><p class=\"section__paragraph\"><br\/>Olivier Carre, Chef de projet, Groupe AVEM<\/p><\/div><\/div><\/div><\/section>\n\n\n\n<section class=\"wp-block-lindy-heading-text section section--heading-text theme--dark align--center  font--size-medium section--animation-none\"><div class=\"contained\"><h2 class=\"section__heading\"><span>R\u00c9SULTATS &amp; AVANTAGES<\/span><\/h2><\/div><\/section>\n\n\n\n<section class=\"wp-block-lindy-key-info section section--key-info theme--dark section--animation-none\"><div class=\"contained\"><div class=\"grid-2_sm-1-center\"><div class=\"col left_item\"><div class=\"box\"><h3 class=\"section__heading\"><\/h3><div class=\"section__content\"><p class=\"section__content\">La solution AVEM\u2013Lindy a offert \u00e0 la banque un point d\u2019interaction client \u00e0 la fois s\u00e9curis\u00e9, fiable et \u00e9l\u00e9gant, alliant connectivit\u00e9 avanc\u00e9e et confidentialit\u00e9.<br\/>Cette solution a apport\u00e9 de nombreux avantages concrets \u00e0 la banque. L\u2019exp\u00e9rience audio priv\u00e9e<br\/>a garanti des communications confidentielles entre<br\/>les clients et les conseillers \u00e0 distance gr\u00e2ce<br\/>\u00e0 la technologie de son directionnel. L\u2019installation<br\/>a \u00e9t\u00e9 simplifi\u00e9e, avec un c\u00e2blage plus court et plus facile \u00e0 int\u00e9grer dans l\u2019infrastructure existante.<\/p><\/div><\/div><\/div><div class=\"col right_item\"><div class=\"box\"><h3 class=\"section__heading\"><\/h3><div class=\"section__content\"><p class=\"section__content\">Le syst\u00e8me a assur\u00e9 des performances fiables<br\/>sur longue distance, en maintenant la qualit\u00e9<br\/>des signaux entre les bornes et les salles serveurs s\u00e9curis\u00e9es sans interruption.<br\/>Dans l\u2019ensemble, il a renforc\u00e9 le service client en offrant des options de libre-service et d\u2019assistance \u00e0 distance plus rapides et flexibles, am\u00e9liorant \u00e0 la fois l\u2019efficacit\u00e9 et l\u2019exp\u00e9rience utilisateur.<\/p><\/div><\/div><\/div><\/div><\/div><\/section>\n\n\n\n<section class=\"wp-block-lindy-icon-section section section--icon font--size-small align--center theme--dark\"><div class=\"contained\"><div class=\"grid-4_md-2_xs-1-spaceAround icons\"><div class=\"col\"><div class=\"icon-block icon-block--0\"><img decoding=\"async\" class=\"icon-block__image\" src=\"https:\/\/lindy.com\/eu\/wp-content\/uploads\/sites\/10\/2026\/02\/1.png\"\/><div class=\"icon-block__content\"><h3 class=\"icon-title\">S\u00e9curit\u00e9 \net Fiabilit\u00e9<\/h3><p class=\"icon-text\"><\/p><\/div><\/div><\/div><div class=\"col\"><div class=\"icon-block icon-block--1\"><img decoding=\"async\" class=\"icon-block__image\" src=\"https:\/\/lindy.com\/eu\/wp-content\/uploads\/sites\/10\/2026\/02\/2.png\"\/><div class=\"icon-block__content\"><h3 class=\"icon-title\">SOLUTION RENTABLE<\/h3><p class=\"icon-text\"><\/p><\/div><\/div><\/div><div class=\"col\"><div class=\"icon-block icon-block--2\"><img decoding=\"async\" class=\"icon-block__image\" src=\"https:\/\/lindy.com\/eu\/wp-content\/uploads\/sites\/10\/2026\/02\/3.png\"\/><div class=\"icon-block__content\"><h3 class=\"icon-title\">SATISFACTION CLIENT<\/h3><p class=\"icon-text\"><\/p><\/div><\/div><\/div><div class=\"col\"><div class=\"icon-block icon-block--3\"><img decoding=\"async\" class=\"icon-block__image\" src=\"https:\/\/lindy.com\/eu\/wp-content\/uploads\/sites\/10\/2026\/02\/4.png\"\/><div class=\"icon-block__content\"><h3 class=\"icon-title\">\u00c9VOLUTION ET FLEXIBILIT\u00c9<\/h3><p class=\"icon-text\"><\/p><\/div><\/div><\/div><\/div><\/div><\/section>\n\n\n\n<section class=\"wp-block-lindy-image-text-module section section--full-width-image full-width-image--with-text theme--light section--animation-none align--center  font--size-medium\" style=\"background-image:url()\"><img decoding=\"async\" class=\"full-width-image__image\" src=\"\"\/><div class=\"contained\"><div class=\"full-width-image__content\"><h2 class=\"section__heading\"><span>CONCLUSIONS ET POINTS \u00c0 RETENIR<\/span><\/h2><p class=\"section__paragraph\"><br\/>En combinant l&rsquo;expertise d&rsquo;AVEM en mati\u00e8re de technologie bancaire et les solutions de connectivit\u00e9 \u00e9prouv\u00e9es de Lindy, le projet a permis de moderniser avec succ\u00e8s le service \u00e0 la client\u00e8le en agence.<br\/><br\/>Le r\u00e9sultat : <strong>une exp\u00e9rience s\u00e9curis\u00e9e, efficace et centr\u00e9e sur l&rsquo;humain<\/strong>, rendue possible gr\u00e2ce \u00e0 l&rsquo;ing\u00e9nierie de pr\u00e9cision de Lindy.<br\/><\/p><a href=\"https:\/\/www.avem-groupe.com\/\" class=\"button button--dark\" target=\"_blank\" rel=\"noopener noreferrer\">d\u00e9couvrir groupe avem<\/a><\/div><\/div><\/section>\n\n\n\n<section class=\"wp-block-lindy-image-text-module section section--full-width-image full-width-image--with-text theme--dark section--animation-none align--left  font--size-medium width--half\" style=\"background-image:url(https:\/\/lindy.com\/eu\/wp-content\/uploads\/sites\/10\/2026\/02\/Mock-up-case-sudy-Avem.jpg)\"><img decoding=\"async\" class=\"full-width-image__image\" src=\"https:\/\/lindy.com\/eu\/wp-content\/uploads\/sites\/10\/2026\/02\/Mock-up-case-sudy-Avem.jpg\"\/><div class=\"contained\"><div class=\"full-width-image__content\"><\/div><\/div><\/section>\n\n\n\n<section class=\"wp-block-lindy-image-text-module section section--full-width-image full-width-image--with-text theme--dark section--animation-none align--center  font--size-small width--half\" style=\"background-image:url()\"><img decoding=\"async\" class=\"full-width-image__image\" src=\"\"\/><div class=\"contained\"><div class=\"full-width-image__content\"><h2 class=\"section__subheading section__subheading__title\">Vous avez trouv\u00e9 cette<br\/>\u00e9tude de cas instructive ?\u00a0<\/h2><p class=\"section__paragraph\"><br\/><strong><strong><strong>Conservez-la en un clic<\/strong><\/strong><\/strong><\/p><a href=\"https:\/\/lindy.com\/fr\/wp-content\/uploads\/sites\/4\/2026\/04\/Lindy-x-Avem-Case-Study-FR.pdf\" class=\"button button--white-transparent\" target=\"_blank\" rel=\"noopener noreferrer\">\ud83d\udce5 T\u00e9l\u00e9charger la version pdf<\/a><\/div><\/div><\/section>\n","protected":false},"excerpt":{"rendered":"","protected":false},"author":28,"featured_media":0,"parent":0,"menu_order":0,"comment_status":"closed","ping_status":"closed","template":"page-templates\/template-landing.php","meta":{"_acf_changed":false,"footnotes":""},"class_list":["post-7313","page","type-page","status-publish","hentry"],"acf":[],"yoast_head":"<!-- This site is optimized with the Yoast SEO plugin v26.6 - https:\/\/yoast.com\/wordpress\/plugins\/seo\/ -->\n<title>\u00c9TUDE DE CAS AVEM - Lindy - French<\/title>\n<meta name=\"robots\" content=\"index, follow, max-snippet:-1, max-image-preview:large, max-video-preview:-1\" \/>\n<link rel=\"canonical\" href=\"https:\/\/lindy.com\/fr\/etude-de-cas-avem\/\" \/>\n<meta property=\"og:locale\" content=\"fr_FR\" \/>\n<meta property=\"og:type\" content=\"article\" \/>\n<meta property=\"og:title\" content=\"\u00c9TUDE DE CAS AVEM - Lindy - French\" \/>\n<meta property=\"og:url\" content=\"https:\/\/lindy.com\/fr\/etude-de-cas-avem\/\" \/>\n<meta property=\"og:site_name\" content=\"Lindy - French\" \/>\n<meta property=\"article:modified_time\" content=\"2026-04-15T11:44:33+00:00\" \/>\n<meta property=\"og:image\" content=\"https:\/\/lindy.com\/eu\/wp-content\/uploads\/sites\/10\/2026\/02\/Avem-header-1.jpg\" \/>\n<meta name=\"twitter:card\" content=\"summary_large_image\" \/>\n<meta name=\"twitter:label1\" content=\"Dur\u00e9e de lecture estim\u00e9e\" \/>\n\t<meta name=\"twitter:data1\" content=\"7 minutes\" \/>\n<script type=\"application\/ld+json\" class=\"yoast-schema-graph\">{\"@context\":\"https:\/\/schema.org\",\"@graph\":[{\"@type\":\"WebPage\",\"@id\":\"https:\/\/lindy.com\/fr\/etude-de-cas-avem\/\",\"url\":\"https:\/\/lindy.com\/fr\/etude-de-cas-avem\/\",\"name\":\"\u00c9TUDE DE CAS AVEM - Lindy - French\",\"isPartOf\":{\"@id\":\"https:\/\/lindy.com\/fr\/#website\"},\"primaryImageOfPage\":{\"@id\":\"https:\/\/lindy.com\/fr\/etude-de-cas-avem\/#primaryimage\"},\"image\":{\"@id\":\"https:\/\/lindy.com\/fr\/etude-de-cas-avem\/#primaryimage\"},\"thumbnailUrl\":\"https:\/\/lindy.com\/eu\/wp-content\/uploads\/sites\/10\/2026\/02\/Avem-header-1.jpg\",\"datePublished\":\"2026-03-09T13:07:03+00:00\",\"dateModified\":\"2026-04-15T11:44:33+00:00\",\"breadcrumb\":{\"@id\":\"https:\/\/lindy.com\/fr\/etude-de-cas-avem\/#breadcrumb\"},\"inLanguage\":\"fr-FR\",\"potentialAction\":[{\"@type\":\"ReadAction\",\"target\":[\"https:\/\/lindy.com\/fr\/etude-de-cas-avem\/\"]}]},{\"@type\":\"ImageObject\",\"inLanguage\":\"fr-FR\",\"@id\":\"https:\/\/lindy.com\/fr\/etude-de-cas-avem\/#primaryimage\",\"url\":\"https:\/\/lindy.com\/eu\/wp-content\/uploads\/sites\/10\/2026\/02\/Avem-header-1.jpg\",\"contentUrl\":\"https:\/\/lindy.com\/eu\/wp-content\/uploads\/sites\/10\/2026\/02\/Avem-header-1.jpg\"},{\"@type\":\"BreadcrumbList\",\"@id\":\"https:\/\/lindy.com\/fr\/etude-de-cas-avem\/#breadcrumb\",\"itemListElement\":[{\"@type\":\"ListItem\",\"position\":1,\"name\":\"Home\",\"item\":\"https:\/\/lindy.com\/fr\/\"},{\"@type\":\"ListItem\",\"position\":2,\"name\":\"\u00c9TUDE DE CAS AVEM\"}]},{\"@type\":\"WebSite\",\"@id\":\"https:\/\/lindy.com\/fr\/#website\",\"url\":\"https:\/\/lindy.com\/fr\/\",\"name\":\"Lindy - French\",\"description\":\"Connection Perfection\",\"potentialAction\":[{\"@type\":\"SearchAction\",\"target\":{\"@type\":\"EntryPoint\",\"urlTemplate\":\"https:\/\/lindy.com\/fr\/?s={search_term_string}\"},\"query-input\":{\"@type\":\"PropertyValueSpecification\",\"valueRequired\":true,\"valueName\":\"search_term_string\"}}],\"inLanguage\":\"fr-FR\"}]}<\/script>\n<!-- \/ Yoast SEO plugin. -->","yoast_head_json":{"title":"\u00c9TUDE DE CAS AVEM - Lindy - French","robots":{"index":"index","follow":"follow","max-snippet":"max-snippet:-1","max-image-preview":"max-image-preview:large","max-video-preview":"max-video-preview:-1"},"canonical":"https:\/\/lindy.com\/fr\/etude-de-cas-avem\/","og_locale":"fr_FR","og_type":"article","og_title":"\u00c9TUDE DE CAS AVEM - Lindy - French","og_url":"https:\/\/lindy.com\/fr\/etude-de-cas-avem\/","og_site_name":"Lindy - French","article_modified_time":"2026-04-15T11:44:33+00:00","og_image":[{"url":"https:\/\/lindy.com\/eu\/wp-content\/uploads\/sites\/10\/2026\/02\/Avem-header-1.jpg","type":"","width":"","height":""}],"twitter_card":"summary_large_image","twitter_misc":{"Dur\u00e9e de lecture estim\u00e9e":"7 minutes"},"schema":{"@context":"https:\/\/schema.org","@graph":[{"@type":"WebPage","@id":"https:\/\/lindy.com\/fr\/etude-de-cas-avem\/","url":"https:\/\/lindy.com\/fr\/etude-de-cas-avem\/","name":"\u00c9TUDE DE CAS AVEM - Lindy - French","isPartOf":{"@id":"https:\/\/lindy.com\/fr\/#website"},"primaryImageOfPage":{"@id":"https:\/\/lindy.com\/fr\/etude-de-cas-avem\/#primaryimage"},"image":{"@id":"https:\/\/lindy.com\/fr\/etude-de-cas-avem\/#primaryimage"},"thumbnailUrl":"https:\/\/lindy.com\/eu\/wp-content\/uploads\/sites\/10\/2026\/02\/Avem-header-1.jpg","datePublished":"2026-03-09T13:07:03+00:00","dateModified":"2026-04-15T11:44:33+00:00","breadcrumb":{"@id":"https:\/\/lindy.com\/fr\/etude-de-cas-avem\/#breadcrumb"},"inLanguage":"fr-FR","potentialAction":[{"@type":"ReadAction","target":["https:\/\/lindy.com\/fr\/etude-de-cas-avem\/"]}]},{"@type":"ImageObject","inLanguage":"fr-FR","@id":"https:\/\/lindy.com\/fr\/etude-de-cas-avem\/#primaryimage","url":"https:\/\/lindy.com\/eu\/wp-content\/uploads\/sites\/10\/2026\/02\/Avem-header-1.jpg","contentUrl":"https:\/\/lindy.com\/eu\/wp-content\/uploads\/sites\/10\/2026\/02\/Avem-header-1.jpg"},{"@type":"BreadcrumbList","@id":"https:\/\/lindy.com\/fr\/etude-de-cas-avem\/#breadcrumb","itemListElement":[{"@type":"ListItem","position":1,"name":"Home","item":"https:\/\/lindy.com\/fr\/"},{"@type":"ListItem","position":2,"name":"\u00c9TUDE DE CAS AVEM"}]},{"@type":"WebSite","@id":"https:\/\/lindy.com\/fr\/#website","url":"https:\/\/lindy.com\/fr\/","name":"Lindy - French","description":"Connection Perfection","potentialAction":[{"@type":"SearchAction","target":{"@type":"EntryPoint","urlTemplate":"https:\/\/lindy.com\/fr\/?s={search_term_string}"},"query-input":{"@type":"PropertyValueSpecification","valueRequired":true,"valueName":"search_term_string"}}],"inLanguage":"fr-FR"}]}},"_links":{"self":[{"href":"https:\/\/lindy.com\/fr\/wp-json\/wp\/v2\/pages\/7313","targetHints":{"allow":["GET"]}}],"collection":[{"href":"https:\/\/lindy.com\/fr\/wp-json\/wp\/v2\/pages"}],"about":[{"href":"https:\/\/lindy.com\/fr\/wp-json\/wp\/v2\/types\/page"}],"author":[{"embeddable":true,"href":"https:\/\/lindy.com\/fr\/wp-json\/wp\/v2\/users\/28"}],"replies":[{"embeddable":true,"href":"https:\/\/lindy.com\/fr\/wp-json\/wp\/v2\/comments?post=7313"}],"version-history":[{"count":10,"href":"https:\/\/lindy.com\/fr\/wp-json\/wp\/v2\/pages\/7313\/revisions"}],"predecessor-version":[{"id":7604,"href":"https:\/\/lindy.com\/fr\/wp-json\/wp\/v2\/pages\/7313\/revisions\/7604"}],"wp:attachment":[{"href":"https:\/\/lindy.com\/fr\/wp-json\/wp\/v2\/media?parent=7313"}],"curies":[{"name":"wp","href":"https:\/\/api.w.org\/{rel}","templated":true}]}}