{"id":7418,"date":"2026-03-26T09:06:34","date_gmt":"2026-03-26T09:06:34","guid":{"rendered":"https:\/\/lindy.com\/fr\/?page_id=7418"},"modified":"2026-03-26T09:06:34","modified_gmt":"2026-03-26T09:06:34","slug":"etude-de-cas-nc","status":"publish","type":"page","link":"https:\/\/lindy.com\/fr\/etude-de-cas-nc\/","title":{"rendered":"\u00c9TUDE DE CAS N&amp;C"},"content":{"rendered":"\n<section class=\"wp-block-lindy-image-text-module section section--full-width-image full-width-image--with-text theme--dark section--animation-none align--center  font--size-large\" style=\"background-image:url(https:\/\/lindy.com\/eu\/wp-content\/uploads\/sites\/10\/2026\/02\/header-landingpage-N-C.jpg)\"><img decoding=\"async\" class=\"full-width-image__image\" src=\"https:\/\/lindy.com\/eu\/wp-content\/uploads\/sites\/10\/2026\/02\/header-landingpage-N-C.jpg\"\/><div class=\"contained\"><div class=\"full-width-image__content\"><h2 class=\"section__heading\"><span>LE VERDICT EST CLAIR :<\/span><\/h2><h2 class=\"section__subheading section__subheading__title\">LINDY GARANTIT LA FIABILIT\u00c9.<\/h2><\/div><\/div><\/section>\n\n\n\n<section class=\"wp-block-lindy-heading-text section section--heading-text theme--light align--center  font--size-medium section--animation-none\"><div class=\"contained\"><h2 class=\"section__heading\"><span><br\/>ASSURER UNE COMMUNICATION FIABLE AU C\u0152UR DU TRIBUNAL DE VENISE<\/span><\/h2><\/div><\/section>\n\n\n\n<section class=\"wp-block-lindy-key-info section section--key-info theme--light section--animation-none\"><div class=\"contained\"><div class=\"grid-2_sm-1-center\"><div class=\"col left_item\"><div class=\"box\"><h3 class=\"section__heading\"><\/h3><div class=\"section__content\"><p class=\"section__content\">Dans le cadre d\u2019un projet du minist\u00e8re de la Justice,<br\/>le partenaire de longue date de Lindy, N&amp;C SRL, a con\u00e7u et install\u00e9 une salle de conf\u00e9rence multim\u00e9dia ainsi qu\u2019une salle polyvalente au tribunal de Venise, en Italie.<br\/>L\u2019objectif principal du projet \u00e9tait de cr\u00e9er<br\/>un environnement technologique avanc\u00e9, fiable et facile \u00e0 utiliser, <\/p><\/div><\/div><\/div><div class=\"col right_item\"><div class=\"box\"><h3 class=\"section__heading\"><\/h3><div class=\"section__content\"><p class=\"section__content\">capable de prendre en charge une grande vari\u00e9t\u00e9 d\u2019activit\u00e9s, allant des audiences judiciaires aux conf\u00e9rences professionnelles.<br\/>Il convient de souligner que le client avait auparavant utilis\u00e9 des solutions d\u2019autres fournisseurs, qui ont ensuite \u00e9t\u00e9 remplac\u00e9es par des produits Lindy afin d\u2019obtenir une fiabilit\u00e9 accrue, une stabilit\u00e9 des signaux et de meilleures performances d\u2019int\u00e9gration.<\/p><\/div><\/div><\/div><\/div><\/div><\/section>\n\n\n\n<section class=\"wp-block-lindy-image-text-module section section--full-width-image full-width-image--with-text theme--dark section--animation-none align--left  font--size-medium width--half\" style=\"background-image:url()\"><img decoding=\"async\" class=\"full-width-image__image\" src=\"\"\/><div class=\"contained\"><div class=\"full-width-image__content\"><h2 class=\"section__heading\"><span>LE D\u00c9FI<\/span><\/h2><p class=\"section__paragraph\"><br\/>L\u2019installation n\u00e9cessitait une infrastructure audiovisuelle compl\u00e8te et enti\u00e8rement int\u00e9gr\u00e9e, capable d\u2019assurer une stabilit\u00e9 des signaux ininterrompue et une transmission de haute qualit\u00e9 sur plusieurs appareils et \u00e9crans.<br\/>Compte tenu de la complexit\u00e9 du syst\u00e8me et des exigences strictes de performance du minist\u00e8re de la Justice, garantir \u00e0 la fois une fiabilit\u00e9 op\u00e9rationnelle et une facilit\u00e9 de contr\u00f4le repr\u00e9sentait une priorit\u00e9 majeure.<\/p><\/div><\/div><\/section>\n\n\n\n<section class=\"wp-block-lindy-image-text-module section section--full-width-image full-width-image--with-text theme--dark section--animation-none align--left  font--size-medium width--half\" style=\"background-image:url(https:\/\/lindy.com\/eu\/wp-content\/uploads\/sites\/10\/2026\/02\/1732141603952.jpeg)\"><img decoding=\"async\" class=\"full-width-image__image\" src=\"https:\/\/lindy.com\/eu\/wp-content\/uploads\/sites\/10\/2026\/02\/1732141603952.jpeg\"\/><div class=\"contained\"><div class=\"full-width-image__content\"><\/div><\/div><\/section>\n\n\n\n<section class=\"wp-block-lindy-image-text-module section section--full-width-image full-width-image--with-text theme--light section--animation-none align--left  font--size-medium width--half\" style=\"background-image:url(https:\/\/lindy.com\/eu\/wp-content\/uploads\/sites\/10\/2026\/02\/1732141605387.jpeg)\"><img decoding=\"async\" class=\"full-width-image__image\" src=\"https:\/\/lindy.com\/eu\/wp-content\/uploads\/sites\/10\/2026\/02\/1732141605387.jpeg\"\/><div class=\"contained\"><div class=\"full-width-image__content\"><\/div><\/div><\/section>\n\n\n\n<section class=\"wp-block-lindy-image-text-module section section--full-width-image full-width-image--with-text theme--light section--animation-none align--left  font--size-medium width--half\" style=\"background-image:url()\"><img decoding=\"async\" class=\"full-width-image__image\" src=\"\"\/><div class=\"contained\"><div class=\"full-width-image__content\"><h2 class=\"section__heading\"><span>LA SOLUTION LINDY<\/span><\/h2><p class=\"section__paragraph\"><br\/>Pour r\u00e9pondre \u00e0 ces exigences, N&amp;C SRL a d\u00e9ploy\u00e9 un syst\u00e8me audiovisuel int\u00e9gr\u00e9 bas\u00e9 sur les solutions Lindy, garantissant des performances fiables. Il comprenait un contr\u00f4le centralis\u00e9, des prolongateurs et c\u00e2bles HDMI\u00ae\/USB pour une transmission stable sur longue distance, des murs vid\u00e9o haute r\u00e9solution et une configuration de conf\u00e9rence filaire et sans fil.<br\/><br\/>Des microphones sans fil et une distribution sonore homog\u00e8ne ont assur\u00e9 une couverture audio claire, offrant un syst\u00e8me professionnel \u00e9volutif, parfaitement adapt\u00e9 \u00e0 un environnement judiciaire.<\/p><\/div><\/div><\/section>\n\n\n\n<section class=\"wp-block-lindy-heading-text section section--heading-text theme--dark align--center  font--size-medium section--animation-none\"><div class=\"contained\"><h2 class=\"section__heading\"><span>PRODUITS UTILIS\u00c9S<\/span><\/h2><\/div><\/section>\n\n\n\n<section class=\"wp-block-lindy-image-text-module section section--full-width-image full-width-image--with-text theme--dark section--animation-none align--left font--camber font--size-small width--half\" style=\"background-image:url(https:\/\/lindy.com\/eu\/wp-content\/uploads\/sites\/10\/2026\/02\/38139black_half-width.png)\"><img decoding=\"async\" class=\"full-width-image__image\" src=\"https:\/\/lindy.com\/eu\/wp-content\/uploads\/sites\/10\/2026\/02\/38139black_half-width.png\"\/><div class=\"contained\"><div class=\"full-width-image__content\"><h2 class=\"section__heading\"><span>kit extender Cat.6 HDMI\u00ae 4K30, IR &amp;<br\/>RS-232 HDBaseT<\/span><\/h2><h2 class=\"section__subheading section__subheading__title\">no. 38139<\/h2><p class=\"section__paragraph\"><br\/>Prolonge HDMI\u00ae jusqu\u2019\u00e0 70\u202fm via Cat.6 avec 4K30\u202fHz, IR\/RS\u2011232 et PoC gr\u00e2ce \u00e0 la technologie HDBaseT.<\/p><a href=\"https:\/\/www.lindy.fr\/Kit-extender-Cat-6-4K30-IR-RS-232-HDBaseT-avec-PoC-70m.htm?websale8=ld0101.ld031103&amp;pi=38139&amp;ci=20\" class=\"button button--white-transparent\" target=\"_blank\" rel=\"noopener noreferrer\">d\u00e9couvrir<\/a><\/div><\/div><\/section>\n\n\n\n<section class=\"wp-block-lindy-image-text-module section section--full-width-image full-width-image--with-text theme--dark section--animation-none align--left font--camber font--size-small width--half\" style=\"background-image:url(https:\/\/lindy.com\/eu\/wp-content\/uploads\/sites\/10\/2026\/02\/38155black_half-width.png)\"><img decoding=\"async\" class=\"full-width-image__image\" src=\"https:\/\/lindy.com\/eu\/wp-content\/uploads\/sites\/10\/2026\/02\/38155black_half-width.png\"\/><div class=\"contained\"><div class=\"full-width-image__content\"><h2 class=\"section__heading\"><span>Kit Extender Splitter 4 Ports HDMI\u00ae 4K30 &amp; IR, Cat.6 70m<\/span><\/h2><h2 class=\"section__subheading section__subheading__title\">no. 38155<\/h2><p class=\"section__paragraph\"><br\/>Diffuse HDMI\u00ae 4K vers 4 \u00e9crans sur 70\u202fm via Cat.6 avec contr\u00f4le IR, boucle de sortie et PoC pour une installation simplifi\u00e9e.<\/p><a href=\"https:\/\/www.lindy.fr\/Kit-Extender-Splitter-4-Ports-HDMI-4K30-IR-avec-Loop-Out-Cat-6-70m.htm?websale8=ld0101.ld031103&amp;pi=38155&amp;ci=20\" class=\"button button--white-transparent\" target=\"_blank\" rel=\"noopener noreferrer\">d\u00e9couvrir<\/a><\/div><\/div><\/section>\n\n\n\n<section class=\"wp-block-lindy-image-text-module section section--full-width-image full-width-image--with-text theme--dark section--animation-none align--left font--camber font--size-small width--half\" style=\"background-image:url(https:\/\/lindy.com\/eu\/wp-content\/uploads\/sites\/10\/2026\/02\/37871-37873_black_half-width.png)\"><img decoding=\"async\" class=\"full-width-image__image\" src=\"https:\/\/lindy.com\/eu\/wp-content\/uploads\/sites\/10\/2026\/02\/37871-37873_black_half-width.png\"\/><div class=\"contained\"><div class=\"full-width-image__content\"><h2 class=\"section__heading\"><span>C\u00e2ble HDMI\u00ae High Speed, Cromo Line, 1m, 2m et 3m<\/span><\/h2><h2 class=\"section__subheading section__subheading__title\">no. 37871-37873<\/h2><p class=\"section__paragraph\"><br\/>C\u00e2bles HDMI\u00ae 2.0 haut de gamme offrant une vid\u00e9o 4K60\u202fHz ultra\u2011claire, un son haute fid\u00e9lit\u00e9<br\/>et une conception robuste en chrome.<\/p><a href=\"https:\/\/www.lindy.fr\/websale8\/?Ctx=%257bver%252f8%252fver%257d%257bst%252f3ea%252fst%257d%257bcmd%252f0%252fcmd%257d%257bm%252fwebsale%252fm%257d%257bs%252fld0101%252fs%257d%257bl%252fld031103%252fl%257d%257bmi%252f801501%252fmi%257d%257bpoh%252f1%252fpoh%257d%257bmd5%252f781b8592934a4ccc4d2328f64df33475%252fmd5%257d&amp;ws_catfilter_01=HDMI+A+m%E2le+vers+HDMI+A+m%E2le&amp;ws_catfilter_02=&amp;ws_catfilter_03=&amp;ws_catfilter_04=Cromo+Line\" class=\"button button--white-transparent\" target=\"_blank\" rel=\"noopener noreferrer\">d\u00e9couvrir<\/a><\/div><\/div><\/section>\n\n\n\n<section class=\"wp-block-lindy-image-text-module section section--full-width-image full-width-image--with-text theme--dark section--animation-none align--left font--camber font--size-small width--half\" style=\"background-image:url(https:\/\/lindy.com\/eu\/wp-content\/uploads\/sites\/10\/2026\/02\/36919_black_half-width.png)\"><img decoding=\"async\" class=\"full-width-image__image\" src=\"https:\/\/lindy.com\/eu\/wp-content\/uploads\/sites\/10\/2026\/02\/36919_black_half-width.png\"\/><div class=\"contained\"><div class=\"full-width-image__content\"><h2 class=\"section__heading\"><span>C\u00e2ble USB 3.2 Type A vers C, 10Gbit\/s, Anthra Line, 3m<\/span><\/h2><h2 class=\"section__subheading section__subheading__title\">no. 36919<\/h2><p class=\"section__paragraph\"><br\/>C\u00e2ble USB-A vers USB-C de 3\u202fm offrant un transfert \u00e0 10\u202fGbit\/s, une charge de 100\u202fW et des connecteurs durables plaqu\u00e9s or et triple blindage.<\/p><a href=\"https:\/\/www.lindy.fr\/Cable-USB-3-2-Type-A-vers-C-10Gbit-s-Anthra-Line-3m.htm?websale8=ld0101.ld031103&amp;pi=36919&amp;ci=80\" class=\"button button--white-transparent\" target=\"_blank\" rel=\"noopener noreferrer\">d\u00e9couvrir<\/a><\/div><\/div><\/section>\n\n\n\n<section class=\"wp-block-lindy-parallax-hero section parallax-hero theme--dark align--left font--camber font--size-medium\" style=\"background-image:url(https:\/\/lindy.com\/eu\/wp-content\/uploads\/sites\/10\/2026\/02\/Testimonial_nc.jpg)\"><div class=\"contained contained--full-width\"><div class=\"parallax-hero__content\"><div class=\"parallax-hero__content-wrapper align--left\"><h2 class=\"section__subheading section__subheading__title\">\u201cLes solutions Lindy ont assur\u00e9 une fiabilit\u00e9 et une stabilit\u00e9 des signaux exceptionnelles tout au long de l\u2019installation au tribunal de Venise. Leur technologie nous a permis de r\u00e9pondre avec confiance et pr\u00e9cision aux exigences \u00e9lev\u00e9es du minist\u00e8re de la Justice\u201d.<\/h2><p class=\"section__paragraph\"><br\/>M. Fabio Tumminia, Responsable technique AVC chez N&amp;C<\/p><\/div><\/div><\/div><\/section>\n\n\n\n<section class=\"wp-block-lindy-heading-text section section--heading-text theme--light align--center  font--size-medium section--animation-none\"><div class=\"contained\"><h2 class=\"section__heading\"><span>R\u00c9SULTATS &amp; AVANTAGES<\/span><\/h2><\/div><\/section>\n\n\n\n<section class=\"wp-block-lindy-key-info section section--key-info theme--light section--animation-none\"><div class=\"contained\"><div class=\"grid-2_sm-1-center\"><div class=\"col left_item\"><div class=\"box\"><h3 class=\"section__heading\"><\/h3><div class=\"section__content\"><p class=\"section__content\">Le syst\u00e8me final offre une fiabilit\u00e9 et une int\u00e9grit\u00e9 des signaux exceptionnelles, m\u00eame dans<br\/>un environnement audiovisuel complexe.<br\/>Les extenders et c\u00e2bles haute qualit\u00e9 de Lindy ont assur\u00e9 une transmission stable, sans interruption, garantissant des performances professionnelles sur l\u2019ensemble du projet.<\/p><\/div><\/div><\/div><div class=\"col right_item\"><div class=\"box\"><h3 class=\"section__heading\"><\/h3><div class=\"section__content\"><p class=\"section__content\">N&amp;C SRL et le minist\u00e8re de la Justice se sont tous deux d\u00e9clar\u00e9s tr\u00e8s satisfaits des r\u00e9sultats, soulignant<br\/>la qualit\u00e9 de fabrication, l\u2019innovation technologique<br\/>et la facilit\u00e9 d\u2019int\u00e9gration des solutions Lindy. Ce projet d\u00e9montre comment la connectivit\u00e9 Lindy peut soutenir efficacement des environnements critiques tout<br\/>en simplifiant les op\u00e9rations quotidiennes.<\/p><\/div><\/div><\/div><\/div><\/div><\/section>\n\n\n\n<section class=\"wp-block-lindy-icon-section section section--icon font--size-small align--center theme--light\"><div class=\"contained\"><div class=\"grid-4_md-2_xs-1-spaceAround icons\"><div class=\"col\"><div class=\"icon-block icon-block--0\"><img decoding=\"async\" class=\"icon-block__image\" src=\"https:\/\/lindy.com\/eu\/wp-content\/uploads\/sites\/10\/2026\/02\/1-1.png\"\/><div class=\"icon-block__content\"><h3 class=\"icon-title\">PROCESSUS D\u2019INSTALLATION SIMPLIFI\u00c9<\/h3><p class=\"icon-text\"><\/p><\/div><\/div><\/div><div class=\"col\"><div class=\"icon-block icon-block--1\"><img decoding=\"async\" class=\"icon-block__image\" src=\"https:\/\/lindy.com\/eu\/wp-content\/uploads\/sites\/10\/2026\/02\/2-1.png\"\/><div class=\"icon-block__content\"><h3 class=\"icon-title\">S\u00e9curit\u00e9 \net Fiabilit\u00e9<\/h3><p class=\"icon-text\"><\/p><\/div><\/div><\/div><div class=\"col\"><div class=\"icon-block icon-block--2\"><img decoding=\"async\" class=\"icon-block__image\" src=\"https:\/\/lindy.com\/eu\/wp-content\/uploads\/sites\/10\/2026\/02\/3-1.png\"\/><div class=\"icon-block__content\"><h3 class=\"icon-title\">Satisfaction Client<\/h3><p class=\"icon-text\"><\/p><\/div><\/div><\/div><div class=\"col\"><div class=\"icon-block icon-block--3\"><img decoding=\"async\" class=\"icon-block__image\" src=\"https:\/\/lindy.com\/eu\/wp-content\/uploads\/sites\/10\/2026\/02\/4-1.png\"\/><div class=\"icon-block__content\"><h3 class=\"icon-title\">\u00c9volutivit\u00e9 et Flexibilit\u00e9<\/h3><p class=\"icon-text\"><\/p><\/div><\/div><\/div><\/div><\/div><\/section>\n\n\n\n<section class=\"wp-block-lindy-heading-text section section--heading-text theme--dark align--center  font--size-medium section--animation-none\"><div class=\"contained\"><h2 class=\"section__heading\"><span><br\/>CONCLUSIONS ET POINTS \u00c0 RETENIR<\/span><\/h2><\/div><\/section>\n\n\n\n<section class=\"wp-block-lindy-key-info section section--key-info theme--dark section--animation-none\"><div class=\"contained\"><div class=\"grid-2_sm-1-center\"><div class=\"col left_item\"><div class=\"box box--border\"><h3 class=\"section__heading\">R\u00c9USSITE DU PROJET<\/h3><div class=\"section__content\"><p class=\"section__content\">La collaboration entre N&amp;C SRL et Lindy a abouti \u00e0 la mise en place d&rsquo;un syst\u00e8me AV hautement fiable et enti\u00e8rement int\u00e9gr\u00e9 au tribunal de Venise, r\u00e9pondant ainsi aux exigences strictes du minist\u00e8re de la Justice. Ce projet montre comment une connectivit\u00e9 fiable peut am\u00e9liorer la communication, l&rsquo;efficacit\u00e9 et le professionnalisme au sein d&rsquo;environnements institutionnels complexes.<\/p><\/div><\/div><\/div><div class=\"col right_item\"><div class=\"box box--border\"><h3 class=\"section__heading\">Aper\u00e7u de l\u2019industrie<\/h3><div class=\"section__content\"><p class=\"section__content\">Alors que les institutions publiques et les organismes gouvernementaux s&rsquo;appuient de plus en plus sur des syst\u00e8mes multim\u00e9dias avanc\u00e9s pour la communication et la collaboration, une connectivit\u00e9 AV robuste et stable devient indispensable. La technologie de Lindy permet \u00e0 des int\u00e9grateurs tels que N&amp;C SRL de proposer des solutions hautement performantes et \u00e9volutives qui garantissent clart\u00e9, fiabilit\u00e9 et fonctionnement sans faille dans les espaces critiques.<\/p><\/div><\/div><\/div><\/div><\/div><\/section>\n\n\n\n<section class=\"wp-block-lindy-image-text-module section section--full-width-image full-width-image--with-text theme--light section--animation-none align--left  font--size-medium width--half\" style=\"background-image:url(https:\/\/lindy.com\/eu\/wp-content\/uploads\/sites\/10\/2026\/02\/Mock-up-case-sudy-NC.jpg)\"><img decoding=\"async\" class=\"full-width-image__image\" src=\"https:\/\/lindy.com\/eu\/wp-content\/uploads\/sites\/10\/2026\/02\/Mock-up-case-sudy-NC.jpg\"\/><div class=\"contained\"><div class=\"full-width-image__content\"><\/div><\/div><\/section>\n\n\n\n<section class=\"wp-block-lindy-image-text-module section section--full-width-image full-width-image--with-text theme--light section--animation-none align--center  font--size-small width--half\" style=\"background-image:url()\"><img decoding=\"async\" class=\"full-width-image__image\" src=\"\"\/><div class=\"contained\"><div class=\"full-width-image__content\"><h2 class=\"section__subheading section__subheading__title\">Vous avez trouv\u00e9 cette \u00e9tude de cas instructive ?<\/h2><p class=\"section__paragraph\"><br\/><strong><strong>Conservez-la en un clic<\/strong><\/strong><\/p><a href=\"https:\/\/lindy.com\/fr\/wp-content\/uploads\/sites\/4\/2026\/03\/Lindy-x-NC-Case-Study-FR.pdf\" class=\"button button--dark\" target=\"_blank\" rel=\"noopener noreferrer\">\ud83d\udce5 T\u00e9l\u00e9charger la version pdf<\/a><\/div><\/div><\/section>\n","protected":false},"excerpt":{"rendered":"","protected":false},"author":28,"featured_media":0,"parent":0,"menu_order":0,"comment_status":"closed","ping_status":"closed","template":"page-templates\/template-landing.php","meta":{"_acf_changed":false,"footnotes":""},"class_list":["post-7418","page","type-page","status-publish","hentry"],"acf":[],"yoast_head":"<!-- This site is optimized with the Yoast SEO plugin v26.6 - https:\/\/yoast.com\/wordpress\/plugins\/seo\/ -->\n<title>\u00c9TUDE DE CAS N&amp;C - Lindy - French<\/title>\n<meta name=\"robots\" content=\"index, follow, max-snippet:-1, max-image-preview:large, max-video-preview:-1\" \/>\n<link rel=\"canonical\" href=\"https:\/\/lindy.com\/fr\/etude-de-cas-nc\/\" \/>\n<meta property=\"og:locale\" content=\"fr_FR\" \/>\n<meta property=\"og:type\" content=\"article\" \/>\n<meta property=\"og:title\" content=\"\u00c9TUDE DE CAS N&amp;C - Lindy - French\" \/>\n<meta property=\"og:url\" content=\"https:\/\/lindy.com\/fr\/etude-de-cas-nc\/\" \/>\n<meta property=\"og:site_name\" content=\"Lindy - French\" \/>\n<meta property=\"og:image\" content=\"https:\/\/lindy.com\/eu\/wp-content\/uploads\/sites\/10\/2026\/02\/header-landingpage-N-C.jpg\" \/>\n<meta name=\"twitter:card\" content=\"summary_large_image\" \/>\n<meta name=\"twitter:label1\" content=\"Dur\u00e9e de lecture estim\u00e9e\" \/>\n\t<meta name=\"twitter:data1\" content=\"7 minutes\" \/>\n<script type=\"application\/ld+json\" class=\"yoast-schema-graph\">{\"@context\":\"https:\/\/schema.org\",\"@graph\":[{\"@type\":\"WebPage\",\"@id\":\"https:\/\/lindy.com\/fr\/etude-de-cas-nc\/\",\"url\":\"https:\/\/lindy.com\/fr\/etude-de-cas-nc\/\",\"name\":\"\u00c9TUDE DE CAS N&amp;C - Lindy - French\",\"isPartOf\":{\"@id\":\"https:\/\/lindy.com\/fr\/#website\"},\"primaryImageOfPage\":{\"@id\":\"https:\/\/lindy.com\/fr\/etude-de-cas-nc\/#primaryimage\"},\"image\":{\"@id\":\"https:\/\/lindy.com\/fr\/etude-de-cas-nc\/#primaryimage\"},\"thumbnailUrl\":\"https:\/\/lindy.com\/eu\/wp-content\/uploads\/sites\/10\/2026\/02\/header-landingpage-N-C.jpg\",\"datePublished\":\"2026-03-26T09:06:34+00:00\",\"breadcrumb\":{\"@id\":\"https:\/\/lindy.com\/fr\/etude-de-cas-nc\/#breadcrumb\"},\"inLanguage\":\"fr-FR\",\"potentialAction\":[{\"@type\":\"ReadAction\",\"target\":[\"https:\/\/lindy.com\/fr\/etude-de-cas-nc\/\"]}]},{\"@type\":\"ImageObject\",\"inLanguage\":\"fr-FR\",\"@id\":\"https:\/\/lindy.com\/fr\/etude-de-cas-nc\/#primaryimage\",\"url\":\"https:\/\/lindy.com\/eu\/wp-content\/uploads\/sites\/10\/2026\/02\/header-landingpage-N-C.jpg\",\"contentUrl\":\"https:\/\/lindy.com\/eu\/wp-content\/uploads\/sites\/10\/2026\/02\/header-landingpage-N-C.jpg\"},{\"@type\":\"BreadcrumbList\",\"@id\":\"https:\/\/lindy.com\/fr\/etude-de-cas-nc\/#breadcrumb\",\"itemListElement\":[{\"@type\":\"ListItem\",\"position\":1,\"name\":\"Home\",\"item\":\"https:\/\/lindy.com\/fr\/\"},{\"@type\":\"ListItem\",\"position\":2,\"name\":\"\u00c9TUDE DE CAS N&amp;C\"}]},{\"@type\":\"WebSite\",\"@id\":\"https:\/\/lindy.com\/fr\/#website\",\"url\":\"https:\/\/lindy.com\/fr\/\",\"name\":\"Lindy - French\",\"description\":\"Connection Perfection\",\"potentialAction\":[{\"@type\":\"SearchAction\",\"target\":{\"@type\":\"EntryPoint\",\"urlTemplate\":\"https:\/\/lindy.com\/fr\/?s={search_term_string}\"},\"query-input\":{\"@type\":\"PropertyValueSpecification\",\"valueRequired\":true,\"valueName\":\"search_term_string\"}}],\"inLanguage\":\"fr-FR\"}]}<\/script>\n<!-- \/ Yoast SEO plugin. -->","yoast_head_json":{"title":"\u00c9TUDE DE CAS N&amp;C - Lindy - French","robots":{"index":"index","follow":"follow","max-snippet":"max-snippet:-1","max-image-preview":"max-image-preview:large","max-video-preview":"max-video-preview:-1"},"canonical":"https:\/\/lindy.com\/fr\/etude-de-cas-nc\/","og_locale":"fr_FR","og_type":"article","og_title":"\u00c9TUDE DE CAS N&amp;C - Lindy - French","og_url":"https:\/\/lindy.com\/fr\/etude-de-cas-nc\/","og_site_name":"Lindy - French","og_image":[{"url":"https:\/\/lindy.com\/eu\/wp-content\/uploads\/sites\/10\/2026\/02\/header-landingpage-N-C.jpg","type":"","width":"","height":""}],"twitter_card":"summary_large_image","twitter_misc":{"Dur\u00e9e de lecture estim\u00e9e":"7 minutes"},"schema":{"@context":"https:\/\/schema.org","@graph":[{"@type":"WebPage","@id":"https:\/\/lindy.com\/fr\/etude-de-cas-nc\/","url":"https:\/\/lindy.com\/fr\/etude-de-cas-nc\/","name":"\u00c9TUDE DE CAS N&amp;C - Lindy - French","isPartOf":{"@id":"https:\/\/lindy.com\/fr\/#website"},"primaryImageOfPage":{"@id":"https:\/\/lindy.com\/fr\/etude-de-cas-nc\/#primaryimage"},"image":{"@id":"https:\/\/lindy.com\/fr\/etude-de-cas-nc\/#primaryimage"},"thumbnailUrl":"https:\/\/lindy.com\/eu\/wp-content\/uploads\/sites\/10\/2026\/02\/header-landingpage-N-C.jpg","datePublished":"2026-03-26T09:06:34+00:00","breadcrumb":{"@id":"https:\/\/lindy.com\/fr\/etude-de-cas-nc\/#breadcrumb"},"inLanguage":"fr-FR","potentialAction":[{"@type":"ReadAction","target":["https:\/\/lindy.com\/fr\/etude-de-cas-nc\/"]}]},{"@type":"ImageObject","inLanguage":"fr-FR","@id":"https:\/\/lindy.com\/fr\/etude-de-cas-nc\/#primaryimage","url":"https:\/\/lindy.com\/eu\/wp-content\/uploads\/sites\/10\/2026\/02\/header-landingpage-N-C.jpg","contentUrl":"https:\/\/lindy.com\/eu\/wp-content\/uploads\/sites\/10\/2026\/02\/header-landingpage-N-C.jpg"},{"@type":"BreadcrumbList","@id":"https:\/\/lindy.com\/fr\/etude-de-cas-nc\/#breadcrumb","itemListElement":[{"@type":"ListItem","position":1,"name":"Home","item":"https:\/\/lindy.com\/fr\/"},{"@type":"ListItem","position":2,"name":"\u00c9TUDE DE CAS N&amp;C"}]},{"@type":"WebSite","@id":"https:\/\/lindy.com\/fr\/#website","url":"https:\/\/lindy.com\/fr\/","name":"Lindy - French","description":"Connection Perfection","potentialAction":[{"@type":"SearchAction","target":{"@type":"EntryPoint","urlTemplate":"https:\/\/lindy.com\/fr\/?s={search_term_string}"},"query-input":{"@type":"PropertyValueSpecification","valueRequired":true,"valueName":"search_term_string"}}],"inLanguage":"fr-FR"}]}},"_links":{"self":[{"href":"https:\/\/lindy.com\/fr\/wp-json\/wp\/v2\/pages\/7418","targetHints":{"allow":["GET"]}}],"collection":[{"href":"https:\/\/lindy.com\/fr\/wp-json\/wp\/v2\/pages"}],"about":[{"href":"https:\/\/lindy.com\/fr\/wp-json\/wp\/v2\/types\/page"}],"author":[{"embeddable":true,"href":"https:\/\/lindy.com\/fr\/wp-json\/wp\/v2\/users\/28"}],"replies":[{"embeddable":true,"href":"https:\/\/lindy.com\/fr\/wp-json\/wp\/v2\/comments?post=7418"}],"version-history":[{"count":3,"href":"https:\/\/lindy.com\/fr\/wp-json\/wp\/v2\/pages\/7418\/revisions"}],"predecessor-version":[{"id":7430,"href":"https:\/\/lindy.com\/fr\/wp-json\/wp\/v2\/pages\/7418\/revisions\/7430"}],"wp:attachment":[{"href":"https:\/\/lindy.com\/fr\/wp-json\/wp\/v2\/media?parent=7418"}],"curies":[{"name":"wp","href":"https:\/\/api.w.org\/{rel}","templated":true}]}}