{"id":7487,"date":"2026-03-27T07:56:12","date_gmt":"2026-03-27T07:56:12","guid":{"rendered":"https:\/\/lindy.com\/fr\/?page_id=7487"},"modified":"2026-03-27T07:58:01","modified_gmt":"2026-03-27T07:58:01","slug":"etude-de-cas-sigma","status":"publish","type":"page","link":"https:\/\/lindy.com\/fr\/etude-de-cas-sigma\/","title":{"rendered":"\u00c9TUDE DE CAS SIGMA"},"content":{"rendered":"\n<section class=\"wp-block-lindy-image-text-module section section--full-width-image full-width-image--with-text theme--dark section--animation-none align--center  font--size-large\" style=\"background-image:url(https:\/\/lindy.com\/eu\/wp-content\/uploads\/sites\/10\/2026\/03\/Sigma-AV_Main-Image_without_text.jpg)\"><img decoding=\"async\" class=\"full-width-image__image\" src=\"https:\/\/lindy.com\/eu\/wp-content\/uploads\/sites\/10\/2026\/03\/Sigma-AV_Main-Image_without_text.jpg\"\/><div class=\"contained\"><div class=\"full-width-image__content\"><h2 class=\"section__heading\"><span>DES SIGNAUX IRR\u00c9PROCHABLES.<\/span><\/h2><h2 class=\"section__subheading section__subheading__title\">UNE EXP\u00c9RIENCE SANS LIMITES.<\/h2><\/div><\/div><\/section>\n\n\n\n<section class=\"wp-block-lindy-heading-text section section--heading-text theme--light align--center  font--size-medium section--animation-none\"><div class=\"contained\"><h2 class=\"section__heading\"><span><br\/>LINDY, LA CL\u00c9 DU SUCC\u00c8S SUR LES GRANDES SC\u00c8NES<\/span><\/h2><\/div><\/section>\n\n\n\n<section class=\"wp-block-lindy-key-info section section--key-info theme--light section--animation-none\"><div class=\"contained\"><div class=\"grid-2_sm-1-center\"><div class=\"col left_item\"><div class=\"box\"><h3 class=\"section__heading\"><\/h3><div class=\"section__content\"><p class=\"section__content\">SIGMA System Audio-Visuell est un int\u00e9grateur audiovisuel allemand bas\u00e9 \u00e0 D\u00fcsseldorf, sp\u00e9cialis\u00e9 dans les exp\u00e9riences \u00e0 fort impact, propuls\u00e9es par la technologie m\u00e9diatique, pour des marques internationales et des clients corporatifs. Situ\u00e9e \u00e0 l\u2019intersection de la technologie \u00e9v\u00e9nementielle, de l\u2019int\u00e9gration audiovisuelle et des m\u00e9dias interactifs, SIGMA propose des solutions de pointe pour les salons professionnels, les conf\u00e9rences et les environnements de marque immersifs.<\/p><\/div><\/div><\/div><div class=\"col right_item\"><div class=\"box\"><h3 class=\"section__heading\"><\/h3><div class=\"section__content\"><p class=\"section__content\">Dans le secteur corporate, SIGMA con\u00e7oit et int\u00e8gre des salles de conf\u00e9rence et des espaces de travail collaboratifs \u00e0 la pointe de la technologie alliant technologie et fonctionnalit\u00e9 intuitive pour des designs inspirants. Leur portfolio va des showrooms innovants aux studios de production \u00e0 grande \u00e9chelle pour des clients multinationales tels que Vodafone.<br\/>Comme chaque projet est sur mesure et bas\u00e9 sur l\u2019\u00e9v\u00e9nementiel, SIGMA mise sur une connectivit\u00e9 audiovisuelle fiable pour garantir stabilit\u00e9 et performance\u2014des besoins combl\u00e9s gr\u00e2ce aux produits de connectivit\u00e9 premium de Lindy.<\/p><\/div><\/div><\/div><\/div><\/div><\/section>\n\n\n\n<section class=\"wp-block-lindy-image-text-module section section--full-width-image full-width-image--with-text theme--dark section--animation-none align--left  font--size-medium width--half\" style=\"background-image:url()\"><img decoding=\"async\" class=\"full-width-image__image\" src=\"\"\/><div class=\"contained\"><div class=\"full-width-image__content\"><h2 class=\"section__heading\"><span>LE D\u00c9FI<\/span><\/h2><p class=\"section__paragraph\"><br\/>SIGMA con\u00e7oit et r\u00e9alise des exp\u00e9riences ax\u00e9es sur la technologie, o\u00f9 la fiabilit\u00e9 est essentielle. Des conf\u00e9rences de presse avec diffusion en direct \u00e0 l\u2019international aux showrooms immersifs ou aux salles de conf\u00e9rence parfaitement fonctionnelles, chaque projet repose sur une connectivit\u00e9 audiovisuelle fluide. L\u2019entreprise est confront\u00e9e \u00e0 trois d\u00e9fis principaux : maintenir une int\u00e9grit\u00e9 du signal irr\u00e9prochable dans des lieux complexes et souvent vastes, assurer la compatibilit\u00e9 entre diff\u00e9rents \u00e9quipements audiovisuels pour une int\u00e9gration rapide et efficace, et fonctionner avec une tol\u00e9rance z\u00e9ro aux erreurs, car la moindre interruption lors d\u2019un \u00e9v\u00e9nement en direct ou d\u2019une r\u00e9union est inacceptable.<br\/><\/p><\/div><\/div><\/section>\n\n\n\n<section class=\"wp-block-lindy-image-text-module section section--full-width-image full-width-image--with-text theme--dark section--animation-none align--left  font--size-medium width--half\" style=\"background-image:url(https:\/\/lindy.com\/eu\/wp-content\/uploads\/sites\/10\/2026\/03\/Challenge_-new.jpg)\"><img decoding=\"async\" class=\"full-width-image__image\" src=\"https:\/\/lindy.com\/eu\/wp-content\/uploads\/sites\/10\/2026\/03\/Challenge_-new.jpg\"\/><div class=\"contained\"><div class=\"full-width-image__content\"><\/div><\/div><\/section>\n\n\n\n<section class=\"wp-block-lindy-heading-text section section--heading-text theme--light align--center  font--size-medium section--animation-none\"><div class=\"contained\"><h2 class=\"section__heading\"><span><br\/>LA SOLUTION LINDY<\/span><\/h2><\/div><\/section>\n\n\n\n<section class=\"wp-block-lindy-key-info section section--key-info theme--light section--animation-none\"><div class=\"contained\"><div class=\"grid-2_sm-1-center\"><div class=\"col left_item\"><div class=\"box\"><h3 class=\"section__heading\"><\/h3><div class=\"section__content\"><p class=\"section__content\">Lindy fournit l\u2019infrastructure de connectivit\u00e9 id\u00e9ale pour les projets les plus exigeants de SIGMA. Elle allie fiabilit\u00e9, performance et flexibilit\u00e9 pour assurer un fonctionnement impeccable, m\u00eame dans des environnements live complexes. Avec un large choix de c\u00e2bles, convertisseurs et r\u00e9p\u00e9teurs de haute qualit\u00e9, Lindy permet une interop\u00e9rabilit\u00e9 fluide entre diff\u00e9rents syst\u00e8mes audiovisuels.<\/p><\/div><\/div><\/div><div class=\"col right_item\"><div class=\"box\"><h3 class=\"section__heading\"><\/h3><div class=\"section__content\"><p class=\"section__content\">SIGMA peut ainsi int\u00e9grer facilement des \u00e9quipements de pointe dans des infrastructures professionnelles. En utilisant les solutions premium de Lindy, SIGMA garantit des connexions stables et s\u00e9curis\u00e9es. Ces connexions r\u00e9pondent \u2014 et d\u00e9passent souvent \u2014 les attentes \u00e9lev\u00e9es des marques internationales pour chaque installation sur mesure et \u00e9v\u00e9nement en direct.<\/p><\/div><\/div><\/div><\/div><\/div><\/section>\n\n\n\n<section class=\"wp-block-lindy-heading-text section section--heading-text theme--dark align--center  font--size-medium section--animation-none\"><div class=\"contained\"><h2 class=\"section__heading\"><span><br\/>Produits fr\u00e9quemment utilis\u00e9s<\/span><\/h2><\/div><\/section>\n\n\n\n<section class=\"wp-block-lindy-image-text-module section section--full-width-image full-width-image--with-text theme--dark section--animation-none align--left font--camber font--size-small width--half\" style=\"background-image:url(https:\/\/lindy.com\/eu\/wp-content\/uploads\/sites\/10\/2026\/03\/Products_Sigma_Half_width_1.png)\"><img decoding=\"async\" class=\"full-width-image__image\" src=\"https:\/\/lindy.com\/eu\/wp-content\/uploads\/sites\/10\/2026\/03\/Products_Sigma_Half_width_1.png\"\/><div class=\"contained\"><div class=\"full-width-image__content\"><h2 class=\"section__heading\"><span>C\u00e2ble HDMI\u00ae Gold Line, 10m<\/span><\/h2><h2 class=\"section__subheading section__subheading__title\">No. 37866<\/h2><p class=\"section__paragraph\"><br\/>Prend en charge la vid\u00e9o 4K \u00e0 60 Hz, <br\/>l&rsquo;audio 32 canaux et dispose d&rsquo;un bo\u00eetier <br\/>enti\u00e8rement m\u00e9tallique plaqu\u00e9 or 24 carats.<\/p><a href=\"https:\/\/www.lindy.fr\/Cable-HDMI-Gold-Line-10m.htm?websale8=ld0101.ld031103&amp;pi=37866&amp;ci=80\" class=\"button button--white-transparent\" target=\"_blank\" rel=\"noopener noreferrer\">d\u00e9couvrir<\/a><\/div><\/div><\/section>\n\n\n\n<section class=\"wp-block-lindy-image-text-module section section--full-width-image full-width-image--with-text theme--dark section--animation-none align--left font--camber font--size-small width--half\" style=\"background-image:url(https:\/\/lindy.com\/eu\/wp-content\/uploads\/sites\/10\/2026\/03\/Products_Sigma_Half_width_43158.png)\"><img decoding=\"async\" class=\"full-width-image__image\" src=\"https:\/\/lindy.com\/eu\/wp-content\/uploads\/sites\/10\/2026\/03\/Products_Sigma_Half_width_43158.png\"\/><div class=\"contained\"><div class=\"full-width-image__content\"><h2 class=\"section__heading\"><span>Rallonge active Pro USB 3.0, 8m<\/span><\/h2><h2 class=\"section__subheading section__subheading__title\">No. 43158<\/h2><p class=\"section__paragraph\"><br\/>Offre des performances SuperSpeed de 5 Gbit\/s, <br\/>avec une connectivit\u00e9 en s\u00e9rie jusqu&rsquo;\u00e0 40 m.<\/p><a href=\"https:\/\/www.lindy.fr\/Rallonge-active-Pro-USB-3-0-8m.htm?websale8=ld0101.ld031103&amp;pi=43158&amp;ci=50\" class=\"button button--white-transparent\" target=\"_blank\" rel=\"noopener noreferrer\">d\u00e9couvrir<\/a><\/div><\/div><\/section>\n\n\n\n<section class=\"wp-block-lindy-image-text-module section section--full-width-image full-width-image--with-text theme--dark section--animation-none align--left font--camber font--size-small width--half\" style=\"background-image:url(https:\/\/lindy.com\/eu\/wp-content\/uploads\/sites\/10\/2026\/03\/Products_Sigma_Half_width_38512.png)\"><img decoding=\"async\" class=\"full-width-image__image\" src=\"https:\/\/lindy.com\/eu\/wp-content\/uploads\/sites\/10\/2026\/03\/Products_Sigma_Half_width_38512.png\"\/><div class=\"contained\"><div class=\"full-width-image__content\"><h2 class=\"section__heading\"><span>C\u00e2ble HDMI\u00ae 8K60 Hybride Fibre Optique 20m<\/span><\/h2><h2 class=\"section__subheading section__subheading__title\">No. 38512<\/h2><p class=\"section__paragraph\"><br\/>Permet d&rsquo;atteindre une r\u00e9solution de 8K <br\/>\u00e0 60 Hz sur de longues distances gr\u00e2ce <br\/>\u00e0 une bande passante de 48 Gbit\/s.<\/p><a href=\"https:\/\/www.lindy.fr\/Cable-HDMI-8K60-Hybride-Fibre-Optique-20m.htm?websale8=ld0101.ld031103&amp;pi=38512&amp;ci=80\" class=\"button button--white-transparent\" target=\"_blank\" rel=\"noopener noreferrer\">d\u00e9couvrir<\/a><\/div><\/div><\/section>\n\n\n\n<section class=\"wp-block-lindy-image-text-module section section--full-width-image full-width-image--with-text theme--dark section--animation-none align--left font--camber font--size-small width--half\" style=\"background-image:url(https:\/\/lindy.com\/eu\/wp-content\/uploads\/sites\/10\/2026\/03\/Products_Sigma_Half_width_43327.png)\"><img decoding=\"async\" class=\"full-width-image__image\" src=\"https:\/\/lindy.com\/eu\/wp-content\/uploads\/sites\/10\/2026\/03\/Products_Sigma_Half_width_43327.png\"\/><div class=\"contained\"><div class=\"full-width-image__content\"><h2 class=\"section__heading\"><span>Convertisseur USB Type C vers HDMI\u00ae 8K60<\/span><\/h2><h2 class=\"section__subheading section__subheading__title\">No. 43327<\/h2><p class=\"section__paragraph\"><br\/>Permet de diffuser des vid\u00e9os jusqu&rsquo;\u00e0 8K60 <br\/>via un port USB-C, avec une simplicit\u00e9 <br\/>d&rsquo;utilisation \u00ab plug and play \u00bb.<br\/><br\/>*Remplac\u00e9 par 43428<\/p><a href=\"https:\/\/www.lindy.fr\/Convertisseur-USB-Type-C-vers-HDMI-8K60.htm?websale8=ld0101.ld031103&amp;pi=43428&amp;ci=10\" class=\"button button--white-transparent\" target=\"_blank\" rel=\"noopener noreferrer\">d\u00e9couvrir<\/a><\/div><\/div><\/section>\n\n\n\n<section class=\"wp-block-lindy-contained-image section section--contained-image contained-image theme--light align--left font--size-medium\"><div class=\"contained\"><img decoding=\"async\" src=\"https:\/\/lindy.com\/fr\/wp-content\/uploads\/sites\/4\/2026\/03\/Testimonial_FR.png\"\/><div class=\"contained-image__content\"><\/div><\/div><\/section>\n\n\n\n<section class=\"wp-block-lindy-heading-text section section--heading-text theme--dark align--center  font--size-medium section--animation-none\"><div class=\"contained\"><h2 class=\"section__heading\"><span><br\/>R\u00e9sultats et avantages<\/span><\/h2><\/div><\/section>\n\n\n\n<section class=\"wp-block-lindy-key-info section section--key-info theme--dark section--animation-none\"><div class=\"contained\"><div class=\"grid-2_sm-1-center\"><div class=\"col left_item\"><div class=\"box\"><h3 class=\"section__heading\"><\/h3><div class=\"section__content\"><p class=\"section__content\">Les solutions de connectivit\u00e9 Lindy offrent une fiabilit\u00e9 de signal de 99,9\u202f% dans des conditions exigeantes d\u2019\u00e9v\u00e9nements en direct. Elles permettent \u00e0 SIGMA de fonctionner parfaitement lors de vitrines prestigieuses comme le Vodafone XR Studio ou lors de conf\u00e9rences internationales. Avec des syst\u00e8mes de c\u00e2blage modulaires et r\u00e9utilisables, Lindy r\u00e9duit de 30\u202f% les temps d\u2019installation, simplifiant les op\u00e9rations et la logistique technique.<\/p><\/div><\/div><\/div><div class=\"col right_item\"><div class=\"box\"><h3 class=\"section__heading\"><\/h3><div class=\"section__content\"><p class=\"section__content\">La flexibilit\u00e9 du mat\u00e9riel permet \u00e0 SIGMA d\u2019adapter la m\u00eame infrastructure aux conf\u00e9rences, espaces de travail corporate et grandes expositions, assurant une qualit\u00e9 constante. Cette fiabilit\u00e9 et \u00e9volutivit\u00e9 renforcent la capacit\u00e9 de SIGMA \u00e0 r\u00e9pondre aux exigences complexes de ses clients multinationales, gr\u00e2ce \u00e0 des connexions s\u00e9curis\u00e9es et stables, indispensables m\u00eame lors des \u00e9v\u00e9nements live les plus exigeants.<\/p><\/div><\/div><\/div><\/div><\/div><\/section>\n\n\n\n<section class=\"wp-block-lindy-icon-section section section--icon font--size-small align--center theme--dark\"><div class=\"contained\"><div class=\"grid-4_md-2_xs-1-spaceAround icons\"><div class=\"col\"><div class=\"icon-block icon-block--0\"><img decoding=\"async\" class=\"icon-block__image\" src=\"https:\/\/lindy.com\/eu\/wp-content\/uploads\/sites\/10\/2026\/02\/NC_icon.png\"\/><div class=\"icon-block__content\"><h3 class=\"icon-title\">INSTALLATION SIMPLIFI\u00c9E<\/h3><p class=\"icon-text\"><\/p><\/div><\/div><\/div><div class=\"col\"><div class=\"icon-block icon-block--1\"><img decoding=\"async\" class=\"icon-block__image\" src=\"https:\/\/lindy.com\/eu\/wp-content\/uploads\/sites\/10\/2026\/02\/1.png\"\/><div class=\"icon-block__content\"><h3 class=\"icon-title\">S\u00c9CURIT\u00c9 ET FIABILIT\u00c9<\/h3><p class=\"icon-text\"><\/p><\/div><\/div><\/div><div class=\"col\"><div class=\"icon-block icon-block--2\"><img decoding=\"async\" class=\"icon-block__image\" src=\"https:\/\/lindy.com\/eu\/wp-content\/uploads\/sites\/10\/2026\/02\/3.png\"\/><div class=\"icon-block__content\"><h3 class=\"icon-title\">SATISFACTION CLIENT<\/h3><p class=\"icon-text\"><\/p><\/div><\/div><\/div><div class=\"col\"><div class=\"icon-block icon-block--3\"><img decoding=\"async\" class=\"icon-block__image\" src=\"https:\/\/lindy.com\/eu\/wp-content\/uploads\/sites\/10\/2026\/02\/4.png\"\/><div class=\"icon-block__content\"><h3 class=\"icon-title\">\u00c9VOLUTIVIT\u00c9 ET FLEXIBILIT\u00c9<\/h3><p class=\"icon-text\"><\/p><\/div><\/div><\/div><\/div><\/div><\/section>\n\n\n\n<section class=\"wp-block-lindy-heading-text section section--heading-text theme--light align--center  font--size-medium section--animation-none\"><div class=\"contained\"><h2 class=\"section__heading\"><span><br\/>CONCLUSIONS ET POINTS \u00c0 RETENIR<\/span><\/h2><\/div><\/section>\n\n\n\n<section class=\"wp-block-lindy-key-info section section--key-info theme--light section--animation-none\"><div class=\"contained\"><div class=\"grid-2_sm-1-center\"><div class=\"col left_item\"><div class=\"box box--border\"><h3 class=\"section__heading\">R\u00e9ussite du projet<\/h3><div class=\"section__content\"><p class=\"section__content\">Le succ\u00e8s des projets pour Lindy et SIGMA repose sur la combinaison de solutions de connectivit\u00e9 haut de gamme avec des exp\u00e9riences AV cr\u00e9atives, pilot\u00e9es par la technologie, garantissant que chaque \u00e9v\u00e9nement est r\u00e9alis\u00e9 avec fiabilit\u00e9, flexibilit\u00e9 et une ex\u00e9cution irr\u00e9prochable.<\/p><\/div><\/div><\/div><div class=\"col right_item\"><div class=\"box box--border\"><h3 class=\"section__heading\">aper\u00c7u de l&rsquo;industrie<\/h3><div class=\"section__content\"><p class=\"section__content\">Le secteur de l&rsquo;\u2019audiovisuel&rsquo;AV \u00e9volue vers des exp\u00e9riences immersives, pilot\u00e9es par la technologie, qui exigent flexibilit\u00e9, fiabilit\u00e9 et int\u00e9gration transparente. Le partenariat entre SIGMA et Lindy illustre comment la collaboration entre int\u00e9grateurs et fournisseurs permet de garantir des solutions stables, \u00e9volutives et performantes.<\/p><\/div><\/div><\/div><\/div><\/div><\/section>\n\n\n\n<section class=\"wp-block-lindy-image-text-module section section--full-width-image full-width-image--with-text theme--dark section--animation-none align--left  font--size-medium width--half\" style=\"background-image:url(https:\/\/lindy.com\/eu\/wp-content\/uploads\/sites\/10\/2026\/03\/Mock-up-case-sudy-Sigma.png)\"><img decoding=\"async\" class=\"full-width-image__image\" src=\"https:\/\/lindy.com\/eu\/wp-content\/uploads\/sites\/10\/2026\/03\/Mock-up-case-sudy-Sigma.png\"\/><div class=\"contained\"><div class=\"full-width-image__content\"><\/div><\/div><\/section>\n\n\n\n<section class=\"wp-block-lindy-image-text-module section section--full-width-image full-width-image--with-text theme--dark section--animation-none align--center  font--size-small width--half\" style=\"background-image:url()\"><img decoding=\"async\" class=\"full-width-image__image\" src=\"\"\/><div class=\"contained\"><div class=\"full-width-image__content\"><h2 class=\"section__subheading section__subheading__title\">Vous avez trouv\u00e9 cette \u00e9tude de cas instructive ?<\/h2><p class=\"section__paragraph\"><br\/><strong><strong><strong>Conservez-la en un clic<\/strong><\/strong><\/strong><\/p><a href=\"https:\/\/lindy.com\/fr\/wp-content\/uploads\/sites\/4\/2026\/03\/Lindy-x-Sigma-Case-Study-FR.pdf\" class=\"button button--white-transparent\" target=\"_blank\" rel=\"noopener noreferrer\">\ud83d\udce5 T\u00e9l\u00e9charger la version pdf<\/a><\/div><\/div><\/section>\n","protected":false},"excerpt":{"rendered":"","protected":false},"author":28,"featured_media":0,"parent":0,"menu_order":0,"comment_status":"closed","ping_status":"closed","template":"page-templates\/template-landing.php","meta":{"_acf_changed":false,"footnotes":""},"class_list":["post-7487","page","type-page","status-publish","hentry"],"acf":[],"yoast_head":"<!-- This site is optimized with the Yoast SEO plugin v26.6 - https:\/\/yoast.com\/wordpress\/plugins\/seo\/ -->\n<title>\u00c9TUDE DE CAS SIGMA - Lindy - French<\/title>\n<meta name=\"robots\" content=\"index, follow, max-snippet:-1, max-image-preview:large, max-video-preview:-1\" \/>\n<link rel=\"canonical\" href=\"https:\/\/lindy.com\/fr\/etude-de-cas-sigma\/\" \/>\n<meta property=\"og:locale\" content=\"fr_FR\" \/>\n<meta property=\"og:type\" content=\"article\" \/>\n<meta property=\"og:title\" content=\"\u00c9TUDE DE CAS SIGMA - Lindy - French\" \/>\n<meta property=\"og:url\" content=\"https:\/\/lindy.com\/fr\/etude-de-cas-sigma\/\" \/>\n<meta property=\"og:site_name\" content=\"Lindy - French\" \/>\n<meta property=\"article:modified_time\" content=\"2026-03-27T07:58:01+00:00\" \/>\n<meta property=\"og:image\" content=\"https:\/\/lindy.com\/eu\/wp-content\/uploads\/sites\/10\/2026\/03\/Sigma-AV_Main-Image_without_text.jpg\" \/>\n<meta name=\"twitter:card\" content=\"summary_large_image\" \/>\n<meta name=\"twitter:label1\" content=\"Dur\u00e9e de lecture estim\u00e9e\" \/>\n\t<meta name=\"twitter:data1\" content=\"7 minutes\" \/>\n<script type=\"application\/ld+json\" class=\"yoast-schema-graph\">{\"@context\":\"https:\/\/schema.org\",\"@graph\":[{\"@type\":\"WebPage\",\"@id\":\"https:\/\/lindy.com\/fr\/etude-de-cas-sigma\/\",\"url\":\"https:\/\/lindy.com\/fr\/etude-de-cas-sigma\/\",\"name\":\"\u00c9TUDE DE CAS SIGMA - Lindy - French\",\"isPartOf\":{\"@id\":\"https:\/\/lindy.com\/fr\/#website\"},\"primaryImageOfPage\":{\"@id\":\"https:\/\/lindy.com\/fr\/etude-de-cas-sigma\/#primaryimage\"},\"image\":{\"@id\":\"https:\/\/lindy.com\/fr\/etude-de-cas-sigma\/#primaryimage\"},\"thumbnailUrl\":\"https:\/\/lindy.com\/eu\/wp-content\/uploads\/sites\/10\/2026\/03\/Sigma-AV_Main-Image_without_text.jpg\",\"datePublished\":\"2026-03-27T07:56:12+00:00\",\"dateModified\":\"2026-03-27T07:58:01+00:00\",\"breadcrumb\":{\"@id\":\"https:\/\/lindy.com\/fr\/etude-de-cas-sigma\/#breadcrumb\"},\"inLanguage\":\"fr-FR\",\"potentialAction\":[{\"@type\":\"ReadAction\",\"target\":[\"https:\/\/lindy.com\/fr\/etude-de-cas-sigma\/\"]}]},{\"@type\":\"ImageObject\",\"inLanguage\":\"fr-FR\",\"@id\":\"https:\/\/lindy.com\/fr\/etude-de-cas-sigma\/#primaryimage\",\"url\":\"https:\/\/lindy.com\/eu\/wp-content\/uploads\/sites\/10\/2026\/03\/Sigma-AV_Main-Image_without_text.jpg\",\"contentUrl\":\"https:\/\/lindy.com\/eu\/wp-content\/uploads\/sites\/10\/2026\/03\/Sigma-AV_Main-Image_without_text.jpg\"},{\"@type\":\"BreadcrumbList\",\"@id\":\"https:\/\/lindy.com\/fr\/etude-de-cas-sigma\/#breadcrumb\",\"itemListElement\":[{\"@type\":\"ListItem\",\"position\":1,\"name\":\"Home\",\"item\":\"https:\/\/lindy.com\/fr\/\"},{\"@type\":\"ListItem\",\"position\":2,\"name\":\"\u00c9TUDE DE CAS SIGMA\"}]},{\"@type\":\"WebSite\",\"@id\":\"https:\/\/lindy.com\/fr\/#website\",\"url\":\"https:\/\/lindy.com\/fr\/\",\"name\":\"Lindy - French\",\"description\":\"Connection Perfection\",\"potentialAction\":[{\"@type\":\"SearchAction\",\"target\":{\"@type\":\"EntryPoint\",\"urlTemplate\":\"https:\/\/lindy.com\/fr\/?s={search_term_string}\"},\"query-input\":{\"@type\":\"PropertyValueSpecification\",\"valueRequired\":true,\"valueName\":\"search_term_string\"}}],\"inLanguage\":\"fr-FR\"}]}<\/script>\n<!-- \/ Yoast SEO plugin. -->","yoast_head_json":{"title":"\u00c9TUDE DE CAS SIGMA - Lindy - French","robots":{"index":"index","follow":"follow","max-snippet":"max-snippet:-1","max-image-preview":"max-image-preview:large","max-video-preview":"max-video-preview:-1"},"canonical":"https:\/\/lindy.com\/fr\/etude-de-cas-sigma\/","og_locale":"fr_FR","og_type":"article","og_title":"\u00c9TUDE DE CAS SIGMA - Lindy - French","og_url":"https:\/\/lindy.com\/fr\/etude-de-cas-sigma\/","og_site_name":"Lindy - French","article_modified_time":"2026-03-27T07:58:01+00:00","og_image":[{"url":"https:\/\/lindy.com\/eu\/wp-content\/uploads\/sites\/10\/2026\/03\/Sigma-AV_Main-Image_without_text.jpg","type":"","width":"","height":""}],"twitter_card":"summary_large_image","twitter_misc":{"Dur\u00e9e de lecture estim\u00e9e":"7 minutes"},"schema":{"@context":"https:\/\/schema.org","@graph":[{"@type":"WebPage","@id":"https:\/\/lindy.com\/fr\/etude-de-cas-sigma\/","url":"https:\/\/lindy.com\/fr\/etude-de-cas-sigma\/","name":"\u00c9TUDE DE CAS SIGMA - Lindy - French","isPartOf":{"@id":"https:\/\/lindy.com\/fr\/#website"},"primaryImageOfPage":{"@id":"https:\/\/lindy.com\/fr\/etude-de-cas-sigma\/#primaryimage"},"image":{"@id":"https:\/\/lindy.com\/fr\/etude-de-cas-sigma\/#primaryimage"},"thumbnailUrl":"https:\/\/lindy.com\/eu\/wp-content\/uploads\/sites\/10\/2026\/03\/Sigma-AV_Main-Image_without_text.jpg","datePublished":"2026-03-27T07:56:12+00:00","dateModified":"2026-03-27T07:58:01+00:00","breadcrumb":{"@id":"https:\/\/lindy.com\/fr\/etude-de-cas-sigma\/#breadcrumb"},"inLanguage":"fr-FR","potentialAction":[{"@type":"ReadAction","target":["https:\/\/lindy.com\/fr\/etude-de-cas-sigma\/"]}]},{"@type":"ImageObject","inLanguage":"fr-FR","@id":"https:\/\/lindy.com\/fr\/etude-de-cas-sigma\/#primaryimage","url":"https:\/\/lindy.com\/eu\/wp-content\/uploads\/sites\/10\/2026\/03\/Sigma-AV_Main-Image_without_text.jpg","contentUrl":"https:\/\/lindy.com\/eu\/wp-content\/uploads\/sites\/10\/2026\/03\/Sigma-AV_Main-Image_without_text.jpg"},{"@type":"BreadcrumbList","@id":"https:\/\/lindy.com\/fr\/etude-de-cas-sigma\/#breadcrumb","itemListElement":[{"@type":"ListItem","position":1,"name":"Home","item":"https:\/\/lindy.com\/fr\/"},{"@type":"ListItem","position":2,"name":"\u00c9TUDE DE CAS SIGMA"}]},{"@type":"WebSite","@id":"https:\/\/lindy.com\/fr\/#website","url":"https:\/\/lindy.com\/fr\/","name":"Lindy - French","description":"Connection Perfection","potentialAction":[{"@type":"SearchAction","target":{"@type":"EntryPoint","urlTemplate":"https:\/\/lindy.com\/fr\/?s={search_term_string}"},"query-input":{"@type":"PropertyValueSpecification","valueRequired":true,"valueName":"search_term_string"}}],"inLanguage":"fr-FR"}]}},"_links":{"self":[{"href":"https:\/\/lindy.com\/fr\/wp-json\/wp\/v2\/pages\/7487","targetHints":{"allow":["GET"]}}],"collection":[{"href":"https:\/\/lindy.com\/fr\/wp-json\/wp\/v2\/pages"}],"about":[{"href":"https:\/\/lindy.com\/fr\/wp-json\/wp\/v2\/types\/page"}],"author":[{"embeddable":true,"href":"https:\/\/lindy.com\/fr\/wp-json\/wp\/v2\/users\/28"}],"replies":[{"embeddable":true,"href":"https:\/\/lindy.com\/fr\/wp-json\/wp\/v2\/comments?post=7487"}],"version-history":[{"count":6,"href":"https:\/\/lindy.com\/fr\/wp-json\/wp\/v2\/pages\/7487\/revisions"}],"predecessor-version":[{"id":7511,"href":"https:\/\/lindy.com\/fr\/wp-json\/wp\/v2\/pages\/7487\/revisions\/7511"}],"wp:attachment":[{"href":"https:\/\/lindy.com\/fr\/wp-json\/wp\/v2\/media?parent=7487"}],"curies":[{"name":"wp","href":"https:\/\/api.w.org\/{rel}","templated":true}]}}