{"id":878,"date":"2020-01-16T09:44:59","date_gmt":"2020-01-16T09:44:59","guid":{"rendered":"https:\/\/lindy.com\/fr\/?page_id=878"},"modified":"2020-02-17T15:36:45","modified_gmt":"2020-02-17T15:36:45","slug":"domotique-smart-home","status":"publish","type":"page","link":"https:\/\/lindy.com\/fr\/domotique-smart-home\/","title":{"rendered":"Domotique &#038; Smart Home"},"content":{"rendered":"\n<section class=\"wp-block-lindy-parallax-hero section parallax-hero theme--light align--center  font--size-large\" style=\"background-image:url(https:\/\/lindy.com\/de\/wp-content\/uploads\/sites\/3\/2019\/12\/Connected-home-layer.jpg)\"><div class=\"contained contained--full-width\"><div class=\"parallax-hero__content\"><div class=\"parallax-hero__content-wrapper align--center\"><h2 class=\"section__heading\"><span>Solutions<\/span><\/h2><h2 class=\"section__subheading section__subheading__title\"> Domotique &amp; Smart Home<\/h2><\/div><\/div><\/div><\/section>\n\n\n\n<section class=\"wp-block-lindy-parallax-hero section parallax-hero theme--light align--left  font--size-medium\" style=\"background-image:url(https:\/\/lindy.com\/de\/wp-content\/uploads\/sites\/3\/2019\/12\/Connected-home.jpg)\"><div class=\"contained contained--full-width\"><div class=\"parallax-hero__content\"><div class=\"parallax-hero__content-wrapper align--left\"><\/div><\/div><\/div><\/section>\n\n\n\n<section class=\"wp-block-lindy-parallax-hero section parallax-hero theme--light align--center font--camber font--size-medium\" style=\"background-image:url(https:\/\/lindy.com\/de\/wp-content\/uploads\/sites\/3\/2019\/12\/Connected-home-layer.jpg)\"><div class=\"contained contained--full-width\"><div class=\"parallax-hero__content\"><div class=\"parallax-hero__content-wrapper align--center\"><h2 class=\"section__heading\"><span> Distribution AV <\/span><\/h2><h2 class=\"section__subheading section__subheading__title\"> en entreprise et \u00e0 domicile<\/h2><p class=\"section__paragraph\"><br\/>Au fur et \u00e0 mesure que le concept de Smart City (ville intelligente) continue d&rsquo;\u00e9voluer : la maison connect\u00e9e, la maison intelligente (Smart Home) et ses technologies deviennent de plus en plus le standard utilis\u00e9 dans les b\u00e2timents r\u00e9sidentiels. Il ne s&rsquo;agit pas seulement que de contr\u00f4ler et de commuter l&rsquo;\u00e9clairage, les volets, les fen\u00eatres et les portes, mais aussi de surveiller ces processus sur des \u00e9crans r\u00e9partis dans tout le b\u00e2timent ainsi que de la transmission, le contr\u00f4le et la distribution du contenu AV haute r\u00e9solution n\u00e9cessaire \u00e0 cette fin. De multiples \u00e9crans, r\u00e9partis dans diff\u00e9rentes pi\u00e8ces, aliment\u00e9s par plusieurs  sources rendent n\u00e9cessaire une centrale de commutation AV afin de garantir \u00e0 l&rsquo;utilisateur un contr\u00f4le efficace et transparent.<\/p><\/div><\/div><\/div><\/section>\n\n\n\n<section class=\"wp-block-lindy-heading-text section section--heading-text theme--dark align--center  font--size-medium section--animation-none\"><div class=\"contained\"><h2 class=\"section__heading\"><span><br\/>Centrale de commutation AV<\/span><\/h2><h2 class=\"section__subheading section__subheading__title\">Modulaire<\/h2><\/div><\/section>\n\n\n\n<section class=\"wp-block-lindy-image-text-module section section--full-width-image full-width-image--with-text theme--light section--animation-none align--left  font--size-medium\" style=\"background-image:url(https:\/\/lindy.com\/de\/wp-content\/uploads\/sites\/3\/2019\/12\/38350_Front.jpg)\"><img decoding=\"async\" class=\"full-width-image__image\" src=\"https:\/\/lindy.com\/de\/wp-content\/uploads\/sites\/3\/2019\/12\/38350_Front.jpg\"\/><div class=\"contained\"><div class=\"full-width-image__content\"><\/div><\/div><\/section>\n\n\n\n<section class=\"wp-block-lindy-paragraph-one-col section section--horizontal-content section--horizontal-content--one-column font--size-small theme--dark align--center  section--animation-none\"><div class=\"contained\"><p class=\"section__paragraph\">Cette solution se compose d&rsquo;un switch Matrix Seamless avec 12 slots modulaires pour la commutation et le contr\u00f4le de plusieurs contenus AV jusqu&rsquo;\u00e0 4k 60Hz, d&rsquo;\u00e9metteurs et de r\u00e9cepteurs HDBaseT. Ce switch Matrix peut accueillir jusqu&rsquo;\u00e0 12 cartes d&rsquo;entr\u00e9s ou de sorties. <br\/><br\/>Il est ici compos\u00e9 d&rsquo;une entr\u00e9e HDBaseT, de 2 entr\u00e9es HDMI, de 4 sorties HDBaseT et d&rsquo;une sortie locale HDMI. Avec l&rsquo;utilisation de cartes HDBaseT, un c\u00e2ble r\u00e9seau est utilis\u00e9 pour le c\u00e2blage et non pas de co\u00fbteux c\u00e2bles AV. Le signal AV est encod\u00e9 en HDBaseT par l&rsquo;\u00e9metteur, puis d\u00e9cod\u00e9 par le r\u00e9cepteur. <br\/><br\/>Les donn\u00e9es audio peuvent \u00eatre soit inject\u00e9es dans le flux HDMI ou HDBase-T, soit transmis s\u00e9par\u00e9ment via la prise S\/PDIF de l&rsquo;\u00e9metteur et du r\u00e9cepteur. Le syst\u00e8me est configurable et administrable via Ethernet et par interface graphique Web GUI.<\/p><\/div><\/section>\n\n\n\n<section class=\"wp-block-lindy-heading-text section section--heading-text theme--dark align--center font--camber font--size-medium section--animation-none\"><div class=\"contained\"><h2 class=\"section__heading\"><span>SOLUTION SMART HOME<\/span><\/h2><h2 class=\"section__subheading section__subheading__title\">AVEC \u00c9CRANS D\u00c9PORT\u00c9S<\/h2><\/div><\/section>\n\n\n\n<section class=\"wp-block-lindy-zoom-image section section--zoom-image zoom-image align--center theme--dark\"><div class=\"contained\"><div class=\"zoom-image-wrapper\"><img decoding=\"async\" class=\"zoomable\" src=\"https:\/\/lindy.com\/fr\/wp-content\/uploads\/sites\/4\/2020\/01\/38350_zoom-scaled.jpg\" data-zoom-img=\"https:\/\/lindy.com\/fr\/wp-content\/uploads\/sites\/4\/2020\/01\/38350_zoom-scaled.jpg\"\/><\/div><span class=\"zoom-image__description\">Click to zoom<\/span><\/div><\/section>\n\n\n\n<section class=\"wp-block-lindy-heading-text section section--heading-text theme--light align--center  font--size-medium section--animation-none\"><div class=\"contained\"><h2 class=\"section__heading\"><span><br\/> Matrix Seamless modulaire 12 slots <\/span><\/h2><h2 class=\"section__subheading section__subheading__title\">HDMI ET HDBASET<\/h2><\/div><\/section>\n\n\n\n<section class=\"wp-block-lindy-paragraph-one-col section section--horizontal-content section--horizontal-content--one-column font--size-small theme--light align--center  section--animation-none\"><div class=\"contained\"><p class=\"section__paragraph\">Le switch Matrix modulaire install\u00e9 peut recevoir jusqu&rsquo;\u00e0 12 cartes d&rsquo;entr\u00e9e en HDMI ou HDBaseT, suivant vos besoins. D&rsquo;une entr\u00e9e et onze sorties  jusqu&rsquo;\u00e0 onze entr\u00e9es et une sortie : chaque combinaison est r\u00e9alisable.<br\/><br\/><\/p><\/div><\/section>\n\n\n\n<section class=\"wp-block-lindy-image-text-module section section--full-width-image full-width-image--with-text theme--light section--animation-none align--left  font--size-medium\" style=\"background-image:url(https:\/\/lindy.com\/de\/wp-content\/uploads\/sites\/3\/2019\/12\/38350_front-and-back-1.jpg)\"><img decoding=\"async\" class=\"full-width-image__image\" src=\"https:\/\/lindy.com\/de\/wp-content\/uploads\/sites\/3\/2019\/12\/38350_front-and-back-1.jpg\"\/><div class=\"contained\"><div class=\"full-width-image__content\"><\/div><\/div><\/section>\n\n\n\n<section class=\"wp-block-lindy-image-text-module section section--full-width-image full-width-image--with-text theme--light section--animation-none align--left  font--size-medium width--half\" style=\"background-image:url(https:\/\/lindy.com\/de\/wp-content\/uploads\/sites\/3\/2019\/12\/38350_boards-detail.jpg)\"><img decoding=\"async\" class=\"full-width-image__image\" src=\"https:\/\/lindy.com\/de\/wp-content\/uploads\/sites\/3\/2019\/12\/38350_boards-detail.jpg\"\/><div class=\"contained\"><div class=\"full-width-image__content\"><\/div><\/div><\/section>\n\n\n\n<section class=\"wp-block-lindy-image-text-module section section--full-width-image full-width-image--with-text theme--light section--animation-none align--left  font--size-medium width--half\" style=\"background-image:url()\"><img decoding=\"async\" class=\"full-width-image__image\" src=\"\"\/><div class=\"contained\"><div class=\"full-width-image__content\"><p class=\"section__paragraph\">Les cartes HDMI prennent en charge les r\u00e9solutions 18G jusqu&rsquo;\u00e0 4096&#215;2160@60Hz 4:4:4 8Bit, les cartes HDBaseT 10.2G jusqu&rsquo;\u00e0 4096&#215;2160@60Hz 4:2:0 8Bit (suivant les sp\u00e9cifications HDBaseT) ou 4096&#215;2160@30Hz 4:4:4 8Bit. Des c\u00e2bles r\u00e9seau cat.6a au minimum sont \u00e0 utiliser pour des transmissions HDBaseT jusqu&rsquo;\u00e0 100m. Lors de l&rsquo;utilisation de c\u00e2bles Cat.5e ou Cat.6, cette distance passe \u00e0 70m. Les signaux Audio peuvent \u00eatre soit inject\u00e9s dans le flux HDMI ou  HDBaseT, soit inject\u00e9s s\u00e9par\u00e9ment dans le flux de donn\u00e9es AV transmis. De la m\u00eame mani\u00e8re, des signaux audio PCM 2.0 peuvent \u00eatre extraits ou inject\u00e9s dans l&rsquo;\u00e9cran ou le r\u00e9cepteur HDBaseT. Pour la transmission de contenus prot\u00e9g\u00e9s, le switch prend en charge la norme HDCP 2.2. Tous les ports HDBaseT prennent en charge le PoH, ils peuvent aussi alimenter en PoH l&rsquo;\u00e9metteur ou le r\u00e9cepteur  via un c\u00e2ble r\u00e9seau.<\/p><a href=\"https:\/\/www.lindy.fr\/Chassis-Matrice-Modulaire-Seamless-12-Slots.htm?websale8=ld0101.ld030103&amp;pi=38350&amp;ci=20\" class=\"button button--dark\" target=\"_blank\" rel=\"noopener noreferrer\">En savoir plus<\/a><\/div><\/div><\/section>\n\n\n\n<section class=\"wp-block-lindy-heading-text section section--heading-text theme--dark align--center  font--size-medium section--animation-none\"><div class=\"contained\"><h2 class=\"section__heading\"><span><br\/>Extender HDBaseT 18G<\/span><\/h2><h2 class=\"section__subheading section__subheading__title\">JUSQU&rsquo;\u00c0 70M<\/h2><\/div><\/section>\n\n\n\n<section class=\"wp-block-lindy-image-text-module section section--full-width-image full-width-image--with-text theme--dark section--animation-none align--left  font--size-medium width--half\" style=\"background-image:url(https:\/\/lindy.com\/de\/wp-content\/uploads\/sites\/3\/2020\/01\/38213_HW_new.jpg)\"><img decoding=\"async\" class=\"full-width-image__image\" src=\"https:\/\/lindy.com\/de\/wp-content\/uploads\/sites\/3\/2020\/01\/38213_HW_new.jpg\"\/><div class=\"contained\"><div class=\"full-width-image__content\"><\/div><\/div><\/section>\n\n\n\n<section class=\"wp-block-lindy-image-text-module section section--full-width-image full-width-image--with-text theme--dark section--animation-none align--left  font--size-medium width--half\" style=\"background-image:url()\"><img decoding=\"async\" class=\"full-width-image__image\" src=\"\"\/><div class=\"contained\"><div class=\"full-width-image__content\"><p class=\"section__paragraph\">Le syst\u00e8me extender HDBaseT 18G (compos\u00e9 des produits Lindy No. 38213 &amp; 38214) prend en charge les r\u00e9solutions jusqu&rsquo;\u00e0 3840&#215;2160@60Hz 4:4:4 8Bit ou jusqu&rsquo;\u00e0 4:2:2 10\/12Bit avec HDR, jusqu&rsquo;\u00e0 40m ou 1920&#215;1080@60Hz 4:4:4 8Bit jusqu&rsquo;\u00e0 70m. Il se compose de deux r\u00e9cepteurs IR et d&rsquo;un \u00e9metteur pour les signaux bidirectionnels CEC et IR. L&rsquo;\u00e9metteur et le r\u00e9cepteur prennent en charge l&rsquo;alimentation en PoH. Un seul bo\u00eetier doit \u00eatre aliment\u00e9 au secteur, l&rsquo;autre sera aliment\u00e9 via le c\u00e2ble r\u00e9seau utilis\u00e9.<\/p><a href=\"https:\/\/www.lindy.fr\/?websale8=ld0101.ld030103&amp;ci=261\" class=\"button button--white-transparent\" target=\"_blank\" rel=\"noopener noreferrer\">En savoir plus<\/a><\/div><\/div><\/section>\n","protected":false},"excerpt":{"rendered":"","protected":false},"author":11,"featured_media":0,"parent":0,"menu_order":0,"comment_status":"closed","ping_status":"closed","template":"page-templates\/template-landing.php","meta":{"_acf_changed":false,"footnotes":""},"class_list":["post-878","page","type-page","status-publish","hentry"],"acf":[],"yoast_head":"<!-- This site is optimized with the Yoast SEO plugin v26.6 - https:\/\/yoast.com\/wordpress\/plugins\/seo\/ -->\n<title>Domotique &amp; Smart Home - Distrubution AV en Entreprise et \u00e0 Domicile<\/title>\n<meta name=\"description\" content=\"Au fur et \u00e0 mesure que le concept de Smart City (ville intelligente) continue d&#039;\u00e9voluer : la maison connect\u00e9e, la maison intelligente (Smart Home) et ses technologies deviennent de plus en plus le standard utilis\u00e9 dans les b\u00e2timents r\u00e9sidentiels.\" \/>\n<meta name=\"robots\" content=\"index, follow, max-snippet:-1, max-image-preview:large, max-video-preview:-1\" \/>\n<link rel=\"canonical\" href=\"https:\/\/lindy.com\/fr\/domotique-smart-home\/\" \/>\n<meta property=\"og:locale\" content=\"fr_FR\" \/>\n<meta property=\"og:type\" content=\"article\" \/>\n<meta property=\"og:title\" content=\"Domotique &amp; Smart Home - Distrubution AV en Entreprise et \u00e0 Domicile\" \/>\n<meta property=\"og:description\" content=\"Au fur et \u00e0 mesure que le concept de Smart City (ville intelligente) continue d&#039;\u00e9voluer : la maison connect\u00e9e, la maison intelligente (Smart Home) et ses technologies deviennent de plus en plus le standard utilis\u00e9 dans les b\u00e2timents r\u00e9sidentiels.\" \/>\n<meta property=\"og:url\" content=\"https:\/\/lindy.com\/fr\/domotique-smart-home\/\" \/>\n<meta property=\"og:site_name\" content=\"Lindy - French\" \/>\n<meta property=\"article:modified_time\" content=\"2020-02-17T15:36:45+00:00\" \/>\n<meta property=\"og:image\" content=\"https:\/\/lindy.com\/de\/wp-content\/uploads\/sites\/3\/2019\/12\/38350_Front.jpg\" \/>\n<meta name=\"twitter:card\" content=\"summary_large_image\" \/>\n<meta name=\"twitter:label1\" content=\"Dur\u00e9e de lecture estim\u00e9e\" \/>\n\t<meta name=\"twitter:data1\" content=\"3 minutes\" \/>\n<script type=\"application\/ld+json\" class=\"yoast-schema-graph\">{\"@context\":\"https:\/\/schema.org\",\"@graph\":[{\"@type\":\"WebPage\",\"@id\":\"https:\/\/lindy.com\/fr\/domotique-smart-home\/\",\"url\":\"https:\/\/lindy.com\/fr\/domotique-smart-home\/\",\"name\":\"Domotique & Smart Home - Distrubution AV en Entreprise et \u00e0 Domicile\",\"isPartOf\":{\"@id\":\"https:\/\/lindy.com\/fr\/#website\"},\"primaryImageOfPage\":{\"@id\":\"https:\/\/lindy.com\/fr\/domotique-smart-home\/#primaryimage\"},\"image\":{\"@id\":\"https:\/\/lindy.com\/fr\/domotique-smart-home\/#primaryimage\"},\"thumbnailUrl\":\"https:\/\/lindy.com\/de\/wp-content\/uploads\/sites\/3\/2019\/12\/38350_Front.jpg\",\"datePublished\":\"2020-01-16T09:44:59+00:00\",\"dateModified\":\"2020-02-17T15:36:45+00:00\",\"description\":\"Au fur et \u00e0 mesure que le concept de Smart City (ville intelligente) continue d'\u00e9voluer : la maison connect\u00e9e, la maison intelligente (Smart Home) et ses technologies deviennent de plus en plus le standard utilis\u00e9 dans les b\u00e2timents r\u00e9sidentiels.\",\"breadcrumb\":{\"@id\":\"https:\/\/lindy.com\/fr\/domotique-smart-home\/#breadcrumb\"},\"inLanguage\":\"fr-FR\",\"potentialAction\":[{\"@type\":\"ReadAction\",\"target\":[\"https:\/\/lindy.com\/fr\/domotique-smart-home\/\"]}]},{\"@type\":\"ImageObject\",\"inLanguage\":\"fr-FR\",\"@id\":\"https:\/\/lindy.com\/fr\/domotique-smart-home\/#primaryimage\",\"url\":\"https:\/\/lindy.com\/de\/wp-content\/uploads\/sites\/3\/2019\/12\/38350_Front.jpg\",\"contentUrl\":\"https:\/\/lindy.com\/de\/wp-content\/uploads\/sites\/3\/2019\/12\/38350_Front.jpg\"},{\"@type\":\"BreadcrumbList\",\"@id\":\"https:\/\/lindy.com\/fr\/domotique-smart-home\/#breadcrumb\",\"itemListElement\":[{\"@type\":\"ListItem\",\"position\":1,\"name\":\"Home\",\"item\":\"https:\/\/lindy.com\/fr\/\"},{\"@type\":\"ListItem\",\"position\":2,\"name\":\"Domotique &#038; Smart Home\"}]},{\"@type\":\"WebSite\",\"@id\":\"https:\/\/lindy.com\/fr\/#website\",\"url\":\"https:\/\/lindy.com\/fr\/\",\"name\":\"Lindy - French\",\"description\":\"Connection Perfection\",\"potentialAction\":[{\"@type\":\"SearchAction\",\"target\":{\"@type\":\"EntryPoint\",\"urlTemplate\":\"https:\/\/lindy.com\/fr\/?s={search_term_string}\"},\"query-input\":{\"@type\":\"PropertyValueSpecification\",\"valueRequired\":true,\"valueName\":\"search_term_string\"}}],\"inLanguage\":\"fr-FR\"}]}<\/script>\n<!-- \/ Yoast SEO plugin. -->","yoast_head_json":{"title":"Domotique & Smart Home - Distrubution AV en Entreprise et \u00e0 Domicile","description":"Au fur et \u00e0 mesure que le concept de Smart City (ville intelligente) continue d'\u00e9voluer : la maison connect\u00e9e, la maison intelligente (Smart Home) et ses technologies deviennent de plus en plus le standard utilis\u00e9 dans les b\u00e2timents r\u00e9sidentiels.","robots":{"index":"index","follow":"follow","max-snippet":"max-snippet:-1","max-image-preview":"max-image-preview:large","max-video-preview":"max-video-preview:-1"},"canonical":"https:\/\/lindy.com\/fr\/domotique-smart-home\/","og_locale":"fr_FR","og_type":"article","og_title":"Domotique & Smart Home - Distrubution AV en Entreprise et \u00e0 Domicile","og_description":"Au fur et \u00e0 mesure que le concept de Smart City (ville intelligente) continue d'\u00e9voluer : la maison connect\u00e9e, la maison intelligente (Smart Home) et ses technologies deviennent de plus en plus le standard utilis\u00e9 dans les b\u00e2timents r\u00e9sidentiels.","og_url":"https:\/\/lindy.com\/fr\/domotique-smart-home\/","og_site_name":"Lindy - French","article_modified_time":"2020-02-17T15:36:45+00:00","og_image":[{"url":"https:\/\/lindy.com\/de\/wp-content\/uploads\/sites\/3\/2019\/12\/38350_Front.jpg","type":"","width":"","height":""}],"twitter_card":"summary_large_image","twitter_misc":{"Dur\u00e9e de lecture estim\u00e9e":"3 minutes"},"schema":{"@context":"https:\/\/schema.org","@graph":[{"@type":"WebPage","@id":"https:\/\/lindy.com\/fr\/domotique-smart-home\/","url":"https:\/\/lindy.com\/fr\/domotique-smart-home\/","name":"Domotique & Smart Home - Distrubution AV en Entreprise et \u00e0 Domicile","isPartOf":{"@id":"https:\/\/lindy.com\/fr\/#website"},"primaryImageOfPage":{"@id":"https:\/\/lindy.com\/fr\/domotique-smart-home\/#primaryimage"},"image":{"@id":"https:\/\/lindy.com\/fr\/domotique-smart-home\/#primaryimage"},"thumbnailUrl":"https:\/\/lindy.com\/de\/wp-content\/uploads\/sites\/3\/2019\/12\/38350_Front.jpg","datePublished":"2020-01-16T09:44:59+00:00","dateModified":"2020-02-17T15:36:45+00:00","description":"Au fur et \u00e0 mesure que le concept de Smart City (ville intelligente) continue d'\u00e9voluer : la maison connect\u00e9e, la maison intelligente (Smart Home) et ses technologies deviennent de plus en plus le standard utilis\u00e9 dans les b\u00e2timents r\u00e9sidentiels.","breadcrumb":{"@id":"https:\/\/lindy.com\/fr\/domotique-smart-home\/#breadcrumb"},"inLanguage":"fr-FR","potentialAction":[{"@type":"ReadAction","target":["https:\/\/lindy.com\/fr\/domotique-smart-home\/"]}]},{"@type":"ImageObject","inLanguage":"fr-FR","@id":"https:\/\/lindy.com\/fr\/domotique-smart-home\/#primaryimage","url":"https:\/\/lindy.com\/de\/wp-content\/uploads\/sites\/3\/2019\/12\/38350_Front.jpg","contentUrl":"https:\/\/lindy.com\/de\/wp-content\/uploads\/sites\/3\/2019\/12\/38350_Front.jpg"},{"@type":"BreadcrumbList","@id":"https:\/\/lindy.com\/fr\/domotique-smart-home\/#breadcrumb","itemListElement":[{"@type":"ListItem","position":1,"name":"Home","item":"https:\/\/lindy.com\/fr\/"},{"@type":"ListItem","position":2,"name":"Domotique &#038; Smart Home"}]},{"@type":"WebSite","@id":"https:\/\/lindy.com\/fr\/#website","url":"https:\/\/lindy.com\/fr\/","name":"Lindy - French","description":"Connection Perfection","potentialAction":[{"@type":"SearchAction","target":{"@type":"EntryPoint","urlTemplate":"https:\/\/lindy.com\/fr\/?s={search_term_string}"},"query-input":{"@type":"PropertyValueSpecification","valueRequired":true,"valueName":"search_term_string"}}],"inLanguage":"fr-FR"}]}},"_links":{"self":[{"href":"https:\/\/lindy.com\/fr\/wp-json\/wp\/v2\/pages\/878","targetHints":{"allow":["GET"]}}],"collection":[{"href":"https:\/\/lindy.com\/fr\/wp-json\/wp\/v2\/pages"}],"about":[{"href":"https:\/\/lindy.com\/fr\/wp-json\/wp\/v2\/types\/page"}],"author":[{"embeddable":true,"href":"https:\/\/lindy.com\/fr\/wp-json\/wp\/v2\/users\/11"}],"replies":[{"embeddable":true,"href":"https:\/\/lindy.com\/fr\/wp-json\/wp\/v2\/comments?post=878"}],"version-history":[{"count":0,"href":"https:\/\/lindy.com\/fr\/wp-json\/wp\/v2\/pages\/878\/revisions"}],"wp:attachment":[{"href":"https:\/\/lindy.com\/fr\/wp-json\/wp\/v2\/media?parent=878"}],"curies":[{"name":"wp","href":"https:\/\/api.w.org\/{rel}","templated":true}]}}