{"id":879,"date":"2020-01-16T09:58:11","date_gmt":"2020-01-16T09:58:11","guid":{"rendered":"https:\/\/lindy.com\/fr\/?page_id=879"},"modified":"2020-02-17T15:24:16","modified_gmt":"2020-02-17T15:24:16","slug":"industrie-et-le-monitoring","status":"publish","type":"page","link":"https:\/\/lindy.com\/fr\/industrie-et-le-monitoring\/","title":{"rendered":"Industrie et le monitoring"},"content":{"rendered":"\n<section class=\"wp-block-lindy-parallax-hero section parallax-hero theme--light align--center  font--size-large\" style=\"background-image:url(https:\/\/lindy.com\/de\/wp-content\/uploads\/sites\/3\/2019\/12\/Control-room-layer-1.jpg)\"><div class=\"contained contained--full-width\"><div class=\"parallax-hero__content\"><div class=\"parallax-hero__content-wrapper align--center\"><h2 class=\"section__heading\"><span>Solutions pour <\/span><\/h2><h2 class=\"section__subheading section__subheading__title\">l&rsquo;industrie et <br\/>le monitoring<\/h2><\/div><\/div><\/div><\/section>\n\n\n\n<section class=\"wp-block-lindy-parallax-hero section parallax-hero theme--light align--left  font--size-medium\" style=\"background-image:url(https:\/\/lindy.com\/de\/wp-content\/uploads\/sites\/3\/2019\/12\/Control-room.jpg)\"><div class=\"contained contained--full-width\"><div class=\"parallax-hero__content\"><div class=\"parallax-hero__content-wrapper align--left\"><\/div><\/div><\/div><\/section>\n\n\n\n<section class=\"wp-block-lindy-parallax-hero section parallax-hero theme--light align--center font--camber font--size-medium\" style=\"background-image:url(https:\/\/lindy.com\/de\/wp-content\/uploads\/sites\/3\/2019\/12\/Control-room-layer-1.jpg)\"><div class=\"contained contained--full-width\"><div class=\"parallax-hero__content\"><div class=\"parallax-hero__content-wrapper align--center\"><h2 class=\"section__heading\"><span>Ligne de production<\/span><\/h2><h2 class=\"section__subheading section__subheading__title\">Pour l&rsquo;Industrie 4.0<\/h2><p class=\"section__paragraph\"> <br\/>La surveillance (monitoring), le contr\u00f4le interactif des processus de production automatis\u00e9s sont les points les plus importants des environnements de l&rsquo;industrie 4.0. La surveillance est d&rsquo;une importance capitale dans les environnements de contr\u00f4le.<br\/><br\/> Comme les afficheurs et les consoles d&rsquo;acc\u00e8s (des syst\u00e8mes informatiques) sont positionn\u00e9s dans des salles de contr\u00f4les s\u00e9curis\u00e9es, cela signifie qu&rsquo;une transmission KVM fiable et sur de longues distances entre les ordinateurs de contr\u00f4le des lignes de production et les cam\u00e9ras de surveillance est in\u00e9vitable.<\/p><\/div><\/div><\/div><\/section>\n\n\n\n<section class=\"wp-block-lindy-heading-text section section--heading-text theme--dark align--center  font--size-medium section--animation-none\"><div class=\"contained\"><h2 class=\"section__heading\"><span><br\/>Multiple Contenu AV<\/span><\/h2><h2 class=\"section__subheading section__subheading__title\">Transmission via r\u00e9seau IP<\/h2><\/div><\/section>\n\n\n\n<section class=\"wp-block-lindy-full-width-image section section--full-width-image full-width-image theme--dark align--left font--size-medium\" style=\"background-image:url(https:\/\/lindy.com\/de\/wp-content\/uploads\/sites\/3\/2020\/01\/38264_5_1_new.jpg)\"><img decoding=\"async\" class=\"full-width-image__image\" src=\"https:\/\/lindy.com\/de\/wp-content\/uploads\/sites\/3\/2020\/01\/38264_5_1_new.jpg\"\/><div class=\"contained\"><div class=\"full-width-image__content\"><h2 class=\"section__subheading section__subheading__title\"> <\/h2><\/div><\/div><\/section>\n\n\n\n<section class=\"wp-block-lindy-image-text-module section section--full-width-image full-width-image--with-text theme--dark section--animation-none align--center  font--size-medium\" style=\"background-image:url()\"><img decoding=\"async\" class=\"full-width-image__image\" src=\"\"\/><div class=\"contained\"><div class=\"full-width-image__content\"><p class=\"section__paragraph\">Dans une solution telle que celle illustr\u00e9e ici, o\u00f9 le besoin d&rsquo;utiliser plusieurs sources n\u00e9cessite la transmission de plusieurs contenus AV, il est toujours judicieux de consid\u00e9rer des solutions bas\u00e9es sur IP pour la transmission. Elles facilitent les longues distances et \u00e9tablissent plusieurs connexions \u00e0 l&rsquo;aide d&rsquo;une infrastructure de c\u00e2bles qui est g\u00e9n\u00e9ralement d\u00e9j\u00e0 disponible sur site.<br\/><br\/> Le syst\u00e8me extender KVM sur IP permet la transmission de contenu HDMI 1.4 AV jusqu&rsquo;\u00e0 4K (3840x2160p @ 30Hz) sur des distances allant jusqu&rsquo;\u00e0 150 m et utilise un r\u00e9seau gigabit existant. En tant qu&rsquo;extender KVM, il permet \u00e9galement de connecter un clavier et une souris USB. Gr\u00e2ce au HDCP 1.4 int\u00e9gr\u00e9, m\u00eame le contenu prot\u00e9g\u00e9 contre la copie n&rsquo;est pas exclu de la transmission. Selon les exigences d&rsquo;installation, des applications directes point \u00e0 point ou point \u00e0 multipoint peuvent \u00eatre mises en \u0153uvre.<br\/> <br\/>Bien s\u00fbr, l&rsquo;utilisation des r\u00e9seaux existants n&rsquo;est pas obligatoire, un r\u00e9seau IP d\u00e9di\u00e9 \u00e0 l&rsquo;application peut \u00eatre mis en place \u00e0 l&rsquo;aide d&rsquo;un switch gigabit.<\/p><a href=\"https:\/\/www.lindy.fr\/?websale8=ld0101.ld030103&amp;ci=260\" class=\"button button--white-transparent\" target=\"_blank\" rel=\"noopener noreferrer\">ACHETER EN LIGNE<\/a><\/div><\/div><\/section>\n\n\n\n<section class=\"wp-block-lindy-heading-text section section--heading-text theme--dark align--center font--camber font--size-small section--animation-none\"><div class=\"contained\"><h2 class=\"section__heading\"><span>SOLUTION POUR CHAINE DE PRODUCTION <\/span><\/h2><h2 class=\"section__subheading section__subheading__title\"> CONTR\u00d4LE ET SURVEILLANCE <\/h2><\/div><\/section>\n\n\n\n<section class=\"wp-block-lindy-zoom-image section section--zoom-image zoom-image align--center theme--dark\"><div class=\"contained\"><div class=\"zoom-image-wrapper\"><img decoding=\"async\" class=\"zoomable\" src=\"https:\/\/lindy.com\/de\/wp-content\/uploads\/sites\/3\/2020\/01\/38264_zoom-1.jpg\" data-zoom-img=\"https:\/\/lindy.com\/de\/wp-content\/uploads\/sites\/3\/2020\/01\/38264_zoom-1.jpg\"\/><\/div><span class=\"zoom-image__description\">Click to zoom<\/span><\/div><\/section>\n\n\n\n<section class=\"wp-block-lindy-image-text-module section section--full-width-image full-width-image--with-text theme--dark section--animation-none align--center  font--size-medium\" style=\"background-image:url()\"><img decoding=\"async\" class=\"full-width-image__image\" src=\"\"\/><div class=\"contained\"><div class=\"full-width-image__content\"><h2 class=\"section__heading\"><span>Toutes les donn\u00e9es en un coup d&rsquo;oeil   <\/span><\/h2><h2 class=\"section__subheading section__subheading__title\">Fonction Dual-Head   <\/h2><p class=\"section__paragraph\"><br\/> Dans la solution \u00e9labor\u00e9e pour ces sc\u00e9narios, quatre lignes de production et deux (ou plus) cam\u00e9ras de surveillance sont contr\u00f4l\u00e9es par un syst\u00e8me informatique via une connexion USB. Les donn\u00e9es de surveillance (monitoring) de la chaine de production et les images des cam\u00e9ras doivent \u00eatre affich\u00e9es sur deux \u00e9crans en raison du nombre important de param\u00e8tres \u00e0 surveiller. Chacun des deux syst\u00e8mes informatiques doit pouvoir \u00eatre commut\u00e9 \u00e0 partir d&rsquo;un switch KVM. Pour que le contenu des deux afficheurs de chaque ordinateur puisse \u00eatre commut\u00e9, le switch est d\u00e9clin\u00e9 dans une version Dual Head avec deux canaux AV.<br\/><br\/> Pour les syst\u00e8mes d&rsquo;extension plac\u00e9s en aval, qui assurent la transmission des signaux AV et console sur de longues distances entre la chaine de production et la salle de contr\u00f4le, des syst\u00e8mes KVM sont bas\u00e9s sur IP. En plus des deux canaux AV, ceux-ci transportent \u00e9galement les signaux USB pour le clavier et la souris.<\/p><\/div><\/div><\/section>\n\n\n\n<section class=\"wp-block-lindy-heading-text section section--heading-text theme--light align--center  font--size-medium section--animation-none\"><div class=\"contained\"><h2 class=\"section__heading\"><span><br\/>Commutateur double  <\/span><\/h2><h2 class=\"section__subheading section__subheading__title\">Switch KVM Dual Head  <\/h2><\/div><\/section>\n\n\n\n<section class=\"wp-block-lindy-full-width-image section section--full-width-image full-width-image theme--dark align--left font--size-medium width--half\" style=\"background-image:url(https:\/\/lindy.com\/de\/wp-content\/uploads\/sites\/3\/2020\/01\/39300_HW.jpg)\"><img decoding=\"async\" class=\"full-width-image__image\" src=\"https:\/\/lindy.com\/de\/wp-content\/uploads\/sites\/3\/2020\/01\/39300_HW.jpg\"\/><div class=\"contained\"><div class=\"full-width-image__content\"><\/div><\/div><\/section>\n\n\n\n<section class=\"wp-block-lindy-image-text-module section section--full-width-image full-width-image--with-text theme--light section--animation-none align--left  font--size-medium width--half\" style=\"background-image:url()\"><img decoding=\"async\" class=\"full-width-image__image\" src=\"\"\/><div class=\"contained\"><div class=\"full-width-image__content\"><p class=\"section__paragraph\">Le switch KVM DVI Dual Head 2 ports commute les signaux USB, Audio et deux DVI-I de deux ordinateurs par simple pression sur le bo\u00eetier ou par s\u00e9quence Hotkey \u00e0 partir d&rsquo;un poste de contr\u00f4le \u00e9quip\u00e9 d&rsquo;un clavier, d&rsquo;une souris, de haut-parleurs et de 2 \u00e9crans. Il supporte les r\u00e9solutions DVI-Single-Link jusqu&rsquo;\u00e0 1920 x 1200 \u00e0 60Hz. La commutation par s\u00e9quence clavier Hotkey permet de d\u00e9porter l&rsquo;ordinateur du poste de contr\u00f4le sur de longues distances. Le switch KVM DVI Dual Head 2 ports (No. 39300) commute les signaux USB, Audio et deux DVI-I de deux ordinateurs par simple pression sur le bo\u00eetier ou par s\u00e9quence Hotkey \u00e0 partir d&rsquo;un poste de contr\u00f4le \u00e9quip\u00e9 d&rsquo;un clavier, d&rsquo;une souris, de haut-parleurs et de 2 \u00e9crans. Il supporte les r\u00e9solutions DVI-Single-Link jusqu&rsquo;\u00e0 1920 x 1200 \u00e0 60Hz. La commutation par s\u00e9quence clavier Hotkey permet de d\u00e9porter l&rsquo;ordinateur du poste de contr\u00f4le sur de longues distances.<br\/> <br\/>Un hub USB 2.0 int\u00e9gr\u00e9 permet la connexion de p\u00e9riph\u00e9riques USB (tout comme l&rsquo;audio) qui peuvent rester attach\u00e9s \u00e0 un ordinateur ou commut\u00e9s entre les deux ordinateurs. Ceci permet diff\u00e9rentes configurations suivant  l&rsquo;utilisation voulue.Un hub USB 2.0 int\u00e9gr\u00e9 permet la connexion de p\u00e9riph\u00e9riques USB (tout comme l&rsquo;audio) qui peuvent rester attach\u00e9s \u00e0 un ordinateur ou commut\u00e9s entre les deux ordinateurs. Ceci permet diff\u00e9rentes configurations suivant  l&rsquo;utilisation voulue.<\/p><a href=\"https:\/\/www.lindy.fr\/Switch-KVM-Pro-2-ports-DVI-Dual-Head-Audio-USB-2-0.htm?websale8=ld0101.ld030103&amp;pi=39300&amp;ci=30\" class=\"button button--dark\" target=\"_blank\" rel=\"noopener noreferrer\">ACHETER EN LIGNE<\/a><\/div><\/div><\/section>\n","protected":false},"excerpt":{"rendered":"","protected":false},"author":11,"featured_media":0,"parent":0,"menu_order":0,"comment_status":"closed","ping_status":"closed","template":"page-templates\/template-landing.php","meta":{"_acf_changed":false,"footnotes":""},"class_list":["post-879","page","type-page","status-publish","hentry"],"acf":[],"yoast_head":"<!-- This site is optimized with the Yoast SEO plugin v26.6 - https:\/\/yoast.com\/wordpress\/plugins\/seo\/ -->\n<title>Industrie et le monitoring pour l&#039;Industrie 4.0<\/title>\n<meta name=\"description\" content=\"La surveillance (monitoring), le contr\u00f4le interactif des processus de production automatis\u00e9s sont les points les plus importants des environnements de l&#039;industrie 4.0\" \/>\n<meta name=\"robots\" content=\"index, follow, max-snippet:-1, max-image-preview:large, max-video-preview:-1\" \/>\n<link rel=\"canonical\" href=\"https:\/\/lindy.com\/fr\/industrie-et-le-monitoring\/\" \/>\n<meta property=\"og:locale\" content=\"fr_FR\" \/>\n<meta property=\"og:type\" content=\"article\" \/>\n<meta property=\"og:title\" content=\"Industrie et le monitoring pour l&#039;Industrie 4.0\" \/>\n<meta property=\"og:description\" content=\"La surveillance (monitoring), le contr\u00f4le interactif des processus de production automatis\u00e9s sont les points les plus importants des environnements de l&#039;industrie 4.0\" \/>\n<meta property=\"og:url\" content=\"https:\/\/lindy.com\/fr\/industrie-et-le-monitoring\/\" \/>\n<meta property=\"og:site_name\" content=\"Lindy - French\" \/>\n<meta property=\"article:modified_time\" content=\"2020-02-17T15:24:16+00:00\" \/>\n<meta property=\"og:image\" content=\"https:\/\/lindy.com\/de\/wp-content\/uploads\/sites\/3\/2020\/01\/38264_5_1_new.jpg\" \/>\n<meta name=\"twitter:card\" content=\"summary_large_image\" \/>\n<meta name=\"twitter:label1\" content=\"Dur\u00e9e de lecture estim\u00e9e\" \/>\n\t<meta name=\"twitter:data1\" content=\"4 minutes\" \/>\n<script type=\"application\/ld+json\" class=\"yoast-schema-graph\">{\"@context\":\"https:\/\/schema.org\",\"@graph\":[{\"@type\":\"WebPage\",\"@id\":\"https:\/\/lindy.com\/fr\/industrie-et-le-monitoring\/\",\"url\":\"https:\/\/lindy.com\/fr\/industrie-et-le-monitoring\/\",\"name\":\"Industrie et le monitoring pour l'Industrie 4.0\",\"isPartOf\":{\"@id\":\"https:\/\/lindy.com\/fr\/#website\"},\"primaryImageOfPage\":{\"@id\":\"https:\/\/lindy.com\/fr\/industrie-et-le-monitoring\/#primaryimage\"},\"image\":{\"@id\":\"https:\/\/lindy.com\/fr\/industrie-et-le-monitoring\/#primaryimage\"},\"thumbnailUrl\":\"https:\/\/lindy.com\/de\/wp-content\/uploads\/sites\/3\/2020\/01\/38264_5_1_new.jpg\",\"datePublished\":\"2020-01-16T09:58:11+00:00\",\"dateModified\":\"2020-02-17T15:24:16+00:00\",\"description\":\"La surveillance (monitoring), le contr\u00f4le interactif des processus de production automatis\u00e9s sont les points les plus importants des environnements de l'industrie 4.0\",\"breadcrumb\":{\"@id\":\"https:\/\/lindy.com\/fr\/industrie-et-le-monitoring\/#breadcrumb\"},\"inLanguage\":\"fr-FR\",\"potentialAction\":[{\"@type\":\"ReadAction\",\"target\":[\"https:\/\/lindy.com\/fr\/industrie-et-le-monitoring\/\"]}]},{\"@type\":\"ImageObject\",\"inLanguage\":\"fr-FR\",\"@id\":\"https:\/\/lindy.com\/fr\/industrie-et-le-monitoring\/#primaryimage\",\"url\":\"https:\/\/lindy.com\/de\/wp-content\/uploads\/sites\/3\/2020\/01\/38264_5_1_new.jpg\",\"contentUrl\":\"https:\/\/lindy.com\/de\/wp-content\/uploads\/sites\/3\/2020\/01\/38264_5_1_new.jpg\"},{\"@type\":\"BreadcrumbList\",\"@id\":\"https:\/\/lindy.com\/fr\/industrie-et-le-monitoring\/#breadcrumb\",\"itemListElement\":[{\"@type\":\"ListItem\",\"position\":1,\"name\":\"Home\",\"item\":\"https:\/\/lindy.com\/fr\/\"},{\"@type\":\"ListItem\",\"position\":2,\"name\":\"Industrie et le monitoring\"}]},{\"@type\":\"WebSite\",\"@id\":\"https:\/\/lindy.com\/fr\/#website\",\"url\":\"https:\/\/lindy.com\/fr\/\",\"name\":\"Lindy - French\",\"description\":\"Connection Perfection\",\"potentialAction\":[{\"@type\":\"SearchAction\",\"target\":{\"@type\":\"EntryPoint\",\"urlTemplate\":\"https:\/\/lindy.com\/fr\/?s={search_term_string}\"},\"query-input\":{\"@type\":\"PropertyValueSpecification\",\"valueRequired\":true,\"valueName\":\"search_term_string\"}}],\"inLanguage\":\"fr-FR\"}]}<\/script>\n<!-- \/ Yoast SEO plugin. -->","yoast_head_json":{"title":"Industrie et le monitoring pour l'Industrie 4.0","description":"La surveillance (monitoring), le contr\u00f4le interactif des processus de production automatis\u00e9s sont les points les plus importants des environnements de l'industrie 4.0","robots":{"index":"index","follow":"follow","max-snippet":"max-snippet:-1","max-image-preview":"max-image-preview:large","max-video-preview":"max-video-preview:-1"},"canonical":"https:\/\/lindy.com\/fr\/industrie-et-le-monitoring\/","og_locale":"fr_FR","og_type":"article","og_title":"Industrie et le monitoring pour l'Industrie 4.0","og_description":"La surveillance (monitoring), le contr\u00f4le interactif des processus de production automatis\u00e9s sont les points les plus importants des environnements de l'industrie 4.0","og_url":"https:\/\/lindy.com\/fr\/industrie-et-le-monitoring\/","og_site_name":"Lindy - French","article_modified_time":"2020-02-17T15:24:16+00:00","og_image":[{"url":"https:\/\/lindy.com\/de\/wp-content\/uploads\/sites\/3\/2020\/01\/38264_5_1_new.jpg","type":"","width":"","height":""}],"twitter_card":"summary_large_image","twitter_misc":{"Dur\u00e9e de lecture estim\u00e9e":"4 minutes"},"schema":{"@context":"https:\/\/schema.org","@graph":[{"@type":"WebPage","@id":"https:\/\/lindy.com\/fr\/industrie-et-le-monitoring\/","url":"https:\/\/lindy.com\/fr\/industrie-et-le-monitoring\/","name":"Industrie et le monitoring pour l'Industrie 4.0","isPartOf":{"@id":"https:\/\/lindy.com\/fr\/#website"},"primaryImageOfPage":{"@id":"https:\/\/lindy.com\/fr\/industrie-et-le-monitoring\/#primaryimage"},"image":{"@id":"https:\/\/lindy.com\/fr\/industrie-et-le-monitoring\/#primaryimage"},"thumbnailUrl":"https:\/\/lindy.com\/de\/wp-content\/uploads\/sites\/3\/2020\/01\/38264_5_1_new.jpg","datePublished":"2020-01-16T09:58:11+00:00","dateModified":"2020-02-17T15:24:16+00:00","description":"La surveillance (monitoring), le contr\u00f4le interactif des processus de production automatis\u00e9s sont les points les plus importants des environnements de l'industrie 4.0","breadcrumb":{"@id":"https:\/\/lindy.com\/fr\/industrie-et-le-monitoring\/#breadcrumb"},"inLanguage":"fr-FR","potentialAction":[{"@type":"ReadAction","target":["https:\/\/lindy.com\/fr\/industrie-et-le-monitoring\/"]}]},{"@type":"ImageObject","inLanguage":"fr-FR","@id":"https:\/\/lindy.com\/fr\/industrie-et-le-monitoring\/#primaryimage","url":"https:\/\/lindy.com\/de\/wp-content\/uploads\/sites\/3\/2020\/01\/38264_5_1_new.jpg","contentUrl":"https:\/\/lindy.com\/de\/wp-content\/uploads\/sites\/3\/2020\/01\/38264_5_1_new.jpg"},{"@type":"BreadcrumbList","@id":"https:\/\/lindy.com\/fr\/industrie-et-le-monitoring\/#breadcrumb","itemListElement":[{"@type":"ListItem","position":1,"name":"Home","item":"https:\/\/lindy.com\/fr\/"},{"@type":"ListItem","position":2,"name":"Industrie et le monitoring"}]},{"@type":"WebSite","@id":"https:\/\/lindy.com\/fr\/#website","url":"https:\/\/lindy.com\/fr\/","name":"Lindy - French","description":"Connection Perfection","potentialAction":[{"@type":"SearchAction","target":{"@type":"EntryPoint","urlTemplate":"https:\/\/lindy.com\/fr\/?s={search_term_string}"},"query-input":{"@type":"PropertyValueSpecification","valueRequired":true,"valueName":"search_term_string"}}],"inLanguage":"fr-FR"}]}},"_links":{"self":[{"href":"https:\/\/lindy.com\/fr\/wp-json\/wp\/v2\/pages\/879","targetHints":{"allow":["GET"]}}],"collection":[{"href":"https:\/\/lindy.com\/fr\/wp-json\/wp\/v2\/pages"}],"about":[{"href":"https:\/\/lindy.com\/fr\/wp-json\/wp\/v2\/types\/page"}],"author":[{"embeddable":true,"href":"https:\/\/lindy.com\/fr\/wp-json\/wp\/v2\/users\/11"}],"replies":[{"embeddable":true,"href":"https:\/\/lindy.com\/fr\/wp-json\/wp\/v2\/comments?post=879"}],"version-history":[{"count":0,"href":"https:\/\/lindy.com\/fr\/wp-json\/wp\/v2\/pages\/879\/revisions"}],"wp:attachment":[{"href":"https:\/\/lindy.com\/fr\/wp-json\/wp\/v2\/media?parent=879"}],"curies":[{"name":"wp","href":"https:\/\/api.w.org\/{rel}","templated":true}]}}