{"id":880,"date":"2020-01-16T10:43:31","date_gmt":"2020-01-16T10:43:31","guid":{"rendered":"https:\/\/lindy.com\/fr\/?page_id=880"},"modified":"2020-02-17T15:47:09","modified_gmt":"2020-02-17T15:47:09","slug":"evenementiel-solutions-av","status":"publish","type":"page","link":"https:\/\/lindy.com\/fr\/evenementiel-solutions-av\/","title":{"rendered":"\u00c9v\u00e8nementiel Solutions AV"},"content":{"rendered":"\n<section class=\"wp-block-lindy-parallax-hero section parallax-hero theme--light align--center  font--size-large\" style=\"background-image:url(https:\/\/lindy.com\/de\/wp-content\/uploads\/sites\/3\/2019\/12\/Presentation-layer.jpg)\"><div class=\"contained contained--full-width\"><div class=\"parallax-hero__content\"><div class=\"parallax-hero__content-wrapper align--center\"><h2 class=\"section__heading\"><span>Solutions AV <\/span><\/h2><h2 class=\"section__subheading section__subheading__title\"> pour l&rsquo;\u00e9v\u00e8nementiel<\/h2><\/div><\/div><\/div><\/section>\n\n\n\n<section class=\"wp-block-lindy-parallax-hero section parallax-hero theme--light align--left  font--size-medium\" style=\"background-image:url(https:\/\/lindy.com\/de\/wp-content\/uploads\/sites\/3\/2019\/12\/Presentation.jpg)\"><div class=\"contained contained--full-width\"><div class=\"parallax-hero__content\"><div class=\"parallax-hero__content-wrapper align--left\"><\/div><\/div><\/div><\/section>\n\n\n\n<section class=\"wp-block-lindy-parallax-hero section parallax-hero theme--light align--center font--camber font--size-medium\" style=\"background-image:url(https:\/\/lindy.com\/de\/wp-content\/uploads\/sites\/3\/2019\/12\/Presentation-layer.jpg)\"><div class=\"contained contained--full-width\"><div class=\"parallax-hero__content\"><div class=\"parallax-hero__content-wrapper align--center\"><h2 class=\"section__heading\"><span>Info \u00e0 la vol\u00e9e<\/span><\/h2><h2 class=\"section__subheading section__subheading__title\">Rapide et sans faille<\/h2><p class=\"section__paragraph\"><br\/>Avec une vari\u00e9t\u00e9 de points d&rsquo;acc\u00e8s publics diff\u00e9rents, des informations cl\u00e9s, qu&rsquo;il s&rsquo;agisse de lancement de nouveaux produits, d&rsquo;\u00e9v\u00e9nements sportifs ou des derni\u00e8res actualit\u00e9s, toujours dans des formats AV haute d\u00e9finition, une attention maximale est requise pour que la compr\u00e9hension soit garantie \u00e0 tout moment. Pour cela, le contenu doit \u00eatre rapidement et facilement commut\u00e9 entre des \u00e9crans individuels et m\u00eame vers un mur vid\u00e9o.<\/p><\/div><\/div><\/div><\/section>\n\n\n\n<section class=\"wp-block-lindy-heading-text section section--heading-text theme--dark align--center  font--size-medium section--animation-none\"><div class=\"contained\"><h2 class=\"section__heading\"><span><br\/>Switch Matrix et mur d&rsquo;\u00e9crans<\/span><\/h2><h2 class=\"section__subheading section__subheading__title\">Flexibilit\u00e9 <\/h2><\/div><\/section>\n\n\n\n<section class=\"wp-block-lindy-image-text-module section section--full-width-image full-width-image--with-text theme--light section--animation-none align--left  font--size-medium\" style=\"background-image:url(https:\/\/lindy.com\/de\/wp-content\/uploads\/sites\/3\/2020\/01\/38260_FW_new.jpg)\"><img decoding=\"async\" class=\"full-width-image__image\" src=\"https:\/\/lindy.com\/de\/wp-content\/uploads\/sites\/3\/2020\/01\/38260_FW_new.jpg\"\/><div class=\"contained\"><div class=\"full-width-image__content\"><\/div><\/div><\/section>\n\n\n\n<section class=\"wp-block-lindy-paragraph-one-col section section--horizontal-content section--horizontal-content--one-column font--size-small theme--dark align--center  section--animation-none\"><div class=\"contained\"><p class=\"section__paragraph\">La technique derri\u00e8re cette solution se compose d&rsquo;un switch Matrix 8&#215;8 central qui peut commuter \u00e0 volont\u00e9 des contenus AV 18G haute r\u00e9solution vers les afficheurs connect\u00e9s. Les contenus AV des sources connect\u00e9es peuvent \u00eatre affich\u00e9s individuellement sur chaque \u00e9cran ou un mur d&rsquo;\u00e9crans.<\/p><\/div><\/section>\n\n\n\n<section class=\"wp-block-lindy-heading-text section section--heading-text theme--dark align--center font--camber font--size-medium section--animation-none\"><div class=\"contained\"><h2 class=\"section__heading\"><span>SOLUTION D&rsquo;AFFICHAGE<\/span><\/h2><h2 class=\"section__subheading section__subheading__title\">DANS LE COMMERCE<\/h2><\/div><\/section>\n\n\n\n<section class=\"wp-block-lindy-zoom-image section section--zoom-image zoom-image align--center theme--dark\"><div class=\"contained\"><div class=\"zoom-image-wrapper\"><img decoding=\"async\" class=\"zoomable\" src=\"https:\/\/lindy.com\/de\/wp-content\/uploads\/sites\/3\/2020\/01\/38260_zoom.jpg\" data-zoom-img=\"https:\/\/lindy.com\/de\/wp-content\/uploads\/sites\/3\/2020\/01\/38260_zoom.jpg\"\/><\/div><span class=\"zoom-image__description\">Click to zoom<\/span><\/div><\/section>\n\n\n\n<section class=\"wp-block-lindy-paragraph-one-col section section--horizontal-content section--horizontal-content--one-column font--size-small theme--dark align--center  section--animation-none\"><div class=\"contained\"><p class=\"section__paragraph\">En y combinant un syst\u00e8me extender longue distance, les contenus peuvent \u00eatre transmis vers diff\u00e9rents \u00e9crans dans de b\u00e2timents, par exemple pour le Digital Signage, la publicit\u00e9 ou des panneaux d&rsquo;affichage.  \u00c0 partir d&rsquo;un kit extender 50m sur c\u00e2ble r\u00e9seau de haute qualit\u00e9 ou d&rsquo;un c\u00e2ble hybride de 10 \u00e0 100m ou d&rsquo;un kit extender optique (jusqu&rsquo;\u00e0 300m) : tous les lieux et points du b\u00e2timent sont couverts.<br\/><br\/>Ce sc\u00e9nario d&rsquo;installation est tr\u00e8s r\u00e9pandu, par exemple dans le secteur de la Vente au d\u00e9tail o\u00f9 les images et descriptions produits doivent \u00eatre transmises vers un mur d&rsquo;\u00e9crans et sur diff\u00e9rents \u00e9crans r\u00e9partis dans diff\u00e9rentes pi\u00e8ces. Autre exemple : dans les bureaux de paris o\u00f9 les \u00e9v\u00e9nements sportifs les plus int\u00e9ressants peuvent \u00eatre pr\u00e9sent\u00e9s sur un mur d&rsquo;\u00e9cran ou individuellement sur diff\u00e9rents \u00e9crans.<\/p><\/div><\/section>\n\n\n\n<section class=\"wp-block-lindy-heading-text section section--heading-text theme--light align--center  font--size-medium section--animation-none\"><div class=\"contained\"><h2 class=\"section__heading\"><span><br\/>Matrix 8&#215;8 HDMI 18G<\/span><\/h2><h2 class=\"section__subheading section__subheading__title\">Avec mur d&rsquo;\u00e9cran<\/h2><\/div><\/section>\n\n\n\n<section class=\"wp-block-lindy-image-text-module section section--full-width-image full-width-image--with-text theme--light section--animation-none align--left  font--size-medium width--half\" style=\"background-image:url()\"><img decoding=\"async\" class=\"full-width-image__image\" src=\"\"\/><div class=\"contained\"><div class=\"full-width-image__content\"><p class=\"section__paragraph\">Le switch Matrix 8&#215;8 Seamless haute performance acceptant des r\u00e9solutions jusqu&rsquo;\u00e0 4K U 4K UHD (3840&#215;2160@60Hz est une solution aux fonctionnalit\u00e9s avanc\u00e9es. Les 8 sorties \u00e0 utiliser sont s\u00e9lectionnables parmi un \u00e0 8 signaux en entr\u00e9e et transmettent les diff\u00e9rents contenus vers un mur d&rsquo;\u00e9cran, suivant plusieurs combinaisons possibles.<br\/><\/p><\/div><\/div><\/section>\n\n\n\n<section class=\"wp-block-lindy-image-text-module section section--full-width-image full-width-image--with-text theme--light section--animation-none align--left  font--size-medium width--half\" style=\"background-image:url(https:\/\/lindy.com\/de\/wp-content\/uploads\/sites\/3\/2020\/01\/38260_2.jpg)\"><img decoding=\"async\" class=\"full-width-image__image\" src=\"https:\/\/lindy.com\/de\/wp-content\/uploads\/sites\/3\/2020\/01\/38260_2.jpg\"\/><div class=\"contained\"><div class=\"full-width-image__content\"><\/div><\/div><\/section>\n\n\n\n<section class=\"wp-block-lindy-image-text-module section section--full-width-image full-width-image--with-text theme--light section--animation-none align--left  font--size-medium width--half\" style=\"background-image:url(https:\/\/lindy.com\/de\/wp-content\/uploads\/sites\/3\/2020\/01\/38260_3_new.jpg)\"><img decoding=\"async\" class=\"full-width-image__image\" src=\"https:\/\/lindy.com\/de\/wp-content\/uploads\/sites\/3\/2020\/01\/38260_3_new.jpg\"\/><div class=\"contained\"><div class=\"full-width-image__content\"><\/div><\/div><\/section>\n\n\n\n<section class=\"wp-block-lindy-image-text-module section section--full-width-image full-width-image--with-text theme--light section--animation-none align--left  font--size-medium width--half\" style=\"background-image:url()\"><img decoding=\"async\" class=\"full-width-image__image\" src=\"\"\/><div class=\"contained\"><div class=\"full-width-image__content\"><p class=\"section__paragraph\">Jusqu&rsquo;\u00e0 2 murs d&rsquo;\u00e9crans sont d\u00e9finissables \u00e0 partir des 8 sorties disponibles. Chacun des 8 signaux en entr\u00e9e peut \u00eatre utilis\u00e9 soit sur un des murs d&rsquo;\u00e9cran ou individuellement sur diff\u00e9rents \u00e9crans.<br\/><br\/>La correction du contour des \u00e9crans utilis\u00e9s (Bezel Correction) peut \u00eatre d\u00e9finie dans le logiciel de configuration. Les signaux Audio peuvent \u00eatre inject\u00e9s et extraits via une entr\u00e9e et une sortie s\u00e9par\u00e9es. Les signaux Audio externes sont donc inject\u00e9s dans le flux des donn\u00e9es transmises puis extraits vers les p\u00e9riph\u00e9riques Audio.<br\/> <br\/>\u00c0 des fins de d\u00e9monstration et de pr\u00e9sentation, n&rsquo;importe quelle entr\u00e9e peut \u00eatre transmise \u00e0 n&rsquo;importe quelle sortie dans n&rsquo;importe quel ordre, avec un contr\u00f4le du temps et un d\u00e9lai d&rsquo;attente r\u00e9glable. Le syst\u00e8me est configurable et administrable dans un r\u00e9seau IP  via une interface graphique web GUI, dans laquelle tous les r\u00e9glages (jusqu&rsquo;\u00e0 8) sont enregistrables. Les r\u00e9glages les plus importants peuvent \u00e9galement s&rsquo;effectuer en fa\u00e7ade du switch Matrix.<\/p><a href=\"https:\/\/www.lindy.fr\/?websale8=ld0101.ld030103&amp;pi=38260\" class=\"button button--dark\" target=\"_blank\" rel=\"noopener noreferrer\">En savoir plus<\/a><\/div><\/div><\/section>\n\n\n\n<section class=\"wp-block-lindy-heading-text section section--heading-text theme--dark align--center  font--size-medium section--animation-none\"><div class=\"contained\"><h2 class=\"section__heading\"><span><br\/>Connexion optique<\/span><\/h2><h2 class=\"section__subheading section__subheading__title\">Le superlatif<\/h2><\/div><\/section>\n\n\n\n<section class=\"wp-block-lindy-image-text-module section section--full-width-image full-width-image--with-text theme--light section--animation-none align--left  font--size-medium width--half\" style=\"background-image:url(https:\/\/lindy.com\/de\/wp-content\/uploads\/sites\/3\/2020\/01\/38179_HW-1.jpg)\"><img decoding=\"async\" class=\"full-width-image__image\" src=\"https:\/\/lindy.com\/de\/wp-content\/uploads\/sites\/3\/2020\/01\/38179_HW-1.jpg\"\/><div class=\"contained\"><div class=\"full-width-image__content\"><\/div><\/div><\/section>\n\n\n\n<section class=\"wp-block-lindy-image-text-module section section--full-width-image full-width-image--with-text theme--dark section--animation-none align--left  font--size-medium width--half\" style=\"background-image:url()\"><img decoding=\"async\" class=\"full-width-image__image\" src=\"\"\/><div class=\"contained\"><div class=\"full-width-image__content\"><p class=\"section__paragraph\">L&rsquo;extender HDMI 18G sur fibre utilise une fibre optique Multimode OM3 avec des connecteurs LC-Duplex. Ce m\u00e9dia de transport prend en charge une distance de transmission jusqu&rsquo;\u00e0 300m. L&rsquo;extender  transmet des signaux AV sur une bande passante de 18GBit\/s et prend en charge les r\u00e9solutions 4K Ultra-HD 3840&#215;2160@60Hz 4:4:4 8Bit. Il peut g\u00e9rer les profondeurs de couleurs jusqu&rsquo;\u00e0 12 Bits, plusieurs formats HDR tels que HDR 10, Dolby Vision, HLG, diff\u00e9rents formats Audio tels que Dolby Atmos, True HD et 7.1 avec une profondeur de couleur de 24Bits et un taux d&rsquo;\u00e9chantillonnage de 192kHz. Les c\u00e2bles de connexion HDMI mont\u00e9s en permanence sur l&rsquo;\u00e9metteur et le r\u00e9cepteur assurent une fiabilit\u00e9 accrue gr\u00e2ce \u00e0 l&rsquo;utilisation \u00e9conomique de connecteurs galvaniques.<\/p><a href=\"https:\/\/www.lindy.fr\/Extender-HDMI-18G-Fibre-Optique-300m.htm?websale8=ld0101.ld030103&amp;pi=38179&amp;ci=20\" class=\"button button--white-transparent\" target=\"_blank\" rel=\"noopener noreferrer\">En savoir plus<\/a><\/div><\/div><\/section>\n\n\n\n<section class=\"wp-block-lindy-heading-text section section--heading-text theme--light align--center  font--size-medium section--animation-none\"><div class=\"contained\"><h2 class=\"section__heading\"><span><br\/>Extender Cat.6<\/span><\/h2><h2 class=\"section__subheading section__subheading__title\">Pour HDMI 18G et IR<\/h2><\/div><\/section>\n\n\n\n<section class=\"wp-block-lindy-image-text-module section section--full-width-image full-width-image--with-text theme--light section--animation-none align--left  font--size-medium width--half\" style=\"background-image:url(https:\/\/lindy.com\/de\/wp-content\/uploads\/sites\/3\/2020\/01\/38205_HW.jpg)\"><img decoding=\"async\" class=\"full-width-image__image\" src=\"https:\/\/lindy.com\/de\/wp-content\/uploads\/sites\/3\/2020\/01\/38205_HW.jpg\"\/><div class=\"contained\"><div class=\"full-width-image__content\"><\/div><\/div><\/section>\n\n\n\n<section class=\"wp-block-lindy-image-text-module section section--full-width-image full-width-image--with-text theme--light section--animation-none align--left  font--size-medium width--half\" style=\"background-image:url()\"><img decoding=\"async\" class=\"full-width-image__image\" src=\"\"\/><div class=\"contained\"><div class=\"full-width-image__content\"><p class=\"section__paragraph\">L&rsquo;extender HDMI Cat.6 HDMI 18G &amp; IR transmet des signaux AV HDMI jusqu&rsquo;\u00e0 4k UHD (3840 x 2160@60Hz 4:4:4 8Bit) et jusqu&rsquo;\u00e0 50m. Il utilise un m\u00e9dia de transport habituel : le c\u00e2ble r\u00e9seau Cat.6. Il prend en charge les formats HDR tels que : HLG, HDR10, HDR10+, Dolby Vision, tout comme les diff\u00e9rents formats Audio : Dolby Atmos, DTS-X, LPCM, Dolby Digital\/Plus\/EX, Dolby True HD et plus encore. En plus des signaux HDMI, les signaux de contr\u00f4le IR sont \u00e9galement transmis de l&rsquo;\u00e9metteur au r\u00e9cepteur, la source peut donc \u00eatre contr\u00f4l\u00e9e depuis l&rsquo;\u00e9cran via sa t\u00e9l\u00e9commande IR. Pour la surveillance (monitoring), un port de sortie HDMI se trouve sur l&rsquo;\u00e9metteur ; id\u00e9al pour contr\u00f4ler localement le signal source transmis. L&rsquo;alimentation du r\u00e9cepteur s&rsquo;effectue via le c\u00e2ble r\u00e9seau (PoC) venant de l&rsquo;\u00e9metteur, aucune alimentation externe n&rsquo;est donc n\u00e9cessaire sur le r\u00e9cepteur.<\/p><a href=\"https:\/\/www.lindy.fr\/Extender-HDMI-18G-IR-Cat-6-50m-avec-PoC-Loop-Out.htm?websale8=ld0101.ld030103&amp;pi=38205&amp;ci=10\" class=\"button button--dark\" target=\"_blank\" rel=\"noopener noreferrer\">ACHETER EN LIGNE<\/a><\/div><\/div><\/section>\n\n\n\n<section class=\"wp-block-lindy-heading-text section section--heading-text theme--dark align--center  font--size-medium section--animation-none\"><div class=\"contained\"><h2 class=\"section__heading\"><span><br\/>Ligne longue distance flexible<\/span><\/h2><h2 class=\"section__subheading section__subheading__title\">C\u00e2bles 18G en HDMI ou DVI<\/h2><\/div><\/section>\n\n\n\n<section class=\"wp-block-lindy-image-text-module section section--full-width-image full-width-image--with-text theme--dark section--animation-none align--left  font--size-medium width--half\" style=\"background-image:url()\"><img decoding=\"async\" class=\"full-width-image__image\" src=\"\"\/><div class=\"contained\"><div class=\"full-width-image__content\"><p class=\"section__paragraph\">Les c\u00e2bles hybride fibre optique en micro HDMI, disponibles en longueur de 10m, 20m, 30m, 40m, 50m, 70m et 100m utilisent la technologie de c\u00e2ble hybride qui transmet les signaux AV gourmands en bande passante sur une fibre optique tout en envoyant les signaux de contr\u00f4le sur une liaison cuivre. Le concept modulaire du c\u00e2ble lui fournit l&rsquo;outil pour une large gamme d&rsquo;application : la connexion en micro HDMI. Avec l&rsquo;aide d&rsquo;adaptateurs HDMI et DVI, le c\u00e2ble peut \u00eatre utilis\u00e9 avec des connecteurs micro-HDMI, HDMI, DVI ou c\u00e2ble adaptateur HDMI vers DVI.<br\/> <br\/>Avec la bande passante de 18GBit\/s, le c\u00e2ble transmet les r\u00e9solutions HDMI-2.0 jusqu&rsquo;\u00e0 3840&#215;2160@60Hz 4:4:4 8bit. Les r\u00e9solutions DVI peuvent aller jusqu&rsquo;\u00e0 1920&#215;1200. Pour la transmission de contenus prot\u00e9g\u00e9s, HDCP 2.2 est pris en charge. Le c\u00e2ble est aliment\u00e9 en tension par la source AV, une alimentation n&rsquo;est donc pas n\u00e9cessaire.<br\/><br\/><\/p><a href=\"https:\/\/www.lindy.fr\/?websale8=ld0101.ld030103&amp;ci=259\" class=\"button button--white-transparent\" target=\"_blank\" rel=\"noopener noreferrer\">ACHETER EN LIGNE<\/a><\/div><\/div><\/section>\n\n\n\n<section class=\"wp-block-lindy-image-text-module section section--full-width-image full-width-image--with-text theme--light section--animation-none align--left  font--size-medium width--half\" style=\"background-image:url(https:\/\/lindy.com\/de\/wp-content\/uploads\/sites\/3\/2020\/01\/38320_HW-1.jpg)\"><img decoding=\"async\" class=\"full-width-image__image\" src=\"https:\/\/lindy.com\/de\/wp-content\/uploads\/sites\/3\/2020\/01\/38320_HW-1.jpg\"\/><div class=\"contained\"><div class=\"full-width-image__content\"><\/div><\/div><\/section>\n","protected":false},"excerpt":{"rendered":"","protected":false},"author":11,"featured_media":0,"parent":0,"menu_order":0,"comment_status":"closed","ping_status":"closed","template":"page-templates\/template-landing.php","meta":{"_acf_changed":false,"footnotes":""},"class_list":["post-880","page","type-page","status-publish","hentry"],"acf":[],"yoast_head":"<!-- This site is optimized with the Yoast SEO plugin v26.6 - https:\/\/yoast.com\/wordpress\/plugins\/seo\/ -->\n<title>\u00c9v\u00e8nementiel Solutions AV - Info \u00e0 la vol\u00e9e: rapide et sans faille<\/title>\n<meta name=\"description\" content=\"Avec une vari\u00e9t\u00e9 de points d&#039;acc\u00e8s publics diff\u00e9rents, des informations cl\u00e9s toujours dans des formats AV haute d\u00e9finition, une attention maximale est requise pour que la compr\u00e9hension soit garantie \u00e0 tout moment.\" \/>\n<meta name=\"robots\" content=\"index, follow, max-snippet:-1, max-image-preview:large, max-video-preview:-1\" \/>\n<link rel=\"canonical\" href=\"https:\/\/lindy.com\/fr\/evenementiel-solutions-av\/\" \/>\n<meta property=\"og:locale\" content=\"fr_FR\" \/>\n<meta property=\"og:type\" content=\"article\" \/>\n<meta property=\"og:title\" content=\"\u00c9v\u00e8nementiel Solutions AV - Info \u00e0 la vol\u00e9e: rapide et sans faille\" \/>\n<meta property=\"og:description\" content=\"Avec une vari\u00e9t\u00e9 de points d&#039;acc\u00e8s publics diff\u00e9rents, des informations cl\u00e9s toujours dans des formats AV haute d\u00e9finition, une attention maximale est requise pour que la compr\u00e9hension soit garantie \u00e0 tout moment.\" \/>\n<meta property=\"og:url\" content=\"https:\/\/lindy.com\/fr\/evenementiel-solutions-av\/\" \/>\n<meta property=\"og:site_name\" content=\"Lindy - French\" \/>\n<meta property=\"article:modified_time\" content=\"2020-02-17T15:47:09+00:00\" \/>\n<meta property=\"og:image\" content=\"https:\/\/lindy.com\/de\/wp-content\/uploads\/sites\/3\/2020\/01\/38260_FW_new.jpg\" \/>\n<meta name=\"twitter:card\" content=\"summary_large_image\" \/>\n<meta name=\"twitter:label1\" content=\"Dur\u00e9e de lecture estim\u00e9e\" \/>\n\t<meta name=\"twitter:data1\" content=\"5 minutes\" \/>\n<script type=\"application\/ld+json\" class=\"yoast-schema-graph\">{\"@context\":\"https:\/\/schema.org\",\"@graph\":[{\"@type\":\"WebPage\",\"@id\":\"https:\/\/lindy.com\/fr\/evenementiel-solutions-av\/\",\"url\":\"https:\/\/lindy.com\/fr\/evenementiel-solutions-av\/\",\"name\":\"\u00c9v\u00e8nementiel Solutions AV - Info \u00e0 la vol\u00e9e: rapide et sans faille\",\"isPartOf\":{\"@id\":\"https:\/\/lindy.com\/fr\/#website\"},\"primaryImageOfPage\":{\"@id\":\"https:\/\/lindy.com\/fr\/evenementiel-solutions-av\/#primaryimage\"},\"image\":{\"@id\":\"https:\/\/lindy.com\/fr\/evenementiel-solutions-av\/#primaryimage\"},\"thumbnailUrl\":\"https:\/\/lindy.com\/de\/wp-content\/uploads\/sites\/3\/2020\/01\/38260_FW_new.jpg\",\"datePublished\":\"2020-01-16T10:43:31+00:00\",\"dateModified\":\"2020-02-17T15:47:09+00:00\",\"description\":\"Avec une vari\u00e9t\u00e9 de points d'acc\u00e8s publics diff\u00e9rents, des informations cl\u00e9s toujours dans des formats AV haute d\u00e9finition, une attention maximale est requise pour que la compr\u00e9hension soit garantie \u00e0 tout moment.\",\"breadcrumb\":{\"@id\":\"https:\/\/lindy.com\/fr\/evenementiel-solutions-av\/#breadcrumb\"},\"inLanguage\":\"fr-FR\",\"potentialAction\":[{\"@type\":\"ReadAction\",\"target\":[\"https:\/\/lindy.com\/fr\/evenementiel-solutions-av\/\"]}]},{\"@type\":\"ImageObject\",\"inLanguage\":\"fr-FR\",\"@id\":\"https:\/\/lindy.com\/fr\/evenementiel-solutions-av\/#primaryimage\",\"url\":\"https:\/\/lindy.com\/de\/wp-content\/uploads\/sites\/3\/2020\/01\/38260_FW_new.jpg\",\"contentUrl\":\"https:\/\/lindy.com\/de\/wp-content\/uploads\/sites\/3\/2020\/01\/38260_FW_new.jpg\"},{\"@type\":\"BreadcrumbList\",\"@id\":\"https:\/\/lindy.com\/fr\/evenementiel-solutions-av\/#breadcrumb\",\"itemListElement\":[{\"@type\":\"ListItem\",\"position\":1,\"name\":\"Home\",\"item\":\"https:\/\/lindy.com\/fr\/\"},{\"@type\":\"ListItem\",\"position\":2,\"name\":\"\u00c9v\u00e8nementiel Solutions AV\"}]},{\"@type\":\"WebSite\",\"@id\":\"https:\/\/lindy.com\/fr\/#website\",\"url\":\"https:\/\/lindy.com\/fr\/\",\"name\":\"Lindy - French\",\"description\":\"Connection Perfection\",\"potentialAction\":[{\"@type\":\"SearchAction\",\"target\":{\"@type\":\"EntryPoint\",\"urlTemplate\":\"https:\/\/lindy.com\/fr\/?s={search_term_string}\"},\"query-input\":{\"@type\":\"PropertyValueSpecification\",\"valueRequired\":true,\"valueName\":\"search_term_string\"}}],\"inLanguage\":\"fr-FR\"}]}<\/script>\n<!-- \/ Yoast SEO plugin. -->","yoast_head_json":{"title":"\u00c9v\u00e8nementiel Solutions AV - Info \u00e0 la vol\u00e9e: rapide et sans faille","description":"Avec une vari\u00e9t\u00e9 de points d'acc\u00e8s publics diff\u00e9rents, des informations cl\u00e9s toujours dans des formats AV haute d\u00e9finition, une attention maximale est requise pour que la compr\u00e9hension soit garantie \u00e0 tout moment.","robots":{"index":"index","follow":"follow","max-snippet":"max-snippet:-1","max-image-preview":"max-image-preview:large","max-video-preview":"max-video-preview:-1"},"canonical":"https:\/\/lindy.com\/fr\/evenementiel-solutions-av\/","og_locale":"fr_FR","og_type":"article","og_title":"\u00c9v\u00e8nementiel Solutions AV - Info \u00e0 la vol\u00e9e: rapide et sans faille","og_description":"Avec une vari\u00e9t\u00e9 de points d'acc\u00e8s publics diff\u00e9rents, des informations cl\u00e9s toujours dans des formats AV haute d\u00e9finition, une attention maximale est requise pour que la compr\u00e9hension soit garantie \u00e0 tout moment.","og_url":"https:\/\/lindy.com\/fr\/evenementiel-solutions-av\/","og_site_name":"Lindy - French","article_modified_time":"2020-02-17T15:47:09+00:00","og_image":[{"url":"https:\/\/lindy.com\/de\/wp-content\/uploads\/sites\/3\/2020\/01\/38260_FW_new.jpg","type":"","width":"","height":""}],"twitter_card":"summary_large_image","twitter_misc":{"Dur\u00e9e de lecture estim\u00e9e":"5 minutes"},"schema":{"@context":"https:\/\/schema.org","@graph":[{"@type":"WebPage","@id":"https:\/\/lindy.com\/fr\/evenementiel-solutions-av\/","url":"https:\/\/lindy.com\/fr\/evenementiel-solutions-av\/","name":"\u00c9v\u00e8nementiel Solutions AV - Info \u00e0 la vol\u00e9e: rapide et sans faille","isPartOf":{"@id":"https:\/\/lindy.com\/fr\/#website"},"primaryImageOfPage":{"@id":"https:\/\/lindy.com\/fr\/evenementiel-solutions-av\/#primaryimage"},"image":{"@id":"https:\/\/lindy.com\/fr\/evenementiel-solutions-av\/#primaryimage"},"thumbnailUrl":"https:\/\/lindy.com\/de\/wp-content\/uploads\/sites\/3\/2020\/01\/38260_FW_new.jpg","datePublished":"2020-01-16T10:43:31+00:00","dateModified":"2020-02-17T15:47:09+00:00","description":"Avec une vari\u00e9t\u00e9 de points d'acc\u00e8s publics diff\u00e9rents, des informations cl\u00e9s toujours dans des formats AV haute d\u00e9finition, une attention maximale est requise pour que la compr\u00e9hension soit garantie \u00e0 tout moment.","breadcrumb":{"@id":"https:\/\/lindy.com\/fr\/evenementiel-solutions-av\/#breadcrumb"},"inLanguage":"fr-FR","potentialAction":[{"@type":"ReadAction","target":["https:\/\/lindy.com\/fr\/evenementiel-solutions-av\/"]}]},{"@type":"ImageObject","inLanguage":"fr-FR","@id":"https:\/\/lindy.com\/fr\/evenementiel-solutions-av\/#primaryimage","url":"https:\/\/lindy.com\/de\/wp-content\/uploads\/sites\/3\/2020\/01\/38260_FW_new.jpg","contentUrl":"https:\/\/lindy.com\/de\/wp-content\/uploads\/sites\/3\/2020\/01\/38260_FW_new.jpg"},{"@type":"BreadcrumbList","@id":"https:\/\/lindy.com\/fr\/evenementiel-solutions-av\/#breadcrumb","itemListElement":[{"@type":"ListItem","position":1,"name":"Home","item":"https:\/\/lindy.com\/fr\/"},{"@type":"ListItem","position":2,"name":"\u00c9v\u00e8nementiel Solutions AV"}]},{"@type":"WebSite","@id":"https:\/\/lindy.com\/fr\/#website","url":"https:\/\/lindy.com\/fr\/","name":"Lindy - French","description":"Connection Perfection","potentialAction":[{"@type":"SearchAction","target":{"@type":"EntryPoint","urlTemplate":"https:\/\/lindy.com\/fr\/?s={search_term_string}"},"query-input":{"@type":"PropertyValueSpecification","valueRequired":true,"valueName":"search_term_string"}}],"inLanguage":"fr-FR"}]}},"_links":{"self":[{"href":"https:\/\/lindy.com\/fr\/wp-json\/wp\/v2\/pages\/880","targetHints":{"allow":["GET"]}}],"collection":[{"href":"https:\/\/lindy.com\/fr\/wp-json\/wp\/v2\/pages"}],"about":[{"href":"https:\/\/lindy.com\/fr\/wp-json\/wp\/v2\/types\/page"}],"author":[{"embeddable":true,"href":"https:\/\/lindy.com\/fr\/wp-json\/wp\/v2\/users\/11"}],"replies":[{"embeddable":true,"href":"https:\/\/lindy.com\/fr\/wp-json\/wp\/v2\/comments?post=880"}],"version-history":[{"count":0,"href":"https:\/\/lindy.com\/fr\/wp-json\/wp\/v2\/pages\/880\/revisions"}],"wp:attachment":[{"href":"https:\/\/lindy.com\/fr\/wp-json\/wp\/v2\/media?parent=880"}],"curies":[{"name":"wp","href":"https:\/\/api.w.org\/{rel}","templated":true}]}}