{"id":1601,"date":"2024-01-24T11:01:35","date_gmt":"2024-01-24T11:01:35","guid":{"rendered":"https:\/\/lindy.com\/it\/?page_id=1601"},"modified":"2024-01-24T11:01:35","modified_gmt":"2024-01-24T11:01:35","slug":"sdvoe","status":"publish","type":"page","link":"https:\/\/lindy.com\/it\/sdvoe\/","title":{"rendered":"SDVoE"},"content":{"rendered":"\n<section class=\"wp-block-lindy-image-text-module section section--full-width-image full-width-image--with-text theme--dark section--animation-none align--center  font--size-large\" style=\"background-image:url(https:\/\/lindy.com\/de\/wp-content\/uploads\/sites\/3\/2024\/01\/Header_SDVOE-Logo.png)\"><img decoding=\"async\" class=\"full-width-image__image\" src=\"https:\/\/lindy.com\/de\/wp-content\/uploads\/sites\/3\/2024\/01\/Header_SDVOE-Logo.png\"\/><div class=\"contained\"><div class=\"full-width-image__content\"><h2 class=\"section__heading\"><span><br\/><br\/><br\/><br\/>SDVOE<\/span><\/h2><h2 class=\"section__subheading section__subheading__title\">Software\u00a0Defined\u00a0<br\/>Video\u00a0over\u00a0Ethernet<\/h2><p class=\"section__paragraph\"><br\/>   <br\/><br\/><br\/><br\/><\/p><\/div><\/div><\/section>\n\n\n\n<section class=\"wp-block-lindy-image-text-module section section--full-width-image full-width-image--with-text theme--dark section--animation-none align--center  font--size-medium\" style=\"background-image:url()\"><img decoding=\"async\" class=\"full-width-image__image\" src=\"\"\/><div class=\"contained\"><div class=\"full-width-image__content\"><h2 class=\"section__heading\"><span>tecnologia extender<\/span><\/h2><h2 class=\"section__subheading section__subheading__title\">BASATA SU RETE<\/h2><p class=\"section__paragraph\"><br\/>Benvenuti nel futuro della tecnologia AV!<br\/>Scoprite le possibilit\u00e0 illimitate del SDVoE (Software Defined Video over Ethernet), che sta rivoluzionando la trasmissione di contenuti audiovisivi. SDVoE non \u00e8 solo un nuovo standard, ma una tecnologia innovativa che sta ridefinendo il modo in cui vediamo, ascoltiamo e condividiamo i contenuti.<br\/><br\/>SDVoE consente la trasmissione di video ad alta definizione, audio e comandi di controllo su reti Ethernet convenzionali. Sperimentate una flessibilit\u00e0 e una scalabilit\u00e0 senza pari, godendo di una qualit\u00e0 dell&#8217;immagine e del suono di prim&#8217;ordine. Dimenticate l&#8217;ingombro dei cavi e i costosi aggiornamenti hardware: SDVoE vi permette di ottimizzare la vostra configurazione AV in modo semplice ed economico.<br\/><br\/>Il futuro dell&#8217;integrazione AV \u00e8 adesso. Che si tratti di aziende, istituti scolastici o aree di intrattenimento, la tecnologia SDVoE rappresenta la soluzione ideale per ogni applicazione.<\/p><\/div><\/div><\/section>\n\n\n\n<section data-lin-vimeo=\"904011755\" class=\"wp-block-lindy-full-width-video section section--video-section full-width-video theme--dark align--center font--size-medium\"><div class=\"contained relative\"><div class=\"full-width-video__heading contained\"><\/div><div class=\"vimeo-section-video-inner section__vimeo-inner\" data-lin-vimeo=\"904011755\"><\/div><\/div><\/section>\n\n\n\n<section class=\"wp-block-lindy-heading-text section section--heading-text theme--dark align--left  font--size-medium section--animation-none\"><div class=\"contained\"><h2 class=\"section__heading\"><span>   <\/span><\/h2><h2 class=\"section__subheading section__subheading__title\">   <\/h2><\/div><\/section>\n\n\n\n<section class=\"wp-block-lindy-image-text-module section section--full-width-image full-width-image--with-text theme--light section--animation-none align--left  font--size-medium\" style=\"background-image:url()\"><img decoding=\"async\" class=\"full-width-image__image\" src=\"\"\/><div class=\"contained\"><div class=\"full-width-image__content\"><h2 class=\"section__heading\"><span>GESTIONE AV VIA RETE<\/span><\/h2><h2 class=\"section__subheading section__subheading__title\">CON 2 PRODOTTI <br\/>UNIVERSALI<\/h2><p class=\"section__paragraph\"><br\/>Il sistema \u00e8 composto da moduli Controller e Transceiver. Il Transceiver pu\u00f2 funzionare come Encoder o Decoder per il collegamento a dispositivi di sorgente o di visualizzazione. Il Controller gestisce l&#8217;intera installazione e pu\u00f2 essere configurato tramite un browser web. L&#8217;interfaccia grafica supporta l&#8217;anteprima del segnale e il drag &amp; drop. Il sistema pu\u00f2 essere utilizzato sia in reti in fibra ottica che in rame. Supporta il PoE per facilitare l&#8217;installazione e la scalabilit\u00e0. <\/p><\/div><\/div><\/section>\n\n\n\n<section class=\"wp-block-lindy-image-text-module section section--full-width-image full-width-image--with-text theme--dark section--animation-none align--center  font--size-medium width--half\" style=\"background-image:url(https:\/\/lindy.com\/de\/wp-content\/uploads\/sites\/3\/2024\/01\/38364_HW.png)\"><img decoding=\"async\" class=\"full-width-image__image\" src=\"https:\/\/lindy.com\/de\/wp-content\/uploads\/sites\/3\/2024\/01\/38364_HW.png\"\/><div class=\"contained\"><div class=\"full-width-image__content\"><p class=\"section__paragraph\">Controller SDVoE (No. 38364)<\/p><a href=\"https:\/\/www.lindy.it\/Controller-SDVoE.htm?websale8=ld0101.ld041104&amp;pi=38364&amp;ci=200202\" class=\"button button--white-transparent\" target=\"_blank\" rel=\"noopener noreferrer\">AL PRODOTTO<\/a><\/div><\/div><\/section>\n\n\n\n<section class=\"wp-block-lindy-image-text-module section section--full-width-image full-width-image--with-text theme--dark section--animation-none align--center  font--size-medium width--half\" style=\"background-image:url(https:\/\/lindy.com\/de\/wp-content\/uploads\/sites\/3\/2024\/01\/38365_HW.png)\"><img decoding=\"async\" class=\"full-width-image__image\" src=\"https:\/\/lindy.com\/de\/wp-content\/uploads\/sites\/3\/2024\/01\/38365_HW.png\"\/><div class=\"contained\"><div class=\"full-width-image__content\"><p class=\"section__paragraph\">Transceiver SDVoE\u00a0(No. 38365)<\/p><a href=\"https:\/\/www.lindy.it\/Extender-SDVoE-HDMI-4K60-USB-Transceiver.htm?websale8=ld0101.ld041104&amp;pi=38365&amp;ci=200202\" class=\"button button--white-transparent\" target=\"_blank\" rel=\"noopener noreferrer\">AL PRODOTTO<\/a><\/div><\/div><\/section>\n\n\n\n<section class=\"wp-block-lindy-image-text-module section section--full-width-image full-width-image--with-text theme--dark section--animation-none align--center  font--size-medium width--half\" style=\"background-image:url()\"><img decoding=\"async\" class=\"full-width-image__image\" src=\"\"\/><div class=\"contained\"><div class=\"full-width-image__content\"><h2 class=\"section__heading\"><span>DUE dispositivi<\/span><\/h2><h2 class=\"section__subheading section__subheading__title\">UN UNIVERSO AV <\/h2><p class=\"section__paragraph\">La combinazione di due soli prodotti in diverse modalit\u00e0 operative apre un mare di possibilit\u00e0. Il Transceiver funziona sia in modalit\u00e0 di codifica che di decodifica ed \u00e8 quindi configurato come trasmettitore o ricevitore. Due transceiver di questo tipo consentono gi\u00e0 di creare un sistema Extender basato su IP. Ma questo \u00e8 solo l&#8217;inizio. In combinazione con l&#8217;unit\u00e0 di controllo, \u00e8 possibile creare sistemi di splitter che visualizzino i contenuti su pi\u00f9 schermi, videowall con schermi fino a 8 x 8 e interi sistemi di switch a matrice con schermi distribuiti nello spazio. Il controllo e l&#8217;instradamento del segnale attraverso la rete sono gestiti dal Controller. Un solo transceiver \u00e8 configurato come encoder (trasmettitore) o decoder (ricevitore) nella modalit\u00e0 appropriata sui dispositivi sorgente e destinazione.<\/p><\/div><\/div><\/section>\n\n\n\n<section class=\"wp-block-lindy-zoom-image section section--zoom-image zoom-image align--center theme--light\"><div class=\"contained\"><div class=\"zoom-image-wrapper\"><img decoding=\"async\" class=\"zoomable\" src=\"https:\/\/lindy.com\/de\/wp-content\/uploads\/sites\/3\/2024\/01\/SDVoE-Diagramm_HeadLine_bg-white-1.png\" data-zoom-img=\"https:\/\/lindy.com\/de\/wp-content\/uploads\/sites\/3\/2024\/01\/SDVoE-Diagramm_HeadLine_bg-white-1.png\"\/><\/div><span class=\"zoom-image__description\">Click to zoom<\/span><\/div><\/section>\n\n\n\n<section class=\"wp-block-lindy-image-text-module section section--full-width-image full-width-image--with-text theme--dark section--animation-none align--left  font--size-medium width--half\" style=\"background-image:url()\"><img decoding=\"async\" class=\"full-width-image__image\" src=\"\"\/><div class=\"contained\"><div class=\"full-width-image__content\"><h2 class=\"section__heading\"><span>I VANTAGGI<\/span><\/h2><h2 class=\"section__subheading section__subheading__title\">IN SINTESI<\/h2><p class=\"section__paragraph\"><br\/><strong>SEMPLICE CONFIGURAZIONE<\/strong>. <br\/>Approfittate della semplicit\u00e0 di configurazione e delle opzioni flessibili del sistema SDVoE Lindy. Grazie all&#8217;interfaccia web SDVoE di facile utilizzo del controller, la configurazione del sistema \u00e8 estremamente semplice per gli utenti. La versatilit\u00e0 del sistema consente di realizzare configurazioni punto-punto, a matrice e a videowall e garantisce la compatibilit\u00e0 in un&#8217;ampia gamma di ambienti AV come aule, sale conferenze e installazioni di digital signage.<br\/><br\/><strong>FLESSIBILE.<\/strong> Il sistema pu\u00f2 essere facilmente integrato in una rete esistente con la massima flessibilit\u00e0 in termini di installazione e configurazione, collegandolo a uno switch di rete 10G tramite un cavo in rame standard di Cat. 6a o superiore o utilizzando un modulo in fibra ottica SFP+ (non incluso).<\/p><\/div><\/div><\/section>\n\n\n\n<section class=\"wp-block-lindy-image-text-module section section--full-width-image full-width-image--with-text theme--dark section--animation-none align--left  font--size-medium width--half\" style=\"background-image:url()\"><img decoding=\"async\" class=\"full-width-image__image\" src=\"\"\/><div class=\"contained\"><div class=\"full-width-image__content\"><p class=\"section__paragraph\"><br\/><br\/><br\/><strong>PRATICO<\/strong>. Il controller SDVoE Lindy offre<br\/>controllo centralizzato e semplifica la gestione e il monitoraggio del sistema AV-over-IP da un&#8217;unica postazione. \u00c8 possibile configurare facilmente il routing audio\/video, creare preimpostazioni personalizzate e regolare le impostazioni dei dispositivi. Il monitoraggio in tempo reale identifica e risolve i problemi all&#8217;istante, garantendo prestazioni ottimizzate e tempi di inattivit\u00e0 minimi.<br\/><br\/><br\/><br\/><strong>SEMPLICE.<\/strong> La possibilit\u00e0 di trasmettere le periferiche USB insieme al segnale video \u00e8 ideale per le applicazioni AV e KVM interattive. Inoltre, la tecnologia Power over Ethernet (PoE) elimina la necessit\u00e0 di ulteriori alimentatori e semplifica l&#8217;installazione.<br\/><br\/><\/p><\/div><\/div><\/section>\n\n\n\n<section class=\"wp-block-lindy-image-text-module section section--full-width-image full-width-image--with-text theme--light section--animation-none align--right  font--size-medium width--half\" style=\"background-image:url()\"><img decoding=\"async\" class=\"full-width-image__image\" src=\"\"\/><div class=\"contained\"><div class=\"full-width-image__content\"><h2 class=\"section__heading\"><span>L&#8217;ALLEANZA SDVOE<\/span><\/h2><h2 class=\"section__subheading section__subheading__title\">UN FORTE ORGANO<\/h2><p class=\"section__paragraph\"><br\/>In qualit\u00e0 di membro della SDVoE Alliance, un consorzio no-profit di rinomati fornitori di tecnologia, stiamo contribuendo a standardizzare, sviluppare ulteriormente e promuovere questa tecnologia pionieristica.<br\/><br\/><\/p><a href=\"https:\/\/sdvoe.org\/\" class=\"button button--dark\" target=\"_blank\" rel=\"noopener noreferrer\">Per saperne di pi\u00f9<\/a><\/div><\/div><\/section>\n\n\n\n<section class=\"wp-block-lindy-image-text-module section section--full-width-image full-width-image--with-text theme--light section--animation-none align--left  font--size-medium width--half\" style=\"background-image:url(https:\/\/lindy.com\/de\/wp-content\/uploads\/sites\/3\/2024\/01\/SDVoE-Logo-HW-1.png)\"><img decoding=\"async\" class=\"full-width-image__image\" src=\"https:\/\/lindy.com\/de\/wp-content\/uploads\/sites\/3\/2024\/01\/SDVoE-Logo-HW-1.png\"\/><div class=\"contained\"><div class=\"full-width-image__content\"><\/div><\/div><\/section>\n","protected":false},"excerpt":{"rendered":"","protected":false},"author":11,"featured_media":0,"parent":0,"menu_order":0,"comment_status":"closed","ping_status":"closed","template":"page-templates\/template-landing.php","meta":{"_acf_changed":false,"footnotes":""},"class_list":["post-1601","page","type-page","status-publish","hentry"],"acf":[],"yoast_head":"<!-- This site is optimized with the Yoast SEO plugin v26.6 - https:\/\/yoast.com\/wordpress\/plugins\/seo\/ -->\n<title>SDVoE - Lindy - Italian<\/title>\n<meta name=\"robots\" content=\"index, follow, max-snippet:-1, max-image-preview:large, max-video-preview:-1\" \/>\n<link rel=\"canonical\" href=\"https:\/\/lindy.com\/it\/sdvoe\/\" \/>\n<meta property=\"og:locale\" content=\"it_IT\" \/>\n<meta property=\"og:type\" content=\"article\" \/>\n<meta property=\"og:title\" content=\"SDVoE - Lindy - Italian\" \/>\n<meta property=\"og:url\" content=\"https:\/\/lindy.com\/it\/sdvoe\/\" \/>\n<meta property=\"og:site_name\" content=\"Lindy - Italian\" \/>\n<meta property=\"og:image\" content=\"https:\/\/lindy.com\/de\/wp-content\/uploads\/sites\/3\/2024\/01\/Header_SDVOE-Logo.png\" \/>\n<meta name=\"twitter:card\" content=\"summary_large_image\" \/>\n<meta name=\"twitter:label1\" content=\"Tempo di lettura stimato\" \/>\n\t<meta name=\"twitter:data1\" content=\"6 minuti\" \/>\n<script type=\"application\/ld+json\" class=\"yoast-schema-graph\">{\"@context\":\"https:\/\/schema.org\",\"@graph\":[{\"@type\":\"WebPage\",\"@id\":\"https:\/\/lindy.com\/it\/sdvoe\/\",\"url\":\"https:\/\/lindy.com\/it\/sdvoe\/\",\"name\":\"SDVoE - Lindy - Italian\",\"isPartOf\":{\"@id\":\"https:\/\/lindy.com\/it\/#website\"},\"primaryImageOfPage\":{\"@id\":\"https:\/\/lindy.com\/it\/sdvoe\/#primaryimage\"},\"image\":{\"@id\":\"https:\/\/lindy.com\/it\/sdvoe\/#primaryimage\"},\"thumbnailUrl\":\"https:\/\/lindy.com\/de\/wp-content\/uploads\/sites\/3\/2024\/01\/Header_SDVOE-Logo.png\",\"datePublished\":\"2024-01-24T11:01:35+00:00\",\"breadcrumb\":{\"@id\":\"https:\/\/lindy.com\/it\/sdvoe\/#breadcrumb\"},\"inLanguage\":\"it-IT\",\"potentialAction\":[{\"@type\":\"ReadAction\",\"target\":[\"https:\/\/lindy.com\/it\/sdvoe\/\"]}]},{\"@type\":\"ImageObject\",\"inLanguage\":\"it-IT\",\"@id\":\"https:\/\/lindy.com\/it\/sdvoe\/#primaryimage\",\"url\":\"https:\/\/lindy.com\/de\/wp-content\/uploads\/sites\/3\/2024\/01\/Header_SDVOE-Logo.png\",\"contentUrl\":\"https:\/\/lindy.com\/de\/wp-content\/uploads\/sites\/3\/2024\/01\/Header_SDVOE-Logo.png\"},{\"@type\":\"BreadcrumbList\",\"@id\":\"https:\/\/lindy.com\/it\/sdvoe\/#breadcrumb\",\"itemListElement\":[{\"@type\":\"ListItem\",\"position\":1,\"name\":\"Home\",\"item\":\"https:\/\/lindy.com\/it\/\"},{\"@type\":\"ListItem\",\"position\":2,\"name\":\"SDVoE\"}]},{\"@type\":\"WebSite\",\"@id\":\"https:\/\/lindy.com\/it\/#website\",\"url\":\"https:\/\/lindy.com\/it\/\",\"name\":\"Lindy - Italian\",\"description\":\"Connection Perfection\",\"potentialAction\":[{\"@type\":\"SearchAction\",\"target\":{\"@type\":\"EntryPoint\",\"urlTemplate\":\"https:\/\/lindy.com\/it\/?s={search_term_string}\"},\"query-input\":{\"@type\":\"PropertyValueSpecification\",\"valueRequired\":true,\"valueName\":\"search_term_string\"}}],\"inLanguage\":\"it-IT\"}]}<\/script>\n<!-- \/ Yoast SEO plugin. -->","yoast_head_json":{"title":"SDVoE - Lindy - Italian","robots":{"index":"index","follow":"follow","max-snippet":"max-snippet:-1","max-image-preview":"max-image-preview:large","max-video-preview":"max-video-preview:-1"},"canonical":"https:\/\/lindy.com\/it\/sdvoe\/","og_locale":"it_IT","og_type":"article","og_title":"SDVoE - Lindy - Italian","og_url":"https:\/\/lindy.com\/it\/sdvoe\/","og_site_name":"Lindy - Italian","og_image":[{"url":"https:\/\/lindy.com\/de\/wp-content\/uploads\/sites\/3\/2024\/01\/Header_SDVOE-Logo.png","type":"","width":"","height":""}],"twitter_card":"summary_large_image","twitter_misc":{"Tempo di lettura stimato":"6 minuti"},"schema":{"@context":"https:\/\/schema.org","@graph":[{"@type":"WebPage","@id":"https:\/\/lindy.com\/it\/sdvoe\/","url":"https:\/\/lindy.com\/it\/sdvoe\/","name":"SDVoE - Lindy - Italian","isPartOf":{"@id":"https:\/\/lindy.com\/it\/#website"},"primaryImageOfPage":{"@id":"https:\/\/lindy.com\/it\/sdvoe\/#primaryimage"},"image":{"@id":"https:\/\/lindy.com\/it\/sdvoe\/#primaryimage"},"thumbnailUrl":"https:\/\/lindy.com\/de\/wp-content\/uploads\/sites\/3\/2024\/01\/Header_SDVOE-Logo.png","datePublished":"2024-01-24T11:01:35+00:00","breadcrumb":{"@id":"https:\/\/lindy.com\/it\/sdvoe\/#breadcrumb"},"inLanguage":"it-IT","potentialAction":[{"@type":"ReadAction","target":["https:\/\/lindy.com\/it\/sdvoe\/"]}]},{"@type":"ImageObject","inLanguage":"it-IT","@id":"https:\/\/lindy.com\/it\/sdvoe\/#primaryimage","url":"https:\/\/lindy.com\/de\/wp-content\/uploads\/sites\/3\/2024\/01\/Header_SDVOE-Logo.png","contentUrl":"https:\/\/lindy.com\/de\/wp-content\/uploads\/sites\/3\/2024\/01\/Header_SDVOE-Logo.png"},{"@type":"BreadcrumbList","@id":"https:\/\/lindy.com\/it\/sdvoe\/#breadcrumb","itemListElement":[{"@type":"ListItem","position":1,"name":"Home","item":"https:\/\/lindy.com\/it\/"},{"@type":"ListItem","position":2,"name":"SDVoE"}]},{"@type":"WebSite","@id":"https:\/\/lindy.com\/it\/#website","url":"https:\/\/lindy.com\/it\/","name":"Lindy - Italian","description":"Connection Perfection","potentialAction":[{"@type":"SearchAction","target":{"@type":"EntryPoint","urlTemplate":"https:\/\/lindy.com\/it\/?s={search_term_string}"},"query-input":{"@type":"PropertyValueSpecification","valueRequired":true,"valueName":"search_term_string"}}],"inLanguage":"it-IT"}]}},"_links":{"self":[{"href":"https:\/\/lindy.com\/it\/wp-json\/wp\/v2\/pages\/1601","targetHints":{"allow":["GET"]}}],"collection":[{"href":"https:\/\/lindy.com\/it\/wp-json\/wp\/v2\/pages"}],"about":[{"href":"https:\/\/lindy.com\/it\/wp-json\/wp\/v2\/types\/page"}],"author":[{"embeddable":true,"href":"https:\/\/lindy.com\/it\/wp-json\/wp\/v2\/users\/11"}],"replies":[{"embeddable":true,"href":"https:\/\/lindy.com\/it\/wp-json\/wp\/v2\/comments?post=1601"}],"version-history":[{"count":10,"href":"https:\/\/lindy.com\/it\/wp-json\/wp\/v2\/pages\/1601\/revisions"}],"predecessor-version":[{"id":1644,"href":"https:\/\/lindy.com\/it\/wp-json\/wp\/v2\/pages\/1601\/revisions\/1644"}],"wp:attachment":[{"href":"https:\/\/lindy.com\/it\/wp-json\/wp\/v2\/media?parent=1601"}],"curies":[{"name":"wp","href":"https:\/\/api.w.org\/{rel}","templated":true}]}}