{"id":208,"date":"2018-12-03T10:56:54","date_gmt":"2018-12-03T10:56:54","guid":{"rendered":"https:\/\/lindy.com\/it\/?page_id=208"},"modified":"2026-03-04T10:05:35","modified_gmt":"2026-03-04T10:05:35","slug":"connection-perfection-lindy-it","status":"publish","type":"page","link":"https:\/\/lindy.com\/it\/","title":{"rendered":"Home Page"},"content":{"rendered":"","protected":false},"excerpt":{"rendered":"","protected":false},"author":15,"featured_media":0,"parent":0,"menu_order":0,"comment_status":"closed","ping_status":"closed","template":"page-templates\/template-home-page.php","meta":{"_acf_changed":false,"footnotes":""},"class_list":["post-208","page","type-page","status-publish","hentry"],"acf":[],"yoast_head":"<!-- This site is optimized with the Yoast SEO plugin v26.6 - https:\/\/yoast.com\/wordpress\/plugins\/seo\/ -->\n<title>Connection Perfection - Lindy IT<\/title>\n<meta name=\"description\" content=\"Lindy \u00e8 un innovatore globale che incarna la connettivit\u00e0 in ogni aspetto della sua attivit\u00e0. Questa \u00e8 la Connection Perfection.\" \/>\n<meta name=\"robots\" content=\"index, follow, max-snippet:-1, max-image-preview:large, max-video-preview:-1\" \/>\n<link rel=\"canonical\" href=\"https:\/\/lindy.com\/it\/\" \/>\n<meta property=\"og:locale\" content=\"it_IT\" \/>\n<meta property=\"og:type\" content=\"article\" \/>\n<meta property=\"og:title\" content=\"Connection Perfection - Lindy IT\" \/>\n<meta property=\"og:description\" content=\"Lindy \u00e8 un innovatore globale che incarna la connettivit\u00e0 in ogni aspetto della sua attivit\u00e0. Questa \u00e8 la Connection Perfection.\" \/>\n<meta property=\"og:url\" content=\"https:\/\/lindy.com\/it\/\" \/>\n<meta property=\"og:site_name\" content=\"Lindy - Italian\" \/>\n<meta property=\"article:modified_time\" content=\"2026-03-04T10:05:35+00:00\" \/>\n<meta name=\"twitter:card\" content=\"summary_large_image\" \/>\n<script type=\"application\/ld+json\" class=\"yoast-schema-graph\">{\"@context\":\"https:\/\/schema.org\",\"@graph\":[{\"@type\":\"WebPage\",\"@id\":\"https:\/\/lindy.com\/it\/\",\"url\":\"https:\/\/lindy.com\/it\/\",\"name\":\"Connection Perfection - Lindy IT\",\"isPartOf\":{\"@id\":\"https:\/\/lindy.com\/it\/#website\"},\"datePublished\":\"2018-12-03T10:56:54+00:00\",\"dateModified\":\"2026-03-04T10:05:35+00:00\",\"description\":\"Lindy \u00e8 un innovatore globale che incarna la connettivit\u00e0 in ogni aspetto della sua attivit\u00e0. Questa \u00e8 la Connection Perfection.\",\"breadcrumb\":{\"@id\":\"https:\/\/lindy.com\/it\/#breadcrumb\"},\"inLanguage\":\"it-IT\",\"potentialAction\":[{\"@type\":\"ReadAction\",\"target\":[\"https:\/\/lindy.com\/it\/\"]}]},{\"@type\":\"BreadcrumbList\",\"@id\":\"https:\/\/lindy.com\/it\/#breadcrumb\",\"itemListElement\":[{\"@type\":\"ListItem\",\"position\":1,\"name\":\"Home\",\"item\":\"https:\/\/lindy.com\/it\/\"},{\"@type\":\"ListItem\",\"position\":2,\"name\":\"Home Page\"}]},{\"@type\":\"WebSite\",\"@id\":\"https:\/\/lindy.com\/it\/#website\",\"url\":\"https:\/\/lindy.com\/it\/\",\"name\":\"Lindy - Italian\",\"description\":\"Connection Perfection\",\"potentialAction\":[{\"@type\":\"SearchAction\",\"target\":{\"@type\":\"EntryPoint\",\"urlTemplate\":\"https:\/\/lindy.com\/it\/?s={search_term_string}\"},\"query-input\":{\"@type\":\"PropertyValueSpecification\",\"valueRequired\":true,\"valueName\":\"search_term_string\"}}],\"inLanguage\":\"it-IT\"}]}<\/script>\n<!-- \/ Yoast SEO plugin. -->","yoast_head_json":{"title":"Connection Perfection - Lindy IT","description":"Lindy \u00e8 un innovatore globale che incarna la connettivit\u00e0 in ogni aspetto della sua attivit\u00e0. Questa \u00e8 la Connection Perfection.","robots":{"index":"index","follow":"follow","max-snippet":"max-snippet:-1","max-image-preview":"max-image-preview:large","max-video-preview":"max-video-preview:-1"},"canonical":"https:\/\/lindy.com\/it\/","og_locale":"it_IT","og_type":"article","og_title":"Connection Perfection - Lindy IT","og_description":"Lindy \u00e8 un innovatore globale che incarna la connettivit\u00e0 in ogni aspetto della sua attivit\u00e0. Questa \u00e8 la Connection Perfection.","og_url":"https:\/\/lindy.com\/it\/","og_site_name":"Lindy - Italian","article_modified_time":"2026-03-04T10:05:35+00:00","twitter_card":"summary_large_image","schema":{"@context":"https:\/\/schema.org","@graph":[{"@type":"WebPage","@id":"https:\/\/lindy.com\/it\/","url":"https:\/\/lindy.com\/it\/","name":"Connection Perfection - Lindy IT","isPartOf":{"@id":"https:\/\/lindy.com\/it\/#website"},"datePublished":"2018-12-03T10:56:54+00:00","dateModified":"2026-03-04T10:05:35+00:00","description":"Lindy \u00e8 un innovatore globale che incarna la connettivit\u00e0 in ogni aspetto della sua attivit\u00e0. Questa \u00e8 la Connection Perfection.","breadcrumb":{"@id":"https:\/\/lindy.com\/it\/#breadcrumb"},"inLanguage":"it-IT","potentialAction":[{"@type":"ReadAction","target":["https:\/\/lindy.com\/it\/"]}]},{"@type":"BreadcrumbList","@id":"https:\/\/lindy.com\/it\/#breadcrumb","itemListElement":[{"@type":"ListItem","position":1,"name":"Home","item":"https:\/\/lindy.com\/it\/"},{"@type":"ListItem","position":2,"name":"Home Page"}]},{"@type":"WebSite","@id":"https:\/\/lindy.com\/it\/#website","url":"https:\/\/lindy.com\/it\/","name":"Lindy - Italian","description":"Connection Perfection","potentialAction":[{"@type":"SearchAction","target":{"@type":"EntryPoint","urlTemplate":"https:\/\/lindy.com\/it\/?s={search_term_string}"},"query-input":{"@type":"PropertyValueSpecification","valueRequired":true,"valueName":"search_term_string"}}],"inLanguage":"it-IT"}]}},"_links":{"self":[{"href":"https:\/\/lindy.com\/it\/wp-json\/wp\/v2\/pages\/208","targetHints":{"allow":["GET"]}}],"collection":[{"href":"https:\/\/lindy.com\/it\/wp-json\/wp\/v2\/pages"}],"about":[{"href":"https:\/\/lindy.com\/it\/wp-json\/wp\/v2\/types\/page"}],"author":[{"embeddable":true,"href":"https:\/\/lindy.com\/it\/wp-json\/wp\/v2\/users\/15"}],"replies":[{"embeddable":true,"href":"https:\/\/lindy.com\/it\/wp-json\/wp\/v2\/comments?post=208"}],"version-history":[{"count":36,"href":"https:\/\/lindy.com\/it\/wp-json\/wp\/v2\/pages\/208\/revisions"}],"predecessor-version":[{"id":4508,"href":"https:\/\/lindy.com\/it\/wp-json\/wp\/v2\/pages\/208\/revisions\/4508"}],"wp:attachment":[{"href":"https:\/\/lindy.com\/it\/wp-json\/wp\/v2\/media?parent=208"}],"curies":[{"name":"wp","href":"https:\/\/api.w.org\/{rel}","templated":true}]}}