{"id":2132,"date":"2024-07-30T11:12:10","date_gmt":"2024-07-30T11:12:10","guid":{"rendered":"https:\/\/lindy.com\/it\/?page_id=2132"},"modified":"2025-05-06T12:34:04","modified_gmt":"2025-05-06T12:34:04","slug":"vision-e-mission","status":"publish","type":"page","link":"https:\/\/lindy.com\/it\/vision-e-mission\/","title":{"rendered":"Vision &#038; Mission"},"content":{"rendered":"\n<section class=\"wp-block-lindy-image-text-module section section--full-width-image full-width-image--with-text theme--dark section--animation-none align--center  font--size-large\" style=\"background-image:url(https:\/\/lindy.com\/de\/wp-content\/uploads\/sites\/3\/2018\/11\/Pattern_1.jpg)\"><img decoding=\"async\" class=\"full-width-image__image\" src=\"https:\/\/lindy.com\/de\/wp-content\/uploads\/sites\/3\/2018\/11\/Pattern_1.jpg\"\/><div class=\"contained\"><div class=\"full-width-image__content\"><h2 class=\"section__heading\"><span><strong>Vision <\/strong><\/span><\/h2><h2 class=\"section__subheading section__subheading__title\"><strong>&amp; MISSION<\/strong><\/h2><\/div><\/div><\/section>\n\n\n\n<section class=\"wp-block-lindy-image-text-module section section--full-width-image full-width-image--with-text theme--light section--animation-none align--left font--camber font--size-small\" style=\"background-image:url()\"><img decoding=\"async\" class=\"full-width-image__image\" src=\"\"\/><div class=\"contained\"><div class=\"full-width-image__content\"><h2 class=\"section__heading\"><span>Vision<\/span><\/h2><h2 class=\"section__subheading section__subheading__title\">Connection Perfection<\/h2><p class=\"section__paragraph\"><br\/>Il nostro obiettivo \u00e8 quello di essere il principale fornitore di soluzioni, sviluppatore e produttore di prodotti tecnologici innovativi al mondo. Da questo impegno nascono l&#8217;ispirazione dei nostri dipendenti e l&#8217;entusiasmo dei nostri clienti. Insieme, puntiamo a un futuro in cui Lindy definisce gli standard di oggi e di domani.<\/p><\/div><\/div><\/section>\n\n\n\n<section class=\"wp-block-lindy-image-text-module section section--full-width-image full-width-image--with-text theme--dark section--animation-none align--right font--camber font--size-small\" style=\"background-image:url()\"><img decoding=\"async\" class=\"full-width-image__image\" src=\"\"\/><div class=\"contained\"><div class=\"full-width-image__content\"><h2 class=\"section__heading\"><span>Mission<\/span><\/h2><h2 class=\"section__subheading section__subheading__title\">Le migliori soluzioni tecnologiche &amp; servizio clienti di prima classe in un mondo interconnesso <\/h2><p class=\"section__paragraph\"><br\/>Insieme, rafforziamo partnership commerciali a lungo termine attraverso una filosofia di cooperazione ed eccellenza. Il nostro impegno consapevole per una connessione perfetta continua a guidarci per essere sempre un passo avanti rispetto alle richieste e alle esigenze dei nostri clienti e partner in tutto il mondo.<\/p><\/div><\/div><\/section>\n\n\n\n<section id=\"values\" class=\"wp-block-lindy-anchor-section section section--anchor\"><\/section>\n\n\n\n<section class=\"wp-block-lindy-paragraph-one-col section section--horizontal-content section--horizontal-content--one-column font--size-small theme--light align--center font--camber section--animation-none\"><div class=\"contained\"><h2 class=\"section__heading\"><span>I nostri valori<\/span><\/h2><p class=\"section__paragraph\"><br\/>Lindy \u00e8 anche sinonimo di integrit\u00e0, dedizione e responsabilit\u00e0. Valori che per noi sono validi ancora oggi e che si riflettono nella nostra filosofia aziendale.<\/p><\/div><\/section>\n\n\n\n<section class=\"wp-block-lindy-key-info section section--key-info theme--light section--animation-none\"><div class=\"contained\"><div class=\"grid-3_sm-1-center\"><div class=\"col left_item\"><div class=\"box\"><h3 class=\"section__heading\">INTEGRIT\u00c0<\/h3><div class=\"section__content\"><p class=\"section__content\"><strong>CI\u00d2 CHE DICIAMO \u00c8 QUELLO CHE OTTENETE<\/strong> <br\/><br\/>Le nostre azioni sono in armonia con le nostre convinzioni interiori!<br\/><br\/>Pertanto, facciamo ci\u00f2 che diciamo e diciamo ci\u00f2 che facciamo. L&#8217;affidabilit\u00e0 e la trasparenza sono parte integrante della nostra filosofia e fanno parte del marchio Lindy tanto quanto il nome, il logo e la qualit\u00e0 del servizio e dei prodotti.<\/p><\/div><\/div><\/div><div class=\"col right_item\"><div class=\"box\"><h3 class=\"section__heading\">dedizione <\/h3><div class=\"section__content\"><p class=\"section__content\"><strong>ATTENZIONE AL CLIENTE<br\/><\/strong><br\/><br\/>Ci teniamo!<br\/><br\/>Al di l\u00e0 dei confini aziendali, entriamo in empatia con le nostre controparti, anticipiamo le richieste, i desideri e le esigenze di ciascuno e poniamo il legame personale al di sopra della pura transazione. Questo approccio ha caratterizzato fin dall&#8217;inizio il rapporto con i nostri clienti e partner e le nostre relazioni reciproche.<br\/>\u00a0<\/p><\/div><\/div><\/div><div class=\"col third_item\"><div class=\"box\"><h3 class=\"section__heading\">RESPONSABILIT\u00c0<\/h3><div class=\"section__content\"><p class=\"section__content\"><strong>AZIONE IMPRENDITORIALE<br\/><\/strong><br\/>Andiamo oltre!<br\/><br\/>Pensiamo e agiamo in modo indipendente, impariamo continuamente e garantiamo costantemente un ulteriore sviluppo. Non lavoriamo sui problemi, ma sempre sulle soluzioni.<br\/>\u00a0<\/p><\/div><\/div><\/div><\/div><\/div><\/section>\n\n\n\n<section class=\"wp-block-lindy-image-text-module section section--full-width-image full-width-image--with-text theme--dark section--animation-none align--left font--camber font--size-small\" style=\"background-image:url()\"><img decoding=\"async\" class=\"full-width-image__image\" src=\"\"\/><div class=\"contained\"><div class=\"full-width-image__content\"><h2 class=\"section__heading\"><span><strong>Integrit\u00e0<\/strong><\/span><\/h2><h2 class=\"section__subheading section__subheading__title\">CI\u00d2 CHE DICIAMO \u00c8 QUELLO CHE OTTENETE<\/h2><p class=\"section__paragraph\"><br\/>Le nostre azioni sono in armonia con le nostre convinzioni interiori!<br\/><br\/>Pertanto, facciamo ci\u00f2 che diciamo e diciamo ci\u00f2 che facciamo. L&#8217;affidabilit\u00e0 e la trasparenza sono parte integrante della nostra filosofia e fanno parte del marchio Lindy tanto quanto il nome, il logo e la qualit\u00e0 del servizio e dei prodotti.<br\/><br\/>Il rispetto, la correttezza e l&#8217;affidabilit\u00e0 nei rapporti quotidiani con clienti, partner, dipendenti e colleghi sono tra gli standard etici pi\u00f9 elevati e inconfutabili a cui ci atteniamo.<\/p><\/div><\/div><\/section>\n\n\n\n<section class=\"wp-block-lindy-image-text-module section section--full-width-image full-width-image--with-text theme--light section--animation-none align--right font--camber font--size-small\" style=\"background-image:url()\"><img decoding=\"async\" class=\"full-width-image__image\" src=\"\"\/><div class=\"contained\"><div class=\"full-width-image__content\"><h2 class=\"section__heading\"><span><strong>dedizione<\/strong><\/span><\/h2><h2 class=\"section__subheading section__subheading__title\">Attenzione al cliente<\/h2><p class=\"section__paragraph\"><br\/>Ci teniamo!<br\/><br\/>Al di l\u00e0 dei confini aziendali, entriamo in empatia con le nostre controparti, anticipiamo le richieste, i desideri e le esigenze di ciascuno e poniamo il legame personale al di sopra della pura transazione. Questo approccio ha caratterizzato fin dall&#8217;inizio il rapporto con i nostri clienti e partner e le nostre relazioni reciproche.<br\/><br\/>La conversazione e la discussione sul piano umano, i suggerimenti, i desideri e le idee sono sempre stati il \u201ccarburante\u201d e la motivazione per il nostro ulteriore sviluppo e forniscono un supporto e una spinta insostituibili per le nostre innovazioni.<\/p><\/div><\/div><\/section>\n\n\n\n<section class=\"wp-block-lindy-image-text-module section section--full-width-image full-width-image--with-text theme--dark section--animation-none align--left  font--size-small\" style=\"background-image:url()\"><img decoding=\"async\" class=\"full-width-image__image\" src=\"\"\/><div class=\"contained\"><div class=\"full-width-image__content\"><h2 class=\"section__heading\"><span><strong>Responsabilit\u00e0<\/strong><\/span><\/h2><h2 class=\"section__subheading section__subheading__title\">azione imprenditoriale<\/h2><p class=\"section__paragraph\"><br\/>Andiamo oltre!<br\/><br\/>Pensiamo e agiamo in modo indipendente, impariamo continuamente e garantiamo costantemente un ulteriore sviluppo. Non lavoriamo sui problemi, ma sempre sulle soluzioni.<br\/><br\/>Ognuno di noi \u00e8 chiamato ogni giorno a prendere l&#8217;iniziativa nella comunicazione con i partner e i clienti, a riconoscere il potenziale e le opportunit\u00e0 e ad apportare progressi e miglioramenti attraverso le proprie azioni.<\/p><\/div><\/div><\/section>\n","protected":false},"excerpt":{"rendered":"","protected":false},"author":11,"featured_media":0,"parent":0,"menu_order":0,"comment_status":"closed","ping_status":"closed","template":"page-templates\/template-landing.php","meta":{"_acf_changed":false,"footnotes":""},"class_list":["post-2132","page","type-page","status-publish","hentry"],"acf":[],"yoast_head":"<!-- This site is optimized with the Yoast SEO plugin v26.6 - https:\/\/yoast.com\/wordpress\/plugins\/seo\/ -->\n<title>Vision &amp; Mission - Lindy - Italian<\/title>\n<meta name=\"robots\" content=\"index, follow, max-snippet:-1, max-image-preview:large, max-video-preview:-1\" \/>\n<link rel=\"canonical\" href=\"https:\/\/lindy.com\/it\/vision-e-mission\/\" \/>\n<meta property=\"og:locale\" content=\"it_IT\" \/>\n<meta property=\"og:type\" content=\"article\" \/>\n<meta property=\"og:title\" content=\"Vision &amp; Mission - Lindy - Italian\" \/>\n<meta property=\"og:url\" content=\"https:\/\/lindy.com\/it\/vision-e-mission\/\" \/>\n<meta property=\"og:site_name\" content=\"Lindy - Italian\" \/>\n<meta property=\"article:modified_time\" content=\"2025-05-06T12:34:04+00:00\" \/>\n<meta property=\"og:image\" content=\"https:\/\/lindy.com\/de\/wp-content\/uploads\/sites\/3\/2018\/11\/Pattern_1.jpg\" \/>\n<meta name=\"twitter:card\" content=\"summary_large_image\" \/>\n<meta name=\"twitter:label1\" content=\"Tempo di lettura stimato\" \/>\n\t<meta name=\"twitter:data1\" content=\"5 minuti\" \/>\n<script type=\"application\/ld+json\" class=\"yoast-schema-graph\">{\"@context\":\"https:\/\/schema.org\",\"@graph\":[{\"@type\":\"WebPage\",\"@id\":\"https:\/\/lindy.com\/it\/vision-e-mission\/\",\"url\":\"https:\/\/lindy.com\/it\/vision-e-mission\/\",\"name\":\"Vision & Mission - Lindy - Italian\",\"isPartOf\":{\"@id\":\"https:\/\/lindy.com\/it\/#website\"},\"primaryImageOfPage\":{\"@id\":\"https:\/\/lindy.com\/it\/vision-e-mission\/#primaryimage\"},\"image\":{\"@id\":\"https:\/\/lindy.com\/it\/vision-e-mission\/#primaryimage\"},\"thumbnailUrl\":\"https:\/\/lindy.com\/de\/wp-content\/uploads\/sites\/3\/2018\/11\/Pattern_1.jpg\",\"datePublished\":\"2024-07-30T11:12:10+00:00\",\"dateModified\":\"2025-05-06T12:34:04+00:00\",\"breadcrumb\":{\"@id\":\"https:\/\/lindy.com\/it\/vision-e-mission\/#breadcrumb\"},\"inLanguage\":\"it-IT\",\"potentialAction\":[{\"@type\":\"ReadAction\",\"target\":[\"https:\/\/lindy.com\/it\/vision-e-mission\/\"]}]},{\"@type\":\"ImageObject\",\"inLanguage\":\"it-IT\",\"@id\":\"https:\/\/lindy.com\/it\/vision-e-mission\/#primaryimage\",\"url\":\"https:\/\/lindy.com\/de\/wp-content\/uploads\/sites\/3\/2018\/11\/Pattern_1.jpg\",\"contentUrl\":\"https:\/\/lindy.com\/de\/wp-content\/uploads\/sites\/3\/2018\/11\/Pattern_1.jpg\"},{\"@type\":\"BreadcrumbList\",\"@id\":\"https:\/\/lindy.com\/it\/vision-e-mission\/#breadcrumb\",\"itemListElement\":[{\"@type\":\"ListItem\",\"position\":1,\"name\":\"Home\",\"item\":\"https:\/\/lindy.com\/it\/\"},{\"@type\":\"ListItem\",\"position\":2,\"name\":\"Vision &#038; Mission\"}]},{\"@type\":\"WebSite\",\"@id\":\"https:\/\/lindy.com\/it\/#website\",\"url\":\"https:\/\/lindy.com\/it\/\",\"name\":\"Lindy - Italian\",\"description\":\"Connection Perfection\",\"potentialAction\":[{\"@type\":\"SearchAction\",\"target\":{\"@type\":\"EntryPoint\",\"urlTemplate\":\"https:\/\/lindy.com\/it\/?s={search_term_string}\"},\"query-input\":{\"@type\":\"PropertyValueSpecification\",\"valueRequired\":true,\"valueName\":\"search_term_string\"}}],\"inLanguage\":\"it-IT\"}]}<\/script>\n<!-- \/ Yoast SEO plugin. -->","yoast_head_json":{"title":"Vision & Mission - Lindy - Italian","robots":{"index":"index","follow":"follow","max-snippet":"max-snippet:-1","max-image-preview":"max-image-preview:large","max-video-preview":"max-video-preview:-1"},"canonical":"https:\/\/lindy.com\/it\/vision-e-mission\/","og_locale":"it_IT","og_type":"article","og_title":"Vision & Mission - Lindy - Italian","og_url":"https:\/\/lindy.com\/it\/vision-e-mission\/","og_site_name":"Lindy - Italian","article_modified_time":"2025-05-06T12:34:04+00:00","og_image":[{"url":"https:\/\/lindy.com\/de\/wp-content\/uploads\/sites\/3\/2018\/11\/Pattern_1.jpg","type":"","width":"","height":""}],"twitter_card":"summary_large_image","twitter_misc":{"Tempo di lettura stimato":"5 minuti"},"schema":{"@context":"https:\/\/schema.org","@graph":[{"@type":"WebPage","@id":"https:\/\/lindy.com\/it\/vision-e-mission\/","url":"https:\/\/lindy.com\/it\/vision-e-mission\/","name":"Vision & Mission - Lindy - Italian","isPartOf":{"@id":"https:\/\/lindy.com\/it\/#website"},"primaryImageOfPage":{"@id":"https:\/\/lindy.com\/it\/vision-e-mission\/#primaryimage"},"image":{"@id":"https:\/\/lindy.com\/it\/vision-e-mission\/#primaryimage"},"thumbnailUrl":"https:\/\/lindy.com\/de\/wp-content\/uploads\/sites\/3\/2018\/11\/Pattern_1.jpg","datePublished":"2024-07-30T11:12:10+00:00","dateModified":"2025-05-06T12:34:04+00:00","breadcrumb":{"@id":"https:\/\/lindy.com\/it\/vision-e-mission\/#breadcrumb"},"inLanguage":"it-IT","potentialAction":[{"@type":"ReadAction","target":["https:\/\/lindy.com\/it\/vision-e-mission\/"]}]},{"@type":"ImageObject","inLanguage":"it-IT","@id":"https:\/\/lindy.com\/it\/vision-e-mission\/#primaryimage","url":"https:\/\/lindy.com\/de\/wp-content\/uploads\/sites\/3\/2018\/11\/Pattern_1.jpg","contentUrl":"https:\/\/lindy.com\/de\/wp-content\/uploads\/sites\/3\/2018\/11\/Pattern_1.jpg"},{"@type":"BreadcrumbList","@id":"https:\/\/lindy.com\/it\/vision-e-mission\/#breadcrumb","itemListElement":[{"@type":"ListItem","position":1,"name":"Home","item":"https:\/\/lindy.com\/it\/"},{"@type":"ListItem","position":2,"name":"Vision &#038; Mission"}]},{"@type":"WebSite","@id":"https:\/\/lindy.com\/it\/#website","url":"https:\/\/lindy.com\/it\/","name":"Lindy - Italian","description":"Connection Perfection","potentialAction":[{"@type":"SearchAction","target":{"@type":"EntryPoint","urlTemplate":"https:\/\/lindy.com\/it\/?s={search_term_string}"},"query-input":{"@type":"PropertyValueSpecification","valueRequired":true,"valueName":"search_term_string"}}],"inLanguage":"it-IT"}]}},"_links":{"self":[{"href":"https:\/\/lindy.com\/it\/wp-json\/wp\/v2\/pages\/2132","targetHints":{"allow":["GET"]}}],"collection":[{"href":"https:\/\/lindy.com\/it\/wp-json\/wp\/v2\/pages"}],"about":[{"href":"https:\/\/lindy.com\/it\/wp-json\/wp\/v2\/types\/page"}],"author":[{"embeddable":true,"href":"https:\/\/lindy.com\/it\/wp-json\/wp\/v2\/users\/11"}],"replies":[{"embeddable":true,"href":"https:\/\/lindy.com\/it\/wp-json\/wp\/v2\/comments?post=2132"}],"version-history":[{"count":5,"href":"https:\/\/lindy.com\/it\/wp-json\/wp\/v2\/pages\/2132\/revisions"}],"predecessor-version":[{"id":3178,"href":"https:\/\/lindy.com\/it\/wp-json\/wp\/v2\/pages\/2132\/revisions\/3178"}],"wp:attachment":[{"href":"https:\/\/lindy.com\/it\/wp-json\/wp\/v2\/media?parent=2132"}],"curies":[{"name":"wp","href":"https:\/\/api.w.org\/{rel}","templated":true}]}}