{"id":242,"date":"2018-11-21T16:36:09","date_gmt":"2018-11-21T16:36:09","guid":{"rendered":"https:\/\/lindy.com\/it\/?page_id=242"},"modified":"2021-12-13T13:18:11","modified_gmt":"2021-12-13T13:18:11","slug":"partner","status":"publish","type":"page","link":"https:\/\/lindy.com\/it\/partner\/","title":{"rendered":"Partner"},"content":{"rendered":"\n<section class=\"wp-block-lindy-image-text-module section section--full-width-image full-width-image--with-text theme--dark section--animation-none align--center  font--size-large\" style=\"background-image:url(https:\/\/lindy.com\/it\/wp-content\/uploads\/sites\/5\/2021\/12\/Microsite_Start-Pic_950pix_NAVIGATE_3-e1638975406135.jpg)\"><img decoding=\"async\" class=\"full-width-image__image\" src=\"https:\/\/lindy.com\/it\/wp-content\/uploads\/sites\/5\/2021\/12\/Microsite_Start-Pic_950pix_NAVIGATE_3-e1638975406135.jpg\"\/><div class=\"contained\"><div class=\"full-width-image__content\"><h2 class=\"section__heading\"><span>PARTECIPA ATTIVAMENTE CON<\/span><\/h2><h2 class=\"section__subheading section__subheading__title\">LE PARTNERSHIP LINDY<\/h2><p class=\"section__paragraph\"><br\/><br\/><\/p><a href=\"https:\/\/lindy.com\/it\/diventa-un-partner-lindy\/\" class=\"button button--white-transparent\" target=\"_self\" rel=\"noopener noreferrer\">DIVENTA PARTNER<\/a><\/div><\/div><\/section>\n\n\n\n<section class=\"wp-block-lindy-paragraph-one-col section section--horizontal-content section--horizontal-content--one-column font--size-small theme--dark align--center  section--animation-none\"><div class=\"contained\"><p class=\"section__paragraph\">Le nuove forme di interazione tra persone e tecnologia ci permettono di lavorare in modo semplice e produttivo, superando le sfide con creativit\u00e0. Per essere certi di poter raggiungere qualsiasi obiettivo, i nostri prodotti sono sviluppati per integrarsi al meglio tra loro e creare delle soluzioni efficaci. <br\/><br\/><br\/><br\/><\/p><\/div><\/section>\n\n\n\n<section class=\"wp-block-lindy-paragraph-and-images full-width-image--with-text section section--paragraph-image  theme--light font--camber font--size-small\"><div class=\"grid-noBottom-middle\"><div class=\"col-6_sm-12 full-width-image__content section section--animation-none align--right \"><div class=\"content--animate\"><div class=\"contained\"><h2 class=\"section__heading\"><span>COOPERAZIONE<\/span><\/h2><h2 class=\"section__subheading section__subheading__title\">COOPERATION<\/h2><p class=\"section__paragraph\"><br\/>In Lindy diamo una grande importanza ad una cooperazione equa e paritaria. In questo modo possiamo supportare al meglio i nostri partner e raggiungere un successo sostenibile. Creiamo vantaggi concreti per i nostri partner sfruttando le nostre competenze in materia di integrazione, sviluppo, fornitura, consulenza e vendita di soluzioni, prodotti e servizi.<\/p><\/div><\/div><\/div><div class=\"col-6_sm-12 full-width-image--with-text align--right\" style=\"background-image:url(https:\/\/lindy.com\/en\/wp-content\/uploads\/sites\/2\/2018\/10\/Partnerships_Image_2-1.jpg)\"><img decoding=\"async\" src=\"https:\/\/lindy.com\/en\/wp-content\/uploads\/sites\/2\/2018\/10\/Partnerships_Image_2-1.jpg\"\/><\/div><\/div><\/section>\n\n\n\n<section class=\"wp-block-lindy-paragraph-and-images full-width-image--with-text section section--paragraph-image  theme--light font--camber font--size-small\"><div class=\"grid-noBottom-middle-reverse\"><div class=\"col-6_sm-12 full-width-image__content section section--animation-none align--left \"><div class=\"content--animate\"><div class=\"contained\"><h2 class=\"section__heading\"><span>SOLUZIONI<\/span><\/h2><h2 class=\"section__subheading section__subheading__title\">ON TIME<\/h2><p class=\"section__paragraph\"><br\/>La nostra gamma completa di prodotti pu\u00f2 essere combinata o utilizzata singolarmente in molteplici installazioni, al fine di creare soluzioni che soddisfino le esigenze dei nostri partner. La nostra competenza logistica ci consente di consegnare i prodotti in tutto il mondo in modo flessibile e affidabile. L&#8217;elevata disponibilit\u00e0, la rapidit\u00e0 di spedizione delle merci e le buone condizioni di fornitura p\u00e8ermettono ai nostri partner di supportare rapidamente i loro clienti con una gamma di soluzioni integrate.<br\/><\/p><\/div><\/div><\/div><div class=\"col-6_sm-12 full-width-image--with-text align--left\" style=\"background-image:url(https:\/\/lindy.com\/en\/wp-content\/uploads\/sites\/2\/2018\/10\/Partnerships_Image_1.jpg)\"><img decoding=\"async\" src=\"https:\/\/lindy.com\/en\/wp-content\/uploads\/sites\/2\/2018\/10\/Partnerships_Image_1.jpg\"\/><\/div><\/div><\/section>\n\n\n\n<section class=\"wp-block-lindy-image-text-module section section--full-width-image full-width-image--with-text theme--light section--animation-none align--center font--camber font--size-small\" style=\"background-image:url()\"><img decoding=\"async\" class=\"full-width-image__image\" src=\"\"\/><div class=\"contained\"><div class=\"full-width-image__content\"><h2 class=\"section__heading\"><span><br\/>OPPORTUNITA&#8217; DI <\/span><\/h2><h2 class=\"section__subheading section__subheading__title\">BUSINESS<\/h2><p class=\"section__paragraph\"><br\/>La partnership con Lindy apre nuove opportunit\u00e0 di business per la vostra azienda. Lavoriamo insieme e i nostri specialisti possono supportarvi anche interfacciandosi direttamente con i\u00a0 vostri clienti se richiesto. Potranno inoltre aiutarvi ad identificare la gamma di prodotti Lindy adatta a soddisfare le vostre esigenze. <br\/><br\/><\/p><\/div><\/div><\/section>\n\n\n\n<section class=\"wp-block-lindy-heading-text section section--heading-text theme--light align--center  font--size-medium section--animation-none\"><div class=\"contained\"><\/div><\/section>\n\n\n\n<section class=\"wp-block-lindy-paragraph-and-images full-width-image--with-text section section--paragraph-image  theme--light font--camber font--size-small\"><div class=\"grid-noBottom-middle-reverse\"><div class=\"col-6_sm-12 full-width-image__content section section--animation-none align--left \"><div class=\"content--animate\"><div class=\"contained\"><h2 class=\"section__heading\"><span>TRASPARENZA<\/span><\/h2><h2 class=\"section__subheading section__subheading__title\">TRANSPARENCY<\/h2><p class=\"section__paragraph\"><br\/>Avrete una panoramica complessiva del ciclo vita degli ordini grazie ad un moderno sistema di gestione online, una semplificata gestione dei resi e una trasparenza continua di tutti i processi aperti e completati. Queste informazioni sono integrate da un sistema di download di informazioni sui singoli prodotti, listini prezzi e schede tecniche, nonch\u00e9 da un&#8217;interfaccia EDI per la trasmissione diretta di ordini, bolle di consegna e fatture.<\/p><\/div><\/div><\/div><div class=\"col-6_sm-12 full-width-image--with-text align--left\" style=\"background-image:url(https:\/\/lindy.com\/en\/wp-content\/uploads\/sites\/2\/2018\/10\/Partnerships_Image_12.jpg)\"><img decoding=\"async\" src=\"https:\/\/lindy.com\/en\/wp-content\/uploads\/sites\/2\/2018\/10\/Partnerships_Image_12.jpg\"\/><\/div><\/div><\/section>\n\n\n\n<section class=\"wp-block-lindy-paragraph-and-images full-width-image--with-text section section--paragraph-image  theme--light font--camber font--size-small\"><div class=\"grid-noBottom-middle\"><div class=\"col-6_sm-12 full-width-image__content section section--animation-none align--right \"><div class=\"content--animate\"><div class=\"contained\"><h2 class=\"section__heading\"><span>LANCIO<\/span><\/h2><h2 class=\"section__subheading section__subheading__title\">SUL MERCATO<\/h2><p class=\"section__paragraph\"><br\/>Vi supportiamo con le conoscenze tecniche dei nostri venditori e tecnici. I contenuti di marketing sono forniti dai nostri team di marketing interno per presentare i prodotti e le soluzioni al vostro mercato e ai vostri clienti.<br\/><\/p><\/div><\/div><\/div><div class=\"col-6_sm-12 full-width-image--with-text align--right\" style=\"background-image:url(https:\/\/lindy.com\/en\/wp-content\/uploads\/sites\/2\/2018\/10\/Partnerships_Image_17.jpg)\"><img decoding=\"async\" src=\"https:\/\/lindy.com\/en\/wp-content\/uploads\/sites\/2\/2018\/10\/Partnerships_Image_17.jpg\"\/><\/div><\/div><\/section>\n\n\n\n<section class=\"wp-block-lindy-paragraph-and-images full-width-image--with-text section section--paragraph-image  theme--light font--camber font--size-small\"><div class=\"grid-noBottom-middle-reverse\"><div class=\"col-6_sm-12 full-width-image__content section section--animation-none align--left \"><div class=\"content--animate\"><div class=\"contained\"><h2 class=\"section__heading\"><span>BRAND<\/span><\/h2><h2 class=\"section__subheading section__subheading__title\">&amp; ATTIVITA&#8217; MARKETING <\/h2><p class=\"section__paragraph\"><br\/>Attraverso le nostre attivit\u00e0 di marketing comunichiamo costantemente con i clienti finali per illustrare le attivit\u00e0 di branding e i prodotti, affinch\u00e8 questi ultimi vengano poi forniti dai nostri partner di canale.<br\/><\/p><\/div><\/div><\/div><div class=\"col-6_sm-12 full-width-image--with-text align--left\" style=\"background-image:url(https:\/\/lindy.com\/en\/wp-content\/uploads\/sites\/2\/2018\/10\/Partnerships_Image_4.jpg)\"><img decoding=\"async\" src=\"https:\/\/lindy.com\/en\/wp-content\/uploads\/sites\/2\/2018\/10\/Partnerships_Image_4.jpg\"\/><\/div><\/div><\/section>\n\n\n\n<section class=\"wp-block-lindy-heading-text section section--heading-text theme--light align--center  font--size-medium section--animation-none\"><div class=\"contained\"><\/div><\/section>\n\n\n\n<section class=\"wp-block-lindy-image-text-module section section--full-width-image full-width-image--with-text theme--light section--animation-none align--center font--camber font--size-small\" style=\"background-image:url()\"><img decoding=\"async\" class=\"full-width-image__image\" src=\"\"\/><div class=\"contained\"><div class=\"full-width-image__content\"><h2 class=\"section__heading\"><span><br\/>RELAZIONI<\/span><\/h2><h2 class=\"section__subheading section__subheading__title\">STRETTE<\/h2><p class=\"section__paragraph\"><br\/>L&#8217;apprezzamento e il sostegno costante crea un forte impegno che va a beneficio di tutte le parti coinvolte. I nostri specialisti sono a disposizione per rispondere alle tue domande e fornirti supporto. Scopri di pi\u00f9 sulle tecnologie, i processi e le competenze che favoriscono la nostra collaborazione. Offriamo formazione, supporto tecnico e prodotti che forniscono al vostro personale la conoscenza delle tecnologie Lindy.<br\/><br\/><br\/><\/p><\/div><\/div><\/section>\n\n\n\n<section class=\"wp-block-lindy-paragraph-and-images full-width-image--with-text section section--paragraph-image  theme--light font--camber font--size-small\"><div class=\"grid-noBottom-middle\"><div class=\"col-6_sm-12 full-width-image__content section section--animation-none align--right \"><div class=\"content--animate\"><div class=\"contained\"><h2 class=\"section__heading\"><span>CONFORMITA&#8217;<\/span><\/h2><p class=\"section__paragraph\"><br\/>Seguiamo attivamente gli standard globali in modo che possiate vendere i nostri prodotti in tutto il mondo. Copriamo CE, FCC, REACH, RoHS e altre importanti certificazioni.<\/p><\/div><\/div><\/div><div class=\"col-6_sm-12 full-width-image--with-text align--right\" style=\"background-image:url(https:\/\/lindy.com\/en\/wp-content\/uploads\/sites\/2\/2018\/10\/Partnerships_Image_13.jpg)\"><img decoding=\"async\" src=\"https:\/\/lindy.com\/en\/wp-content\/uploads\/sites\/2\/2018\/10\/Partnerships_Image_13.jpg\"\/><\/div><\/div><\/section>\n\n\n\n<section class=\"wp-block-lindy-paragraph-and-images full-width-image--with-text section section--paragraph-image  theme--light font--camber font--size-small\"><div class=\"grid-noBottom-middle-reverse\"><div class=\"col-6_sm-12 full-width-image__content section section--animation-none align--left \"><div class=\"content--animate\"><div class=\"contained\"><h2 class=\"section__heading\"><span>CONTROLLO<\/span><\/h2><h2 class=\"section__subheading section__subheading__title\">QUALITA&#8217;<\/h2><p class=\"section__paragraph\"><br\/>I prodotti seguono una serie di test che garantiscono lo standard ISO. Sono testati in combinato con altri prodotti e singolarmente, per garantirne la piena affidabilit\u00e0 in qualunque situazione.<\/p><\/div><\/div><\/div><div class=\"col-6_sm-12 full-width-image--with-text align--left\" style=\"background-image:url(https:\/\/lindy.com\/en\/wp-content\/uploads\/sites\/2\/2018\/10\/Partnerships_Image_5.jpg)\"><img decoding=\"async\" src=\"https:\/\/lindy.com\/en\/wp-content\/uploads\/sites\/2\/2018\/10\/Partnerships_Image_5.jpg\"\/><\/div><\/div><\/section>\n\n\n\n<section class=\"wp-block-lindy-paragraph-and-images full-width-image--with-text section section--paragraph-image  theme--light font--camber font--size-small\"><div class=\"grid-noBottom-middle\"><div class=\"col-6_sm-12 full-width-image__content section section--animation-none align--right \"><div class=\"content--animate\"><div class=\"contained\"><h2 class=\"section__heading\"><span>LABORATORI<\/span><\/h2><h2 class=\"section__subheading section__subheading__title\">TECNICI<\/h2><p class=\"section__paragraph\"><br\/>Tre laboratori tecnici\u00a0 in tutto il mondo ci consentono di testare i prodotti in qualsiasi momento del loro ciclo di vita.<\/p><\/div><\/div><\/div><div class=\"col-6_sm-12 full-width-image--with-text align--right\" style=\"background-image:url(https:\/\/lindy.com\/en\/wp-content\/uploads\/sites\/2\/2018\/10\/Partnerships_Image_6-1.jpg)\"><img decoding=\"async\" src=\"https:\/\/lindy.com\/en\/wp-content\/uploads\/sites\/2\/2018\/10\/Partnerships_Image_6-1.jpg\"\/><\/div><\/div><\/section>\n\n\n\n<section class=\"wp-block-lindy-heading-text section section--heading-text theme--light align--center  font--size-medium section--animation-none\"><div class=\"contained\"><h2 class=\"section__heading\"><span><br\/><\/span><\/h2><\/div><\/section>\n\n\n\n<section class=\"wp-block-lindy-key-info section section--key-info theme--light section--animation-none\"><div class=\"contained\"><div class=\"grid-3_sm-1-center\"><div class=\"col left_item\"><div class=\"box box--border\"><h3 class=\"section__heading\">SUPPORTO TECNICO<\/h3><div class=\"section__content\"><p class=\"section__content\">Forniamo supporto pre e post vendita. I tecnici interni offrono consulenze e lavorano con i nostri team di vendita e di magazzino per supportare i progetti globali in cui siamo coinvolti.<\/p><\/div><\/div><\/div><div class=\"col right_item\"><div class=\"box box--border\"><h3 class=\"section__heading\">PRODOTTI OEM &amp; PROGETTI<\/h3><div class=\"section__content\"><p class=\"section__content\">Possiamo gestire sia ordini di volume consistente sia forniture di prodotti su specifica richiesta, oltre a garantire l&#8217;adattabilit\u00e0 dei nostri prodotti a campi di applicazione specifici. <\/p><\/div><\/div><\/div><div class=\"col third_item\"><div class=\"box box--border\"><h3 class=\"section__heading\">CERTIFICAZIONI<\/h3><div class=\"section__content\"><p class=\"section__content\">Lindy \u00e8 membro di Avixa e produttore registrato delle tecnologie HDMI e USB. Abbiamo anche 5 esperti certificati HDBaseT in tutto il mondo.<\/p><\/div><\/div><\/div><\/div><\/div><\/section>\n\n\n\n<section class=\"wp-block-lindy-heading-text section section--heading-text theme--light align--center  font--size-medium section--animation-none\"><div class=\"contained\"><\/div><\/section>\n\n\n\n<section class=\"wp-block-lindy-paragraph-and-images full-width-image--with-text section section--paragraph-image  theme--light font--camber font--size-small\"><div class=\"grid-noBottom-middle-reverse\"><div class=\"col-6_sm-12 full-width-image__content section section--animation-none align--left \"><div class=\"content--animate\"><div class=\"contained\"><h2 class=\"section__heading\"><span>LOGISTICA<\/span><\/h2><p class=\"section__paragraph\"><br\/>Tre magazzini in Cina, Germania e Regno Unito che condividono lo stock significano disponibilit\u00e0 garantita entro 24\/72 ore.\u00a0<\/p><\/div><\/div><\/div><div class=\"col-6_sm-12 full-width-image--with-text align--left\" style=\"background-image:url(https:\/\/lindy.com\/en\/wp-content\/uploads\/sites\/2\/2018\/10\/Partnerships_Image_9.jpg)\"><img decoding=\"async\" src=\"https:\/\/lindy.com\/en\/wp-content\/uploads\/sites\/2\/2018\/10\/Partnerships_Image_9.jpg\"\/><\/div><\/div><\/section>\n\n\n\n<section class=\"wp-block-lindy-paragraph-and-images full-width-image--with-text section section--paragraph-image  theme--light font--camber font--size-small\"><div class=\"grid-noBottom-middle\"><div class=\"col-6_sm-12 full-width-image__content section section--animation-none align--right \"><div class=\"content--animate\"><div class=\"contained\"><h2 class=\"section__heading\"><span>RICERCA<\/span><\/h2><h2 class=\"section__subheading section__subheading__title\">&amp; SVILUPPO<\/h2><p class=\"section__paragraph\"><br\/>Seguiamo da vicino i progressi nei settori IT e AV e siamo pronti a introdurre prodotti che soddisfano le esigenze attuali e future dei nostri partner.<\/p><\/div><\/div><\/div><div class=\"col-6_sm-12 full-width-image--with-text align--right\" style=\"background-image:url(https:\/\/lindy.com\/en\/wp-content\/uploads\/sites\/2\/2018\/10\/Partnerships_Image_15.jpg)\"><img decoding=\"async\" src=\"https:\/\/lindy.com\/en\/wp-content\/uploads\/sites\/2\/2018\/10\/Partnerships_Image_15.jpg\"\/><\/div><\/div><\/section>\n\n\n\n<section class=\"wp-block-lindy-paragraph-and-images full-width-image--with-text section section--paragraph-image  theme--light font--camber font--size-small\"><div class=\"grid-noBottom-middle-reverse\"><div class=\"col-6_sm-12 full-width-image__content section section--animation-none align--left \"><div class=\"content--animate\"><div class=\"contained\"><h2 class=\"section__heading\"><span>AV <\/span><\/h2><h2 class=\"section__subheading section__subheading__title\">PRO<br\/>PRODOTTI<\/h2><p class=\"section__paragraph\"><br\/>Grazie all&#8217;aggiornamento costante della nostra gamma di prodotti, forniamo connettivit\u00e0 per ogni scenario. Inseriamo quotidianamente nuovi prodotti nel nostro gi\u00e0 ampio catalogo per soddisfare le aspettative del mercato.<\/p><\/div><\/div><\/div><div class=\"col-6_sm-12 full-width-image--with-text align--left\" style=\"background-image:url(https:\/\/lindy.com\/en\/wp-content\/uploads\/sites\/2\/2018\/08\/HDBASET_Link.jpg)\"><img decoding=\"async\" src=\"https:\/\/lindy.com\/en\/wp-content\/uploads\/sites\/2\/2018\/08\/HDBASET_Link.jpg\"\/><\/div><\/div><\/section>\n\n\n\n<section class=\"wp-block-lindy-paragraph-and-images full-width-image--with-text section section--paragraph-image  theme--light font--camber font--size-small\"><div class=\"grid-noBottom-middle\"><div class=\"col-6_sm-12 full-width-image__content section section--animation-none align--right \"><div class=\"content--animate\"><div class=\"contained\"><h2 class=\"section__heading\"><span>CONNETTIVITA&#8217;<\/span><\/h2><h2 class=\"section__subheading section__subheading__title\">COMBINATA <\/h2><p class=\"section__paragraph\"><br\/>Molti prodotti integrano funzioni IT e AV in un&#8217;unica soluzione, rendendo questi componenti preziosi e aprendo nuove prospettive peri nostri partner.<\/p><\/div><\/div><\/div><div class=\"col-6_sm-12 full-width-image--with-text align--right\" style=\"background-image:url(https:\/\/lindy.com\/en\/wp-content\/uploads\/sites\/2\/2018\/10\/Partnerships_Image_16.jpg)\"><img decoding=\"async\" src=\"https:\/\/lindy.com\/en\/wp-content\/uploads\/sites\/2\/2018\/10\/Partnerships_Image_16.jpg\"\/><\/div><\/div><\/section>\n\n\n\n<section class=\"wp-block-lindy-image-text-module section section--full-width-image full-width-image--with-text theme--dark section--animation-none align--center font--camber font--size-medium\" style=\"background-image:url(https:\/\/lindy.com\/en\/wp-content\/uploads\/sites\/2\/2018\/10\/Partnerships_Hero_Banner_1-1.jpg)\"><img decoding=\"async\" class=\"full-width-image__image\" src=\"https:\/\/lindy.com\/en\/wp-content\/uploads\/sites\/2\/2018\/10\/Partnerships_Hero_Banner_1-1.jpg\"\/><div class=\"contained\"><div class=\"full-width-image__content\"><h2 class=\"section__heading\"><span><br\/>UNISCITI A LINDY<\/span><\/h2><h2 class=\"section__subheading section__subheading__title\">ENTRA A FAR PARTE DEL MONDO INTERCONNESSO<br\/><\/h2><p class=\"section__paragraph\"><br\/><\/p><a href=\"https:\/\/lindy.com\/it\/diventa-un-partner-lindy\/\" class=\"button button--white-transparent\" target=\"_self\" rel=\"noopener noreferrer\">DIVENTA PARTNER<\/a><\/div><\/div><\/section>\n","protected":false},"excerpt":{"rendered":"","protected":false},"author":12,"featured_media":0,"parent":0,"menu_order":0,"comment_status":"closed","ping_status":"closed","template":"page-templates\/template-landing.php","meta":{"_acf_changed":false,"footnotes":""},"class_list":["post-242","page","type-page","status-publish","hentry"],"acf":[],"yoast_head":"<!-- This site is optimized with the Yoast SEO plugin v26.6 - https:\/\/yoast.com\/wordpress\/plugins\/seo\/ -->\n<title>Partner - Lindy - Italian<\/title>\n<meta name=\"robots\" content=\"index, follow, max-snippet:-1, max-image-preview:large, max-video-preview:-1\" \/>\n<link rel=\"canonical\" href=\"https:\/\/lindy.com\/it\/partner\/\" \/>\n<meta property=\"og:locale\" content=\"it_IT\" \/>\n<meta property=\"og:type\" content=\"article\" \/>\n<meta property=\"og:title\" content=\"Partner - Lindy - Italian\" \/>\n<meta property=\"og:url\" content=\"https:\/\/lindy.com\/it\/partner\/\" \/>\n<meta property=\"og:site_name\" content=\"Lindy - Italian\" \/>\n<meta property=\"article:modified_time\" content=\"2021-12-13T13:18:11+00:00\" \/>\n<meta property=\"og:image\" content=\"https:\/\/lindy.com\/it\/wp-content\/uploads\/sites\/5\/2021\/12\/Microsite_Start-Pic_950pix_NAVIGATE_3-e1638975406135.jpg\" \/>\n<meta name=\"twitter:card\" content=\"summary_large_image\" \/>\n<meta name=\"twitter:label1\" content=\"Tempo di lettura stimato\" \/>\n\t<meta name=\"twitter:data1\" content=\"7 minuti\" \/>\n<script type=\"application\/ld+json\" class=\"yoast-schema-graph\">{\"@context\":\"https:\/\/schema.org\",\"@graph\":[{\"@type\":\"WebPage\",\"@id\":\"https:\/\/lindy.com\/it\/partner\/\",\"url\":\"https:\/\/lindy.com\/it\/partner\/\",\"name\":\"Partner - Lindy - Italian\",\"isPartOf\":{\"@id\":\"https:\/\/lindy.com\/it\/#website\"},\"primaryImageOfPage\":{\"@id\":\"https:\/\/lindy.com\/it\/partner\/#primaryimage\"},\"image\":{\"@id\":\"https:\/\/lindy.com\/it\/partner\/#primaryimage\"},\"thumbnailUrl\":\"https:\/\/lindy.com\/it\/wp-content\/uploads\/sites\/5\/2021\/12\/Microsite_Start-Pic_950pix_NAVIGATE_3-e1638975406135.jpg\",\"datePublished\":\"2018-11-21T16:36:09+00:00\",\"dateModified\":\"2021-12-13T13:18:11+00:00\",\"breadcrumb\":{\"@id\":\"https:\/\/lindy.com\/it\/partner\/#breadcrumb\"},\"inLanguage\":\"it-IT\",\"potentialAction\":[{\"@type\":\"ReadAction\",\"target\":[\"https:\/\/lindy.com\/it\/partner\/\"]}]},{\"@type\":\"ImageObject\",\"inLanguage\":\"it-IT\",\"@id\":\"https:\/\/lindy.com\/it\/partner\/#primaryimage\",\"url\":\"https:\/\/lindy.com\/it\/wp-content\/uploads\/sites\/5\/2021\/12\/Microsite_Start-Pic_950pix_NAVIGATE_3-e1638975406135.jpg\",\"contentUrl\":\"https:\/\/lindy.com\/it\/wp-content\/uploads\/sites\/5\/2021\/12\/Microsite_Start-Pic_950pix_NAVIGATE_3-e1638975406135.jpg\",\"width\":536,\"height\":493},{\"@type\":\"BreadcrumbList\",\"@id\":\"https:\/\/lindy.com\/it\/partner\/#breadcrumb\",\"itemListElement\":[{\"@type\":\"ListItem\",\"position\":1,\"name\":\"Home\",\"item\":\"https:\/\/lindy.com\/it\/\"},{\"@type\":\"ListItem\",\"position\":2,\"name\":\"Partner\"}]},{\"@type\":\"WebSite\",\"@id\":\"https:\/\/lindy.com\/it\/#website\",\"url\":\"https:\/\/lindy.com\/it\/\",\"name\":\"Lindy - Italian\",\"description\":\"Connection Perfection\",\"potentialAction\":[{\"@type\":\"SearchAction\",\"target\":{\"@type\":\"EntryPoint\",\"urlTemplate\":\"https:\/\/lindy.com\/it\/?s={search_term_string}\"},\"query-input\":{\"@type\":\"PropertyValueSpecification\",\"valueRequired\":true,\"valueName\":\"search_term_string\"}}],\"inLanguage\":\"it-IT\"}]}<\/script>\n<!-- \/ Yoast SEO plugin. -->","yoast_head_json":{"title":"Partner - Lindy - Italian","robots":{"index":"index","follow":"follow","max-snippet":"max-snippet:-1","max-image-preview":"max-image-preview:large","max-video-preview":"max-video-preview:-1"},"canonical":"https:\/\/lindy.com\/it\/partner\/","og_locale":"it_IT","og_type":"article","og_title":"Partner - Lindy - Italian","og_url":"https:\/\/lindy.com\/it\/partner\/","og_site_name":"Lindy - Italian","article_modified_time":"2021-12-13T13:18:11+00:00","og_image":[{"url":"https:\/\/lindy.com\/it\/wp-content\/uploads\/sites\/5\/2021\/12\/Microsite_Start-Pic_950pix_NAVIGATE_3-e1638975406135.jpg","type":"","width":"","height":""}],"twitter_card":"summary_large_image","twitter_misc":{"Tempo di lettura stimato":"7 minuti"},"schema":{"@context":"https:\/\/schema.org","@graph":[{"@type":"WebPage","@id":"https:\/\/lindy.com\/it\/partner\/","url":"https:\/\/lindy.com\/it\/partner\/","name":"Partner - Lindy - Italian","isPartOf":{"@id":"https:\/\/lindy.com\/it\/#website"},"primaryImageOfPage":{"@id":"https:\/\/lindy.com\/it\/partner\/#primaryimage"},"image":{"@id":"https:\/\/lindy.com\/it\/partner\/#primaryimage"},"thumbnailUrl":"https:\/\/lindy.com\/it\/wp-content\/uploads\/sites\/5\/2021\/12\/Microsite_Start-Pic_950pix_NAVIGATE_3-e1638975406135.jpg","datePublished":"2018-11-21T16:36:09+00:00","dateModified":"2021-12-13T13:18:11+00:00","breadcrumb":{"@id":"https:\/\/lindy.com\/it\/partner\/#breadcrumb"},"inLanguage":"it-IT","potentialAction":[{"@type":"ReadAction","target":["https:\/\/lindy.com\/it\/partner\/"]}]},{"@type":"ImageObject","inLanguage":"it-IT","@id":"https:\/\/lindy.com\/it\/partner\/#primaryimage","url":"https:\/\/lindy.com\/it\/wp-content\/uploads\/sites\/5\/2021\/12\/Microsite_Start-Pic_950pix_NAVIGATE_3-e1638975406135.jpg","contentUrl":"https:\/\/lindy.com\/it\/wp-content\/uploads\/sites\/5\/2021\/12\/Microsite_Start-Pic_950pix_NAVIGATE_3-e1638975406135.jpg","width":536,"height":493},{"@type":"BreadcrumbList","@id":"https:\/\/lindy.com\/it\/partner\/#breadcrumb","itemListElement":[{"@type":"ListItem","position":1,"name":"Home","item":"https:\/\/lindy.com\/it\/"},{"@type":"ListItem","position":2,"name":"Partner"}]},{"@type":"WebSite","@id":"https:\/\/lindy.com\/it\/#website","url":"https:\/\/lindy.com\/it\/","name":"Lindy - Italian","description":"Connection Perfection","potentialAction":[{"@type":"SearchAction","target":{"@type":"EntryPoint","urlTemplate":"https:\/\/lindy.com\/it\/?s={search_term_string}"},"query-input":{"@type":"PropertyValueSpecification","valueRequired":true,"valueName":"search_term_string"}}],"inLanguage":"it-IT"}]}},"_links":{"self":[{"href":"https:\/\/lindy.com\/it\/wp-json\/wp\/v2\/pages\/242","targetHints":{"allow":["GET"]}}],"collection":[{"href":"https:\/\/lindy.com\/it\/wp-json\/wp\/v2\/pages"}],"about":[{"href":"https:\/\/lindy.com\/it\/wp-json\/wp\/v2\/types\/page"}],"author":[{"embeddable":true,"href":"https:\/\/lindy.com\/it\/wp-json\/wp\/v2\/users\/12"}],"replies":[{"embeddable":true,"href":"https:\/\/lindy.com\/it\/wp-json\/wp\/v2\/comments?post=242"}],"version-history":[{"count":0,"href":"https:\/\/lindy.com\/it\/wp-json\/wp\/v2\/pages\/242\/revisions"}],"wp:attachment":[{"href":"https:\/\/lindy.com\/it\/wp-json\/wp\/v2\/media?parent=242"}],"curies":[{"name":"wp","href":"https:\/\/api.w.org\/{rel}","templated":true}]}}