{"id":2877,"date":"2025-05-06T08:25:15","date_gmt":"2025-05-06T08:25:15","guid":{"rendered":"https:\/\/lindy.com\/it\/?page_id=2877"},"modified":"2025-10-07T14:36:27","modified_gmt":"2025-10-07T14:36:27","slug":"csr","status":"publish","type":"page","link":"https:\/\/lindy.com\/it\/csr\/","title":{"rendered":""},"content":{"rendered":"\n<div class=\"wp-block-media-text is-stacked-on-mobile\"><figure class=\"wp-block-media-text__media\"><img decoding=\"async\" src=\"https:\/\/lindy.com\/de\/wp-content\/uploads\/sites\/3\/2024\/12\/Management-Team_Peter.png\" alt=\"\" class=\"wp-image-11794 size-full\"\/><\/figure><div class=\"wp-block-media-text__content\">\n<p class=\"has-medium-font-size\"><span style=\"font: 20pt;\">&#8220;Come azienda a gestione familiare con una storia di oltre 90 anni, la responsabilit\u00e0 imprenditoriale \u00e8 profondamente radicata nei nostri valori e nella nostra cultura. Relazioni sostenibili e a lungo termine, basate su vantaggi reciproci, con fornitori, clienti e dipendenti hanno reso Lindy ci\u00f2 che \u00e8 oggi: un successo costante. Il principio della sostenibilit\u00e0 \u00e8 quindi entrato a far parte della nostra cultura aziendale molto prima che diventasse una tendenza.<br><br><\/span><\/p>\n<\/div><\/div>\n\n\n\n<p class=\"has-text-align-left has-medium-font-size\"><br>Nell&#8217;ambito della nostra gestione della sostenibilit\u00e0, ci evolviamo continuamente per soddisfare le richieste del mercato e le crescenti aspettative dei nostri clienti. Cos\u00ec facendo, ci sforziamo di dare un contributo positivo allo sviluppo sostenibile globale.&#8221;&nbsp; <br><br>&#8212; <em>Dr. Peter Lindenberg, amministratore delegato di Lindy Elektronik GmbH.<\/em> &#8212;<\/p>\n\n\n\n<div style=\"height:17px\" aria-hidden=\"true\" class=\"wp-block-spacer\"><\/div>\n\n\n\n<hr class=\"wp-block-separator has-text-color has-vivid-red-color has-alpha-channel-opacity has-vivid-red-background-color has-background is-style-dots\"\/>\n\n\n\n<section id=\"hf\" class=\"wp-block-lindy-anchor-section section section--anchor\"><\/section>\n\n\n\n<h2 class=\"wp-block-heading has-large-font-size\"><\/h2>\n\n\n\n<hr class=\"wp-block-separator has-text-color has-vivid-red-color has-alpha-channel-opacity has-vivid-red-background-color has-background is-style-wide\"\/>\n\n\n\n<div class=\"wp-block-columns is-layout-flex wp-container-core-columns-is-layout-9d6595d7 wp-block-columns-is-layout-flex\">\n<div class=\"wp-block-column is-layout-flow wp-block-column-is-layout-flow\" style=\"flex-basis:250px\"><div class=\"wp-block-image\">\n<figure class=\"aligncenter size-full is-resized\"><a href=\"http:\/\/lindy.com\/it\/csr-foa\/#management\"><img decoding=\"async\" src=\"https:\/\/lindy.com\/de\/wp-content\/uploads\/sites\/3\/2024\/11\/48-1.png\" alt=\"\" class=\"wp-image-10303\" style=\"object-fit:cover;width:250px;height:185px\"\/><\/a><\/figure><\/div>\n\n\n<h3 class=\"wp-block-heading has-medium-font-size\">Direzione aziendale<\/h3>\n<\/div>\n\n\n\n<div class=\"wp-block-column is-layout-flow wp-block-column-is-layout-flow\" style=\"flex-basis:250px\"><div class=\"wp-block-image\">\n<figure class=\"aligncenter size-full is-resized\"><a href=\"http:\/\/lindy.com\/it\/csr-foa\/#products\"><img decoding=\"async\" src=\"https:\/\/lindy.com\/de\/wp-content\/uploads\/sites\/3\/2024\/11\/49_low.png\" alt=\"\" class=\"wp-image-10305\" style=\"object-fit:cover;width:250px;height:185px\"\/><\/a><\/figure><\/div>\n\n\n<h3 class=\"wp-block-heading has-medium-font-size\">Responsabilit\u00e0 del prodotto<\/h3>\n<\/div>\n\n\n\n<div class=\"wp-block-column is-layout-flow wp-block-column-is-layout-flow\" style=\"flex-basis:250px\"><div class=\"wp-block-image\">\n<figure class=\"aligncenter size-full is-resized\"><a href=\"https:\/\/lindy.com\/it\/csr-foa\/#supply-chain\"><img decoding=\"async\" src=\"https:\/\/lindy.com\/de\/wp-content\/uploads\/sites\/3\/2024\/11\/52_low.png\" alt=\"\" class=\"wp-image-10306\" style=\"object-fit:cover;width:250px;height:185px\"\/><\/a><\/figure><\/div>\n\n\n<h3 class=\"wp-block-heading has-medium-font-size\">Catena di approvvigionamento e sourcing<\/h3>\n<\/div>\n<\/div>\n\n\n\n<div class=\"wp-block-columns is-layout-flex wp-container-core-columns-is-layout-9d6595d7 wp-block-columns-is-layout-flex\">\n<div class=\"wp-block-column is-layout-flow wp-block-column-is-layout-flow\"><div class=\"wp-block-image\">\n<figure class=\"aligncenter size-full is-resized\"><a href=\"http:\/\/lindy.com\/it\/csr-foa\/#ambiente\"><img decoding=\"async\" src=\"https:\/\/lindy.com\/de\/wp-content\/uploads\/sites\/3\/2024\/11\/50_low.png\" alt=\"\" class=\"wp-image-10317\" style=\"object-fit:cover;width:250px;height:185px\"\/><\/a><\/figure><\/div>\n\n\n<h2 class=\"wp-block-heading has-medium-font-size\">Responsabilit\u00e0 ambientale<\/h2>\n<\/div>\n\n\n\n<div class=\"wp-block-column is-layout-flow wp-block-column-is-layout-flow\"><div class=\"wp-block-image\">\n<figure class=\"aligncenter size-full is-resized\"><a href=\"http:\/\/lindy.com\/it\/csr-foa\/#dipendenti\"><img decoding=\"async\" src=\"https:\/\/lindy.com\/de\/wp-content\/uploads\/sites\/3\/2024\/11\/53_low.png\" alt=\"\" class=\"wp-image-10312\" style=\"object-fit:cover;width:250px;height:185px\"\/><\/a><\/figure><\/div>\n\n\n<h2 class=\"wp-block-heading has-medium-font-size\">Team Lindy<\/h2>\n<\/div>\n\n\n\n<div class=\"wp-block-column is-layout-flow wp-block-column-is-layout-flow\"><div class=\"wp-block-image\">\n<figure class=\"aligncenter size-full is-resized\"><a href=\"https:\/\/lindy.com\/it\/csr-foa\/#society\"><img decoding=\"async\" src=\"https:\/\/lindy.com\/de\/wp-content\/uploads\/sites\/3\/2024\/11\/51_low-1.png\" alt=\"\" class=\"wp-image-10315\" style=\"object-fit:cover;width:250px;height:185px\"\/><\/a><\/figure><\/div>\n\n\n<h2 class=\"wp-block-heading has-medium-font-size\">Impegno sociale<\/h2>\n<\/div>\n<\/div>\n\n\n\n<hr class=\"wp-block-separator has-text-color has-vivid-red-color has-alpha-channel-opacity has-vivid-red-background-color has-background is-style-wide\"\/>\n\n\n\n<div style=\"height:34px\" aria-hidden=\"true\" class=\"wp-block-spacer\"><\/div>\n\n\n\n<section class=\"wp-block-lindy-parallax-hero section parallax-hero theme--dark align--center  font--size-large\" style=\"background-image:url(https:\/\/lindy.com\/de\/wp-content\/uploads\/sites\/3\/2024\/06\/Header-Zwischenablage_06-03-2024_01.png)\"><div class=\"contained contained--full-width\"><div class=\"parallax-hero__content\"><div class=\"parallax-hero__content-wrapper align--center\"><\/div><\/div><\/div><\/section>\n\n\n\n<div style=\"height:32px\" aria-hidden=\"true\" class=\"wp-block-spacer\"><\/div>\n\n\n\n<hr class=\"wp-block-separator has-text-color has-vivid-red-color has-alpha-channel-opacity has-vivid-red-background-color has-background is-style-wide\"\/>\n\n\n\n<section id=\"stiftung\" class=\"wp-block-lindy-anchor-section section section--anchor\"><\/section>\n\n\n\n<div style=\"height:29px\" aria-hidden=\"true\" class=\"wp-block-spacer\"><\/div>\n\n\n\n<h2 class=\"wp-block-heading has-large-font-size\">La Fondazione Lindy<\/h2>\n\n\n\n<p class=\"has-medium-font-size\">La Fondazione Lindy \u00e8 il riflesso del nostro impegno sociale, che \u00e8 stato attivamente mantenuto come tradizione in Lindy. Nel corso degli anni, la Fondazione Lindy ha sostenuto progetti di beneficenza in tutto il mondo, in linea con gli scopi della fondazione. Nella scelta dei progetti da sostenere, ci concentriamo su iniziative e organizzazioni no-profit in cui i membri della famiglia proprietaria o il team Lindy sono personalmente coinvolti.<\/p>\n\n\n\n<section id=\"ecovadis\" class=\"wp-block-lindy-anchor-section section section--anchor\"><\/section>\n\n\n\n<div style=\"height:46px\" aria-hidden=\"true\" class=\"wp-block-spacer\"><\/div>\n\n\n\n<div class=\"wp-block-buttons is-content-justification-center is-layout-flex wp-container-core-buttons-is-layout-16018d1d wp-block-buttons-is-layout-flex\">\n<div class=\"wp-block-button has-custom-width wp-block-button__width-50 has-custom-font-size has-medium-font-size\"><a class=\"wp-block-button__link has-white-color has-vivid-red-background-color has-text-color has-background has-link-color wp-element-button\" href=\"https:\/\/lindy.com\/it\/csr-fondazione\/\" style=\"border-radius:0px\">SCOPRI DI PI\u00d9<\/a><\/div>\n<\/div>\n\n\n\n<div style=\"height:47px\" aria-hidden=\"true\" class=\"wp-block-spacer\"><\/div>\n\n\n\n<hr class=\"wp-block-separator has-text-color has-vivid-red-color has-alpha-channel-opacity has-vivid-red-background-color has-background is-style-wide\"\/>\n\n\n\n<h2 class=\"wp-block-heading has-large-font-size\">EcoVadis &#8211; Valutazione della sostenibilit\u00e0<\/h2>\n\n\n\n<div class=\"wp-block-media-text is-stacked-on-mobile\" style=\"grid-template-columns:40% auto\"><figure class=\"wp-block-media-text__media\"><img decoding=\"async\" src=\"https:\/\/lindy.com\/de\/wp-content\/uploads\/sites\/3\/2024\/10\/Ecovadis-Award2024cropped-1024x792.png\" alt=\"\" class=\"wp-image-10156 size-full\"\/><\/figure><div class=\"wp-block-media-text__content\">\n<p class=\"has-medium-font-size\">Dal 2023, la nostra gestione della sostenibilit\u00e0 viene valutata annualmente dalla piattaforma di sostenibilit\u00e0 EcoVadis. I risultati di questa valutazione completa non solo riflettono il nostro impegno per la sostenibilit\u00e0, ma ci forniscono anche preziose indicazioni per progredire ulteriormente nel nostro percorso verso lo sviluppo sostenibile.<\/p>\n\n\n\n<p><\/p>\n\n\n\n<p><\/p>\n<\/div><\/div>\n\n\n\n<div style=\"height:17px\" aria-hidden=\"true\" class=\"wp-block-spacer\"><\/div>\n\n\n\n<div class=\"wp-block-buttons is-content-justification-center is-layout-flex wp-container-core-buttons-is-layout-16018d1d wp-block-buttons-is-layout-flex\">\n<div class=\"wp-block-button has-custom-width wp-block-button__width-50 has-custom-font-size has-medium-font-size\"><a class=\"wp-block-button__link has-white-color has-vivid-red-background-color has-text-color has-background has-link-color wp-element-button\" href=\"https:\/\/lindy.com\/it\/csr-ecovadis\/\" style=\"border-radius:0px\">SCOPRI DI PI\u00d9<\/a><\/div>\n<\/div>\n\n\n\n<div style=\"height:47px\" aria-hidden=\"true\" class=\"wp-block-spacer\"><\/div>\n\n\n\n<hr class=\"wp-block-separator has-text-color has-vivid-red-color has-alpha-channel-opacity has-vivid-red-background-color has-background is-style-wide\"\/>\n\n\n\n<div style=\"height:45px\" aria-hidden=\"true\" class=\"wp-block-spacer\"><\/div>\n\n\n\n<h2 class=\"wp-block-heading has-large-font-size\">News<strong> <\/strong><\/h2>\n\n\n<ul class=\"wp-block-latest-posts__list wp-block-latest-posts\"><li><div class=\"wp-block-latest-posts__featured-image alignleft\"><a href=\"https:\/\/lindy.com\/it\/2025\/10\/07\/lindy-riceve-nuovamente-la-medaglia-dargento-ecovadis-nel-2025\/\" aria-label=\"Lindy riceve nuovamente la medaglia d\u2019argento EcoVadis nel 2025\"><img loading=\"lazy\" decoding=\"async\" width=\"150\" height=\"150\" src=\"https:\/\/lindy.com\/it\/wp-content\/uploads\/sites\/5\/2025\/10\/25-09-Ecovadis-Award2-150x150.png\" class=\"attachment-thumbnail size-thumbnail wp-post-image\" alt=\"\" style=\"max-width:113px;max-height:113px;\" srcset=\"https:\/\/lindy.com\/it\/wp-content\/uploads\/sites\/5\/2025\/10\/25-09-Ecovadis-Award2-150x150.png 150w, https:\/\/lindy.com\/it\/wp-content\/uploads\/sites\/5\/2025\/10\/25-09-Ecovadis-Award2-300x300.png 300w, https:\/\/lindy.com\/it\/wp-content\/uploads\/sites\/5\/2025\/10\/25-09-Ecovadis-Award2-1024x1024.png 1024w, https:\/\/lindy.com\/it\/wp-content\/uploads\/sites\/5\/2025\/10\/25-09-Ecovadis-Award2-768x768.png 768w, https:\/\/lindy.com\/it\/wp-content\/uploads\/sites\/5\/2025\/10\/25-09-Ecovadis-Award2-470x470.png 470w, https:\/\/lindy.com\/it\/wp-content\/uploads\/sites\/5\/2025\/10\/25-09-Ecovadis-Award2.png 1080w\" sizes=\"auto, (max-width: 150px) 100vw, 150px\" \/><\/a><\/div><a class=\"wp-block-latest-posts__post-title\" href=\"https:\/\/lindy.com\/it\/2025\/10\/07\/lindy-riceve-nuovamente-la-medaglia-dargento-ecovadis-nel-2025\/\">Lindy riceve nuovamente la medaglia d\u2019argento EcoVadis nel 2025<\/a><div class=\"wp-block-latest-posts__post-excerpt\">Argento, atto secondo Siamo molto lieti di annunciare che Lindy ha ricevuto per la seconda volta la medaglia d\u2019argento\u2026 <a class=\"wp-block-latest-posts__read-more\" href=\"https:\/\/lindy.com\/it\/2025\/10\/07\/lindy-riceve-nuovamente-la-medaglia-dargento-ecovadis-nel-2025\/\" rel=\"noopener noreferrer\">Read more<span class=\"screen-reader-text\">: Lindy riceve nuovamente la medaglia d\u2019argento EcoVadis nel 2025<\/span><\/a><\/div><\/li>\n<\/ul>\n\n\n<p><\/p>\n","protected":false},"excerpt":{"rendered":"<p>&#8220;Come azienda a gestione familiare con una storia di oltre 90 anni, la responsabilit\u00e0 imprenditoriale \u00e8 profondamente radicata nei nostri valori e nella nostra cultura. Relazioni sostenibili e a lungo termine, basate su vantaggi reciproci, con fornitori, clienti e dipendenti hanno reso Lindy ci\u00f2 che \u00e8 oggi: un successo costante. Il principio della sostenibilit\u00e0 \u00e8 [&hellip;]<\/p>\n","protected":false},"author":21,"featured_media":2874,"parent":0,"menu_order":0,"comment_status":"closed","ping_status":"closed","template":"","meta":{"_acf_changed":false,"footnotes":""},"class_list":["post-2877","page","type-page","status-publish","has-post-thumbnail","hentry"],"acf":[],"yoast_head":"<!-- This site is optimized with the Yoast SEO plugin v26.6 - https:\/\/yoast.com\/wordpress\/plugins\/seo\/ -->\n<title>Lindy - CSR - Italian<\/title>\n<meta name=\"description\" content=\"Sostenibilit\u00e0, CSR, responsabilit\u00e0 del prodotto e impegno sociale sono al centro dei nostri valori e della nostra cultura.\" \/>\n<meta name=\"robots\" content=\"index, follow, max-snippet:-1, max-image-preview:large, max-video-preview:-1\" \/>\n<link rel=\"canonical\" href=\"https:\/\/lindy.com\/it\/csr\/\" \/>\n<meta property=\"og:locale\" content=\"it_IT\" \/>\n<meta property=\"og:type\" content=\"article\" \/>\n<meta property=\"og:title\" content=\"Lindy - CSR - Italian\" \/>\n<meta property=\"og:description\" content=\"Sostenibilit\u00e0, CSR, responsabilit\u00e0 del prodotto e impegno sociale sono al centro dei nostri valori e della nostra cultura.\" \/>\n<meta property=\"og:url\" content=\"https:\/\/lindy.com\/it\/csr\/\" \/>\n<meta property=\"og:site_name\" content=\"Lindy - Italian\" \/>\n<meta property=\"article:modified_time\" content=\"2025-10-07T14:36:27+00:00\" \/>\n<meta property=\"og:image\" content=\"https:\/\/lindy.com\/it\/wp-content\/uploads\/sites\/5\/2025\/03\/Lindy-Building-Night.png\" \/>\n\t<meta property=\"og:image:width\" content=\"1920\" \/>\n\t<meta property=\"og:image:height\" content=\"480\" \/>\n\t<meta property=\"og:image:type\" content=\"image\/png\" \/>\n<meta name=\"twitter:card\" content=\"summary_large_image\" \/>\n<meta name=\"twitter:label1\" content=\"Tempo di lettura stimato\" \/>\n\t<meta name=\"twitter:data1\" content=\"4 minuti\" \/>\n<script type=\"application\/ld+json\" class=\"yoast-schema-graph\">{\"@context\":\"https:\/\/schema.org\",\"@graph\":[{\"@type\":\"WebPage\",\"@id\":\"https:\/\/lindy.com\/it\/csr\/\",\"url\":\"https:\/\/lindy.com\/it\/csr\/\",\"name\":\"Lindy - CSR - Italian\",\"isPartOf\":{\"@id\":\"https:\/\/lindy.com\/it\/#website\"},\"primaryImageOfPage\":{\"@id\":\"https:\/\/lindy.com\/it\/csr\/#primaryimage\"},\"image\":{\"@id\":\"https:\/\/lindy.com\/it\/csr\/#primaryimage\"},\"thumbnailUrl\":\"https:\/\/lindy.com\/it\/wp-content\/uploads\/sites\/5\/2025\/03\/Lindy-Building-Night.png\",\"datePublished\":\"2025-05-06T08:25:15+00:00\",\"dateModified\":\"2025-10-07T14:36:27+00:00\",\"description\":\"Sostenibilit\u00e0, CSR, responsabilit\u00e0 del prodotto e impegno sociale sono al centro dei nostri valori e della nostra cultura.\",\"inLanguage\":\"it-IT\",\"potentialAction\":[{\"@type\":\"ReadAction\",\"target\":[\"https:\/\/lindy.com\/it\/csr\/\"]}]},{\"@type\":\"ImageObject\",\"inLanguage\":\"it-IT\",\"@id\":\"https:\/\/lindy.com\/it\/csr\/#primaryimage\",\"url\":\"https:\/\/lindy.com\/it\/wp-content\/uploads\/sites\/5\/2025\/03\/Lindy-Building-Night.png\",\"contentUrl\":\"https:\/\/lindy.com\/it\/wp-content\/uploads\/sites\/5\/2025\/03\/Lindy-Building-Night.png\",\"width\":1920,\"height\":480},{\"@type\":\"WebSite\",\"@id\":\"https:\/\/lindy.com\/it\/#website\",\"url\":\"https:\/\/lindy.com\/it\/\",\"name\":\"Lindy - Italian\",\"description\":\"Connection Perfection\",\"potentialAction\":[{\"@type\":\"SearchAction\",\"target\":{\"@type\":\"EntryPoint\",\"urlTemplate\":\"https:\/\/lindy.com\/it\/?s={search_term_string}\"},\"query-input\":{\"@type\":\"PropertyValueSpecification\",\"valueRequired\":true,\"valueName\":\"search_term_string\"}}],\"inLanguage\":\"it-IT\"}]}<\/script>\n<!-- \/ Yoast SEO plugin. -->","yoast_head_json":{"title":"Lindy - CSR - Italian","description":"Sostenibilit\u00e0, CSR, responsabilit\u00e0 del prodotto e impegno sociale sono al centro dei nostri valori e della nostra cultura.","robots":{"index":"index","follow":"follow","max-snippet":"max-snippet:-1","max-image-preview":"max-image-preview:large","max-video-preview":"max-video-preview:-1"},"canonical":"https:\/\/lindy.com\/it\/csr\/","og_locale":"it_IT","og_type":"article","og_title":"Lindy - CSR - Italian","og_description":"Sostenibilit\u00e0, CSR, responsabilit\u00e0 del prodotto e impegno sociale sono al centro dei nostri valori e della nostra cultura.","og_url":"https:\/\/lindy.com\/it\/csr\/","og_site_name":"Lindy - Italian","article_modified_time":"2025-10-07T14:36:27+00:00","og_image":[{"width":1920,"height":480,"url":"https:\/\/lindy.com\/it\/wp-content\/uploads\/sites\/5\/2025\/03\/Lindy-Building-Night.png","type":"image\/png"}],"twitter_card":"summary_large_image","twitter_misc":{"Tempo di lettura stimato":"4 minuti"},"schema":{"@context":"https:\/\/schema.org","@graph":[{"@type":"WebPage","@id":"https:\/\/lindy.com\/it\/csr\/","url":"https:\/\/lindy.com\/it\/csr\/","name":"Lindy - CSR - Italian","isPartOf":{"@id":"https:\/\/lindy.com\/it\/#website"},"primaryImageOfPage":{"@id":"https:\/\/lindy.com\/it\/csr\/#primaryimage"},"image":{"@id":"https:\/\/lindy.com\/it\/csr\/#primaryimage"},"thumbnailUrl":"https:\/\/lindy.com\/it\/wp-content\/uploads\/sites\/5\/2025\/03\/Lindy-Building-Night.png","datePublished":"2025-05-06T08:25:15+00:00","dateModified":"2025-10-07T14:36:27+00:00","description":"Sostenibilit\u00e0, CSR, responsabilit\u00e0 del prodotto e impegno sociale sono al centro dei nostri valori e della nostra cultura.","inLanguage":"it-IT","potentialAction":[{"@type":"ReadAction","target":["https:\/\/lindy.com\/it\/csr\/"]}]},{"@type":"ImageObject","inLanguage":"it-IT","@id":"https:\/\/lindy.com\/it\/csr\/#primaryimage","url":"https:\/\/lindy.com\/it\/wp-content\/uploads\/sites\/5\/2025\/03\/Lindy-Building-Night.png","contentUrl":"https:\/\/lindy.com\/it\/wp-content\/uploads\/sites\/5\/2025\/03\/Lindy-Building-Night.png","width":1920,"height":480},{"@type":"WebSite","@id":"https:\/\/lindy.com\/it\/#website","url":"https:\/\/lindy.com\/it\/","name":"Lindy - Italian","description":"Connection Perfection","potentialAction":[{"@type":"SearchAction","target":{"@type":"EntryPoint","urlTemplate":"https:\/\/lindy.com\/it\/?s={search_term_string}"},"query-input":{"@type":"PropertyValueSpecification","valueRequired":true,"valueName":"search_term_string"}}],"inLanguage":"it-IT"}]}},"_links":{"self":[{"href":"https:\/\/lindy.com\/it\/wp-json\/wp\/v2\/pages\/2877","targetHints":{"allow":["GET"]}}],"collection":[{"href":"https:\/\/lindy.com\/it\/wp-json\/wp\/v2\/pages"}],"about":[{"href":"https:\/\/lindy.com\/it\/wp-json\/wp\/v2\/types\/page"}],"author":[{"embeddable":true,"href":"https:\/\/lindy.com\/it\/wp-json\/wp\/v2\/users\/21"}],"replies":[{"embeddable":true,"href":"https:\/\/lindy.com\/it\/wp-json\/wp\/v2\/comments?post=2877"}],"version-history":[{"count":9,"href":"https:\/\/lindy.com\/it\/wp-json\/wp\/v2\/pages\/2877\/revisions"}],"predecessor-version":[{"id":3787,"href":"https:\/\/lindy.com\/it\/wp-json\/wp\/v2\/pages\/2877\/revisions\/3787"}],"wp:featuredmedia":[{"embeddable":true,"href":"https:\/\/lindy.com\/it\/wp-json\/wp\/v2\/media\/2874"}],"wp:attachment":[{"href":"https:\/\/lindy.com\/it\/wp-json\/wp\/v2\/media?parent=2877"}],"curies":[{"name":"wp","href":"https:\/\/api.w.org\/{rel}","templated":true}]}}