{"id":2881,"date":"2025-04-10T14:42:58","date_gmt":"2025-04-10T14:42:58","guid":{"rendered":"https:\/\/lindy.com\/it\/?page_id=2881"},"modified":"2026-01-05T13:26:19","modified_gmt":"2026-01-05T13:26:19","slug":"csr-foa","status":"publish","type":"page","link":"https:\/\/lindy.com\/it\/csr-foa\/","title":{"rendered":"CSR-FoA"},"content":{"rendered":"\n<section class=\"wp-block-lindy-image-text-module section section--full-width-image full-width-image--with-text theme--dark section--animation-none align--center  font--size-small\" style=\"background-image:url()\"><img decoding=\"async\" class=\"full-width-image__image\" src=\"\"\/><div class=\"contained\"><div class=\"full-width-image__content\"><h2 class=\"section__heading\"><span>Direzione<\/span><\/h2><h2 class=\"section__subheading section__subheading__title\">aziendale<\/h2><p class=\"section__paragraph\"><br\/>La responsabilit\u00e0 imprenditoriale \u00e8 profondamente radicata nei valori e nella cultura aziendale di Lindy. Ci assumiamo la responsabilit\u00e0 e contribuiamo, nei limiti dei nostri mezzi e delle nostre aree di influenza, al benessere e allo sviluppo sostenibile della societ\u00e0 in tutto il mondo. L&#8217;affidabilit\u00e0 e la trasparenza sono parte integrante di Lindy come il nostro nome, il nostro logo e la qualit\u00e0 dei nostri servizi e prodotti.<br\/><br\/>Il rispetto, la correttezza e l&#8217;affidabilit\u00e0 nelle nostre interazioni quotidiane con clienti, partner, dipendenti e colleghi sono tra gli standard etici pi\u00f9 elevati e fondamentali che sosteniamo.<br\/><br\/><strong><a href=\"https:\/\/lindy.com\/it\/vision-e-mission\/#values\" target=\"_blank\" rel=\"noreferrer noopener\">\u2022 I valori Lindy<\/a><\/strong><br\/>\u2022 <a href=\"https:\/\/lindy.com\/it\/compliance-information\/#corporate\" target=\"_blank\" rel=\"noreferrer noopener\"><strong>Codice di condotta per la responsabilit\u00e0 sociale<\/strong><\/a><br\/>\u2022 <a href=\"https:\/\/lindy.com\/it\/history\/\" target=\"_blank\" rel=\"noreferrer noopener\"><strong>Storia e successione<\/strong><\/a><\/p><a href=\"..\/csr\/#hf\" class=\"button button--white-transparent\" target=\"_self\" rel=\"noopener noreferrer\">torna alla pagina iniziale<\/a><\/div><\/div><\/section>\n\n\n\n<section id=\"products\" class=\"wp-block-lindy-anchor-section section section--anchor\"><\/section>\n\n\n\n<section class=\"wp-block-lindy-image-text-module section section--full-width-image full-width-image--with-text theme--light section--animation-none align--left  font--size-small width--half\" style=\"background-image:url()\"><img decoding=\"async\" class=\"full-width-image__image\" src=\"\"\/><div class=\"contained\"><div class=\"full-width-image__content\"><h2 class=\"section__heading\"><span>Responsabilit\u00e0<\/span><\/h2><h2 class=\"section__subheading section__subheading__title\">del prodotto<\/h2><p class=\"section__paragraph\"><br\/>Il nostro obiettivo \u00e8 fornire prodotti innovativi che soddisfino le richieste del mercato, attribuendo al contempo un valore elevato alla sostenibilit\u00e0 ecologica. Creando un equilibrio tra tecnologia e sostenibilit\u00e0, assicuriamo la conformit\u00e0 di ogni prodotto Lindy a rigorosi standard legali e ambientali, concentrandoci sulla sicurezza dei consumatori, sull&#8217;efficienza energetica e sulla riciclabilit\u00e0. I nostri collaudati processi di conformit\u00e0 garantiscono l&#8217;aderenza alle linee guida e alle normative, riflettendo il nostro impegno a ridurre al minimo l&#8217;impatto ambientale e a salvaguardare il benessere dei consumatori.<br\/><br\/>Siamo consapevoli delle sfide che il nostro settore deve affrontare per conciliare tecnologia all&#8217;avanguardia e sostenibilit\u00e0 e lavoriamo continuamente per rendere la nostra offerta di prodotti il pi\u00f9 sostenibile possibile. In Lindy ci sforziamo sempre di offrire prodotti di alta qualit\u00e0, sicuri e sostenibili, che soddisfino le esigenze dei nostri clienti e dell&#8217;ambiente.<br\/><br\/>\u2022   <a href=\"https:\/\/lindy.com\/it\/compliance-information\/#productcompliance\" target=\"_blank\" rel=\"noreferrer noopener\"><strong>Conformit\u00e0 dei prodotti e EPR<\/strong><\/a><br\/>\u2022   <a href=\"https:\/\/lindy.com\/it\/compliance-information\/#reach\" target=\"_blank\" rel=\"noreferrer noopener\"><strong>UE REACH e POP &#8211; Database SCIP<\/strong><\/a><br\/>\u2022   <a href=\"https:\/\/lindy.com\/it\/compliance-information\/#minerali-di-conflitto\" target=\"_blank\" rel=\"noreferrer noopener\"><strong>Minerali di conflitto<\/strong><\/a><br\/>  <\/p><a href=\"..\/csr\/#hf\" class=\"button button--dark\" target=\"_self\" rel=\"noopener noreferrer\">Torna alla pagina iniziale<\/a><\/div><\/div><\/section>\n\n\n\n<section class=\"wp-block-lindy-image-text-module section section--full-width-image full-width-image--with-text theme--light section--animation-none align--left  font--size-medium width--half\" style=\"background-image:url(https:\/\/lindy.com\/de\/wp-content\/uploads\/sites\/3\/2024\/12\/Produktverantwortung_HW.png)\"><img decoding=\"async\" class=\"full-width-image__image\" src=\"https:\/\/lindy.com\/de\/wp-content\/uploads\/sites\/3\/2024\/12\/Produktverantwortung_HW.png\"\/><div class=\"contained\"><div class=\"full-width-image__content\"><\/div><\/div><\/section>\n\n\n\n<section id=\"supply-chain\" class=\"wp-block-lindy-anchor-section section section--anchor\"><\/section>\n\n\n\n<section class=\"wp-block-lindy-image-text-module section section--full-width-image full-width-image--with-text theme--light section--animation-none align--left  font--size-medium width--half\" style=\"background-image:url(https:\/\/lindy.com\/de\/wp-content\/uploads\/sites\/3\/2024\/12\/Half-Width-image.png)\"><img decoding=\"async\" class=\"full-width-image__image\" src=\"https:\/\/lindy.com\/de\/wp-content\/uploads\/sites\/3\/2024\/12\/Half-Width-image.png\"\/><div class=\"contained\"><div class=\"full-width-image__content\"><\/div><\/div><\/section>\n\n\n\n<section class=\"wp-block-lindy-image-text-module section section--full-width-image full-width-image--with-text theme--light section--animation-none align--left  font--size-small width--half\" style=\"background-image:url()\"><img decoding=\"async\" class=\"full-width-image__image\" src=\"\"\/><div class=\"contained\"><div class=\"full-width-image__content\"><h2 class=\"section__heading\"><span>Catena di fornitura &amp; <\/span><\/h2><h2 class=\"section__subheading section__subheading__title\">Sourcing<\/h2><p class=\"section__paragraph\"><br\/>Per garantire la tutela dei diritti umani e dell&#8217;ambiente lungo tutta la nostra catena del valore, puntiamo a una trasparenza totale nella nostra catena di fornitura. I rapporti personali e di fiducia con i nostri produttori e partner sono di fondamentale importanza.<br\/><br\/>La nostra vasta gamma di prodotti, che comprende oltre 2.000 cavi e articoli elettronici, \u00e8 prodotta secondo le nostre specifiche a Taiwan e in Cina. A causa della complessit\u00e0 delle catene di fornitura, soprattutto per quanto riguarda i prodotti elettronici, l&#8217;approvvigionamento delle materie prime si estende spesso al di l\u00e0 della nostra influenza diretta e coinvolge pi\u00f9 fasi prima di raggiungere le fonderie o i produttori di metallo.<br\/><br\/>Insieme ai nostri fornitori, ci impegniamo a garantire e promuovere il rispetto dei diritti umani e la tutela dell&#8217;ambiente nell&#8217;ambito dei nostri mezzi e delle nostre aree di influenza.<br\/><br\/>\u2022 <a href=\"https:\/\/lindy.com\/it\/compliance-information\/#minerali-di-conflitto\" target=\"_blank\" rel=\"noreferrer noopener\"><strong>Minerali di conflitto (3TG)<\/strong><\/a><br\/>\u2022 <a href=\"https:\/\/lindy.com\/it\/compliance-information\/#responsibility\" target=\"_blank\" rel=\"noreferrer noopener\"><strong>Codice di condotta per la responsabilit\u00e0 sociale<\/strong><\/a><\/p><a href=\"..\/csr\/#hf\" class=\"button button--dark\" target=\"_self\" rel=\"noopener noreferrer\">Torna alla pagina iniziale<\/a><\/div><\/div><\/section>\n\n\n\n<section id=\"ambiente\" class=\"wp-block-lindy-anchor-section section section--anchor\"><\/section>\n\n\n\n<section class=\"wp-block-lindy-image-text-module section section--full-width-image full-width-image--with-text theme--dark section--animation-none align--left  font--size-small width--half\" style=\"background-image:url()\"><img decoding=\"async\" class=\"full-width-image__image\" src=\"\"\/><div class=\"contained\"><div class=\"full-width-image__content\"><h2 class=\"section__heading\"><span>Responsabilit\u00e0<\/span><\/h2><h2 class=\"section__subheading section__subheading__title\">ambientale<\/h2><p class=\"section__paragraph\"><br\/>Riconosciamo la nostra responsabilit\u00e0 nei confronti dell&#8217;ambiente e del pianeta e ci concentriamo su soluzioni efficienti e sostenibili in tutte le aree della nostra attivit\u00e0.<br\/><br\/>Lindy lavora costantemente per ridurre la propria impronta ecologica attraverso processi pi\u00f9 efficienti dal punto di vista energetico, imballaggi a risparmio di risorse e soluzioni di prodotto ecologiche. Il riciclaggio e la riduzione dei rifiuti fanno parte del nostro impegno ambientale tanto quanto la promozione di tecnologie sostenibili e il mantenimento di una sede aziendale eco-compatibile. Siamo convinti che il successo economico e la consapevolezza ambientale possano andare di pari passo e ci impegniamo costantemente per dare un contributo positivo al futuro del nostro pianeta.<br\/><br\/>\u2022 <a href=\"#products\"><strong>Responsabilit\u00e0 del prodotto<\/strong><\/a><br\/>\u2022 <a href=\"https:\/\/lindy.com\/it\/under-construction\/\" target=\"_blank\" rel=\"noreferrer noopener\"><strong>Imballaggio ecologico<\/strong><\/a><br\/>\u2022 <strong><a href=\"https:\/\/lindy.com\/it\/csr-ma\/\">Sede centrale a Mannheim<\/a><\/strong><br\/><br\/><\/p><a href=\"..\/csr\/#hf\" class=\"button button--white-transparent\" target=\"_self\" rel=\"noopener noreferrer\">TORNA ALLA PAGINA INIZIALE<\/a><\/div><\/div><\/section>\n\n\n\n<section class=\"wp-block-lindy-image-text-module section section--full-width-image full-width-image--with-text theme--dark section--animation-none align--left  font--size-medium width--half\" style=\"background-image:url(https:\/\/lindy.com\/de\/wp-content\/uploads\/sites\/3\/2024\/10\/3.png)\"><img decoding=\"async\" class=\"full-width-image__image\" src=\"https:\/\/lindy.com\/de\/wp-content\/uploads\/sites\/3\/2024\/10\/3.png\"\/><div class=\"contained\"><div class=\"full-width-image__content\"><\/div><\/div><\/section>\n\n\n\n<section id=\"dipendenti\" class=\"wp-block-lindy-anchor-section section section--anchor\"><\/section>\n\n\n\n<section class=\"wp-block-lindy-image-text-module section section--full-width-image full-width-image--with-text theme--light section--animation-none align--left  font--size-small width--half\" style=\"background-image:url(https:\/\/lindy.com\/it\/wp-content\/uploads\/sites\/5\/2025\/04\/Team.jpg)\"><img decoding=\"async\" class=\"full-width-image__image\" src=\"https:\/\/lindy.com\/it\/wp-content\/uploads\/sites\/5\/2025\/04\/Team.jpg\"\/><div class=\"contained\"><div class=\"full-width-image__content\"><\/div><\/div><\/section>\n\n\n\n<section class=\"wp-block-lindy-image-text-module section section--full-width-image full-width-image--with-text theme--light section--animation-none align--left  font--size-small width--half\" style=\"background-image:url()\"><img decoding=\"async\" class=\"full-width-image__image\" src=\"\"\/><div class=\"contained\"><div class=\"full-width-image__content\"><h2 class=\"section__heading\"><span>TEAM <\/span><\/h2><h2 class=\"section__subheading section__subheading__title\">LINDY<\/h2><p class=\"section__paragraph\"><br\/>Il nostro obiettivo non \u00e8 solo quello di attirare le persone a Lindy a breve termine, ma di ispirarle a lungo termine. Alla Lindy, nessuno \u00e8 solo un numero; ognuno \u00e8 una persona con molte sfaccettature e una parte cruciale del quadro generale.<br\/><br\/>Sosteniamo una cultura di feedback positivo e di gerarchie piatte. Diamo spazio all&#8217;assunzione di responsabilit\u00e0 e alla formazione attiva dei progressi. Investiamo in un ambiente di lavoro attraente, dove ogni persona pu\u00f2 contribuire pienamente e crescere in base alle proprie capacit\u00e0 e interessi. In cambio, cerchiamo dipendenti che sentano un legame a lungo termine con l&#8217;azienda e che si impegnino a contribuire attivamente al successo dell&#8217;azienda ogni giorno.<br\/><br\/>\u2022 <a href=\"https:\/\/lindy.com\/it\/csr-diversita\/\"><strong>Diversit\u00e0 e pari opportunit\u00e0<\/strong><\/a><br\/>\u2022 <a href=\"https:\/\/lindy.com\/it\/carriera\/\"><strong>Entrare a far parte del team Lindy<\/strong><\/a><br\/><br\/><\/p><a href=\"..\/csr\/#hf\" class=\"button button--dark\" target=\"_self\" rel=\"noopener noreferrer\">torna alla pagina iniziale<\/a><\/div><\/div><\/section>\n\n\n\n<section id=\"society\" class=\"wp-block-lindy-anchor-section section section--anchor\"><\/section>\n\n\n\n<section class=\"wp-block-lindy-image-text-module section section--full-width-image full-width-image--with-text theme--dark section--animation-none align--left  font--size-small width--half\" style=\"background-image:url()\"><img decoding=\"async\" class=\"full-width-image__image\" src=\"\"\/><div class=\"contained\"><div class=\"full-width-image__content\"><h2 class=\"section__heading\"><span>Impegno<\/span><\/h2><h2 class=\"section__subheading section__subheading__title\">sociale<\/h2><p class=\"section__paragraph\"><br\/>Consideriamo l&#8217;impegno sociale non solo come parte della nostra responsabilit\u00e0 aziendale, ma anche come una tradizione viva all&#8217;interno della famiglia fondatrice. Da questa tradizione \u00e8 nata nel 2011 la Lindy Foundation gGmbH. Nel corso degli anni, attraverso la Lindy Foundation abbiamo potuto sostenere diversi progetti in tutto il mondo, dando un contributo positivo alla societ\u00e0.<br\/><br\/>Gli scopi della Fondazione Lindy sono diversi e comprendono la promozione dell&#8217;assistenza ai giovani e agli anziani, il sostegno alle persone bisognose, l&#8217;avanzamento degli aiuti allo sviluppo, la cultura, l&#8217;istruzione e la protezione degli animali.<br\/><br\/>\u2022 <a href=\".\/csr-fondazione\"><strong>La Fondazione Lindy<\/strong><\/a><\/p><a href=\"..\/csr\/#hf\" class=\"button button--white-transparent\" target=\"_self\" rel=\"noopener noreferrer\">torna alla pagina iniziale<\/a><\/div><\/div><\/section>\n\n\n\n<section class=\"wp-block-lindy-image-text-module section section--full-width-image full-width-image--with-text theme--light section--animation-none align--left  font--size-small width--half\" style=\"background-image:url(https:\/\/lindy.com\/de\/wp-content\/uploads\/sites\/3\/2024\/10\/6.png)\"><img decoding=\"async\" class=\"full-width-image__image\" src=\"https:\/\/lindy.com\/de\/wp-content\/uploads\/sites\/3\/2024\/10\/6.png\"\/><div class=\"contained\"><div class=\"full-width-image__content\"><\/div><\/div><\/section>\n","protected":false},"excerpt":{"rendered":"","protected":false},"author":21,"featured_media":0,"parent":0,"menu_order":0,"comment_status":"closed","ping_status":"closed","template":"page-templates\/template-landing.php","meta":{"_acf_changed":false,"footnotes":""},"class_list":["post-2881","page","type-page","status-publish","hentry"],"acf":[],"yoast_head":"<!-- This site is optimized with the Yoast SEO plugin v26.6 - https:\/\/yoast.com\/wordpress\/plugins\/seo\/ -->\n<title>CSR-FoA - Lindy - Italian<\/title>\n<meta name=\"robots\" content=\"index, follow, max-snippet:-1, max-image-preview:large, max-video-preview:-1\" \/>\n<link rel=\"canonical\" href=\"https:\/\/lindy.com\/it\/csr-foa\/\" \/>\n<meta property=\"og:locale\" content=\"it_IT\" \/>\n<meta property=\"og:type\" content=\"article\" \/>\n<meta property=\"og:title\" content=\"CSR-FoA - Lindy - Italian\" \/>\n<meta property=\"og:url\" content=\"https:\/\/lindy.com\/it\/csr-foa\/\" \/>\n<meta property=\"og:site_name\" content=\"Lindy - Italian\" \/>\n<meta property=\"article:modified_time\" content=\"2026-01-05T13:26:19+00:00\" \/>\n<meta property=\"og:image\" content=\"https:\/\/lindy.com\/de\/wp-content\/uploads\/sites\/3\/2024\/12\/Produktverantwortung_HW.png\" \/>\n<meta name=\"twitter:card\" content=\"summary_large_image\" \/>\n<meta name=\"twitter:label1\" content=\"Tempo di lettura stimato\" \/>\n\t<meta name=\"twitter:data1\" content=\"7 minuti\" \/>\n<script type=\"application\/ld+json\" class=\"yoast-schema-graph\">{\"@context\":\"https:\/\/schema.org\",\"@graph\":[{\"@type\":\"WebPage\",\"@id\":\"https:\/\/lindy.com\/it\/csr-foa\/\",\"url\":\"https:\/\/lindy.com\/it\/csr-foa\/\",\"name\":\"CSR-FoA - Lindy - Italian\",\"isPartOf\":{\"@id\":\"https:\/\/lindy.com\/it\/#website\"},\"primaryImageOfPage\":{\"@id\":\"https:\/\/lindy.com\/it\/csr-foa\/#primaryimage\"},\"image\":{\"@id\":\"https:\/\/lindy.com\/it\/csr-foa\/#primaryimage\"},\"thumbnailUrl\":\"https:\/\/lindy.com\/de\/wp-content\/uploads\/sites\/3\/2024\/12\/Produktverantwortung_HW.png\",\"datePublished\":\"2025-04-10T14:42:58+00:00\",\"dateModified\":\"2026-01-05T13:26:19+00:00\",\"breadcrumb\":{\"@id\":\"https:\/\/lindy.com\/it\/csr-foa\/#breadcrumb\"},\"inLanguage\":\"it-IT\",\"potentialAction\":[{\"@type\":\"ReadAction\",\"target\":[\"https:\/\/lindy.com\/it\/csr-foa\/\"]}]},{\"@type\":\"ImageObject\",\"inLanguage\":\"it-IT\",\"@id\":\"https:\/\/lindy.com\/it\/csr-foa\/#primaryimage\",\"url\":\"https:\/\/lindy.com\/de\/wp-content\/uploads\/sites\/3\/2024\/12\/Produktverantwortung_HW.png\",\"contentUrl\":\"https:\/\/lindy.com\/de\/wp-content\/uploads\/sites\/3\/2024\/12\/Produktverantwortung_HW.png\"},{\"@type\":\"BreadcrumbList\",\"@id\":\"https:\/\/lindy.com\/it\/csr-foa\/#breadcrumb\",\"itemListElement\":[{\"@type\":\"ListItem\",\"position\":1,\"name\":\"Home\",\"item\":\"https:\/\/lindy.com\/it\/\"},{\"@type\":\"ListItem\",\"position\":2,\"name\":\"CSR-FoA\"}]},{\"@type\":\"WebSite\",\"@id\":\"https:\/\/lindy.com\/it\/#website\",\"url\":\"https:\/\/lindy.com\/it\/\",\"name\":\"Lindy - Italian\",\"description\":\"Connection Perfection\",\"potentialAction\":[{\"@type\":\"SearchAction\",\"target\":{\"@type\":\"EntryPoint\",\"urlTemplate\":\"https:\/\/lindy.com\/it\/?s={search_term_string}\"},\"query-input\":{\"@type\":\"PropertyValueSpecification\",\"valueRequired\":true,\"valueName\":\"search_term_string\"}}],\"inLanguage\":\"it-IT\"}]}<\/script>\n<!-- \/ Yoast SEO plugin. -->","yoast_head_json":{"title":"CSR-FoA - Lindy - Italian","robots":{"index":"index","follow":"follow","max-snippet":"max-snippet:-1","max-image-preview":"max-image-preview:large","max-video-preview":"max-video-preview:-1"},"canonical":"https:\/\/lindy.com\/it\/csr-foa\/","og_locale":"it_IT","og_type":"article","og_title":"CSR-FoA - Lindy - Italian","og_url":"https:\/\/lindy.com\/it\/csr-foa\/","og_site_name":"Lindy - Italian","article_modified_time":"2026-01-05T13:26:19+00:00","og_image":[{"url":"https:\/\/lindy.com\/de\/wp-content\/uploads\/sites\/3\/2024\/12\/Produktverantwortung_HW.png","type":"","width":"","height":""}],"twitter_card":"summary_large_image","twitter_misc":{"Tempo di lettura stimato":"7 minuti"},"schema":{"@context":"https:\/\/schema.org","@graph":[{"@type":"WebPage","@id":"https:\/\/lindy.com\/it\/csr-foa\/","url":"https:\/\/lindy.com\/it\/csr-foa\/","name":"CSR-FoA - Lindy - Italian","isPartOf":{"@id":"https:\/\/lindy.com\/it\/#website"},"primaryImageOfPage":{"@id":"https:\/\/lindy.com\/it\/csr-foa\/#primaryimage"},"image":{"@id":"https:\/\/lindy.com\/it\/csr-foa\/#primaryimage"},"thumbnailUrl":"https:\/\/lindy.com\/de\/wp-content\/uploads\/sites\/3\/2024\/12\/Produktverantwortung_HW.png","datePublished":"2025-04-10T14:42:58+00:00","dateModified":"2026-01-05T13:26:19+00:00","breadcrumb":{"@id":"https:\/\/lindy.com\/it\/csr-foa\/#breadcrumb"},"inLanguage":"it-IT","potentialAction":[{"@type":"ReadAction","target":["https:\/\/lindy.com\/it\/csr-foa\/"]}]},{"@type":"ImageObject","inLanguage":"it-IT","@id":"https:\/\/lindy.com\/it\/csr-foa\/#primaryimage","url":"https:\/\/lindy.com\/de\/wp-content\/uploads\/sites\/3\/2024\/12\/Produktverantwortung_HW.png","contentUrl":"https:\/\/lindy.com\/de\/wp-content\/uploads\/sites\/3\/2024\/12\/Produktverantwortung_HW.png"},{"@type":"BreadcrumbList","@id":"https:\/\/lindy.com\/it\/csr-foa\/#breadcrumb","itemListElement":[{"@type":"ListItem","position":1,"name":"Home","item":"https:\/\/lindy.com\/it\/"},{"@type":"ListItem","position":2,"name":"CSR-FoA"}]},{"@type":"WebSite","@id":"https:\/\/lindy.com\/it\/#website","url":"https:\/\/lindy.com\/it\/","name":"Lindy - Italian","description":"Connection Perfection","potentialAction":[{"@type":"SearchAction","target":{"@type":"EntryPoint","urlTemplate":"https:\/\/lindy.com\/it\/?s={search_term_string}"},"query-input":{"@type":"PropertyValueSpecification","valueRequired":true,"valueName":"search_term_string"}}],"inLanguage":"it-IT"}]}},"_links":{"self":[{"href":"https:\/\/lindy.com\/it\/wp-json\/wp\/v2\/pages\/2881","targetHints":{"allow":["GET"]}}],"collection":[{"href":"https:\/\/lindy.com\/it\/wp-json\/wp\/v2\/pages"}],"about":[{"href":"https:\/\/lindy.com\/it\/wp-json\/wp\/v2\/types\/page"}],"author":[{"embeddable":true,"href":"https:\/\/lindy.com\/it\/wp-json\/wp\/v2\/users\/21"}],"replies":[{"embeddable":true,"href":"https:\/\/lindy.com\/it\/wp-json\/wp\/v2\/comments?post=2881"}],"version-history":[{"count":23,"href":"https:\/\/lindy.com\/it\/wp-json\/wp\/v2\/pages\/2881\/revisions"}],"predecessor-version":[{"id":4301,"href":"https:\/\/lindy.com\/it\/wp-json\/wp\/v2\/pages\/2881\/revisions\/4301"}],"wp:attachment":[{"href":"https:\/\/lindy.com\/it\/wp-json\/wp\/v2\/media?parent=2881"}],"curies":[{"name":"wp","href":"https:\/\/api.w.org\/{rel}","templated":true}]}}