{"id":2887,"date":"2025-05-06T12:08:45","date_gmt":"2025-05-06T12:08:45","guid":{"rendered":"https:\/\/lindy.com\/it\/?page_id=2887"},"modified":"2025-06-05T09:36:19","modified_gmt":"2025-06-05T09:36:19","slug":"csr-diversita","status":"publish","type":"page","link":"https:\/\/lindy.com\/it\/csr-diversita\/","title":{"rendered":"CSR-DIVERSIT\u00c0"},"content":{"rendered":"\n<section class=\"wp-block-lindy-image-text-module section section--full-width-image full-width-image--with-text theme--dark section--animation-none align--left  font--size-medium width--half\" style=\"background-image:url(https:\/\/lindy.com\/de\/wp-content\/uploads\/sites\/3\/2024\/12\/Welcome.png)\"><img decoding=\"async\" class=\"full-width-image__image\" src=\"https:\/\/lindy.com\/de\/wp-content\/uploads\/sites\/3\/2024\/12\/Welcome.png\"\/><div class=\"contained\"><div class=\"full-width-image__content\"><\/div><\/div><\/section>\n\n\n\n<section class=\"wp-block-lindy-image-text-module section section--full-width-image full-width-image--with-text theme--light section--animation-none align--left  font--size-medium width--half\" style=\"background-image:url()\"><img decoding=\"async\" class=\"full-width-image__image\" src=\"\"\/><div class=\"contained\"><div class=\"full-width-image__content\"><h2 class=\"section__heading\"><span>Pari opportunit\u00e0<\/span><\/h2><h2 class=\"section__subheading section__subheading__title\">e diversit\u00e0<\/h2><p class=\"section__paragraph\"><br\/>Per noi la diversit\u00e0 delle persone in Lindy \u00e8 una grande risorsa e una chiave per il successo dei team. Apprezziamo i dipendenti che contribuiscono attivamente alla nostra azienda con le loro prospettive, competenze ed esperienze uniche.<br\/><br\/><br\/><\/p><\/div><\/div><\/section>\n\n\n\n<section class=\"wp-block-lindy-image-text-module section section--full-width-image full-width-image--with-text theme--light section--animation-none align--right  font--size-medium width--half\" style=\"background-image:url()\"><img decoding=\"async\" class=\"full-width-image__image\" src=\"\"\/><div class=\"contained\"><div class=\"full-width-image__content\"><p class=\"section__paragraph\"><br\/><br\/>Le pari opportunit\u00e0 e la diversit\u00e0 sono valori vivi in Lindy, che si riflettono in un ambiente di lavoro rispettoso, equo e aperto. Ci aspettiamo che tutti i dipendenti condividano questi valori e promuovano una cultura del lavoro caratterizzata dal rispetto reciproco.<br\/>I nostri leader hanno una responsabilit\u00e0 particolare: fungono da modelli di ruolo e sostengono attivamente l&#8217;attuazione e la promozione dei nostri valori all&#8217;interno dei loro team.<\/p><a href=\".\/CSR-FOA#dipendenti\" class=\"button button--dark\" target=\"_self\" rel=\"noopener noreferrer\">torna indietro<\/a><\/div><\/div><\/section>\n\n\n\n<section class=\"wp-block-lindy-image-text-module section section--full-width-image full-width-image--with-text theme--dark section--animation-none align--left  font--size-medium width--half\" style=\"background-image:url(https:\/\/lindy.com\/de\/wp-content\/uploads\/sites\/3\/2024\/12\/Schuhe.jpg)\"><img decoding=\"async\" class=\"full-width-image__image\" src=\"https:\/\/lindy.com\/de\/wp-content\/uploads\/sites\/3\/2024\/12\/Schuhe.jpg\"\/><div class=\"contained\"><div class=\"full-width-image__content\"><\/div><\/div><\/section>\n\n\n\n<section class=\"wp-block-lindy-image-text-module section section--full-width-image full-width-image--with-text theme--light section--animation-none align--left  font--size-medium width--half\" style=\"background-image:url(https:\/\/lindy.com\/de\/wp-content\/uploads\/sites\/3\/2024\/12\/Vilefalt.png)\"><img decoding=\"async\" class=\"full-width-image__image\" src=\"https:\/\/lindy.com\/de\/wp-content\/uploads\/sites\/3\/2024\/12\/Vilefalt.png\"\/><div class=\"contained\"><div class=\"full-width-image__content\"><\/div><\/div><\/section>\n\n\n\n<section class=\"wp-block-lindy-image-text-module section section--full-width-image full-width-image--with-text theme--dark section--animation-none align--left  font--size-medium width--half\" style=\"background-image:url()\"><img decoding=\"async\" class=\"full-width-image__image\" src=\"\"\/><div class=\"contained\"><div class=\"full-width-image__content\"><p class=\"section__paragraph\"><br\/><br\/><br\/>Prendiamo una posizione chiara contro tutte le forme di discriminazione. Ci\u00f2 include, tra l&#8217;altro, la discriminazione basata su genere, identit\u00e0 di genere, orientamento sessuale, et\u00e0, religione, etnia, nazionalit\u00e0, malattia o disabilit\u00e0. Alla Lindy l&#8217;individuo \u00e8 al centro, con tutte le sue sfaccettature e i suoi punti di forza.<\/p><\/div><\/div><\/section>\n\n\n\n<section class=\"wp-block-lindy-image-text-module section section--full-width-image full-width-image--with-text theme--dark section--animation-none align--right  font--size-medium width--half\" style=\"background-image:url()\"><img decoding=\"async\" class=\"full-width-image__image\" src=\"\"\/><div class=\"contained\"><div class=\"full-width-image__content\"><h2 class=\"section__heading\"><span>donne in<\/span><\/h2><h2 class=\"section__subheading section__subheading__title\">Posizioni di leadership<\/h2><p class=\"section__paragraph\"><br\/>Siamo lieti che il 44% del nostro team di leadership in Germania sia composto da donne, mentre la media nazionale \u00e8 solo del 28%. Questo dimostra sia il nostro impegno nel promuovere le donne in posizioni di leadership, sia la diversit\u00e0 e la forza della nostra organizzazione. (Dato aggiornato al 04\/2024)<\/p><a href=\".\/csr\/#hf\" class=\"button button--white-transparent\" target=\"_self\" rel=\"noopener noreferrer\">Pagina iniziale<\/a><\/div><\/div><\/section>\n\n\n\n<section class=\"wp-block-lindy-image-text-module section section--full-width-image full-width-image--with-text theme--light section--animation-none align--left  font--size-medium width--half\" style=\"background-image:url(https:\/\/lindy.com\/de\/wp-content\/uploads\/sites\/3\/2024\/12\/Weltfrauentag_2.png)\"><img decoding=\"async\" class=\"full-width-image__image\" src=\"https:\/\/lindy.com\/de\/wp-content\/uploads\/sites\/3\/2024\/12\/Weltfrauentag_2.png\"\/><div class=\"contained\"><div class=\"full-width-image__content\"><\/div><\/div><\/section>\n","protected":false},"excerpt":{"rendered":"","protected":false},"author":21,"featured_media":0,"parent":0,"menu_order":0,"comment_status":"closed","ping_status":"closed","template":"page-templates\/template-landing.php","meta":{"_acf_changed":false,"footnotes":""},"class_list":["post-2887","page","type-page","status-publish","hentry"],"acf":[],"yoast_head":"<!-- This site is optimized with the Yoast SEO plugin v26.6 - https:\/\/yoast.com\/wordpress\/plugins\/seo\/ -->\n<title>CSR-DIVERSIT\u00c0 - Lindy - Italian<\/title>\n<meta name=\"robots\" content=\"index, follow, max-snippet:-1, max-image-preview:large, max-video-preview:-1\" \/>\n<link rel=\"canonical\" href=\"https:\/\/lindy.com\/it\/csr-diversita\/\" \/>\n<meta property=\"og:locale\" content=\"it_IT\" \/>\n<meta property=\"og:type\" content=\"article\" \/>\n<meta property=\"og:title\" content=\"CSR-DIVERSIT\u00c0 - Lindy - Italian\" \/>\n<meta property=\"og:url\" content=\"https:\/\/lindy.com\/it\/csr-diversita\/\" \/>\n<meta property=\"og:site_name\" content=\"Lindy - Italian\" \/>\n<meta property=\"article:modified_time\" content=\"2025-06-05T09:36:19+00:00\" \/>\n<meta property=\"og:image\" content=\"https:\/\/lindy.com\/de\/wp-content\/uploads\/sites\/3\/2024\/12\/Welcome.png\" \/>\n<meta name=\"twitter:card\" content=\"summary_large_image\" \/>\n<meta name=\"twitter:label1\" content=\"Tempo di lettura stimato\" \/>\n\t<meta name=\"twitter:data1\" content=\"3 minuti\" \/>\n<script type=\"application\/ld+json\" class=\"yoast-schema-graph\">{\"@context\":\"https:\/\/schema.org\",\"@graph\":[{\"@type\":\"WebPage\",\"@id\":\"https:\/\/lindy.com\/it\/csr-diversita\/\",\"url\":\"https:\/\/lindy.com\/it\/csr-diversita\/\",\"name\":\"CSR-DIVERSIT\u00c0 - Lindy - Italian\",\"isPartOf\":{\"@id\":\"https:\/\/lindy.com\/it\/#website\"},\"primaryImageOfPage\":{\"@id\":\"https:\/\/lindy.com\/it\/csr-diversita\/#primaryimage\"},\"image\":{\"@id\":\"https:\/\/lindy.com\/it\/csr-diversita\/#primaryimage\"},\"thumbnailUrl\":\"https:\/\/lindy.com\/de\/wp-content\/uploads\/sites\/3\/2024\/12\/Welcome.png\",\"datePublished\":\"2025-05-06T12:08:45+00:00\",\"dateModified\":\"2025-06-05T09:36:19+00:00\",\"breadcrumb\":{\"@id\":\"https:\/\/lindy.com\/it\/csr-diversita\/#breadcrumb\"},\"inLanguage\":\"it-IT\",\"potentialAction\":[{\"@type\":\"ReadAction\",\"target\":[\"https:\/\/lindy.com\/it\/csr-diversita\/\"]}]},{\"@type\":\"ImageObject\",\"inLanguage\":\"it-IT\",\"@id\":\"https:\/\/lindy.com\/it\/csr-diversita\/#primaryimage\",\"url\":\"https:\/\/lindy.com\/de\/wp-content\/uploads\/sites\/3\/2024\/12\/Welcome.png\",\"contentUrl\":\"https:\/\/lindy.com\/de\/wp-content\/uploads\/sites\/3\/2024\/12\/Welcome.png\"},{\"@type\":\"BreadcrumbList\",\"@id\":\"https:\/\/lindy.com\/it\/csr-diversita\/#breadcrumb\",\"itemListElement\":[{\"@type\":\"ListItem\",\"position\":1,\"name\":\"Home\",\"item\":\"https:\/\/lindy.com\/it\/\"},{\"@type\":\"ListItem\",\"position\":2,\"name\":\"CSR-DIVERSIT\u00c0\"}]},{\"@type\":\"WebSite\",\"@id\":\"https:\/\/lindy.com\/it\/#website\",\"url\":\"https:\/\/lindy.com\/it\/\",\"name\":\"Lindy - Italian\",\"description\":\"Connection Perfection\",\"potentialAction\":[{\"@type\":\"SearchAction\",\"target\":{\"@type\":\"EntryPoint\",\"urlTemplate\":\"https:\/\/lindy.com\/it\/?s={search_term_string}\"},\"query-input\":{\"@type\":\"PropertyValueSpecification\",\"valueRequired\":true,\"valueName\":\"search_term_string\"}}],\"inLanguage\":\"it-IT\"}]}<\/script>\n<!-- \/ Yoast SEO plugin. -->","yoast_head_json":{"title":"CSR-DIVERSIT\u00c0 - Lindy - Italian","robots":{"index":"index","follow":"follow","max-snippet":"max-snippet:-1","max-image-preview":"max-image-preview:large","max-video-preview":"max-video-preview:-1"},"canonical":"https:\/\/lindy.com\/it\/csr-diversita\/","og_locale":"it_IT","og_type":"article","og_title":"CSR-DIVERSIT\u00c0 - Lindy - Italian","og_url":"https:\/\/lindy.com\/it\/csr-diversita\/","og_site_name":"Lindy - Italian","article_modified_time":"2025-06-05T09:36:19+00:00","og_image":[{"url":"https:\/\/lindy.com\/de\/wp-content\/uploads\/sites\/3\/2024\/12\/Welcome.png","type":"","width":"","height":""}],"twitter_card":"summary_large_image","twitter_misc":{"Tempo di lettura stimato":"3 minuti"},"schema":{"@context":"https:\/\/schema.org","@graph":[{"@type":"WebPage","@id":"https:\/\/lindy.com\/it\/csr-diversita\/","url":"https:\/\/lindy.com\/it\/csr-diversita\/","name":"CSR-DIVERSIT\u00c0 - Lindy - Italian","isPartOf":{"@id":"https:\/\/lindy.com\/it\/#website"},"primaryImageOfPage":{"@id":"https:\/\/lindy.com\/it\/csr-diversita\/#primaryimage"},"image":{"@id":"https:\/\/lindy.com\/it\/csr-diversita\/#primaryimage"},"thumbnailUrl":"https:\/\/lindy.com\/de\/wp-content\/uploads\/sites\/3\/2024\/12\/Welcome.png","datePublished":"2025-05-06T12:08:45+00:00","dateModified":"2025-06-05T09:36:19+00:00","breadcrumb":{"@id":"https:\/\/lindy.com\/it\/csr-diversita\/#breadcrumb"},"inLanguage":"it-IT","potentialAction":[{"@type":"ReadAction","target":["https:\/\/lindy.com\/it\/csr-diversita\/"]}]},{"@type":"ImageObject","inLanguage":"it-IT","@id":"https:\/\/lindy.com\/it\/csr-diversita\/#primaryimage","url":"https:\/\/lindy.com\/de\/wp-content\/uploads\/sites\/3\/2024\/12\/Welcome.png","contentUrl":"https:\/\/lindy.com\/de\/wp-content\/uploads\/sites\/3\/2024\/12\/Welcome.png"},{"@type":"BreadcrumbList","@id":"https:\/\/lindy.com\/it\/csr-diversita\/#breadcrumb","itemListElement":[{"@type":"ListItem","position":1,"name":"Home","item":"https:\/\/lindy.com\/it\/"},{"@type":"ListItem","position":2,"name":"CSR-DIVERSIT\u00c0"}]},{"@type":"WebSite","@id":"https:\/\/lindy.com\/it\/#website","url":"https:\/\/lindy.com\/it\/","name":"Lindy - Italian","description":"Connection Perfection","potentialAction":[{"@type":"SearchAction","target":{"@type":"EntryPoint","urlTemplate":"https:\/\/lindy.com\/it\/?s={search_term_string}"},"query-input":{"@type":"PropertyValueSpecification","valueRequired":true,"valueName":"search_term_string"}}],"inLanguage":"it-IT"}]}},"_links":{"self":[{"href":"https:\/\/lindy.com\/it\/wp-json\/wp\/v2\/pages\/2887","targetHints":{"allow":["GET"]}}],"collection":[{"href":"https:\/\/lindy.com\/it\/wp-json\/wp\/v2\/pages"}],"about":[{"href":"https:\/\/lindy.com\/it\/wp-json\/wp\/v2\/types\/page"}],"author":[{"embeddable":true,"href":"https:\/\/lindy.com\/it\/wp-json\/wp\/v2\/users\/21"}],"replies":[{"embeddable":true,"href":"https:\/\/lindy.com\/it\/wp-json\/wp\/v2\/comments?post=2887"}],"version-history":[{"count":5,"href":"https:\/\/lindy.com\/it\/wp-json\/wp\/v2\/pages\/2887\/revisions"}],"predecessor-version":[{"id":3428,"href":"https:\/\/lindy.com\/it\/wp-json\/wp\/v2\/pages\/2887\/revisions\/3428"}],"wp:attachment":[{"href":"https:\/\/lindy.com\/it\/wp-json\/wp\/v2\/media?parent=2887"}],"curies":[{"name":"wp","href":"https:\/\/api.w.org\/{rel}","templated":true}]}}