{"id":2898,"date":"2025-05-06T12:07:36","date_gmt":"2025-05-06T12:07:36","guid":{"rendered":"https:\/\/lindy.com\/it\/?page_id=2898"},"modified":"2025-05-06T13:25:02","modified_gmt":"2025-05-06T13:25:02","slug":"csr-ma","status":"publish","type":"page","link":"https:\/\/lindy.com\/it\/csr-ma\/","title":{"rendered":"CSR-MA"},"content":{"rendered":"\n<section id=\"inhalt\" class=\"wp-block-lindy-anchor-section section section--anchor\"><\/section>\n\n\n\n<section class=\"wp-block-lindy-image-text-module section section--full-width-image full-width-image--with-text theme--light section--animation-none align--left  font--size-medium width--half\" style=\"background-image:url()\"><img decoding=\"async\" class=\"full-width-image__image\" src=\"\"\/><div class=\"contained\"><div class=\"full-width-image__content\"><h2 class=\"section__heading\"><span>Tecnologia<\/span><\/h2><h2 class=\"section__subheading section__subheading__title\">per l&#8217;edilizia sostenibile<\/h2><p class=\"section__paragraph\"><br\/><br\/>Nella nostra sede centrale di Mannheim, Lindy punta su soluzioni responsabili dal punto di vista ambientale e sociale. Il nostro moderno edificio per uffici \u00e8 dotato di un impianto di cogenerazione e di un impianto fotovoltaico.<br\/><br\/><strong>\u2022 <a href=\"#bhkw\">CHP (Combinazione di calore ed energia)<\/a><br\/>\u2022 <a href=\"#pv\">Fotovoltaico<\/a><\/strong> <strong>     <br\/>\u2022 <a href=\"#e-mobil\">Stazioni di ricarica<\/a><br\/>\u2022 <a href=\"#lebensraum\">Biodiversit\u00e0<\/a><\/strong><\/p><a href=\".\/CSR-FOA#ambiente\" class=\"button button--dark\" target=\"_self\" rel=\"noopener noreferrer\">torna indietro<\/a><\/div><\/div><\/section>\n\n\n\n<section class=\"wp-block-lindy-image-text-module section section--full-width-image full-width-image--with-text theme--light section--animation-none align--left  font--size-medium width--half\" style=\"background-image:url(https:\/\/lindy.com\/de\/wp-content\/uploads\/sites\/3\/2024\/12\/Solar-Panels.png)\"><img decoding=\"async\" class=\"full-width-image__image\" src=\"https:\/\/lindy.com\/de\/wp-content\/uploads\/sites\/3\/2024\/12\/Solar-Panels.png\"\/><div class=\"contained\"><div class=\"full-width-image__content\"><\/div><\/div><\/section>\n\n\n\n<section id=\"bhkw\" class=\"wp-block-lindy-anchor-section section section--anchor\"><\/section>\n\n\n\n<section class=\"wp-block-lindy-image-text-module section section--full-width-image full-width-image--with-text theme--dark section--animation-none align--left  font--size-large width--half\" style=\"background-image:url(https:\/\/lindy.com\/de\/wp-content\/uploads\/sites\/3\/2024\/12\/BHKW-1.png)\"><img decoding=\"async\" class=\"full-width-image__image\" src=\"https:\/\/lindy.com\/de\/wp-content\/uploads\/sites\/3\/2024\/12\/BHKW-1.png\"\/><div class=\"contained\"><div class=\"full-width-image__content\"><\/div><\/div><\/section>\n\n\n\n<section class=\"wp-block-lindy-image-text-module section section--full-width-image full-width-image--with-text theme--light section--animation-none align--left  font--size-medium width--half\" style=\"background-image:url()\"><img decoding=\"async\" class=\"full-width-image__image\" src=\"\"\/><div class=\"contained\"><div class=\"full-width-image__content\"><h2 class=\"section__subheading section__subheading__title\">cogenerazione<\/h2><p class=\"section__paragraph\"><br\/><br\/>L&#8217;impianto di cogenerazione funziona secondo il principio della cogenerazione, utilizzando in modo efficiente il gas naturale per generare elettricit\u00e0 e riutilizzando il calore di scarto per il riscaldamento degli edifici. In questo modo si riducono le emissioni di CO\u2082 di circa il 30% rispetto ai metodi convenzionali di riscaldamento e generazione di energia. La cogenerazione da sola genera gi\u00e0 quasi il 10% di energia in pi\u00f9 rispetto al nostro consumo medio annuo. Insieme al nostro impianto fotovoltaico (vedi sezione successiva), produciamo un significativo surplus di energia.<br\/><br\/><br\/><\/p><a href=\"#inhalt\" class=\"button button--dark\" target=\"_self\" rel=\"noopener noreferrer\">Torna all&#8217;inizio<\/a><\/div><\/div><\/section>\n\n\n\n<section id=\"pv\" class=\"wp-block-lindy-anchor-section section section--anchor\"><\/section>\n\n\n\n<section class=\"wp-block-lindy-image-text-module section section--full-width-image full-width-image--with-text theme--light section--animation-none align--left  font--size-medium width--half\" style=\"background-image:url()\"><img decoding=\"async\" class=\"full-width-image__image\" src=\"\"\/><div class=\"contained\"><div class=\"full-width-image__content\"><h2 class=\"section__subheading section__subheading__title\">Immissione in rete<\/h2><p class=\"section__paragraph\"><br\/><br\/><br\/><br\/>L&#8217;impianto fotovoltaico sul tetto in vetro converte l&#8217;energia solare in elettricit\u00e0 ecologica. In media, circa il 55% del nostro fabbisogno energetico annuale \u00e8 coperto dall&#8217;impianto fotovoltaico. In combinazione con il CHP, l&#8217;impianto fotovoltaico genera un surplus pari a circa il 63% del nostro consumo energetico annuale, che viene immesso nella rete elettrica. L&#8217;impianto copre quasi il 22% della superficie del tetto del nostro edificio principale e genera 55.3 kW<sub>p<\/sub>.<br\/><br\/><br\/><br\/><br\/><br\/><br\/><\/p><a href=\"#inhalt\" class=\"button button--dark\" target=\"_self\" rel=\"noopener noreferrer\">torna all&#8217;inizio<\/a><\/div><\/div><\/section>\n\n\n\n<section class=\"wp-block-lindy-image-text-module section section--full-width-image full-width-image--with-text theme--light section--animation-none align--left  font--size-medium width--half\" style=\"background-image:url(https:\/\/lindy.com\/de\/wp-content\/uploads\/sites\/3\/2024\/12\/PV-MA.png)\"><img decoding=\"async\" class=\"full-width-image__image\" src=\"https:\/\/lindy.com\/de\/wp-content\/uploads\/sites\/3\/2024\/12\/PV-MA.png\"\/><div class=\"contained\"><div class=\"full-width-image__content\"><\/div><\/div><\/section>\n\n\n\n<section id=\"e-mobil\" class=\"wp-block-lindy-anchor-section section section--anchor\"><\/section>\n\n\n\n<section class=\"wp-block-lindy-image-text-module section section--full-width-image full-width-image--with-text theme--light section--animation-none align--left  font--size-medium width--half\" style=\"background-image:url(https:\/\/lindy.com\/de\/wp-content\/uploads\/sites\/3\/2024\/12\/E-Mobilitaet.png)\"><img decoding=\"async\" class=\"full-width-image__image\" src=\"https:\/\/lindy.com\/de\/wp-content\/uploads\/sites\/3\/2024\/12\/E-Mobilitaet.png\"\/><div class=\"contained\"><div class=\"full-width-image__content\"><\/div><\/div><\/section>\n\n\n\n<section class=\"wp-block-lindy-image-text-module section section--full-width-image full-width-image--with-text theme--dark section--animation-none align--left  font--size-medium width--half\" style=\"background-image:url()\"><img decoding=\"async\" class=\"full-width-image__image\" src=\"\"\/><div class=\"contained\"><div class=\"full-width-image__content\"><h2 class=\"section__subheading section__subheading__title\">Mobilit\u00e0 elettrica<\/h2><p class=\"section__paragraph\"><br\/><br\/><br\/>Promuoviamo la mobilit\u00e0 elettrica con stazioni di ricarica per veicoli elettrici nei nostri locali aziendali.<br\/>I dipendenti Lindy possono ricaricare comodamente i loro veicoli elettrici in loco a costi contenuti. Parte della rete di veicoli Lindy \u00e8 gi\u00e0 stata convertita alla mobilit\u00e0 elettrica.<br\/><br\/><br\/><br\/><\/p><a href=\"#inhalt\" class=\"button button--white-transparent\" target=\"_self\" rel=\"noopener noreferrer\">torna all&#8217;inizio<\/a><\/div><\/div><\/section>\n\n\n\n<section id=\"lebensraum\" class=\"wp-block-lindy-anchor-section section section--anchor\"><\/section>\n\n\n\n<section class=\"wp-block-lindy-image-text-module section section--full-width-image full-width-image--with-text theme--light section--animation-none align--left  font--size-medium width--half\" style=\"background-image:url()\"><img decoding=\"async\" class=\"full-width-image__image\" src=\"\"\/><div class=\"contained\"><div class=\"full-width-image__content\"><h2 class=\"section__subheading section__subheading__title\">Habitat<\/h2><p class=\"section__paragraph\"><br\/><br\/><br\/>I nostri spazi verdi contribuiscono alla biodiversit\u00e0 con prati fioriti e siepi di lavanda che favoriscono gli insetti. Forniscono habitat alla fauna selvatica e promuovono la diversit\u00e0 delle specie.<br\/><br\/><br\/><br\/><\/p><a href=\"#inhalt\" class=\"button button--dark\" target=\"_self\" rel=\"noopener noreferrer\">torna all&#8217;inizio<\/a><\/div><\/div><\/section>\n\n\n\n<section class=\"wp-block-lindy-image-text-module section section--full-width-image full-width-image--with-text theme--light section--animation-none align--left  font--size-medium width--half\" style=\"background-image:url(https:\/\/lindy.com\/de\/wp-content\/uploads\/sites\/3\/2024\/12\/Insektenwiese.png)\"><img decoding=\"async\" class=\"full-width-image__image\" src=\"https:\/\/lindy.com\/de\/wp-content\/uploads\/sites\/3\/2024\/12\/Insektenwiese.png\"\/><div class=\"contained\"><div class=\"full-width-image__content\"><\/div><\/div><\/section>\n","protected":false},"excerpt":{"rendered":"","protected":false},"author":21,"featured_media":0,"parent":0,"menu_order":0,"comment_status":"closed","ping_status":"closed","template":"page-templates\/template-landing.php","meta":{"_acf_changed":false,"footnotes":""},"class_list":["post-2898","page","type-page","status-publish","hentry"],"acf":[],"yoast_head":"<!-- This site is optimized with the Yoast SEO plugin v26.6 - https:\/\/yoast.com\/wordpress\/plugins\/seo\/ -->\n<title>CSR-MA - Lindy - Italian<\/title>\n<meta name=\"robots\" content=\"index, follow, max-snippet:-1, max-image-preview:large, max-video-preview:-1\" \/>\n<link rel=\"canonical\" href=\"https:\/\/lindy.com\/it\/csr-ma\/\" \/>\n<meta property=\"og:locale\" content=\"it_IT\" \/>\n<meta property=\"og:type\" content=\"article\" \/>\n<meta property=\"og:title\" content=\"CSR-MA - Lindy - Italian\" \/>\n<meta property=\"og:url\" content=\"https:\/\/lindy.com\/it\/csr-ma\/\" \/>\n<meta property=\"og:site_name\" content=\"Lindy - Italian\" \/>\n<meta property=\"article:modified_time\" content=\"2025-05-06T13:25:02+00:00\" \/>\n<meta property=\"og:image\" content=\"https:\/\/lindy.com\/de\/wp-content\/uploads\/sites\/3\/2024\/12\/Solar-Panels.png\" \/>\n<meta name=\"twitter:card\" content=\"summary_large_image\" \/>\n<meta name=\"twitter:label1\" content=\"Tempo di lettura stimato\" \/>\n\t<meta name=\"twitter:data1\" content=\"4 minuti\" \/>\n<script type=\"application\/ld+json\" class=\"yoast-schema-graph\">{\"@context\":\"https:\/\/schema.org\",\"@graph\":[{\"@type\":\"WebPage\",\"@id\":\"https:\/\/lindy.com\/it\/csr-ma\/\",\"url\":\"https:\/\/lindy.com\/it\/csr-ma\/\",\"name\":\"CSR-MA - Lindy - Italian\",\"isPartOf\":{\"@id\":\"https:\/\/lindy.com\/it\/#website\"},\"primaryImageOfPage\":{\"@id\":\"https:\/\/lindy.com\/it\/csr-ma\/#primaryimage\"},\"image\":{\"@id\":\"https:\/\/lindy.com\/it\/csr-ma\/#primaryimage\"},\"thumbnailUrl\":\"https:\/\/lindy.com\/de\/wp-content\/uploads\/sites\/3\/2024\/12\/Solar-Panels.png\",\"datePublished\":\"2025-05-06T12:07:36+00:00\",\"dateModified\":\"2025-05-06T13:25:02+00:00\",\"breadcrumb\":{\"@id\":\"https:\/\/lindy.com\/it\/csr-ma\/#breadcrumb\"},\"inLanguage\":\"it-IT\",\"potentialAction\":[{\"@type\":\"ReadAction\",\"target\":[\"https:\/\/lindy.com\/it\/csr-ma\/\"]}]},{\"@type\":\"ImageObject\",\"inLanguage\":\"it-IT\",\"@id\":\"https:\/\/lindy.com\/it\/csr-ma\/#primaryimage\",\"url\":\"https:\/\/lindy.com\/de\/wp-content\/uploads\/sites\/3\/2024\/12\/Solar-Panels.png\",\"contentUrl\":\"https:\/\/lindy.com\/de\/wp-content\/uploads\/sites\/3\/2024\/12\/Solar-Panels.png\"},{\"@type\":\"BreadcrumbList\",\"@id\":\"https:\/\/lindy.com\/it\/csr-ma\/#breadcrumb\",\"itemListElement\":[{\"@type\":\"ListItem\",\"position\":1,\"name\":\"Home\",\"item\":\"https:\/\/lindy.com\/it\/\"},{\"@type\":\"ListItem\",\"position\":2,\"name\":\"CSR-MA\"}]},{\"@type\":\"WebSite\",\"@id\":\"https:\/\/lindy.com\/it\/#website\",\"url\":\"https:\/\/lindy.com\/it\/\",\"name\":\"Lindy - Italian\",\"description\":\"Connection Perfection\",\"potentialAction\":[{\"@type\":\"SearchAction\",\"target\":{\"@type\":\"EntryPoint\",\"urlTemplate\":\"https:\/\/lindy.com\/it\/?s={search_term_string}\"},\"query-input\":{\"@type\":\"PropertyValueSpecification\",\"valueRequired\":true,\"valueName\":\"search_term_string\"}}],\"inLanguage\":\"it-IT\"}]}<\/script>\n<!-- \/ Yoast SEO plugin. -->","yoast_head_json":{"title":"CSR-MA - Lindy - Italian","robots":{"index":"index","follow":"follow","max-snippet":"max-snippet:-1","max-image-preview":"max-image-preview:large","max-video-preview":"max-video-preview:-1"},"canonical":"https:\/\/lindy.com\/it\/csr-ma\/","og_locale":"it_IT","og_type":"article","og_title":"CSR-MA - Lindy - Italian","og_url":"https:\/\/lindy.com\/it\/csr-ma\/","og_site_name":"Lindy - Italian","article_modified_time":"2025-05-06T13:25:02+00:00","og_image":[{"url":"https:\/\/lindy.com\/de\/wp-content\/uploads\/sites\/3\/2024\/12\/Solar-Panels.png","type":"","width":"","height":""}],"twitter_card":"summary_large_image","twitter_misc":{"Tempo di lettura stimato":"4 minuti"},"schema":{"@context":"https:\/\/schema.org","@graph":[{"@type":"WebPage","@id":"https:\/\/lindy.com\/it\/csr-ma\/","url":"https:\/\/lindy.com\/it\/csr-ma\/","name":"CSR-MA - Lindy - Italian","isPartOf":{"@id":"https:\/\/lindy.com\/it\/#website"},"primaryImageOfPage":{"@id":"https:\/\/lindy.com\/it\/csr-ma\/#primaryimage"},"image":{"@id":"https:\/\/lindy.com\/it\/csr-ma\/#primaryimage"},"thumbnailUrl":"https:\/\/lindy.com\/de\/wp-content\/uploads\/sites\/3\/2024\/12\/Solar-Panels.png","datePublished":"2025-05-06T12:07:36+00:00","dateModified":"2025-05-06T13:25:02+00:00","breadcrumb":{"@id":"https:\/\/lindy.com\/it\/csr-ma\/#breadcrumb"},"inLanguage":"it-IT","potentialAction":[{"@type":"ReadAction","target":["https:\/\/lindy.com\/it\/csr-ma\/"]}]},{"@type":"ImageObject","inLanguage":"it-IT","@id":"https:\/\/lindy.com\/it\/csr-ma\/#primaryimage","url":"https:\/\/lindy.com\/de\/wp-content\/uploads\/sites\/3\/2024\/12\/Solar-Panels.png","contentUrl":"https:\/\/lindy.com\/de\/wp-content\/uploads\/sites\/3\/2024\/12\/Solar-Panels.png"},{"@type":"BreadcrumbList","@id":"https:\/\/lindy.com\/it\/csr-ma\/#breadcrumb","itemListElement":[{"@type":"ListItem","position":1,"name":"Home","item":"https:\/\/lindy.com\/it\/"},{"@type":"ListItem","position":2,"name":"CSR-MA"}]},{"@type":"WebSite","@id":"https:\/\/lindy.com\/it\/#website","url":"https:\/\/lindy.com\/it\/","name":"Lindy - Italian","description":"Connection Perfection","potentialAction":[{"@type":"SearchAction","target":{"@type":"EntryPoint","urlTemplate":"https:\/\/lindy.com\/it\/?s={search_term_string}"},"query-input":{"@type":"PropertyValueSpecification","valueRequired":true,"valueName":"search_term_string"}}],"inLanguage":"it-IT"}]}},"_links":{"self":[{"href":"https:\/\/lindy.com\/it\/wp-json\/wp\/v2\/pages\/2898","targetHints":{"allow":["GET"]}}],"collection":[{"href":"https:\/\/lindy.com\/it\/wp-json\/wp\/v2\/pages"}],"about":[{"href":"https:\/\/lindy.com\/it\/wp-json\/wp\/v2\/types\/page"}],"author":[{"embeddable":true,"href":"https:\/\/lindy.com\/it\/wp-json\/wp\/v2\/users\/21"}],"replies":[{"embeddable":true,"href":"https:\/\/lindy.com\/it\/wp-json\/wp\/v2\/comments?post=2898"}],"version-history":[{"count":6,"href":"https:\/\/lindy.com\/it\/wp-json\/wp\/v2\/pages\/2898\/revisions"}],"predecessor-version":[{"id":3221,"href":"https:\/\/lindy.com\/it\/wp-json\/wp\/v2\/pages\/2898\/revisions\/3221"}],"wp:attachment":[{"href":"https:\/\/lindy.com\/it\/wp-json\/wp\/v2\/media?parent=2898"}],"curies":[{"name":"wp","href":"https:\/\/api.w.org\/{rel}","templated":true}]}}