{"id":3297,"date":"2025-06-12T13:41:25","date_gmt":"2025-06-12T13:41:25","guid":{"rendered":"https:\/\/lindy.com\/it\/?page_id=3297"},"modified":"2025-06-12T13:41:25","modified_gmt":"2025-06-12T13:41:25","slug":"case-study-dagri","status":"publish","type":"page","link":"https:\/\/lindy.com\/it\/case-study-dagri\/","title":{"rendered":"CASE STUDY DAGRI"},"content":{"rendered":"\n<section class=\"wp-block-lindy-image-text-module section section--full-width-image full-width-image--with-text theme--dark section--animation-none align--center  font--size-large\" style=\"background-image:url(https:\/\/lindy.com\/fr\/wp-content\/uploads\/sites\/4\/2025\/05\/Header.png)\"><img decoding=\"async\" class=\"full-width-image__image\" src=\"https:\/\/lindy.com\/fr\/wp-content\/uploads\/sites\/4\/2025\/05\/Header.png\"\/><div class=\"contained\"><div class=\"full-width-image__content\"><h2 class=\"section__heading\"><span>AFFIDABILE E ACCESSIBILE<\/span><\/h2><h2 class=\"section__subheading section__subheading__title\">DOVE CONTA DAVVERO<\/h2><\/div><\/div><\/section>\n\n\n\n<section class=\"wp-block-lindy-image-text-module section section--full-width-image full-width-image--with-text theme--light section--animation-none align--center font--camber font--size-medium\" style=\"background-image:url()\"><img decoding=\"async\" class=\"full-width-image__image\" src=\"\"\/><div class=\"contained\"><div class=\"full-width-image__content\"><h2 class=\"section__subheading section__subheading__title\">IL CUORE PULSANTE DELLA CHIRURGIA AV, ALIMENTATO DA LINDY<\/h2><p class=\"section__paragraph\"><br\/>Fornire prestazioni eccezionali nel rispetto di rigorosi requisiti di costo \u00e8 stato essenziale quando Dagri Engineering ha collaborato con Lindy per le soluzioni di routing AV in Medio Oriente, Asia e Sud Africa. Gli Switch a matrice, gli Extender e i cavi di Lindy, a prezzi accessibili, hanno garantito al cliente la piena capacit\u00e0, affidabilit\u00e0 ed efficienza, dimostrando che l&#8217;economicit\u00e0 non deve essere necessariamente sinonimo di compromesso.<\/p><\/div><\/div><\/section>\n\n\n\n<section class=\"wp-block-lindy-image-text-module section section--full-width-image full-width-image--with-text theme--dark section--animation-none align--left  font--size-medium width--half\" style=\"background-image:url(https:\/\/lindy.com\/fr\/wp-content\/uploads\/sites\/4\/2025\/05\/Challence-720x360-1.png)\"><img decoding=\"async\" class=\"full-width-image__image\" src=\"https:\/\/lindy.com\/fr\/wp-content\/uploads\/sites\/4\/2025\/05\/Challence-720x360-1.png\"\/><div class=\"contained\"><div class=\"full-width-image__content\"><\/div><\/div><\/section>\n\n\n\n<section class=\"wp-block-lindy-image-text-module section section--full-width-image full-width-image--with-text theme--dark section--animation-none align--left  font--size-medium width--half\" style=\"background-image:url()\"><img decoding=\"async\" class=\"full-width-image__image\" src=\"\"\/><div class=\"contained\"><div class=\"full-width-image__content\"><h2 class=\"section__heading\"><span>LA SFIDA<\/span><\/h2><p class=\"section__paragraph\"><br\/>Senza una soluzione pi\u00f9 accessibile e flessibile,<br\/>molti piccoli ospedali e cliniche non erano in grado di implementare moderni sistemi di routing AV a causa dei vincoli di budget. I sistemi di fascia alta avevano prezzi fuori dalla portata di molte strutture, ostacolando l&#8217;efficienza operativa e limitando le capacit\u00e0 del moderno flusso di lavoro chirurgico.<\/p><\/div><\/div><\/section>\n\n\n\n<section class=\"wp-block-lindy-key-info section section--key-info theme--light section--animation-none\"><div class=\"contained\"><div class=\"grid-2_sm-1-center\"><div class=\"col left_item\"><div class=\"box\"><h3 class=\"section__heading\">LA SOLUZIONE LINDY<\/h3><div class=\"section__content\"><p class=\"section__content\">Lindy ha fornito i suoi Switch AV a matrice ad alte prestazioni, in particolare i modelli 8&#215;8 e 4&#215;4 4K,<br\/>insieme a extender compatibili e soluzioni di cablaggio ad alta velocit\u00e0. Questi prodotti hanno<br\/>fornito un sistema di routing semplice ma robusto per gestire i segnali video all&#8217;interno e all&#8217;esterno<br\/>delle sale operatorie. Si tratta di una soluzione affidabile e conveniente che consente agli ospedali<br\/>di accedere alla tecnologia pi\u00f9 recente senza compromettere la qualit\u00e0 o le prestazioni.<\/p><\/div><\/div><\/div><div class=\"col right_item\"><div class=\"box\"><h3 class=\"section__heading\"><\/h3><div class=\"section__content\"><p class=\"section__content\"><br\/>Dagri ha condotto test interni e dimostrazioni dal vivo nel suo showroom prima di procedere con le installazioni nel mondo reale. Le soluzioni Lindy sono state implementate con successo in<br\/>ambienti medici, supportando l&#8217;instradamento dei segnali AV nelle sale operatorie, la registrazione di filmati chirurgici critici e lo streaming di video oltre la sala. L&#8217;implementazione si \u00e8 dimostrata affidabile ed efficiente in pi\u00f9 sedi.<\/p><\/div><\/div><\/div><\/div><\/div><\/section>\n\n\n\n<section class=\"wp-block-lindy-heading-text section section--heading-text theme--dark align--center  font--size-medium section--animation-none\"><div class=\"contained\"><h2 class=\"section__heading\"><span>PRODOTTI UTILIZZATI<\/span><\/h2><\/div><\/section>\n\n\n\n<section class=\"wp-block-lindy-image-text-module section section--full-width-image full-width-image--with-text theme--dark section--animation-none align--left  font--size-medium width--half\" style=\"background-image:url()\"><img decoding=\"async\" class=\"full-width-image__image\" src=\"\"\/><div class=\"contained\"><div class=\"full-width-image__content\"><p class=\"section__paragraph\"><strong>No. 38512 &#8211; Cavo HDMI\u00ae 8K60 Ibrido in fibra ottica, 20m<\/strong><br\/><br\/>Trasmette video 8K60 non compresso su lunghe distanze senza perdita di segnale.<\/p><a href=\"https:\/\/www.lindy.it\/?websale8=ld0101.ld041104&amp;pi=38512&amp;ci=80\" class=\"button button--white-transparent\" target=\"_blank\" rel=\"noopener noreferrer\">VAI AL PRODOTTO<\/a><\/div><\/div><\/section>\n\n\n\n<section class=\"wp-block-lindy-image-text-module section section--full-width-image full-width-image--with-text theme--dark section--animation-none align--left  font--size-medium width--half\" style=\"background-image:url(https:\/\/lindy.com\/fr\/wp-content\/uploads\/sites\/4\/2025\/05\/38512_HW.jpg)\"><img decoding=\"async\" class=\"full-width-image__image\" src=\"https:\/\/lindy.com\/fr\/wp-content\/uploads\/sites\/4\/2025\/05\/38512_HW.jpg\"\/><div class=\"contained\"><div class=\"full-width-image__content\"><\/div><\/div><\/section>\n\n\n\n<section class=\"wp-block-lindy-image-text-module section section--full-width-image full-width-image--with-text theme--dark section--animation-none align--left  font--size-medium width--half\" style=\"background-image:url(https:\/\/lindy.com\/fr\/wp-content\/uploads\/sites\/4\/2025\/05\/36474_HW.jpg)\"><img decoding=\"async\" class=\"full-width-image__image\" src=\"https:\/\/lindy.com\/fr\/wp-content\/uploads\/sites\/4\/2025\/05\/36474_HW.jpg\"\/><div class=\"contained\"><div class=\"full-width-image__content\"><\/div><\/div><\/section>\n\n\n\n<section class=\"wp-block-lindy-image-text-module section section--full-width-image full-width-image--with-text theme--light section--animation-none align--left  font--size-medium width--half\" style=\"background-image:url()\"><img decoding=\"async\" class=\"full-width-image__image\" src=\"\"\/><div class=\"contained\"><div class=\"full-width-image__content\"><p class=\"section__paragraph\"><strong>No. 36474 &#8211; Cavo HDMI\u00ae High Speed Black Line, 5m<\/strong><br\/><br\/>Cavo 4K 60Hz a tripla schermatura con contatti dorati.<\/p><a href=\"https:\/\/www.lindy.it?websale8=ld0101.ld041104&amp;pi=36474&amp;ci=80\" class=\"button button--dark\" target=\"_blank\" rel=\"noopener noreferrer\">VAI AL PRODOTTO<\/a><\/div><\/div><\/section>\n\n\n\n<section class=\"wp-block-lindy-image-text-module section section--full-width-image full-width-image--with-text theme--dark section--animation-none align--left  font--size-medium width--half\" style=\"background-image:url()\"><img decoding=\"async\" class=\"full-width-image__image\" src=\"\"\/><div class=\"contained\"><div class=\"full-width-image__content\"><p class=\"section__paragraph\"><strong>No. 38334 &#8211; Matrice HDMI\u00ae 8&#215;8 4K60<\/strong><br\/><br\/>Commuta e distribuisce facilmente 8 sorgenti<br\/>HDMI\u00ae su 8 schermi con una qualit\u00e0 4K60 HDR<br\/>straordinaria.<\/p><a href=\"https:\/\/www.lindy.it\/?websale8=ld0101.ld041104&amp;pi=38334&amp;ci=20\" class=\"button button--white-transparent\" target=\"_blank\" rel=\"noopener noreferrer\">VAI AL PRODOTTO<\/a><\/div><\/div><\/section>\n\n\n\n<section class=\"wp-block-lindy-image-text-module section section--full-width-image full-width-image--with-text theme--dark section--animation-none align--left  font--size-medium width--half\" style=\"background-image:url(https:\/\/lindy.com\/fr\/wp-content\/uploads\/sites\/4\/2025\/05\/38334_HW.jpg)\"><img decoding=\"async\" class=\"full-width-image__image\" src=\"https:\/\/lindy.com\/fr\/wp-content\/uploads\/sites\/4\/2025\/05\/38334_HW.jpg\"\/><div class=\"contained\"><div class=\"full-width-image__content\"><\/div><\/div><\/section>\n\n\n\n<section class=\"wp-block-lindy-image-text-module section section--full-width-image full-width-image--with-text theme--dark section--animation-none align--left  font--size-medium width--half\" style=\"background-image:url(https:\/\/lindy.com\/fr\/wp-content\/uploads\/sites\/4\/2025\/05\/38170_HW.jpg)\"><img decoding=\"async\" class=\"full-width-image__image\" src=\"https:\/\/lindy.com\/fr\/wp-content\/uploads\/sites\/4\/2025\/05\/38170_HW.jpg\"\/><div class=\"contained\"><div class=\"full-width-image__content\"><\/div><\/div><\/section>\n\n\n\n<section class=\"wp-block-lindy-image-text-module section section--full-width-image full-width-image--with-text theme--light section--animation-none align--left  font--size-medium width--half\" style=\"background-image:url()\"><img decoding=\"async\" class=\"full-width-image__image\" src=\"\"\/><div class=\"contained\"><div class=\"full-width-image__content\"><p class=\"section__paragraph\"><strong>No. 38170 &#8211; Extender su Fibra Ottica HDMI\u00ae 4K30, 300m<\/strong><br\/><br\/>Trasmette audio e video 4K utilizzando un singolo cavo in fibra multimodale LC.<\/p><a href=\"https:\/\/www.lindy.it\/?websale8=ld0101.ld041104&amp;pi=38170&amp;ci=20\" class=\"button button--dark\" target=\"_blank\" rel=\"noopener noreferrer\">VAI AL PRODOTTO<\/a><\/div><\/div><\/section>\n\n\n\n<section class=\"wp-block-lindy-parallax-hero section parallax-hero theme--dark align--right font--camber font--size-medium\" style=\"background-image:url(https:\/\/lindy.com\/fr\/wp-content\/uploads\/sites\/4\/2025\/05\/Banner-without-text.png)\"><div class=\"contained contained--full-width\"><div class=\"parallax-hero__content\"><div class=\"parallax-hero__content-wrapper align--right\"><h2 class=\"section__subheading section__subheading__title\">\u201cI risultati parlano da soli, Abbiamo implementato i sistemi Lindy in decine di centri sanitari e le reazioni dei team medici sono state estremamente positive.\u201d<\/h2><p class=\"section__paragraph\"><br\/>Damjan Grill, Dagri Engineering, MD<\/p><\/div><\/div><\/div><\/section>\n\n\n\n<section class=\"wp-block-lindy-heading-text section section--heading-text theme--light align--center  font--size-medium section--animation-none\"><div class=\"contained\"><h2 class=\"section__heading\"><span>RISULTATI E BENEFICI<\/span><\/h2><\/div><\/section>\n\n\n\n<section class=\"wp-block-lindy-key-info section section--key-info theme--light section--animation-none\"><div class=\"contained\"><div class=\"grid-2_sm-1-center\"><div class=\"col left_item\"><div class=\"box\"><h3 class=\"section__heading\">RESULTATI QUANTITATIVI<\/h3><div class=\"section__content\"><p class=\"section__content\">Oltre 100 matrici distribuite globalmente, con installazioni in 56 paesi<br\/><br\/>Dagri installa ogni anno 150-200 unit\u00e0 di integrazione AV, molte delle quali abbinate alle soluzioni a matrice Lindy<br\/><br\/>Nel 2024, 20 installazioni complete di sale operatorie includono cavi Lindy, per un totale di oltre 200 cavi ibridi in fibra ottica HDMI\u00ae<\/p><\/div><\/div><\/div><div class=\"col right_item\"><div class=\"box\"><h3 class=\"section__heading\">RESULTATI QUALITATIVI<\/h3><div class=\"section__content\"><p class=\"section__content\">Ottenuto un routing AV affidabile e facile da usare all&#8217;interno di spazi chirurgici critici <br\/><br\/>Soluzione pi\u00f9 conveniente per le cliniche private e gli ospedali pi\u00f9 piccoli rispetto alle alternative di fascia alta<br\/><br\/>Flessibilit\u00e0 di integrazione, con il supporto difunzioni aggiuntive come lo streaming e la registrazione attraverso dispositivi di terze parti<\/p><\/div><\/div><\/div><\/div><\/div><\/section>\n\n\n\n<section class=\"wp-block-lindy-parallax-hero section parallax-hero theme--light align--left  font--size-medium\" style=\"background-image:url(https:\/\/lindy.com\/it\/wp-content\/uploads\/sites\/5\/2025\/05\/IT_Dagri.png)\"><div class=\"contained contained--full-width\"><div class=\"parallax-hero__content\"><div class=\"parallax-hero__content-wrapper align--left\"><\/div><\/div><\/div><\/section>\n\n\n\n<section class=\"wp-block-lindy-heading-text section section--heading-text theme--light align--center  font--size-medium section--animation-none\"><div class=\"contained\"><h2 class=\"section__heading\"><span>CONCLUSIONI E PUNTI SALIENTI<\/span><\/h2><\/div><\/section>\n\n\n\n<section class=\"wp-block-lindy-key-info section section--key-info theme--light section--animation-none\"><div class=\"contained\"><div class=\"grid-2_sm-1-center\"><div class=\"col left_item\"><div class=\"box\"><h3 class=\"section__heading\">SUCCESSO DEL PROGETTO<\/h3><div class=\"section__content\"><p class=\"section__content\">La partnership con Lindy ha permesso al cliente di aumentare l&#8217;accesso alla tecnologia AV avanzata in regioni con difficolt\u00e0 finanziarie, contribuendo a modernizzare le pratiche chirurgiche e a migliorare l&#8217;assistenza ai pazienti. La natura scalabile e affidabile delle soluzioni Lindy ha reso l&#8217;azienda un partner apprezzato e affidabile nel campo dell&#8217;integrazione medica.<\/p><\/div><\/div><\/div><div class=\"col right_item\"><div class=\"box\"><h3 class=\"section__heading\">PANORAMICA DEL SETTORE<\/h3><div class=\"section__content\"><p class=\"section__content\">Questo case study, supportato da una serie di implementazioni di successo e dal feedback positivo dei clienti, evidenzia la capacit\u00e0 di Lindy di fornire prodotti AV avanzati, affidabili e ad alte prestazioni per settori altamente specializzati come quello sanitario, dove affidabilit\u00e0 e convenienza sono fondamentali.<\/p><\/div><\/div><\/div><\/div><\/div><\/section>\n\n\n\n<section class=\"wp-block-lindy-image-text-module section section--full-width-image full-width-image--with-text theme--dark section--animation-none align--left  font--size-medium width--half\" style=\"background-image:url(https:\/\/lindy.com\/it\/wp-content\/uploads\/sites\/5\/2025\/05\/Mock-up-case-sudy-2.jpg)\"><img decoding=\"async\" class=\"full-width-image__image\" src=\"https:\/\/lindy.com\/it\/wp-content\/uploads\/sites\/5\/2025\/05\/Mock-up-case-sudy-2.jpg\"\/><div class=\"contained\"><div class=\"full-width-image__content\"><\/div><\/div><\/section>\n\n\n\n<section class=\"wp-block-lindy-image-text-module section section--full-width-image full-width-image--with-text theme--dark section--animation-none align--center  font--size-small width--half\" style=\"background-image:url()\"><img decoding=\"async\" class=\"full-width-image__image\" src=\"\"\/><div class=\"contained\"><div class=\"full-width-image__content\"><h2 class=\"section__subheading section__subheading__title\">Hai trovato istruttivo questo case study?\u00a0<\/h2><p class=\"section__paragraph\"><br\/><strong>Salvalo con un clic\u00a0<\/strong><\/p><a href=\"https:\/\/lindy.com\/it\/wp-content\/uploads\/sites\/5\/2025\/05\/Lindy-x-Dagri-Case-Study-IT-1.pdf\" class=\"button button--white-transparent\" target=\"_blank\" rel=\"noopener noreferrer\">\ud83d\udce5 Scarica la versione PDF<\/a><\/div><\/div><\/section>\n","protected":false},"excerpt":{"rendered":"","protected":false},"author":28,"featured_media":0,"parent":0,"menu_order":0,"comment_status":"closed","ping_status":"closed","template":"page-templates\/template-landing.php","meta":{"_acf_changed":false,"footnotes":""},"class_list":["post-3297","page","type-page","status-publish","hentry"],"acf":[],"yoast_head":"<!-- This site is optimized with the Yoast SEO plugin v26.6 - https:\/\/yoast.com\/wordpress\/plugins\/seo\/ -->\n<title>CASE STUDY DAGRI - Lindy - Italian<\/title>\n<meta name=\"robots\" content=\"index, follow, max-snippet:-1, max-image-preview:large, max-video-preview:-1\" \/>\n<link rel=\"canonical\" href=\"https:\/\/lindy.com\/it\/case-study-dagri\/\" \/>\n<meta property=\"og:locale\" content=\"it_IT\" \/>\n<meta property=\"og:type\" content=\"article\" \/>\n<meta property=\"og:title\" content=\"CASE STUDY DAGRI - Lindy - Italian\" \/>\n<meta property=\"og:url\" content=\"https:\/\/lindy.com\/it\/case-study-dagri\/\" \/>\n<meta property=\"og:site_name\" content=\"Lindy - Italian\" \/>\n<meta property=\"og:image\" content=\"https:\/\/lindy.com\/fr\/wp-content\/uploads\/sites\/4\/2025\/05\/Header.png\" \/>\n<meta name=\"twitter:card\" content=\"summary_large_image\" \/>\n<meta name=\"twitter:label1\" content=\"Tempo di lettura stimato\" \/>\n\t<meta name=\"twitter:data1\" content=\"7 minuti\" \/>\n<script type=\"application\/ld+json\" class=\"yoast-schema-graph\">{\"@context\":\"https:\/\/schema.org\",\"@graph\":[{\"@type\":\"WebPage\",\"@id\":\"https:\/\/lindy.com\/it\/case-study-dagri\/\",\"url\":\"https:\/\/lindy.com\/it\/case-study-dagri\/\",\"name\":\"CASE STUDY DAGRI - Lindy - Italian\",\"isPartOf\":{\"@id\":\"https:\/\/lindy.com\/it\/#website\"},\"primaryImageOfPage\":{\"@id\":\"https:\/\/lindy.com\/it\/case-study-dagri\/#primaryimage\"},\"image\":{\"@id\":\"https:\/\/lindy.com\/it\/case-study-dagri\/#primaryimage\"},\"thumbnailUrl\":\"https:\/\/lindy.com\/fr\/wp-content\/uploads\/sites\/4\/2025\/05\/Header.png\",\"datePublished\":\"2025-06-12T13:41:25+00:00\",\"breadcrumb\":{\"@id\":\"https:\/\/lindy.com\/it\/case-study-dagri\/#breadcrumb\"},\"inLanguage\":\"it-IT\",\"potentialAction\":[{\"@type\":\"ReadAction\",\"target\":[\"https:\/\/lindy.com\/it\/case-study-dagri\/\"]}]},{\"@type\":\"ImageObject\",\"inLanguage\":\"it-IT\",\"@id\":\"https:\/\/lindy.com\/it\/case-study-dagri\/#primaryimage\",\"url\":\"https:\/\/lindy.com\/fr\/wp-content\/uploads\/sites\/4\/2025\/05\/Header.png\",\"contentUrl\":\"https:\/\/lindy.com\/fr\/wp-content\/uploads\/sites\/4\/2025\/05\/Header.png\"},{\"@type\":\"BreadcrumbList\",\"@id\":\"https:\/\/lindy.com\/it\/case-study-dagri\/#breadcrumb\",\"itemListElement\":[{\"@type\":\"ListItem\",\"position\":1,\"name\":\"Home\",\"item\":\"https:\/\/lindy.com\/it\/\"},{\"@type\":\"ListItem\",\"position\":2,\"name\":\"CASE STUDY DAGRI\"}]},{\"@type\":\"WebSite\",\"@id\":\"https:\/\/lindy.com\/it\/#website\",\"url\":\"https:\/\/lindy.com\/it\/\",\"name\":\"Lindy - Italian\",\"description\":\"Connection Perfection\",\"potentialAction\":[{\"@type\":\"SearchAction\",\"target\":{\"@type\":\"EntryPoint\",\"urlTemplate\":\"https:\/\/lindy.com\/it\/?s={search_term_string}\"},\"query-input\":{\"@type\":\"PropertyValueSpecification\",\"valueRequired\":true,\"valueName\":\"search_term_string\"}}],\"inLanguage\":\"it-IT\"}]}<\/script>\n<!-- \/ Yoast SEO plugin. -->","yoast_head_json":{"title":"CASE STUDY DAGRI - Lindy - Italian","robots":{"index":"index","follow":"follow","max-snippet":"max-snippet:-1","max-image-preview":"max-image-preview:large","max-video-preview":"max-video-preview:-1"},"canonical":"https:\/\/lindy.com\/it\/case-study-dagri\/","og_locale":"it_IT","og_type":"article","og_title":"CASE STUDY DAGRI - Lindy - Italian","og_url":"https:\/\/lindy.com\/it\/case-study-dagri\/","og_site_name":"Lindy - Italian","og_image":[{"url":"https:\/\/lindy.com\/fr\/wp-content\/uploads\/sites\/4\/2025\/05\/Header.png","type":"","width":"","height":""}],"twitter_card":"summary_large_image","twitter_misc":{"Tempo di lettura stimato":"7 minuti"},"schema":{"@context":"https:\/\/schema.org","@graph":[{"@type":"WebPage","@id":"https:\/\/lindy.com\/it\/case-study-dagri\/","url":"https:\/\/lindy.com\/it\/case-study-dagri\/","name":"CASE STUDY DAGRI - Lindy - Italian","isPartOf":{"@id":"https:\/\/lindy.com\/it\/#website"},"primaryImageOfPage":{"@id":"https:\/\/lindy.com\/it\/case-study-dagri\/#primaryimage"},"image":{"@id":"https:\/\/lindy.com\/it\/case-study-dagri\/#primaryimage"},"thumbnailUrl":"https:\/\/lindy.com\/fr\/wp-content\/uploads\/sites\/4\/2025\/05\/Header.png","datePublished":"2025-06-12T13:41:25+00:00","breadcrumb":{"@id":"https:\/\/lindy.com\/it\/case-study-dagri\/#breadcrumb"},"inLanguage":"it-IT","potentialAction":[{"@type":"ReadAction","target":["https:\/\/lindy.com\/it\/case-study-dagri\/"]}]},{"@type":"ImageObject","inLanguage":"it-IT","@id":"https:\/\/lindy.com\/it\/case-study-dagri\/#primaryimage","url":"https:\/\/lindy.com\/fr\/wp-content\/uploads\/sites\/4\/2025\/05\/Header.png","contentUrl":"https:\/\/lindy.com\/fr\/wp-content\/uploads\/sites\/4\/2025\/05\/Header.png"},{"@type":"BreadcrumbList","@id":"https:\/\/lindy.com\/it\/case-study-dagri\/#breadcrumb","itemListElement":[{"@type":"ListItem","position":1,"name":"Home","item":"https:\/\/lindy.com\/it\/"},{"@type":"ListItem","position":2,"name":"CASE STUDY DAGRI"}]},{"@type":"WebSite","@id":"https:\/\/lindy.com\/it\/#website","url":"https:\/\/lindy.com\/it\/","name":"Lindy - Italian","description":"Connection Perfection","potentialAction":[{"@type":"SearchAction","target":{"@type":"EntryPoint","urlTemplate":"https:\/\/lindy.com\/it\/?s={search_term_string}"},"query-input":{"@type":"PropertyValueSpecification","valueRequired":true,"valueName":"search_term_string"}}],"inLanguage":"it-IT"}]}},"_links":{"self":[{"href":"https:\/\/lindy.com\/it\/wp-json\/wp\/v2\/pages\/3297","targetHints":{"allow":["GET"]}}],"collection":[{"href":"https:\/\/lindy.com\/it\/wp-json\/wp\/v2\/pages"}],"about":[{"href":"https:\/\/lindy.com\/it\/wp-json\/wp\/v2\/types\/page"}],"author":[{"embeddable":true,"href":"https:\/\/lindy.com\/it\/wp-json\/wp\/v2\/users\/28"}],"replies":[{"embeddable":true,"href":"https:\/\/lindy.com\/it\/wp-json\/wp\/v2\/comments?post=3297"}],"version-history":[{"count":18,"href":"https:\/\/lindy.com\/it\/wp-json\/wp\/v2\/pages\/3297\/revisions"}],"predecessor-version":[{"id":3464,"href":"https:\/\/lindy.com\/it\/wp-json\/wp\/v2\/pages\/3297\/revisions\/3464"}],"wp:attachment":[{"href":"https:\/\/lindy.com\/it\/wp-json\/wp\/v2\/media?parent=3297"}],"curies":[{"name":"wp","href":"https:\/\/api.w.org\/{rel}","templated":true}]}}