{"id":3323,"date":"2025-06-12T13:52:45","date_gmt":"2025-06-12T13:52:45","guid":{"rendered":"https:\/\/lindy.com\/it\/?page_id=3323"},"modified":"2025-06-13T08:24:41","modified_gmt":"2025-06-13T08:24:41","slug":"case-study-inogeni","status":"publish","type":"page","link":"https:\/\/lindy.com\/it\/case-study-inogeni\/","title":{"rendered":"CASE STUDY INOGENI"},"content":{"rendered":"\n<section class=\"wp-block-lindy-image-text-module section section--full-width-image full-width-image--with-text theme--dark section--animation-none align--center  font--size-large\" style=\"background-image:url(https:\/\/lindy.com\/fr\/wp-content\/uploads\/sites\/4\/2025\/05\/Inogeni_header.png)\"><img decoding=\"async\" class=\"full-width-image__image\" src=\"https:\/\/lindy.com\/fr\/wp-content\/uploads\/sites\/4\/2025\/05\/Inogeni_header.png\"\/><div class=\"contained\"><div class=\"full-width-image__content\"><h2 class=\"section__heading\"><span><mark style=\"background-color:rgba(0, 0, 0, 0)\" class=\"has-inline-color has-white-color\">rivoluziona la tua installazione AV<\/mark><\/span><\/h2><h2 class=\"section__subheading section__subheading__title\"><mark style=\"background-color:rgba(0, 0, 0, 0)\" class=\"has-inline-color has-white-color\">oggi stesso<\/mark><\/h2><\/div><\/div><\/section>\n\n\n\n<section class=\"wp-block-lindy-image-text-module section section--full-width-image full-width-image--with-text theme--dark section--animation-none align--center font--camber font--size-medium\" style=\"background-image:url()\"><img decoding=\"async\" class=\"full-width-image__image\" src=\"\"\/><div class=\"contained\"><div class=\"full-width-image__content\"><h2 class=\"section__subheading section__subheading__title\">ESTENDI IL TUO RAGGIO D&#8217;AZIONE: CONNETTERSI, COLLABORARE, CREARE<\/h2><p class=\"section__paragraph\"><br\/>Nei moderni spazi per riunioni e nelle installazioni AV su larga scala, \u00e8 fondamentale disporre di una connettivit\u00e0 senza interruzioni e di una commutazione fluida. Senza la giusta tecnologia, le riunioni possono essere compromesse da connessioni USB inaffidabili, ritardi nella commutazione manuale e degrado del segnale. I cavi ibridi USB-C <br\/>di Lindy e il Toggle Rooms\/XT di Inogeni lavorano <br\/>insieme per offrire una soluzione continua e ad <br\/>alte prestazioni per superare queste sfide.<\/p><\/div><\/div><\/section>\n\n\n\n<section class=\"wp-block-lindy-image-text-module section section--full-width-image full-width-image--with-text theme--dark section--animation-none align--left  font--size-medium width--half\" style=\"background-image:url(https:\/\/lindy.com\/fr\/wp-content\/uploads\/sites\/4\/2025\/05\/Challenge.png)\"><img decoding=\"async\" class=\"full-width-image__image\" src=\"https:\/\/lindy.com\/fr\/wp-content\/uploads\/sites\/4\/2025\/05\/Challenge.png\"\/><div class=\"contained\"><div class=\"full-width-image__content\"><\/div><\/div><\/section>\n\n\n\n<section class=\"wp-block-lindy-image-text-module section section--full-width-image full-width-image--with-text theme--light section--animation-none align--left  font--size-medium width--half\" style=\"background-image:url()\"><img decoding=\"async\" class=\"full-width-image__image\" src=\"\"\/><div class=\"contained\"><div class=\"full-width-image__content\"><h2 class=\"section__heading\"><span>LA SFIDA<\/span><\/h2><p class=\"section__paragraph\"><br\/><strong>Superare le sfide della connettivit\u00e0 e della<br\/>commutazione AV.<\/strong><br\/><br\/>La commutazione tra il PC della sala e il portatile dell&#8217;ospite dovrebbe essere semplice, ma molte configurazioni si scontrano con le limitazioni dei cavi USB, le cadute di segnale e le frustranti riconfigurazioni manuali. Queste barriere tecniche fanno perdere tempo alle riunioni, riducono la produttivit\u00e0 e rendono l&#8217;esperienza dell&#8217;utente insoddisfacente.<\/p><\/div><\/div><\/section>\n\n\n\n<section class=\"wp-block-lindy-image-text-module section section--full-width-image full-width-image--with-text theme--dark section--animation-none align--left  font--size-medium width--half\" style=\"background-image:url()\"><img decoding=\"async\" class=\"full-width-image__image\" src=\"\"\/><div class=\"contained\"><div class=\"full-width-image__content\"><h2 class=\"section__heading\"><span>LA SOLUZIONE<\/span><\/h2><p class=\"section__paragraph\"><br\/><strong>Commutare con facilit\u00e0, connettersi senza limiti<\/strong><br\/><br\/>La combinazione del Toggle Rooms\/XT di Inogeni e del cavo ibrido USB-C di Lindy rappresenta una soluzione pratica e scalabile per sale riunioni di qualsiasi dimensione. Eliminando i problemi di commutazione manuale e i limiti della connettivit\u00e0 USB, questa configurazione migliora la produttivit\u00e0 e ottimizza l&#8217;esperienza delle riunioni.<\/p><\/div><\/div><\/section>\n\n\n\n<section class=\"wp-block-lindy-image-text-module section section--full-width-image full-width-image--with-text theme--light section--animation-none align--left  font--size-medium width--half\" style=\"background-image:url(https:\/\/lindy.com\/fr\/wp-content\/uploads\/sites\/4\/2025\/05\/Inogeni-2_HW-1.jpg)\"><img decoding=\"async\" class=\"full-width-image__image\" src=\"https:\/\/lindy.com\/fr\/wp-content\/uploads\/sites\/4\/2025\/05\/Inogeni-2_HW-1.jpg\"\/><div class=\"contained\"><div class=\"full-width-image__content\"><\/div><\/div><\/section>\n\n\n\n\n\n<section class=\"wp-block-lindy-heading-text section section--heading-text theme--light align--center  font--size-medium section--animation-none\"><div class=\"contained\"><h2 class=\"section__heading\"><span><br\/>PRODOTTI UTILIZZATI<\/span><\/h2><h2 class=\"section__subheading section__subheading__title\"><br\/><\/h2><\/div><\/section>\n\n\n\n<section class=\"wp-block-lindy-image-text-module section section--full-width-image full-width-image--with-text theme--light section--animation-none align--left  font--size-medium width--half\" style=\"background-image:url(https:\/\/lindy.com\/fr\/wp-content\/uploads\/sites\/4\/2025\/05\/Toogle-2_HW.jpg)\"><img decoding=\"async\" class=\"full-width-image__image\" src=\"https:\/\/lindy.com\/fr\/wp-content\/uploads\/sites\/4\/2025\/05\/Toogle-2_HW.jpg\"\/><div class=\"contained\"><div class=\"full-width-image__content\"><\/div><\/div><\/section>\n\n\n\n<section class=\"wp-block-lindy-image-text-module section section--full-width-image full-width-image--with-text theme--light section--animation-none align--left font--camber font--size-medium width--half\" style=\"background-image:url()\"><img decoding=\"async\" class=\"full-width-image__image\" src=\"\"\/><div class=\"contained\"><div class=\"full-width-image__content\"><h2 class=\"section__subheading section__subheading__title\">Inogeni Toggle Rooms\/XT<\/h2><p class=\"section__paragraph\"><br\/>Un solo cavo, un controllo totale: semplifica la<br\/>tua vita con una connessione USB-C da 100 W.<br\/><br\/>Commutazione trasparente: passa facilmente<br\/>tra pi\u00f9 host e dispositivi.<br\/><br\/>Video senza compromessi: la tecnologia<br\/>HDBaseT offre 4k60 fino a 40 m o 1080p fino a<br\/>70 m per il Toggle Rooms XT.<br\/><br\/>Compatibile con: Teams, Zoom, Logitech,<br\/>Crestron e molti altri.<\/p><\/div><\/div><\/section>\n\n\n\n<section class=\"wp-block-lindy-image-text-module section section--full-width-image full-width-image--with-text theme--dark section--animation-none align--left font--camber font--size-medium width--half\" style=\"background-image:url()\"><img decoding=\"async\" class=\"full-width-image__image\" src=\"\"\/><div class=\"contained\"><div class=\"full-width-image__content\"><h2 class=\"section__subheading section__subheading__title\">Cavo ibrido USB 3.2 Gen 2 e DP 1.4 di tipo C<\/h2><p class=\"section__paragraph\"><br\/>Velocit\u00e0 incredibili: trasferimento dati a 10<br\/>Gbit\/s e video 4K a 144 Hz<br\/><br\/>Design multifunzionale: USB 3.2 + DisplayPort<br\/>1.4 con alimentazione da 60 W<br\/><br\/>Connessione a lunga distanza affidabile:<br\/>perfetta per sale conferenze su larga scala<br\/><br\/>Portata estesa: disponibile in lunghezze da <br\/>10 m e 15 m, ideale per grandi tavoli <br\/>da conferenza e installazioni audiovisive.<\/p><a href=\"https:\/\/www.lindy.it\/?websale8=ld0101.ld041104&amp;ci=264\" class=\"button button--white-transparent\" target=\"_blank\" rel=\"noopener noreferrer\">Vai Ai Prodotti<\/a><\/div><\/div><\/section>\n\n\n\n<section class=\"wp-block-lindy-image-text-module section section--full-width-image full-width-image--with-text theme--dark section--animation-none align--left  font--size-medium width--half\" style=\"background-image:url(https:\/\/lindy.com\/fr\/wp-content\/uploads\/sites\/4\/2025\/05\/43398_99_HW-1.jpg)\"><img decoding=\"async\" class=\"full-width-image__image\" src=\"https:\/\/lindy.com\/fr\/wp-content\/uploads\/sites\/4\/2025\/05\/43398_99_HW-1.jpg\"\/><div class=\"contained\"><div class=\"full-width-image__content\"><\/div><\/div><\/section>\n\n\n\n<section class=\"wp-block-lindy-image-text-module section section--full-width-image full-width-image--with-text theme--dark section--animation-none align--left  font--size-medium width--half\" style=\"background-image:url(https:\/\/lindy.com\/fr\/wp-content\/uploads\/sites\/4\/2025\/05\/Peopke-with-cable-HW.jpg)\"><img decoding=\"async\" class=\"full-width-image__image\" src=\"https:\/\/lindy.com\/fr\/wp-content\/uploads\/sites\/4\/2025\/05\/Peopke-with-cable-HW.jpg\"\/><div class=\"contained\"><div class=\"full-width-image__content\"><\/div><\/div><\/section>\n\n\n\n<section class=\"wp-block-lindy-image-text-module section section--full-width-image full-width-image--with-text theme--dark section--animation-none align--left  font--size-large width--half\" style=\"background-image:url()\"><img decoding=\"async\" class=\"full-width-image__image\" src=\"\"\/><div class=\"contained\"><div class=\"full-width-image__content\"><p class=\"section__paragraph\"><br\/><br\/>&#8220;WITH LINDY&#8217;S USB-C HYBRID CABLE EXTENDING UP TO 15 METRES, INOGENI&#8217;S TOGGLE ROOMS SOLUTIONS PROVIDE UNMATCHED CONNECTIVITY AND SUPERIOR PERFORMANCE &#8211; EVEN IN THE MOST DEMANDING ENVIRONMENTS.&#8221; <br\/><br\/>Jean-Pierre Simard, INOGENI Inc. CMO<\/p><\/div><\/div><\/section>\n\n\n\n<section class=\"wp-block-lindy-heading-text section section--heading-text theme--light align--center  font--size-medium section--animation-none\"><div class=\"contained\"><h2 class=\"section__heading\"><span><br\/>RISULTATI E BENEFICI<\/span><\/h2><\/div><\/section>\n\n\n\n<section class=\"wp-block-lindy-key-info section section--key-info theme--light section--animation-none\"><div class=\"contained\"><div class=\"grid-2_sm-1-center\"><div class=\"col left_item\"><div class=\"box\"><h3 class=\"section__heading\"><\/h3><div class=\"section__content\"><p class=\"section__content\">Le soluzioni USB-C ad alte prestazioni di Lindy, combinate con la tecnologia Toggle Room di Inogeni, offrono un modo innovativo per estendere la connettivit\u00e0 e migliorare l&#8217;efficienza delle riunioni. Questa potente integrazione consente agli utenti di passare facilmente tra pi\u00f9 sistemi di conferenza, garantendo una compatibilit\u00e0 dei dispositivi senza problemi e senza necessit\u00e0 di riconfigurazioni continue. Grazie alla portata estesa dell&#8217;USB-C, i team possono collegare dispositivi come telecamere, microfoni e schermi da qualsiasi punto del tavolo, eliminando la frustrazione causata dai cavi corti e dalle configurazioni ingombranti.<\/p><\/div><\/div><\/div><div class=\"col right_item\"><div class=\"box\"><h3 class=\"section__heading\"><\/h3><div class=\"section__content\"><p class=\"section__content\">Inoltre, questa soluzione migliora la flessibilit\u00e0 e la produttivit\u00e0, consentendo alle aziende di creare<br\/>uno spazio di riunione veramente adattabile che accoglie sia i partecipanti remoti che quelli in<br\/>presenza.<br\/>Riducendo la complessit\u00e0 dell&#8217;installazione e ottimizzando i flussi di lavoro delle videoconferenze, Lindy e Inogeni offrono un&#8217;esperienza di collaborazione trasparente, professionale e pronta per il futuro.<\/p><\/div><\/div><\/div><\/div><\/div><\/section>\n\n\n\n<section class=\"wp-block-lindy-parallax-hero section parallax-hero theme--light align--center  font--size-medium\" style=\"background-image:url(https:\/\/lindy.com\/it\/wp-content\/uploads\/sites\/5\/2025\/05\/IT_Inogeni.png)\"><div class=\"contained contained--full-width\"><div class=\"parallax-hero__content\"><div class=\"parallax-hero__content-wrapper align--center\"><\/div><\/div><\/div><\/section>\n\n\n\n<section class=\"wp-block-lindy-image-text-module section section--full-width-image full-width-image--with-text theme--light section--animation-none align--center  font--size-medium\" style=\"background-image:url()\"><img decoding=\"async\" class=\"full-width-image__image\" src=\"\"\/><div class=\"contained\"><div class=\"full-width-image__content\"><h2 class=\"section__heading\"><span>CONCLUSIONI E PUNTI SALIENTI<\/span><\/h2><p class=\"section__paragraph\"><br\/>Le riunioni ibride sono il futuro della collaborazione, ma le installazioni audiovisive obsolete creano ostacoliinutili. Integrando le soluzioni USB-C all&#8217;avanguardia di Lindy con i Toggle Rooms di Inogeni, le aziendepossono garantire conferenze fluide, professionali e senza stress, indipendentemente dalle dimensioni odalla <br\/>configurazione della sala.<\/p><\/div><\/div><\/section>\n\n\n\n<section class=\"wp-block-lindy-image-text-module section section--full-width-image full-width-image--with-text theme--dark section--animation-none align--left  font--size-small width--half\" style=\"background-image:url(https:\/\/lindy.com\/it\/wp-content\/uploads\/sites\/5\/2025\/05\/Mock-up-case-sudy-Inogeni.jpg)\"><img decoding=\"async\" class=\"full-width-image__image\" src=\"https:\/\/lindy.com\/it\/wp-content\/uploads\/sites\/5\/2025\/05\/Mock-up-case-sudy-Inogeni.jpg\"\/><div class=\"contained\"><div class=\"full-width-image__content\"><\/div><\/div><\/section>\n\n\n\n<section class=\"wp-block-lindy-image-text-module section section--full-width-image full-width-image--with-text theme--dark section--animation-none align--center  font--size-small width--half\" style=\"background-image:url()\"><img decoding=\"async\" class=\"full-width-image__image\" src=\"\"\/><div class=\"contained\"><div class=\"full-width-image__content\"><h2 class=\"section__subheading section__subheading__title\">Hai trovato istruttivo questo case study?<\/h2><p class=\"section__paragraph\"><br\/><strong>Salvalo con un clic<\/strong>\u00a0<\/p><a href=\"https:\/\/lindy.com\/it\/wp-content\/uploads\/sites\/5\/2025\/05\/Lindy-x-Inogeni-Application-Case-Study-IT.pdf\" class=\"button button--white-transparent\" target=\"_blank\" rel=\"noopener noreferrer\">\ud83d\udce5 Scarica la versione PDF<\/a><\/div><\/div><\/section>\n","protected":false},"excerpt":{"rendered":"","protected":false},"author":28,"featured_media":0,"parent":0,"menu_order":0,"comment_status":"closed","ping_status":"closed","template":"page-templates\/template-landing.php","meta":{"_acf_changed":false,"footnotes":""},"class_list":["post-3323","page","type-page","status-publish","hentry"],"acf":[],"yoast_head":"<!-- This site is optimized with the Yoast SEO plugin v26.6 - https:\/\/yoast.com\/wordpress\/plugins\/seo\/ -->\n<title>CASE STUDY INOGENI - Lindy - Italian<\/title>\n<meta name=\"robots\" content=\"index, follow, max-snippet:-1, max-image-preview:large, max-video-preview:-1\" \/>\n<link rel=\"canonical\" href=\"https:\/\/lindy.com\/it\/case-study-inogeni\/\" \/>\n<meta property=\"og:locale\" content=\"it_IT\" \/>\n<meta property=\"og:type\" content=\"article\" \/>\n<meta property=\"og:title\" content=\"CASE STUDY INOGENI - Lindy - Italian\" \/>\n<meta property=\"og:url\" content=\"https:\/\/lindy.com\/it\/case-study-inogeni\/\" \/>\n<meta property=\"og:site_name\" content=\"Lindy - Italian\" \/>\n<meta property=\"article:modified_time\" content=\"2025-06-13T08:24:41+00:00\" \/>\n<meta property=\"og:image\" content=\"https:\/\/lindy.com\/fr\/wp-content\/uploads\/sites\/4\/2025\/05\/Inogeni_header.png\" \/>\n<meta name=\"twitter:card\" content=\"summary_large_image\" \/>\n<meta name=\"twitter:label1\" content=\"Tempo di lettura stimato\" \/>\n\t<meta name=\"twitter:data1\" content=\"7 minuti\" \/>\n<script type=\"application\/ld+json\" class=\"yoast-schema-graph\">{\"@context\":\"https:\/\/schema.org\",\"@graph\":[{\"@type\":\"WebPage\",\"@id\":\"https:\/\/lindy.com\/it\/case-study-inogeni\/\",\"url\":\"https:\/\/lindy.com\/it\/case-study-inogeni\/\",\"name\":\"CASE STUDY INOGENI - Lindy - Italian\",\"isPartOf\":{\"@id\":\"https:\/\/lindy.com\/it\/#website\"},\"primaryImageOfPage\":{\"@id\":\"https:\/\/lindy.com\/it\/case-study-inogeni\/#primaryimage\"},\"image\":{\"@id\":\"https:\/\/lindy.com\/it\/case-study-inogeni\/#primaryimage\"},\"thumbnailUrl\":\"https:\/\/lindy.com\/fr\/wp-content\/uploads\/sites\/4\/2025\/05\/Inogeni_header.png\",\"datePublished\":\"2025-06-12T13:52:45+00:00\",\"dateModified\":\"2025-06-13T08:24:41+00:00\",\"breadcrumb\":{\"@id\":\"https:\/\/lindy.com\/it\/case-study-inogeni\/#breadcrumb\"},\"inLanguage\":\"it-IT\",\"potentialAction\":[{\"@type\":\"ReadAction\",\"target\":[\"https:\/\/lindy.com\/it\/case-study-inogeni\/\"]}]},{\"@type\":\"ImageObject\",\"inLanguage\":\"it-IT\",\"@id\":\"https:\/\/lindy.com\/it\/case-study-inogeni\/#primaryimage\",\"url\":\"https:\/\/lindy.com\/fr\/wp-content\/uploads\/sites\/4\/2025\/05\/Inogeni_header.png\",\"contentUrl\":\"https:\/\/lindy.com\/fr\/wp-content\/uploads\/sites\/4\/2025\/05\/Inogeni_header.png\"},{\"@type\":\"BreadcrumbList\",\"@id\":\"https:\/\/lindy.com\/it\/case-study-inogeni\/#breadcrumb\",\"itemListElement\":[{\"@type\":\"ListItem\",\"position\":1,\"name\":\"Home\",\"item\":\"https:\/\/lindy.com\/it\/\"},{\"@type\":\"ListItem\",\"position\":2,\"name\":\"CASE STUDY INOGENI\"}]},{\"@type\":\"WebSite\",\"@id\":\"https:\/\/lindy.com\/it\/#website\",\"url\":\"https:\/\/lindy.com\/it\/\",\"name\":\"Lindy - Italian\",\"description\":\"Connection Perfection\",\"potentialAction\":[{\"@type\":\"SearchAction\",\"target\":{\"@type\":\"EntryPoint\",\"urlTemplate\":\"https:\/\/lindy.com\/it\/?s={search_term_string}\"},\"query-input\":{\"@type\":\"PropertyValueSpecification\",\"valueRequired\":true,\"valueName\":\"search_term_string\"}}],\"inLanguage\":\"it-IT\"}]}<\/script>\n<!-- \/ Yoast SEO plugin. -->","yoast_head_json":{"title":"CASE STUDY INOGENI - Lindy - Italian","robots":{"index":"index","follow":"follow","max-snippet":"max-snippet:-1","max-image-preview":"max-image-preview:large","max-video-preview":"max-video-preview:-1"},"canonical":"https:\/\/lindy.com\/it\/case-study-inogeni\/","og_locale":"it_IT","og_type":"article","og_title":"CASE STUDY INOGENI - Lindy - Italian","og_url":"https:\/\/lindy.com\/it\/case-study-inogeni\/","og_site_name":"Lindy - Italian","article_modified_time":"2025-06-13T08:24:41+00:00","og_image":[{"url":"https:\/\/lindy.com\/fr\/wp-content\/uploads\/sites\/4\/2025\/05\/Inogeni_header.png","type":"","width":"","height":""}],"twitter_card":"summary_large_image","twitter_misc":{"Tempo di lettura stimato":"7 minuti"},"schema":{"@context":"https:\/\/schema.org","@graph":[{"@type":"WebPage","@id":"https:\/\/lindy.com\/it\/case-study-inogeni\/","url":"https:\/\/lindy.com\/it\/case-study-inogeni\/","name":"CASE STUDY INOGENI - Lindy - Italian","isPartOf":{"@id":"https:\/\/lindy.com\/it\/#website"},"primaryImageOfPage":{"@id":"https:\/\/lindy.com\/it\/case-study-inogeni\/#primaryimage"},"image":{"@id":"https:\/\/lindy.com\/it\/case-study-inogeni\/#primaryimage"},"thumbnailUrl":"https:\/\/lindy.com\/fr\/wp-content\/uploads\/sites\/4\/2025\/05\/Inogeni_header.png","datePublished":"2025-06-12T13:52:45+00:00","dateModified":"2025-06-13T08:24:41+00:00","breadcrumb":{"@id":"https:\/\/lindy.com\/it\/case-study-inogeni\/#breadcrumb"},"inLanguage":"it-IT","potentialAction":[{"@type":"ReadAction","target":["https:\/\/lindy.com\/it\/case-study-inogeni\/"]}]},{"@type":"ImageObject","inLanguage":"it-IT","@id":"https:\/\/lindy.com\/it\/case-study-inogeni\/#primaryimage","url":"https:\/\/lindy.com\/fr\/wp-content\/uploads\/sites\/4\/2025\/05\/Inogeni_header.png","contentUrl":"https:\/\/lindy.com\/fr\/wp-content\/uploads\/sites\/4\/2025\/05\/Inogeni_header.png"},{"@type":"BreadcrumbList","@id":"https:\/\/lindy.com\/it\/case-study-inogeni\/#breadcrumb","itemListElement":[{"@type":"ListItem","position":1,"name":"Home","item":"https:\/\/lindy.com\/it\/"},{"@type":"ListItem","position":2,"name":"CASE STUDY INOGENI"}]},{"@type":"WebSite","@id":"https:\/\/lindy.com\/it\/#website","url":"https:\/\/lindy.com\/it\/","name":"Lindy - Italian","description":"Connection Perfection","potentialAction":[{"@type":"SearchAction","target":{"@type":"EntryPoint","urlTemplate":"https:\/\/lindy.com\/it\/?s={search_term_string}"},"query-input":{"@type":"PropertyValueSpecification","valueRequired":true,"valueName":"search_term_string"}}],"inLanguage":"it-IT"}]}},"_links":{"self":[{"href":"https:\/\/lindy.com\/it\/wp-json\/wp\/v2\/pages\/3323","targetHints":{"allow":["GET"]}}],"collection":[{"href":"https:\/\/lindy.com\/it\/wp-json\/wp\/v2\/pages"}],"about":[{"href":"https:\/\/lindy.com\/it\/wp-json\/wp\/v2\/types\/page"}],"author":[{"embeddable":true,"href":"https:\/\/lindy.com\/it\/wp-json\/wp\/v2\/users\/28"}],"replies":[{"embeddable":true,"href":"https:\/\/lindy.com\/it\/wp-json\/wp\/v2\/comments?post=3323"}],"version-history":[{"count":20,"href":"https:\/\/lindy.com\/it\/wp-json\/wp\/v2\/pages\/3323\/revisions"}],"predecessor-version":[{"id":3490,"href":"https:\/\/lindy.com\/it\/wp-json\/wp\/v2\/pages\/3323\/revisions\/3490"}],"wp:attachment":[{"href":"https:\/\/lindy.com\/it\/wp-json\/wp\/v2\/media?parent=3323"}],"curies":[{"name":"wp","href":"https:\/\/api.w.org\/{rel}","templated":true}]}}