{"id":3432,"date":"2025-06-17T08:11:55","date_gmt":"2025-06-17T08:11:55","guid":{"rendered":"https:\/\/lindy.com\/it\/?page_id=3432"},"modified":"2025-06-30T11:10:47","modified_gmt":"2025-06-30T11:10:47","slug":"know-how-tecnologie","status":"publish","type":"page","link":"https:\/\/lindy.com\/it\/know-how-tecnologie\/","title":{"rendered":"Tecnologie"},"content":{"rendered":"\n<section class=\"wp-block-lindy-parallax-hero section parallax-hero theme--dark align--center  font--size-large\" style=\"background-image:url(https:\/\/lindy.com\/de\/wp-content\/uploads\/sites\/3\/2025\/05\/universal_upscale_0_5f62fa1e-823a-49d7-8e3f-a102406c62c1_0.jpg)\"><div class=\"contained contained--full-width\"><div class=\"parallax-hero__content\"><div class=\"parallax-hero__content-wrapper align--center\"><h2 class=\"section__heading\"><span>Tecnologie<\/span><\/h2><p class=\"section__paragraph\"><br\/>Nella nostra sezione \u201cKnow How\u201d troverai informazioni complete sulle tecnologie, gli standard e gli sviluppi che caratterizzano le nostre soluzioni, dalla trasmissione dei segnali AV alla tecnologia USB , fino alle soluzioni di rete. Spiegate in modo chiaro, orientate alla pratica e sempre focalizzate sull&#8217;essenziale.<br\/><br\/><br\/><\/p><\/div><\/div><\/div><\/section>\n\n\n\n<section class=\"wp-block-lindy-paragraph-one-col section section--horizontal-content section--horizontal-content--one-column font--size-small theme--dark align--center  section--animation-none\"><div class=\"contained\"><h2 class=\"section__subheading section__subheading__title\">Conoscenze da oltre 90 anni<\/h2><p class=\"section__paragraph\"><br\/>Il mondo della connettivit\u00e0 \u00e8 complesso e in continua evoluzione. In Lindy, combiniamo decenni di esperienza con l&#8217;innovazione tecnica per offrirti non solo prodotti di alta qualit\u00e0 e soluzioni tangibili, ma anche una competenza approfondita.<\/p><\/div><\/section>\n\n\n\n<section class=\"wp-block-lindy-image-text-module section section--full-width-image full-width-image--with-text theme--light section--animation-none align--center  font--size-medium width--half\" style=\"background-image:url(https:\/\/lindy.com\/it\/wp-content\/uploads\/sites\/5\/2025\/03\/Flux_Dev_highresolution_stock_photo_of_Create_a_hightech_video_0-3.jpeg)\"><img decoding=\"async\" class=\"full-width-image__image\" src=\"https:\/\/lindy.com\/it\/wp-content\/uploads\/sites\/5\/2025\/03\/Flux_Dev_highresolution_stock_photo_of_Create_a_hightech_video_0-3.jpeg\"\/><div class=\"contained\"><div class=\"full-width-image__content\"><\/div><\/div><\/section>\n\n\n\n<section class=\"wp-block-lindy-image-text-module section section--full-width-image full-width-image--with-text theme--light section--animation-none align--left  font--size-medium width--half\" style=\"background-image:url()\"><img decoding=\"async\" class=\"full-width-image__image\" src=\"\"\/><div class=\"contained\"><div class=\"full-width-image__content\"><h2 class=\"section__heading\"><span>HDMI<strong>\u00ae<\/strong> 2.1<\/span><\/h2><h2 class=\"section__subheading section__subheading__title\">Massime prestazioni per le trasmissioni AV<\/h2><p class=\"section__paragraph\"><br\/>HDMI 2.1 porta la connettivit\u00e0 AV a un nuovo livello: con larghezze di banda pi\u00f9 elevate, risoluzioni 8K e 10K e funzioni innovative come VRR ed eARC, questo standard \u00e8 ideale per le applicazioni pi\u00f9 esigenti, dall&#8217;home entertainment al Pro AV.<\/p><a href=\"https:\/\/lindy.com\/it\/hdmi-2-1\/\" class=\"button button--dark\" target=\"_self\" rel=\"noopener noreferrer\">Alla pagina Know-How<\/a><\/div><\/div><\/section>\n\n\n\n<section class=\"wp-block-lindy-image-text-module section section--full-width-image full-width-image--with-text theme--dark section--animation-none align--right  font--size-medium width--half\" style=\"background-image:url()\"><img decoding=\"async\" class=\"full-width-image__image\" src=\"\"\/><div class=\"contained\"><div class=\"full-width-image__content\"><h2 class=\"section__heading\"><span>Displayport<strong>\u00ae<\/strong> 2.1<\/span><\/h2><h2 class=\"section__subheading section__subheading__title\">Massima flessibilit\u00e0 per display moderni<\/h2><p class=\"section__paragraph\"><br\/>DisplayPort 2.1 conquista per l&#8217;impressionante larghezza di banda, il supporto di risoluzioni 8K+ e l&#8217;efficienza ottimale, anche con le trasmissioni USB-C. Uno standard a prova di futuro per soluzioni grafiche di alto livello, configurazioni multi-display e applicazioni professionali.<\/p><a href=\"https:\/\/lindy.com\/it\/dp-2-1\/\" class=\"button button--white-transparent\" target=\"_self\" rel=\"noopener noreferrer\">Alla pagina Know-How<\/a><\/div><\/div><\/section>\n\n\n\n<section class=\"wp-block-lindy-image-text-module section section--full-width-image full-width-image--with-text theme--dark section--animation-none align--center  font--size-medium width--half\" style=\"background-image:url(https:\/\/lindy.com\/de\/wp-content\/uploads\/sites\/3\/2025\/06\/DP-HW.jpg)\"><img decoding=\"async\" class=\"full-width-image__image\" src=\"https:\/\/lindy.com\/de\/wp-content\/uploads\/sites\/3\/2025\/06\/DP-HW.jpg\"\/><div class=\"contained\"><div class=\"full-width-image__content\"><\/div><\/div><\/section>\n\n\n\n<p><\/p>\n\n\n\n<section class=\"wp-block-lindy-image-text-module section section--full-width-image full-width-image--with-text theme--dark section--animation-none align--left  font--size-medium width--half\" style=\"background-image:url(https:\/\/lindy.com\/de\/wp-content\/uploads\/sites\/3\/2025\/06\/USB-HW-1.jpg)\"><img decoding=\"async\" class=\"full-width-image__image\" src=\"https:\/\/lindy.com\/de\/wp-content\/uploads\/sites\/3\/2025\/06\/USB-HW-1.jpg\"\/><div class=\"contained\"><div class=\"full-width-image__content\"><\/div><\/div><\/section>\n\n\n\n<section class=\"wp-block-lindy-image-text-module section section--full-width-image full-width-image--with-text theme--light section--animation-none align--left  font--size-medium width--half\" style=\"background-image:url()\"><img decoding=\"async\" class=\"full-width-image__image\" src=\"\"\/><div class=\"contained\"><div class=\"full-width-image__content\"><h2 class=\"section__heading\"><span>USB<\/span><\/h2><h2 class=\"section__subheading section__subheading__title\">Standard universale per dati, video e alimentazione<\/h2><p class=\"section__paragraph\"><br\/>Che si tratti di USB-A, USB-C o USB4, la tecnologia USB \u00e8 parte integrante della connettivit\u00e0 moderna. Offre un rapido trasferimento di dati, un&#8217;alimentazione versatile e supporta connessioni video e di rete: flessibile, affidabile e diffuso a livello globale.<\/p><a href=\"https:\/\/lindy.com\/it\/technology\/usb\/\" class=\"button button--dark\" target=\"_self\" rel=\"noopener noreferrer\">Alla pagina Know-How<\/a><\/div><\/div><\/section>\n\n\n\n<section class=\"wp-block-lindy-image-text-module section section--full-width-image full-width-image--with-text theme--dark section--animation-none align--left  font--size-medium width--half\" style=\"background-image:url()\"><img decoding=\"async\" class=\"full-width-image__image\" src=\"\"\/><div class=\"contained\"><div class=\"full-width-image__content\"><h2 class=\"section__heading\"><span>USB4<\/span><\/h2><h2 class=\"section__subheading section__subheading__title\">Connettivit\u00e0 rivisitata<\/h2><p class=\"section__paragraph\"><br\/>L&#8217;USB4 combina velocit\u00e0 di trasferimento dati massime, Power Delivery e connettivit\u00e0 versatile, il tutto in un unico standard. Perfetto per i flussi di lavoro moderni, le periferiche ad alte prestazioni e la compatibilit\u00e0 continua. Maggiore velocit\u00e0, minore ingombro di cavi.<\/p><a href=\"https:\/\/lindy.com\/it\/usb-4\/\" class=\"button button--white-transparent\" target=\"_self\" rel=\"noopener noreferrer\">Alla pagina Know-How<\/a><\/div><\/div><\/section>\n\n\n\n<section class=\"wp-block-lindy-image-text-module section section--full-width-image full-width-image--with-text theme--dark section--animation-none align--left  font--size-medium width--half\" style=\"background-image:url(https:\/\/lindy.com\/it\/wp-content\/uploads\/sites\/5\/2025\/06\/USB-4_dynamic_cutout-1.jpg)\"><img decoding=\"async\" class=\"full-width-image__image\" src=\"https:\/\/lindy.com\/it\/wp-content\/uploads\/sites\/5\/2025\/06\/USB-4_dynamic_cutout-1.jpg\"\/><div class=\"contained\"><div class=\"full-width-image__content\"><\/div><\/div><\/section>\n","protected":false},"excerpt":{"rendered":"","protected":false},"author":21,"featured_media":0,"parent":0,"menu_order":0,"comment_status":"closed","ping_status":"closed","template":"page-templates\/template-landing.php","meta":{"_acf_changed":false,"footnotes":""},"class_list":["post-3432","page","type-page","status-publish","hentry"],"acf":[],"yoast_head":"<!-- This site is optimized with the Yoast SEO plugin v26.6 - https:\/\/yoast.com\/wordpress\/plugins\/seo\/ -->\n<title>Know-How Tecnologie - Lindy - Italian<\/title>\n<meta name=\"description\" content=\"Nella sezione \u201cKnow How\u201d scopri tecnologie, standard e sviluppi delle nostre soluzioni: trasmissione AV, USB e soluzioni di rete.\" \/>\n<meta name=\"robots\" content=\"index, follow, max-snippet:-1, max-image-preview:large, max-video-preview:-1\" \/>\n<link rel=\"canonical\" href=\"https:\/\/lindy.com\/it\/know-how-tecnologie\/\" \/>\n<meta property=\"og:locale\" content=\"it_IT\" \/>\n<meta property=\"og:type\" content=\"article\" \/>\n<meta property=\"og:title\" content=\"Know-How Tecnologie - Lindy - Italian\" \/>\n<meta property=\"og:description\" content=\"Nella sezione \u201cKnow How\u201d scopri tecnologie, standard e sviluppi delle nostre soluzioni: trasmissione AV, USB e soluzioni di rete.\" \/>\n<meta property=\"og:url\" content=\"https:\/\/lindy.com\/it\/know-how-tecnologie\/\" \/>\n<meta property=\"og:site_name\" content=\"Lindy - Italian\" \/>\n<meta property=\"article:modified_time\" content=\"2025-06-30T11:10:47+00:00\" \/>\n<meta property=\"og:image\" content=\"https:\/\/lindy.com\/it\/wp-content\/uploads\/sites\/5\/2025\/03\/Flux_Dev_highresolution_stock_photo_of_Create_a_hightech_video_0-3.jpeg\" \/>\n<meta name=\"twitter:card\" content=\"summary_large_image\" \/>\n<meta name=\"twitter:label1\" content=\"Tempo di lettura stimato\" \/>\n\t<meta name=\"twitter:data1\" content=\"4 minuti\" \/>\n<script type=\"application\/ld+json\" class=\"yoast-schema-graph\">{\"@context\":\"https:\/\/schema.org\",\"@graph\":[{\"@type\":\"WebPage\",\"@id\":\"https:\/\/lindy.com\/it\/know-how-tecnologie\/\",\"url\":\"https:\/\/lindy.com\/it\/know-how-tecnologie\/\",\"name\":\"Know-How Tecnologie - Lindy - Italian\",\"isPartOf\":{\"@id\":\"https:\/\/lindy.com\/it\/#website\"},\"primaryImageOfPage\":{\"@id\":\"https:\/\/lindy.com\/it\/know-how-tecnologie\/#primaryimage\"},\"image\":{\"@id\":\"https:\/\/lindy.com\/it\/know-how-tecnologie\/#primaryimage\"},\"thumbnailUrl\":\"https:\/\/lindy.com\/it\/wp-content\/uploads\/sites\/5\/2025\/03\/Flux_Dev_highresolution_stock_photo_of_Create_a_hightech_video_0-3.jpeg\",\"datePublished\":\"2025-06-17T08:11:55+00:00\",\"dateModified\":\"2025-06-30T11:10:47+00:00\",\"description\":\"Nella sezione \u201cKnow How\u201d scopri tecnologie, standard e sviluppi delle nostre soluzioni: trasmissione AV, USB e soluzioni di rete.\",\"breadcrumb\":{\"@id\":\"https:\/\/lindy.com\/it\/know-how-tecnologie\/#breadcrumb\"},\"inLanguage\":\"it-IT\",\"potentialAction\":[{\"@type\":\"ReadAction\",\"target\":[\"https:\/\/lindy.com\/it\/know-how-tecnologie\/\"]}]},{\"@type\":\"ImageObject\",\"inLanguage\":\"it-IT\",\"@id\":\"https:\/\/lindy.com\/it\/know-how-tecnologie\/#primaryimage\",\"url\":\"https:\/\/lindy.com\/it\/wp-content\/uploads\/sites\/5\/2025\/03\/Flux_Dev_highresolution_stock_photo_of_Create_a_hightech_video_0-3.jpeg\",\"contentUrl\":\"https:\/\/lindy.com\/it\/wp-content\/uploads\/sites\/5\/2025\/03\/Flux_Dev_highresolution_stock_photo_of_Create_a_hightech_video_0-3.jpeg\",\"width\":1376,\"height\":768,\"caption\":\"HDMI-Video Wall, light\"},{\"@type\":\"BreadcrumbList\",\"@id\":\"https:\/\/lindy.com\/it\/know-how-tecnologie\/#breadcrumb\",\"itemListElement\":[{\"@type\":\"ListItem\",\"position\":1,\"name\":\"Home\",\"item\":\"https:\/\/lindy.com\/it\/\"},{\"@type\":\"ListItem\",\"position\":2,\"name\":\"Tecnologie\"}]},{\"@type\":\"WebSite\",\"@id\":\"https:\/\/lindy.com\/it\/#website\",\"url\":\"https:\/\/lindy.com\/it\/\",\"name\":\"Lindy - Italian\",\"description\":\"Connection Perfection\",\"potentialAction\":[{\"@type\":\"SearchAction\",\"target\":{\"@type\":\"EntryPoint\",\"urlTemplate\":\"https:\/\/lindy.com\/it\/?s={search_term_string}\"},\"query-input\":{\"@type\":\"PropertyValueSpecification\",\"valueRequired\":true,\"valueName\":\"search_term_string\"}}],\"inLanguage\":\"it-IT\"}]}<\/script>\n<!-- \/ Yoast SEO plugin. -->","yoast_head_json":{"title":"Know-How Tecnologie - Lindy - Italian","description":"Nella sezione \u201cKnow How\u201d scopri tecnologie, standard e sviluppi delle nostre soluzioni: trasmissione AV, USB e soluzioni di rete.","robots":{"index":"index","follow":"follow","max-snippet":"max-snippet:-1","max-image-preview":"max-image-preview:large","max-video-preview":"max-video-preview:-1"},"canonical":"https:\/\/lindy.com\/it\/know-how-tecnologie\/","og_locale":"it_IT","og_type":"article","og_title":"Know-How Tecnologie - Lindy - Italian","og_description":"Nella sezione \u201cKnow How\u201d scopri tecnologie, standard e sviluppi delle nostre soluzioni: trasmissione AV, USB e soluzioni di rete.","og_url":"https:\/\/lindy.com\/it\/know-how-tecnologie\/","og_site_name":"Lindy - Italian","article_modified_time":"2025-06-30T11:10:47+00:00","og_image":[{"url":"https:\/\/lindy.com\/it\/wp-content\/uploads\/sites\/5\/2025\/03\/Flux_Dev_highresolution_stock_photo_of_Create_a_hightech_video_0-3.jpeg","type":"","width":"","height":""}],"twitter_card":"summary_large_image","twitter_misc":{"Tempo di lettura stimato":"4 minuti"},"schema":{"@context":"https:\/\/schema.org","@graph":[{"@type":"WebPage","@id":"https:\/\/lindy.com\/it\/know-how-tecnologie\/","url":"https:\/\/lindy.com\/it\/know-how-tecnologie\/","name":"Know-How Tecnologie - Lindy - Italian","isPartOf":{"@id":"https:\/\/lindy.com\/it\/#website"},"primaryImageOfPage":{"@id":"https:\/\/lindy.com\/it\/know-how-tecnologie\/#primaryimage"},"image":{"@id":"https:\/\/lindy.com\/it\/know-how-tecnologie\/#primaryimage"},"thumbnailUrl":"https:\/\/lindy.com\/it\/wp-content\/uploads\/sites\/5\/2025\/03\/Flux_Dev_highresolution_stock_photo_of_Create_a_hightech_video_0-3.jpeg","datePublished":"2025-06-17T08:11:55+00:00","dateModified":"2025-06-30T11:10:47+00:00","description":"Nella sezione \u201cKnow How\u201d scopri tecnologie, standard e sviluppi delle nostre soluzioni: trasmissione AV, USB e soluzioni di rete.","breadcrumb":{"@id":"https:\/\/lindy.com\/it\/know-how-tecnologie\/#breadcrumb"},"inLanguage":"it-IT","potentialAction":[{"@type":"ReadAction","target":["https:\/\/lindy.com\/it\/know-how-tecnologie\/"]}]},{"@type":"ImageObject","inLanguage":"it-IT","@id":"https:\/\/lindy.com\/it\/know-how-tecnologie\/#primaryimage","url":"https:\/\/lindy.com\/it\/wp-content\/uploads\/sites\/5\/2025\/03\/Flux_Dev_highresolution_stock_photo_of_Create_a_hightech_video_0-3.jpeg","contentUrl":"https:\/\/lindy.com\/it\/wp-content\/uploads\/sites\/5\/2025\/03\/Flux_Dev_highresolution_stock_photo_of_Create_a_hightech_video_0-3.jpeg","width":1376,"height":768,"caption":"HDMI-Video Wall, light"},{"@type":"BreadcrumbList","@id":"https:\/\/lindy.com\/it\/know-how-tecnologie\/#breadcrumb","itemListElement":[{"@type":"ListItem","position":1,"name":"Home","item":"https:\/\/lindy.com\/it\/"},{"@type":"ListItem","position":2,"name":"Tecnologie"}]},{"@type":"WebSite","@id":"https:\/\/lindy.com\/it\/#website","url":"https:\/\/lindy.com\/it\/","name":"Lindy - Italian","description":"Connection Perfection","potentialAction":[{"@type":"SearchAction","target":{"@type":"EntryPoint","urlTemplate":"https:\/\/lindy.com\/it\/?s={search_term_string}"},"query-input":{"@type":"PropertyValueSpecification","valueRequired":true,"valueName":"search_term_string"}}],"inLanguage":"it-IT"}]}},"_links":{"self":[{"href":"https:\/\/lindy.com\/it\/wp-json\/wp\/v2\/pages\/3432","targetHints":{"allow":["GET"]}}],"collection":[{"href":"https:\/\/lindy.com\/it\/wp-json\/wp\/v2\/pages"}],"about":[{"href":"https:\/\/lindy.com\/it\/wp-json\/wp\/v2\/types\/page"}],"author":[{"embeddable":true,"href":"https:\/\/lindy.com\/it\/wp-json\/wp\/v2\/users\/21"}],"replies":[{"embeddable":true,"href":"https:\/\/lindy.com\/it\/wp-json\/wp\/v2\/comments?post=3432"}],"version-history":[{"count":6,"href":"https:\/\/lindy.com\/it\/wp-json\/wp\/v2\/pages\/3432\/revisions"}],"predecessor-version":[{"id":3562,"href":"https:\/\/lindy.com\/it\/wp-json\/wp\/v2\/pages\/3432\/revisions\/3562"}],"wp:attachment":[{"href":"https:\/\/lindy.com\/it\/wp-json\/wp\/v2\/media?parent=3432"}],"curies":[{"name":"wp","href":"https:\/\/api.w.org\/{rel}","templated":true}]}}