{"id":3441,"date":"2025-06-23T09:34:17","date_gmt":"2025-06-23T09:34:17","guid":{"rendered":"https:\/\/lindy.com\/it\/?page_id=3441"},"modified":"2026-04-02T08:10:10","modified_gmt":"2026-04-02T08:10:10","slug":"usb-4","status":"publish","type":"page","link":"https:\/\/lindy.com\/it\/usb-4\/","title":{"rendered":"USB 4"},"content":{"rendered":"\n<section class=\"wp-block-lindy-image-text-module section section--full-width-image full-width-image--with-text theme--dark section--animation-none align--center  font--size-large\" style=\"background-image:url(https:\/\/lindy.com\/fr\/wp-content\/uploads\/sites\/4\/2025\/01\/Landing-page-USB-4-2.jpg)\"><img decoding=\"async\" class=\"full-width-image__image\" src=\"https:\/\/lindy.com\/fr\/wp-content\/uploads\/sites\/4\/2025\/01\/Landing-page-USB-4-2.jpg\"\/><div class=\"contained\"><div class=\"full-width-image__content\"><h2 class=\"section__heading\"><span>USB4<\/span><\/h2><h2 class=\"section__subheading section__subheading__title\">Una marcia in pi\u00f9 <\/h2><\/div><\/div><\/section>\n\n\n\n<section class=\"wp-block-lindy-image-text-module section section--full-width-image full-width-image--with-text theme--dark section--animation-up align--center  font--size-medium\" style=\"background-image:url()\"><img decoding=\"async\" class=\"full-width-image__image\" src=\"\"\/><div class=\"contained\"><div class=\"full-width-image__content\"><h2 class=\"section__heading\"><span>Il nuovo standard <\/span><\/h2><h2 class=\"section__subheading section__subheading__title\">per le massime prestazioni<\/h2><p class=\"section__paragraph\"><br\/>Dal 1996, l&#8217;USB (Universal Serial Bus) \u00e8 l&#8217;interfaccia universale per le periferiche dei computer. I concorrenti precedenti, come FireWire e Thunderbolt, non sono riusciti a ottenere un&#8217;ampia accettazione da parte del mercato e la maggior parte di essi \u00e8 scomparsa da tempo (ad esempio ADB, PS\/2, SCSI, LVD, IEEE 1284). Altri, come l&#8217;RS-232, sopravvivono solo in applicazioni industriali di nicchia. Con USB4, Thunderbolt 3 \u00e8 ora ufficialmente integrato, creando un nuovo standard ancora pi\u00f9 potente. <\/p><a href=\"https:\/\/www.lindy.it\/USB-4.htm?websale8=ld0101.ld041104&amp;ci=800510\" class=\"button button--white-transparent\" target=\"_blank\" rel=\"noopener noreferrer\">scopri la gamma prodotti<\/a><\/div><\/div><\/section>\n\n\n\n<section class=\"wp-block-lindy-heading-text section section--heading-text theme--dark align--center  font--size-medium section--animation-none\"><div class=\"contained\"><\/div><\/section>\n\n\n\n<section class=\"wp-block-lindy-image-text-module section section--full-width-image full-width-image--with-text theme--dark section--animation-none align--left  font--size-medium width--half\" style=\"background-image:url()\"><img decoding=\"async\" class=\"full-width-image__image\" src=\"\"\/><div class=\"contained\"><div class=\"full-width-image__content\"><h2 class=\"section__heading\"><span>una STORIA <\/span><\/h2><h2 class=\"section__subheading section__subheading__title\">di SUCCESSO<\/h2><p class=\"section__paragraph\"><br\/>Con l&#8217;introduzione dell&#8217;USB 1.0 \u00e8 nata l&#8217;idea rivoluzionaria di collegare tutte le periferiche attraverso un&#8217;unica porta standard. Caratteristiche come il Plug &amp; Play, l&#8217;hot-plugging e, per l&#8217;epoca, l&#8217;elevata velocit\u00e0 di trasferimento dati (12 Mbit\/s) hanno rapidamente affermato l&#8217;USB come interfaccia leader.<br\/><br\/>Le versioni successive hanno aumentato in modo massiccio le velocit\u00e0 di trasferimento: USB 2.0 raggiunse i 480 Mbit\/s, USB 3.0 sal\u00ec a 5 Gbit\/s, USB 3.1 a 10 Gbit\/s e USB 3.2 a 20 Gbit\/s. Questo ha di fatto soppiantato la maggior parte delle interfacce alternative, lasciando come nicchia solo le applicazioni in tempo reale.<\/p><\/div><\/div><\/section>\n\n\n\n<section class=\"wp-block-lindy-image-text-module section section--full-width-image full-width-image--with-text theme--light section--animation-none align--left  font--size-medium width--half\" style=\"background-image:url(https:\/\/lindy.com\/de\/wp-content\/uploads\/sites\/3\/2025\/03\/USB4-success-story.jpg)\"><img decoding=\"async\" class=\"full-width-image__image\" src=\"https:\/\/lindy.com\/de\/wp-content\/uploads\/sites\/3\/2025\/03\/USB4-success-story.jpg\"\/><div class=\"contained\"><div class=\"full-width-image__content\"><\/div><\/div><\/section>\n\n\n\n<section class=\"wp-block-lindy-image-text-module section section--full-width-image full-width-image--with-text theme--light section--animation-none align--left  font--size-medium width--half\" style=\"background-image:url(https:\/\/lindy.com\/de\/wp-content\/uploads\/sites\/3\/2025\/06\/USB4-Thunderbolt-2.jpg)\"><img decoding=\"async\" class=\"full-width-image__image\" src=\"https:\/\/lindy.com\/de\/wp-content\/uploads\/sites\/3\/2025\/06\/USB4-Thunderbolt-2.jpg\"\/><div class=\"contained\"><div class=\"full-width-image__content\"><\/div><\/div><\/section>\n\n\n\n<section class=\"wp-block-lindy-image-text-module section section--full-width-image full-width-image--with-text theme--light section--animation-none align--left  font--size-medium width--half\" style=\"background-image:url()\"><img decoding=\"async\" class=\"full-width-image__image\" src=\"\"\/><div class=\"contained\"><div class=\"full-width-image__content\"><h2 class=\"section__heading\"><span><strong>THunderbolt <\/strong><\/span><\/h2><h2 class=\"section__subheading section__subheading__title\">&amp; LIGHTNING <\/h2><p class=\"section__paragraph\"><br\/>Thunderbolt \u00e8 stato introdotto da Intel e Apple nel 2011. Basato su DisplayPort e utilizzando un canale dati PCIe bidirezionale, ha permesso di raggiungere velocit\u00e0 significativamente superiori. Thunderbolt 3 ha segnato il debutto del connettore USB-C. Inizialmente, con una velocit\u00e0 doppia rispetto all&#8217;USB 3.0, Thunderbolt ha rappresentato una seria sfida per l&#8217;USB.<br\/>Tuttavia, alla fine non \u00e8 riuscito a ottenere un&#8217;ampia adozione, soprattutto a causa della pi\u00f9 ampia diffusione dell&#8217;USB e dei minori costi di produzione dell&#8217;hardware USB. Nemmeno l&#8217;aggiunta della retrocompatibilit\u00e0 con USB 3.1 \u00e8 stata sufficiente a garantire il dominio di Thunderbolt.<\/p><\/div><\/div><\/section>\n\n\n\n<section class=\"wp-block-lindy-image-text-module section section--full-width-image full-width-image--with-text theme--dark section--animation-none align--left  font--size-medium width--half\" style=\"background-image:url()\"><img decoding=\"async\" class=\"full-width-image__image\" src=\"\"\/><div class=\"contained\"><div class=\"full-width-image__content\"><h2 class=\"section__heading\"><span><strong>Da due<\/strong><\/span><\/h2><h2 class=\"section__subheading section__subheading__title\">A UNO<\/h2><p class=\"section__paragraph\"><br\/>USB4 \u00e8 il primo standard che combina realmente i punti di forza di USB e Thunderbolt. Con velocit\u00e0 di trasferimento fino a 40 Gbit\/s, il doppio rispetto a USB 3.2, unisce la flessibilit\u00e0 degli hub USB alle elevate prestazioni di Thunderbolt.<br\/>Grazie all&#8217;integrazione di PCIe, DisplayPort ( Alternate Mode) e USB 2.0, USB4 \u00e8 eccezionalmente versatile, ideale per trasferimenti di dati veloci, trasmissione di segnali AV e per il collegamento di un&#8217;ampia gamma di dispositivi.<\/p><\/div><\/div><\/section>\n\n\n\n<section class=\"wp-block-lindy-image-text-module section section--full-width-image full-width-image--with-text theme--dark section--animation-none align--left  font--size-medium width--half\" style=\"background-image:url(https:\/\/lindy.com\/it\/wp-content\/uploads\/sites\/5\/2026\/04\/USB4_Landing-Page_Speed-USB_IT.png)\"><img decoding=\"async\" class=\"full-width-image__image\" src=\"https:\/\/lindy.com\/it\/wp-content\/uploads\/sites\/5\/2026\/04\/USB4_Landing-Page_Speed-USB_IT.png\"\/><div class=\"contained\"><div class=\"full-width-image__content\"><\/div><\/div><\/section>\n\n\n\n<section class=\"wp-block-lindy-image-text-module section section--full-width-image full-width-image--with-text theme--dark section--animation-none align--center  font--size-medium\" style=\"background-image:url()\"><img decoding=\"async\" class=\"full-width-image__image\" src=\"\"\/><div class=\"contained\"><div class=\"full-width-image__content\"><h2 class=\"section__heading\"><span>Un complesso<\/span><\/h2><h2 class=\"section__subheading section__subheading__title\">e un insieme di parti<\/h2><p class=\"section__paragraph\"><br\/>USB4 unisce pi\u00f9 protocolli, tra cui USB 2.0, Enhanced Superspeed, PCIe e DisplayPort. Ci\u00f2 \u00e8 reso possibile da un&#8217;architettura interna intelligente che comprende controller, switch e un cosiddetto router che coordina la comunicazione.<br\/><br\/>Il connettore USB-C rimane centrale: grazie al DisplayPort Alternate Mode, consente non solo il trasferimento di dati ma anche la trasmissione AV, ad esempio a monitor o proiettori.<br\/><br\/>Quando si collega un nuovo dispositivo, i protocolli e le velocit\u00e0 supportate vengono negoziati automaticamente. Mentre l&#8217;USB4 consente velocit\u00e0 di trasferimento fino a 40 Gbit\/s, la specifica garantisce solo 20 Gbit\/s: ci\u00f2 significa che i dispositivi Thunderbolt 3 possono funzionare a velocit\u00e0 ridotta, a seconda dell&#8217;host. \u00c8 opportuno verificare le specifiche dell&#8217;hardware.<\/p><\/div><\/div><\/section>\n\n\n\n<section class=\"wp-block-lindy-parallax-hero section parallax-hero theme--dark align--right  font--size-medium\" style=\"background-image:url(https:\/\/lindy.com\/fr\/wp-content\/uploads\/sites\/4\/2025\/01\/USB-4-Parallex.jpg)\"><div class=\"contained contained--full-width\"><div class=\"parallax-hero__content\"><div class=\"parallax-hero__content-wrapper align--right\"><h2 class=\"section__heading\"><span><br\/><br\/><br\/><\/span><\/h2><\/div><\/div><\/div><\/section>\n\n\n\n<section class=\"wp-block-lindy-image-text-module section section--full-width-image full-width-image--with-text theme--dark section--animation-none align--left  font--size-medium width--half\" style=\"background-image:url()\"><img decoding=\"async\" class=\"full-width-image__image\" src=\"\"\/><div class=\"contained\"><div class=\"full-width-image__content\"><h2 class=\"section__heading\"><span><strong>Una torre di Babele<\/strong><\/span><\/h2><h2 class=\"section__subheading section__subheading__title\">rivisitata<\/h2><p class=\"section__paragraph\"><br\/>A partire dall&#8217;USB 3.1, le convenzioni di denominazione hanno causato molta confusione:<br\/>USB 3.0 (5 Gbit\/s) \u00e8 diventato USB 3.1 Gen 1,<br\/>USB 3.1 (10 Gbit\/s) \u00e8 diventato USB 3.1 Gen 2.<br\/>L&#8217;USB 3.2 ha introdotto ancora pi\u00f9 varianti:<br\/><strong>USB 3.2 Gen 1<\/strong> = 5 Gbit\/s<br\/><strong>USB 3.2 Gen 2<\/strong> = 10 Gbit\/s<br\/><strong>USB 3.2 Gen 2\u00d72<\/strong> = 20 Gbit\/s<br\/><br\/>USB4 mantiene questa logica:<br\/><strong>USB4 Gen 2\u00d72<\/strong> = 20\u202fGbit\/s<br\/><strong>USB4 Gen 3\u00d72<\/strong> = 40\u202fGbit\/s<br\/><br\/>Non si sa se le versioni pi\u00f9 vecchie verranno nuovamente rinominate, ma una cosa \u00e8 certa: quando si acquista hardware USB, prestare sempre molta attenzione all&#8217;esatta etichettatura<\/p><\/div><\/div><\/section>\n\n\n\n<section class=\"wp-block-lindy-image-text-module section section--full-width-image full-width-image--with-text theme--light section--animation-none align--left  font--size-medium width--half\" style=\"background-image:url(https:\/\/lindy.com\/de\/wp-content\/uploads\/sites\/3\/2025\/06\/USB-4-Symbole-EN-HW-1.png)\"><img decoding=\"async\" class=\"full-width-image__image\" src=\"https:\/\/lindy.com\/de\/wp-content\/uploads\/sites\/3\/2025\/06\/USB-4-Symbole-EN-HW-1.png\"\/><div class=\"contained\"><div class=\"full-width-image__content\"><\/div><\/div><\/section>\n\n\n\n<section class=\"wp-block-lindy-image-text-module section section--full-width-image full-width-image--with-text theme--dark section--animation-none align--center  font--size-medium width--half\" style=\"background-image:url(https:\/\/lindy.com\/de\/wp-content\/uploads\/sites\/3\/2025\/03\/e-without-icon-1.jpg)\"><img decoding=\"async\" class=\"full-width-image__image\" src=\"https:\/\/lindy.com\/de\/wp-content\/uploads\/sites\/3\/2025\/03\/e-without-icon-1.jpg\"\/><div class=\"contained\"><div class=\"full-width-image__content\"><h2 class=\"section__subheading section__subheading__title\"><br\/><br\/><\/h2><p class=\"section__paragraph\"><br\/><br\/><br\/><\/p><\/div><\/div><\/section>\n\n\n\n<section class=\"wp-block-lindy-image-text-module section section--full-width-image full-width-image--with-text theme--dark section--animation-none align--left  font--size-medium width--half\" style=\"background-image:url()\"><img decoding=\"async\" class=\"full-width-image__image\" src=\"\"\/><div class=\"contained\"><div class=\"full-width-image__content\"><h2 class=\"section__heading\"><span>Piena integrazione<\/span><\/h2><h2 class=\"section__subheading section__subheading__title\">di Power Delivery<\/h2><p class=\"section__paragraph\"><br\/>L&#8217;USB4 adotta pienamente lo standard Power Delivery (PD), che gestisce la distribuzione dell&#8217;alimentazione tra host, hub e dispositivi collegati, compresa la commutazione della direzione e vari profili di alimentazione. Con PD 3.0 sono supportati fino a<strong> 20 V \/ 5 A (100 W)<\/strong>; l&#8217;ultimo standard<strong> <\/strong>Power Delivery (<strong>PD 3.1)<\/strong> consente fino a <strong>240 W (48 V \/ 5 A).<\/strong><br\/> <br\/>Grazie a un chip E-Marker integrato, i cavi identificano automaticamente i livelli di potenza che possono supportare. Ad esempio, un computer portatile pu\u00f2 essere caricato e alimentato contemporaneamente con un unico cavo USB-C \u2014 l&#8217;ideale per le docking station e per una configurazione pulita e snella.<\/p><\/div><\/div><\/section>\n\n\n\n<section class=\"wp-block-lindy-image-text-module section section--full-width-image full-width-image--with-text theme--light section--animation-none align--left  font--size-medium width--half\" style=\"background-image:url()\"><img decoding=\"async\" class=\"full-width-image__image\" src=\"\"\/><div class=\"contained\"><div class=\"full-width-image__content\"><h2 class=\"section__heading\"><span><strong>Cosa significa<\/strong><\/span><\/h2><h2 class=\"section__subheading section__subheading__title\">questo per l\u2019utente?<\/h2><p class=\"section__paragraph\"><br\/>L&#8217;USB4 semplifica molte cose: maggiore larghezza di banda, standard unificati e un unico tipo di connettore \u2014 l<strong>&#8216;USB-C.<\/strong> Gli utenti con dispositivi che supportano pienamente le funzionalit\u00e0 dell&#8217;<strong>USB4<\/strong> \u2014tra cui velocit\u00e0 di trasferimento di <strong>40 Gbit\/s<\/strong> e Power Delivery \u2014beneficiano delle massime prestazioni con un minimo ingombro di cavi. In passato era necessario controllare attentamente i loghi e le specifiche; oggi l&#8217;USB4 aumenta la compatibilit\u00e0 e la facilit\u00e0 d&#8217;uso.<br\/><br\/>Tuttavia, \u00e8 necessario prestare attenzione:<br\/>Non tutte le porte USB-C offrono automaticamente prestazioni USB4 complete. Quando si acquistano dispositivi, \u00e8 importante verificare la velocit\u00e0 (<strong>Designazione Gen<\/strong>) e il supporto <strong>Power Delivery<\/strong>.<br\/><br\/>La nuova versione <strong>2.0<\/strong> di USB4 segna gi\u00e0 il passo successivo nello sviluppo: offrendo fino a <strong>80 Gbit\/s <\/strong>e la compatibilit\u00e0 con DisplayPort 2.1 tramite Alternate Mode, raddoppia ancora una volta la velocit\u00e0 di trasferimento dati, ideale per periferiche di fascia alta come display 8K o SSD ultraveloci. Grazie alla retrocompatibilit\u00e0, il connettore rimane lo stesso, ma come sempre: solo i cavi e i dispositivi giusti possono sfruttare appieno il potenziale.<\/p><\/div><\/div><\/section>\n\n\n\n<section class=\"wp-block-lindy-image-text-module section section--full-width-image full-width-image--with-text theme--light section--animation-none align--left  font--size-medium width--half\" style=\"background-image:url(https:\/\/lindy.com\/de\/wp-content\/uploads\/sites\/3\/2025\/03\/USB4-power-delivery.jpg)\"><img decoding=\"async\" class=\"full-width-image__image\" src=\"https:\/\/lindy.com\/de\/wp-content\/uploads\/sites\/3\/2025\/03\/USB4-power-delivery.jpg\"\/><div class=\"contained\"><div class=\"full-width-image__content\"><\/div><\/div><\/section>\n\n\n\n<section class=\"wp-block-lindy-image-text-module section section--full-width-image full-width-image--with-text theme--dark section--animation-none align--center  font--size-medium\" style=\"background-image:url(https:\/\/lindy.com\/it\/wp-content\/uploads\/sites\/5\/2026\/04\/Sales-Background.png)\"><img decoding=\"async\" class=\"full-width-image__image\" src=\"https:\/\/lindy.com\/it\/wp-content\/uploads\/sites\/5\/2026\/04\/Sales-Background.png\"\/><div class=\"contained\"><div class=\"full-width-image__content\"><h2 class=\"section__heading\"><span><br\/>HaI domande o desiderI una consulenza personalizzata?<\/span><\/h2><h2 class=\"section__subheading section__subheading__title\">ParlA con i nostri esperti.<\/h2><p class=\"section__paragraph\"><br\/><br\/><br\/><\/p><a href=\"https:\/\/lindy.com\/it\/contatti\/\" class=\"button button--white-transparent\" target=\"_self\" rel=\"noopener noreferrer\">Contattare<\/a><\/div><\/div><\/section>\n","protected":false},"excerpt":{"rendered":"","protected":false},"author":21,"featured_media":0,"parent":0,"menu_order":0,"comment_status":"closed","ping_status":"closed","template":"page-templates\/template-landing.php","meta":{"_acf_changed":false,"footnotes":""},"class_list":["post-3441","page","type-page","status-publish","hentry"],"acf":[],"yoast_head":"<!-- This site is optimized with the Yoast SEO plugin v26.6 - https:\/\/yoast.com\/wordpress\/plugins\/seo\/ -->\n<title>USB 4 - Lindy - Italian<\/title>\n<meta name=\"robots\" content=\"index, follow, max-snippet:-1, max-image-preview:large, max-video-preview:-1\" \/>\n<link rel=\"canonical\" href=\"https:\/\/lindy.com\/it\/usb-4\/\" \/>\n<meta property=\"og:locale\" content=\"it_IT\" \/>\n<meta property=\"og:type\" content=\"article\" \/>\n<meta property=\"og:title\" content=\"USB 4 - Lindy - Italian\" \/>\n<meta property=\"og:url\" content=\"https:\/\/lindy.com\/it\/usb-4\/\" \/>\n<meta property=\"og:site_name\" content=\"Lindy - Italian\" \/>\n<meta property=\"article:modified_time\" content=\"2026-04-02T08:10:10+00:00\" \/>\n<meta property=\"og:image\" content=\"https:\/\/lindy.com\/fr\/wp-content\/uploads\/sites\/4\/2025\/01\/Landing-page-USB-4-2.jpg\" \/>\n<meta name=\"twitter:card\" content=\"summary_large_image\" \/>\n<meta name=\"twitter:label1\" content=\"Tempo di lettura stimato\" \/>\n\t<meta name=\"twitter:data1\" content=\"8 minuti\" \/>\n<script type=\"application\/ld+json\" class=\"yoast-schema-graph\">{\"@context\":\"https:\/\/schema.org\",\"@graph\":[{\"@type\":\"WebPage\",\"@id\":\"https:\/\/lindy.com\/it\/usb-4\/\",\"url\":\"https:\/\/lindy.com\/it\/usb-4\/\",\"name\":\"USB 4 - Lindy - Italian\",\"isPartOf\":{\"@id\":\"https:\/\/lindy.com\/it\/#website\"},\"primaryImageOfPage\":{\"@id\":\"https:\/\/lindy.com\/it\/usb-4\/#primaryimage\"},\"image\":{\"@id\":\"https:\/\/lindy.com\/it\/usb-4\/#primaryimage\"},\"thumbnailUrl\":\"https:\/\/lindy.com\/fr\/wp-content\/uploads\/sites\/4\/2025\/01\/Landing-page-USB-4-2.jpg\",\"datePublished\":\"2025-06-23T09:34:17+00:00\",\"dateModified\":\"2026-04-02T08:10:10+00:00\",\"breadcrumb\":{\"@id\":\"https:\/\/lindy.com\/it\/usb-4\/#breadcrumb\"},\"inLanguage\":\"it-IT\",\"potentialAction\":[{\"@type\":\"ReadAction\",\"target\":[\"https:\/\/lindy.com\/it\/usb-4\/\"]}]},{\"@type\":\"ImageObject\",\"inLanguage\":\"it-IT\",\"@id\":\"https:\/\/lindy.com\/it\/usb-4\/#primaryimage\",\"url\":\"https:\/\/lindy.com\/fr\/wp-content\/uploads\/sites\/4\/2025\/01\/Landing-page-USB-4-2.jpg\",\"contentUrl\":\"https:\/\/lindy.com\/fr\/wp-content\/uploads\/sites\/4\/2025\/01\/Landing-page-USB-4-2.jpg\"},{\"@type\":\"BreadcrumbList\",\"@id\":\"https:\/\/lindy.com\/it\/usb-4\/#breadcrumb\",\"itemListElement\":[{\"@type\":\"ListItem\",\"position\":1,\"name\":\"Home\",\"item\":\"https:\/\/lindy.com\/it\/\"},{\"@type\":\"ListItem\",\"position\":2,\"name\":\"USB 4\"}]},{\"@type\":\"WebSite\",\"@id\":\"https:\/\/lindy.com\/it\/#website\",\"url\":\"https:\/\/lindy.com\/it\/\",\"name\":\"Lindy - Italian\",\"description\":\"Connection Perfection\",\"potentialAction\":[{\"@type\":\"SearchAction\",\"target\":{\"@type\":\"EntryPoint\",\"urlTemplate\":\"https:\/\/lindy.com\/it\/?s={search_term_string}\"},\"query-input\":{\"@type\":\"PropertyValueSpecification\",\"valueRequired\":true,\"valueName\":\"search_term_string\"}}],\"inLanguage\":\"it-IT\"}]}<\/script>\n<!-- \/ Yoast SEO plugin. -->","yoast_head_json":{"title":"USB 4 - Lindy - Italian","robots":{"index":"index","follow":"follow","max-snippet":"max-snippet:-1","max-image-preview":"max-image-preview:large","max-video-preview":"max-video-preview:-1"},"canonical":"https:\/\/lindy.com\/it\/usb-4\/","og_locale":"it_IT","og_type":"article","og_title":"USB 4 - Lindy - Italian","og_url":"https:\/\/lindy.com\/it\/usb-4\/","og_site_name":"Lindy - Italian","article_modified_time":"2026-04-02T08:10:10+00:00","og_image":[{"url":"https:\/\/lindy.com\/fr\/wp-content\/uploads\/sites\/4\/2025\/01\/Landing-page-USB-4-2.jpg","type":"","width":"","height":""}],"twitter_card":"summary_large_image","twitter_misc":{"Tempo di lettura stimato":"8 minuti"},"schema":{"@context":"https:\/\/schema.org","@graph":[{"@type":"WebPage","@id":"https:\/\/lindy.com\/it\/usb-4\/","url":"https:\/\/lindy.com\/it\/usb-4\/","name":"USB 4 - Lindy - Italian","isPartOf":{"@id":"https:\/\/lindy.com\/it\/#website"},"primaryImageOfPage":{"@id":"https:\/\/lindy.com\/it\/usb-4\/#primaryimage"},"image":{"@id":"https:\/\/lindy.com\/it\/usb-4\/#primaryimage"},"thumbnailUrl":"https:\/\/lindy.com\/fr\/wp-content\/uploads\/sites\/4\/2025\/01\/Landing-page-USB-4-2.jpg","datePublished":"2025-06-23T09:34:17+00:00","dateModified":"2026-04-02T08:10:10+00:00","breadcrumb":{"@id":"https:\/\/lindy.com\/it\/usb-4\/#breadcrumb"},"inLanguage":"it-IT","potentialAction":[{"@type":"ReadAction","target":["https:\/\/lindy.com\/it\/usb-4\/"]}]},{"@type":"ImageObject","inLanguage":"it-IT","@id":"https:\/\/lindy.com\/it\/usb-4\/#primaryimage","url":"https:\/\/lindy.com\/fr\/wp-content\/uploads\/sites\/4\/2025\/01\/Landing-page-USB-4-2.jpg","contentUrl":"https:\/\/lindy.com\/fr\/wp-content\/uploads\/sites\/4\/2025\/01\/Landing-page-USB-4-2.jpg"},{"@type":"BreadcrumbList","@id":"https:\/\/lindy.com\/it\/usb-4\/#breadcrumb","itemListElement":[{"@type":"ListItem","position":1,"name":"Home","item":"https:\/\/lindy.com\/it\/"},{"@type":"ListItem","position":2,"name":"USB 4"}]},{"@type":"WebSite","@id":"https:\/\/lindy.com\/it\/#website","url":"https:\/\/lindy.com\/it\/","name":"Lindy - Italian","description":"Connection Perfection","potentialAction":[{"@type":"SearchAction","target":{"@type":"EntryPoint","urlTemplate":"https:\/\/lindy.com\/it\/?s={search_term_string}"},"query-input":{"@type":"PropertyValueSpecification","valueRequired":true,"valueName":"search_term_string"}}],"inLanguage":"it-IT"}]}},"_links":{"self":[{"href":"https:\/\/lindy.com\/it\/wp-json\/wp\/v2\/pages\/3441","targetHints":{"allow":["GET"]}}],"collection":[{"href":"https:\/\/lindy.com\/it\/wp-json\/wp\/v2\/pages"}],"about":[{"href":"https:\/\/lindy.com\/it\/wp-json\/wp\/v2\/types\/page"}],"author":[{"embeddable":true,"href":"https:\/\/lindy.com\/it\/wp-json\/wp\/v2\/users\/21"}],"replies":[{"embeddable":true,"href":"https:\/\/lindy.com\/it\/wp-json\/wp\/v2\/comments?post=3441"}],"version-history":[{"count":10,"href":"https:\/\/lindy.com\/it\/wp-json\/wp\/v2\/pages\/3441\/revisions"}],"predecessor-version":[{"id":4784,"href":"https:\/\/lindy.com\/it\/wp-json\/wp\/v2\/pages\/3441\/revisions\/4784"}],"wp:attachment":[{"href":"https:\/\/lindy.com\/it\/wp-json\/wp\/v2\/media?parent=3441"}],"curies":[{"name":"wp","href":"https:\/\/api.w.org\/{rel}","templated":true}]}}