{"id":3577,"date":"2025-07-21T07:14:13","date_gmt":"2025-07-21T07:14:13","guid":{"rendered":"https:\/\/lindy.com\/it\/?page_id=3577"},"modified":"2025-09-23T11:05:10","modified_gmt":"2025-09-23T11:05:10","slug":"case-study-neat-application","status":"publish","type":"page","link":"https:\/\/lindy.com\/it\/case-study-neat-application\/","title":{"rendered":"CASE STUDY NEAT APPLICATION"},"content":{"rendered":"\n<section class=\"wp-block-lindy-image-text-module section section--full-width-image full-width-image--with-text theme--dark section--animation-none align--center  font--size-large\" style=\"background-image:url(https:\/\/lindy.com\/eu\/wp-content\/uploads\/sites\/10\/2025\/07\/Header-Neat-Landing-page.jpg)\"><img decoding=\"async\" class=\"full-width-image__image\" src=\"https:\/\/lindy.com\/eu\/wp-content\/uploads\/sites\/10\/2025\/07\/Header-Neat-Landing-page.jpg\"\/><div class=\"contained\"><div class=\"full-width-image__content\"><h2 class=\"section__heading\"><span>PROGETTATI PER LAVORARE INSIEME<\/span><\/h2><h2 class=\"section__subheading section__subheading__title\">INTELLIGENZA NEAT CONNESSIONE LINDY<\/h2><\/div><\/div><\/section>\n\n\n\n<section class=\"wp-block-lindy-image-text-module section section--full-width-image full-width-image--with-text theme--light section--animation-none align--center font--camber font--size-medium\" style=\"background-image:url()\"><img decoding=\"async\" class=\"full-width-image__image\" src=\"\"\/><div class=\"contained\"><div class=\"full-width-image__content\"><h2 class=\"section__subheading section__subheading__title\">DUE MARCHI, UN\u2019 ESPERIENZA FLUIDA<\/h2><p class=\"section__paragraph\"><br\/>La partnership tra Lindy, leader globale nelle soluzioni di connettivit\u00e0, e Neat, pioniere nella tecnologia innovativa di collaborazione video, unisce due forze complementari. La missione condivisa di questa partnership \u00e8 quella di semplificare e migliorare l&#8217;esperienza delle riunioni attraverso un&#8217;integrazione potente, elegante e affidabile.<\/p><\/div><\/div><\/section>\n\n\n\n<section class=\"wp-block-lindy-image-text-module section section--full-width-image full-width-image--with-text theme--dark section--animation-none align--left  font--size-medium width--half\" style=\"background-image:url(https:\/\/lindy.com\/eu\/wp-content\/uploads\/sites\/10\/2025\/07\/universal_upscale_0_308aa43e-81e5-4eca-9b51-6460fb3243fe_0.jpg)\"><img decoding=\"async\" class=\"full-width-image__image\" src=\"https:\/\/lindy.com\/eu\/wp-content\/uploads\/sites\/10\/2025\/07\/universal_upscale_0_308aa43e-81e5-4eca-9b51-6460fb3243fe_0.jpg\"\/><div class=\"contained\"><div class=\"full-width-image__content\"><\/div><\/div><\/section>\n\n\n\n<section class=\"wp-block-lindy-image-text-module section section--full-width-image full-width-image--with-text theme--dark section--animation-none align--left  font--size-medium width--half\" style=\"background-image:url()\"><img decoding=\"async\" class=\"full-width-image__image\" src=\"\"\/><div class=\"contained\"><div class=\"full-width-image__content\"><h2 class=\"section__heading\"><span>LA SFIDA<\/span><\/h2><p class=\"section__paragraph\"><br\/>Gli spazi riunione di oggi richiedono pi\u00f9 di una semplice connettivit\u00e0 standard. L\u2019integrazione di soluzioni avanzate per la collaborazione video, come quelle offerte da aziende come Neat, comporta spesso sfide come la trasmissione di segnali su lunghe distanze, il mantenimento di un\u2019installazione ordinata e la garanzia di compatibilit\u00e0 tra le diverse configurazioni delle aree, in cui le soluzioni di cablaggio tradizionali spesso falliscono.<\/p><\/div><\/div><\/section>\n\n\n\n<section class=\"wp-block-lindy-image-text-module section section--full-width-image full-width-image--with-text theme--light section--animation-none align--left  font--size-medium width--half\" style=\"background-image:url()\"><img decoding=\"async\" class=\"full-width-image__image\" src=\"\"\/><div class=\"contained\"><div class=\"full-width-image__content\"><h2 class=\"section__heading\"><span>la soluzione<\/span><\/h2><p class=\"section__paragraph\"><br\/>Lindy e Neat condividono l&#8217;impegno per la semplicit\u00e0, le prestazioni e l&#8217;affidabilit\u00e0, rendendo i loro prodotti naturalmente compatibili. I dispositivi Neat, di facile utilizzo, si accoppiano perfettamente con le soluzioni USB-C e HDMI ad alte prestazioni di Lindy, garantendo la piena funzionalit\u00e0 in qualsiasi dimensione della stanza. Insieme, offrono un&#8217;esperienza AV snella e affidabile, ideale per spazi di riunione moderni<br\/>e innovativi.<\/p><\/div><\/div><\/section>\n\n\n\n<section class=\"wp-block-lindy-image-text-module section section--full-width-image full-width-image--with-text theme--light section--animation-none align--left  font--size-medium width--half\" style=\"background-image:url()\"><img decoding=\"async\" class=\"full-width-image__image\" src=\"\"\/><div class=\"contained\"><div class=\"full-width-image__content\"><p class=\"section__paragraph\"><iframe loading=\"lazy\" title=\"LINDY 70m Cat.6 BYOD EXTENDER Test\" width=\"500\" height=\"281\" src=\"https:\/\/www.youtube.com\/embed\/4L9pQ0L_Xn0?feature=oembed\" frameborder=\"0\" allow=\"accelerometer; autoplay; clipboard-write; encrypted-media; gyroscope; picture-in-picture; web-share\" referrerpolicy=\"strict-origin-when-cross-origin\" allowfullscreen><\/iframe><\/p><\/div><\/div><\/section>\n\n\n\n<section class=\"wp-block-lindy-heading-text section section--heading-text theme--dark align--center  font--size-medium section--animation-none\"><div class=\"contained\"><h2 class=\"section__heading\"><span>PRODOTTI PROGETTATI PER INTEGRARSI<\/span><\/h2><\/div><\/section>\n\n\n\n<section class=\"wp-block-lindy-image-text-module section section--full-width-image full-width-image--with-text theme--dark section--animation-none align--left  font--size-medium width--half\" style=\"background-image:url(https:\/\/lindy.com\/de\/wp-content\/uploads\/sites\/3\/2025\/07\/Neat-bar-gen2.jpg)\"><img decoding=\"async\" class=\"full-width-image__image\" src=\"https:\/\/lindy.com\/de\/wp-content\/uploads\/sites\/3\/2025\/07\/Neat-bar-gen2.jpg\"\/><div class=\"contained\"><div class=\"full-width-image__content\"><\/div><\/div><\/section>\n\n\n\n<section class=\"wp-block-lindy-image-text-module section section--full-width-image full-width-image--with-text theme--light section--animation-none align--left  font--size-medium width--half\" style=\"background-image:url()\"><img decoding=\"async\" class=\"full-width-image__image\" src=\"\"\/><div class=\"contained\"><div class=\"full-width-image__content\"><h2 class=\"section__heading\"><span>Neat Bar Generation 2<\/span><\/h2><h2 class=\"section__subheading section__subheading__title\"><br\/><\/h2><p class=\"section__paragraph\">Perfetta integrazione con Zoom e Teams, ideale per sale di piccole e medie dimensioni.<br\/>Telecamera ampia da 50 MP con inquadratura intelligente e tracciamento degli altoparlanti.<\/p><\/div><\/div><\/section>\n\n\n\n<section class=\"wp-block-lindy-image-text-module section section--full-width-image full-width-image--with-text theme--dark section--animation-none align--left  font--size-medium width--half\" style=\"background-image:url()\"><img decoding=\"async\" class=\"full-width-image__image\" src=\"\"\/><div class=\"contained\"><div class=\"full-width-image__content\"><h2 class=\"section__heading\"><span>Neat Board 50<\/span><\/h2><h2 class=\"section__subheading section__subheading__title\"><br\/><\/h2><p class=\"section__paragraph\">Touchscreen 4K da 50&#8243; con rivestimento antiriflesso e anti-sbavature.<br\/>Supporto da tavolo incluso, supporti da parete e adattivi opzionali.<\/p><\/div><\/div><\/section>\n\n\n\n<section class=\"wp-block-lindy-image-text-module section section--full-width-image full-width-image--with-text theme--light section--animation-none align--left  font--size-medium width--half\" style=\"background-image:url(https:\/\/lindy.com\/de\/wp-content\/uploads\/sites\/3\/2025\/07\/Neat-Board-50-HW.jpg)\"><img decoding=\"async\" class=\"full-width-image__image\" src=\"https:\/\/lindy.com\/de\/wp-content\/uploads\/sites\/3\/2025\/07\/Neat-Board-50-HW.jpg\"\/><div class=\"contained\"><div class=\"full-width-image__content\"><\/div><\/div><\/section>\n\n\n\n<section class=\"wp-block-lindy-image-text-module section section--full-width-image full-width-image--with-text theme--light section--animation-none align--left  font--size-medium width--half\" style=\"background-image:url(https:\/\/lindy.com\/de\/wp-content\/uploads\/sites\/3\/2025\/07\/Neat-Board-Pro-W.jpg)\"><img decoding=\"async\" class=\"full-width-image__image\" src=\"https:\/\/lindy.com\/de\/wp-content\/uploads\/sites\/3\/2025\/07\/Neat-Board-Pro-W.jpg\"\/><div class=\"contained\"><div class=\"full-width-image__content\"><\/div><\/div><\/section>\n\n\n\n<section class=\"wp-block-lindy-image-text-module section section--full-width-image full-width-image--with-text theme--light section--animation-none align--left  font--size-medium width--half\" style=\"background-image:url()\"><img decoding=\"async\" class=\"full-width-image__image\" src=\"\"\/><div class=\"contained\"><div class=\"full-width-image__content\"><h2 class=\"section__heading\"><span>Neat Board Pro<\/span><\/h2><h2 class=\"section__subheading section__subheading__title\"><br\/><\/h2><p class=\"section__paragraph\">Doppia telecamera da 50 MP con zoom 16x per inquadrare e seguire i partecipanti.<br\/>Touchscreen 4K da 65&#8243; con superficie antiriflesso e antigraffio.<\/p><\/div><\/div><\/section>\n\n\n\n<section class=\"wp-block-lindy-image-text-module section section--full-width-image full-width-image--with-text theme--dark section--animation-none align--left  font--size-medium width--half\" style=\"background-image:url()\"><img decoding=\"async\" class=\"full-width-image__image\" src=\"\"\/><div class=\"contained\"><div class=\"full-width-image__content\"><h2 class=\"section__heading\"><span>DST-Pro Universal Docking Stations per laptop<\/span><\/h2><h2 class=\"section__subheading section__subheading__title\"><br\/><\/h2><p class=\"section__paragraph\">Alimenta il tuo laptop fino a\u00a0<br\/>100 W collegando tre display 4K\u00a0<br\/>e periferiche tramite un unico cavo<br\/><br\/>No. 43366<\/p><a href=\"https:\/\/www.lindy.it\/.htm?websale8=ld0101.ld041104&amp;pi=43366&amp;ci=50\" class=\"button button--white-transparent\" target=\"_blank\" rel=\"noopener noreferrer\">Vai al prodotto<\/a><\/div><\/div><\/section>\n\n\n\n<section class=\"wp-block-lindy-image-text-module section section--full-width-image full-width-image--with-text theme--dark section--animation-none align--left  font--size-medium width--half\" style=\"background-image:url(https:\/\/lindy.com\/it\/wp-content\/uploads\/sites\/5\/2025\/09\/43366-Cable-HW.jpg)\"><img decoding=\"async\" class=\"full-width-image__image\" src=\"https:\/\/lindy.com\/it\/wp-content\/uploads\/sites\/5\/2025\/09\/43366-Cable-HW.jpg\"\/><div class=\"contained\"><div class=\"full-width-image__content\"><\/div><\/div><\/section>\n\n\n\n<section class=\"wp-block-lindy-image-text-module section section--full-width-image full-width-image--with-text theme--light section--animation-none align--left  font--size-medium width--half\" style=\"background-image:url(https:\/\/lindy.com\/de\/wp-content\/uploads\/sites\/3\/2025\/07\/38346-HW.jpg)\"><img decoding=\"async\" class=\"full-width-image__image\" src=\"https:\/\/lindy.com\/de\/wp-content\/uploads\/sites\/3\/2025\/07\/38346-HW.jpg\"\/><div class=\"contained\"><div class=\"full-width-image__content\"><\/div><\/div><\/section>\n\n\n\n<section class=\"wp-block-lindy-image-text-module section section--full-width-image full-width-image--with-text theme--light section--animation-none align--left  font--size-medium width--half\" style=\"background-image:url()\"><img decoding=\"async\" class=\"full-width-image__image\" src=\"\"\/><div class=\"contained\"><div class=\"full-width-image__content\"><h2 class=\"section__heading\"><span>Extender HDBaseT 3.0 Cat.6A KVM HDMI 4K60 e Tipo C , 70 m di Lindy<\/span><\/h2><h2 class=\"section__subheading section__subheading__title\"><br\/><\/h2><p class=\"section__paragraph\">Fornisce 4K@60Hz, USB e 60W TIpo C su 70 m Cat.6A con IR, RS-232, uscita audio e alimentazione via cavo.<br\/><br\/>No. 38346<\/p><a href=\"https:\/\/www.lindy.it\/?websale8=ld0101.ld041104&amp;pi=38346\" class=\"button button--dark\" target=\"_blank\" rel=\"noopener noreferrer\">Vai al prodotto<\/a><\/div><\/div><\/section>\n\n\n\n<section class=\"wp-block-lindy-image-text-module section section--full-width-image full-width-image--with-text theme--dark section--animation-none align--left  font--size-medium width--half\" style=\"background-image:url(https:\/\/lindy.com\/de\/wp-content\/uploads\/sites\/3\/2025\/07\/43393-HW.jpg)\"><img decoding=\"async\" class=\"full-width-image__image\" src=\"https:\/\/lindy.com\/de\/wp-content\/uploads\/sites\/3\/2025\/07\/43393-HW.jpg\"\/><div class=\"contained\"><div class=\"full-width-image__content\"><\/div><\/div><\/section>\n\n\n\n<section class=\"wp-block-lindy-image-text-module section section--full-width-image full-width-image--with-text theme--dark section--animation-none align--left  font--size-medium width--half\" style=\"background-image:url()\"><img decoding=\"async\" class=\"full-width-image__image\" src=\"\"\/><div class=\"contained\"><div class=\"full-width-image__content\"><h2 class=\"section__heading\"><span>Cavo ibrido in fibra ottica USB 3.2 5\/10 Gbit\/s e DP\u00ae 1.4 Tipo C<\/span><\/h2><h2 class=\"section__subheading section__subheading__title\"><br\/><\/h2><p class=\"section__paragraph\">Trasmette dati (5\/10 Gbit\/s), video 4K DP\u00ae 1.4 e 60 W fino a 15 m con perdita minima di segnale.<br\/><br\/>No. 43393 &amp; 43333\/ 43398 &amp; 43399<\/p><a href=\"https:\/\/www.lindy.it\/?websale8=ld0101.ld041104&amp;ci=262 \" class=\"button button--white-transparent\" target=\"_blank\" rel=\"noopener noreferrer\">Vai al prodotto<\/a><\/div><\/div><\/section>\n\n\n\n<section class=\"wp-block-lindy-parallax-hero section parallax-hero theme--dark align--left font--camber font--size-medium\" style=\"background-image:url(https:\/\/lindy.com\/eu\/wp-content\/uploads\/sites\/10\/2025\/07\/Neat_background_quote.png)\"><div class=\"contained contained--full-width\"><div class=\"parallax-hero__content\"><div class=\"parallax-hero__content-wrapper align--left\"><h2 class=\"section__subheading section__subheading__title\">\u201cLe soluzioni di connettivit\u00e0 di alta qualit\u00e0 di Lindy completano perfettamente i dispositivi Neat, garantendo prestazioni affidabili negli ambienti AV professionali.\u201d<br\/><\/h2><p class=\"section__paragraph\"><br\/>Sherri Pipala, Vice President Global Alliances, Neat<\/p><\/div><\/div><\/div><\/section>\n\n\n\n<section class=\"wp-block-lindy-image-text-module section section--full-width-image full-width-image--with-text theme--light section--animation-none align--center  font--size-medium\" style=\"background-image:url()\"><img decoding=\"async\" class=\"full-width-image__image\" src=\"\"\/><div class=\"contained\"><div class=\"full-width-image__content\"><h2 class=\"section__heading\"><span>RISULTATI E VANTAGGI<\/span><\/h2><p class=\"section__paragraph\"><br\/>L&#8217;abbinamento dei dispositivi di collaborazione intuitivi di Neat con le soluzioni di connettivit\u00e0 USB-C e HDMI ad alte prestazioni di Lindy ha permesso di ottenere significativi miglioramenti funzionali ed estetici. L&#8217;integrazione ha permesso di realizzare configurazioni AV pulite ed efficienti, con prestazioni dei dispositivi senza soluzione di continuit\u00e0, indipendentemente dalle dimensioni o dalla configurazione della stanza. Le installazioni sono state semplificate grazie all&#8217;infrastruttura plug-and-play di Lindy, riducendo la necessit\u00e0 di cablaggi complessi o di risoluzione dei problemi tecnici. Il risultato \u00e8 stato un&#8217;esperienza utente semplificata e spazi di riunione visivamente raffinati, privi di un eccessivo ingombro di cavi.<br\/>Insieme, la soluzione ha fornito un ambiente di collaborazione stabile e pronto per il futuro, in grado di supportare sia i modelli di lavoro in presenza che quelli ibridi.<\/p><\/div><\/div><\/section>\n\n\n\n<section class=\"wp-block-lindy-parallax-hero section parallax-hero theme--light align--left  font--size-medium\" style=\"background-image:url(https:\/\/lindy.com\/it\/wp-content\/uploads\/sites\/5\/2025\/07\/IT_Neat_Icon.png)\"><div class=\"contained contained--full-width\"><div class=\"parallax-hero__content\"><div class=\"parallax-hero__content-wrapper align--left\"><\/div><\/div><\/div><\/section>\n\n\n\n<section class=\"wp-block-lindy-image-text-module section section--full-width-image full-width-image--with-text theme--light section--animation-none align--center  font--size-medium\" style=\"background-image:url()\"><img decoding=\"async\" class=\"full-width-image__image\" src=\"\"\/><div class=\"contained\"><div class=\"full-width-image__content\"><h2 class=\"section__heading\"><span>CONCLUSIONI E PUNTI CHIAVE<\/span><\/h2><p class=\"section__paragraph\"><br\/>Questo progetto esemplifica come la forza combinata di Neat e Lindy possa risolvere complesse sfide di integrazione AV con soluzioni eleganti e affidabili. La collaborazione evidenzia una filosofia di progettazione condivisa incentrata su prestazioni, semplicit\u00e0 e facilit\u00e0 d&#8217;uso, qualit\u00e0 che si traducono in un impatto reale nei luoghi di lavoro moderni.<\/p><\/div><\/div><\/section>\n\n\n\n<section class=\"wp-block-lindy-image-text-module section section--full-width-image full-width-image--with-text theme--dark section--animation-none align--left  font--size-medium width--half\" style=\"background-image:url(https:\/\/lindy.com\/eu\/wp-content\/uploads\/sites\/10\/2025\/07\/Mock-up-case-sudy-Neat.jpg)\"><img decoding=\"async\" class=\"full-width-image__image\" src=\"https:\/\/lindy.com\/eu\/wp-content\/uploads\/sites\/10\/2025\/07\/Mock-up-case-sudy-Neat.jpg\"\/><div class=\"contained\"><div class=\"full-width-image__content\"><\/div><\/div><\/section>\n\n\n\n<section class=\"wp-block-lindy-image-text-module section section--full-width-image full-width-image--with-text theme--dark section--animation-none align--center  font--size-small width--half\" style=\"background-image:url()\"><img decoding=\"async\" class=\"full-width-image__image\" src=\"\"\/><div class=\"contained\"><div class=\"full-width-image__content\"><h2 class=\"section__subheading section__subheading__title\"><br\/>Hai trovato istruttivo questo case study?\u00a0<\/h2><p class=\"section__paragraph\"><br\/><strong><strong>Salvalo con un clic<\/strong><\/strong><\/p><a href=\"https:\/\/lindy.com\/it\/wp-content\/uploads\/sites\/5\/2025\/09\/Lindy-x-Neat-Application-Case-Study-IT-1.pdf\" class=\"button button--white-transparent\" target=\"_blank\" rel=\"noopener noreferrer\">\ud83d\udce5 Scarica la versione pdf<\/a><\/div><\/div><\/section>\n","protected":false},"excerpt":{"rendered":"","protected":false},"author":28,"featured_media":0,"parent":0,"menu_order":0,"comment_status":"closed","ping_status":"closed","template":"page-templates\/template-landing.php","meta":{"_acf_changed":false,"footnotes":""},"class_list":["post-3577","page","type-page","status-publish","hentry"],"acf":[],"yoast_head":"<!-- This site is optimized with the Yoast SEO plugin v26.6 - https:\/\/yoast.com\/wordpress\/plugins\/seo\/ -->\n<title>CASE STUDY NEAT APPLICATION - Lindy - Italian<\/title>\n<meta name=\"robots\" content=\"index, follow, max-snippet:-1, max-image-preview:large, max-video-preview:-1\" \/>\n<link rel=\"canonical\" href=\"https:\/\/lindy.com\/it\/case-study-neat-application\/\" \/>\n<meta property=\"og:locale\" content=\"it_IT\" \/>\n<meta property=\"og:type\" content=\"article\" \/>\n<meta property=\"og:title\" content=\"CASE STUDY NEAT APPLICATION - Lindy - Italian\" \/>\n<meta property=\"og:url\" content=\"https:\/\/lindy.com\/it\/case-study-neat-application\/\" \/>\n<meta property=\"og:site_name\" content=\"Lindy - Italian\" \/>\n<meta property=\"article:modified_time\" content=\"2025-09-23T11:05:10+00:00\" \/>\n<meta property=\"og:image\" content=\"https:\/\/lindy.com\/eu\/wp-content\/uploads\/sites\/10\/2025\/07\/Header-Neat-Landing-page.jpg\" \/>\n<meta name=\"twitter:card\" content=\"summary_large_image\" \/>\n<meta name=\"twitter:label1\" content=\"Tempo di lettura stimato\" \/>\n\t<meta name=\"twitter:data1\" content=\"8 minuti\" \/>\n<script type=\"application\/ld+json\" class=\"yoast-schema-graph\">{\"@context\":\"https:\/\/schema.org\",\"@graph\":[{\"@type\":\"WebPage\",\"@id\":\"https:\/\/lindy.com\/it\/case-study-neat-application\/\",\"url\":\"https:\/\/lindy.com\/it\/case-study-neat-application\/\",\"name\":\"CASE STUDY NEAT APPLICATION - Lindy - Italian\",\"isPartOf\":{\"@id\":\"https:\/\/lindy.com\/it\/#website\"},\"primaryImageOfPage\":{\"@id\":\"https:\/\/lindy.com\/it\/case-study-neat-application\/#primaryimage\"},\"image\":{\"@id\":\"https:\/\/lindy.com\/it\/case-study-neat-application\/#primaryimage\"},\"thumbnailUrl\":\"https:\/\/lindy.com\/eu\/wp-content\/uploads\/sites\/10\/2025\/07\/Header-Neat-Landing-page.jpg\",\"datePublished\":\"2025-07-21T07:14:13+00:00\",\"dateModified\":\"2025-09-23T11:05:10+00:00\",\"breadcrumb\":{\"@id\":\"https:\/\/lindy.com\/it\/case-study-neat-application\/#breadcrumb\"},\"inLanguage\":\"it-IT\",\"potentialAction\":[{\"@type\":\"ReadAction\",\"target\":[\"https:\/\/lindy.com\/it\/case-study-neat-application\/\"]}]},{\"@type\":\"ImageObject\",\"inLanguage\":\"it-IT\",\"@id\":\"https:\/\/lindy.com\/it\/case-study-neat-application\/#primaryimage\",\"url\":\"https:\/\/lindy.com\/eu\/wp-content\/uploads\/sites\/10\/2025\/07\/Header-Neat-Landing-page.jpg\",\"contentUrl\":\"https:\/\/lindy.com\/eu\/wp-content\/uploads\/sites\/10\/2025\/07\/Header-Neat-Landing-page.jpg\"},{\"@type\":\"BreadcrumbList\",\"@id\":\"https:\/\/lindy.com\/it\/case-study-neat-application\/#breadcrumb\",\"itemListElement\":[{\"@type\":\"ListItem\",\"position\":1,\"name\":\"Home\",\"item\":\"https:\/\/lindy.com\/it\/\"},{\"@type\":\"ListItem\",\"position\":2,\"name\":\"CASE STUDY NEAT APPLICATION\"}]},{\"@type\":\"WebSite\",\"@id\":\"https:\/\/lindy.com\/it\/#website\",\"url\":\"https:\/\/lindy.com\/it\/\",\"name\":\"Lindy - Italian\",\"description\":\"Connection Perfection\",\"potentialAction\":[{\"@type\":\"SearchAction\",\"target\":{\"@type\":\"EntryPoint\",\"urlTemplate\":\"https:\/\/lindy.com\/it\/?s={search_term_string}\"},\"query-input\":{\"@type\":\"PropertyValueSpecification\",\"valueRequired\":true,\"valueName\":\"search_term_string\"}}],\"inLanguage\":\"it-IT\"}]}<\/script>\n<!-- \/ Yoast SEO plugin. -->","yoast_head_json":{"title":"CASE STUDY NEAT APPLICATION - Lindy - Italian","robots":{"index":"index","follow":"follow","max-snippet":"max-snippet:-1","max-image-preview":"max-image-preview:large","max-video-preview":"max-video-preview:-1"},"canonical":"https:\/\/lindy.com\/it\/case-study-neat-application\/","og_locale":"it_IT","og_type":"article","og_title":"CASE STUDY NEAT APPLICATION - Lindy - Italian","og_url":"https:\/\/lindy.com\/it\/case-study-neat-application\/","og_site_name":"Lindy - Italian","article_modified_time":"2025-09-23T11:05:10+00:00","og_image":[{"url":"https:\/\/lindy.com\/eu\/wp-content\/uploads\/sites\/10\/2025\/07\/Header-Neat-Landing-page.jpg","type":"","width":"","height":""}],"twitter_card":"summary_large_image","twitter_misc":{"Tempo di lettura stimato":"8 minuti"},"schema":{"@context":"https:\/\/schema.org","@graph":[{"@type":"WebPage","@id":"https:\/\/lindy.com\/it\/case-study-neat-application\/","url":"https:\/\/lindy.com\/it\/case-study-neat-application\/","name":"CASE STUDY NEAT APPLICATION - Lindy - Italian","isPartOf":{"@id":"https:\/\/lindy.com\/it\/#website"},"primaryImageOfPage":{"@id":"https:\/\/lindy.com\/it\/case-study-neat-application\/#primaryimage"},"image":{"@id":"https:\/\/lindy.com\/it\/case-study-neat-application\/#primaryimage"},"thumbnailUrl":"https:\/\/lindy.com\/eu\/wp-content\/uploads\/sites\/10\/2025\/07\/Header-Neat-Landing-page.jpg","datePublished":"2025-07-21T07:14:13+00:00","dateModified":"2025-09-23T11:05:10+00:00","breadcrumb":{"@id":"https:\/\/lindy.com\/it\/case-study-neat-application\/#breadcrumb"},"inLanguage":"it-IT","potentialAction":[{"@type":"ReadAction","target":["https:\/\/lindy.com\/it\/case-study-neat-application\/"]}]},{"@type":"ImageObject","inLanguage":"it-IT","@id":"https:\/\/lindy.com\/it\/case-study-neat-application\/#primaryimage","url":"https:\/\/lindy.com\/eu\/wp-content\/uploads\/sites\/10\/2025\/07\/Header-Neat-Landing-page.jpg","contentUrl":"https:\/\/lindy.com\/eu\/wp-content\/uploads\/sites\/10\/2025\/07\/Header-Neat-Landing-page.jpg"},{"@type":"BreadcrumbList","@id":"https:\/\/lindy.com\/it\/case-study-neat-application\/#breadcrumb","itemListElement":[{"@type":"ListItem","position":1,"name":"Home","item":"https:\/\/lindy.com\/it\/"},{"@type":"ListItem","position":2,"name":"CASE STUDY NEAT APPLICATION"}]},{"@type":"WebSite","@id":"https:\/\/lindy.com\/it\/#website","url":"https:\/\/lindy.com\/it\/","name":"Lindy - Italian","description":"Connection Perfection","potentialAction":[{"@type":"SearchAction","target":{"@type":"EntryPoint","urlTemplate":"https:\/\/lindy.com\/it\/?s={search_term_string}"},"query-input":{"@type":"PropertyValueSpecification","valueRequired":true,"valueName":"search_term_string"}}],"inLanguage":"it-IT"}]}},"_links":{"self":[{"href":"https:\/\/lindy.com\/it\/wp-json\/wp\/v2\/pages\/3577","targetHints":{"allow":["GET"]}}],"collection":[{"href":"https:\/\/lindy.com\/it\/wp-json\/wp\/v2\/pages"}],"about":[{"href":"https:\/\/lindy.com\/it\/wp-json\/wp\/v2\/types\/page"}],"author":[{"embeddable":true,"href":"https:\/\/lindy.com\/it\/wp-json\/wp\/v2\/users\/28"}],"replies":[{"embeddable":true,"href":"https:\/\/lindy.com\/it\/wp-json\/wp\/v2\/comments?post=3577"}],"version-history":[{"count":7,"href":"https:\/\/lindy.com\/it\/wp-json\/wp\/v2\/pages\/3577\/revisions"}],"predecessor-version":[{"id":3739,"href":"https:\/\/lindy.com\/it\/wp-json\/wp\/v2\/pages\/3577\/revisions\/3739"}],"wp:attachment":[{"href":"https:\/\/lindy.com\/it\/wp-json\/wp\/v2\/media?parent=3577"}],"curies":[{"name":"wp","href":"https:\/\/api.w.org\/{rel}","templated":true}]}}