{"id":4031,"date":"2025-11-05T12:40:39","date_gmt":"2025-11-05T12:40:39","guid":{"rendered":"https:\/\/lindy.com\/it\/?page_id=4031"},"modified":"2026-03-26T10:13:12","modified_gmt":"2026-03-26T10:13:12","slug":"case-study-poga","status":"publish","type":"page","link":"https:\/\/lindy.com\/it\/case-study-poga\/","title":{"rendered":"CASE STUDY POGA"},"content":{"rendered":"\n<section class=\"wp-block-lindy-image-text-module section section--full-width-image full-width-image--with-text theme--dark section--animation-none align--center  font--size-large\" style=\"background-image:url(https:\/\/lindy.com\/it\/wp-content\/uploads\/sites\/5\/2026\/03\/Header_Poga_Case-Study.png)\"><img decoding=\"async\" class=\"full-width-image__image\" src=\"https:\/\/lindy.com\/it\/wp-content\/uploads\/sites\/5\/2026\/03\/Header_Poga_Case-Study.png\"\/><div class=\"contained\"><div class=\"full-width-image__content\"><h2 class=\"section__heading\"><span>GAMING ON THE GO<\/span><\/h2><h2 class=\"section__subheading section__subheading__title\">POWERED BY LINDY<\/h2><p class=\"section__paragraph\"><br\/>CONNESSIONI CHE VIAGGIANO<br\/>FIN DOVE ARRIVANO I GIOCATORI<\/p><\/div><\/div><\/section>\n\n\n\n<section class=\"wp-block-lindy-heading-text section section--heading-text theme--light align--center font--camber font--size-medium section--animation-none\"><div class=\"contained\"><h2 class=\"section__heading\"><span><br\/><\/span><\/h2><h2 class=\"section__subheading section__subheading__title\">DAL SALOTTO ALLO SPOGLIATOIO &#8211; <br\/>SEMPRE CONNESSI<\/h2><\/div><\/section>\n\n\n\n<section class=\"wp-block-lindy-key-info section section--key-info theme--light section--animation-none\"><div class=\"contained\"><div class=\"grid-2_sm-1-center\"><div class=\"col left_item\"><div class=\"box\"><h3 class=\"section__heading\"><\/h3><div class=\"section__content\"><p class=\"section__content\">POGA, azienda tedesca innovatrice nel settore delle stazioni di gioco portatili di fascia alta per PS5, Xbox e PC, sta ridefinendo il concetto di gioco in movimento. Apprezzata da atleti, influencer e giocatori di tutto il mondo, POGA combina un design di alta qualit\u00e0 con prestazioni di livello professionale.<\/p><\/div><\/div><\/div><div class=\"col right_item\"><div class=\"box\"><h3 class=\"section__heading\"><\/h3><div class=\"section__content\"><p class=\"section__content\">Per soddisfare le esigenze di chi viaggia spesso e desidera un gameplay impeccabile, POGA collabora con Lindy, leader mondiale nella connettivit\u00e0 affidabile.<br\/><br\/>I cavi resistenti e certificati di Lindy offrono immagini fluide, alimentazione stabile e integrazione elegante, garantendo un&#8217;esperienza di gioco di livello mondiale sempre e ovunque.<\/p><\/div><\/div><\/div><\/div><\/div><\/section>\n\n\n\n<section class=\"wp-block-lindy-image-text-module section section--full-width-image full-width-image--with-text theme--dark section--animation-none align--left  font--size-medium width--half\" style=\"background-image:url()\"><img decoding=\"async\" class=\"full-width-image__image\" src=\"\"\/><div class=\"contained\"><div class=\"full-width-image__content\"><h2 class=\"section__heading\"><span>LA SFIDA<\/span><\/h2><p class=\"section__paragraph\"><br\/>I cavi dovevano essere in grado di sopportare frequenti trasporti e installazioni, mantenendo prestazioni costanti <br\/>con una perdita di segnale minima e un&#8217;alimentazione stabile.<br\/><br\/>Dovevano inoltre adattarsi perfettamente agli involucri eleganti e compatti di POGA, bilanciando la flessibilit\u00e0 <br\/>con un aspetto ordinato e di alta qualit\u00e0.<br\/><br\/>Infine, i cavi dovevano essere certificati in termini <br\/>di sicurezza, durata e affidabilit\u00e0 a lungo termine <br\/>per soddisfare le aspettative degli utenti <br\/>professionali in ambienti difficili.<\/p><\/div><\/div><\/section>\n\n\n\n<section class=\"wp-block-lindy-image-text-module section section--full-width-image full-width-image--with-text theme--dark section--animation-none align--left  font--size-medium width--half\" style=\"background-image:url(https:\/\/lindy.com\/fr\/wp-content\/uploads\/sites\/4\/2025\/11\/Challenge-Image-2_PS.jpg)\"><img decoding=\"async\" class=\"full-width-image__image\" src=\"https:\/\/lindy.com\/fr\/wp-content\/uploads\/sites\/4\/2025\/11\/Challenge-Image-2_PS.jpg\"\/><div class=\"contained\"><div class=\"full-width-image__content\"><\/div><\/div><\/section>\n\n\n\n<section class=\"wp-block-lindy-key-info section section--key-info theme--light section--animation-none\"><div class=\"contained\"><div class=\"grid-2_sm-1-center\"><div class=\"col left_item\"><div class=\"box\"><h3 class=\"section__heading\">LA SOLUZIONE<\/h3><div class=\"section__content\"><p class=\"section__content\">Lindy ha fornito cavi HDMI\u00ae e di alimentazione\/dati di alta qualit\u00e0, schermati e progettati su misura per le esigenze di POGA: compatti, robusti e certificati per l\u2019affidabilit\u00e0.<\/p><\/div><\/div><\/div><div class=\"col right_item\"><div class=\"box\"><h3 class=\"section__heading\"><\/h3><div class=\"section__content\"><p class=\"section__content\"><br\/>I connettori HDMI\u00ae placcati in oro garantivano segnali HD stabili, mentre i cavi di alimentazione sottili e rinforzati riducevano l\u2019usura e si integravano perfettamente negli eleganti involucri di POGA.<\/p><\/div><\/div><\/div><\/div><\/div><\/section>\n\n\n\n<section class=\"wp-block-lindy-heading-text section section--heading-text theme--dark align--center  font--size-medium section--animation-none\"><div class=\"contained\"><h2 class=\"section__heading\"><span>PRODOTTI LINDY UTILIZZATI<\/span><\/h2><\/div><\/section>\n\n\n\n<section class=\"wp-block-lindy-image-text-module section section--full-width-image full-width-image--with-text theme--dark section--animation-none align--left font--camber font--size-small width--half\" style=\"background-image:url(https:\/\/lindy.com\/de\/wp-content\/uploads\/sites\/3\/2026\/01\/41670_3.png)\"><img decoding=\"async\" class=\"full-width-image__image\" src=\"https:\/\/lindy.com\/de\/wp-content\/uploads\/sites\/3\/2026\/01\/41670_3.png\"\/><div class=\"contained\"><div class=\"full-width-image__content\"><h2 class=\"section__heading\"><span>Cavo Slim HDMI\u00ae High Speed CROMO, 0.5m<\/span><\/h2><h2 class=\"section__subheading section__subheading__title\">No. 41670<\/h2><p class=\"section__paragraph\"><br\/>Cavo HDMI\u00ae 2.0 ultra-flessibile placcato in oro, che supporta 4K a 60 Hz, ideale per spazi ridotti.<br\/><\/p><a href=\"https:\/\/www.lindy.it\/Cavo-Slim-HDMI-High-Speed-CROMO-0-5m.htm?websale8=ld0101.ld041104&amp;pi=41670&amp;ci=80\" class=\"button button--white-transparent\" target=\"_blank\" rel=\"noopener noreferrer\">il prodotto<\/a><\/div><\/div><\/section>\n\n\n\n<section class=\"wp-block-lindy-image-text-module section section--full-width-image full-width-image--with-text theme--dark section--animation-none align--left font--camber font--size-small width--half\" style=\"background-image:url(https:\/\/lindy.com\/de\/wp-content\/uploads\/sites\/3\/2026\/01\/36462_2.png)\"><img decoding=\"async\" class=\"full-width-image__image\" src=\"https:\/\/lindy.com\/de\/wp-content\/uploads\/sites\/3\/2026\/01\/36462_2.png\"\/><div class=\"contained\"><div class=\"full-width-image__content\"><h2 class=\"section__heading\"><span>Cavo DisplayPort\u2122<br\/>1.4 Slim, 2m<\/span><\/h2><h2 class=\"section__subheading section__subheading__title\">No. 36462<\/h2><p class=\"section__paragraph\"><br\/>Supporta fino a 8K a 60 Hz e 4K a 144 Hz, con un design sottile a tripla schermatura, adatto agli spazi ridotti.<br\/><\/p><a href=\"https:\/\/www.lindy.it\/Cavo-DisplayPort-1-4-Slim-2m.htm?websale8=ld0101.ld041104&amp;pi=36462&amp;ci=80\" class=\"button button--white-transparent\" target=\"_blank\" rel=\"noopener noreferrer\">il prodotto<\/a><\/div><\/div><\/section>\n\n\n\n<section class=\"wp-block-lindy-image-text-module section section--full-width-image full-width-image--with-text theme--dark section--animation-none align--left font--camber font--size-small width--half\" style=\"background-image:url(https:\/\/lindy.com\/de\/wp-content\/uploads\/sites\/3\/2026\/01\/30433_black.png)\"><img decoding=\"async\" class=\"full-width-image__image\" src=\"https:\/\/lindy.com\/de\/wp-content\/uploads\/sites\/3\/2026\/01\/30433_black.png\"\/><div class=\"contained\"><div class=\"full-width-image__content\"><h2 class=\"section__heading\"><span>Cavo di alimentazione da spina UK 3 pin a C13, 2m<\/span><\/h2><h2 class=\"section__subheading section__subheading__title\">No. 30433<\/h2><p class=\"section__paragraph\"><br\/>Struttura completamente stampata per garantire durabilit\u00e0, con una classificazione di 7 A\/250V.<br\/><\/p><a href=\"https:\/\/www.lindy.it\/Cavo-di-alimentazione-da-spina-UK-3-pin-a-C13-2m.htm?websale8=ld0101.ld041104&amp;pi=30433&amp;ci=80\" class=\"button button--white-transparent\" target=\"_blank\" rel=\"noopener noreferrer\">il prodotto<\/a><\/div><\/div><\/section>\n\n\n\n<section class=\"wp-block-lindy-image-text-module section section--full-width-image full-width-image--with-text theme--dark section--animation-none align--left font--camber font--size-small width--half\" style=\"background-image:url(https:\/\/lindy.com\/de\/wp-content\/uploads\/sites\/3\/2026\/01\/30338_2.png)\"><img decoding=\"async\" class=\"full-width-image__image\" src=\"https:\/\/lindy.com\/de\/wp-content\/uploads\/sites\/3\/2026\/01\/30338_2.png\"\/><div class=\"contained\"><div class=\"full-width-image__content\"><h2 class=\"section__heading\"><span>Cavo di alimentazione da spina USA 3 pin a C13, 2m<\/span><\/h2><h2 class=\"section__subheading section__subheading__title\">No. 30338<\/h2><p class=\"section__paragraph\"><br\/>Struttura robusta in PVC 18 AWG, di colore nero elegante.<br\/><\/p><a href=\"https:\/\/www.lindy.it\/Cavo-di-alimentazione-da-spina-USA-3-pin-a-C13-2m.htm?websale8=ld0101.ld041104&amp;pi=30338&amp;ci=80\" class=\"button button--white-transparent\" target=\"_blank\" rel=\"noopener noreferrer\">il prodotto<\/a><\/div><\/div><\/section>\n\n\n\n<section class=\"wp-block-lindy-heading-text section section--heading-text theme--dark align--left  font--size-medium section--animation-none\"><div class=\"contained\"><\/div><\/section>\n\n\n\n<section class=\"wp-block-lindy-contained-image section section--contained-image contained-image theme--light align--left font--size-medium\"><div class=\"contained\"><img decoding=\"async\" src=\"https:\/\/lindy.com\/eu\/wp-content\/uploads\/sites\/10\/2025\/11\/Poga-Testimonial-corrected.jpg\"\/><div class=\"contained-image__content\"><\/div><\/div><\/section>\n\n\n\n<section class=\"wp-block-lindy-heading-text section section--heading-text theme--dark align--center  font--size-medium section--animation-none\"><div class=\"contained\"><h2 class=\"section__heading\"><span>RISULTATI E VANTAGGI<\/span><\/h2><\/div><\/section>\n\n\n\n<section class=\"wp-block-lindy-key-info section section--key-info theme--dark section--animation-none\"><div class=\"contained\"><div class=\"grid-2_sm-1-center\"><div class=\"col left_item\"><div class=\"box box--border\"><h3 class=\"section__heading\">Risultati Quantitativi<\/h3><div class=\"section__content\"><p class=\"section__content\"><strong>DURABILIT\u00c0<\/strong>: Ha resistito a oltre 10.000 cicli <br\/>di collegamento\/scollegamento, riducendo <br\/>i tassi di guasto del 30%.<br\/><br\/><strong>PERFORMANCE<\/strong>: Ha mantenuto un\u2019integrit\u00e0 <br\/>del segnale perfetta senza perdita di dati.<br\/><br\/><strong>EFFICIENZA<\/strong>: I cavi standardizzati hanno ridotto <br\/>i tempi di assemblaggio del 15%.<br\/><br\/><strong>SODDISFAZIONE<\/strong>: Gli utenti hanno segnalato maggiore affidabilit\u00e0 e qualit\u00e0 costruttiva.<\/p><\/div><\/div><\/div><div class=\"col right_item\"><div class=\"box box--border\"><h3 class=\"section__heading\">Risultati Qualitativi<\/h3><div class=\"section__content\"><p class=\"section__content\"><strong>AFFIDABILIT\u00c0<\/strong>: Immagini fluide e alimentazione stabile in qualsiasi ambiente.<br\/><br\/><strong>ADATTAMENTO AL MARCHIO<\/strong>: Il design premium <br\/>ha rafforzato l\u2019immagine professionale di POGA.<br\/><br\/><strong>INTEGRAZIONE<\/strong>: Cavi compatti e flessibili hanno migliorato estetica e facilit\u00e0 d\u2019uso.<br\/><br\/><strong>PARTNERSHIP<\/strong>: Una stretta collaborazione <br\/>ha garantito scalabilit\u00e0 e innovazione.<\/p><\/div><\/div><\/div><\/div><\/div><\/section>\n\n\n\n<section class=\"wp-block-lindy-icon-section section section--icon font--size-small align--center theme--dark\"><div class=\"contained\"><div class=\"grid-4_md-2_xs-1-spaceAround icons\"><div class=\"col\"><div class=\"icon-block icon-block--0\"><img decoding=\"async\" class=\"icon-block__image\" src=\"https:\/\/lindy.com\/de\/wp-content\/uploads\/sites\/3\/2025\/11\/Streamlined-Installation.png\"\/><div class=\"icon-block__content\"><h3 class=\"icon-title\">INSTALLAZIONE SEMPLIFICATA<\/h3><p class=\"icon-text\"><\/p><\/div><\/div><\/div><div class=\"col\"><div class=\"icon-block icon-block--1\"><img decoding=\"async\" class=\"icon-block__image\" src=\"https:\/\/lindy.com\/de\/wp-content\/uploads\/sites\/3\/2025\/11\/Scalability-Flexibility.png\"\/><div class=\"icon-block__content\"><h3 class=\"icon-title\">SCALABILIT\u00c0 &amp; FLESSIBILIT\u00c0<\/h3><p class=\"icon-text\"><\/p><\/div><\/div><\/div><div class=\"col\"><div class=\"icon-block icon-block--2\"><img decoding=\"async\" class=\"icon-block__image\" src=\"https:\/\/lindy.com\/de\/wp-content\/uploads\/sites\/3\/2025\/11\/Reliability-Durability.png\"\/><div class=\"icon-block__content\"><h3 class=\"icon-title\">AFFIDABILIT\u00c0 &amp; DURABILIT\u00c0<\/h3><p class=\"icon-text\"><\/p><\/div><\/div><\/div><div class=\"col\"><div class=\"icon-block icon-block--3\"><img decoding=\"async\" class=\"icon-block__image\" src=\"https:\/\/lindy.com\/de\/wp-content\/uploads\/sites\/3\/2025\/11\/Customer-Satisfaction.png\"\/><div class=\"icon-block__content\"><h3 class=\"icon-title\">SODDISFAZIONE DEL CLIENTE<\/h3><p class=\"icon-text\"><\/p><\/div><\/div><\/div><\/div><\/div><\/section>\n\n\n\n<section class=\"wp-block-lindy-heading-text section section--heading-text theme--light align--center  font--size-medium section--animation-none\"><div class=\"contained\"><h2 class=\"section__heading\"><span>CONCLUSIONI E PUNTI SALIENTI<\/span><\/h2><\/div><\/section>\n\n\n\n<section class=\"wp-block-lindy-key-info section section--key-info theme--light section--animation-none\"><div class=\"contained\"><div class=\"grid-2_sm-1-center\"><div class=\"col left_item\"><div class=\"box\"><h3 class=\"section__heading\">Successo del progetto<\/h3><div class=\"section__content\"><p class=\"section__content\">La partnership tra POGA e Lindy si \u00e8 rivelata <br\/>un grande successo, fornendo soluzioni di cablaggio affidabili, durevoli e perfettamente integrate che hanno migliorato le stazioni <br\/>di gioco portatili di POGA.<\/p><\/div><\/div><\/div><div class=\"col right_item\"><div class=\"box\"><h3 class=\"section__heading\">Visione del settore<\/h3><div class=\"section__content\"><p class=\"section__content\">La collaborazione sottolinea una tendenza pi\u00f9 ampia del settore: con la crescita dei giochi portatili, la domanda di soluzioni di connettivit\u00e0 durevoli e certificate che combinino affidabilit\u00e0, prestazioni e integrazione del design <br\/>sta diventando essenziale.<\/p><\/div><\/div><\/div><\/div><\/div><\/section>\n\n\n\n<section class=\"wp-block-lindy-image-text-module section section--full-width-image full-width-image--with-text theme--dark section--animation-none align--left  font--size-medium width--half\" style=\"background-image:url(https:\/\/lindy.com\/fr\/wp-content\/uploads\/sites\/4\/2025\/11\/Mock-up-case-sudy-POGA_PS.jpg)\"><img decoding=\"async\" class=\"full-width-image__image\" src=\"https:\/\/lindy.com\/fr\/wp-content\/uploads\/sites\/4\/2025\/11\/Mock-up-case-sudy-POGA_PS.jpg\"\/><div class=\"contained\"><div class=\"full-width-image__content\"><\/div><\/div><\/section>\n\n\n\n<section class=\"wp-block-lindy-image-text-module section section--full-width-image full-width-image--with-text theme--dark section--animation-none align--center  font--size-small width--half\" style=\"background-image:url()\"><img decoding=\"async\" class=\"full-width-image__image\" src=\"\"\/><div class=\"contained\"><div class=\"full-width-image__content\"><h2 class=\"section__subheading section__subheading__title\">Hai trovato istruttivo <br\/>questo case study?<\/h2><p class=\"section__paragraph\"><br\/><strong><strong>Salvalo con un clic<\/strong>\u00a0<\/strong><\/p><a href=\"https:\/\/lindy.com\/it\/wp-content\/uploads\/sites\/5\/2025\/11\/Lindy-x-POGA-Case-Study-IT.pdf\" class=\"button button--white-transparent\" target=\"_blank\" rel=\"noopener noreferrer\">\ud83d\udce5 Scarica la versione PDF<\/a><\/div><\/div><\/section>\n","protected":false},"excerpt":{"rendered":"","protected":false},"author":28,"featured_media":0,"parent":0,"menu_order":0,"comment_status":"closed","ping_status":"closed","template":"page-templates\/template-landing.php","meta":{"_acf_changed":false,"footnotes":""},"class_list":["post-4031","page","type-page","status-publish","hentry"],"acf":[],"yoast_head":"<!-- This site is optimized with the Yoast SEO plugin v26.6 - https:\/\/yoast.com\/wordpress\/plugins\/seo\/ -->\n<title>CASE STUDY POGA - Lindy - Italian<\/title>\n<meta name=\"robots\" content=\"index, follow, max-snippet:-1, max-image-preview:large, max-video-preview:-1\" \/>\n<link rel=\"canonical\" href=\"https:\/\/lindy.com\/it\/case-study-poga\/\" \/>\n<meta property=\"og:locale\" content=\"it_IT\" \/>\n<meta property=\"og:type\" content=\"article\" \/>\n<meta property=\"og:title\" content=\"CASE STUDY POGA - Lindy - Italian\" \/>\n<meta property=\"og:url\" content=\"https:\/\/lindy.com\/it\/case-study-poga\/\" \/>\n<meta property=\"og:site_name\" content=\"Lindy - Italian\" \/>\n<meta property=\"article:modified_time\" content=\"2026-03-26T10:13:12+00:00\" \/>\n<meta property=\"og:image\" content=\"https:\/\/lindy.com\/it\/wp-content\/uploads\/sites\/5\/2026\/03\/Header_Poga_Case-Study.png\" \/>\n<meta name=\"twitter:card\" content=\"summary_large_image\" \/>\n<meta name=\"twitter:label1\" content=\"Tempo di lettura stimato\" \/>\n\t<meta name=\"twitter:data1\" content=\"6 minuti\" \/>\n<script type=\"application\/ld+json\" class=\"yoast-schema-graph\">{\"@context\":\"https:\/\/schema.org\",\"@graph\":[{\"@type\":\"WebPage\",\"@id\":\"https:\/\/lindy.com\/it\/case-study-poga\/\",\"url\":\"https:\/\/lindy.com\/it\/case-study-poga\/\",\"name\":\"CASE STUDY POGA - Lindy - Italian\",\"isPartOf\":{\"@id\":\"https:\/\/lindy.com\/it\/#website\"},\"primaryImageOfPage\":{\"@id\":\"https:\/\/lindy.com\/it\/case-study-poga\/#primaryimage\"},\"image\":{\"@id\":\"https:\/\/lindy.com\/it\/case-study-poga\/#primaryimage\"},\"thumbnailUrl\":\"https:\/\/lindy.com\/it\/wp-content\/uploads\/sites\/5\/2026\/03\/Header_Poga_Case-Study.png\",\"datePublished\":\"2025-11-05T12:40:39+00:00\",\"dateModified\":\"2026-03-26T10:13:12+00:00\",\"breadcrumb\":{\"@id\":\"https:\/\/lindy.com\/it\/case-study-poga\/#breadcrumb\"},\"inLanguage\":\"it-IT\",\"potentialAction\":[{\"@type\":\"ReadAction\",\"target\":[\"https:\/\/lindy.com\/it\/case-study-poga\/\"]}]},{\"@type\":\"ImageObject\",\"inLanguage\":\"it-IT\",\"@id\":\"https:\/\/lindy.com\/it\/case-study-poga\/#primaryimage\",\"url\":\"https:\/\/lindy.com\/it\/wp-content\/uploads\/sites\/5\/2026\/03\/Header_Poga_Case-Study.png\",\"contentUrl\":\"https:\/\/lindy.com\/it\/wp-content\/uploads\/sites\/5\/2026\/03\/Header_Poga_Case-Study.png\",\"width\":1920,\"height\":1080},{\"@type\":\"BreadcrumbList\",\"@id\":\"https:\/\/lindy.com\/it\/case-study-poga\/#breadcrumb\",\"itemListElement\":[{\"@type\":\"ListItem\",\"position\":1,\"name\":\"Home\",\"item\":\"https:\/\/lindy.com\/it\/\"},{\"@type\":\"ListItem\",\"position\":2,\"name\":\"CASE STUDY POGA\"}]},{\"@type\":\"WebSite\",\"@id\":\"https:\/\/lindy.com\/it\/#website\",\"url\":\"https:\/\/lindy.com\/it\/\",\"name\":\"Lindy - Italian\",\"description\":\"Connection Perfection\",\"potentialAction\":[{\"@type\":\"SearchAction\",\"target\":{\"@type\":\"EntryPoint\",\"urlTemplate\":\"https:\/\/lindy.com\/it\/?s={search_term_string}\"},\"query-input\":{\"@type\":\"PropertyValueSpecification\",\"valueRequired\":true,\"valueName\":\"search_term_string\"}}],\"inLanguage\":\"it-IT\"}]}<\/script>\n<!-- \/ Yoast SEO plugin. -->","yoast_head_json":{"title":"CASE STUDY POGA - Lindy - Italian","robots":{"index":"index","follow":"follow","max-snippet":"max-snippet:-1","max-image-preview":"max-image-preview:large","max-video-preview":"max-video-preview:-1"},"canonical":"https:\/\/lindy.com\/it\/case-study-poga\/","og_locale":"it_IT","og_type":"article","og_title":"CASE STUDY POGA - Lindy - Italian","og_url":"https:\/\/lindy.com\/it\/case-study-poga\/","og_site_name":"Lindy - Italian","article_modified_time":"2026-03-26T10:13:12+00:00","og_image":[{"url":"https:\/\/lindy.com\/it\/wp-content\/uploads\/sites\/5\/2026\/03\/Header_Poga_Case-Study.png","type":"","width":"","height":""}],"twitter_card":"summary_large_image","twitter_misc":{"Tempo di lettura stimato":"6 minuti"},"schema":{"@context":"https:\/\/schema.org","@graph":[{"@type":"WebPage","@id":"https:\/\/lindy.com\/it\/case-study-poga\/","url":"https:\/\/lindy.com\/it\/case-study-poga\/","name":"CASE STUDY POGA - Lindy - Italian","isPartOf":{"@id":"https:\/\/lindy.com\/it\/#website"},"primaryImageOfPage":{"@id":"https:\/\/lindy.com\/it\/case-study-poga\/#primaryimage"},"image":{"@id":"https:\/\/lindy.com\/it\/case-study-poga\/#primaryimage"},"thumbnailUrl":"https:\/\/lindy.com\/it\/wp-content\/uploads\/sites\/5\/2026\/03\/Header_Poga_Case-Study.png","datePublished":"2025-11-05T12:40:39+00:00","dateModified":"2026-03-26T10:13:12+00:00","breadcrumb":{"@id":"https:\/\/lindy.com\/it\/case-study-poga\/#breadcrumb"},"inLanguage":"it-IT","potentialAction":[{"@type":"ReadAction","target":["https:\/\/lindy.com\/it\/case-study-poga\/"]}]},{"@type":"ImageObject","inLanguage":"it-IT","@id":"https:\/\/lindy.com\/it\/case-study-poga\/#primaryimage","url":"https:\/\/lindy.com\/it\/wp-content\/uploads\/sites\/5\/2026\/03\/Header_Poga_Case-Study.png","contentUrl":"https:\/\/lindy.com\/it\/wp-content\/uploads\/sites\/5\/2026\/03\/Header_Poga_Case-Study.png","width":1920,"height":1080},{"@type":"BreadcrumbList","@id":"https:\/\/lindy.com\/it\/case-study-poga\/#breadcrumb","itemListElement":[{"@type":"ListItem","position":1,"name":"Home","item":"https:\/\/lindy.com\/it\/"},{"@type":"ListItem","position":2,"name":"CASE STUDY POGA"}]},{"@type":"WebSite","@id":"https:\/\/lindy.com\/it\/#website","url":"https:\/\/lindy.com\/it\/","name":"Lindy - Italian","description":"Connection Perfection","potentialAction":[{"@type":"SearchAction","target":{"@type":"EntryPoint","urlTemplate":"https:\/\/lindy.com\/it\/?s={search_term_string}"},"query-input":{"@type":"PropertyValueSpecification","valueRequired":true,"valueName":"search_term_string"}}],"inLanguage":"it-IT"}]}},"_links":{"self":[{"href":"https:\/\/lindy.com\/it\/wp-json\/wp\/v2\/pages\/4031","targetHints":{"allow":["GET"]}}],"collection":[{"href":"https:\/\/lindy.com\/it\/wp-json\/wp\/v2\/pages"}],"about":[{"href":"https:\/\/lindy.com\/it\/wp-json\/wp\/v2\/types\/page"}],"author":[{"embeddable":true,"href":"https:\/\/lindy.com\/it\/wp-json\/wp\/v2\/users\/28"}],"replies":[{"embeddable":true,"href":"https:\/\/lindy.com\/it\/wp-json\/wp\/v2\/comments?post=4031"}],"version-history":[{"count":27,"href":"https:\/\/lindy.com\/it\/wp-json\/wp\/v2\/pages\/4031\/revisions"}],"predecessor-version":[{"id":4730,"href":"https:\/\/lindy.com\/it\/wp-json\/wp\/v2\/pages\/4031\/revisions\/4730"}],"wp:attachment":[{"href":"https:\/\/lindy.com\/it\/wp-json\/wp\/v2\/media?parent=4031"}],"curies":[{"name":"wp","href":"https:\/\/api.w.org\/{rel}","templated":true}]}}