{"id":42,"date":"2018-11-12T10:51:32","date_gmt":"2018-11-12T10:51:32","guid":{"rendered":"https:\/\/lindy.com\/it\/?page_id=42"},"modified":"2019-05-23T12:20:27","modified_gmt":"2019-05-23T12:20:27","slug":"corporate","status":"publish","type":"page","link":"https:\/\/lindy.com\/it\/corporate\/","title":{"rendered":"Soluzioni Corporate"},"content":{"rendered":"\n<section class=\"wp-block-lindy-parallax-hero section parallax-hero theme--light align--center  font--size-large\" style=\"background-image:url(https:\/\/lindy.com\/it\/wp-content\/uploads\/sites\/5\/2018\/12\/Amended_Corporate_2.jpg)\"><div class=\"contained contained--full-width\"><div class=\"parallax-hero__content\"><div class=\"parallax-hero__content-wrapper align--center\"><h2 class=\"section__heading\"><span><br\/>APPLICAZIONI<br\/><\/span><\/h2><h2 class=\"section__subheading section__subheading__title\">CORPORATE<\/h2><p class=\"section__paragraph\"><br\/>\u25bc<\/p><\/div><\/div><\/div><\/section>\n\n\n\n<section class=\"wp-block-lindy-parallax-hero section parallax-hero theme--dark align--center  font--size-medium\" style=\"background-image:url(https:\/\/lindy.com\/it\/wp-content\/uploads\/sites\/5\/2018\/12\/Amended_Corporate_1.jpg)\"><div class=\"contained contained--full-width\"><div class=\"parallax-hero__content\"><div class=\"parallax-hero__content-wrapper align--center\"><h2 class=\"section__heading\"><span><br\/><br\/><br\/><br\/><br\/><br\/><br\/><br\/><br\/><\/span><\/h2><\/div><\/div><\/div><\/section>\n\n\n\n<section class=\"wp-block-lindy-parallax-hero section parallax-hero theme--light align--center font--camber font--size-medium\" style=\"background-image:url(https:\/\/lindy.com\/it\/wp-content\/uploads\/sites\/5\/2018\/12\/Amended_Corporate_2.jpg)\"><div class=\"contained contained--full-width\"><div class=\"parallax-hero__content\"><div class=\"parallax-hero__content-wrapper align--center\"><h2 class=\"section__heading\"><span>LE IDEE AZIENDALI<\/span><\/h2><h2 class=\"section__subheading section__subheading__title\">TRADOTTE IN PRATICA<\/h2><p class=\"section__paragraph\"><br\/>I dispositivi AV sono strumenti potenti per la creazione e presentazione dell\u2019immagine di un brand. \u00c8 possibile tradurre in pratica le idee aziendali grazie a schermi ad alta risoluzione e a processori video molto potenti che operano dietro le quinte.<br\/><\/p><\/div><\/div><\/div><\/section>\n\n\n\n<section class=\"wp-block-lindy-heading-text section section--heading-text theme--light align--center  font--size-large section--animation-none\"><div class=\"contained\"><h2 class=\"section__heading\"><span><br\/>PERFEZIONE IN 4K<\/span><\/h2><h2 class=\"section__subheading section__subheading__title\">SCALER VIDEO WALL FLESSIBILE<\/h2><\/div><\/section>\n\n\n\n<section class=\"wp-block-lindy-image-text-module section section--full-width-image full-width-image--with-text theme--light section--animation-none align--left  font--size-medium width--half\" style=\"background-image:url(https:\/\/lindy.com\/en\/wp-content\/uploads\/sites\/2\/2018\/10\/VideoWallScaler_HalfWidthAP.jpg)\"><img decoding=\"async\" class=\"full-width-image__image\" src=\"https:\/\/lindy.com\/en\/wp-content\/uploads\/sites\/2\/2018\/10\/VideoWallScaler_HalfWidthAP.jpg\"\/><div class=\"contained\"><div class=\"full-width-image__content\"><\/div><\/div><\/section>\n\n\n\n<section class=\"wp-block-lindy-image-text-module section section--full-width-image full-width-image--with-text theme--light section--animation-none align--right  font--size-medium width--half\" style=\"background-image:url()\"><img decoding=\"async\" class=\"full-width-image__image\" src=\"\"\/><div class=\"contained\"><div class=\"full-width-image__content\"><p class=\"section__paragraph\"><br\/>Questo scaler flessibile fissa nuovi standard creativi per la produzione di Video Wall. Le disposizioni degli schermi preconfigurate, i collegamenti in cascata e l\u2018interfaccia On Screen Display di facile utilizzo consentono numerose possibilit\u00e0 di configurazione per ottenere Video Wall\u00a0 regolari ma anche irregolari, fino a realizzazioni molto particolari, ordinate in modo asimmetrico. Questo prodotto \u00e8 stato concepito\u00a0 specificatamente per l\u2019utilizzo in installazioni nei settori retail, pubblicitario, commerciale e per le imprese ricettive e offre un\u2019ampia gamma di preset predefiniti con diverse disposizioni e orientamenti degli schermi. Se combinato con altri prodotti AV, ad esempio gli Extender su fibra e gli switch HDMI, rende possibile realizzare scenari applicativi molto complessi con molteplici dispositivi sorgente per gestire diversi contenuti video e trasmissione del segnale su lunghe distanze in ambienti molto grandi per soluzioni di back-office.<\/p><a href=\"https:\/\/lindy.com\/it\/technology\/scaler-video-wall-flessibile\/\" class=\"button button--dark\" target=\"_self\" rel=\"noopener noreferrer\">SCOPRI DI PIU&#8217;<\/a><\/div><\/div><\/section>\n\n\n\n<section class=\"wp-block-lindy-image-text-module section section--full-width-image full-width-image--with-text theme--light section--animation-none align--center font--camber font--size-small\" style=\"background-image:url()\"><img decoding=\"async\" class=\"full-width-image__image\" src=\"\"\/><div class=\"contained\"><div class=\"full-width-image__content\"><h2 class=\"section__heading\"><span>Quantit\u00e0<\/span><\/h2><h2 class=\"section__subheading section__subheading__title\">qualit\u00e0<\/h2><p class=\"section__paragraph\"><br\/>Le presentazioni e le rappresentazioni su Video Wall sono uno dei segmenti di mercato a registrare la crescita pi\u00f9 significativa nel settore dell\u2019hardware AV nel suo complesso. \u00c8 pertanto molto importante elaborare idee produttive sempre pi\u00f9 innovative lasciando spazio alla creativit\u00e0\u00a0 per raggiungere con sempre maggiore efficacia gli utenti. Ad esempio ci si chiede perch\u00e9 gli schermi di un Video Wall in formato orizzontale debbano essere disposti in modo perpendicolare quando attirerebbero meglio l\u2019attenzione degli osservatori se disposti in un altro modo. Disposti parallelamente in formato grande o su pi\u00f9 livelli, in diagonale oppure orientati in modo diverso gli uni rispetto agli altri pur trasmettendo un singolo contenuto video, fatti ruotare leggermente o in grande formato : gli schermi di un Video Wall allestito in questi modi sanno affascinare e catturare l\u2019attenzione di pubblico e clienti.<\/p><\/div><\/div><\/section>\n\n\n\n<section class=\"wp-block-lindy-zoom-image section section--zoom-image zoom-image align--center theme--light\"><div class=\"contained\"><div class=\"zoom-image-wrapper\"><img decoding=\"async\" class=\"zoomable\" src=\"https:\/\/lindy.com\/it\/wp-content\/uploads\/sites\/5\/2019\/05\/38161-1170x1002.jpg\" data-zoom-img=\"https:\/\/lindy.com\/it\/wp-content\/uploads\/sites\/5\/2019\/05\/38161.jpg\"\/><\/div><span class=\"zoom-image__description\">Click to zoom<\/span><\/div><\/section>\n","protected":false},"excerpt":{"rendered":"","protected":false},"author":11,"featured_media":0,"parent":0,"menu_order":0,"comment_status":"closed","ping_status":"closed","template":"page-templates\/template-landing.php","meta":{"_acf_changed":false,"footnotes":""},"class_list":["post-42","page","type-page","status-publish","hentry"],"acf":[],"yoast_head":"<!-- This site is optimized with the Yoast SEO plugin v26.6 - https:\/\/yoast.com\/wordpress\/plugins\/seo\/ -->\n<title>Soluzioni Corporate - Lindy - Italian<\/title>\n<meta name=\"robots\" content=\"index, follow, max-snippet:-1, max-image-preview:large, max-video-preview:-1\" \/>\n<link rel=\"canonical\" href=\"https:\/\/lindy.com\/it\/corporate\/\" \/>\n<meta property=\"og:locale\" content=\"it_IT\" \/>\n<meta property=\"og:type\" content=\"article\" \/>\n<meta property=\"og:title\" content=\"Soluzioni Corporate - Lindy - Italian\" \/>\n<meta property=\"og:url\" content=\"https:\/\/lindy.com\/it\/corporate\/\" \/>\n<meta property=\"og:site_name\" content=\"Lindy - Italian\" \/>\n<meta property=\"article:modified_time\" content=\"2019-05-23T12:20:27+00:00\" \/>\n<meta property=\"og:image\" content=\"https:\/\/lindy.com\/en\/wp-content\/uploads\/sites\/2\/2018\/10\/VideoWallScaler_HalfWidthAP.jpg\" \/>\n<meta name=\"twitter:card\" content=\"summary_large_image\" \/>\n<meta name=\"twitter:label1\" content=\"Tempo di lettura stimato\" \/>\n\t<meta name=\"twitter:data1\" content=\"2 minuti\" \/>\n<script type=\"application\/ld+json\" class=\"yoast-schema-graph\">{\"@context\":\"https:\/\/schema.org\",\"@graph\":[{\"@type\":\"WebPage\",\"@id\":\"https:\/\/lindy.com\/it\/corporate\/\",\"url\":\"https:\/\/lindy.com\/it\/corporate\/\",\"name\":\"Soluzioni Corporate - Lindy - Italian\",\"isPartOf\":{\"@id\":\"https:\/\/lindy.com\/it\/#website\"},\"primaryImageOfPage\":{\"@id\":\"https:\/\/lindy.com\/it\/corporate\/#primaryimage\"},\"image\":{\"@id\":\"https:\/\/lindy.com\/it\/corporate\/#primaryimage\"},\"thumbnailUrl\":\"https:\/\/lindy.com\/en\/wp-content\/uploads\/sites\/2\/2018\/10\/VideoWallScaler_HalfWidthAP.jpg\",\"datePublished\":\"2018-11-12T10:51:32+00:00\",\"dateModified\":\"2019-05-23T12:20:27+00:00\",\"breadcrumb\":{\"@id\":\"https:\/\/lindy.com\/it\/corporate\/#breadcrumb\"},\"inLanguage\":\"it-IT\",\"potentialAction\":[{\"@type\":\"ReadAction\",\"target\":[\"https:\/\/lindy.com\/it\/corporate\/\"]}]},{\"@type\":\"ImageObject\",\"inLanguage\":\"it-IT\",\"@id\":\"https:\/\/lindy.com\/it\/corporate\/#primaryimage\",\"url\":\"https:\/\/lindy.com\/en\/wp-content\/uploads\/sites\/2\/2018\/10\/VideoWallScaler_HalfWidthAP.jpg\",\"contentUrl\":\"https:\/\/lindy.com\/en\/wp-content\/uploads\/sites\/2\/2018\/10\/VideoWallScaler_HalfWidthAP.jpg\"},{\"@type\":\"BreadcrumbList\",\"@id\":\"https:\/\/lindy.com\/it\/corporate\/#breadcrumb\",\"itemListElement\":[{\"@type\":\"ListItem\",\"position\":1,\"name\":\"Home\",\"item\":\"https:\/\/lindy.com\/it\/\"},{\"@type\":\"ListItem\",\"position\":2,\"name\":\"Soluzioni Corporate\"}]},{\"@type\":\"WebSite\",\"@id\":\"https:\/\/lindy.com\/it\/#website\",\"url\":\"https:\/\/lindy.com\/it\/\",\"name\":\"Lindy - Italian\",\"description\":\"Connection Perfection\",\"potentialAction\":[{\"@type\":\"SearchAction\",\"target\":{\"@type\":\"EntryPoint\",\"urlTemplate\":\"https:\/\/lindy.com\/it\/?s={search_term_string}\"},\"query-input\":{\"@type\":\"PropertyValueSpecification\",\"valueRequired\":true,\"valueName\":\"search_term_string\"}}],\"inLanguage\":\"it-IT\"}]}<\/script>\n<!-- \/ Yoast SEO plugin. -->","yoast_head_json":{"title":"Soluzioni Corporate - Lindy - Italian","robots":{"index":"index","follow":"follow","max-snippet":"max-snippet:-1","max-image-preview":"max-image-preview:large","max-video-preview":"max-video-preview:-1"},"canonical":"https:\/\/lindy.com\/it\/corporate\/","og_locale":"it_IT","og_type":"article","og_title":"Soluzioni Corporate - Lindy - Italian","og_url":"https:\/\/lindy.com\/it\/corporate\/","og_site_name":"Lindy - Italian","article_modified_time":"2019-05-23T12:20:27+00:00","og_image":[{"url":"https:\/\/lindy.com\/en\/wp-content\/uploads\/sites\/2\/2018\/10\/VideoWallScaler_HalfWidthAP.jpg","type":"","width":"","height":""}],"twitter_card":"summary_large_image","twitter_misc":{"Tempo di lettura stimato":"2 minuti"},"schema":{"@context":"https:\/\/schema.org","@graph":[{"@type":"WebPage","@id":"https:\/\/lindy.com\/it\/corporate\/","url":"https:\/\/lindy.com\/it\/corporate\/","name":"Soluzioni Corporate - Lindy - Italian","isPartOf":{"@id":"https:\/\/lindy.com\/it\/#website"},"primaryImageOfPage":{"@id":"https:\/\/lindy.com\/it\/corporate\/#primaryimage"},"image":{"@id":"https:\/\/lindy.com\/it\/corporate\/#primaryimage"},"thumbnailUrl":"https:\/\/lindy.com\/en\/wp-content\/uploads\/sites\/2\/2018\/10\/VideoWallScaler_HalfWidthAP.jpg","datePublished":"2018-11-12T10:51:32+00:00","dateModified":"2019-05-23T12:20:27+00:00","breadcrumb":{"@id":"https:\/\/lindy.com\/it\/corporate\/#breadcrumb"},"inLanguage":"it-IT","potentialAction":[{"@type":"ReadAction","target":["https:\/\/lindy.com\/it\/corporate\/"]}]},{"@type":"ImageObject","inLanguage":"it-IT","@id":"https:\/\/lindy.com\/it\/corporate\/#primaryimage","url":"https:\/\/lindy.com\/en\/wp-content\/uploads\/sites\/2\/2018\/10\/VideoWallScaler_HalfWidthAP.jpg","contentUrl":"https:\/\/lindy.com\/en\/wp-content\/uploads\/sites\/2\/2018\/10\/VideoWallScaler_HalfWidthAP.jpg"},{"@type":"BreadcrumbList","@id":"https:\/\/lindy.com\/it\/corporate\/#breadcrumb","itemListElement":[{"@type":"ListItem","position":1,"name":"Home","item":"https:\/\/lindy.com\/it\/"},{"@type":"ListItem","position":2,"name":"Soluzioni Corporate"}]},{"@type":"WebSite","@id":"https:\/\/lindy.com\/it\/#website","url":"https:\/\/lindy.com\/it\/","name":"Lindy - Italian","description":"Connection Perfection","potentialAction":[{"@type":"SearchAction","target":{"@type":"EntryPoint","urlTemplate":"https:\/\/lindy.com\/it\/?s={search_term_string}"},"query-input":{"@type":"PropertyValueSpecification","valueRequired":true,"valueName":"search_term_string"}}],"inLanguage":"it-IT"}]}},"_links":{"self":[{"href":"https:\/\/lindy.com\/it\/wp-json\/wp\/v2\/pages\/42","targetHints":{"allow":["GET"]}}],"collection":[{"href":"https:\/\/lindy.com\/it\/wp-json\/wp\/v2\/pages"}],"about":[{"href":"https:\/\/lindy.com\/it\/wp-json\/wp\/v2\/types\/page"}],"author":[{"embeddable":true,"href":"https:\/\/lindy.com\/it\/wp-json\/wp\/v2\/users\/11"}],"replies":[{"embeddable":true,"href":"https:\/\/lindy.com\/it\/wp-json\/wp\/v2\/comments?post=42"}],"version-history":[{"count":0,"href":"https:\/\/lindy.com\/it\/wp-json\/wp\/v2\/pages\/42\/revisions"}],"wp:attachment":[{"href":"https:\/\/lindy.com\/it\/wp-json\/wp\/v2\/media?parent=42"}],"curies":[{"name":"wp","href":"https:\/\/api.w.org\/{rel}","templated":true}]}}