{"id":44,"date":"2018-11-21T16:20:06","date_gmt":"2018-11-21T16:20:06","guid":{"rendered":"https:\/\/lindy.com\/it\/?page_id=44"},"modified":"2026-01-05T13:26:47","modified_gmt":"2026-01-05T13:26:47","slug":"management","status":"publish","type":"page","link":"https:\/\/lindy.com\/it\/management\/","title":{"rendered":"Global Management"},"content":{"rendered":"\n<section class=\"wp-block-lindy-full-width-image section section--full-width-image full-width-image theme--dark align--left font--size-medium\" style=\"background-image:url(https:\/\/lindy.com\/it\/wp-content\/uploads\/sites\/5\/2025\/09\/Management-Team.jpg)\"><img decoding=\"async\" class=\"full-width-image__image\" src=\"https:\/\/lindy.com\/it\/wp-content\/uploads\/sites\/5\/2025\/09\/Management-Team.jpg\"\/><div class=\"contained\"><div class=\"full-width-image__content\"><h2 class=\"section__heading\"><span><br\/><br\/><br\/><br\/><br\/><br\/><\/span><\/h2><h2 class=\"section__subheading section__subheading__title\"><br\/><\/h2><\/div><\/div><\/section>\n\n\n\n<section class=\"wp-block-lindy-image-text-module section section--full-width-image full-width-image--with-text theme--light section--animation-none align--center  font--size-large\" style=\"background-image:url()\"><img decoding=\"async\" class=\"full-width-image__image\" src=\"\"\/><div class=\"contained\"><div class=\"full-width-image__content\"><h2 class=\"section__heading\"><span>4 FAMIGLIE.<\/span><\/h2><h2 class=\"section__subheading section__subheading__title\">UN UNICO BUSINESS.<\/h2><p class=\"section__paragraph\"><br\/>Fondata da Kurt Lindenberg nel 1932, oggi la societ\u00e0 \u00e8 di propriet\u00e0 delle famiglie Lindenberg, Casey, Chen e Jamieson.<br\/><br\/>Essendo una azienda di famiglia, ci piace condividere la nostra passione, creativit\u00e0 e impegno, con l&#8217;intento di ispirare persone in tutto il mondo. Abbiamo un interesse personale nel rendere il nostro un business di successo ed essere i migliori in tutto quello che facciamo. <br\/><br\/>Essendo in continua espansione, ci guardiamo spesso intorno affinch\u00e8 le nostre soluzioni incontrino le esigenze dei clienti. Risulta altrettanto importante riflettere i nostri valori familiari e garantire la stessa qualit\u00e0 di servizio che ci ha permesso di raggiungere parecchi traguardi. Ci interessa creare relazioni durature che permettano ai nostri partner di sviluppare soluzioni di connettivit\u00e0 in tutto il mondo.<\/p><\/div><\/div><\/section>\n\n\n\n<section class=\"wp-block-lindy-paragraph-and-images full-width-image--with-text section section--paragraph-image  theme--light font--camber font--size-small\"><div class=\"grid-noBottom-middle\"><div class=\"col-6_sm-12 full-width-image__content section section--animation-none align--right \"><div class=\"content--animate\"><div class=\"contained\"><h2 class=\"section__heading\"><span> <br\/>PETER LINDENBERG <\/span><\/h2><p class=\"section__paragraph\"><br\/>Peter Lindenberg, medico praticante, riesce ad armonizzare la sua vocazione medica con il suo lavoro di amministratore delegato di Lindy dove ha fondato inizialmente la sede in Italia. Fa parte dell&#8217;azienda dal 1986 e l&#8217;ha guidata verso il futuro insieme al padre Klaus e al fratello J\u00fcrgen Lindenberg. Da qualche anno ha assunto il ruolo di Amministratore Delegato in Germania e, oltre a tutte le questioni globali, strategiche e internazionali, \u00e8 anche responsabile della gestione dei dipartimenti IT della sede di Mannheim.\u00a0<\/p><\/div><\/div><\/div><div class=\"col-6_sm-12 full-width-image--with-text align--right\" style=\"background-image:url(https:\/\/lindy.com\/it\/wp-content\/uploads\/sites\/5\/2024\/08\/Peter_Lindenberg.png)\"><img decoding=\"async\" src=\"https:\/\/lindy.com\/it\/wp-content\/uploads\/sites\/5\/2024\/08\/Peter_Lindenberg.png\"\/><\/div><\/div><\/section>\n\n\n\n<section class=\"wp-block-lindy-paragraph-and-images full-width-image--with-text section section--paragraph-image  theme--light font--camber font--size-small\"><div class=\"grid-noBottom-middle-reverse\"><div class=\"col-6_sm-12 full-width-image__content section section--animation-none align--left \"><div class=\"content--animate\"><div class=\"contained\"><h2 class=\"section__heading\"><span> <br\/>DARREN CASEY <\/span><\/h2><p class=\"section__paragraph\"><br\/>Darren ha seguito le ombre del padre Gerry Casey ed \u00e8 entrato nel business di famiglia nel 1992. Con esperienza nel campo del marketing, il ruolo iniziale di Darren era quello di sviluppare il lato di marketing e branding del business. Nel 1995 \u00e8 diventato il Managing director di Lindy UK. Oltre a questo ruolo direzionale, gestisce le operazioni di marketing a livello globale.<\/p><\/div><\/div><\/div><div class=\"col-6_sm-12 full-width-image--with-text align--left\" style=\"background-image:url(https:\/\/lindy.com\/it\/wp-content\/uploads\/sites\/5\/2024\/08\/Darren-Casey.png)\"><img decoding=\"async\" src=\"https:\/\/lindy.com\/it\/wp-content\/uploads\/sites\/5\/2024\/08\/Darren-Casey.png\"\/><\/div><\/div><\/section>\n\n\n\n<section class=\"wp-block-lindy-paragraph-and-images full-width-image--with-text section section--paragraph-image  theme--light font--camber font--size-small\"><div class=\"grid-noBottom-middle\"><div class=\"col-6_sm-12 full-width-image__content section section--animation-none align--right \"><div class=\"content--animate\"><div class=\"contained\"><h2 class=\"section__heading\"><span>tony jamieson<\/span><\/h2><p class=\"section__paragraph\"><br\/>Tony dirige Lindy Australia. Di fatto, ha avviato da zero l&#8217;attivit\u00e0 in Australia nel 2004. Tony \u00e8 l&#8217;esempio ideale dello spirito australiano e possiede un esteso background di competenze, soprattutto sull&#8217;e-commerce, la gestione dei prodotti e le vendite.<\/p><\/div><\/div><\/div><div class=\"col-6_sm-12 full-width-image--with-text align--right\" style=\"background-image:url(https:\/\/lindy.com\/it\/wp-content\/uploads\/sites\/5\/2024\/08\/Tony-Jamieson.png)\"><img decoding=\"async\" src=\"https:\/\/lindy.com\/it\/wp-content\/uploads\/sites\/5\/2024\/08\/Tony-Jamieson.png\"\/><\/div><\/div><\/section>\n\n\n\n<section class=\"wp-block-lindy-paragraph-and-images full-width-image--with-text section section--paragraph-image  theme--light font--camber font--size-small\"><div class=\"grid-noBottom-middle-reverse\"><div class=\"col-6_sm-12 full-width-image__content section section--animation-none align--left \"><div class=\"content--animate\"><div class=\"contained\"><h2 class=\"section__heading\"><span> <br\/>SHEAU CHEN <\/span><\/h2><p class=\"section__paragraph\"><br\/>Sheau \u00e8 il managing director di Lindy Asia. Il suo ruolo prevede incarichi di responsabilit\u00e0 per il mercato indonesiano, giapponese e di Taiwan. Esperto nel campo della tecnologia della fibra ottica, mette a disposizione la sua esperienza per sviluppare efficaci soluzioni di estensione del segnale. Sheau divide il suo tempo tra Taiwan e la California, dove oltretutto gestisce lo sviluppo di Lindy negli Stati Uniti.<\/p><\/div><\/div><\/div><div class=\"col-6_sm-12 full-width-image--with-text align--left\" style=\"background-image:url(https:\/\/lindy.com\/it\/wp-content\/uploads\/sites\/5\/2024\/08\/Sheau-Chen.png)\"><img decoding=\"async\" src=\"https:\/\/lindy.com\/it\/wp-content\/uploads\/sites\/5\/2024\/08\/Sheau-Chen.png\"\/><\/div><\/div><\/section>\n\n\n\n<section class=\"wp-block-lindy-paragraph-one-col section section--horizontal-content section--horizontal-content--one-column font--size-small theme--light align--left  section--animation-none\"><div class=\"contained\"><\/div><\/section>\n","protected":false},"excerpt":{"rendered":"","protected":false},"author":11,"featured_media":0,"parent":0,"menu_order":0,"comment_status":"closed","ping_status":"closed","template":"page-templates\/template-landing.php","meta":{"_acf_changed":false,"footnotes":""},"class_list":["post-44","page","type-page","status-publish","hentry"],"acf":[],"yoast_head":"<!-- This site is optimized with the Yoast SEO plugin v26.6 - https:\/\/yoast.com\/wordpress\/plugins\/seo\/ -->\n<title>Global Management - Lindy - Italian<\/title>\n<meta name=\"robots\" content=\"index, follow, max-snippet:-1, max-image-preview:large, max-video-preview:-1\" \/>\n<link rel=\"canonical\" href=\"https:\/\/lindy.com\/it\/management\/\" \/>\n<meta property=\"og:locale\" content=\"it_IT\" \/>\n<meta property=\"og:type\" content=\"article\" \/>\n<meta property=\"og:title\" content=\"Global Management - Lindy - Italian\" \/>\n<meta property=\"og:url\" content=\"https:\/\/lindy.com\/it\/management\/\" \/>\n<meta property=\"og:site_name\" content=\"Lindy - Italian\" \/>\n<meta property=\"article:modified_time\" content=\"2026-01-05T13:26:47+00:00\" \/>\n<meta property=\"og:image\" content=\"https:\/\/lindy.com\/it\/wp-content\/uploads\/sites\/5\/2025\/09\/Management-Team.jpg\" \/>\n<meta name=\"twitter:card\" content=\"summary_large_image\" \/>\n<meta name=\"twitter:label1\" content=\"Tempo di lettura stimato\" \/>\n\t<meta name=\"twitter:data1\" content=\"4 minuti\" \/>\n<script type=\"application\/ld+json\" class=\"yoast-schema-graph\">{\"@context\":\"https:\/\/schema.org\",\"@graph\":[{\"@type\":\"WebPage\",\"@id\":\"https:\/\/lindy.com\/it\/management\/\",\"url\":\"https:\/\/lindy.com\/it\/management\/\",\"name\":\"Global Management - Lindy - Italian\",\"isPartOf\":{\"@id\":\"https:\/\/lindy.com\/it\/#website\"},\"primaryImageOfPage\":{\"@id\":\"https:\/\/lindy.com\/it\/management\/#primaryimage\"},\"image\":{\"@id\":\"https:\/\/lindy.com\/it\/management\/#primaryimage\"},\"thumbnailUrl\":\"https:\/\/lindy.com\/it\/wp-content\/uploads\/sites\/5\/2025\/09\/Management-Team.jpg\",\"datePublished\":\"2018-11-21T16:20:06+00:00\",\"dateModified\":\"2026-01-05T13:26:47+00:00\",\"breadcrumb\":{\"@id\":\"https:\/\/lindy.com\/it\/management\/#breadcrumb\"},\"inLanguage\":\"it-IT\",\"potentialAction\":[{\"@type\":\"ReadAction\",\"target\":[\"https:\/\/lindy.com\/it\/management\/\"]}]},{\"@type\":\"ImageObject\",\"inLanguage\":\"it-IT\",\"@id\":\"https:\/\/lindy.com\/it\/management\/#primaryimage\",\"url\":\"https:\/\/lindy.com\/it\/wp-content\/uploads\/sites\/5\/2025\/09\/Management-Team.jpg\",\"contentUrl\":\"https:\/\/lindy.com\/it\/wp-content\/uploads\/sites\/5\/2025\/09\/Management-Team.jpg\",\"width\":1920,\"height\":957},{\"@type\":\"BreadcrumbList\",\"@id\":\"https:\/\/lindy.com\/it\/management\/#breadcrumb\",\"itemListElement\":[{\"@type\":\"ListItem\",\"position\":1,\"name\":\"Home\",\"item\":\"https:\/\/lindy.com\/it\/\"},{\"@type\":\"ListItem\",\"position\":2,\"name\":\"Global Management\"}]},{\"@type\":\"WebSite\",\"@id\":\"https:\/\/lindy.com\/it\/#website\",\"url\":\"https:\/\/lindy.com\/it\/\",\"name\":\"Lindy - Italian\",\"description\":\"Connection Perfection\",\"potentialAction\":[{\"@type\":\"SearchAction\",\"target\":{\"@type\":\"EntryPoint\",\"urlTemplate\":\"https:\/\/lindy.com\/it\/?s={search_term_string}\"},\"query-input\":{\"@type\":\"PropertyValueSpecification\",\"valueRequired\":true,\"valueName\":\"search_term_string\"}}],\"inLanguage\":\"it-IT\"}]}<\/script>\n<!-- \/ Yoast SEO plugin. -->","yoast_head_json":{"title":"Global Management - Lindy - Italian","robots":{"index":"index","follow":"follow","max-snippet":"max-snippet:-1","max-image-preview":"max-image-preview:large","max-video-preview":"max-video-preview:-1"},"canonical":"https:\/\/lindy.com\/it\/management\/","og_locale":"it_IT","og_type":"article","og_title":"Global Management - Lindy - Italian","og_url":"https:\/\/lindy.com\/it\/management\/","og_site_name":"Lindy - Italian","article_modified_time":"2026-01-05T13:26:47+00:00","og_image":[{"url":"https:\/\/lindy.com\/it\/wp-content\/uploads\/sites\/5\/2025\/09\/Management-Team.jpg","type":"","width":"","height":""}],"twitter_card":"summary_large_image","twitter_misc":{"Tempo di lettura stimato":"4 minuti"},"schema":{"@context":"https:\/\/schema.org","@graph":[{"@type":"WebPage","@id":"https:\/\/lindy.com\/it\/management\/","url":"https:\/\/lindy.com\/it\/management\/","name":"Global Management - Lindy - Italian","isPartOf":{"@id":"https:\/\/lindy.com\/it\/#website"},"primaryImageOfPage":{"@id":"https:\/\/lindy.com\/it\/management\/#primaryimage"},"image":{"@id":"https:\/\/lindy.com\/it\/management\/#primaryimage"},"thumbnailUrl":"https:\/\/lindy.com\/it\/wp-content\/uploads\/sites\/5\/2025\/09\/Management-Team.jpg","datePublished":"2018-11-21T16:20:06+00:00","dateModified":"2026-01-05T13:26:47+00:00","breadcrumb":{"@id":"https:\/\/lindy.com\/it\/management\/#breadcrumb"},"inLanguage":"it-IT","potentialAction":[{"@type":"ReadAction","target":["https:\/\/lindy.com\/it\/management\/"]}]},{"@type":"ImageObject","inLanguage":"it-IT","@id":"https:\/\/lindy.com\/it\/management\/#primaryimage","url":"https:\/\/lindy.com\/it\/wp-content\/uploads\/sites\/5\/2025\/09\/Management-Team.jpg","contentUrl":"https:\/\/lindy.com\/it\/wp-content\/uploads\/sites\/5\/2025\/09\/Management-Team.jpg","width":1920,"height":957},{"@type":"BreadcrumbList","@id":"https:\/\/lindy.com\/it\/management\/#breadcrumb","itemListElement":[{"@type":"ListItem","position":1,"name":"Home","item":"https:\/\/lindy.com\/it\/"},{"@type":"ListItem","position":2,"name":"Global Management"}]},{"@type":"WebSite","@id":"https:\/\/lindy.com\/it\/#website","url":"https:\/\/lindy.com\/it\/","name":"Lindy - Italian","description":"Connection Perfection","potentialAction":[{"@type":"SearchAction","target":{"@type":"EntryPoint","urlTemplate":"https:\/\/lindy.com\/it\/?s={search_term_string}"},"query-input":{"@type":"PropertyValueSpecification","valueRequired":true,"valueName":"search_term_string"}}],"inLanguage":"it-IT"}]}},"_links":{"self":[{"href":"https:\/\/lindy.com\/it\/wp-json\/wp\/v2\/pages\/44","targetHints":{"allow":["GET"]}}],"collection":[{"href":"https:\/\/lindy.com\/it\/wp-json\/wp\/v2\/pages"}],"about":[{"href":"https:\/\/lindy.com\/it\/wp-json\/wp\/v2\/types\/page"}],"author":[{"embeddable":true,"href":"https:\/\/lindy.com\/it\/wp-json\/wp\/v2\/users\/11"}],"replies":[{"embeddable":true,"href":"https:\/\/lindy.com\/it\/wp-json\/wp\/v2\/comments?post=44"}],"version-history":[{"count":9,"href":"https:\/\/lindy.com\/it\/wp-json\/wp\/v2\/pages\/44\/revisions"}],"predecessor-version":[{"id":4304,"href":"https:\/\/lindy.com\/it\/wp-json\/wp\/v2\/pages\/44\/revisions\/4304"}],"wp:attachment":[{"href":"https:\/\/lindy.com\/it\/wp-json\/wp\/v2\/media?parent=44"}],"curies":[{"name":"wp","href":"https:\/\/api.w.org\/{rel}","templated":true}]}}