{"id":4469,"date":"2026-02-24T12:23:39","date_gmt":"2026-02-24T12:23:39","guid":{"rendered":"https:\/\/lindy.com\/it\/?page_id=4469"},"modified":"2026-02-24T12:25:01","modified_gmt":"2026-02-24T12:25:01","slug":"case-study-aver","status":"publish","type":"page","link":"https:\/\/lindy.com\/it\/case-study-aver\/","title":{"rendered":"CASE STUDY AVER"},"content":{"rendered":"\n<section class=\"wp-block-lindy-image-text-module section section--full-width-image full-width-image--with-text theme--light section--animation-none align--center  font--size-large\" style=\"background-image:url(https:\/\/lindy.com\/eu\/wp-content\/uploads\/sites\/10\/2026\/01\/Main-Image-2-1.jpg)\"><img decoding=\"async\" class=\"full-width-image__image\" src=\"https:\/\/lindy.com\/eu\/wp-content\/uploads\/sites\/10\/2026\/01\/Main-Image-2-1.jpg\"\/><div class=\"contained\"><div class=\"full-width-image__content\"><h2 class=\"section__heading\"><span>CONNESSIONI <br\/>CON LA VISIONE<\/span><\/h2><\/div><\/div><\/section>\n\n\n\n<section class=\"wp-block-lindy-heading-text section section--heading-text theme--light align--center font--camber font--size-medium section--animation-none\"><div class=\"contained\"><h2 class=\"section__heading\"><span><br\/><\/span><\/h2><h2 class=\"section__subheading section__subheading__title\">QUANDO \u00c8 RICHIESTA LA MASSIMA PERFORMANCE, AVer SCEGLIE LINDY<\/h2><\/div><\/section>\n\n\n\n<section class=\"wp-block-lindy-key-info section section--key-info theme--light section--animation-none\"><div class=\"contained\"><div class=\"grid-2_sm-1-center\"><div class=\"col left_item\"><div class=\"box\"><h3 class=\"section__heading\"><\/h3><div class=\"section__content\"><p class=\"section__content\">AVer, nota per i suoi elevati standard nell\u2019imaging professionale, aveva bisogno di una connettivit\u00e0 USB a lunga distanza completamente affidabile. Dopo ampi test su diverse soluzioni di estensione USB 3.0, solo Lindy ha soddisfatto le loro esigenze.<br\/><\/p><\/div><\/div><\/div><div class=\"col right_item\"><div class=\"box\"><h3 class=\"section__heading\"><\/h3><div class=\"section__content\"><p class=\"section__content\">Su tutta la gamma di telecamere AVer \u2014 dalle unit\u00e0 compatte per videoconferenze ai modelli PTZ avanzati e di livello medicale \u2014 i cavi Lindy hanno garantito risultati impeccabili: video nitido, PTZ e tracciamento automatico reattivi, e connessioni stabili anche a 20\u201325 metri.<\/p><\/div><\/div><\/div><\/div><\/div><\/section>\n\n\n\n<section class=\"wp-block-lindy-image-text-module section section--full-width-image full-width-image--with-text theme--dark section--animation-none align--left  font--size-medium width--half\" style=\"background-image:url()\"><img decoding=\"async\" class=\"full-width-image__image\" src=\"\"\/><div class=\"contained\"><div class=\"full-width-image__content\"><h2 class=\"section__heading\"><span>LA SFIDA<\/span><\/h2><p class=\"section__paragraph\"><br\/>Le configurazioni moderne di videoconferenze, streaming, registrazione di lezioni, imaging medico e tracciamento automatico richiedono spesso il posizionamento delle telecamere ben oltre i limiti dei cavi USB standard. Per AVer, la sfida era garantire che le telecamere funzionassero in modo affidabile a queste lunghe distanze dal PC host \u2014 senza compromettere la qualit\u00e0 video, introdurre latenza o problemi di alimentazione, n\u00e9 ridurre la reattivit\u00e0 del PTZ e del tracciamento automatico.<\/p><\/div><\/div><\/section>\n\n\n\n<section class=\"wp-block-lindy-image-text-module section section--full-width-image full-width-image--with-text theme--dark section--animation-none align--left  font--size-medium width--half\" style=\"background-image:url(https:\/\/lindy.com\/eu\/wp-content\/uploads\/sites\/10\/2026\/01\/Resized-challenge-colour.jpg)\"><img decoding=\"async\" class=\"full-width-image__image\" src=\"https:\/\/lindy.com\/eu\/wp-content\/uploads\/sites\/10\/2026\/01\/Resized-challenge-colour.jpg\"\/><div class=\"contained\"><div class=\"full-width-image__content\"><p class=\"section__paragraph\"><br\/><\/p><\/div><\/div><\/section>\n\n\n\n<section class=\"wp-block-lindy-image-text-module section section--full-width-image full-width-image--with-text theme--light section--animation-none align--left  font--size-medium width--half\" style=\"background-image:url(https:\/\/lindy.com\/eu\/wp-content\/uploads\/sites\/10\/2026\/01\/Solution-1.jpg)\"><img decoding=\"async\" class=\"full-width-image__image\" src=\"https:\/\/lindy.com\/eu\/wp-content\/uploads\/sites\/10\/2026\/01\/Solution-1.jpg\"\/><div class=\"contained\"><div class=\"full-width-image__content\"><\/div><\/div><\/section>\n\n\n\n<section class=\"wp-block-lindy-image-text-module section section--full-width-image full-width-image--with-text theme--light section--animation-none align--left  font--size-medium width--half\" style=\"background-image:url()\"><img decoding=\"async\" class=\"full-width-image__image\" src=\"\"\/><div class=\"contained\"><div class=\"full-width-image__content\"><h2 class=\"section__heading\"><span>APPROCCIO DI TEST E SOLUZIONE<\/span><\/h2><p class=\"section__paragraph\"><br\/>Per affrontare questa sfida, AVer si \u00e8 associata a Lindy per testare una gamma di telecamere utilizzando cavi di estensione USB 3.0 attivi Lindy di varie lunghezze (3 m, 10 m, oltre 20 m). I test, condotti in ambienti reali come sale riunioni e laboratori medici, si sono concentrati sulla qualit\u00e0 video, latenza, alimentazione, funzionalit\u00e0 PTZ\/tracciamento automatico e robustezza complessiva della connessione, garantendo prestazioni affidabili anche a lunghe distanze.<\/p><\/div><\/div><\/section>\n\n\n\n<section class=\"wp-block-lindy-heading-text section section--heading-text theme--dark align--center  font--size-medium section--animation-none\"><div class=\"contained\"><h2 class=\"section__heading\"><span><br\/>TESTATI INSIEME, FIDATI INSIEME<\/span><\/h2><\/div><\/section>\n\n\n\n<section class=\"wp-block-lindy-key-info section section--key-info theme--dark section--animation-none\"><div class=\"contained\"><div class=\"grid-2_sm-1-center\"><div class=\"col left_item\"><div class=\"box box--border\"><h3 class=\"section__heading\">Prodotti e telecamere AVer per un abbinamento Perfetto<\/h3><div class=\"section__content\"><p class=\"section__content\"><strong>Telecamere USB serie CAM: <\/strong>connettivit\u00e0 plug-and-play semplice per videoconferenze senza sforzo.<br\/><br\/><strong>Matrix Tracking Box MT300\/100<\/strong>: tracciamento intelligente del presentatore con commutazione fluida della telecamera.<br\/><br\/><strong>Telecamere con tracciamento automatico serie TR: <\/strong>tracciamento AI avanzato che segue automaticamente gli interlocutori.<br\/><br\/><strong>Telecamere PTZ PRO AV serie PTZ200\/300<\/strong>: controllo fluido di panoramica, inclinazione e zoom per una copertura dinamica in spazi ampi.<br\/><br\/><strong>Telecamere PTZ di grado medico MD<\/strong>: immagini ultra precise progettate per soddisfare gli standard medici.<\/p><\/div><\/div><\/div><div class=\"col right_item\"><div class=\"box box--border\"><h3 class=\"section__heading\">Estensione attiva USB 3.0 Pro Lindy<\/h3><div class=\"section__content\"><p class=\"section__content\"><strong>Prolunga USB attiva fino a 20 m: <\/strong>prestazioni USB affidabili ben oltre le lunghezze standard dei cavi.<br\/><br\/><strong>Supporto sistema modulare: <\/strong>facile da combinare con altri cavi di prolunga pro per una maggiore flessibilit\u00e0.<br\/><br\/><strong>USB 3.2 Gen 1 (SuperSpeed): <\/strong>larghezza di banda dati completa a 5 Gbps per una comunicazione veloce tra i dispositivi.<br\/><br\/><strong>Connettori con blocco: <\/strong>fissaggio sicuro per applicazioni professionali e industriali.<br\/><br\/><strong>Plug &amp; Play: <\/strong>facile installazione senza bisogno di driver o configurazioni.<\/p><\/div><\/div><\/div><\/div><\/div><\/section>\n\n\n\n<section class=\"wp-block-lindy-image-text-module section section--full-width-image full-width-image--with-text theme--light section--animation-none align--left  font--size-medium\" style=\"background-image:url(https:\/\/lindy.com\/eu\/wp-content\/uploads\/sites\/10\/2025\/12\/Lindy-product.png)\"><img decoding=\"async\" class=\"full-width-image__image\" src=\"https:\/\/lindy.com\/eu\/wp-content\/uploads\/sites\/10\/2025\/12\/Lindy-product.png\"\/><div class=\"contained\"><div class=\"full-width-image__content\"><\/div><\/div><\/section>\n\n\n\n<section class=\"wp-block-lindy-heading-text section section--heading-text theme--dark align--center font--camber font--size-small section--animation-none\"><div class=\"contained\"><h2 class=\"section__heading\"><span>Testato da AVer. Approvato da AVer. Usa le rallonge USB Lindy per le migliori prestazioni con le seguenti telecamere AVer\u2026<\/span><\/h2><\/div><\/section>\n\n\n\n<section class=\"wp-block-lindy-image-text-module section section--full-width-image full-width-image--with-text theme--light section--animation-none align--left  font--size-medium\" style=\"background-image:url(https:\/\/lindy.com\/eu\/wp-content\/uploads\/sites\/10\/2025\/12\/Aver-product.png)\"><img decoding=\"async\" class=\"full-width-image__image\" src=\"https:\/\/lindy.com\/eu\/wp-content\/uploads\/sites\/10\/2025\/12\/Aver-product.png\"\/><div class=\"contained\"><div class=\"full-width-image__content\"><\/div><\/div><\/section>\n\n\n\n<section class=\"wp-block-lindy-parallax-hero section parallax-hero theme--dark align--left font--camber font--size-medium\" style=\"background-image:url(https:\/\/lindy.com\/eu\/wp-content\/uploads\/sites\/10\/2025\/12\/tr615.jpg)\"><div class=\"contained contained--full-width\"><div class=\"parallax-hero__content\"><div class=\"parallax-hero__content-wrapper align--left\"><h2 class=\"section__subheading section__subheading__title\">&#8220;The collaboration between aver and lindy has simplified deployment, reduced infrastructure costs, and ensured our customers get reliable performance every time.&#8221;<\/h2><p class=\"section__paragraph\"><br\/>Rene Buhay, Vice President, Sales &amp; Marketing at AVer Europe<\/p><\/div><\/div><\/div><\/section>\n\n\n\n<section class=\"wp-block-lindy-image-text-module section section--full-width-image full-width-image--with-text theme--light section--animation-none align--center  font--size-medium\" style=\"background-image:url()\"><img decoding=\"async\" class=\"full-width-image__image\" src=\"\"\/><div class=\"contained\"><div class=\"full-width-image__content\"><h2 class=\"section__heading\"><span>RISULTATI E VANTAGGI<\/span><\/h2><p class=\"section__paragraph\"><br\/>L\u2019uso delle rallonge USB 3.0 attive Lindy con le telecamere AVer offre maggiore flessibilit\u00e0 di installazione, consentendo un posizionamento ottimale delle telecamere oltre i limiti dei cavi USB standard. La soluzione semplifica l\u2019infrastruttura eliminando extender proprietari o costosi sistemi AV over IP, mantenendo tutte le funzionalit\u00e0 PTZ, di tracciamento e imaging. Fornisce inoltre un metodo affidabile ed economico per la connettivit\u00e0 video USB a lunga distanza.<\/p><\/div><\/div><\/section>\n\n\n\n<section class=\"wp-block-lindy-icon-section section section--icon font--size-small align--center theme--light\"><div class=\"contained\"><div class=\"grid-4_md-2_xs-1-spaceAround icons\"><div class=\"col\"><div class=\"icon-block icon-block--0\"><img decoding=\"async\" class=\"icon-block__image\" src=\"https:\/\/lindy.com\/eu\/wp-content\/uploads\/sites\/10\/2026\/01\/Efficiency.png\"\/><div class=\"icon-block__content\"><h3 class=\"icon-title\">MAGGIORE EFFICIENZA\n DELLE RIUNIONI<\/h3><p class=\"icon-text\"><\/p><\/div><\/div><\/div><div class=\"col\"><div class=\"icon-block icon-block--1\"><img decoding=\"async\" class=\"icon-block__image\" src=\"https:\/\/lindy.com\/eu\/wp-content\/uploads\/sites\/10\/2026\/01\/10.png\"\/><div class=\"icon-block__content\"><h3 class=\"icon-title\">EFFICIENZA DEI COSTI<\/h3><p class=\"icon-text\"><\/p><\/div><\/div><\/div><div class=\"col\"><div class=\"icon-block icon-block--2\"><img decoding=\"async\" class=\"icon-block__image\" src=\"https:\/\/lindy.com\/eu\/wp-content\/uploads\/sites\/10\/2026\/01\/Zuverlassigkeit-Langlebigkeit_white.png\"\/><div class=\"icon-block__content\"><h3 class=\"icon-title\">AFFIDABILIT\u00c0 \n&amp; DURATA<\/h3><p class=\"icon-text\"><\/p><\/div><\/div><\/div><div class=\"col\"><div class=\"icon-block icon-block--3\"><img decoding=\"async\" class=\"icon-block__image\" src=\"https:\/\/lindy.com\/eu\/wp-content\/uploads\/sites\/10\/2026\/01\/Kunden-Zufriedenheit_white.png\"\/><div class=\"icon-block__content\"><h3 class=\"icon-title\">SODDISFAZIONE \nDEL CLIENTE<\/h3><p class=\"icon-text\"><\/p><\/div><\/div><\/div><\/div><\/div><\/section>\n\n\n\n<section class=\"wp-block-lindy-parallax-hero section parallax-hero theme--dark align--center  font--size-medium\" style=\"background-image:url(https:\/\/lindy.com\/eu\/wp-content\/uploads\/sites\/10\/2026\/01\/tr615_3.jpg)\"><div class=\"contained contained--full-width\"><div class=\"parallax-hero__content\"><div class=\"parallax-hero__content-wrapper align--center\"><h2 class=\"section__heading\"><span>LA CONCLUSIONE<\/span><\/h2><p class=\"section__paragraph\"><br\/>La conclusione \u00e8 stata definitiva: AVer ha scelto e ora raccomanda le prolunghe USB attive di Lindy come soluzione affidabile. Convenienti, flessibili e soprattutto affidabili, i cavi Lindy rappresentano il punto di riferimento per qualsiasi installazione in cui le prestazioni sono fondamentali e la distanza non costituisce un ostacolo.<\/p><\/div><\/div><\/div><\/section>\n\n\n\n<section class=\"wp-block-lindy-image-text-module section section--full-width-image full-width-image--with-text theme--dark section--animation-none align--left  font--size-medium width--half\" style=\"background-image:url(https:\/\/lindy.com\/eu\/wp-content\/uploads\/sites\/10\/2026\/02\/Mock-up-case-sudy-Aver.jpg)\"><img decoding=\"async\" class=\"full-width-image__image\" src=\"https:\/\/lindy.com\/eu\/wp-content\/uploads\/sites\/10\/2026\/02\/Mock-up-case-sudy-Aver.jpg\"\/><div class=\"contained\"><div class=\"full-width-image__content\"><\/div><\/div><\/section>\n\n\n\n<section class=\"wp-block-lindy-image-text-module section section--full-width-image full-width-image--with-text theme--dark section--animation-none align--center  font--size-small width--half\" style=\"background-image:url()\"><img decoding=\"async\" class=\"full-width-image__image\" src=\"\"\/><div class=\"contained\"><div class=\"full-width-image__content\"><h2 class=\"section__subheading section__subheading__title\">Hai trovato istruttivo<br\/>questo case study?<\/h2><p class=\"section__paragraph\"><br\/><strong><strong><strong><strong><strong><strong>Salvalo con un clic<\/strong>\u00a0<\/strong><\/strong><\/strong><\/strong><\/strong><\/p><a href=\"https:\/\/lindy.com\/it\/wp-content\/uploads\/sites\/5\/2026\/02\/Lindy-x-AVer-Case-Study-IT.pdf\" class=\"button button--white-transparent\" target=\"_blank\" rel=\"noopener noreferrer\">\ud83d\udce5 Scarica la versione PDF<\/a><\/div><\/div><\/section>\n","protected":false},"excerpt":{"rendered":"","protected":false},"author":28,"featured_media":0,"parent":0,"menu_order":0,"comment_status":"closed","ping_status":"closed","template":"page-templates\/template-landing.php","meta":{"_acf_changed":false,"footnotes":""},"class_list":["post-4469","page","type-page","status-publish","hentry"],"acf":[],"yoast_head":"<!-- This site is optimized with the Yoast SEO plugin v26.6 - https:\/\/yoast.com\/wordpress\/plugins\/seo\/ -->\n<title>CASE STUDY AVER - Lindy - Italian<\/title>\n<meta name=\"robots\" content=\"index, follow, max-snippet:-1, max-image-preview:large, max-video-preview:-1\" \/>\n<link rel=\"canonical\" href=\"https:\/\/lindy.com\/it\/case-study-aver\/\" \/>\n<meta property=\"og:locale\" content=\"it_IT\" \/>\n<meta property=\"og:type\" content=\"article\" \/>\n<meta property=\"og:title\" content=\"CASE STUDY AVER - Lindy - Italian\" \/>\n<meta property=\"og:url\" content=\"https:\/\/lindy.com\/it\/case-study-aver\/\" \/>\n<meta property=\"og:site_name\" content=\"Lindy - Italian\" \/>\n<meta property=\"article:modified_time\" content=\"2026-02-24T12:25:01+00:00\" \/>\n<meta property=\"og:image\" content=\"https:\/\/lindy.com\/eu\/wp-content\/uploads\/sites\/10\/2026\/01\/Main-Image-2-1.jpg\" \/>\n<meta name=\"twitter:card\" content=\"summary_large_image\" \/>\n<meta name=\"twitter:label1\" content=\"Tempo di lettura stimato\" \/>\n\t<meta name=\"twitter:data1\" content=\"6 minuti\" \/>\n<script type=\"application\/ld+json\" class=\"yoast-schema-graph\">{\"@context\":\"https:\/\/schema.org\",\"@graph\":[{\"@type\":\"WebPage\",\"@id\":\"https:\/\/lindy.com\/it\/case-study-aver\/\",\"url\":\"https:\/\/lindy.com\/it\/case-study-aver\/\",\"name\":\"CASE STUDY AVER - Lindy - Italian\",\"isPartOf\":{\"@id\":\"https:\/\/lindy.com\/it\/#website\"},\"primaryImageOfPage\":{\"@id\":\"https:\/\/lindy.com\/it\/case-study-aver\/#primaryimage\"},\"image\":{\"@id\":\"https:\/\/lindy.com\/it\/case-study-aver\/#primaryimage\"},\"thumbnailUrl\":\"https:\/\/lindy.com\/eu\/wp-content\/uploads\/sites\/10\/2026\/01\/Main-Image-2-1.jpg\",\"datePublished\":\"2026-02-24T12:23:39+00:00\",\"dateModified\":\"2026-02-24T12:25:01+00:00\",\"breadcrumb\":{\"@id\":\"https:\/\/lindy.com\/it\/case-study-aver\/#breadcrumb\"},\"inLanguage\":\"it-IT\",\"potentialAction\":[{\"@type\":\"ReadAction\",\"target\":[\"https:\/\/lindy.com\/it\/case-study-aver\/\"]}]},{\"@type\":\"ImageObject\",\"inLanguage\":\"it-IT\",\"@id\":\"https:\/\/lindy.com\/it\/case-study-aver\/#primaryimage\",\"url\":\"https:\/\/lindy.com\/eu\/wp-content\/uploads\/sites\/10\/2026\/01\/Main-Image-2-1.jpg\",\"contentUrl\":\"https:\/\/lindy.com\/eu\/wp-content\/uploads\/sites\/10\/2026\/01\/Main-Image-2-1.jpg\"},{\"@type\":\"BreadcrumbList\",\"@id\":\"https:\/\/lindy.com\/it\/case-study-aver\/#breadcrumb\",\"itemListElement\":[{\"@type\":\"ListItem\",\"position\":1,\"name\":\"Home\",\"item\":\"https:\/\/lindy.com\/it\/\"},{\"@type\":\"ListItem\",\"position\":2,\"name\":\"CASE STUDY AVER\"}]},{\"@type\":\"WebSite\",\"@id\":\"https:\/\/lindy.com\/it\/#website\",\"url\":\"https:\/\/lindy.com\/it\/\",\"name\":\"Lindy - Italian\",\"description\":\"Connection Perfection\",\"potentialAction\":[{\"@type\":\"SearchAction\",\"target\":{\"@type\":\"EntryPoint\",\"urlTemplate\":\"https:\/\/lindy.com\/it\/?s={search_term_string}\"},\"query-input\":{\"@type\":\"PropertyValueSpecification\",\"valueRequired\":true,\"valueName\":\"search_term_string\"}}],\"inLanguage\":\"it-IT\"}]}<\/script>\n<!-- \/ Yoast SEO plugin. -->","yoast_head_json":{"title":"CASE STUDY AVER - Lindy - Italian","robots":{"index":"index","follow":"follow","max-snippet":"max-snippet:-1","max-image-preview":"max-image-preview:large","max-video-preview":"max-video-preview:-1"},"canonical":"https:\/\/lindy.com\/it\/case-study-aver\/","og_locale":"it_IT","og_type":"article","og_title":"CASE STUDY AVER - Lindy - Italian","og_url":"https:\/\/lindy.com\/it\/case-study-aver\/","og_site_name":"Lindy - Italian","article_modified_time":"2026-02-24T12:25:01+00:00","og_image":[{"url":"https:\/\/lindy.com\/eu\/wp-content\/uploads\/sites\/10\/2026\/01\/Main-Image-2-1.jpg","type":"","width":"","height":""}],"twitter_card":"summary_large_image","twitter_misc":{"Tempo di lettura stimato":"6 minuti"},"schema":{"@context":"https:\/\/schema.org","@graph":[{"@type":"WebPage","@id":"https:\/\/lindy.com\/it\/case-study-aver\/","url":"https:\/\/lindy.com\/it\/case-study-aver\/","name":"CASE STUDY AVER - Lindy - Italian","isPartOf":{"@id":"https:\/\/lindy.com\/it\/#website"},"primaryImageOfPage":{"@id":"https:\/\/lindy.com\/it\/case-study-aver\/#primaryimage"},"image":{"@id":"https:\/\/lindy.com\/it\/case-study-aver\/#primaryimage"},"thumbnailUrl":"https:\/\/lindy.com\/eu\/wp-content\/uploads\/sites\/10\/2026\/01\/Main-Image-2-1.jpg","datePublished":"2026-02-24T12:23:39+00:00","dateModified":"2026-02-24T12:25:01+00:00","breadcrumb":{"@id":"https:\/\/lindy.com\/it\/case-study-aver\/#breadcrumb"},"inLanguage":"it-IT","potentialAction":[{"@type":"ReadAction","target":["https:\/\/lindy.com\/it\/case-study-aver\/"]}]},{"@type":"ImageObject","inLanguage":"it-IT","@id":"https:\/\/lindy.com\/it\/case-study-aver\/#primaryimage","url":"https:\/\/lindy.com\/eu\/wp-content\/uploads\/sites\/10\/2026\/01\/Main-Image-2-1.jpg","contentUrl":"https:\/\/lindy.com\/eu\/wp-content\/uploads\/sites\/10\/2026\/01\/Main-Image-2-1.jpg"},{"@type":"BreadcrumbList","@id":"https:\/\/lindy.com\/it\/case-study-aver\/#breadcrumb","itemListElement":[{"@type":"ListItem","position":1,"name":"Home","item":"https:\/\/lindy.com\/it\/"},{"@type":"ListItem","position":2,"name":"CASE STUDY AVER"}]},{"@type":"WebSite","@id":"https:\/\/lindy.com\/it\/#website","url":"https:\/\/lindy.com\/it\/","name":"Lindy - Italian","description":"Connection Perfection","potentialAction":[{"@type":"SearchAction","target":{"@type":"EntryPoint","urlTemplate":"https:\/\/lindy.com\/it\/?s={search_term_string}"},"query-input":{"@type":"PropertyValueSpecification","valueRequired":true,"valueName":"search_term_string"}}],"inLanguage":"it-IT"}]}},"_links":{"self":[{"href":"https:\/\/lindy.com\/it\/wp-json\/wp\/v2\/pages\/4469","targetHints":{"allow":["GET"]}}],"collection":[{"href":"https:\/\/lindy.com\/it\/wp-json\/wp\/v2\/pages"}],"about":[{"href":"https:\/\/lindy.com\/it\/wp-json\/wp\/v2\/types\/page"}],"author":[{"embeddable":true,"href":"https:\/\/lindy.com\/it\/wp-json\/wp\/v2\/users\/28"}],"replies":[{"embeddable":true,"href":"https:\/\/lindy.com\/it\/wp-json\/wp\/v2\/comments?post=4469"}],"version-history":[{"count":2,"href":"https:\/\/lindy.com\/it\/wp-json\/wp\/v2\/pages\/4469\/revisions"}],"predecessor-version":[{"id":4481,"href":"https:\/\/lindy.com\/it\/wp-json\/wp\/v2\/pages\/4469\/revisions\/4481"}],"wp:attachment":[{"href":"https:\/\/lindy.com\/it\/wp-json\/wp\/v2\/media?parent=4469"}],"curies":[{"name":"wp","href":"https:\/\/api.w.org\/{rel}","templated":true}]}}