{"id":46,"date":"2018-11-12T11:03:07","date_gmt":"2018-11-12T11:03:07","guid":{"rendered":"https:\/\/lindy.com\/it\/?page_id=46"},"modified":"2019-05-23T12:21:15","modified_gmt":"2019-05-23T12:21:15","slug":"hospitality-e-dimostrazioni","status":"publish","type":"page","link":"https:\/\/lindy.com\/it\/hospitality-e-dimostrazioni\/","title":{"rendered":"Soluzioni di Hospitality e per Dimostrazioni"},"content":{"rendered":"\n<section class=\"wp-block-lindy-parallax-hero section parallax-hero theme--light align--center  font--size-large\" style=\"background-image:url(https:\/\/lindy.com\/it\/wp-content\/uploads\/sites\/5\/2018\/12\/Amended_TradeShows_2.jpg)\"><div class=\"contained contained--full-width\"><div class=\"parallax-hero__content\"><div class=\"parallax-hero__content-wrapper align--center\"><h2 class=\"section__heading\"><span><br\/><br\/>APPLICAZIONI<\/span><\/h2><h2 class=\"section__subheading section__subheading__title\">per HOSPITALITY<br\/>E FIERE<\/h2><p class=\"section__paragraph\"><br\/>\u25bc<\/p><\/div><\/div><\/div><\/section>\n\n\n\n<section class=\"wp-block-lindy-parallax-hero section parallax-hero theme--dark align--center  font--size-medium\" style=\"background-image:url(https:\/\/lindy.com\/it\/wp-content\/uploads\/sites\/5\/2018\/12\/Amended_TradeShows_1.jpg)\"><div class=\"contained contained--full-width\"><div class=\"parallax-hero__content\"><div class=\"parallax-hero__content-wrapper align--center\"><h2 class=\"section__heading\"><span><br\/><br\/><br\/><br\/><br\/><br\/><br\/><br\/><br\/><\/span><\/h2><\/div><\/div><\/div><\/section>\n\n\n\n<section class=\"wp-block-lindy-parallax-hero section parallax-hero theme--light align--center font--camber font--size-medium\" style=\"background-image:url(https:\/\/lindy.com\/it\/wp-content\/uploads\/sites\/5\/2018\/12\/Amended_TradeShows_2.jpg)\"><div class=\"contained contained--full-width\"><div class=\"parallax-hero__content\"><div class=\"parallax-hero__content-wrapper align--center\"><h2 class=\"section__heading\"><span>IL FULCRO<\/span><\/h2><h2 class=\"section__subheading section__subheading__title\">DELLE INSTALLAZIONI AV<\/h2><p class=\"section__paragraph\"><br\/>Soluzioni semplici, potenti e scalabili sono l\u2019aspetto preminente di molte installazioni realizzate nelle strutture alberghiere o nei padiglioni delle fiere. In questi ambienti, le installazioni AV possono contare su switch matrice molto potenti che gestiscono la distribuzione dei contenuti a livello centrale.<\/p><\/div><\/div><\/div><\/section>\n\n\n\n<section class=\"wp-block-lindy-heading-text section section--heading-text theme--light align--center  font--size-large section--animation-none\"><div class=\"contained\"><h2 class=\"section__heading\"><span><br\/>CENTRALE MODULARE <br\/>DI COMMUTAZIONE<\/span><\/h2><h2 class=\"section__subheading section__subheading__title\">SWITCH MATRICE MODULARE 32&#215;32<br\/><\/h2><\/div><\/section>\n\n\n\n<section class=\"wp-block-lindy-image-text-module section section--full-width-image full-width-image--with-text theme--light section--animation-none align--left  font--size-medium width--half\" style=\"background-image:url(https:\/\/lindy.com\/en\/wp-content\/uploads\/sites\/2\/2018\/10\/Matrix_Halfwidth_2.jpg)\"><img decoding=\"async\" class=\"full-width-image__image\" src=\"https:\/\/lindy.com\/en\/wp-content\/uploads\/sites\/2\/2018\/10\/Matrix_Halfwidth_2.jpg\"\/><div class=\"contained\"><div class=\"full-width-image__content\"><\/div><\/div><\/section>\n\n\n\n<section class=\"wp-block-lindy-image-text-module section section--full-width-image full-width-image--with-text theme--light section--animation-right align--left font--camber font--size-small width--half\" style=\"background-image:url()\"><img decoding=\"async\" class=\"full-width-image__image\" src=\"\"\/><div class=\"contained\"><div class=\"full-width-image__content\"><p class=\"section__paragraph\"><br\/>Nella maggior parte dei casi le interfacce AV dei\u00a0 <br\/>Content Server disponibili non vengono eseguite in uno standard uniforme. I segnali HDMI, DVI, HDBaseT e VGA si presentano talvolta in modo non perfettamente organizzato e devono essere raggruppati, commutati, distribuiti ed eventualmente trasformati se \u00e8 necessario riprodurne i contenuti alternativamente su display il pi\u00f9 possibile uniformi dotati di porte AV di ultima generazione. Lo switch matrice modulare \u00e8 in grado di offrire queste prestazioni,\u00a0 ma anche molto di pi\u00f9. Equipaggiabile con un massimo di 32 porte di ingresso e di uscita con alloggiamenti per 8 schede, lo switch \u00e8 configurato \u201csu misura\u201d per soddisfare i requisiti delle installazioni AV in modo flessibile. Non importa quale sia lo scenario di applicazione: sia nelle sale di controllo dei processi di produzione industriale, nei centri di elaborazione dati, nell\u2019ambito dei sistemi informativi (ad esempio negli aeroporti o nelle stazioni ferroviarie), del Digital Signage o Digital out of Home (ad es. negli stadi o per la trasmissione di partite su grande schermo), il design modulare lo rende uno strumento versatile ed eclettico.<\/p><a href=\"https:\/\/lindy.com\/it\/technology\/matrice-modulare\/\" class=\"button button--dark\" target=\"_self\" rel=\"noopener noreferrer\">SCOPRI DI PIU&#8217;<\/a><\/div><\/div><\/section>\n\n\n\n<section class=\"wp-block-lindy-paragraph-one-col section section--horizontal-content section--horizontal-content--one-column font--size-small theme--light align--center font--camber section--animation-none\"><div class=\"contained\"><h2 class=\"section__heading\"><span>GESTIONE AV IN<\/span><\/h2><h2 class=\"section__subheading section__subheading__title\">OCCASIONE DI EVENTI E FIERE<\/h2><p class=\"section__paragraph\"><br\/>Se durante manifestazioni o trade show l\u2019evento necessita <br\/>del supporto di contenuti multimediali, la presenza di uno strumento efficace e performante per gestire i contenuti AV da riprodurre sui display diventa imprescindibile. Il design modulare fornisce la massima flessibilit\u00e0 di trasformazione e adattamento, rendendo lo switch matrice la centrale\u00a0 gestionale AV 4K ideale nelle applicazioni per grandi eventi.<\/p><\/div><\/section>\n\n\n\n<section class=\"wp-block-lindy-zoom-image section section--zoom-image zoom-image align--center theme--light\"><div class=\"contained\"><div class=\"zoom-image-wrapper\"><img decoding=\"async\" class=\"zoomable\" src=\"https:\/\/lindy.com\/it\/wp-content\/uploads\/sites\/5\/2019\/05\/38250_Diagram-1170x1170.jpg\" data-zoom-img=\"https:\/\/lindy.com\/it\/wp-content\/uploads\/sites\/5\/2019\/05\/38250_Diagram.jpg\"\/><\/div><span class=\"zoom-image__description\">Click to zoom<\/span><\/div><\/section>\n","protected":false},"excerpt":{"rendered":"","protected":false},"author":11,"featured_media":0,"parent":0,"menu_order":0,"comment_status":"closed","ping_status":"closed","template":"page-templates\/template-landing.php","meta":{"_acf_changed":false,"footnotes":""},"class_list":["post-46","page","type-page","status-publish","hentry"],"acf":[],"yoast_head":"<!-- This site is optimized with the Yoast SEO plugin v26.6 - https:\/\/yoast.com\/wordpress\/plugins\/seo\/ -->\n<title>Soluzioni di Hospitality e per Dimostrazioni - Lindy - Italian<\/title>\n<meta name=\"robots\" content=\"index, follow, max-snippet:-1, max-image-preview:large, max-video-preview:-1\" \/>\n<link rel=\"canonical\" href=\"https:\/\/lindy.com\/it\/hospitality-e-dimostrazioni\/\" \/>\n<meta property=\"og:locale\" content=\"it_IT\" \/>\n<meta property=\"og:type\" content=\"article\" \/>\n<meta property=\"og:title\" content=\"Soluzioni di Hospitality e per Dimostrazioni - Lindy - Italian\" \/>\n<meta property=\"og:url\" content=\"https:\/\/lindy.com\/it\/hospitality-e-dimostrazioni\/\" \/>\n<meta property=\"og:site_name\" content=\"Lindy - Italian\" \/>\n<meta property=\"article:modified_time\" content=\"2019-05-23T12:21:15+00:00\" \/>\n<meta property=\"og:image\" content=\"https:\/\/lindy.com\/en\/wp-content\/uploads\/sites\/2\/2018\/10\/Matrix_Halfwidth_2.jpg\" \/>\n<meta name=\"twitter:card\" content=\"summary_large_image\" \/>\n<meta name=\"twitter:label1\" content=\"Tempo di lettura stimato\" \/>\n\t<meta name=\"twitter:data1\" content=\"2 minuti\" \/>\n<script type=\"application\/ld+json\" class=\"yoast-schema-graph\">{\"@context\":\"https:\/\/schema.org\",\"@graph\":[{\"@type\":\"WebPage\",\"@id\":\"https:\/\/lindy.com\/it\/hospitality-e-dimostrazioni\/\",\"url\":\"https:\/\/lindy.com\/it\/hospitality-e-dimostrazioni\/\",\"name\":\"Soluzioni di Hospitality e per Dimostrazioni - Lindy - Italian\",\"isPartOf\":{\"@id\":\"https:\/\/lindy.com\/it\/#website\"},\"primaryImageOfPage\":{\"@id\":\"https:\/\/lindy.com\/it\/hospitality-e-dimostrazioni\/#primaryimage\"},\"image\":{\"@id\":\"https:\/\/lindy.com\/it\/hospitality-e-dimostrazioni\/#primaryimage\"},\"thumbnailUrl\":\"https:\/\/lindy.com\/en\/wp-content\/uploads\/sites\/2\/2018\/10\/Matrix_Halfwidth_2.jpg\",\"datePublished\":\"2018-11-12T11:03:07+00:00\",\"dateModified\":\"2019-05-23T12:21:15+00:00\",\"breadcrumb\":{\"@id\":\"https:\/\/lindy.com\/it\/hospitality-e-dimostrazioni\/#breadcrumb\"},\"inLanguage\":\"it-IT\",\"potentialAction\":[{\"@type\":\"ReadAction\",\"target\":[\"https:\/\/lindy.com\/it\/hospitality-e-dimostrazioni\/\"]}]},{\"@type\":\"ImageObject\",\"inLanguage\":\"it-IT\",\"@id\":\"https:\/\/lindy.com\/it\/hospitality-e-dimostrazioni\/#primaryimage\",\"url\":\"https:\/\/lindy.com\/en\/wp-content\/uploads\/sites\/2\/2018\/10\/Matrix_Halfwidth_2.jpg\",\"contentUrl\":\"https:\/\/lindy.com\/en\/wp-content\/uploads\/sites\/2\/2018\/10\/Matrix_Halfwidth_2.jpg\"},{\"@type\":\"BreadcrumbList\",\"@id\":\"https:\/\/lindy.com\/it\/hospitality-e-dimostrazioni\/#breadcrumb\",\"itemListElement\":[{\"@type\":\"ListItem\",\"position\":1,\"name\":\"Home\",\"item\":\"https:\/\/lindy.com\/it\/\"},{\"@type\":\"ListItem\",\"position\":2,\"name\":\"Soluzioni di Hospitality e per Dimostrazioni\"}]},{\"@type\":\"WebSite\",\"@id\":\"https:\/\/lindy.com\/it\/#website\",\"url\":\"https:\/\/lindy.com\/it\/\",\"name\":\"Lindy - Italian\",\"description\":\"Connection Perfection\",\"potentialAction\":[{\"@type\":\"SearchAction\",\"target\":{\"@type\":\"EntryPoint\",\"urlTemplate\":\"https:\/\/lindy.com\/it\/?s={search_term_string}\"},\"query-input\":{\"@type\":\"PropertyValueSpecification\",\"valueRequired\":true,\"valueName\":\"search_term_string\"}}],\"inLanguage\":\"it-IT\"}]}<\/script>\n<!-- \/ Yoast SEO plugin. -->","yoast_head_json":{"title":"Soluzioni di Hospitality e per Dimostrazioni - Lindy - Italian","robots":{"index":"index","follow":"follow","max-snippet":"max-snippet:-1","max-image-preview":"max-image-preview:large","max-video-preview":"max-video-preview:-1"},"canonical":"https:\/\/lindy.com\/it\/hospitality-e-dimostrazioni\/","og_locale":"it_IT","og_type":"article","og_title":"Soluzioni di Hospitality e per Dimostrazioni - Lindy - Italian","og_url":"https:\/\/lindy.com\/it\/hospitality-e-dimostrazioni\/","og_site_name":"Lindy - Italian","article_modified_time":"2019-05-23T12:21:15+00:00","og_image":[{"url":"https:\/\/lindy.com\/en\/wp-content\/uploads\/sites\/2\/2018\/10\/Matrix_Halfwidth_2.jpg","type":"","width":"","height":""}],"twitter_card":"summary_large_image","twitter_misc":{"Tempo di lettura stimato":"2 minuti"},"schema":{"@context":"https:\/\/schema.org","@graph":[{"@type":"WebPage","@id":"https:\/\/lindy.com\/it\/hospitality-e-dimostrazioni\/","url":"https:\/\/lindy.com\/it\/hospitality-e-dimostrazioni\/","name":"Soluzioni di Hospitality e per Dimostrazioni - Lindy - Italian","isPartOf":{"@id":"https:\/\/lindy.com\/it\/#website"},"primaryImageOfPage":{"@id":"https:\/\/lindy.com\/it\/hospitality-e-dimostrazioni\/#primaryimage"},"image":{"@id":"https:\/\/lindy.com\/it\/hospitality-e-dimostrazioni\/#primaryimage"},"thumbnailUrl":"https:\/\/lindy.com\/en\/wp-content\/uploads\/sites\/2\/2018\/10\/Matrix_Halfwidth_2.jpg","datePublished":"2018-11-12T11:03:07+00:00","dateModified":"2019-05-23T12:21:15+00:00","breadcrumb":{"@id":"https:\/\/lindy.com\/it\/hospitality-e-dimostrazioni\/#breadcrumb"},"inLanguage":"it-IT","potentialAction":[{"@type":"ReadAction","target":["https:\/\/lindy.com\/it\/hospitality-e-dimostrazioni\/"]}]},{"@type":"ImageObject","inLanguage":"it-IT","@id":"https:\/\/lindy.com\/it\/hospitality-e-dimostrazioni\/#primaryimage","url":"https:\/\/lindy.com\/en\/wp-content\/uploads\/sites\/2\/2018\/10\/Matrix_Halfwidth_2.jpg","contentUrl":"https:\/\/lindy.com\/en\/wp-content\/uploads\/sites\/2\/2018\/10\/Matrix_Halfwidth_2.jpg"},{"@type":"BreadcrumbList","@id":"https:\/\/lindy.com\/it\/hospitality-e-dimostrazioni\/#breadcrumb","itemListElement":[{"@type":"ListItem","position":1,"name":"Home","item":"https:\/\/lindy.com\/it\/"},{"@type":"ListItem","position":2,"name":"Soluzioni di Hospitality e per Dimostrazioni"}]},{"@type":"WebSite","@id":"https:\/\/lindy.com\/it\/#website","url":"https:\/\/lindy.com\/it\/","name":"Lindy - Italian","description":"Connection Perfection","potentialAction":[{"@type":"SearchAction","target":{"@type":"EntryPoint","urlTemplate":"https:\/\/lindy.com\/it\/?s={search_term_string}"},"query-input":{"@type":"PropertyValueSpecification","valueRequired":true,"valueName":"search_term_string"}}],"inLanguage":"it-IT"}]}},"_links":{"self":[{"href":"https:\/\/lindy.com\/it\/wp-json\/wp\/v2\/pages\/46","targetHints":{"allow":["GET"]}}],"collection":[{"href":"https:\/\/lindy.com\/it\/wp-json\/wp\/v2\/pages"}],"about":[{"href":"https:\/\/lindy.com\/it\/wp-json\/wp\/v2\/types\/page"}],"author":[{"embeddable":true,"href":"https:\/\/lindy.com\/it\/wp-json\/wp\/v2\/users\/11"}],"replies":[{"embeddable":true,"href":"https:\/\/lindy.com\/it\/wp-json\/wp\/v2\/comments?post=46"}],"version-history":[{"count":0,"href":"https:\/\/lindy.com\/it\/wp-json\/wp\/v2\/pages\/46\/revisions"}],"wp:attachment":[{"href":"https:\/\/lindy.com\/it\/wp-json\/wp\/v2\/media?parent=46"}],"curies":[{"name":"wp","href":"https:\/\/api.w.org\/{rel}","templated":true}]}}