{"id":4670,"date":"2026-03-26T09:57:46","date_gmt":"2026-03-26T09:57:46","guid":{"rendered":"https:\/\/lindy.com\/it\/?page_id=4670"},"modified":"2026-03-26T09:57:46","modified_gmt":"2026-03-26T09:57:46","slug":"case-study-nc","status":"publish","type":"page","link":"https:\/\/lindy.com\/it\/case-study-nc\/","title":{"rendered":"CASE STUDY N&amp;C"},"content":{"rendered":"\n<section class=\"wp-block-lindy-image-text-module section section--full-width-image full-width-image--with-text theme--dark section--animation-none align--center  font--size-large\" style=\"background-image:url(https:\/\/lindy.com\/eu\/wp-content\/uploads\/sites\/10\/2026\/02\/header-landingpage-N-C.jpg)\"><img decoding=\"async\" class=\"full-width-image__image\" src=\"https:\/\/lindy.com\/eu\/wp-content\/uploads\/sites\/10\/2026\/02\/header-landingpage-N-C.jpg\"\/><div class=\"contained\"><div class=\"full-width-image__content\"><h2 class=\"section__heading\"><span>IL VERDETTO \u00c8 STATO EMESSO:<\/span><\/h2><h2 class=\"section__subheading section__subheading__title\">LINDY GARANTISCE AFFIDABILIT\u00c0.<\/h2><\/div><\/div><\/section>\n\n\n\n<section class=\"wp-block-lindy-heading-text section section--heading-text theme--light align--center  font--size-medium section--animation-none\"><div class=\"contained\"><h2 class=\"section__heading\"><span><br\/><strong>COMUNICAZIONE AFFIDABILE PRESSO IL TRIBUNALE DI VENEZIA<\/strong><\/span><\/h2><\/div><\/section>\n\n\n\n<section class=\"wp-block-lindy-key-info section section--key-info theme--light section--animation-none\"><div class=\"contained\"><div class=\"grid-2_sm-1-center\"><div class=\"col left_item\"><div class=\"box\"><h3 class=\"section__heading\"><\/h3><div class=\"section__content\"><p class=\"section__content\">Nell&#8217;ambito di un progetto del Ministero della Giustizia, N&amp;C SRL, partner di lunga data di Lindy, ha progettato e installato una sala conferenze multimediale e una sala polivalente presso il Tribunale di Venezia, in Italia.<br\/>L&#8217;obiettivo principale del progetto era quello di creare un ambiente tecnologicamente avanzato, affidabile e facile da usare, <\/p><\/div><\/div><\/div><div class=\"col right_item\"><div class=\"box\"><h3 class=\"section__heading\"><\/h3><div class=\"section__content\"><p class=\"section__content\">in grado di supportare un&#8217;ampia gamma di funzioni, dalle udienze giudiziarie alle conferenze professionali.<br\/>Da notare che il cliente si era precedentemente affidato alle soluzioni di altri fornitori, che sono state successivamente sostituite con i prodotti Lindy per ottenere maggiore affidabilit\u00e0, stabilit\u00e0 del segnale e prestazioni di integrazione.<\/p><\/div><\/div><\/div><\/div><\/div><\/section>\n\n\n\n<section class=\"wp-block-lindy-image-text-module section section--full-width-image full-width-image--with-text theme--dark section--animation-none align--left  font--size-medium width--half\" style=\"background-image:url()\"><img decoding=\"async\" class=\"full-width-image__image\" src=\"\"\/><div class=\"contained\"><div class=\"full-width-image__content\"><h2 class=\"section__heading\"><span><strong>LA SFIDA<\/strong><\/span><\/h2><p class=\"section__paragraph\"><br\/>L&#8217;installazione richiedeva <strong>un&#8217;infrastruttura AV completa e totalmente integrata<\/strong>, in grado di garantire una <strong>stabilit\u00e0 del segnale senza interruzioni e una trasmissione di alta qualit\u00e0<\/strong> su pi\u00f9 dispositivi e display.<br\/>Data la complessit\u00e0 del sistema e i rigorosi standard prestazionali del Ministero della Giustizia, era fondamentale garantire sia <strong>l&#8217;affidabilit\u00e0 operativa<\/strong> <strong>che la facilit\u00e0 di controllo.<\/strong><\/p><\/div><\/div><\/section>\n\n\n\n<section class=\"wp-block-lindy-image-text-module section section--full-width-image full-width-image--with-text theme--dark section--animation-none align--left  font--size-medium width--half\" style=\"background-image:url(https:\/\/lindy.com\/eu\/wp-content\/uploads\/sites\/10\/2026\/02\/1732141603952.jpeg)\"><img decoding=\"async\" class=\"full-width-image__image\" src=\"https:\/\/lindy.com\/eu\/wp-content\/uploads\/sites\/10\/2026\/02\/1732141603952.jpeg\"\/><div class=\"contained\"><div class=\"full-width-image__content\"><\/div><\/div><\/section>\n\n\n\n<section class=\"wp-block-lindy-image-text-module section section--full-width-image full-width-image--with-text theme--light section--animation-none align--left  font--size-medium width--half\" style=\"background-image:url(https:\/\/lindy.com\/eu\/wp-content\/uploads\/sites\/10\/2026\/02\/1732141605387.jpeg)\"><img decoding=\"async\" class=\"full-width-image__image\" src=\"https:\/\/lindy.com\/eu\/wp-content\/uploads\/sites\/10\/2026\/02\/1732141605387.jpeg\"\/><div class=\"contained\"><div class=\"full-width-image__content\"><\/div><\/div><\/section>\n\n\n\n<section class=\"wp-block-lindy-image-text-module section section--full-width-image full-width-image--with-text theme--light section--animation-none align--left  font--size-medium width--half\" style=\"background-image:url()\"><img decoding=\"async\" class=\"full-width-image__image\" src=\"\"\/><div class=\"contained\"><div class=\"full-width-image__content\"><h2 class=\"section__heading\"><span><strong>LA SOLUZIONE DI LINDY<\/strong><\/span><\/h2><p class=\"section__paragraph\"><br\/>Per soddisfare questi requisiti, N&amp;C SRL ha implementato un sistema audio-video integrato basato sulle soluzioni Lindy, garantendo prestazioni affidabili. Il sistema comprendeva un controllo centralizzato, prolunghe e cavi HDMI\u00ae\/USB per una trasmissione stabile su lunghe distanze, videowall ad alta risoluzione e una configurazione per conferenze cablata e wireless.<br\/><br\/>Microfoni wireless e una distribuzione omogenea del suono hanno assicurato una copertura audio chiara, offrendo un sistema professionale scalabile, perfettamente adatto ad un ambiente giudiziario.<\/p><\/div><\/div><\/section>\n\n\n\n<section class=\"wp-block-lindy-heading-text section section--heading-text theme--dark align--center  font--size-medium section--animation-none\"><div class=\"contained\"><h2 class=\"section__heading\"><span>PRODOTTI UTILIZZATI<\/span><\/h2><\/div><\/section>\n\n\n\n<section class=\"wp-block-lindy-image-text-module section section--full-width-image full-width-image--with-text theme--dark section--animation-none align--left font--camber font--size-small width--half\" style=\"background-image:url(https:\/\/lindy.com\/eu\/wp-content\/uploads\/sites\/10\/2026\/02\/38139black_half-width.png)\"><img decoding=\"async\" class=\"full-width-image__image\" src=\"https:\/\/lindy.com\/eu\/wp-content\/uploads\/sites\/10\/2026\/02\/38139black_half-width.png\"\/><div class=\"contained\"><div class=\"full-width-image__content\"><h2 class=\"section__heading\"><span><strong>Extender HDBaseT Cat.6 HDMI\u00ae 4K30, IR &amp; RS-232, 70m<\/strong><\/span><\/h2><h2 class=\"section__subheading section__subheading__title\">no. 38139<\/h2><p class=\"section__paragraph\"><br\/>Estende il segnale HDMI\u00ae fino a 70 m su cavo Cat 6 con 4K30 Hz, controllo IR\/RS-232 e PoC tramite tecnologia HDBaseT.<\/p><a href=\"https:\/\/www.lindy.it\/Extender-HDBaseT-Cat-6-HDMI-4K30-IR-RS-232-con-PoC-70m.htm?websale8=ld0101.ld041104&amp;pi=38139&amp;ci=20\" class=\"button button--white-transparent\" target=\"_blank\" rel=\"noopener noreferrer\">VAI AL PRODOTTO<\/a><\/div><\/div><\/section>\n\n\n\n<section class=\"wp-block-lindy-image-text-module section section--full-width-image full-width-image--with-text theme--dark section--animation-none align--left font--camber font--size-small width--half\" style=\"background-image:url(https:\/\/lindy.com\/eu\/wp-content\/uploads\/sites\/10\/2026\/02\/38155black_half-width.png)\"><img decoding=\"async\" class=\"full-width-image__image\" src=\"https:\/\/lindy.com\/eu\/wp-content\/uploads\/sites\/10\/2026\/02\/38155black_half-width.png\"\/><div class=\"contained\"><div class=\"full-width-image__content\"><h2 class=\"section__heading\"><span><strong>Extender Splitter HDMI\u00ae 4K30 &amp; IR Cat.6 70m, 4 Porte<\/strong><\/span><\/h2><h2 class=\"section__subheading section__subheading__title\">no. 38155<\/h2><p class=\"section__paragraph\"><br\/>Distribuisce segnali HDMI\u00ae 4K a 4 display fino a 70 m tramite cavo Cat 6 con controllo IR, loop-out e PoC per una facile installazione.<\/p><a href=\"https:\/\/www.lindy.it\/Extender-Splitter-HDMI-4K30-IR-Cat-6-70m-4-Porte.htm?websale8=ld0101.ld041104&amp;pi=38155&amp;ci=20\" class=\"button button--white-transparent\" target=\"_blank\" rel=\"noopener noreferrer\">VAI AL PRODOTTO<\/a><\/div><\/div><\/section>\n\n\n\n<section class=\"wp-block-lindy-image-text-module section section--full-width-image full-width-image--with-text theme--dark section--animation-none align--left font--camber font--size-small width--half\" style=\"background-image:url(https:\/\/lindy.com\/eu\/wp-content\/uploads\/sites\/10\/2026\/02\/37871-37873_black_half-width.png)\"><img decoding=\"async\" class=\"full-width-image__image\" src=\"https:\/\/lindy.com\/eu\/wp-content\/uploads\/sites\/10\/2026\/02\/37871-37873_black_half-width.png\"\/><div class=\"contained\"><div class=\"full-width-image__content\"><h2 class=\"section__heading\"><span><strong>Cavo HDMI\u00ae High Speed Cromo Line, 1m, 2m e 3m<\/strong><\/span><\/h2><h2 class=\"section__subheading section__subheading__title\">no. 37871-37873<\/h2><p class=\"section__paragraph\"><br\/>Cavi HDMI\u00ae 2.0 premium che garantiscono video <br\/>4K60 Hz ultra-nitidi, audio ad alta fedelt\u00e0 <br\/>e una struttura resistente dal design cromato.<\/p><a href=\"https:\/\/www.lindy.it\/websale8\/?Ctx=%257bver%252f8%252fver%257d%257bst%252f3ea%252fst%257d%257bcmd%252f0%252fcmd%257d%257bm%252fwebsale%252fm%257d%257bs%252fld0101%252fs%257d%257bl%252fld041104%252fl%257d%257bmi%252f801501%252fmi%257d%257bpoh%252f1%252fpoh%257d%257bmd5%252f72d420140b3b3bbda606ce00edd9691b%252fmd5%257d&amp;ws_catfilter_01=HDMI+A+Maschio+a+HDMI+A+Maschio&amp;ws_catfilter_02=&amp;ws_catfilter_03=&amp;ws_catfilter_04=Cromo+Line\" class=\"button button--white-transparent\" target=\"_blank\" rel=\"noopener noreferrer\">VAI AL PRODOTTO<\/a><\/div><\/div><\/section>\n\n\n\n<section class=\"wp-block-lindy-image-text-module section section--full-width-image full-width-image--with-text theme--dark section--animation-none align--left font--camber font--size-small width--half\" style=\"background-image:url(https:\/\/lindy.com\/eu\/wp-content\/uploads\/sites\/10\/2026\/02\/36919_black_half-width.png)\"><img decoding=\"async\" class=\"full-width-image__image\" src=\"https:\/\/lindy.com\/eu\/wp-content\/uploads\/sites\/10\/2026\/02\/36919_black_half-width.png\"\/><div class=\"contained\"><div class=\"full-width-image__content\"><h2 class=\"section__heading\"><span><strong>Cavo USB 3.2 tipo A\/C Anthra Line, 10Gbps, 3m<\/strong><\/span><\/h2><h2 class=\"section__subheading section__subheading__title\">no. 36919<\/h2><p class=\"section__paragraph\"><br\/>Cavo USB-A a C da 3 m che offre una velocit\u00e0 <br\/>di trasferimento di 10 Gbps, una potenza di ricarica <br\/>di 100 W e connettori placcati in oro con tripla <br\/>schermatura resistenti.<\/p><a href=\"https:\/\/www.lindy.it\/Cavo-USB-3-2-tipo-A-a-C-Anthra-Line-10Gbps-3m.htm?websale8=ld0101.ld041104&amp;pi=36919&amp;ci=80\" class=\"button button--white-transparent\" target=\"_blank\" rel=\"noopener noreferrer\">VAI AL PRODOTTO<\/a><\/div><\/div><\/section>\n\n\n\n<section class=\"wp-block-lindy-parallax-hero section parallax-hero theme--dark align--left font--camber font--size-medium\" style=\"background-image:url(https:\/\/lindy.com\/eu\/wp-content\/uploads\/sites\/10\/2026\/02\/Testimonial_nc.jpg)\"><div class=\"contained contained--full-width\"><div class=\"parallax-hero__content\"><div class=\"parallax-hero__content-wrapper align--left\"><h2 class=\"section__subheading section__subheading__title\">\u201cLe soluzioni Lindy hanno garantito un&#8217;affidabilit\u00e0 eccezionale e la stabilit\u00e0 del segnale in tutta l&#8217;installazione del Tribunale di Venezia. La loro tecnologia ci ha aiutato a soddisfare gli elevati standard del Ministero della Giustizia con sicurezza e precisione.\u201d <\/h2><p class=\"section__paragraph\"><br\/>Sig. Fabio Tumminia, Responsabile tecnico AVC presso N&amp;C<\/p><\/div><\/div><\/div><\/section>\n\n\n\n<section class=\"wp-block-lindy-heading-text section section--heading-text theme--light align--center  font--size-medium section--animation-none\"><div class=\"contained\"><h2 class=\"section__heading\"><span><strong>RISULTATI &amp; BENEFICI<\/strong><\/span><\/h2><\/div><\/section>\n\n\n\n<section class=\"wp-block-lindy-key-info section section--key-info theme--light section--animation-none\"><div class=\"contained\"><div class=\"grid-2_sm-1-center\"><div class=\"col left_item\"><div class=\"box\"><h3 class=\"section__heading\"><\/h3><div class=\"section__content\"><p class=\"section__content\">Il sistema completo offre <strong>un&#8217;affidabilit\u00e0 e un&#8217;integrit\u00e0 del segnale eccezionali<\/strong>, anche in un ambiente AV complesso. Gli extender e i cavi di alta qualit\u00e0 di Lindy hanno garantito una trasmissione stabile, eliminando le interruzioni e mantenendo prestazioni di livello professionale durante tutto il progetto.<\/p><\/div><\/div><\/div><div class=\"col right_item\"><div class=\"box\"><h3 class=\"section__heading\"><\/h3><div class=\"section__content\"><p class=\"section__content\">Sia <strong>N&amp;C SRL<\/strong> che il <strong>Ministero della Giustizia<\/strong> hanno espresso grande soddisfazione per i risultati, sottolineando la <strong>qualit\u00e0 costruttiva superiore, la tecnologia innovativa e la facilit\u00e0 di integrazione di Lindy<\/strong>. Il progetto dimostra come le <strong>soluzioni di connettivit\u00e0 Lindy <\/strong>possano supportare senza soluzione di continuit\u00e0 ambienti mission-critical, semplificando al contempo le operazioni quotidiane.<\/p><\/div><\/div><\/div><\/div><\/div><\/section>\n\n\n\n<section class=\"wp-block-lindy-icon-section section section--icon font--size-small align--center theme--light\"><div class=\"contained\"><div class=\"grid-4_md-2_xs-1-spaceAround icons\"><div class=\"col\"><div class=\"icon-block icon-block--0\"><img decoding=\"async\" class=\"icon-block__image\" src=\"https:\/\/lindy.com\/eu\/wp-content\/uploads\/sites\/10\/2026\/02\/1-1.png\"\/><div class=\"icon-block__content\"><h3 class=\"icon-title\">Processo di installazione semplificato <\/h3><p class=\"icon-text\"><\/p><\/div><\/div><\/div><div class=\"col\"><div class=\"icon-block icon-block--1\"><img decoding=\"async\" class=\"icon-block__image\" src=\"https:\/\/lindy.com\/eu\/wp-content\/uploads\/sites\/10\/2026\/02\/2-1.png\"\/><div class=\"icon-block__content\"><h3 class=\"icon-title\">Affidabilit\u00e0 e durata<\/h3><p class=\"icon-text\"><\/p><\/div><\/div><\/div><div class=\"col\"><div class=\"icon-block icon-block--2\"><img decoding=\"async\" class=\"icon-block__image\" src=\"https:\/\/lindy.com\/eu\/wp-content\/uploads\/sites\/10\/2026\/02\/3-1.png\"\/><div class=\"icon-block__content\"><h3 class=\"icon-title\">Soddisfazione del cliente<\/h3><p class=\"icon-text\"><\/p><\/div><\/div><\/div><div class=\"col\"><div class=\"icon-block icon-block--3\"><img decoding=\"async\" class=\"icon-block__image\" src=\"https:\/\/lindy.com\/eu\/wp-content\/uploads\/sites\/10\/2026\/02\/4-1.png\"\/><div class=\"icon-block__content\"><h3 class=\"icon-title\">Scalabilit\u00e0 e flessibilit\u00e0<\/h3><p class=\"icon-text\"><\/p><\/div><\/div><\/div><\/div><\/div><\/section>\n\n\n\n<section class=\"wp-block-lindy-heading-text section section--heading-text theme--dark align--center  font--size-medium section--animation-none\"><div class=\"contained\"><h2 class=\"section__heading\"><span><br\/><strong>CONCLUSIONI &amp; RISULTATI<\/strong><\/span><\/h2><\/div><\/section>\n\n\n\n<section class=\"wp-block-lindy-key-info section section--key-info theme--dark section--animation-none\"><div class=\"contained\"><div class=\"grid-2_sm-1-center\"><div class=\"col left_item\"><div class=\"box box--border\"><h3 class=\"section__heading\">Successo del progetto <\/h3><div class=\"section__content\"><p class=\"section__content\">La collaborazione tra N&amp;C SRL e Lindy ha portato alla realizzazione di un sistema AV altamente affidabile e completamente integrato presso il Tribunale di Venezia, in grado di soddisfare i rigorosi requisiti del Ministero della Giustizia. Il progetto dimostra come una connettivit\u00e0 affidabile possa migliorare la comunicazione, l&#8217;efficienza e la professionalit\u00e0 all&#8217;interno di ambienti istituzionali complessi.<\/p><\/div><\/div><\/div><div class=\"col right_item\"><div class=\"box box--border\"><h3 class=\"section__heading\">Approfondimento sul settore<\/h3><div class=\"section__content\"><p class=\"section__content\">Poich\u00e9 le istituzioni pubbliche e gli enti governativi fanno sempre pi\u00f9 affidamento su sistemi multimediali avanzati per la comunicazione e la collaborazione, una connettivit\u00e0 AV robusta e stabile sta diventando indispensabile. La tecnologia di Lindy consente agli integratori come N&amp;C SRL di fornire soluzioni ad alte prestazioni e pronte per il futuro che garantiscono chiarezza, affidabilit\u00e0 e funzionamento senza interruzioni in spazi mission-critical.<\/p><\/div><\/div><\/div><\/div><\/div><\/section>\n\n\n\n<section class=\"wp-block-lindy-image-text-module section section--full-width-image full-width-image--with-text theme--light section--animation-none align--left  font--size-medium width--half\" style=\"background-image:url(https:\/\/lindy.com\/eu\/wp-content\/uploads\/sites\/10\/2026\/02\/Mock-up-case-sudy-NC.jpg)\"><img decoding=\"async\" class=\"full-width-image__image\" src=\"https:\/\/lindy.com\/eu\/wp-content\/uploads\/sites\/10\/2026\/02\/Mock-up-case-sudy-NC.jpg\"\/><div class=\"contained\"><div class=\"full-width-image__content\"><\/div><\/div><\/section>\n\n\n\n<section class=\"wp-block-lindy-image-text-module section section--full-width-image full-width-image--with-text theme--light section--animation-none align--center  font--size-small width--half\" style=\"background-image:url()\"><img decoding=\"async\" class=\"full-width-image__image\" src=\"\"\/><div class=\"contained\"><div class=\"full-width-image__content\"><h2 class=\"section__subheading section__subheading__title\">Hai trovato istruttivo questo case study?\u00a0<\/h2><p class=\"section__paragraph\"><br\/><strong><strong>Salvalo con un clic\u00a0<\/strong><\/strong><\/p><a href=\"https:\/\/lindy.com\/it\/wp-content\/uploads\/sites\/5\/2026\/03\/Lindy-x-NC-Case-Study-IT.pdf\" class=\"button button--dark\" target=\"_blank\" rel=\"noopener noreferrer\">\ud83d\udce5 Scarica la versione PDF<\/a><\/div><\/div><\/section>\n","protected":false},"excerpt":{"rendered":"","protected":false},"author":28,"featured_media":0,"parent":0,"menu_order":0,"comment_status":"closed","ping_status":"closed","template":"page-templates\/template-landing.php","meta":{"_acf_changed":false,"footnotes":""},"class_list":["post-4670","page","type-page","status-publish","hentry"],"acf":[],"yoast_head":"<!-- This site is optimized with the Yoast SEO plugin v26.6 - https:\/\/yoast.com\/wordpress\/plugins\/seo\/ -->\n<title>CASE STUDY N&amp;C - Lindy - Italian<\/title>\n<meta name=\"robots\" content=\"index, follow, max-snippet:-1, max-image-preview:large, max-video-preview:-1\" \/>\n<link rel=\"canonical\" href=\"https:\/\/lindy.com\/it\/case-study-nc\/\" \/>\n<meta property=\"og:locale\" content=\"it_IT\" \/>\n<meta property=\"og:type\" content=\"article\" \/>\n<meta property=\"og:title\" content=\"CASE STUDY N&amp;C - Lindy - Italian\" \/>\n<meta property=\"og:url\" content=\"https:\/\/lindy.com\/it\/case-study-nc\/\" \/>\n<meta property=\"og:site_name\" content=\"Lindy - Italian\" \/>\n<meta property=\"og:image\" content=\"https:\/\/lindy.com\/eu\/wp-content\/uploads\/sites\/10\/2026\/02\/header-landingpage-N-C.jpg\" \/>\n<meta name=\"twitter:card\" content=\"summary_large_image\" \/>\n<meta name=\"twitter:label1\" content=\"Tempo di lettura stimato\" \/>\n\t<meta name=\"twitter:data1\" content=\"8 minuti\" \/>\n<script type=\"application\/ld+json\" class=\"yoast-schema-graph\">{\"@context\":\"https:\/\/schema.org\",\"@graph\":[{\"@type\":\"WebPage\",\"@id\":\"https:\/\/lindy.com\/it\/case-study-nc\/\",\"url\":\"https:\/\/lindy.com\/it\/case-study-nc\/\",\"name\":\"CASE STUDY N&amp;C - Lindy - Italian\",\"isPartOf\":{\"@id\":\"https:\/\/lindy.com\/it\/#website\"},\"primaryImageOfPage\":{\"@id\":\"https:\/\/lindy.com\/it\/case-study-nc\/#primaryimage\"},\"image\":{\"@id\":\"https:\/\/lindy.com\/it\/case-study-nc\/#primaryimage\"},\"thumbnailUrl\":\"https:\/\/lindy.com\/eu\/wp-content\/uploads\/sites\/10\/2026\/02\/header-landingpage-N-C.jpg\",\"datePublished\":\"2026-03-26T09:57:46+00:00\",\"breadcrumb\":{\"@id\":\"https:\/\/lindy.com\/it\/case-study-nc\/#breadcrumb\"},\"inLanguage\":\"it-IT\",\"potentialAction\":[{\"@type\":\"ReadAction\",\"target\":[\"https:\/\/lindy.com\/it\/case-study-nc\/\"]}]},{\"@type\":\"ImageObject\",\"inLanguage\":\"it-IT\",\"@id\":\"https:\/\/lindy.com\/it\/case-study-nc\/#primaryimage\",\"url\":\"https:\/\/lindy.com\/eu\/wp-content\/uploads\/sites\/10\/2026\/02\/header-landingpage-N-C.jpg\",\"contentUrl\":\"https:\/\/lindy.com\/eu\/wp-content\/uploads\/sites\/10\/2026\/02\/header-landingpage-N-C.jpg\"},{\"@type\":\"BreadcrumbList\",\"@id\":\"https:\/\/lindy.com\/it\/case-study-nc\/#breadcrumb\",\"itemListElement\":[{\"@type\":\"ListItem\",\"position\":1,\"name\":\"Home\",\"item\":\"https:\/\/lindy.com\/it\/\"},{\"@type\":\"ListItem\",\"position\":2,\"name\":\"CASE STUDY N&amp;C\"}]},{\"@type\":\"WebSite\",\"@id\":\"https:\/\/lindy.com\/it\/#website\",\"url\":\"https:\/\/lindy.com\/it\/\",\"name\":\"Lindy - Italian\",\"description\":\"Connection Perfection\",\"potentialAction\":[{\"@type\":\"SearchAction\",\"target\":{\"@type\":\"EntryPoint\",\"urlTemplate\":\"https:\/\/lindy.com\/it\/?s={search_term_string}\"},\"query-input\":{\"@type\":\"PropertyValueSpecification\",\"valueRequired\":true,\"valueName\":\"search_term_string\"}}],\"inLanguage\":\"it-IT\"}]}<\/script>\n<!-- \/ Yoast SEO plugin. -->","yoast_head_json":{"title":"CASE STUDY N&amp;C - Lindy - Italian","robots":{"index":"index","follow":"follow","max-snippet":"max-snippet:-1","max-image-preview":"max-image-preview:large","max-video-preview":"max-video-preview:-1"},"canonical":"https:\/\/lindy.com\/it\/case-study-nc\/","og_locale":"it_IT","og_type":"article","og_title":"CASE STUDY N&amp;C - Lindy - Italian","og_url":"https:\/\/lindy.com\/it\/case-study-nc\/","og_site_name":"Lindy - Italian","og_image":[{"url":"https:\/\/lindy.com\/eu\/wp-content\/uploads\/sites\/10\/2026\/02\/header-landingpage-N-C.jpg","type":"","width":"","height":""}],"twitter_card":"summary_large_image","twitter_misc":{"Tempo di lettura stimato":"8 minuti"},"schema":{"@context":"https:\/\/schema.org","@graph":[{"@type":"WebPage","@id":"https:\/\/lindy.com\/it\/case-study-nc\/","url":"https:\/\/lindy.com\/it\/case-study-nc\/","name":"CASE STUDY N&amp;C - Lindy - Italian","isPartOf":{"@id":"https:\/\/lindy.com\/it\/#website"},"primaryImageOfPage":{"@id":"https:\/\/lindy.com\/it\/case-study-nc\/#primaryimage"},"image":{"@id":"https:\/\/lindy.com\/it\/case-study-nc\/#primaryimage"},"thumbnailUrl":"https:\/\/lindy.com\/eu\/wp-content\/uploads\/sites\/10\/2026\/02\/header-landingpage-N-C.jpg","datePublished":"2026-03-26T09:57:46+00:00","breadcrumb":{"@id":"https:\/\/lindy.com\/it\/case-study-nc\/#breadcrumb"},"inLanguage":"it-IT","potentialAction":[{"@type":"ReadAction","target":["https:\/\/lindy.com\/it\/case-study-nc\/"]}]},{"@type":"ImageObject","inLanguage":"it-IT","@id":"https:\/\/lindy.com\/it\/case-study-nc\/#primaryimage","url":"https:\/\/lindy.com\/eu\/wp-content\/uploads\/sites\/10\/2026\/02\/header-landingpage-N-C.jpg","contentUrl":"https:\/\/lindy.com\/eu\/wp-content\/uploads\/sites\/10\/2026\/02\/header-landingpage-N-C.jpg"},{"@type":"BreadcrumbList","@id":"https:\/\/lindy.com\/it\/case-study-nc\/#breadcrumb","itemListElement":[{"@type":"ListItem","position":1,"name":"Home","item":"https:\/\/lindy.com\/it\/"},{"@type":"ListItem","position":2,"name":"CASE STUDY N&amp;C"}]},{"@type":"WebSite","@id":"https:\/\/lindy.com\/it\/#website","url":"https:\/\/lindy.com\/it\/","name":"Lindy - Italian","description":"Connection Perfection","potentialAction":[{"@type":"SearchAction","target":{"@type":"EntryPoint","urlTemplate":"https:\/\/lindy.com\/it\/?s={search_term_string}"},"query-input":{"@type":"PropertyValueSpecification","valueRequired":true,"valueName":"search_term_string"}}],"inLanguage":"it-IT"}]}},"_links":{"self":[{"href":"https:\/\/lindy.com\/it\/wp-json\/wp\/v2\/pages\/4670","targetHints":{"allow":["GET"]}}],"collection":[{"href":"https:\/\/lindy.com\/it\/wp-json\/wp\/v2\/pages"}],"about":[{"href":"https:\/\/lindy.com\/it\/wp-json\/wp\/v2\/types\/page"}],"author":[{"embeddable":true,"href":"https:\/\/lindy.com\/it\/wp-json\/wp\/v2\/users\/28"}],"replies":[{"embeddable":true,"href":"https:\/\/lindy.com\/it\/wp-json\/wp\/v2\/comments?post=4670"}],"version-history":[{"count":8,"href":"https:\/\/lindy.com\/it\/wp-json\/wp\/v2\/pages\/4670\/revisions"}],"predecessor-version":[{"id":4700,"href":"https:\/\/lindy.com\/it\/wp-json\/wp\/v2\/pages\/4670\/revisions\/4700"}],"wp:attachment":[{"href":"https:\/\/lindy.com\/it\/wp-json\/wp\/v2\/media?parent=4670"}],"curies":[{"name":"wp","href":"https:\/\/api.w.org\/{rel}","templated":true}]}}