{"id":47,"date":"2018-11-12T11:08:55","date_gmt":"2018-11-12T11:08:55","guid":{"rendered":"https:\/\/lindy.com\/it\/?page_id=47"},"modified":"2019-05-23T12:22:14","modified_gmt":"2019-05-23T12:22:14","slug":"industriali-e-controllo-processi","status":"publish","type":"page","link":"https:\/\/lindy.com\/it\/industriali-e-controllo-processi\/","title":{"rendered":"Soluzioni Industriali e di Controllo Processi"},"content":{"rendered":"\n<section class=\"wp-block-lindy-parallax-hero section parallax-hero theme--light align--center  font--size-large\" style=\"background-image:url(https:\/\/lindy.com\/it\/wp-content\/uploads\/sites\/5\/2018\/12\/Amended_Industry_2.jpg)\"><div class=\"contained contained--full-width\"><div class=\"parallax-hero__content\"><div class=\"parallax-hero__content-wrapper align--center\"><h2 class=\"section__heading\"><span><br\/>APPLICAZIONI<br\/><\/span><\/h2><h2 class=\"section__subheading section__subheading__title\">INDUSTRY E DI<br\/>CONTROLLO PROCESSI<br\/><\/h2><p class=\"section__paragraph\"><br\/>\u25bc<\/p><\/div><\/div><\/div><\/section>\n\n\n\n<section class=\"wp-block-lindy-parallax-hero section parallax-hero theme--dark align--center  font--size-medium\" style=\"background-image:url(https:\/\/lindy.com\/it\/wp-content\/uploads\/sites\/5\/2018\/12\/Amended_Industry_1.jpg)\"><div class=\"contained contained--full-width\"><div class=\"parallax-hero__content\"><div class=\"parallax-hero__content-wrapper align--center\"><h2 class=\"section__heading\"><span><br\/><br\/><br\/><br\/><br\/><br\/><br\/><br\/><br\/><\/span><\/h2><\/div><\/div><\/div><\/section>\n\n\n\n<section class=\"wp-block-lindy-parallax-hero section parallax-hero theme--light align--center font--camber font--size-medium\" style=\"background-image:url(https:\/\/lindy.com\/it\/wp-content\/uploads\/sites\/5\/2018\/12\/Amended_Industry_2.jpg)\"><div class=\"contained contained--full-width\"><div class=\"parallax-hero__content\"><div class=\"parallax-hero__content-wrapper align--center\"><h2 class=\"section__heading\"><span>ASSUMERE IL<br\/>CONTROLLO TOTALE<\/span><\/h2><p class=\"section__paragraph\"><br\/>Gli extender KVM e i cavi ibridi in fibra ottica possono essere combinati in ambito industriale e del controllo dei processi per creare soluzioni versatili e potenti da utilizzare sulle distanze pi\u00f9 lunghe. <\/p><\/div><\/div><\/div><\/section>\n\n\n\n<section class=\"wp-block-lindy-heading-text section section--heading-text theme--light align--center  font--size-large section--animation-none\"><div class=\"contained\"><h2 class=\"section__heading\"><span><br\/>Estensori KVM<\/span><\/h2><h2 class=\"section__subheading section__subheading__title\">Robusta. Affidabile. Scalabile<\/h2><\/div><\/section>\n\n\n\n<section class=\"wp-block-lindy-image-text-module section section--full-width-image full-width-image--with-text theme--light section--animation-none align--left  font--size-medium width--half\" style=\"background-image:url(https:\/\/lindy.com\/en\/wp-content\/uploads\/sites\/2\/2018\/10\/39211.jpg)\"><img decoding=\"async\" class=\"full-width-image__image\" src=\"https:\/\/lindy.com\/en\/wp-content\/uploads\/sites\/2\/2018\/10\/39211.jpg\"\/><div class=\"contained\"><div class=\"full-width-image__content\"><\/div><\/div><\/section>\n\n\n\n<section class=\"wp-block-lindy-image-text-module section section--full-width-image full-width-image--with-text theme--light section--animation-right align--left font--camber font--size-small width--half undefined\" style=\"background-image:url()\"><img decoding=\"async\" class=\"full-width-image__image\" src=\"\"\/><div class=\"contained\"><div class=\"full-width-image__content\"><h2 class=\"section__heading\"><span><br\/><br\/><\/span><\/h2><p class=\"section__paragraph\">I sistemi Extender KVM professionali per uso industriale, come i nostri Extender DVI, devono distinguersi per tre caratteristiche imprescindibili: design robusto, assoluta affidabilit\u00e0 e scalabilit\u00e0 massima. Queste caratteristiche devono essere garantite sia su lunghe distanze sia a fronte di possibilit\u00e0 di ampliamento: i dispositivi della serie KVM Extender sono in grado di coprire lunghe distanze in modo flessibile grazie all\u2019impiego di cavi in rame o in fibra ottica ed \u00e8 possibile ampliarne l\u2019utilizzo attivando\u00a0 molteplici funzioni preinstallate e integrate nei dispositivi stessi. Questi aspetti sono fondamentali se pensiamo che ogni applicazione e ogni ambiente e i relativi requisiti richiesti sono ogni volta diversi. <br\/><\/p><a href=\"https:\/\/www.lindy.it\/?websale8=ld0101.ld040104&amp;ci=197\" class=\"button button--dark\" target=\"_blank\" rel=\"noopener noreferrer\">ACQUISTA ONLINE<\/a><\/div><\/div><\/section>\n\n\n\n<section class=\"wp-block-lindy-paragraph-one-col section section--horizontal-content section--horizontal-content--one-column font--size-small theme--light align--center font--camber section--animation-none\"><div class=\"contained\"><h2 class=\"section__heading\"><span>Controllo in ogni ambiente<\/span><\/h2><p class=\"section__paragraph\"><br\/>Durante il monitoraggio e la gestione dei\u00a0 processi robotizzati nella produzione industriale\u00a0 \u00e8 importante che tutte le lavorazioni siano\u00a0 supervisionate centralmente dalla sala di controllo e rapidamente amministrabili in caso di bisogno. In questo contesto i dispositivi della serie KVM Extender offrono un prezioso contributo sia per il trasferimento delle immagini della videocamera che per la gestione delle console e dei computer. Affinch\u00e9 i segnali rimangano intatti lungo il\u00a0 percorso verso la console, optare per la variante in fibra ottica \u00e8 sicuramente la soluzione ottimale. Queste caratteristiche fanno di questa soluzione un complemento ideale per componenti di base dell\u2019Industria 4.0.<\/p><\/div><\/section>\n\n\n\n<section class=\"wp-block-lindy-zoom-image section section--zoom-image zoom-image align--center theme--light\"><div class=\"contained\"><div class=\"zoom-image-wrapper\"><img decoding=\"async\" class=\"zoomable\" src=\"https:\/\/lindy.com\/it\/wp-content\/uploads\/sites\/5\/2019\/05\/Industry_39241-1170x770.jpg\" data-zoom-img=\"https:\/\/lindy.com\/it\/wp-content\/uploads\/sites\/5\/2019\/05\/Industry_39241.jpg\"\/><\/div><span class=\"zoom-image__description\">Click to zoom<\/span><\/div><\/section>\n\n\n\n<section class=\"wp-block-lindy-paragraph-one-col section section--horizontal-content section--horizontal-content--one-column font--size-small theme--light align--center font--camber section--animation-none\"><div class=\"contained\"><h2 class=\"section__heading\"><span>KVM nel controllo di processo<\/span><\/h2><p class=\"section__paragraph\"><br\/>\u00c8 possibile integrare questi sistemi ad esempio per il comando a distanza delle gru in cantiere o il caricamento di container: in questi casi solitamente \u00e8 necessario\u00a0 posizionare le console KVM a distanza di 80-120m dall\u2019unit\u00e0 di controllo. Per rendere possibile la gestione delle operazioni di queste gru dalla sala di manovra, oltre alla\u00a0 tastiera e al mouse sono necessari un telecomando con porta USB e una videocamera in loco. La soluzione ottimale in questi casi \u00e8 rappresentata dal modello base della serie KVM Extender, in grado di coprire distanze fino a 130m con cavo Cat.6 e supportare il trasferimento di segnali USB 2.0 per tastiera, mouse e telecomando con porta USB, oltre al segnale video DVI.<\/p><\/div><\/section>\n\n\n\n<section class=\"wp-block-lindy-heading-text section section--heading-text theme--light align--center  font--size-large section--animation-none\"><div class=\"contained\"><h2 class=\"section__heading\"><span><br\/>CAVI IBRIDI HDMI IN<br\/>FIBRA OTTICA 4K<\/span><\/h2><h2 class=\"section__subheading section__subheading__title\">IL MEGLIO DEI DUE MONDI<br\/><br\/><\/h2><\/div><\/section>\n\n\n\n<section class=\"wp-block-lindy-image-text-module section section--full-width-image full-width-image--with-text theme--light section--animation-none align--left  font--size-medium width--half\" style=\"background-image:url(https:\/\/lindy.com\/en\/wp-content\/uploads\/sites\/2\/2018\/10\/38274_2_AP.jpg)\"><img decoding=\"async\" class=\"full-width-image__image\" src=\"https:\/\/lindy.com\/en\/wp-content\/uploads\/sites\/2\/2018\/10\/38274_2_AP.jpg\"\/><div class=\"contained\"><div class=\"full-width-image__content\"><\/div><\/div><\/section>\n\n\n\n<section class=\"wp-block-lindy-image-text-module section section--full-width-image full-width-image--with-text theme--light section--animation-right align--left  font--size-medium width--half\" style=\"background-image:url()\"><img decoding=\"async\" class=\"full-width-image__image\" src=\"\"\/><div class=\"contained\"><div class=\"full-width-image__content\"><p class=\"section__paragraph\">Ci vuole sapienza per realizzare cavi di trasmissione con la dovuta precisione e dalle caratteristiche tecniche appropriate per contenuti 4K con uno spazio colore 4:4:4 a 60Hz. I cavi ibridi distribuiscono il segnale HDMI in due parti: il contenuto AV stesso che viene inviato tramite fibre ottiche con una larghezza di banda di 18Gbps e i segnali di controllo che richiedono meno precisione, per cui i connettori in rame sono perfettamente adatti.<\/p><a href=\"https:\/\/lindy.com\/it\/technology\/cavi-fibra-ottica\/\" class=\"button button--dark\" target=\"_self\" rel=\"noopener noreferrer\">SCOPRI DI PIU&#8217;<\/a><\/div><\/div><\/section>\n\n\n\n<section class=\"wp-block-lindy-paragraph-one-col section section--horizontal-content section--horizontal-content--one-column font--size-small theme--light align--center font--camber section--animation-none\"><div class=\"contained\"><h2 class=\"section__heading\"><span>Tecnologia a fibra ottica nel settore<\/span><\/h2><h2 class=\"section__subheading section__subheading__title\">industriale e controllo di processo<\/h2><p class=\"section__paragraph\"><br\/>Utilizzando materiali resistenti e anticorrosione,\u00a0 ad es. leghe di zinco per i connettori, il cavo ibrido\u00a0 pu\u00f2 essere utilizzato facilmente e in modo ottimale\u00a0 anche in ambienti industriali difficili, ad esempio\u00a0 per display su linee di produzione e stazioni di\u00a0 controllo CNC.<br\/><br\/>Grazie alla tecnologia su fibra ottica per i segnali\u00a0 AV ad alta frequenza, durante il funzionamento\u00a0 il cavo ibrido emette un livello bassissimo di\u00a0 radiazioni ed \u00e8 resistente alle interferenze\u00a0 elettromagnetiche. Pertanto, \u00e8 perfettamente\u00a0 adatto per l\u2018uso in ambienti sensibili, come\u00a0 nell\u2018ambito della tecnica medicale nel settore industriale.<\/p><\/div><\/section>\n\n\n\n<section class=\"wp-block-lindy-zoom-image section section--zoom-image zoom-image align--center theme--light\"><div class=\"contained\"><div class=\"zoom-image-wrapper\"><img decoding=\"async\" class=\"zoomable\" src=\"https:\/\/lindy.com\/it\/wp-content\/uploads\/sites\/5\/2019\/05\/38280-1170x1002.jpg\" data-zoom-img=\"https:\/\/lindy.com\/it\/wp-content\/uploads\/sites\/5\/2019\/05\/38280.jpg\"\/><\/div><span class=\"zoom-image__description\">Click to zoom<\/span><\/div><\/section>\n","protected":false},"excerpt":{"rendered":"","protected":false},"author":11,"featured_media":0,"parent":0,"menu_order":0,"comment_status":"closed","ping_status":"closed","template":"page-templates\/template-landing.php","meta":{"_acf_changed":false,"footnotes":""},"class_list":["post-47","page","type-page","status-publish","hentry"],"acf":[],"yoast_head":"<!-- This site is optimized with the Yoast SEO plugin v26.6 - https:\/\/yoast.com\/wordpress\/plugins\/seo\/ -->\n<title>Soluzioni Industriali e di Controllo Processi - Lindy - Italian<\/title>\n<meta name=\"robots\" content=\"index, follow, max-snippet:-1, max-image-preview:large, max-video-preview:-1\" \/>\n<link rel=\"canonical\" href=\"https:\/\/lindy.com\/it\/industriali-e-controllo-processi\/\" \/>\n<meta property=\"og:locale\" content=\"it_IT\" \/>\n<meta property=\"og:type\" content=\"article\" \/>\n<meta property=\"og:title\" content=\"Soluzioni Industriali e di Controllo Processi - Lindy - Italian\" \/>\n<meta property=\"og:url\" content=\"https:\/\/lindy.com\/it\/industriali-e-controllo-processi\/\" \/>\n<meta property=\"og:site_name\" content=\"Lindy - Italian\" \/>\n<meta property=\"article:modified_time\" content=\"2019-05-23T12:22:14+00:00\" \/>\n<meta property=\"og:image\" content=\"https:\/\/lindy.com\/en\/wp-content\/uploads\/sites\/2\/2018\/10\/39211.jpg\" \/>\n<meta name=\"twitter:card\" content=\"summary_large_image\" \/>\n<meta name=\"twitter:label1\" content=\"Tempo di lettura stimato\" \/>\n\t<meta name=\"twitter:data1\" content=\"3 minuti\" \/>\n<script type=\"application\/ld+json\" class=\"yoast-schema-graph\">{\"@context\":\"https:\/\/schema.org\",\"@graph\":[{\"@type\":\"WebPage\",\"@id\":\"https:\/\/lindy.com\/it\/industriali-e-controllo-processi\/\",\"url\":\"https:\/\/lindy.com\/it\/industriali-e-controllo-processi\/\",\"name\":\"Soluzioni Industriali e di Controllo Processi - Lindy - Italian\",\"isPartOf\":{\"@id\":\"https:\/\/lindy.com\/it\/#website\"},\"primaryImageOfPage\":{\"@id\":\"https:\/\/lindy.com\/it\/industriali-e-controllo-processi\/#primaryimage\"},\"image\":{\"@id\":\"https:\/\/lindy.com\/it\/industriali-e-controllo-processi\/#primaryimage\"},\"thumbnailUrl\":\"https:\/\/lindy.com\/en\/wp-content\/uploads\/sites\/2\/2018\/10\/39211.jpg\",\"datePublished\":\"2018-11-12T11:08:55+00:00\",\"dateModified\":\"2019-05-23T12:22:14+00:00\",\"breadcrumb\":{\"@id\":\"https:\/\/lindy.com\/it\/industriali-e-controllo-processi\/#breadcrumb\"},\"inLanguage\":\"it-IT\",\"potentialAction\":[{\"@type\":\"ReadAction\",\"target\":[\"https:\/\/lindy.com\/it\/industriali-e-controllo-processi\/\"]}]},{\"@type\":\"ImageObject\",\"inLanguage\":\"it-IT\",\"@id\":\"https:\/\/lindy.com\/it\/industriali-e-controllo-processi\/#primaryimage\",\"url\":\"https:\/\/lindy.com\/en\/wp-content\/uploads\/sites\/2\/2018\/10\/39211.jpg\",\"contentUrl\":\"https:\/\/lindy.com\/en\/wp-content\/uploads\/sites\/2\/2018\/10\/39211.jpg\"},{\"@type\":\"BreadcrumbList\",\"@id\":\"https:\/\/lindy.com\/it\/industriali-e-controllo-processi\/#breadcrumb\",\"itemListElement\":[{\"@type\":\"ListItem\",\"position\":1,\"name\":\"Home\",\"item\":\"https:\/\/lindy.com\/it\/\"},{\"@type\":\"ListItem\",\"position\":2,\"name\":\"Soluzioni Industriali e di Controllo Processi\"}]},{\"@type\":\"WebSite\",\"@id\":\"https:\/\/lindy.com\/it\/#website\",\"url\":\"https:\/\/lindy.com\/it\/\",\"name\":\"Lindy - Italian\",\"description\":\"Connection Perfection\",\"potentialAction\":[{\"@type\":\"SearchAction\",\"target\":{\"@type\":\"EntryPoint\",\"urlTemplate\":\"https:\/\/lindy.com\/it\/?s={search_term_string}\"},\"query-input\":{\"@type\":\"PropertyValueSpecification\",\"valueRequired\":true,\"valueName\":\"search_term_string\"}}],\"inLanguage\":\"it-IT\"}]}<\/script>\n<!-- \/ Yoast SEO plugin. -->","yoast_head_json":{"title":"Soluzioni Industriali e di Controllo Processi - Lindy - Italian","robots":{"index":"index","follow":"follow","max-snippet":"max-snippet:-1","max-image-preview":"max-image-preview:large","max-video-preview":"max-video-preview:-1"},"canonical":"https:\/\/lindy.com\/it\/industriali-e-controllo-processi\/","og_locale":"it_IT","og_type":"article","og_title":"Soluzioni Industriali e di Controllo Processi - Lindy - Italian","og_url":"https:\/\/lindy.com\/it\/industriali-e-controllo-processi\/","og_site_name":"Lindy - Italian","article_modified_time":"2019-05-23T12:22:14+00:00","og_image":[{"url":"https:\/\/lindy.com\/en\/wp-content\/uploads\/sites\/2\/2018\/10\/39211.jpg","type":"","width":"","height":""}],"twitter_card":"summary_large_image","twitter_misc":{"Tempo di lettura stimato":"3 minuti"},"schema":{"@context":"https:\/\/schema.org","@graph":[{"@type":"WebPage","@id":"https:\/\/lindy.com\/it\/industriali-e-controllo-processi\/","url":"https:\/\/lindy.com\/it\/industriali-e-controllo-processi\/","name":"Soluzioni Industriali e di Controllo Processi - Lindy - Italian","isPartOf":{"@id":"https:\/\/lindy.com\/it\/#website"},"primaryImageOfPage":{"@id":"https:\/\/lindy.com\/it\/industriali-e-controllo-processi\/#primaryimage"},"image":{"@id":"https:\/\/lindy.com\/it\/industriali-e-controllo-processi\/#primaryimage"},"thumbnailUrl":"https:\/\/lindy.com\/en\/wp-content\/uploads\/sites\/2\/2018\/10\/39211.jpg","datePublished":"2018-11-12T11:08:55+00:00","dateModified":"2019-05-23T12:22:14+00:00","breadcrumb":{"@id":"https:\/\/lindy.com\/it\/industriali-e-controllo-processi\/#breadcrumb"},"inLanguage":"it-IT","potentialAction":[{"@type":"ReadAction","target":["https:\/\/lindy.com\/it\/industriali-e-controllo-processi\/"]}]},{"@type":"ImageObject","inLanguage":"it-IT","@id":"https:\/\/lindy.com\/it\/industriali-e-controllo-processi\/#primaryimage","url":"https:\/\/lindy.com\/en\/wp-content\/uploads\/sites\/2\/2018\/10\/39211.jpg","contentUrl":"https:\/\/lindy.com\/en\/wp-content\/uploads\/sites\/2\/2018\/10\/39211.jpg"},{"@type":"BreadcrumbList","@id":"https:\/\/lindy.com\/it\/industriali-e-controllo-processi\/#breadcrumb","itemListElement":[{"@type":"ListItem","position":1,"name":"Home","item":"https:\/\/lindy.com\/it\/"},{"@type":"ListItem","position":2,"name":"Soluzioni Industriali e di Controllo Processi"}]},{"@type":"WebSite","@id":"https:\/\/lindy.com\/it\/#website","url":"https:\/\/lindy.com\/it\/","name":"Lindy - Italian","description":"Connection Perfection","potentialAction":[{"@type":"SearchAction","target":{"@type":"EntryPoint","urlTemplate":"https:\/\/lindy.com\/it\/?s={search_term_string}"},"query-input":{"@type":"PropertyValueSpecification","valueRequired":true,"valueName":"search_term_string"}}],"inLanguage":"it-IT"}]}},"_links":{"self":[{"href":"https:\/\/lindy.com\/it\/wp-json\/wp\/v2\/pages\/47","targetHints":{"allow":["GET"]}}],"collection":[{"href":"https:\/\/lindy.com\/it\/wp-json\/wp\/v2\/pages"}],"about":[{"href":"https:\/\/lindy.com\/it\/wp-json\/wp\/v2\/types\/page"}],"author":[{"embeddable":true,"href":"https:\/\/lindy.com\/it\/wp-json\/wp\/v2\/users\/11"}],"replies":[{"embeddable":true,"href":"https:\/\/lindy.com\/it\/wp-json\/wp\/v2\/comments?post=47"}],"version-history":[{"count":0,"href":"https:\/\/lindy.com\/it\/wp-json\/wp\/v2\/pages\/47\/revisions"}],"wp:attachment":[{"href":"https:\/\/lindy.com\/it\/wp-json\/wp\/v2\/media?parent=47"}],"curies":[{"name":"wp","href":"https:\/\/api.w.org\/{rel}","templated":true}]}}