{"id":4733,"date":"2026-03-27T08:24:15","date_gmt":"2026-03-27T08:24:15","guid":{"rendered":"https:\/\/lindy.com\/it\/?page_id=4733"},"modified":"2026-03-27T08:24:15","modified_gmt":"2026-03-27T08:24:15","slug":"case-study-sigma","status":"publish","type":"page","link":"https:\/\/lindy.com\/it\/case-study-sigma\/","title":{"rendered":"CASE STUDY SIGMA"},"content":{"rendered":"\n<section class=\"wp-block-lindy-image-text-module section section--full-width-image full-width-image--with-text theme--dark section--animation-none align--center  font--size-large\" style=\"background-image:url(https:\/\/lindy.com\/eu\/wp-content\/uploads\/sites\/10\/2026\/03\/Sigma-AV_Main-Image_without_text.jpg)\"><img decoding=\"async\" class=\"full-width-image__image\" src=\"https:\/\/lindy.com\/eu\/wp-content\/uploads\/sites\/10\/2026\/03\/Sigma-AV_Main-Image_without_text.jpg\"\/><div class=\"contained\"><div class=\"full-width-image__content\"><h2 class=\"section__heading\"><span>SEGNALI IMPECCABILI.<\/span><\/h2><h2 class=\"section__subheading section__subheading__title\">UN&#8217;ESPERIENZA SENZA LIMITI.<\/h2><\/div><\/div><\/section>\n\n\n\n<section class=\"wp-block-lindy-heading-text section section--heading-text theme--light align--center  font--size-medium section--animation-none\"><div class=\"contained\"><h2 class=\"section__heading\"><span><br\/><strong>LINDY &#8211; LA COLONNA PORTANTE DEI GRANDI SUCCESSI SUL PALCO<\/strong><\/span><\/h2><\/div><\/section>\n\n\n\n<section class=\"wp-block-lindy-key-info section section--key-info theme--light section--animation-none\"><div class=\"contained\"><div class=\"grid-2_sm-1-center\"><div class=\"col left_item\"><div class=\"box\"><h3 class=\"section__heading\"><\/h3><div class=\"section__content\"><p class=\"section__content\">SIGMA System Audio-Visuell \u00e8 un integratore AV tedesco con sede a D\u00fcsseldorf, specializzato in esperienze di grande impatto basate sulla tecnologia multimediale per marchi globali e clienti aziendali. A cavallo tra tecnologia per eventi, integrazione audiovisiva e media interattivi, SIGMA offre soluzioni all\u2019avanguardia per fiere, conferenze e ambienti di marca immersivi.<\/p><\/div><\/div><\/div><div class=\"col right_item\"><div class=\"box\"><h3 class=\"section__heading\"><\/h3><div class=\"section__content\"><p class=\"section__content\">Nel settore aziendale, SIGMA progetta e integra sale conferenze e ambienti di lavoro collaborativi all&#8217;avanguardia che combinano tecnologia e funzionalit\u00e0 intuitive per creare design stimolanti. Il loro portfolio spazia da showroom innovativi a studi di produzione su larga scala per clienti multinazionali come Vodafone.<br\/>Poich\u00e9 ogni progetto \u00e8 personalizzato e basato su eventi, SIGMA si affida a una connettivit\u00e0 AV affidabile per garantire stabilit\u00e0 e prestazioni: esigenze soddisfatte dai prodotti di connettivit\u00e0 premium di Lindy.<\/p><\/div><\/div><\/div><\/div><\/div><\/section>\n\n\n\n<section class=\"wp-block-lindy-image-text-module section section--full-width-image full-width-image--with-text theme--dark section--animation-none align--left  font--size-medium width--half\" style=\"background-image:url()\"><img decoding=\"async\" class=\"full-width-image__image\" src=\"\"\/><div class=\"contained\"><div class=\"full-width-image__content\"><h2 class=\"section__heading\"><span>LA SFIDA<\/span><\/h2><p class=\"section__paragraph\"><br\/>SIGMA progetta e realizza esperienze incentrate sulla tecnologia in contesti in cui l&#8217;affidabilit\u00e0 \u00e8 fondamentale. Dalle conferenze stampa trasmesse in diretta in tutto il mondo agli showroom immersivi o alle sale conferenze perfettamente funzionanti, ogni progetto dipende da una connettivit\u00e0 AV senza interruzioni. L&#8217;azienda deve affrontare tre sfide principali: mantenere un&#8217;integrit\u00e0 del segnale impeccabile in spazi complessi e spesso di grandi dimensioni, garantire la compatibilit\u00e0 tra le diverse apparecchiature AV per un&#8217;integrazione rapida ed efficiente, e operare con tolleranza zero nei confronti dei guasti, poich\u00e9 anche la pi\u00f9 piccola interruzione durante un evento dal vivo o una riunione \u00e8 da escludere.<br\/><\/p><\/div><\/div><\/section>\n\n\n\n<section class=\"wp-block-lindy-image-text-module section section--full-width-image full-width-image--with-text theme--dark section--animation-none align--left  font--size-medium width--half\" style=\"background-image:url(https:\/\/lindy.com\/eu\/wp-content\/uploads\/sites\/10\/2026\/03\/Challenge_-new.jpg)\"><img decoding=\"async\" class=\"full-width-image__image\" src=\"https:\/\/lindy.com\/eu\/wp-content\/uploads\/sites\/10\/2026\/03\/Challenge_-new.jpg\"\/><div class=\"contained\"><div class=\"full-width-image__content\"><\/div><\/div><\/section>\n\n\n\n<section class=\"wp-block-lindy-heading-text section section--heading-text theme--light align--center  font--size-medium section--animation-none\"><div class=\"contained\"><h2 class=\"section__heading\"><span><br\/>LA SOLUZIONE DI LINDY<\/span><\/h2><\/div><\/section>\n\n\n\n<section class=\"wp-block-lindy-key-info section section--key-info theme--light section--animation-none\"><div class=\"contained\"><div class=\"grid-2_sm-1-center\"><div class=\"col left_item\"><div class=\"box\"><h3 class=\"section__heading\"><\/h3><div class=\"section__content\"><p class=\"section__content\">Lindy offre la struttura di connettivit\u00e0 ideale per i progetti pi\u00f9 impegnativi di SIGMA, combinando affidabilit\u00e0, prestazioni e flessibilit\u00e0 per garantire un funzionamento impeccabile anche in contesti live complessi. Con un ampio portafoglio di cavi, convertitori e ripetitori di alta qualit\u00e0, Lindy garantisce una perfetta interoperabilit\u00e0 tra diversi sistemi AV,<\/p><\/div><\/div><\/div><div class=\"col right_item\"><div class=\"box\"><h3 class=\"section__heading\"><\/h3><div class=\"section__content\"><p class=\"section__content\">consentendo a SIGMA di integrare con facilit\u00e0 dispositivi all&#8217;avanguardia nelle infrastrutture professionali. Affidandosi alle soluzioni premium di Lindy, SIGMA offre costantemente connessioni stabili e sicure che soddisfano \u2014 e spesso superano \u2014 le elevate aspettative dei marchi globali in ogni installazione su misura ed evento dal vivo.<\/p><\/div><\/div><\/div><\/div><\/div><\/section>\n\n\n\n<section class=\"wp-block-lindy-heading-text section section--heading-text theme--dark align--center  font--size-medium section--animation-none\"><div class=\"contained\"><h2 class=\"section__heading\"><span><br\/>PRODOTTI PI\u00d9 UTILIZZATI<\/span><\/h2><\/div><\/section>\n\n\n\n<section class=\"wp-block-lindy-image-text-module section section--full-width-image full-width-image--with-text theme--dark section--animation-none align--left font--camber font--size-small width--half\" style=\"background-image:url(https:\/\/lindy.com\/eu\/wp-content\/uploads\/sites\/10\/2026\/03\/Products_Sigma_Half_width_1.png)\"><img decoding=\"async\" class=\"full-width-image__image\" src=\"https:\/\/lindy.com\/eu\/wp-content\/uploads\/sites\/10\/2026\/03\/Products_Sigma_Half_width_1.png\"\/><div class=\"contained\"><div class=\"full-width-image__content\"><h2 class=\"section__heading\"><span>Cavo HDMI\u00ae Standard Gold Line, 10m<\/span><\/h2><h2 class=\"section__subheading section__subheading__title\">No. 37866<\/h2><p class=\"section__paragraph\"><br\/>Supporta video 4K a 60 fps, audio a 32 canali e un alloggiamento interamente in metallo placcato in oro 24K.<\/p><a href=\"https:\/\/www.lindy.it\/Cavo-HDMI-Standard-Gold-Line-10m.htm?websale8=ld0101.ld041104&amp;pi=37866&amp;ci=80\" class=\"button button--white-transparent\" target=\"_blank\" rel=\"noopener noreferrer\">VAI AL PRODOTTO<\/a><\/div><\/div><\/section>\n\n\n\n<section class=\"wp-block-lindy-image-text-module section section--full-width-image full-width-image--with-text theme--dark section--animation-none align--left font--camber font--size-small width--half\" style=\"background-image:url(https:\/\/lindy.com\/eu\/wp-content\/uploads\/sites\/10\/2026\/03\/Products_Sigma_Half_width_43158.png)\"><img decoding=\"async\" class=\"full-width-image__image\" src=\"https:\/\/lindy.com\/eu\/wp-content\/uploads\/sites\/10\/2026\/03\/Products_Sigma_Half_width_43158.png\"\/><div class=\"contained\"><div class=\"full-width-image__content\"><h2 class=\"section__heading\"><span>Prolunga Attiva USB 3.0 Pro, 8m<\/span><\/h2><h2 class=\"section__subheading section__subheading__title\">No. 43158<\/h2><p class=\"section__paragraph\"><br\/>Garantisce prestazioni SuperSpeed a 5 Gbps, con possibilit\u00e0 di collegamento in cascata fino a 40m.<\/p><a href=\"https:\/\/www.lindy.it\/Prolunga-Attiva-USB-3-0-Pro-8m.htm?websale8=ld0101.ld041104&amp;pi=43158&amp;ci=50\" class=\"button button--white-transparent\" target=\"_blank\" rel=\"noopener noreferrer\">VAI AL PRODOTTO<\/a><\/div><\/div><\/section>\n\n\n\n<section class=\"wp-block-lindy-image-text-module section section--full-width-image full-width-image--with-text theme--dark section--animation-none align--left font--camber font--size-small width--half\" style=\"background-image:url(https:\/\/lindy.com\/eu\/wp-content\/uploads\/sites\/10\/2026\/03\/Products_Sigma_Half_width_38512.png)\"><img decoding=\"async\" class=\"full-width-image__image\" src=\"https:\/\/lindy.com\/eu\/wp-content\/uploads\/sites\/10\/2026\/03\/Products_Sigma_Half_width_38512.png\"\/><div class=\"contained\"><div class=\"full-width-image__content\"><h2 class=\"section__heading\"><span>Cavo HDMI\u00ae 8K60 Ibrido in fibra ottica, 20m<\/span><\/h2><h2 class=\"section__subheading section__subheading__title\">No. 38512<\/h2><p class=\"section__paragraph\"><br\/>Garantisce una risoluzione fino a 8K a 60 Hz su lunghe distanze con una larghezza di banda di 48 Gbps.<\/p><a href=\"https:\/\/www.lindy.it\/Cavo-HDMI-8K60-Ibrido-in-fibra-ottica-20m.htm?websale8=ld0101.ld041104&amp;pi=38512&amp;ci=80\" class=\"button button--white-transparent\" target=\"_blank\" rel=\"noopener noreferrer\">VAI AL PRODOTTO<\/a><\/div><\/div><\/section>\n\n\n\n<section class=\"wp-block-lindy-image-text-module section section--full-width-image full-width-image--with-text theme--dark section--animation-none align--left font--camber font--size-small width--half\" style=\"background-image:url(https:\/\/lindy.com\/eu\/wp-content\/uploads\/sites\/10\/2026\/03\/Products_Sigma_Half_width_43327.png)\"><img decoding=\"async\" class=\"full-width-image__image\" src=\"https:\/\/lindy.com\/eu\/wp-content\/uploads\/sites\/10\/2026\/03\/Products_Sigma_Half_width_43327.png\"\/><div class=\"contained\"><div class=\"full-width-image__content\"><h2 class=\"section__heading\"><span>Convertitore da USB Tipo C a HDMI\u00ae 8K60<\/span><\/h2><h2 class=\"section__subheading section__subheading__title\">No. 43327<\/h2><p class=\"section__paragraph\"><br\/>Supporta video fino a 8K60 tramite una porta USB-C, con la semplicit\u00e0 del plug-and-play.<br\/><br\/>*Sostituito dal 43428<\/p><a href=\"https:\/\/www.lindy.it\/Convertitore-da-USB-Tipo-C-a-HDMI-8K60.htm?websale8=ld0101.ld041104&amp;pi=43327&amp;ci=190\" class=\"button button--white-transparent\" target=\"_blank\" rel=\"noopener noreferrer\">VAI AL PRODOTTO<\/a><\/div><\/div><\/section>\n\n\n\n<section class=\"wp-block-lindy-contained-image section section--contained-image contained-image theme--light align--left font--size-medium\"><div class=\"contained\"><img decoding=\"async\" src=\"https:\/\/lindy.com\/it\/wp-content\/uploads\/sites\/5\/2026\/03\/Testimonial_IT.png\"\/><div class=\"contained-image__content\"><\/div><\/div><\/section>\n\n\n\n<section class=\"wp-block-lindy-heading-text section section--heading-text theme--dark align--center  font--size-medium section--animation-none\"><div class=\"contained\"><h2 class=\"section__heading\"><span><br\/>RISULTATI &amp; BENEFICI<\/span><\/h2><\/div><\/section>\n\n\n\n<section class=\"wp-block-lindy-key-info section section--key-info theme--dark section--animation-none\"><div class=\"contained\"><div class=\"grid-2_sm-1-center\"><div class=\"col left_item\"><div class=\"box\"><h3 class=\"section__heading\"><\/h3><div class=\"section__content\"><p class=\"section__content\">Le soluzioni di connettivit\u00e0 Lindy garantiscono un\u2019affidabilit\u00e0 del segnale del 99,9% in condizioni impegnative come quelle degli eventi dal vivo, consentendo a SIGMA di esibirsi in modo impeccabile in occasione di eventi di alto profilo quali il Vodafone XR Studio e conferenze internazionali. Grazie a sistemi di cablaggio modulari e riutilizzabili che riducono i tempi di installazione del 30%, Lindy ottimizza inoltre le operazioni di noleggio e riduce i costi tecnici generali.<\/p><\/div><\/div><\/div><div class=\"col right_item\"><div class=\"box\"><h3 class=\"section__heading\"><\/h3><div class=\"section__content\"><p class=\"section__content\">La flessibilit\u00e0 dell&#8217;hardware, utilizzabile in diverse sedi, consente a SIGMA di adattare la stessa infrastruttura a conferenze, ambienti di lavoro aziendali e fiere su larga scala, garantendo una qualit\u00e0 costante in contesti diversi. Questa affidabilit\u00e0 e scalabilit\u00e0 rafforzano la capacit\u00e0 di SIGMA di soddisfare le complesse esigenze dei suoi clienti multinazionali, poich\u00e9 i prodotti Lindy forniscono costantemente le connessioni sicure e stabili necessarie per il successo anche negli scenari di eventi dal vivo pi\u00f9 impegnativi.<\/p><\/div><\/div><\/div><\/div><\/div><\/section>\n\n\n\n<section class=\"wp-block-lindy-icon-section section section--icon font--size-small align--center theme--dark\"><div class=\"contained\"><div class=\"grid-4_md-2_xs-1-spaceAround icons\"><div class=\"col\"><div class=\"icon-block icon-block--0\"><img decoding=\"async\" class=\"icon-block__image\" src=\"https:\/\/lindy.com\/eu\/wp-content\/uploads\/sites\/10\/2026\/02\/NC_icon.png\"\/><div class=\"icon-block__content\"><h3 class=\"icon-title\">Procedura di installazione semplificata   <\/h3><p class=\"icon-text\"><\/p><\/div><\/div><\/div><div class=\"col\"><div class=\"icon-block icon-block--1\"><img decoding=\"async\" class=\"icon-block__image\" src=\"https:\/\/lindy.com\/eu\/wp-content\/uploads\/sites\/10\/2026\/02\/1.png\"\/><div class=\"icon-block__content\"><h3 class=\"icon-title\">Affidabilit\u00e0 \ne durata  <\/h3><p class=\"icon-text\"><\/p><\/div><\/div><\/div><div class=\"col\"><div class=\"icon-block icon-block--2\"><img decoding=\"async\" class=\"icon-block__image\" src=\"https:\/\/lindy.com\/eu\/wp-content\/uploads\/sites\/10\/2026\/02\/3.png\"\/><div class=\"icon-block__content\"><h3 class=\"icon-title\">Soddisfazione \ndel cliente <\/h3><p class=\"icon-text\"><\/p><\/div><\/div><\/div><div class=\"col\"><div class=\"icon-block icon-block--3\"><img decoding=\"async\" class=\"icon-block__image\" src=\"https:\/\/lindy.com\/eu\/wp-content\/uploads\/sites\/10\/2026\/02\/4.png\"\/><div class=\"icon-block__content\"><h3 class=\"icon-title\">Scalabilit\u00e0 \ne flessibilit\u00e0<\/h3><p class=\"icon-text\"><\/p><\/div><\/div><\/div><\/div><\/div><\/section>\n\n\n\n<section class=\"wp-block-lindy-heading-text section section--heading-text theme--light align--center  font--size-medium section--animation-none\"><div class=\"contained\"><h2 class=\"section__heading\"><span><br\/><strong>CONCLUSIONI &amp; PUNTI SALIENTI<\/strong><\/span><\/h2><\/div><\/section>\n\n\n\n<section class=\"wp-block-lindy-key-info section section--key-info theme--light section--animation-none\"><div class=\"contained\"><div class=\"grid-2_sm-1-center\"><div class=\"col left_item\"><div class=\"box box--border\"><h3 class=\"section__heading\">Il successo del progetto <\/h3><div class=\"section__content\"><p class=\"section__content\">Il successo del progetto per Lindy e SIGMA deriva dalla combinazione di soluzioni di connettivit\u00e0 di alta qualit\u00e0 con esperienze audiovisive creative e all\u2019avanguardia, garantendo che ogni evento sia realizzato con affidabilit\u00e0, flessibilit\u00e0 e prestazioni impeccabili.<\/p><\/div><\/div><\/div><div class=\"col right_item\"><div class=\"box box--border\"><h3 class=\"section__heading\">Approfondimento sul settore <\/h3><div class=\"section__content\"><p class=\"section__content\">Il settore audiovisivo si sta orientando verso esperienze immersive e tecnologicamente avanzate che richiedono flessibilit\u00e0, affidabilit\u00e0 e un\u2019integrazione perfetta. La partnership tra SIGMA e Lindy evidenzia come la collaborazione tra integratori e fornitori garantisca soluzioni stabili, scalabili e ad alte prestazioni.<\/p><\/div><\/div><\/div><\/div><\/div><\/section>\n\n\n\n<section class=\"wp-block-lindy-image-text-module section section--full-width-image full-width-image--with-text theme--dark section--animation-none align--left  font--size-medium width--half\" style=\"background-image:url(https:\/\/lindy.com\/eu\/wp-content\/uploads\/sites\/10\/2026\/03\/Mock-up-case-sudy-Sigma.png)\"><img decoding=\"async\" class=\"full-width-image__image\" src=\"https:\/\/lindy.com\/eu\/wp-content\/uploads\/sites\/10\/2026\/03\/Mock-up-case-sudy-Sigma.png\"\/><div class=\"contained\"><div class=\"full-width-image__content\"><\/div><\/div><\/section>\n\n\n\n<section class=\"wp-block-lindy-image-text-module section section--full-width-image full-width-image--with-text theme--dark section--animation-none align--center  font--size-small width--half\" style=\"background-image:url()\"><img decoding=\"async\" class=\"full-width-image__image\" src=\"\"\/><div class=\"contained\"><div class=\"full-width-image__content\"><h2 class=\"section__subheading section__subheading__title\">Hai trovato istruttivo questo case study?\u00a0<\/h2><p class=\"section__paragraph\"><br\/><strong><strong><strong>Salvalo con un clic\u00a0<\/strong><\/strong><\/strong><\/p><a href=\"https:\/\/lindy.com\/it\/wp-content\/uploads\/sites\/5\/2026\/03\/Lindy-x-Sigma-Case-Study-IT.pdf\" class=\"button button--white-transparent\" target=\"_blank\" rel=\"noopener noreferrer\">\ud83d\udce5 Scarica la versione PDF<\/a><\/div><\/div><\/section>\n","protected":false},"excerpt":{"rendered":"","protected":false},"author":28,"featured_media":0,"parent":0,"menu_order":0,"comment_status":"closed","ping_status":"closed","template":"page-templates\/template-landing.php","meta":{"_acf_changed":false,"footnotes":""},"class_list":["post-4733","page","type-page","status-publish","hentry"],"acf":[],"yoast_head":"<!-- This site is optimized with the Yoast SEO plugin v26.6 - https:\/\/yoast.com\/wordpress\/plugins\/seo\/ -->\n<title>CASE STUDY SIGMA - Lindy - Italian<\/title>\n<meta name=\"robots\" content=\"index, follow, max-snippet:-1, max-image-preview:large, max-video-preview:-1\" \/>\n<link rel=\"canonical\" href=\"https:\/\/lindy.com\/it\/case-study-sigma\/\" \/>\n<meta property=\"og:locale\" content=\"it_IT\" \/>\n<meta property=\"og:type\" content=\"article\" \/>\n<meta property=\"og:title\" content=\"CASE STUDY SIGMA - Lindy - Italian\" \/>\n<meta property=\"og:url\" content=\"https:\/\/lindy.com\/it\/case-study-sigma\/\" \/>\n<meta property=\"og:site_name\" content=\"Lindy - Italian\" \/>\n<meta property=\"og:image\" content=\"https:\/\/lindy.com\/eu\/wp-content\/uploads\/sites\/10\/2026\/03\/Sigma-AV_Main-Image_without_text.jpg\" \/>\n<meta name=\"twitter:card\" content=\"summary_large_image\" \/>\n<script type=\"application\/ld+json\" class=\"yoast-schema-graph\">{\"@context\":\"https:\/\/schema.org\",\"@graph\":[{\"@type\":\"WebPage\",\"@id\":\"https:\/\/lindy.com\/it\/case-study-sigma\/\",\"url\":\"https:\/\/lindy.com\/it\/case-study-sigma\/\",\"name\":\"CASE STUDY SIGMA - Lindy - Italian\",\"isPartOf\":{\"@id\":\"https:\/\/lindy.com\/it\/#website\"},\"primaryImageOfPage\":{\"@id\":\"https:\/\/lindy.com\/it\/case-study-sigma\/#primaryimage\"},\"image\":{\"@id\":\"https:\/\/lindy.com\/it\/case-study-sigma\/#primaryimage\"},\"thumbnailUrl\":\"https:\/\/lindy.com\/eu\/wp-content\/uploads\/sites\/10\/2026\/03\/Sigma-AV_Main-Image_without_text.jpg\",\"datePublished\":\"2026-03-27T08:24:15+00:00\",\"breadcrumb\":{\"@id\":\"https:\/\/lindy.com\/it\/case-study-sigma\/#breadcrumb\"},\"inLanguage\":\"it-IT\",\"potentialAction\":[{\"@type\":\"ReadAction\",\"target\":[\"https:\/\/lindy.com\/it\/case-study-sigma\/\"]}]},{\"@type\":\"ImageObject\",\"inLanguage\":\"it-IT\",\"@id\":\"https:\/\/lindy.com\/it\/case-study-sigma\/#primaryimage\",\"url\":\"https:\/\/lindy.com\/eu\/wp-content\/uploads\/sites\/10\/2026\/03\/Sigma-AV_Main-Image_without_text.jpg\",\"contentUrl\":\"https:\/\/lindy.com\/eu\/wp-content\/uploads\/sites\/10\/2026\/03\/Sigma-AV_Main-Image_without_text.jpg\"},{\"@type\":\"BreadcrumbList\",\"@id\":\"https:\/\/lindy.com\/it\/case-study-sigma\/#breadcrumb\",\"itemListElement\":[{\"@type\":\"ListItem\",\"position\":1,\"name\":\"Home\",\"item\":\"https:\/\/lindy.com\/it\/\"},{\"@type\":\"ListItem\",\"position\":2,\"name\":\"CASE STUDY SIGMA\"}]},{\"@type\":\"WebSite\",\"@id\":\"https:\/\/lindy.com\/it\/#website\",\"url\":\"https:\/\/lindy.com\/it\/\",\"name\":\"Lindy - Italian\",\"description\":\"Connection Perfection\",\"potentialAction\":[{\"@type\":\"SearchAction\",\"target\":{\"@type\":\"EntryPoint\",\"urlTemplate\":\"https:\/\/lindy.com\/it\/?s={search_term_string}\"},\"query-input\":{\"@type\":\"PropertyValueSpecification\",\"valueRequired\":true,\"valueName\":\"search_term_string\"}}],\"inLanguage\":\"it-IT\"}]}<\/script>\n<!-- \/ Yoast SEO plugin. -->","yoast_head_json":{"title":"CASE STUDY SIGMA - Lindy - Italian","robots":{"index":"index","follow":"follow","max-snippet":"max-snippet:-1","max-image-preview":"max-image-preview:large","max-video-preview":"max-video-preview:-1"},"canonical":"https:\/\/lindy.com\/it\/case-study-sigma\/","og_locale":"it_IT","og_type":"article","og_title":"CASE STUDY SIGMA - Lindy - Italian","og_url":"https:\/\/lindy.com\/it\/case-study-sigma\/","og_site_name":"Lindy - Italian","og_image":[{"url":"https:\/\/lindy.com\/eu\/wp-content\/uploads\/sites\/10\/2026\/03\/Sigma-AV_Main-Image_without_text.jpg","type":"","width":"","height":""}],"twitter_card":"summary_large_image","schema":{"@context":"https:\/\/schema.org","@graph":[{"@type":"WebPage","@id":"https:\/\/lindy.com\/it\/case-study-sigma\/","url":"https:\/\/lindy.com\/it\/case-study-sigma\/","name":"CASE STUDY SIGMA - Lindy - Italian","isPartOf":{"@id":"https:\/\/lindy.com\/it\/#website"},"primaryImageOfPage":{"@id":"https:\/\/lindy.com\/it\/case-study-sigma\/#primaryimage"},"image":{"@id":"https:\/\/lindy.com\/it\/case-study-sigma\/#primaryimage"},"thumbnailUrl":"https:\/\/lindy.com\/eu\/wp-content\/uploads\/sites\/10\/2026\/03\/Sigma-AV_Main-Image_without_text.jpg","datePublished":"2026-03-27T08:24:15+00:00","breadcrumb":{"@id":"https:\/\/lindy.com\/it\/case-study-sigma\/#breadcrumb"},"inLanguage":"it-IT","potentialAction":[{"@type":"ReadAction","target":["https:\/\/lindy.com\/it\/case-study-sigma\/"]}]},{"@type":"ImageObject","inLanguage":"it-IT","@id":"https:\/\/lindy.com\/it\/case-study-sigma\/#primaryimage","url":"https:\/\/lindy.com\/eu\/wp-content\/uploads\/sites\/10\/2026\/03\/Sigma-AV_Main-Image_without_text.jpg","contentUrl":"https:\/\/lindy.com\/eu\/wp-content\/uploads\/sites\/10\/2026\/03\/Sigma-AV_Main-Image_without_text.jpg"},{"@type":"BreadcrumbList","@id":"https:\/\/lindy.com\/it\/case-study-sigma\/#breadcrumb","itemListElement":[{"@type":"ListItem","position":1,"name":"Home","item":"https:\/\/lindy.com\/it\/"},{"@type":"ListItem","position":2,"name":"CASE STUDY SIGMA"}]},{"@type":"WebSite","@id":"https:\/\/lindy.com\/it\/#website","url":"https:\/\/lindy.com\/it\/","name":"Lindy - Italian","description":"Connection Perfection","potentialAction":[{"@type":"SearchAction","target":{"@type":"EntryPoint","urlTemplate":"https:\/\/lindy.com\/it\/?s={search_term_string}"},"query-input":{"@type":"PropertyValueSpecification","valueRequired":true,"valueName":"search_term_string"}}],"inLanguage":"it-IT"}]}},"_links":{"self":[{"href":"https:\/\/lindy.com\/it\/wp-json\/wp\/v2\/pages\/4733","targetHints":{"allow":["GET"]}}],"collection":[{"href":"https:\/\/lindy.com\/it\/wp-json\/wp\/v2\/pages"}],"about":[{"href":"https:\/\/lindy.com\/it\/wp-json\/wp\/v2\/types\/page"}],"author":[{"embeddable":true,"href":"https:\/\/lindy.com\/it\/wp-json\/wp\/v2\/users\/28"}],"replies":[{"embeddable":true,"href":"https:\/\/lindy.com\/it\/wp-json\/wp\/v2\/comments?post=4733"}],"version-history":[{"count":1,"href":"https:\/\/lindy.com\/it\/wp-json\/wp\/v2\/pages\/4733\/revisions"}],"predecessor-version":[{"id":4742,"href":"https:\/\/lindy.com\/it\/wp-json\/wp\/v2\/pages\/4733\/revisions\/4742"}],"wp:attachment":[{"href":"https:\/\/lindy.com\/it\/wp-json\/wp\/v2\/media?parent=4733"}],"curies":[{"name":"wp","href":"https:\/\/api.w.org\/{rel}","templated":true}]}}