{"id":53,"date":"2018-11-12T11:35:20","date_gmt":"2018-11-12T11:35:20","guid":{"rendered":"https:\/\/lindy.com\/it\/?page_id=53"},"modified":"2018-12-11T16:44:59","modified_gmt":"2018-12-11T16:44:59","slug":"domestiche","status":"publish","type":"page","link":"https:\/\/lindy.com\/it\/domestiche\/","title":{"rendered":"Soluzioni Domestiche"},"content":{"rendered":"\n<section class=\"wp-block-lindy-parallax-hero section parallax-hero theme--light align--center  font--size-large\" style=\"background-image:url(https:\/\/lindy.com\/it\/wp-content\/uploads\/sites\/5\/2018\/12\/Amended_Residential_2.jpg)\"><div class=\"contained contained--full-width\"><div class=\"parallax-hero__content\"><div class=\"parallax-hero__content-wrapper align--center\"><h2 class=\"section__heading\"><span><br\/>APPLICAZIONI<br\/><\/span><\/h2><h2 class=\"section__subheading section__subheading__title\">RESIDENZIALI<\/h2><p class=\"section__paragraph\"><br\/><br\/>\u25bc<\/p><\/div><\/div><\/div><\/section>\n\n\n\n<section class=\"wp-block-lindy-parallax-hero section parallax-hero theme--light align--center  font--size-medium\" style=\"background-image:url(https:\/\/lindy.com\/it\/wp-content\/uploads\/sites\/5\/2018\/12\/Amended_Residential_1.jpg)\"><div class=\"contained contained--full-width\"><div class=\"parallax-hero__content\"><div class=\"parallax-hero__content-wrapper align--center\"><h2 class=\"section__heading\"><span><br\/><br\/><br\/><br\/><br\/><\/span><\/h2><h2 class=\"section__subheading section__subheading__title\"><br\/><br\/><br\/><br\/><\/h2><\/div><\/div><\/div><\/section>\n\n\n\n<section class=\"wp-block-lindy-parallax-hero section parallax-hero theme--light align--center font--camber font--size-medium\" style=\"background-image:url(https:\/\/lindy.com\/it\/wp-content\/uploads\/sites\/5\/2018\/12\/Amended_Residential_2.jpg)\"><div class=\"contained contained--full-width\"><div class=\"parallax-hero__content\"><div class=\"parallax-hero__content-wrapper align--center\"><h2 class=\"section__heading\"><span>LE POTENZIALIT\u00c0<\/span><\/h2><h2 class=\"section__subheading section__subheading__title\">DELL\u2019HOME OFFICE<\/h2><p class=\"section__paragraph\"><br\/>I contenuti ad alta risoluzione vengono diffusi correntemente nelle moderne abitazioni; ci\u00f2 significa che la larghezza di banda deve sostenere la distribuzione di un numero ingente di dati tra le diverse stanze da sorgenti multiple ad un numero elevato di schermi. Le soluzioni all\u2019avanguardia per home office di Lindy consentono di massimizzare il potenziale dell\u2019AV di casa. <br\/><\/p><\/div><\/div><\/div><\/section>\n\n\n\n<section class=\"wp-block-lindy-heading-text section section--heading-text theme--light align--center  font--size-large section--animation-none\"><div class=\"contained\"><h2 class=\"section__heading\"><span><br\/>SWITCH 18G<\/span><\/h2><h2 class=\"section__subheading section__subheading__title\">SWITCH HDMI 2.0, 5 PORTE<\/h2><\/div><\/section>\n\n\n\n<section class=\"wp-block-lindy-image-text-module section section--full-width-image full-width-image--with-text theme--light section--animation-none align--left  font--size-small width--half\" style=\"background-image:url(https:\/\/lindy.com\/en\/wp-content\/uploads\/sites\/2\/2018\/10\/38244.jpg)\"><img decoding=\"async\" class=\"full-width-image__image\" src=\"https:\/\/lindy.com\/en\/wp-content\/uploads\/sites\/2\/2018\/10\/38244.jpg\"\/><div class=\"contained\"><div class=\"full-width-image__content\"><\/div><\/div><\/section>\n\n\n\n<section class=\"wp-block-lindy-image-text-module section section--full-width-image full-width-image--with-text theme--light section--animation-right align--left font--camber font--size-small width--half\" style=\"background-image:url()\"><img decoding=\"async\" class=\"full-width-image__image\" src=\"\"\/><div class=\"contained\"><div class=\"full-width-image__content\"><p class=\"section__paragraph\">La trasmissione di dati AV HDMI 2.0 con larghezze di banda fino a 18Gbit\/s \u00e8 diventata una realt\u00e0 che consente di trasportare senza problemi contenuti 4K dai dispositivi sorgente al display. Per tale motivo \u00e8 ancora pi\u00f9 importante che tutti gli elementi\u00a0 coinvolti nel processo di trasmissione siano in grado di gestire queste enormi larghezze di banda ed evitare problemi di compatibilit\u00e0 che\u00a0 producano come risultato un schermo nero. In questo caso viene attribuita massima importanza soprattutto all\u2019efficienza e alle prestazioni dei\u00a0 commutatori di segnale utilizzati perch\u00e9 grazie ai loro chip AV costituiscono in questi ambienti operativi il motore dell\u2019intera trasmissione del segnale. Lo switch HDMI 2.0 a 5 porte commuta i segnali AV di 5 dispositivi HDMI con risoluzioni fino a 4096&#215;2160 60Hz 4:4:4 con 8Bit su un moderno display HDMI 4K di ultima generazione. E per non dovere escludere anche contenuti protetti \u00e8 compresa la completa\u00a0 compatibilit\u00e0 con la tecnologia HDCP 2.2\/1.4: il fattore ideale per un moderno Home Theatre 4K.<\/p><a href=\"https:\/\/www.lindy.it\/?websale8=ld0101.ld040104&amp;ci=194\" class=\"button button--dark\" target=\"_blank\">ACQUISTA ONLINE<\/a><\/div><\/div><\/section>\n\n\n\n<section class=\"wp-block-lindy-key-info section section--key-info theme--light section--animation-none\"><div class=\"contained\"><div class=\"grid-2_sm-1-center\"><div class=\"col left_item\"><div class=\"box\"><h3 class=\"section__heading\">CINQUE SORGENTI<\/h3><div class=\"section__content\"><p class=\"section__content\">BluRay Player, console per videogiochi, server per\u00a0 streaming, ricevitori satellitari e moderni dispositivi di riproduzione \u201csi concentrano\u201d attualmente nelle poche porte d\u2019ingresso HDMI disponibili sui monitor 4K domestici. La \u201ccoabitazione\u201d diventa pi\u00f9 semplice grazie al valido\u00a0 supporto dello switch HDMI 2.0, commutabile tramite\u00a0 telecomando direttamente dal divano di casa.<\/p><\/div><\/div><\/div><div class=\"col right_item\"><div class=\"box\"><h3 class=\"section__heading\">UNO SCHERMO<\/h3><div class=\"section__content\"><p class=\"section__content\">E se il telecomando non fosse a portata di mano, lo switch pu\u00f2 essere attivato direttamente anche con il tasto\u00a0 presente sul dispositivo oppure via RS232 tramite codice\u00a0 esadecimale, ideale per la commutazione automatizzata tra dispositivi di riproduzione, come accade nell\u2019ambito di presentazioni professionali. In combinazione con gli extender su fibra compatibili 4K \u00e8 possibile anche\u00a0 integrarli in installazioni di grandi dimensioni.\u00a0 <\/p><\/div><\/div><\/div><\/div><\/div><\/section>\n\n\n\n<section class=\"wp-block-lindy-contained-image section section--contained-image contained-image theme--light align--left font--size-medium\"><div class=\"contained\"><img decoding=\"async\" src=\"https:\/\/lindy.com\/en\/wp-content\/uploads\/sites\/2\/2018\/10\/38244_1.jpg\"\/><div class=\"contained-image__content\"><\/div><\/div><\/section>\n","protected":false},"excerpt":{"rendered":"","protected":false},"author":11,"featured_media":0,"parent":0,"menu_order":0,"comment_status":"closed","ping_status":"closed","template":"page-templates\/template-landing.php","meta":{"_acf_changed":false,"footnotes":""},"class_list":["post-53","page","type-page","status-publish","hentry"],"acf":[],"yoast_head":"<!-- This site is optimized with the Yoast SEO plugin v26.6 - https:\/\/yoast.com\/wordpress\/plugins\/seo\/ -->\n<title>Soluzioni Domestiche - Lindy - Italian<\/title>\n<meta name=\"robots\" content=\"index, follow, max-snippet:-1, max-image-preview:large, max-video-preview:-1\" \/>\n<link rel=\"canonical\" href=\"https:\/\/lindy.com\/it\/domestiche\/\" \/>\n<meta property=\"og:locale\" content=\"it_IT\" \/>\n<meta property=\"og:type\" content=\"article\" \/>\n<meta property=\"og:title\" content=\"Soluzioni Domestiche - Lindy - Italian\" \/>\n<meta property=\"og:url\" content=\"https:\/\/lindy.com\/it\/domestiche\/\" \/>\n<meta property=\"og:site_name\" content=\"Lindy - Italian\" \/>\n<meta property=\"article:modified_time\" content=\"2018-12-11T16:44:59+00:00\" \/>\n<meta property=\"og:image\" content=\"https:\/\/lindy.com\/en\/wp-content\/uploads\/sites\/2\/2018\/10\/38244.jpg\" \/>\n<meta name=\"twitter:card\" content=\"summary_large_image\" \/>\n<meta name=\"twitter:label1\" content=\"Tempo di lettura stimato\" \/>\n\t<meta name=\"twitter:data1\" content=\"2 minuti\" \/>\n<script type=\"application\/ld+json\" class=\"yoast-schema-graph\">{\"@context\":\"https:\/\/schema.org\",\"@graph\":[{\"@type\":\"WebPage\",\"@id\":\"https:\/\/lindy.com\/it\/domestiche\/\",\"url\":\"https:\/\/lindy.com\/it\/domestiche\/\",\"name\":\"Soluzioni Domestiche - Lindy - Italian\",\"isPartOf\":{\"@id\":\"https:\/\/lindy.com\/it\/#website\"},\"primaryImageOfPage\":{\"@id\":\"https:\/\/lindy.com\/it\/domestiche\/#primaryimage\"},\"image\":{\"@id\":\"https:\/\/lindy.com\/it\/domestiche\/#primaryimage\"},\"thumbnailUrl\":\"https:\/\/lindy.com\/en\/wp-content\/uploads\/sites\/2\/2018\/10\/38244.jpg\",\"datePublished\":\"2018-11-12T11:35:20+00:00\",\"dateModified\":\"2018-12-11T16:44:59+00:00\",\"breadcrumb\":{\"@id\":\"https:\/\/lindy.com\/it\/domestiche\/#breadcrumb\"},\"inLanguage\":\"it-IT\",\"potentialAction\":[{\"@type\":\"ReadAction\",\"target\":[\"https:\/\/lindy.com\/it\/domestiche\/\"]}]},{\"@type\":\"ImageObject\",\"inLanguage\":\"it-IT\",\"@id\":\"https:\/\/lindy.com\/it\/domestiche\/#primaryimage\",\"url\":\"https:\/\/lindy.com\/en\/wp-content\/uploads\/sites\/2\/2018\/10\/38244.jpg\",\"contentUrl\":\"https:\/\/lindy.com\/en\/wp-content\/uploads\/sites\/2\/2018\/10\/38244.jpg\"},{\"@type\":\"BreadcrumbList\",\"@id\":\"https:\/\/lindy.com\/it\/domestiche\/#breadcrumb\",\"itemListElement\":[{\"@type\":\"ListItem\",\"position\":1,\"name\":\"Home\",\"item\":\"https:\/\/lindy.com\/it\/\"},{\"@type\":\"ListItem\",\"position\":2,\"name\":\"Soluzioni Domestiche\"}]},{\"@type\":\"WebSite\",\"@id\":\"https:\/\/lindy.com\/it\/#website\",\"url\":\"https:\/\/lindy.com\/it\/\",\"name\":\"Lindy - Italian\",\"description\":\"Connection Perfection\",\"potentialAction\":[{\"@type\":\"SearchAction\",\"target\":{\"@type\":\"EntryPoint\",\"urlTemplate\":\"https:\/\/lindy.com\/it\/?s={search_term_string}\"},\"query-input\":{\"@type\":\"PropertyValueSpecification\",\"valueRequired\":true,\"valueName\":\"search_term_string\"}}],\"inLanguage\":\"it-IT\"}]}<\/script>\n<!-- \/ Yoast SEO plugin. -->","yoast_head_json":{"title":"Soluzioni Domestiche - Lindy - Italian","robots":{"index":"index","follow":"follow","max-snippet":"max-snippet:-1","max-image-preview":"max-image-preview:large","max-video-preview":"max-video-preview:-1"},"canonical":"https:\/\/lindy.com\/it\/domestiche\/","og_locale":"it_IT","og_type":"article","og_title":"Soluzioni Domestiche - Lindy - Italian","og_url":"https:\/\/lindy.com\/it\/domestiche\/","og_site_name":"Lindy - Italian","article_modified_time":"2018-12-11T16:44:59+00:00","og_image":[{"url":"https:\/\/lindy.com\/en\/wp-content\/uploads\/sites\/2\/2018\/10\/38244.jpg","type":"","width":"","height":""}],"twitter_card":"summary_large_image","twitter_misc":{"Tempo di lettura stimato":"2 minuti"},"schema":{"@context":"https:\/\/schema.org","@graph":[{"@type":"WebPage","@id":"https:\/\/lindy.com\/it\/domestiche\/","url":"https:\/\/lindy.com\/it\/domestiche\/","name":"Soluzioni Domestiche - Lindy - Italian","isPartOf":{"@id":"https:\/\/lindy.com\/it\/#website"},"primaryImageOfPage":{"@id":"https:\/\/lindy.com\/it\/domestiche\/#primaryimage"},"image":{"@id":"https:\/\/lindy.com\/it\/domestiche\/#primaryimage"},"thumbnailUrl":"https:\/\/lindy.com\/en\/wp-content\/uploads\/sites\/2\/2018\/10\/38244.jpg","datePublished":"2018-11-12T11:35:20+00:00","dateModified":"2018-12-11T16:44:59+00:00","breadcrumb":{"@id":"https:\/\/lindy.com\/it\/domestiche\/#breadcrumb"},"inLanguage":"it-IT","potentialAction":[{"@type":"ReadAction","target":["https:\/\/lindy.com\/it\/domestiche\/"]}]},{"@type":"ImageObject","inLanguage":"it-IT","@id":"https:\/\/lindy.com\/it\/domestiche\/#primaryimage","url":"https:\/\/lindy.com\/en\/wp-content\/uploads\/sites\/2\/2018\/10\/38244.jpg","contentUrl":"https:\/\/lindy.com\/en\/wp-content\/uploads\/sites\/2\/2018\/10\/38244.jpg"},{"@type":"BreadcrumbList","@id":"https:\/\/lindy.com\/it\/domestiche\/#breadcrumb","itemListElement":[{"@type":"ListItem","position":1,"name":"Home","item":"https:\/\/lindy.com\/it\/"},{"@type":"ListItem","position":2,"name":"Soluzioni Domestiche"}]},{"@type":"WebSite","@id":"https:\/\/lindy.com\/it\/#website","url":"https:\/\/lindy.com\/it\/","name":"Lindy - Italian","description":"Connection Perfection","potentialAction":[{"@type":"SearchAction","target":{"@type":"EntryPoint","urlTemplate":"https:\/\/lindy.com\/it\/?s={search_term_string}"},"query-input":{"@type":"PropertyValueSpecification","valueRequired":true,"valueName":"search_term_string"}}],"inLanguage":"it-IT"}]}},"_links":{"self":[{"href":"https:\/\/lindy.com\/it\/wp-json\/wp\/v2\/pages\/53","targetHints":{"allow":["GET"]}}],"collection":[{"href":"https:\/\/lindy.com\/it\/wp-json\/wp\/v2\/pages"}],"about":[{"href":"https:\/\/lindy.com\/it\/wp-json\/wp\/v2\/types\/page"}],"author":[{"embeddable":true,"href":"https:\/\/lindy.com\/it\/wp-json\/wp\/v2\/users\/11"}],"replies":[{"embeddable":true,"href":"https:\/\/lindy.com\/it\/wp-json\/wp\/v2\/comments?post=53"}],"version-history":[{"count":0,"href":"https:\/\/lindy.com\/it\/wp-json\/wp\/v2\/pages\/53\/revisions"}],"wp:attachment":[{"href":"https:\/\/lindy.com\/it\/wp-json\/wp\/v2\/media?parent=53"}],"curies":[{"name":"wp","href":"https:\/\/api.w.org\/{rel}","templated":true}]}}