{"id":54,"date":"2018-11-12T11:39:35","date_gmt":"2018-11-12T11:39:35","guid":{"rendered":"https:\/\/lindy.com\/it\/?page_id=54"},"modified":"2019-05-23T12:25:28","modified_gmt":"2019-05-23T12:25:28","slug":"piccoli-uffici","status":"publish","type":"page","link":"https:\/\/lindy.com\/it\/piccoli-uffici\/","title":{"rendered":"Soluzioni per Piccoli Uffici"},"content":{"rendered":"\n<section class=\"wp-block-lindy-parallax-hero section parallax-hero theme--light align--center  font--size-large\" style=\"background-image:url(https:\/\/lindy.com\/it\/wp-content\/uploads\/sites\/5\/2018\/12\/Amended_SmallOffice_2.jpg)\"><div class=\"contained contained--full-width\"><div class=\"parallax-hero__content\"><div class=\"parallax-hero__content-wrapper align--center\"><h2 class=\"section__heading\"><span><br\/>APPLICAZIONI<br\/><\/span><\/h2><h2 class=\"section__subheading section__subheading__title\">PER PICCOLI<br\/>UFFICI<\/h2><p class=\"section__paragraph\"><br\/><br\/>\u25bc<\/p><\/div><\/div><\/div><\/section>\n\n\n\n<section class=\"wp-block-lindy-parallax-hero section parallax-hero theme--light align--center  font--size-medium\" style=\"background-image:url(https:\/\/lindy.com\/it\/wp-content\/uploads\/sites\/5\/2018\/12\/Amended_SmallOffice_1.jpg)\"><div class=\"contained contained--full-width\"><div class=\"parallax-hero__content\"><div class=\"parallax-hero__content-wrapper align--center\"><h2 class=\"section__heading\"><span><br\/><br\/><br\/><br\/><br\/><\/span><\/h2><h2 class=\"section__subheading section__subheading__title\"><br\/><br\/><br\/><br\/><\/h2><\/div><\/div><\/div><\/section>\n\n\n\n<section class=\"wp-block-lindy-parallax-hero section parallax-hero theme--light align--center font--camber font--size-medium\" style=\"background-image:url(https:\/\/lindy.com\/it\/wp-content\/uploads\/sites\/5\/2018\/12\/Amended_SmallOffice_2.jpg)\"><div class=\"contained contained--full-width\"><div class=\"parallax-hero__content\"><div class=\"parallax-hero__content-wrapper align--center\"><h2 class=\"section__heading\"><span>INNOVAZIONE<\/span><\/h2><h2 class=\"section__subheading section__subheading__title\">A LIVELLO PROFESSIONALE<\/h2><p class=\"section__paragraph\"><br\/>I piccoli spazi adibiti ad ufficio sono spesso il fulcro dell\u2019innovazione AV. Il valore attribuito agli spazi e la necessit\u00e0 di adattarsi costantemente ai bisogni aziendali in continua crescita ed evoluzione impongono alle piccole unit\u00e0 adibite ad ufficio di dotarsi della tecnologia pi\u00f9 avanzata scalabile, affidabile e performante.<br\/><\/p><\/div><\/div><\/div><\/section>\n\n\n\n<section class=\"wp-block-lindy-heading-text section section--heading-text theme--light align--center  font--size-large section--animation-none\"><div class=\"contained\"><h2 class=\"section__heading\"><span><br\/>ACCESSO RAPIDO<\/span><\/h2><h2 class=\"section__subheading section__subheading__title\">SWITCH KVM PRO<br\/>DVI &amp; USB &amp; AUDIO<\/h2><\/div><\/section>\n\n\n\n<section class=\"wp-block-lindy-image-text-module section section--full-width-image full-width-image--with-text theme--light section--animation-none align--left  font--size-small width--half\" style=\"background-image:url(https:\/\/lindy.com\/en\/wp-content\/uploads\/sites\/2\/2018\/10\/29217_AP.jpg)\"><img decoding=\"async\" class=\"full-width-image__image\" src=\"https:\/\/lindy.com\/en\/wp-content\/uploads\/sites\/2\/2018\/10\/29217_AP.jpg\"\/><div class=\"contained\"><div class=\"full-width-image__content\"><\/div><\/div><\/section>\n\n\n\n<section class=\"wp-block-lindy-image-text-module section section--full-width-image full-width-image--with-text theme--light section--animation-right align--left font--camber font--size-small width--half\" style=\"background-image:url()\"><img decoding=\"async\" class=\"full-width-image__image\" src=\"\"\/><div class=\"contained\"><div class=\"full-width-image__content\"><p class=\"section__paragraph\">Chi lavora in ambienti AV con pi\u00f9 computer desktop o server per servizi web, di streaming, storage, terminal o mail ha bisogno di accedere rapidamente e senza restrizioni a tutti questi dispositivi tramite console live per poter reagire prontamente in caso di situazioni critiche ed intervenire per correggerle. A facilitare queste operazioni mediante un\u2019unica console (tastiera, mouse, display) ci pensa lo switch KVM Pro DVI, commutabile con combinazioni di tasti specifici (hotkey) in modo tale che l\u2019amministratore si possa collegare rapidamente al sistema desiderato. Qualora l\u2019operazione di commutazione debba avvenire ancora pi\u00f9 velocemente, \u00e8 possibile utilizzare direttamente i pulsanti sul lato anteriore del dispositivo. Vengono gestiti\u00a0 sia il segnale DVI-I (incluso quello VGA) fino a 1920&#215;1200@60 Hz con tastiera e mouse USB, sia il segnale audio\u00a0 analogico in ingresso e in uscita. Questo dispositivo \u00e8 la soluzione ideale anche per gli ambienti multimediali. \u00c8 infine possibile collegare e condividere fra i PC anche altre periferiche USB tramite un Hub USB 2.0 integrato nello switch.<\/p><a href=\"https:\/\/www.lindy.it\/?websale8=ld0101.ld040104&amp;pi=39317\n\" class=\"button button--dark\" target=\"_blank\" rel=\"noopener noreferrer\">ACQUISTA ONLINE<\/a><\/div><\/div><\/section>\n\n\n\n<section class=\"wp-block-lindy-key-info section section--key-info theme--light section--animation-none\"><div class=\"contained\"><div class=\"grid-2_sm-1-center\"><div class=\"col left_item\"><div class=\"box\"><h3 class=\"section__heading\">Alte prestazioni<\/h3><div class=\"section__content\"><p class=\"section__content\">Soprattutto nel settore AV e multimediale,\u00a0 oggi si compiono veri miracoli di performance\u00a0 con il minimo sforzo. A questo proposito sono\u00a0 di aiuto piccoli rack 19\u2019\u2019 che possono essere\u00a0 muniti di streaming server e computer ad alta\u00a0 prestazione per montaggio video, elaborazione\u00a0 immagini e audio.<\/p><\/div><\/div><\/div><div class=\"col right_item\"><div class=\"box\"><h3 class=\"section__heading\">Controllo semplice<\/h3><div class=\"section__content\"><p class=\"section__content\">In ambienti di questo tipo \u00e8 essenziale l\u2019accesso rapido a tutti i sistemi\u00a0 coinvolti, idealmente mediante semplici hotkey\u00a0 richiamabili da tastiera, per poter garantire\u00a0 sempre il pieno controllo su tutti i sistemi.<\/p><\/div><\/div><\/div><\/div><\/div><\/section>\n\n\n\n<section class=\"wp-block-lindy-zoom-image section section--zoom-image zoom-image align--center theme--light\"><div class=\"contained\"><div class=\"zoom-image-wrapper\"><img decoding=\"async\" class=\"zoomable\" src=\"https:\/\/lindy.com\/it\/wp-content\/uploads\/sites\/5\/2019\/05\/39317-1170x1087.jpg\" data-zoom-img=\"https:\/\/lindy.com\/it\/wp-content\/uploads\/sites\/5\/2019\/05\/39317.jpg\"\/><\/div><span class=\"zoom-image__description\">Click to zoom<\/span><\/div><\/section>\n","protected":false},"excerpt":{"rendered":"","protected":false},"author":11,"featured_media":0,"parent":0,"menu_order":0,"comment_status":"closed","ping_status":"closed","template":"page-templates\/template-landing.php","meta":{"_acf_changed":false,"footnotes":""},"class_list":["post-54","page","type-page","status-publish","hentry"],"acf":[],"yoast_head":"<!-- This site is optimized with the Yoast SEO plugin v26.6 - https:\/\/yoast.com\/wordpress\/plugins\/seo\/ -->\n<title>Soluzioni per Piccoli Uffici - Lindy - Italian<\/title>\n<meta name=\"robots\" content=\"index, follow, max-snippet:-1, max-image-preview:large, max-video-preview:-1\" \/>\n<link rel=\"canonical\" href=\"https:\/\/lindy.com\/it\/piccoli-uffici\/\" \/>\n<meta property=\"og:locale\" content=\"it_IT\" \/>\n<meta property=\"og:type\" content=\"article\" \/>\n<meta property=\"og:title\" content=\"Soluzioni per Piccoli Uffici - Lindy - Italian\" \/>\n<meta property=\"og:url\" content=\"https:\/\/lindy.com\/it\/piccoli-uffici\/\" \/>\n<meta property=\"og:site_name\" content=\"Lindy - Italian\" \/>\n<meta property=\"article:modified_time\" content=\"2019-05-23T12:25:28+00:00\" \/>\n<meta property=\"og:image\" content=\"https:\/\/lindy.com\/en\/wp-content\/uploads\/sites\/2\/2018\/10\/29217_AP.jpg\" \/>\n<meta name=\"twitter:card\" content=\"summary_large_image\" \/>\n<meta name=\"twitter:label1\" content=\"Tempo di lettura stimato\" \/>\n\t<meta name=\"twitter:data1\" content=\"2 minuti\" \/>\n<script type=\"application\/ld+json\" class=\"yoast-schema-graph\">{\"@context\":\"https:\/\/schema.org\",\"@graph\":[{\"@type\":\"WebPage\",\"@id\":\"https:\/\/lindy.com\/it\/piccoli-uffici\/\",\"url\":\"https:\/\/lindy.com\/it\/piccoli-uffici\/\",\"name\":\"Soluzioni per Piccoli Uffici - Lindy - Italian\",\"isPartOf\":{\"@id\":\"https:\/\/lindy.com\/it\/#website\"},\"primaryImageOfPage\":{\"@id\":\"https:\/\/lindy.com\/it\/piccoli-uffici\/#primaryimage\"},\"image\":{\"@id\":\"https:\/\/lindy.com\/it\/piccoli-uffici\/#primaryimage\"},\"thumbnailUrl\":\"https:\/\/lindy.com\/en\/wp-content\/uploads\/sites\/2\/2018\/10\/29217_AP.jpg\",\"datePublished\":\"2018-11-12T11:39:35+00:00\",\"dateModified\":\"2019-05-23T12:25:28+00:00\",\"breadcrumb\":{\"@id\":\"https:\/\/lindy.com\/it\/piccoli-uffici\/#breadcrumb\"},\"inLanguage\":\"it-IT\",\"potentialAction\":[{\"@type\":\"ReadAction\",\"target\":[\"https:\/\/lindy.com\/it\/piccoli-uffici\/\"]}]},{\"@type\":\"ImageObject\",\"inLanguage\":\"it-IT\",\"@id\":\"https:\/\/lindy.com\/it\/piccoli-uffici\/#primaryimage\",\"url\":\"https:\/\/lindy.com\/en\/wp-content\/uploads\/sites\/2\/2018\/10\/29217_AP.jpg\",\"contentUrl\":\"https:\/\/lindy.com\/en\/wp-content\/uploads\/sites\/2\/2018\/10\/29217_AP.jpg\"},{\"@type\":\"BreadcrumbList\",\"@id\":\"https:\/\/lindy.com\/it\/piccoli-uffici\/#breadcrumb\",\"itemListElement\":[{\"@type\":\"ListItem\",\"position\":1,\"name\":\"Home\",\"item\":\"https:\/\/lindy.com\/it\/\"},{\"@type\":\"ListItem\",\"position\":2,\"name\":\"Soluzioni per Piccoli Uffici\"}]},{\"@type\":\"WebSite\",\"@id\":\"https:\/\/lindy.com\/it\/#website\",\"url\":\"https:\/\/lindy.com\/it\/\",\"name\":\"Lindy - Italian\",\"description\":\"Connection Perfection\",\"potentialAction\":[{\"@type\":\"SearchAction\",\"target\":{\"@type\":\"EntryPoint\",\"urlTemplate\":\"https:\/\/lindy.com\/it\/?s={search_term_string}\"},\"query-input\":{\"@type\":\"PropertyValueSpecification\",\"valueRequired\":true,\"valueName\":\"search_term_string\"}}],\"inLanguage\":\"it-IT\"}]}<\/script>\n<!-- \/ Yoast SEO plugin. -->","yoast_head_json":{"title":"Soluzioni per Piccoli Uffici - Lindy - Italian","robots":{"index":"index","follow":"follow","max-snippet":"max-snippet:-1","max-image-preview":"max-image-preview:large","max-video-preview":"max-video-preview:-1"},"canonical":"https:\/\/lindy.com\/it\/piccoli-uffici\/","og_locale":"it_IT","og_type":"article","og_title":"Soluzioni per Piccoli Uffici - Lindy - Italian","og_url":"https:\/\/lindy.com\/it\/piccoli-uffici\/","og_site_name":"Lindy - Italian","article_modified_time":"2019-05-23T12:25:28+00:00","og_image":[{"url":"https:\/\/lindy.com\/en\/wp-content\/uploads\/sites\/2\/2018\/10\/29217_AP.jpg","type":"","width":"","height":""}],"twitter_card":"summary_large_image","twitter_misc":{"Tempo di lettura stimato":"2 minuti"},"schema":{"@context":"https:\/\/schema.org","@graph":[{"@type":"WebPage","@id":"https:\/\/lindy.com\/it\/piccoli-uffici\/","url":"https:\/\/lindy.com\/it\/piccoli-uffici\/","name":"Soluzioni per Piccoli Uffici - Lindy - Italian","isPartOf":{"@id":"https:\/\/lindy.com\/it\/#website"},"primaryImageOfPage":{"@id":"https:\/\/lindy.com\/it\/piccoli-uffici\/#primaryimage"},"image":{"@id":"https:\/\/lindy.com\/it\/piccoli-uffici\/#primaryimage"},"thumbnailUrl":"https:\/\/lindy.com\/en\/wp-content\/uploads\/sites\/2\/2018\/10\/29217_AP.jpg","datePublished":"2018-11-12T11:39:35+00:00","dateModified":"2019-05-23T12:25:28+00:00","breadcrumb":{"@id":"https:\/\/lindy.com\/it\/piccoli-uffici\/#breadcrumb"},"inLanguage":"it-IT","potentialAction":[{"@type":"ReadAction","target":["https:\/\/lindy.com\/it\/piccoli-uffici\/"]}]},{"@type":"ImageObject","inLanguage":"it-IT","@id":"https:\/\/lindy.com\/it\/piccoli-uffici\/#primaryimage","url":"https:\/\/lindy.com\/en\/wp-content\/uploads\/sites\/2\/2018\/10\/29217_AP.jpg","contentUrl":"https:\/\/lindy.com\/en\/wp-content\/uploads\/sites\/2\/2018\/10\/29217_AP.jpg"},{"@type":"BreadcrumbList","@id":"https:\/\/lindy.com\/it\/piccoli-uffici\/#breadcrumb","itemListElement":[{"@type":"ListItem","position":1,"name":"Home","item":"https:\/\/lindy.com\/it\/"},{"@type":"ListItem","position":2,"name":"Soluzioni per Piccoli Uffici"}]},{"@type":"WebSite","@id":"https:\/\/lindy.com\/it\/#website","url":"https:\/\/lindy.com\/it\/","name":"Lindy - Italian","description":"Connection Perfection","potentialAction":[{"@type":"SearchAction","target":{"@type":"EntryPoint","urlTemplate":"https:\/\/lindy.com\/it\/?s={search_term_string}"},"query-input":{"@type":"PropertyValueSpecification","valueRequired":true,"valueName":"search_term_string"}}],"inLanguage":"it-IT"}]}},"_links":{"self":[{"href":"https:\/\/lindy.com\/it\/wp-json\/wp\/v2\/pages\/54","targetHints":{"allow":["GET"]}}],"collection":[{"href":"https:\/\/lindy.com\/it\/wp-json\/wp\/v2\/pages"}],"about":[{"href":"https:\/\/lindy.com\/it\/wp-json\/wp\/v2\/types\/page"}],"author":[{"embeddable":true,"href":"https:\/\/lindy.com\/it\/wp-json\/wp\/v2\/users\/11"}],"replies":[{"embeddable":true,"href":"https:\/\/lindy.com\/it\/wp-json\/wp\/v2\/comments?post=54"}],"version-history":[{"count":0,"href":"https:\/\/lindy.com\/it\/wp-json\/wp\/v2\/pages\/54\/revisions"}],"wp:attachment":[{"href":"https:\/\/lindy.com\/it\/wp-json\/wp\/v2\/media?parent=54"}],"curies":[{"name":"wp","href":"https:\/\/api.w.org\/{rel}","templated":true}]}}